{"id":16841,"date":"2025-01-21T05:58:26","date_gmt":"2025-01-21T05:58:26","guid":{"rendered":"https:\/\/www.hydraulic-cylinders.net\/product\/arm-cylinder-for-aotai-at80e-9\/"},"modified":"2025-01-21T05:58:30","modified_gmt":"2025-01-21T05:58:30","slug":"arm-cylinder-for-aotai-at80e-9","status":"publish","type":"product","link":"https:\/\/www.hydraulic-cylinders.net\/lt\/produktas\/arm-cylinder-for-aotai-at80e-9\/","title":{"rendered":"Aotai AT80E-9 rankos cilindras"},"content":{"rendered":"<h1>Aotai AT80E-9 rankos cilindras<\/h1>\n<h2>Apibr\u0117\u017eimas ir paai\u0161kinimas<\/h2>\n<p>Svirties cilindras yra specialiai suprojektuotas hidraulinis cilindras, u\u017etikrinantis tiesin\u012f jud\u0117jim\u0105 ir gali\u0105 \u012fvairi\u0173 ma\u0161in\u0173, toki\u0173 kaip ekskavatoriai, kranai ir robotin\u0117s svirtys, svirtims. Jis atlieka labai svarb\u0173 vaidmen\u012f hidraulin\u0117se sistemose, nes leid\u017eia efektyviai jud\u0117ti ir valdyti papildomus \u012frankius ar priedus. \u0160ie cilindrai ne tik u\u017etikrina skland\u0173 jud\u0117jim\u0105, bet ir atlaiko dideles apkrovas, u\u017etikrindami efektyv\u0173 ma\u0161in\u0173 veikim\u0105 ir patikimum\u0105 \u012fvairiomis darbo s\u0105lygomis.<\/p>\n<p><img decoding=\"async\" src=\"https:\/\/www.hydraulic-cylinders.net\/wp-content\/uploads\/2025\/01\/songte-company-2.webp\"><\/p>\n<h2>Savyb\u0117s<\/h2>\n<ul>\n<li><strong>Didelio efektyvumo transmisija:<\/strong> Svirties cilindras u\u017etikrina galing\u0105 tiesin\u012f judes\u012f ir j\u0117g\u0105, u\u017etikrindamas auk\u0161t\u0105 mechanin\u0117s svirties na\u0161um\u0105 atliekant \u012fvairias operacijas.<\/li>\n<li><strong>Tikslus valdymas:<\/strong> Hidraulin\u0117s sistemos d\u0117ka svirties cilindras leid\u017eia tiksliai valdyti judes\u012f, tod\u0117l pritvirtint\u0173 \u012franki\u0173 valdymas tampa lankstesnis ir tikslesnis.<\/li>\n<li><strong>Patvarumas:<\/strong> Svirtiniai cilindrai paprastai gaminami i\u0161 didelio stiprumo med\u017eiag\u0173, pasi\u017eymin\u010di\u0173 puikiu atsparumu dilimui ir korozijai, tod\u0117l tinkami ilgalaikiam naudojimui at\u0161iauriomis s\u0105lygomis.<\/li>\n<li><strong>Daugiafunkcinis prisitaikymas:<\/strong> \u0160ie cilindrai gali b\u016bti pla\u010diai naudojami \u012fvairiose ma\u0161inose, tokiose kaip ekskavatoriai, kranai ir robotin\u0117s rankos, pritaikant juos skirtingiems darbo reikalavimams.<\/li>\n<li><strong>Lengva prie\u017ei\u016bra:<\/strong> Svirties cilindro konstrukcija skirta paprastam techniniam aptarnavimui ir keitimui, tod\u0117l reguliari ap\u017ei\u016bra ir technin\u0117 prie\u017ei\u016bra yra patogesn\u0117, o \u012frangos prastovos laikas sutrump\u0117ja.<\/li>\n<\/ul>\n<p><img decoding=\"async\" src=\"https:\/\/www.hydraulic-cylinders.net\/wp-content\/uploads\/2025\/01\/songte-oil-pipes-and-spare-parts.webp\"><\/p>\n<h2>Parai\u0161kos<\/h2>\n<p><em>1. Statybos in\u017einerija:<\/em> Ekskavatoriuose ir kranuose svirties cilindras valdo kau\u0161\u0173 arba str\u0117li\u0173 jud\u0117jim\u0105 atliekant \u017eem\u0117s darbus, med\u017eiag\u0173 tvarkym\u0105 ir konstrukcij\u0173 montavim\u0105.<\/p>\n<p><em>2. Gamybos pramon\u0117:<\/em> Automatizuotose gamybos linijose rankos cilindras naudojamas robotini\u0173 rank\u0173 judinimui, atliekant surinkimo, suvirinimo ir med\u017eiag\u0173 tvarkymo procesus, siekiant pagerinti efektyvum\u0105 ir tikslum\u0105.<\/p>\n<p><em>3. \u017dem\u0117s \u016bkio technika:<\/em> \u017dem\u0117s \u016bkio \u012frangoje, tokioje kaip derliaus nu\u0117mimo ma\u0161inos ir s\u0117jamosios, svirties cilindras valdo valdymo svir\u010di\u0173 jud\u0117jim\u0105 atliekant tokias u\u017eduotis kaip s\u0117ja, tr\u0119\u0161imas ir derliaus nu\u0117mimas.<\/p>\n<p><em>4. Kasyba:<\/em> Kasybos \u012frangoje svirties cilindras naudojamas kasybos ma\u0161in\u0173 svirties jud\u0117jimui valdyti, palengvinant r\u016bdos gavyb\u0105 ir transportavim\u0105.<\/p>\n<p><em>5. Logistika ir transportas:<\/em> \u0160akiniuose krautuvuose ir krovini\u0173 krovimo robotuose svirties cilindras valdo \u0161aki\u0173 k\u0117lim\u0105 ir jud\u0117jim\u0105, taip \u012fgalindamas med\u017eiag\u0173 tvarkym\u0105 ir krovim\u0105.<\/p>\n<h2>Projektavimo aspektai ir atrankos kriterijai<\/h2>\n<ul>\n<li><strong>Apkrovos paj\u0117gumas:<\/strong> Aptarimas apie svirties cilindro geb\u0117jim\u0105 atlaikyti skirtingas apkrovas.<\/li>\n<li><strong>Sandarinimas:<\/strong> \u012evairi\u0173 sandarinimo komponent\u0173, toki\u0173 kaip st\u016bmokli\u0173 ir kot\u0173 sandarikliai, pagamint\u0173 i\u0161 atspari\u0173 dilimui med\u017eiag\u0173, toki\u0173 kaip poliuretanas ir nitrilo kau\u010diukas, paai\u0161kinimas.<\/li>\n<li><strong>Patvarumas:<\/strong> Cilindro korpuso ir sriegini\u0173 gal\u0173 pavir\u0161iaus apdorojimo, skirto padidinti atsparum\u0105 dilimui, apra\u0161ymas.<\/li>\n<li><strong>Saugumas:<\/strong> Aptariami saugos aspektai projektuojant, pabr\u0117\u017eiant saugos priemoni\u0173 svarb\u0105 naudojant svirtin\u012f cilindr\u0105.<\/li>\n<li><strong>Prie\u017ei\u016bra:<\/strong> Reguliaraus tepimo reikalavim\u0173 ir svirties cilindro prie\u017ei\u016bros paprastumo paai\u0161kinimas.<\/li>\n<\/ul>\n<p><img decoding=\"async\" src=\"https:\/\/www.hydraulic-cylinders.net\/wp-content\/uploads\/2025\/01\/songte-cylinder-head-with-all-kinds-excavator-models.webp\"><\/p>\n<h2>Gedim\u0173 ir da\u017eniausiai pasitaikan\u010di\u0173 problem\u0173 diagnostika<\/h2>\n<p>Problemos, kurios gali kilti d\u0117l svirties cilindro, kartu su trik\u010di\u0173 \u0161alinimo patarimais ir sprendimais, padedan\u010diais skaitytojams efektyviai diagnozuoti ir i\u0161spr\u0119sti problemas. Be to, si\u016blomos prevencin\u0117s priemon\u0117s, siekiant suma\u017einti galimas problemas.<\/p>\n<p><img decoding=\"async\" src=\"https:\/\/www.hydraulic-cylinders.net\/wp-content\/uploads\/2025\/01\/songte-chushion-collar.webp\"><\/p>\n<h2>Produkto diegimo vadovas<\/h2>\n<p>I\u0161samus vadovas, kaip teisingai sumontuoti svirties cilindr\u0105, u\u017etikrinant tinkam\u0105 veikim\u0105 ir saug\u0105.<\/p>\n<p><img decoding=\"async\" src=\"https:\/\/www.hydraulic-cylinders.net\/wp-content\/uploads\/2025\/01\/songte-bushings-with-all-kinds-of-excavator-models.webp\"><\/p>\n<h2>Saugos aspektai ir aplinkos veiksniai<\/h2>\n<p>Saugos priemoni\u0173 tyrimas ir aplinkos veiksni\u0173 \u012fvertinimo svarba naudojant svirtin\u012f cilindr\u0105.<\/p>\n<h2>Apie mus<\/h2>\n<p>Esame profesionalus pakaitini\u0173 hidraulini\u0173 cilindr\u0173 gamintojas, si\u016blantis plat\u0173 gamini\u0173 asortiment\u0105. Tapome vienu i\u0161 pirmaujan\u010di\u0173 hidraulini\u0173 cilindr\u0173 gamintoj\u0173 ir didmenini\u0173 platintoj\u0173 vidaus ir tarptautin\u0117se rinkose. M\u016bs\u0173 \u012fsipareigojim\u0105 siekti nepriekai\u0161tingos kokyb\u0117s palaiko pramonin\u0117s gamybos valdymo strategijos m\u016bs\u0173 pa\u017eangiose gamybos dirbtuv\u0117se. Nuolat tobuliname savo technines \u017einias ir gamybos efektyvum\u0105, diegdami auk\u0161\u010diausios klas\u0117s skaitmenin\u0119 gamybos \u012frang\u0105 ir profesionalias bandym\u0173 sistemas. Didel\u012f d\u0117mes\u012f skirdami inovacijoms, siekiame patenkinti \u012fvairius savo klient\u0173 poreikius, vadovaudamiesi efektyvumo, tikslumo ir auk\u0161tos kokyb\u0117s principais.<\/p>\n<p><img decoding=\"async\" src=\"https:\/\/www.hydraulic-cylinders.net\/wp-content\/uploads\/2025\/01\/songte-company-4.webp\"><br \/>\n<img decoding=\"async\" src=\"https:\/\/www.hydraulic-cylinders.net\/wp-content\/uploads\/2025\/01\/songte-company-3.webp\"><\/p>\n<p><em>Autorius: lyl<\/em><\/p>","protected":false},"excerpt":{"rendered":"<p>Arm Cylinder For Aotai AT80E-9 Definition and Explanation An arm cylinder is a specially designed hydraulic cylinder that provides linear motion and power to the arms of various machinery, such as excavators, cranes, and robotic arms. It plays a crucial role in hydraulic systems, allowing for the effective movement and control of additional tools or [&hellip;]<\/p>","protected":false},"featured_media":14774,"comment_status":"open","ping_status":"closed","template":"","meta":{"_et_pb_use_builder":"","_et_pb_old_content":"","_et_gb_content_width":""},"product_brand":[],"product_cat":[1497],"product_tag":[1498,1496],"class_list":{"0":"post-16841","1":"product","2":"type-product","3":"status-publish","4":"has-post-thumbnail","6":"product_cat-arm-cylinders","7":"product_tag-arm-cylinders","8":"product_tag-hydraulic-cylinders","10":"first","11":"instock","12":"shipping-taxable","13":"product-type-simple"},"amp_enabled":true,"_links":{"self":[{"href":"https:\/\/www.hydraulic-cylinders.net\/lt\/wp-json\/wp\/v2\/product\/16841","targetHints":{"allow":["GET"]}}],"collection":[{"href":"https:\/\/www.hydraulic-cylinders.net\/lt\/wp-json\/wp\/v2\/product"}],"about":[{"href":"https:\/\/www.hydraulic-cylinders.net\/lt\/wp-json\/wp\/v2\/types\/product"}],"replies":[{"embeddable":true,"href":"https:\/\/www.hydraulic-cylinders.net\/lt\/wp-json\/wp\/v2\/comments?post=16841"}],"wp:featuredmedia":[{"embeddable":true,"href":"https:\/\/www.hydraulic-cylinders.net\/lt\/wp-json\/wp\/v2\/media\/14774"}],"wp:attachment":[{"href":"https:\/\/www.hydraulic-cylinders.net\/lt\/wp-json\/wp\/v2\/media?parent=16841"}],"wp:term":[{"taxonomy":"product_brand","embeddable":true,"href":"https:\/\/www.hydraulic-cylinders.net\/lt\/wp-json\/wp\/v2\/product_brand?post=16841"},{"taxonomy":"product_cat","embeddable":true,"href":"https:\/\/www.hydraulic-cylinders.net\/lt\/wp-json\/wp\/v2\/product_cat?post=16841"},{"taxonomy":"product_tag","embeddable":true,"href":"https:\/\/www.hydraulic-cylinders.net\/lt\/wp-json\/wp\/v2\/product_tag?post=16841"}],"curies":[{"name":"wp","href":"https:\/\/api.w.org\/{rel}","templated":true}]}}