{"id":16844,"date":"2025-01-21T05:58:40","date_gmt":"2025-01-21T05:58:40","guid":{"rendered":"https:\/\/www.hydraulic-cylinders.net\/product\/arm-cylinder-for-aotai-at90e-9\/"},"modified":"2025-01-21T05:58:42","modified_gmt":"2025-01-21T05:58:42","slug":"arm-cylinder-for-aotai-at90e-9","status":"publish","type":"product","link":"https:\/\/www.hydraulic-cylinders.net\/lt\/produktas\/arm-cylinder-for-aotai-at90e-9\/","title":{"rendered":"Aotai AT90E-9 rankos cilindras"},"content":{"rendered":"<h1>Aotai AT90E-9 rankos cilindras<\/h1>\n<h2>\u012evadas<\/h2>\n<p>\u201eAotai AT90E-9\u201c svirties cilindras yra specialiai sukurtas hidraulinis cilindras, u\u017etikrinantis tiesin\u012f judes\u012f ir gali\u0105 \u012fvairi\u0173 tip\u0173 ma\u0161in\u0173, toki\u0173 kaip ekskavatoriai, kranai ir robotin\u0117s svirtys, svir\u010diai. Svirties cilindras atlieka labai svarb\u0173 vaidmen\u012f hidraulin\u0117se sistemose, nes leid\u017eia efektyviai jud\u0117ti ir valdyti papildomus \u012frankius ar priedus. \u0160ie cilindrai ne tik u\u017etikrina skland\u0173 jud\u0117jim\u0105, bet ir atlaiko dideles apkrovas, u\u017etikrindami efektyv\u0173 ma\u0161inos veikim\u0105 ir patikimum\u0105 \u012fvairiomis darbo s\u0105lygomis.<\/p>\n<p><img decoding=\"async\" src=\"https:\/\/www.hydraulic-cylinders.net\/wp-content\/uploads\/2025\/01\/songte-company-2.webp\" alt=\"Svirties cilindro vaizdas\"><\/p>\n<h2>Savyb\u0117s<\/h2>\n<ul>\n<li><strong>Didelio efektyvumo energijos perdavimas:<\/strong> Svirties cilindras u\u017etikrina galing\u0105 tiesin\u012f judes\u012f ir j\u0117g\u0105, u\u017etikrindamas auk\u0161t\u0105 mechanin\u0117s svirties na\u0161um\u0105 atliekant \u012fvairias operacijas.<\/li>\n<li><strong>Tikslus valdymas:<\/strong> Hidraulin\u0117s sistemos d\u0117ka svirties cilindras leid\u017eia tiksliai valdyti judes\u012f, tod\u0117l pritvirtint\u0173 \u012franki\u0173 valdymas tampa lankstesnis ir tikslesnis.<\/li>\n<li><strong>Patvarumas:<\/strong> Svirtiniai cilindrai paprastai gaminami i\u0161 didelio stiprumo med\u017eiag\u0173, pasi\u017eymin\u010di\u0173 puikiu atsparumu dilimui ir korozijai, tod\u0117l jie tinkami ilgalaikiam naudojimui at\u0161iauriomis s\u0105lygomis.<\/li>\n<li><strong>Daugiafunkcinis prisitaikymas:<\/strong> \u0160ie cilindrai gali b\u016bti pla\u010diai naudojami \u012fvairi\u0173 tip\u0173 ma\u0161inoms, \u012fskaitant ekskavatorius, kranus ir robotines rankas, pritaikant juos prie skirting\u0173 darbo reikalavim\u0173.<\/li>\n<li><strong>Lengva prie\u017ei\u016bra:<\/strong> Sukurti atsi\u017evelgiant \u012f paprast\u0105 prie\u017ei\u016br\u0105 ir keitim\u0105, svirties cilindrai palengvina reguliarias patikras ir technin\u0119 prie\u017ei\u016br\u0105, taip suma\u017einant \u012frangos prastovas.<\/li>\n<\/ul>\n<p><img decoding=\"async\" src=\"https:\/\/www.hydraulic-cylinders.net\/wp-content\/uploads\/2025\/01\/songte-oil-pipes-and-spare-parts.webp\" alt=\"Svirties cilindro atsargin\u0117s dalys\"><\/p>\n<h2>Parai\u0161kos<\/h2>\n<p>Svirtinis cilindras naudojamas \u012fvairiose pramon\u0117s \u0161akose ir srityse:<\/p>\n<ul>\n<li><strong>Statybos in\u017einerija:<\/strong> Ekskavatoriuose ir kranuose svirties cilindras valdo kau\u0161\u0173 arba str\u0117li\u0173 jud\u0117jim\u0105 atliekant \u017eem\u0117s darbus, med\u017eiag\u0173 tvarkym\u0105 ir konstrukcij\u0173 montavim\u0105.<\/li>\n<li><strong>Gamybos pramon\u0117:<\/strong> Automatizuotose gamybos linijose rankos cilindras leid\u017eia judinti robotines rankas surinkimo, suvirinimo ir med\u017eiag\u0173 tvarkymo procesuose, taip padidindamas gamybos efektyvum\u0105 ir tikslum\u0105.<\/li>\n<li><strong>\u017dem\u0117s \u016bkio technika:<\/strong> \u017dem\u0117s \u016bkio \u012frangoje, tokioje kaip derliaus nu\u0117mimo ma\u0161inos ir s\u0117jamosios, svirties cilindras valdo valdymo svirt\u012f tokioms u\u017eduotims kaip sodinimas, tr\u0119\u0161imas ir derliaus nu\u0117mimas.<\/li>\n<li><strong>Kasyba:<\/strong> Kasybos \u012frangoje svirties cilindras valdo svirties jud\u0117jim\u0105 kasybos ir med\u017eiag\u0173 transportavimo tikslais.<\/li>\n<li><strong>Logistika ir transportas:<\/strong> \u0160akiniuose krautuvuose ir krovini\u0173 krovimo robotuose svirties cilindras valdo \u0161aki\u0173 k\u0117lim\u0105 ir jud\u0117jim\u0105, palengvindamas med\u017eiag\u0173 tvarkym\u0105 ir krovim\u0105.<\/li>\n<\/ul>\n<h2>Projektavimo aspektai ir atrankos standartai<\/h2>\n<p>Kalbant apie svirtini\u0173 cilindr\u0173 projektavimo aspektus ir pasirinkimo standartus, svarb\u016bs keli veiksniai:<\/p>\n<ul>\n<li><strong>Apkrovos paj\u0117gumas:<\/strong> Svirties cilindras turi b\u016bti suprojektuotas taip, kad atlaikyt\u0173 konkre\u010dius mechanizm\u0173, kuriuose jis naudojamas, apkrovos reikalavimus.<\/li>\n<li><strong>Sandarinimas:<\/strong> Naudojami \u012fvair\u016bs sandarinimo komponentai, tokie kaip st\u016bmokli\u0173 ir kot\u0173 sandarikliai, i\u0161 dilimui atspari\u0173 med\u017eiag\u0173, toki\u0173 kaip poliuretanas ir nitrilo kau\u010diukas. Cilindro korpusas ir sriegio galo pavir\u0161ius yra kruop\u0161\u010diai apdorojami, siekiant padidinti atsparum\u0105 dilimui.<\/li>\n<li><strong>Patvarumas:<\/strong> Svirties cilindras turi b\u016bti pakankamai patvarus, kad atlaikyt\u0173 eksploatavimo s\u0105lygas, su kuriomis jis susidurs, \u012fskaitant atsparum\u0105 dilimui ir korozijai.<\/li>\n<li><strong>Saugumas:<\/strong> Siekiant u\u017etikrinti saug\u0173 eksploatavim\u0105, \u012f konstrukcij\u0105 tur\u0117t\u0173 b\u016bti \u012ftraukti saugos aspektai, tokie kaip patikimi fiksavimo mechanizmai ir sl\u0117gio ma\u017einimo vo\u017etuvai.<\/li>\n<li><strong>Prie\u017ei\u016bra:<\/strong> Konstrukcija tur\u0117t\u0173 u\u017etikrinti lengv\u0105 komponent\u0173 prie\u017ei\u016br\u0105 ir keitim\u0105, taip suma\u017einant prastovas ir padidinant bendr\u0105 efektyvum\u0105.<\/li>\n<\/ul>\n<p><img decoding=\"async\" src=\"https:\/\/www.hydraulic-cylinders.net\/wp-content\/uploads\/2025\/01\/songte-cylinder-head-with-all-kinds-excavator-models.webp\" alt=\"Svirties cilindro konstrukcija\"><\/p>\n<h2>Sandarinimas ir tepimas<\/h2>\n<p>Svirtiniuose cilindruose naudojami \u012fvair\u016bs sandarinimo komponentai, tokie kaip st\u016bmokli\u0173 ir kot\u0173 sandarikliai, pagaminti i\u0161 atspari\u0173 dilimui med\u017eiag\u0173, toki\u0173 kaip poliuretanas ir nitrilo kau\u010diukas. Cilindro korpusas ir sriegio galo pavir\u0161ius yra kruop\u0161\u010diai apdorojami, siekiant pagerinti atsparum\u0105 dilimui. Norint u\u017etikrinti skland\u0173 veikim\u0105, b\u016btina reguliariai tepti tinkama hidrauline alyva.<\/p>\n<h2>Reguliarus patikrinimas ir prevencin\u0117 prie\u017ei\u016bra<\/h2>\n<p>Reguliarus patikrinimas ir profilaktin\u0117 prie\u017ei\u016bra yra b\u016btini siekiant u\u017etikrinti optimal\u0173 svirties cilindro veikim\u0105 ir ilgaam\u017ei\u0161kum\u0105. Kai kurios rekomenduojamos priemon\u0117s:<\/p>\n<ul>\n<li>Cilindro ap\u017ei\u016bra d\u0117l susid\u0117v\u0117jimo ar pa\u017eeidim\u0173 po\u017eymi\u0173<\/li>\n<li>Hidraulinio skys\u010dio lygio ir kokyb\u0117s patikrinimas<\/li>\n<li>Priver\u017ekite visas atsilaisvinusias jungtis<\/li>\n<li>Susid\u0117v\u0117jusi\u0173 sandarikli\u0173 ar komponent\u0173 keitimas<\/li>\n<li>Atliekant funkcinius bandymus, siekiant patikrinti tinkam\u0105 veikim\u0105<\/li>\n<\/ul>\n<h2>Produkto diegimo vadovas<\/h2>\n<p>Tinkamas svirties cilindro montavimas yra labai svarbus optimaliam jo veikimui. Atlikite \u0161iuos veiksmus:<\/p>\n<ol>\n<li>Paruo\u0161kite tvirtinimo pavir\u0161i\u0173 ir \u012fsitikinkite, kad jis \u0161varus ir be \u0161iuk\u0161li\u0173.<\/li>\n<li>Sulygiuokite cilindr\u0105 su tvirtinimo angomis ir pritvirtinkite j\u012f atitinkamais tvirtinimo elementais.<\/li>\n<li>Prijunkite hidraulines linijas, atkreipdami d\u0117mes\u012f \u012f tinkam\u0105 sandarum\u0105 ir priver\u017eim\u0105.<\/li>\n<li>Prie\u0161 naudodami patikrinkite, ar svirties cilindras tinkamai i\u0161lygiuotas ir juda.<\/li>\n<\/ol>\n<p><img decoding=\"async\" src=\"https:\/\/www.hydraulic-cylinders.net\/wp-content\/uploads\/2025\/01\/songte-bushings-with-all-kinds-of-excavator-models.webp\" alt=\"Svirties cilindro montavimas\"><\/p>\n<h2>Saugos aspektai ir aplinkos veiksniai<\/h2>\n<p>Naudojant cilindr\u0105 su rankena, svarbu teikti pirmenyb\u0119 saugos priemon\u0117ms. Tai apima saugos protokol\u0173 ir gairi\u0173 laikym\u0105si, tinkam\u0173 asmenini\u0173 apsaugos priemoni\u0173 naudojim\u0105 ir reguliar\u0173 cilindro tikrinim\u0105, ar n\u0117ra susid\u0117v\u0117jimo ar pa\u017eeidim\u0173 po\u017eymi\u0173. Be to, atsi\u017evelgiant \u012f aplinkos veiksnius, tokius kaip temperat\u016bra ir dr\u0117gm\u0117, galima u\u017etikrinti optimal\u0173 cilindro veikim\u0105 ir ilgaam\u017ei\u0161kum\u0105.<\/p>\n<h2>Trik\u010di\u0173 \u0161alinimas ir da\u017eniausiai pasitaikan\u010dios problemos<\/h2>\n<p>Da\u017eniausios problemos, kurios gali kilti d\u0117l svirties cilindro, yra nuot\u0117kiai, nepakankama galia ir netaisyklingi judesiai. \u0160tai keletas trik\u010di\u0173 \u0161alinimo patarim\u0173 ir sprendim\u0173:<\/p>\n<ul>\n<li>Jei yra nuot\u0117ki\u0173, patikrinkite, ar n\u0117ra pa\u017eeist\u0173 sandarikli\u0173 arba atsilaisvinusi\u0173 jung\u010di\u0173. Jei reikia, pakeiskite sandariklius ir priver\u017ekite jungtis.<\/li>\n<li>Jei atrodo, kad galios nepakanka, patikrinkite hidraulin\u0119 sistem\u0105, ar n\u0117ra joki\u0173 apribojim\u0173 ar u\u017esikim\u0161im\u0173. I\u0161valykite arba pakeiskite u\u017esikim\u0161usius filtrus ir u\u017etikrinkite tinkam\u0105 skys\u010dio sraut\u0105.<\/li>\n<li>Jei judesiai netolyg\u016bs, patikrinkite, ar cilindras nepa\u017eeistas arba ar n\u0117ra nesuderintas. Patikrinkite tinkam\u0105 tvirtinim\u0105 ir suderinim\u0105 ir pakeiskite visus pa\u017eeistus komponentus.<\/li>\n<\/ul>\n<p><img decoding=\"async\" src=\"https:\/\/www.hydraulic-cylinders.net\/wp-content\/uploads\/2025\/01\/songte-chushion-collar.webp\" alt=\"Svirties cilindro trik\u010di\u0173 \u0161alinimas\"><\/p>\n<p>Laikydamiesi \u0161i\u0173 trik\u010di\u0173 \u0161alinimo veiksm\u0173 ir \u012fgyvendindami prevencines priemones, skaitytojai gali efektyviai diagnozuoti ir i\u0161spr\u0119sti problemas, suma\u017eindami galimas problemas ir prastovas.<\/p>\n<h2>Apie mus<\/h2>\n<p>Esame profesionalus pakaitini\u0173 hidraulini\u0173 cilindr\u0173 gamintojas, si\u016blantis plat\u0173 gamini\u0173 asortiment\u0105. Tapome vienu i\u0161 pirmaujan\u010di\u0173 hidraulini\u0173 cilindr\u0173 gamintoj\u0173 ir didmenini\u0173 platintoj\u0173 tiek vidaus, tiek tarptautin\u0117se rinkose. M\u016bs\u0173 \u012fsipareigojimas siekti meistri\u0161kumo grind\u017eiamas rafinuota gamybos praktika, technologine pa\u017eanga ir nuolatiniu gamybos efektyvumo gerinimu. Naudodami moderniausi\u0105 skaitmenin\u0119 gamybos \u012frang\u0105 ir profesionalias testavimo sistemas, optimizuojame savo gamybos platform\u0105 ir u\u017etikriname grie\u017etus kokyb\u0117s kontrol\u0117s procesus. M\u016bs\u0173 tikslas \u2013 patenkinti \u012fvairius klient\u0173 poreikius, laikantis efektyvumo, tikslumo ir auk\u0161tos kokyb\u0117s princip\u0173.<\/p>\n<p><img decoding=\"async\" src=\"https:\/\/www.hydraulic-cylinders.net\/wp-content\/uploads\/2025\/01\/songte-company-4.webp\" alt=\"\u012emon\u0117s \u012fvaizdis\"><br \/>\n<img decoding=\"async\" src=\"https:\/\/www.hydraulic-cylinders.net\/wp-content\/uploads\/2025\/01\/songte-company-3.webp\" alt=\"\u012emon\u0117s \u012fvaizdis\"><\/p>\n<p>M\u016bs\u0173 \u012fmon\u0117s akcentai:<\/p>\n<ul>\n<li>Profesin\u0117 kompetencija<\/li>\n<li>Tarptautiniai sertifikatai<\/li>\n<li>Pritaikymo paslaugos<\/li>\n<li>Pa\u017eangi gamybos \u012franga<\/li>\n<li>I\u0161samus garantinio aptarnavimo aptarnavimas<\/li>\n<\/ul>\n<p>Autorius: lyl<\/p>","protected":false},"excerpt":{"rendered":"<p>Arm Cylinder For Aotai AT90E-9 Introduction The Arm Cylinder for Aotai AT90E-9 is a specially designed hydraulic cylinder that provides linear motion and power to the arm of various types of machinery such as excavators, cranes, and robotic arms. The arm cylinder plays a crucial role in hydraulic systems, enabling effective movement and control of [&hellip;]<\/p>","protected":false},"featured_media":14766,"comment_status":"open","ping_status":"closed","template":"","meta":{"_et_pb_use_builder":"","_et_pb_old_content":"","_et_gb_content_width":""},"product_brand":[],"product_cat":[1497],"product_tag":[1498,1496],"class_list":{"0":"post-16844","1":"product","2":"type-product","3":"status-publish","4":"has-post-thumbnail","6":"product_cat-arm-cylinders","7":"product_tag-arm-cylinders","8":"product_tag-hydraulic-cylinders","10":"first","11":"instock","12":"shipping-taxable","13":"product-type-simple"},"amp_enabled":true,"_links":{"self":[{"href":"https:\/\/www.hydraulic-cylinders.net\/lt\/wp-json\/wp\/v2\/product\/16844","targetHints":{"allow":["GET"]}}],"collection":[{"href":"https:\/\/www.hydraulic-cylinders.net\/lt\/wp-json\/wp\/v2\/product"}],"about":[{"href":"https:\/\/www.hydraulic-cylinders.net\/lt\/wp-json\/wp\/v2\/types\/product"}],"replies":[{"embeddable":true,"href":"https:\/\/www.hydraulic-cylinders.net\/lt\/wp-json\/wp\/v2\/comments?post=16844"}],"wp:featuredmedia":[{"embeddable":true,"href":"https:\/\/www.hydraulic-cylinders.net\/lt\/wp-json\/wp\/v2\/media\/14766"}],"wp:attachment":[{"href":"https:\/\/www.hydraulic-cylinders.net\/lt\/wp-json\/wp\/v2\/media?parent=16844"}],"wp:term":[{"taxonomy":"product_brand","embeddable":true,"href":"https:\/\/www.hydraulic-cylinders.net\/lt\/wp-json\/wp\/v2\/product_brand?post=16844"},{"taxonomy":"product_cat","embeddable":true,"href":"https:\/\/www.hydraulic-cylinders.net\/lt\/wp-json\/wp\/v2\/product_cat?post=16844"},{"taxonomy":"product_tag","embeddable":true,"href":"https:\/\/www.hydraulic-cylinders.net\/lt\/wp-json\/wp\/v2\/product_tag?post=16844"}],"curies":[{"name":"wp","href":"https:\/\/api.w.org\/{rel}","templated":true}]}}