{"id":16848,"date":"2025-01-21T06:07:46","date_gmt":"2025-01-21T06:07:46","guid":{"rendered":"https:\/\/www.hydraulic-cylinders.net\/product\/arm-cylinder-for-atlas-2006lc\/"},"modified":"2025-01-21T06:07:53","modified_gmt":"2025-01-21T06:07:53","slug":"arm-cylinder-for-atlas-2006lc","status":"publish","type":"product","link":"https:\/\/www.hydraulic-cylinders.net\/lt\/produktas\/arm-cylinder-for-atlas-2006lc\/","title":{"rendered":"Atlas 2006LC rankenos cilindras"},"content":{"rendered":"<h2>Atlas 2006LC rankenos cilindras<\/h2>\n<h3>\u012evadas<\/h3>\n<p>Svirties cilindras yra specialiai suprojektuotas hidraulinis cilindras, naudojamas linijiniam jud\u0117jimui ir galiai u\u017etikrinti \u012fvairi\u0173 tip\u0173 ma\u0161in\u0173, toki\u0173 kaip ekskavatoriai, kranai ir mechanin\u0117s svirtys, svirtims. Svirties cilindras atlieka labai svarb\u0173 vaidmen\u012f hidraulin\u0117se sistemose, nes leid\u017eia efektyviai jud\u0117ti ir valdyti papildomus \u012frankius ar priedus. \u0160ie cilindrai ne tik u\u017etikrina skland\u0173 jud\u0117jim\u0105, bet ir atlaiko dideles apkrovas, u\u017etikrindami efektyv\u0173 ma\u0161in\u0173 veikim\u0105 ir patikimum\u0105 \u012fvairiomis darbo s\u0105lygomis.<\/p>\n<p><img decoding=\"async\" src=\"https:\/\/www.hydraulic-cylinders.net\/wp-content\/uploads\/2025\/01\/songte-company-2.webp\"><\/p>\n<h3>Savyb\u0117s<\/h3>\n<ul>\n<li><strong>Efektyvus energijos perdavimas:<\/strong> Svirties cilindras u\u017etikrina galing\u0105 tiesin\u012f judes\u012f ir j\u0117g\u0105, u\u017etikrindamas auk\u0161t\u0105 mechanin\u0117s svirties na\u0161um\u0105 atliekant \u012fvairias operacijas.<\/li>\n<li><strong>Tikslus valdymas:<\/strong> Hidraulin\u0117s sistemos d\u0117ka rankos cilindras gali tiksliai valdyti judes\u012f, tod\u0117l papildom\u0173 \u012franki\u0173 valdymas tampa lankstesnis ir tikslesnis.<\/li>\n<li><strong>Stiprus patvarumas:<\/strong> Svirtiniai cilindrai paprastai gaminami i\u0161 didelio stiprumo med\u017eiag\u0173, pasi\u017eymin\u010di\u0173 geru atsparumu dilimui ir korozijai, tod\u0117l tinkami ilgalaikiam naudojimui at\u0161iauriomis s\u0105lygomis.<\/li>\n<li><strong>Daugiafunkcinis prisitaikymas:<\/strong> \u0160ie cilindrai gali b\u016bti pla\u010diai naudojami \u012fvairiems mechaniniams \u012frenginiams, pavyzd\u017eiui, ekskavatoriams, kranams ir mechaniniams svirtims, kad b\u016bt\u0173 patenkinti skirtingi darbo poreikiai.<\/li>\n<li><strong>Lengva prie\u017ei\u016bra:<\/strong> Sukurta lengvam techniniam aptarnavimui ir pakeitimui, tod\u0117l reguliari ap\u017ei\u016bra ir technin\u0117 prie\u017ei\u016bra yra patogesni, o \u012frangos prastovos laikas sutrump\u0117ja.<\/li>\n<\/ul>\n<p>Mes galime pagaminti \u0161\u012f produkt\u0105, ir m\u016bs\u0173 produktas gali puikiai pakeisti \u0161iuos hidraulinius cilindrus.<\/p>\n<p><img decoding=\"async\" src=\"https:\/\/www.hydraulic-cylinders.net\/wp-content\/uploads\/2025\/01\/songte-oil-pipes-and-spare-parts.webp\"><\/p>\n<h3>Parai\u0161kos<\/h3>\n<p>Svirtinis cilindras pla\u010diai naudojamas \u012fvairiose pramon\u0117s \u0161akose, \u012fskaitant:<\/p>\n<ul>\n<li><strong>Konstrukcija:<\/strong> Ekskavatoriuose ir kranuose svirties cilindras naudojamas kau\u0161\u0173 arba str\u0117li\u0173 jud\u0117jimui valdyti atliekant \u017eem\u0117s darbus, med\u017eiag\u0173 tvarkym\u0105 ir konstrukcij\u0173 montavim\u0105.<\/li>\n<li><strong>Gamyba:<\/strong> Automatizuotose gamybos linijose svirties cilindras naudojamas mechanin\u0117ms svirtims judinti surinkimo, suvirinimo ir tvarkymo procesuose, taip pagerinant gamybos efektyvum\u0105 ir tikslum\u0105.<\/li>\n<li><strong>\u017dem\u0117s \u016bkio technika:<\/strong> \u017dem\u0117s \u016bkio technikose, tokiose kaip derliaus nu\u0117mimo ma\u0161inos ir sodinamosios, svirties cilindras valdo valdymo svirties judes\u012f atliekant tokias u\u017eduotis kaip s\u0117ja, tr\u0119\u0161imas ir derliaus nu\u0117mimas.<\/li>\n<li><strong>Kasyba:<\/strong> Kasybos \u012frangoje svirties cilindras naudojamas svirties jud\u0117jimui valdyti kasybos ir med\u017eiag\u0173 tvarkymo metu.<\/li>\n<li><strong>Logistika ir transportas:<\/strong> \u0160akiniuose krautuvuose ir tvarkymo robotuose rankos cilindras naudojamas \u0161aki\u0173 jud\u0117jimui valdyti med\u017eiagoms tvarkyti ir krauti.<\/li>\n<\/ul>\n<h3>Projektavimo aspektai ir atrankos kriterijai<\/h3>\n<p>Projektuojant ir renkantis cilindro formos svirt\u012f, reikia atsi\u017evelgti \u012f kelis veiksnius:<\/p>\n<ul>\n<li><strong>Apkrovos paj\u0117gumas:<\/strong> Svirties cilindras turi atlaikyti pritvirtinto \u012frankio arba priedo svor\u012f ir j\u0117g\u0105.<\/li>\n<li><strong>Sandarinimas:<\/strong> Siekiant i\u0161vengti skys\u010dio nuot\u0117kio, reikia naudoti \u012fvairius sandarinimo komponentus, tokius kaip st\u016bmokli\u0173 ir stryp\u0173 sandarikliai.<\/li>\n<li><strong>Patvarumas:<\/strong> Siekiant u\u017etikrinti atsparum\u0105 dilimui ir korozijai, ypa\u010d at\u0161iauriomis s\u0105lygomis, tur\u0117t\u0173 b\u016bti naudojamos didelio stiprumo med\u017eiagos ir pavir\u0161iaus apdorojimas.<\/li>\n<li><strong>Saugumas:<\/strong> Projektuojant reik\u0117t\u0173 atsi\u017evelgti \u012f operatoriaus ir supan\u010dios aplinkos saugum\u0105, pavyzd\u017eiui, vengti staigi\u0173 judesi\u0173 ar sm\u016bgi\u0173.<\/li>\n<li><strong>Prie\u017ei\u016bra:<\/strong> Konstrukcija tur\u0117t\u0173 b\u016bti lengvai i\u0161ardoma ir remontuojama, o optimaliam veikimui u\u017etikrinti reikia reguliariai atlikti technin\u0119 prie\u017ei\u016br\u0105.<\/li>\n<\/ul>\n<p><img decoding=\"async\" src=\"https:\/\/www.hydraulic-cylinders.net\/wp-content\/uploads\/2025\/01\/songte-cylinder-head-with-all-kinds-excavator-models.webp\"><\/p>\n<h3>Sandarinimas ir tepimas<\/h3>\n<p>Svirtiniuose cilindruose naudojami \u012fvair\u016bs sandarikliai, pavyzd\u017eiui, st\u016bmokli\u0173 ir kot\u0173 sandarikliai, kurie pagaminti i\u0161 atspari\u0173 dilimui med\u017eiag\u0173, toki\u0173 kaip poliuretanas ir nitrilo kau\u010diukas. Cilindro korpusas ir sriegio galo pavir\u0161ius yra kruop\u0161\u010diai apdirbti, siekiant pagerinti atsparum\u0105 dilimui. Reguliarus tepimas hidrauline alyva yra b\u016btinas norint suma\u017einti trint\u012f ir dilim\u0105, u\u017etikrinant skland\u0173 cilindro veikim\u0105.<\/p>\n<h3>Prie\u017ei\u016bra ir prevencija<\/h3>\n<p>Norint u\u017etikrinti tinkam\u0105 svirties cilindr\u0173 veikim\u0105, b\u016btina reguliariai tikrinti ir atlikti profilaktin\u0119 prie\u017ei\u016br\u0105. Reik\u0117t\u0173 imtis \u0161i\u0173 priemoni\u0173:<\/p>\n<ul>\n<li><strong>Patikrinkite sandariklius:<\/strong> Reguliariai tikrinkite sandariklius, kad \u012fsitikintum\u0117te, jog n\u0117ra nuot\u0117kio.<\/li>\n<li><strong>Patikrinkite cilindro korpus\u0105:<\/strong> Patikrinkite cilindro korpus\u0105, ar n\u0117ra koki\u0173 nors pa\u017eeidim\u0173 ar susid\u0117v\u0117jimo po\u017eymi\u0173.<\/li>\n<li><strong>Patikrinkite tvirtinim\u0105:<\/strong> Patikrinkite tvirtinimo var\u017etus ir ver\u017eles, kad \u012fsitikintum\u0117te, jog jie tinkamai priver\u017eti.<\/li>\n<li><strong>Steb\u0117kite hidraulin\u0117s alyvos lyg\u012f:<\/strong> Steb\u0117kite hidraulin\u0117s alyvos lyg\u012f ir kokyb\u0119, reguliariai keiskite alyv\u0105.<\/li>\n<\/ul>\n<p>Siekiant suma\u017einti galimas problemas, svarbu imtis prevencini\u0173 priemoni\u0173, pavyzd\u017eiui, vengti perkrov\u0173, staigi\u0173 judesi\u0173 ar sm\u016bgi\u0173 ir u\u017etikrinti tinkam\u0105 montavim\u0105.<\/p>\n<p><img decoding=\"async\" src=\"https:\/\/www.hydraulic-cylinders.net\/wp-content\/uploads\/2025\/01\/songte-chushion-collar.webp\"><\/p>\n<h3>Produkto diegimo vadovas<\/h3>\n<p>Montuojant cilindro formos ranken\u0105, reikia atlikti \u0161iuos veiksmus:<\/p>\n<ol>\n<li>Nuimkite sen\u0105 cilindr\u0105 ir nuvalykite tvirtinimo pavir\u0161i\u0173.<\/li>\n<li>\u012estatykite nauj\u0105 cilindr\u0105 ir priver\u017ekite tvirtinimo var\u017etus bei ver\u017eles iki nurodyto sukimo momento.<\/li>\n<li>Prijunkite hidraulines \u017earnas ir jungiam\u0105sias detales.<\/li>\n<li>U\u017epildykite hidraulin\u0119 sistem\u0105 hidrauline alyva.<\/li>\n<\/ol>\n<p>Prie\u0161 naudodami mechanizm\u0105, patikrinkite, ar cilindras tinkamai veikia ir ar n\u0117ra nuot\u0117ki\u0173.<\/p>\n<p><img decoding=\"async\" src=\"https:\/\/www.hydraulic-cylinders.net\/wp-content\/uploads\/2025\/01\/songte-bushings-with-all-kinds-of-excavator-models.webp\"><\/p>\n<h3>Saugos ir aplinkosaugos aspektai<\/h3>\n<p>Naudojant svirtinius cilindrus, reikia imtis saugos priemoni\u0173, kad b\u016bt\u0173 u\u017etikrintas operatoriaus ir aplinkos saugumas. Operatoriai tur\u0117t\u0173 b\u016bti tinkamai apmokyti, kaip saugiai valdyti ma\u0161inas. Taip pat svarbu laikytis aplinkosaugos taisykli\u0173, susijusi\u0173 su hidraulin\u0117s alyvos ir kit\u0173 atliek\u0173 \u0161alinimu.<\/p>\n<h3>Trik\u010di\u0173 \u0161alinimas ir da\u017eniausios problemos<\/h3>\n<p>Da\u017eniausios problemos, galin\u010dios kilti d\u0117l svirtini\u0173 cilindr\u0173, yra sandariklio nesandarumas, cilindro pa\u017eeidimas ir tvirtinimo problemos. Kilus problemai, reik\u0117t\u0173 atsi\u017evelgti \u012f \u0161iuos patarimus ir sprendimus:<\/p>\n<ul>\n<li><strong>Nesandar\u016bs sandarikliai:<\/strong> Pakeiskite sandariklius ir u\u017etikrinkite tinkam\u0105 montavim\u0105.<\/li>\n<li><strong>Cilindro pa\u017eeidimas:<\/strong> Prireikus suremontuokite arba pakeiskite cilindr\u0105.<\/li>\n<li><strong>Montavimo problemos:<\/strong> Patikrinkite tvirtinimo var\u017etus ir ver\u017eles ir \u012fsitikinkite, kad jie tinkamai priver\u017eti.<\/li>\n<\/ul>\n<p>Siekiant i\u0161vengti galim\u0173 problem\u0173, svarbu imtis prevencini\u0173 priemoni\u0173, pavyzd\u017eiui, vengti perkrov\u0173 ir staigi\u0173 judesi\u0173, taip pat u\u017etikrinti tinkam\u0105 montavim\u0105 ir prie\u017ei\u016br\u0105.<\/p>\n<p><img decoding=\"async\" src=\"https:\/\/www.hydraulic-cylinders.net\/wp-content\/uploads\/2025\/01\/songte-company-4.webp\"><br \/>\n<img decoding=\"async\" src=\"https:\/\/www.hydraulic-cylinders.net\/wp-content\/uploads\/2025\/01\/songte-company-3.webp\"><\/p>\n<h3>Apie mus<\/h3>\n<p>Esame profesionalus pakaitini\u0173 hidraulini\u0173 cilindr\u0173 gamintojas, si\u016blantis plat\u0173 gamini\u0173 asortiment\u0105, ir tapome vienu i\u0161 pirmaujan\u010di\u0173 hidraulini\u0173 cilindr\u0173 gamintoj\u0173 ir didmenini\u0173 platintoj\u0173 vidaus ir tarptautin\u0117se rinkose. Visada laikom\u0117s puikios kokyb\u0117s principo, remiam\u0117s patobulintos gamybos dirbtuv\u0117s pramonin\u0117s gamybos valdymo strategija ir nuolat tobuliname savo technin\u012f lyg\u012f bei gamybos efektyvum\u0105. Diegdami pa\u017eangi\u0105 skaitmenin\u0119 gamybos \u012frang\u0105 ir profesionalias testavimo sistemas, nuolat optimizuojame gamybos platform\u0105, tobuliname gamini\u0173 kokyb\u0117s kontrol\u0117s proces\u0105 ir turime stiprias inovacijas. M\u016bs\u0173 tikslas \u2013 patenkinti \u012fvairius klient\u0173 poreikius, vadovaujantis efektyvumo, tikslumo ir auk\u0161tos kokyb\u0117s principais.<\/p>\n<p>M\u016bs\u0173 \u012fmon\u0117 \u017einoma d\u0117l savo profesionalumo, tarptautini\u0173 sertifikat\u0173, individualiai pritaikyt\u0173 paslaug\u0173, auk\u0161tos kokyb\u0117s gamybos \u012frangos ir puikaus aptarnavimo po pardavimo.<\/p>\n<p>Autorius: lyl.<\/p>","protected":false},"excerpt":{"rendered":"<p>Arm Cylinder For Atlas 2006LC Introduction The arm cylinder is a specially designed hydraulic cylinder used to provide linear motion and power to the arms of various types of machinery, such as excavators, cranes, and mechanical arms. The arm cylinder plays a crucial role in hydraulic systems, allowing additional tools or attachments to move and [&hellip;]<\/p>","protected":false},"featured_media":14786,"comment_status":"open","ping_status":"closed","template":"","meta":{"_et_pb_use_builder":"","_et_pb_old_content":"","_et_gb_content_width":""},"product_brand":[],"product_cat":[1497],"product_tag":[1498,1496],"class_list":{"0":"post-16848","1":"product","2":"type-product","3":"status-publish","4":"has-post-thumbnail","6":"product_cat-arm-cylinders","7":"product_tag-arm-cylinders","8":"product_tag-hydraulic-cylinders","10":"first","11":"instock","12":"shipping-taxable","13":"product-type-simple"},"amp_enabled":true,"_links":{"self":[{"href":"https:\/\/www.hydraulic-cylinders.net\/lt\/wp-json\/wp\/v2\/product\/16848","targetHints":{"allow":["GET"]}}],"collection":[{"href":"https:\/\/www.hydraulic-cylinders.net\/lt\/wp-json\/wp\/v2\/product"}],"about":[{"href":"https:\/\/www.hydraulic-cylinders.net\/lt\/wp-json\/wp\/v2\/types\/product"}],"replies":[{"embeddable":true,"href":"https:\/\/www.hydraulic-cylinders.net\/lt\/wp-json\/wp\/v2\/comments?post=16848"}],"wp:featuredmedia":[{"embeddable":true,"href":"https:\/\/www.hydraulic-cylinders.net\/lt\/wp-json\/wp\/v2\/media\/14786"}],"wp:attachment":[{"href":"https:\/\/www.hydraulic-cylinders.net\/lt\/wp-json\/wp\/v2\/media?parent=16848"}],"wp:term":[{"taxonomy":"product_brand","embeddable":true,"href":"https:\/\/www.hydraulic-cylinders.net\/lt\/wp-json\/wp\/v2\/product_brand?post=16848"},{"taxonomy":"product_cat","embeddable":true,"href":"https:\/\/www.hydraulic-cylinders.net\/lt\/wp-json\/wp\/v2\/product_cat?post=16848"},{"taxonomy":"product_tag","embeddable":true,"href":"https:\/\/www.hydraulic-cylinders.net\/lt\/wp-json\/wp\/v2\/product_tag?post=16848"}],"curies":[{"name":"wp","href":"https:\/\/api.w.org\/{rel}","templated":true}]}}