{"id":16857,"date":"2025-01-21T06:08:26","date_gmt":"2025-01-21T06:08:26","guid":{"rendered":"https:\/\/www.hydraulic-cylinders.net\/product\/arm-cylinder-for-bonny-wzyq42-6\/"},"modified":"2025-01-21T06:08:28","modified_gmt":"2025-01-21T06:08:28","slug":"arm-cylinder-for-bonny-wzyq42-6","status":"publish","type":"product","link":"https:\/\/www.hydraulic-cylinders.net\/lt\/produktas\/arm-cylinder-for-bonny-wzyq42-6\/","title":{"rendered":"Bonny WZYQ42-6 rankenos cilindras"},"content":{"rendered":"<h1>Bonny WZYQ42-6 rankenos cilindras<\/h1>\n<h2>\u012evadas<\/h2>\n<p>Svirties cilindras yra specialiai suprojektuotas hidraulinis cilindras, u\u017etikrinantis tiesin\u012f jud\u0117jim\u0105 ir gali\u0105 \u012fvairi\u0173 tip\u0173 ma\u0161in\u0173, toki\u0173 kaip ekskavatoriai, kranai ir mechanin\u0117s svirtys, svirtims. \u0160ie cilindrai atlieka labai svarb\u0173 vaidmen\u012f hidraulin\u0117se sistemose, nes leid\u017eia efektyviai jud\u0117ti ir valdyti priedus ar priedus. \u0160ie cilindrai ne tik u\u017etikrina skland\u0173 jud\u0117jim\u0105, bet ir atlaiko dideles apkrovas, u\u017etikrindami efektyv\u0173 ma\u0161inos veikim\u0105 ir patikimum\u0105 \u012fvairiomis eksploatavimo s\u0105lygomis.<\/p>\n<p><img decoding=\"async\" src=\"https:\/\/www.hydraulic-cylinders.net\/wp-content\/uploads\/2025\/01\/songte-company-2.webp\" alt=\"svirties cilindras\"><\/p>\n<h2>Produkto savyb\u0117s<\/h2>\n<ul>\n<li>\n<h3>Efektyvus energijos perdavimas<\/h3>\n<p>Svirties cilindras gali u\u017etikrinti stipr\u0173 tiesin\u012f jud\u0117jim\u0105 ir j\u0117g\u0105, u\u017etikrindamas auk\u0161t\u0105 mechanini\u0173 svir\u010di\u0173 na\u0161um\u0105 atliekant \u012fvairias operacijas.<\/p>\n<\/li>\n<li>\n<h3>Tikslus valdymas<\/h3>\n<p>Hidraulin\u0117s sistemos d\u0117ka rankos cilindras gali tiksliai valdyti judes\u012f, tod\u0117l pritvirtint\u0173 \u012franki\u0173 valdymas tampa lankstesnis ir tikslesnis.<\/p>\n<\/li>\n<li>\n<h3>Stiprus patvarumas<\/h3>\n<p>Svirtiniai cilindrai paprastai gaminami i\u0161 didelio stiprumo med\u017eiag\u0173, pasi\u017eymin\u010di\u0173 geru atsparumu dilimui ir korozijai, tod\u0117l tinkami ilgalaikiam naudojimui at\u0161iauriomis s\u0105lygomis.<\/p>\n<\/li>\n<li>\n<h3>Daugiafunkcis prisitaikymas<\/h3>\n<p>\u0160ie cilindrai gali b\u016bti pla\u010diai naudojami \u012fvairiuose mechaniniuose \u012frenginiuose, tokiuose kaip ekskavatoriai, kranai ir mechanin\u0117s svirtys, pritaikant juos skirtingiems darbo reikalavimams.<\/p>\n<\/li>\n<li>\n<h3>Lengva prie\u017ei\u016bra<\/h3>\n<p>Projektuojant atsi\u017evelgiama \u012f lengv\u0105 prie\u017ei\u016br\u0105 ir keitim\u0105, tod\u0117l reguliari ap\u017ei\u016bra ir prie\u017ei\u016bra yra patogesni, o \u012frangos prastovos laikas sutrump\u0117ja.<\/p>\n<\/li>\n<\/ul>\n<p>Mes galime pagaminti \u0161\u012f produkt\u0105 ir jis puikiai gali pakeisti \u0161iuos hidraulinius cilindrus.<\/p>\n<p><img decoding=\"async\" src=\"https:\/\/www.hydraulic-cylinders.net\/wp-content\/uploads\/2025\/01\/songte-oil-pipes-and-spare-parts.webp\" alt=\"naftos vamzd\u017eiai ir atsargin\u0117s dalys\"><\/p>\n<h2>Parai\u0161kos<\/h2>\n<ul>\n<li>\n<h3>Statybos in\u017einerija<\/h3>\n<p>Svirties cilindrai naudojami ekskavatori\u0173 ir kran\u0173 kau\u0161o arba str\u0117l\u0117s jud\u0117jimui valdyti atliekant \u017eem\u0117s darbus, med\u017eiag\u0173 tvarkym\u0105 ir konstrukcij\u0173 montavim\u0105.<\/p>\n<\/li>\n<li>\n<h3>Gamybos pramon\u0117<\/h3>\n<p>Svirtini\u0173 cilindr\u0173 paskirtis \u2013 mechanini\u0173 svirteli\u0173 jud\u0117jimas automatizuotose gamybos linijose, skirtose surinkimui, suvirinimui ir tvarkymui, taip pagerinant gamybos efektyvum\u0105 ir tikslum\u0105.<\/p>\n<\/li>\n<li>\n<h3>\u017dem\u0117s \u016bkio technika<\/h3>\n<p>\u017dem\u0117s \u016bkio technikose, tokiose kaip derliaus nu\u0117mimo ma\u0161inos ir sodinamosios, svir\u010di\u0173 cilindrai valdo valdymo svir\u010di\u0173 jud\u0117jim\u0105, kad b\u016bt\u0173 galima atlikti tokias u\u017eduotis kaip s\u0117ja, tr\u0119\u0161imas ir derliaus nu\u0117mimas.<\/p>\n<\/li>\n<li>\n<h3>Kasyba<\/h3>\n<p>Svirties cilindrai naudojami kasybos \u012frangos, skirtos mineral\u0173 kasybai ir transportavimui, svirties jud\u0117jimui valdyti.<\/p>\n<\/li>\n<li>\n<h3>Logistika ir transportas<\/h3>\n<p>Svirtiniai cilindrai naudojami \u0161aki\u0173 k\u0117limui ir jud\u0117jimui valdyti \u0161akiniuose krautuvuose ir robotuose, u\u017etikrinant med\u017eiag\u0173 tvarkym\u0105 ir krovim\u0105.<\/p>\n<\/li>\n<\/ul>\n<h2>Projektavimo aspektai ir atrankos kriterijai<\/h2>\n<ul>\n<li>\n<h3>Guoli\u0173 talpa<\/h3>\n<p>Svirties cilindras turi b\u016bti suprojektuotas taip, kad atlaikyt\u0173 maksimali\u0105 apkrov\u0105, su kuria jis susidurs, u\u017etikrinant jo saugum\u0105 ir patikimum\u0105 eksploatacijos metu.<\/p>\n<\/li>\n<li>\n<h3>Sandarinimas<\/h3>\n<p>Cilindro sandarumui u\u017etikrinti ir skys\u010dio nutek\u0117jimui i\u0161vengti naudojami \u012fvair\u016bs sandarinimo komponentai, tokie kaip st\u016bmokliniai sandarikliai ir stryp\u0173 sandarikliai.<\/p>\n<\/li>\n<li>\n<h3>Patvarumas<\/h3>\n<p>Svirties cilindras paprastai gaminamas i\u0161 patvari\u0173 med\u017eiag\u0173, toki\u0173 kaip didelio stiprumo plienas ir antikorozin\u0117s dangos, kad b\u016bt\u0173 u\u017etikrintas ilgas tarnavimo laikas at\u0161iauriomis s\u0105lygomis.<\/p>\n<\/li>\n<li>\n<h3>Saugumas<\/h3>\n<p>Svirties cilindro konstrukcija tur\u0117t\u0173 atsi\u017evelgti \u012f saugos veiksnius, tokius kaip perkrovos, vir\u0161sl\u0117gio ir staigaus krovinio kritimo prevencija, siekiant u\u017etikrinti darbuotoj\u0173 ir ma\u0161in\u0173 saug\u0105.<\/p>\n<\/li>\n<li>\n<h3>Prie\u017ei\u016bra<\/h3>\n<p>Svirties cilindras tur\u0117t\u0173 b\u016bti suprojektuotas taip, kad j\u012f b\u016bt\u0173 lengva pri\u017ei\u016br\u0117ti ir pakeisti, pavyzd\u017eiui, naudojant standartines dalis ir pateikiant prie\u017ei\u016bros instrukcijas, siekiant suma\u017einti prie\u017ei\u016bros i\u0161laidas ir prastovas.<\/p>\n<\/li>\n<\/ul>\n<p><img decoding=\"async\" src=\"https:\/\/www.hydraulic-cylinders.net\/wp-content\/uploads\/2025\/01\/songte-cylinder-head-with-all-kinds-excavator-models.webp\" alt=\"cilindro galvut\u0117\"><\/p>\n<h2>Sandarinimas ir tepimas<\/h2>\n<p>Cilindro sandarumui u\u017etikrinti ir skys\u010dio nuot\u0117kiui i\u0161vengti naudojami \u012fvair\u016bs sandarinimo komponentai, tokie kaip st\u016bmoklio ir koto sandarikliai. Sandarikliai pagaminti i\u0161 atspari\u0173 dilimui med\u017eiag\u0173, toki\u0173 kaip poliuretanas ir nitrilo kau\u010diukas, o cilindro korpusas ir srieginis pavir\u0161ius yra kruop\u0161\u010diai apdoroti, siekiant pagerinti j\u0173 atsparum\u0105 dilimui. Tepimui b\u016btina reguliariai \u012fpilti atitinkam\u0105 kiek\u012f hidraulin\u0117s alyvos.<\/p>\n<p><img decoding=\"async\" src=\"https:\/\/www.hydraulic-cylinders.net\/wp-content\/uploads\/2025\/01\/songte-chushion-collar.webp\" alt=\"pagalv\u0117l\u0117s apykakl\u0117\"><\/p>\n<h2>Prie\u017ei\u016bra ir trik\u010di\u0173 \u0161alinimas<\/h2>\n<p>Reguliarus patikrinimas ir profilaktin\u0117 prie\u017ei\u016bra yra labai svarb\u016bs norint pailginti svirties cilindro tarnavimo laik\u0105. \u0160tai keletas da\u017eniausiai pasitaikan\u010di\u0173 trik\u010di\u0173 \u0161alinimo patarim\u0173 ir prevencini\u0173 priemoni\u0173:<\/p>\n<ul>\n<li>\n<h3>Sandariklio nuot\u0117kis<\/h3>\n<p>Tarpiklis gali b\u016bti pa\u017eeistas arba susid\u0117v\u0117j\u0119s. Reguliarus tarpiklio patikrinimas ir keitimas gali pad\u0117ti i\u0161vengti nuot\u0117kio.<\/p>\n<\/li>\n<li>\n<h3>Nenormalus garsas<\/h3>\n<p>St\u016bmoklis, kotas arba guolis gali b\u016bti pa\u017eeisti arba susid\u0117v\u0117j\u0119. Reguliarus susid\u0117v\u0117jusi\u0173 dali\u0173 patikrinimas ir keitimas gali pad\u0117ti i\u0161vengti nenormalaus garso.<\/p>\n<\/li>\n<li>\n<h3>L\u0117tas jud\u0117jimas<\/h3>\n<p>Gali b\u016bti nepakankamas alyvos lygis arba u\u017esikim\u0161\u0119s filtras. Reguliarus alyvos ir filtro patikrinimas bei keitimas gali pad\u0117ti i\u0161vengti l\u0117to jud\u0117jimo.<\/p>\n<\/li>\n<\/ul>\n<h2>\u012erengimas<\/h2>\n<p>Tinkamas svirties cilindro montavimas yra labai svarbus jo saugumui ir veikimui. \u0160tai kelios gair\u0117s:<\/p>\n<ul>\n<li>\u012esitikinkite, kad cilindras tinkamai suderintas su \u012franga.<\/li>\n<li>\u012esitikinkite, kad hidraulin\u0117 sistema yra \u0161vari ir be priemai\u0161\u0173.<\/li>\n<li>\u012esitikinkite, kad cilindras sumontuotas teisingoje pad\u0117tyje, o var\u017etai priver\u017eti iki nurodyto sukimo momento.<\/li>\n<li>\u012esitikinkite, kad visos jungtys yra tvirtos ir hidraulin\u0117s linijos tinkamai prijungtos.<\/li>\n<li>Prie\u0161 naudojim\u0105 atlikite i\u0161sam\u0173 patikrinim\u0105 ir bandym\u0105.<\/li>\n<\/ul>\n<p>Nepamir\u0161kite laikytis autoriaus lyl. taisykl\u0117s straipsnio pabaigoje.<\/p>\n<p><img decoding=\"async\" src=\"https:\/\/www.hydraulic-cylinders.net\/wp-content\/uploads\/2025\/01\/songte-bushings-with-all-kinds-of-excavator-models.webp\" alt=\"\u012fvor\u0117s su vis\u0173 tip\u0173 ekskavatori\u0173 modeliais\"><\/p>\n<h2>Apie mus<\/h2>\n<p>Esame profesionalus hidraulini\u0173 cilindr\u0173 pakaital\u0173 gamintojas, si\u016blantis plat\u0173 gamini\u0173 asortiment\u0105, ir tapome vienu i\u0161 pirmaujan\u010di\u0173 hidraulini\u0173 cilindr\u0173 gamintoj\u0173 ir didmenini\u0173 platintoj\u0173 vidaus ir tarptautin\u0117se rinkose. Visada laikom\u0117s puikios kokyb\u0117s principo, remiam\u0117s efektyvi\u0173 gamybos cech\u0173 industrializuotos gamybos valdymo strategija, nuolat tobuliname savo technologin\u012f lyg\u012f ir gamybos efektyvum\u0105. Diegdami pa\u017eangi\u0105 skaitmenin\u0119 gamybos \u012frang\u0105 ir profesionalias testavimo sistemas, nuolat optimizuojame savo gamybos platform\u0105, tobuliname gamini\u0173 kokyb\u0117s kontrol\u0117s procesus ir turime stiprias inovacij\u0173 galimybes. M\u016bs\u0173 tikslas \u2013 patenkinti \u012fvairius klient\u0173 poreikius, vadovaujantis efektyvumo, tikslumo ir auk\u0161tos kokyb\u0117s principais.<\/p>\n<p>M\u016bs\u0173 \u012fmon\u0117 savo klientams si\u016blo profesional\u0173 tarptautin\u012f sertifikavim\u0105, individualiai pritaikytas paslaugas, pa\u017eangi\u0105 gamybos \u012frang\u0105 ir puik\u0173 aptarnavim\u0105 po pardavimo.<\/p>\n<p><img decoding=\"async\" src=\"https:\/\/www.hydraulic-cylinders.net\/wp-content\/uploads\/2025\/01\/songte-company-4.webp\" alt=\"\u012fmon\u0117\"><\/p>\n<p><img decoding=\"async\" src=\"https:\/\/www.hydraulic-cylinders.net\/wp-content\/uploads\/2025\/01\/songte-company-3.webp\" alt=\"\u012fmon\u0117\"><\/p>","protected":false},"excerpt":{"rendered":"<p>Arm Cylinder For Bonny WZYQ42-6 Introduction An arm cylinder is a specifically designed hydraulic cylinder that provides linear motion and power to arms of various types of machinery such as excavators, cranes, and mechanical arms. These cylinders play a crucial role in hydraulic systems, allowing for effective movement and control of attachments or accessories. These [&hellip;]<\/p>","protected":false},"featured_media":14759,"comment_status":"open","ping_status":"closed","template":"","meta":{"_et_pb_use_builder":"","_et_pb_old_content":"","_et_gb_content_width":""},"product_brand":[],"product_cat":[1497],"product_tag":[1498,1496],"class_list":{"0":"post-16857","1":"product","2":"type-product","3":"status-publish","4":"has-post-thumbnail","6":"product_cat-arm-cylinders","7":"product_tag-arm-cylinders","8":"product_tag-hydraulic-cylinders","10":"first","11":"instock","12":"shipping-taxable","13":"product-type-simple"},"amp_enabled":true,"_links":{"self":[{"href":"https:\/\/www.hydraulic-cylinders.net\/lt\/wp-json\/wp\/v2\/product\/16857","targetHints":{"allow":["GET"]}}],"collection":[{"href":"https:\/\/www.hydraulic-cylinders.net\/lt\/wp-json\/wp\/v2\/product"}],"about":[{"href":"https:\/\/www.hydraulic-cylinders.net\/lt\/wp-json\/wp\/v2\/types\/product"}],"replies":[{"embeddable":true,"href":"https:\/\/www.hydraulic-cylinders.net\/lt\/wp-json\/wp\/v2\/comments?post=16857"}],"wp:featuredmedia":[{"embeddable":true,"href":"https:\/\/www.hydraulic-cylinders.net\/lt\/wp-json\/wp\/v2\/media\/14759"}],"wp:attachment":[{"href":"https:\/\/www.hydraulic-cylinders.net\/lt\/wp-json\/wp\/v2\/media?parent=16857"}],"wp:term":[{"taxonomy":"product_brand","embeddable":true,"href":"https:\/\/www.hydraulic-cylinders.net\/lt\/wp-json\/wp\/v2\/product_brand?post=16857"},{"taxonomy":"product_cat","embeddable":true,"href":"https:\/\/www.hydraulic-cylinders.net\/lt\/wp-json\/wp\/v2\/product_cat?post=16857"},{"taxonomy":"product_tag","embeddable":true,"href":"https:\/\/www.hydraulic-cylinders.net\/lt\/wp-json\/wp\/v2\/product_tag?post=16857"}],"curies":[{"name":"wp","href":"https:\/\/api.w.org\/{rel}","templated":true}]}}