{"id":16859,"date":"2025-01-21T06:08:35","date_gmt":"2025-01-21T06:08:35","guid":{"rendered":"https:\/\/www.hydraulic-cylinders.net\/product\/arm-cylinder-for-bonny-ce400-5-400-7\/"},"modified":"2025-01-21T06:08:36","modified_gmt":"2025-01-21T06:08:36","slug":"arm-cylinder-for-bonny-ce400-5-400-7","status":"publish","type":"product","link":"https:\/\/www.hydraulic-cylinders.net\/lt\/produktas\/arm-cylinder-for-bonny-ce400-5-400-7\/","title":{"rendered":"\u201eBonny CE400-5\/400-7\u201c rankenos cilindras"},"content":{"rendered":"<h1>\u201eBonny CE400-5\/400-7\u201c rankenos cilindras<\/h1>\n<h2>\u012evadas<\/h2>\n<p>Svirties cilindras yra specialiai suprojektuotas hidraulinis cilindras, u\u017etikrinantis tiesin\u012f jud\u0117jim\u0105 ir gali\u0105 \u012fvairi\u0173 mechanizm\u0173, toki\u0173 kaip ekskavatoriai, kranai ir robotin\u0117s svirtys, svir\u010diai. Jis atlieka labai svarb\u0173 vaidmen\u012f hidraulin\u0117se sistemose, nes leid\u017eia efektyviai jud\u0117ti ir valdyti papildomus \u012frankius ar priedus. \u0160ie cilindrai ne tik u\u017etikrina skland\u0173 jud\u0117jim\u0105, bet ir atlaiko dideles apkrovas, u\u017etikrindami auk\u0161t\u0105 mechanizm\u0173 efektyvum\u0105 ir patikimum\u0105 \u012fvairiomis eksploatavimo s\u0105lygomis.<\/p>\n<p><img decoding=\"async\" src=\"https:\/\/www.hydraulic-cylinders.net\/wp-content\/uploads\/2025\/01\/songte-company-2.webp\"><\/p>\n<h2>Savyb\u0117s<\/h2>\n<ul>\n<li><strong>Didelio efektyvumo transmisija:<\/strong> Svirties cilindras u\u017etikrina galing\u0105 tiesin\u012f judes\u012f ir j\u0117g\u0105, u\u017etikrindamas efektyv\u0173 mechanin\u0117s svirties veikim\u0105 atliekant \u012fvairias operacijas.<\/li>\n<li><strong>Tikslus valdymas:<\/strong> Hidraulin\u0117s sistemos d\u0117ka svirties cilindras leid\u017eia tiksliai valdyti judes\u012f, tod\u0117l pritvirtint\u0173 \u012franki\u0173 valdymas tampa lankstesnis ir tikslesnis.<\/li>\n<li><strong>Patvarumas:<\/strong> Svirtiniai cilindrai paprastai gaminami i\u0161 didelio stiprumo med\u017eiag\u0173, pasi\u017eymin\u010di\u0173 puikiu atsparumu dilimui ir korozijai, tod\u0117l jie tinkami ilgalaikiam naudojimui at\u0161iauriomis s\u0105lygomis.<\/li>\n<li><strong>Daugiafunkcinis prisitaikymas:<\/strong> \u0160ie cilindrai gali b\u016bti pla\u010diai naudojami \u012fvairiose ma\u0161inose, tokiose kaip ekskavatoriai, kranai ir robotin\u0117s rankos, pritaikant juos skirtingiems darbo reikalavimams.<\/li>\n<li><strong>Lengva prie\u017ei\u016bra:<\/strong> Projektuojant buvo atsi\u017evelgta \u012f prie\u017ei\u016bros ir keitimo paprastum\u0105, kad reguliarios patikros ir prie\u017ei\u016bra b\u016bt\u0173 patogesn\u0117s, o \u012frangos prastovos laikas sutrump\u0117t\u0173.<\/li>\n<\/ul>\n<p><img decoding=\"async\" src=\"https:\/\/www.hydraulic-cylinders.net\/wp-content\/uploads\/2025\/01\/songte-oil-pipes-and-spare-parts.webp\"><\/p>\n<h2>Parai\u0161kos<\/h2>\n<p>Svirtinis cilindras naudojamas \u012fvairiose pramon\u0117s \u0161akose ir sektoriuose, \u012fskaitant:<\/p>\n<h3>1. Statybos in\u017einerija<\/h3>\n<p>Ekskavatoriuose ir kranuose svirties cilindras valdo kau\u0161\u0173 arba str\u0117li\u0173 jud\u0117jim\u0105 atliekant \u017eem\u0117s darbus, med\u017eiag\u0173 tvarkym\u0105 ir konstrukcij\u0173 montavim\u0105.<\/p>\n<h3>2. Gamybos pramon\u0117<\/h3>\n<p>Automatizuotose gamybos linijose rankos cilindras naudojamas robotin\u0117ms rankoms judinti tokiuose procesuose kaip surinkimas, suvirinimas ir med\u017eiag\u0173 tvarkymas, taip padidinant gamybos efektyvum\u0105 ir tikslum\u0105.<\/p>\n<h3>3. \u017dem\u0117s \u016bkio technika<\/h3>\n<p>\u017dem\u0117s \u016bkio technikose, tokiose kaip derliaus nu\u0117mimo ma\u0161inos ir s\u0117jamosios, svirties cilindras valdo darbini\u0173 svir\u010di\u0173 jud\u0117jim\u0105 atliekant tokias u\u017eduotis kaip s\u0117ja, tr\u0119\u0161imas ir derliaus nu\u0117mimas.<\/p>\n<h3>4. Kasybos pramon\u0117<\/h3>\n<p>Kasybos \u012frangoje rankos cilindras valdo kasybos \u012frengini\u0173 rankos jud\u0117jim\u0105 r\u016bdos gavybai ir transportavimui.<\/p>\n<h3>5. Logistika ir transportas<\/h3>\n<p>\u0160akiniuose krautuvuose ir krovini\u0173 krovimo robotuose svirties cilindras naudojamas \u0161aki\u0173 k\u0117limui ir jud\u0117jimui valdyti, taip u\u017etikrinant med\u017eiag\u0173 tvarkym\u0105 ir krovim\u0105.<\/p>\n<p><img decoding=\"async\" src=\"https:\/\/www.hydraulic-cylinders.net\/wp-content\/uploads\/2025\/01\/songte-cylinder-head-with-all-kinds-excavator-models.webp\"><\/p>\n<h2>Projektavimo aspektai ir atrankos standartai<\/h2>\n<ul>\n<li><strong>Keliamoji galia:<\/strong> Svirties cilindras suprojektuotas taip, kad atlaikyt\u0173 dideles apkrovas ir u\u017etikrint\u0173 patikim\u0105 veikim\u0105 sud\u0117tingomis s\u0105lygomis.<\/li>\n<li><strong>Sandarinimas:<\/strong> Naudojami \u012fvair\u016bs sandarinimo komponentai, tokie kaip st\u016bmokli\u0173 ir kot\u0173 sandarikliai. \u0160ie sandarikliai pagaminti i\u0161 atspari\u0173 dilimui med\u017eiag\u0173, toki\u0173 kaip poliuretanas ir nitrilo kau\u010diukas. Cilindro korpusas ir srieginiai galai yra tiksliai apdorojami, siekiant pagerinti atsparum\u0105 dilimui.<\/li>\n<li><strong>Patvarumas:<\/strong> Svirties cilindras pagamintas naudojant auk\u0161tos kokyb\u0117s med\u017eiagas ir pa\u017eangias gamybos technologijas, u\u017etikrinant patvarum\u0105 ir ilgaam\u017ei\u0161kum\u0105 net ir sud\u0117tingomis eksploatavimo s\u0105lygomis.<\/li>\n<li><strong>Saugumas:<\/strong> Projektuojant atsi\u017evelgiama \u012f saugos aspektus, u\u017etikrinant saug\u0173 rankos cilindro veikim\u0105 ir suma\u017einant nelaiming\u0173 atsitikim\u0173 rizik\u0105.<\/li>\n<li><strong>Prie\u017ei\u016bra:<\/strong> Svirties cilindro konstrukcija leid\u017eia lengvai j\u012f pri\u017ei\u016br\u0117ti ir keisti, taip suma\u017einant prastovas ir padidinant na\u0161um\u0105.<\/li>\n<\/ul>\n<p><img decoding=\"async\" src=\"https:\/\/www.hydraulic-cylinders.net\/wp-content\/uploads\/2025\/01\/songte-chushion-collar.webp\"><\/p>\n<h2>Sandarinimas ir tepimas<\/h2>\n<p>Svirtiniame cilindre naudojami \u012fvair\u016bs sandarinimo komponentai, \u012fskaitant st\u016bmokli\u0173 ir kot\u0173 sandariklius, pagamintus i\u0161 atspari\u0173 dilimui med\u017eiag\u0173, toki\u0173 kaip poliuretanas ir nitrilo kau\u010diukas. Cilindro korpusas ir srieginiai galai yra tiksliai apdorojami, siekiant pagerinti atsparum\u0105 dilimui. Norint u\u017etikrinti skland\u0173 veikim\u0105, b\u016btina reguliariai tepti tinkamu hidraulin\u0117s alyvos kiekiu.<\/p>\n<h2>Reguliarus patikrinimas ir prevencin\u0117 prie\u017ei\u016bra<\/h2>\n<ul>\n<li>Reguliariai tikrinkite svirties cilindr\u0105, ar n\u0117ra susid\u0117v\u0117jimo, nuot\u0117kio ar pa\u017eeidim\u0173 po\u017eymi\u0173.<\/li>\n<li>Patikrinkite ir priver\u017ekite visas jungtis, kad i\u0161vengtum\u0117te galim\u0173 problem\u0173.<\/li>\n<li>Nuvalykite cilindr\u0105 ir aplinkinius komponentus, kad pa\u0161alintum\u0117te visas \u0161iuk\u0161les ar ter\u0161alus.<\/li>\n<li>Atlikite profilaktin\u0119 prie\u017ei\u016br\u0105, kaip rekomenduoja gamintojas.<\/li>\n<\/ul>\n<h2>Produkto diegimo vadovas<\/h2>\n<p>Tinkamas svirties cilindro montavimas yra b\u016btinas optimaliam veikimui. Atlikite \u0161iuos veiksmus:<\/p>\n<ol>\n<li>Paruo\u0161kite reikiamus \u012frankius ir \u012frang\u0105.<\/li>\n<li>\u012esitikinkite, kad tvirtinimo pavir\u0161ius yra \u0161varus ir be \u0161iuk\u0161li\u0173.<\/li>\n<li>Sulygiuokite svirties cilindr\u0105 su tvirtinimo ta\u0161kais ir pritvirtinkite j\u012f atitinkamais tvirtinimo elementais.<\/li>\n<li>Prijunkite hidraulines linijas pagal gamintojo instrukcijas.<\/li>\n<li>Prie\u0161 prad\u0117dami naudoti mechanizm\u0105, patikrinkite, ar n\u0117ra nuot\u0117ki\u0173 ar ne\u012fprasto veikimo.<\/li>\n<\/ol>\n<p><img decoding=\"async\" src=\"https:\/\/www.hydraulic-cylinders.net\/wp-content\/uploads\/2025\/01\/songte-bushings-with-all-kinds-of-excavator-models.webp\"><\/p>\n<h2>Saugos aspektai ir aplinkos veiksniai<\/h2>\n<p>Naudojant svirtin\u012f cilindr\u0105, b\u016btina laikytis saugos priemoni\u0173, kad b\u016bt\u0173 suma\u017einta nelaiming\u0173 atsitikim\u0173 rizika. Tinkamas mokymas ir saugos gairi\u0173 laikymasis yra labai svarb\u016bs. Be to, norint u\u017etikrinti tvar\u0173 veikim\u0105, b\u016btina atsi\u017evelgti \u012f aplinkosaugos veiksnius, tokius kaip tinkamas atliek\u0173 tvarkymas ir taikom\u0173 aplinkosaugos taisykli\u0173 laikymasis.<\/p>\n<h2>Trik\u010di\u0173 \u0161alinimas ir da\u017eniausiai pasitaikan\u010dios problemos<\/h2>\n<p>Nepaisant patikimumo, svirtiniai cilindrai gali susidurti su problemomis. Kai kurios da\u017enos problemos yra nuot\u0117kis, l\u0117tas veikimas ir ne\u012fprastas triuk\u0161mas. \u0160tai keletas trik\u010di\u0173 \u0161alinimo patarim\u0173:<\/p>\n<ul>\n<li><strong>Nuot\u0117kis:<\/strong> Patikrinkite ir pakeiskite susid\u0117v\u0117jusius sandariklius arba pa\u017eeistus komponentus. U\u017etikrinkite tinkam\u0105 montavim\u0105 ir tvirtas jungtis.<\/li>\n<li><strong>L\u0117tas veikimas:<\/strong> Patikrinkite hidraulin\u0119 sistem\u0105, ar n\u0117ra joki\u0173 apribojim\u0173 ar u\u017esikim\u0161im\u0173. Patikrinkite alyvos lyg\u012f ir klampum\u0105 ir, jei reikia, apsvarstykite sistemos praplovim\u0105.<\/li>\n<li><strong>Nenormalus triuk\u0161mas:<\/strong> Patikrinkite, ar n\u0117ra atsilaisvinusi\u0173 ar pa\u017eeist\u0173 dali\u0173. Sutepkite judan\u010dias dalis ir u\u017etikrinkite tinkam\u0105 sulygiavim\u0105.<\/li>\n<\/ul>\n<p><img decoding=\"async\" src=\"https:\/\/www.hydraulic-cylinders.net\/wp-content\/uploads\/2025\/01\/songte-chushion-collar.webp\"><\/p>\n<p>Nepamir\u0161kite straipsn\u012f strukt\u016brizuoti logi\u0161kai, naudoti paantra\u0161tes lengvam nar\u0161ymui, \u012ftraukti atitinkam\u0173 vaizd\u0173 ar diagram\u0173, kad b\u016bt\u0173 lengviau suprasti, ir u\u017etikrinti, kad turinys b\u016bt\u0173 ai\u0161kus, glaustas ir tinkamas skaitytojams, turintiems skirting\u0105 technini\u0173 \u017eini\u0173 lyg\u012f.<\/p>\n<h2>Apie mus<\/h2>\n<p>Esame profesionalus pakaitini\u0173 hidraulini\u0173 cilindr\u0173 gamintojas, si\u016blantis plat\u0173 gamini\u0173 asortiment\u0105. Tapome vienu i\u0161 pirmaujan\u010di\u0173 hidraulini\u0173 cilindr\u0173 gamintoj\u0173 ir didmeninink\u0173 vidaus ir tarptautin\u0117se rinkose. Vadovaudamiesi meistri\u0161kumo principu, nuolat siekiame technin\u0117s pa\u017eangos ir gamybos efektyvumo. Naudodami pa\u017eangi\u0105 skaitmenin\u0119 gamybos \u012frang\u0105 ir profesionalias testavimo sistemas, optimizuojame savo gamybos platform\u0105 ir tobuliname gamini\u0173 kokyb\u0117s kontrol\u0117s procesus. M\u016bs\u0173 tikslas \u2013 patenkinti \u012fvairius klient\u0173 poreikius efektyviai, tiksliai ir auk\u0161tos kokyb\u0117s gaminiais.<\/p>\n<p><img decoding=\"async\" src=\"https:\/\/www.hydraulic-cylinders.net\/wp-content\/uploads\/2025\/01\/songte-company-4.webp\"><br \/>\n<img decoding=\"async\" src=\"https:\/\/www.hydraulic-cylinders.net\/wp-content\/uploads\/2025\/01\/songte-company-3.webp\"><\/p>\n<p>Nuo m\u016bs\u0173 patirties, tarptautini\u0173 sertifikat\u0173, individualiai pritaikyt\u0173 paslaug\u0173, gamybos \u012frangos iki aptarnavimo po pardavimo \u2013 si\u016blome i\u0161samius sprendimus savo klientams.<\/p>\n<p>Autorius: lyl<\/p>","protected":false},"excerpt":{"rendered":"<p>Arm Cylinder For Bonny CE400-5\/400-7 Introduction The arm cylinder is a specially designed hydraulic cylinder that provides linear motion and power to the arm of various machinery, such as excavators, cranes, and robotic arms. It plays a crucial role in hydraulic systems, enabling the efficient movement and control of additional tools or attachments. These cylinders [&hellip;]<\/p>","protected":false},"featured_media":14783,"comment_status":"open","ping_status":"closed","template":"","meta":{"_et_pb_use_builder":"","_et_pb_old_content":"","_et_gb_content_width":""},"product_brand":[],"product_cat":[1497],"product_tag":[1498,1496],"class_list":{"0":"post-16859","1":"product","2":"type-product","3":"status-publish","4":"has-post-thumbnail","6":"product_cat-arm-cylinders","7":"product_tag-arm-cylinders","8":"product_tag-hydraulic-cylinders","10":"first","11":"instock","12":"shipping-taxable","13":"product-type-simple"},"amp_enabled":true,"_links":{"self":[{"href":"https:\/\/www.hydraulic-cylinders.net\/lt\/wp-json\/wp\/v2\/product\/16859","targetHints":{"allow":["GET"]}}],"collection":[{"href":"https:\/\/www.hydraulic-cylinders.net\/lt\/wp-json\/wp\/v2\/product"}],"about":[{"href":"https:\/\/www.hydraulic-cylinders.net\/lt\/wp-json\/wp\/v2\/types\/product"}],"replies":[{"embeddable":true,"href":"https:\/\/www.hydraulic-cylinders.net\/lt\/wp-json\/wp\/v2\/comments?post=16859"}],"wp:featuredmedia":[{"embeddable":true,"href":"https:\/\/www.hydraulic-cylinders.net\/lt\/wp-json\/wp\/v2\/media\/14783"}],"wp:attachment":[{"href":"https:\/\/www.hydraulic-cylinders.net\/lt\/wp-json\/wp\/v2\/media?parent=16859"}],"wp:term":[{"taxonomy":"product_brand","embeddable":true,"href":"https:\/\/www.hydraulic-cylinders.net\/lt\/wp-json\/wp\/v2\/product_brand?post=16859"},{"taxonomy":"product_cat","embeddable":true,"href":"https:\/\/www.hydraulic-cylinders.net\/lt\/wp-json\/wp\/v2\/product_cat?post=16859"},{"taxonomy":"product_tag","embeddable":true,"href":"https:\/\/www.hydraulic-cylinders.net\/lt\/wp-json\/wp\/v2\/product_tag?post=16859"}],"curies":[{"name":"wp","href":"https:\/\/api.w.org\/{rel}","templated":true}]}}