{"id":16861,"date":"2025-01-21T06:08:43","date_gmt":"2025-01-21T06:08:43","guid":{"rendered":"https:\/\/www.hydraulic-cylinders.net\/product\/arm-cylinder-for-bonny-ced750-8\/"},"modified":"2025-01-21T06:08:45","modified_gmt":"2025-01-21T06:08:45","slug":"arm-cylinder-for-bonny-ced750-8","status":"publish","type":"product","link":"https:\/\/www.hydraulic-cylinders.net\/lt\/produktas\/arm-cylinder-for-bonny-ced750-8\/","title":{"rendered":"Bonny CED750-8 rankenos cilindras"},"content":{"rendered":"<h1>Bonny CED750-8 rankenos cilindras<\/h1>\n<h2>Produkto apibr\u0117\u017eimas<\/h2>\n<p>Svirties cilindras yra specialiai suprojektuotas hidraulinis cilindras, u\u017etikrinantis tiesin\u012f jud\u0117jim\u0105 ir gali\u0105 \u012fvairi\u0173 tip\u0173 ma\u0161in\u0173, toki\u0173 kaip ekskavatoriai, kranai ir mechanin\u0117s svirtys, svir\u010diai. Jis atlieka labai svarb\u0173 vaidmen\u012f hidraulin\u0117se sistemose, nes leid\u017eia efektyviai jud\u0117ti ir valdyti papildomus \u012frankius ar priedus. \u0160ie cilindrai ne tik u\u017etikrina skland\u0173 jud\u0117jim\u0105, bet ir atlaiko dideles apkrovas, u\u017etikrindami efektyv\u0173 ma\u0161in\u0173 veikim\u0105 ir patikimum\u0105 \u012fvairiomis darbo s\u0105lygomis.<\/p>\n<p><img decoding=\"async\" src=\"https:\/\/www.hydraulic-cylinders.net\/wp-content\/uploads\/2025\/01\/songte-company-2.webp\" alt=\"Svirties cilindro vaizdas\"><\/p>\n<h2>Produkto savyb\u0117s<\/h2>\n<ul>\n<li><strong>Didelio efektyvumo transmisija:<\/strong> Svirties cilindras u\u017etikrina galing\u0105 tiesin\u012f judes\u012f ir j\u0117g\u0105, u\u017etikrindamas auk\u0161t\u0105 mechanin\u0117s svirties na\u0161um\u0105 atliekant \u012fvairias operacijas.<\/li>\n<li><strong>Tikslus valdymas:<\/strong> Hidraulin\u0117s sistemos d\u0117ka rankos cilindras pasiekia tiksl\u0173 judesio valdym\u0105, tod\u0117l papildom\u0173 \u012franki\u0173 valdymas yra lankstesnis ir tikslesnis.<\/li>\n<li><strong>Patvarumas:<\/strong> Svirtiniai cilindrai paprastai gaminami i\u0161 didelio stiprumo med\u017eiag\u0173, kurios pasi\u017eymi puikiu atsparumu dilimui ir korozijai, tod\u0117l tinka ilgalaikiam naudojimui at\u0161iauriomis s\u0105lygomis.<\/li>\n<li><strong>Daugiafunkcinis prisitaikymas:<\/strong> \u0160ie cilindrai pla\u010diai pritaikomi \u012fvairi\u0173 tip\u0173 ma\u0161inoms, tokioms kaip ekskavatoriai, kranai ir mechanin\u0117s svirtys, prisitaikant prie skirting\u0173 darbo reikalavim\u0173.<\/li>\n<li><strong>Lengva prie\u017ei\u016bra:<\/strong> \u0160ie cilindrai, sukurti taip, kad juos b\u016bt\u0173 lengva pri\u017ei\u016br\u0117ti ir keisti, palengvina reguliarias patikras ir technin\u0119 prie\u017ei\u016br\u0105, taip suma\u017einant \u012frangos prastovas.<\/li>\n<\/ul>\n<p><img decoding=\"async\" src=\"https:\/\/www.hydraulic-cylinders.net\/wp-content\/uploads\/2025\/01\/songte-oil-pipes-and-spare-parts.webp\" alt=\"Produkto vaizdas\"><\/p>\n<h2>Parai\u0161kos<\/h2>\n<p><strong>Statybos in\u017einerija:<\/strong> Ekskavatoriuose ir kranuose peties cilindras valdo kau\u0161o arba str\u0117l\u0117s jud\u0117jim\u0105 atliekant \u017eem\u0117s darbus, med\u017eiag\u0173 tvarkym\u0105 ir konstrukcij\u0173 montavim\u0105.<\/p>\n<p><strong>Gamybos pramon\u0117:<\/strong> Automatizuotose gamybos linijose svirties cilindras naudojamas mechanin\u0117ms svirtims judinti tokiuose procesuose kaip surinkimas, suvirinimas ir tvarkymas, taip pagerinant gamybos efektyvum\u0105 ir tikslum\u0105.<\/p>\n<p><strong>\u017dem\u0117s \u016bkio technika:<\/strong> \u017dem\u0117s \u016bkio technikose, tokiose kaip derliaus nu\u0117mimo ma\u0161inos ir s\u0117jamosios, svirties cilindras valdo darbini\u0173 svir\u010di\u0173 jud\u0117jim\u0105, atlikdamas tokias u\u017eduotis kaip s\u0117ja, tr\u0119\u0161imas ir derliaus nu\u0117mimas.<\/p>\n<p><strong>Kasyba:<\/strong> Kasybos \u012frangoje svirties cilindras valdo kasybos ma\u0161in\u0173 svirties judesius r\u016bdos gavybai ir tvarkymui.<\/p>\n<p><strong>Logistika ir transportas:<\/strong> \u0160akiniuose krautuvuose ir krovini\u0173 krovimo robotuose svirties cilindras valdo \u0161aki\u0173 k\u0117lim\u0105 ir jud\u0117jim\u0105, taip \u012fgalindamas med\u017eiag\u0173 tvarkym\u0105 ir krovim\u0105.<\/p>\n<h2>Projektavimo aspektai ir atrankos kriterijai<\/h2>\n<p><strong>Apkrovos paj\u0117gumas:<\/strong> Svirties cilindro geb\u0117jimas atlaikyti \u012fvairias apkrovas yra pagrindinis projektavimo aspektas.<\/p>\n<p><strong>Sandarinimas:<\/strong> Naudojami \u012fvair\u016bs sandarinimo komponentai, tokie kaip st\u016bmokli\u0173 ir kot\u0173 sandarikliai. \u012eprastos sandarinimo med\u017eiagos yra poliuretanas ir nitrilo kau\u010diukas, \u017einomi d\u0117l savo atsparumo dilimui.<\/p>\n<p><strong>Patvarumas:<\/strong> Cilindro korpusas ir srieginiai galai kruop\u0161\u010diai apdorojami, siekiant padidinti atsparum\u0105 dilimui.<\/p>\n<p><strong>Saugumas:<\/strong> Hidraulini\u0173 cilindr\u0173 konstrukcijos saugos priemon\u0117s u\u017etikrina operatori\u0173 ir \u012frangos apsaug\u0105.<\/p>\n<p><strong>Prie\u017ei\u016bra:<\/strong> Reguliarus tepimas tinkama hidrauline alyva ir lengva prieiga techninei prie\u017ei\u016brai bei remontui yra esminiai projektavimo aspektai.<\/p>\n<p><img decoding=\"async\" src=\"https:\/\/www.hydraulic-cylinders.net\/wp-content\/uploads\/2025\/01\/songte-cylinder-head-with-all-kinds-excavator-models.webp\" alt=\"Produkto vaizdas\"><\/p>\n<h2>Sandarinimas ir tepimas<\/h2>\n<p>Svirties cilindre naudojami \u012fvair\u016bs sandarinimo komponentai, tokie kaip st\u016bmoklio ir koto sandarikliai. \u0160ie sandarikliai pagaminti i\u0161 atspari\u0173 dilimui med\u017eiag\u0173, toki\u0173 kaip poliuretanas ir nitrilo kau\u010diukas. Cilindro korpusas ir srieginiai galai yra kruop\u0161\u010diai apdorojami, siekiant padidinti atsparum\u0105 dilimui. Norint u\u017etikrinti skland\u0173 veikim\u0105 ir judan\u010di\u0173 dali\u0173 sutepim\u0105, reikia reguliariai tepti tinkamu hidraulin\u0117s alyvos kiekiu.<\/p>\n<h2>Reguliarus patikrinimas ir prevencin\u0117 prie\u017ei\u016bra<\/h2>\n<p>Siekiant u\u017etikrinti optimal\u0173 na\u0161um\u0105 ir pailginti svirties cilindro tarnavimo laik\u0105, reikia reguliariai atlikti patikras ir profilaktinius darbus. Tai apima bet koki\u0173 susid\u0117v\u0117jimo, nuot\u0117kio ar pa\u017eeidimo po\u017eymi\u0173 patikrinim\u0105; susid\u0117v\u0117jusi\u0173 sandarikli\u0173 ar komponent\u0173 keitim\u0105; ir filtr\u0173 valym\u0105 ar keitim\u0105 pagal poreik\u012f. Tinkama prie\u017ei\u016bra ir savalaikis remontas gali suma\u017einti galimas problemas ir i\u0161vengti netik\u0117t\u0173 prastov\u0173.<\/p>\n<h2>Produkto diegimo vadovas<\/h2>\n<p>Tinkamas montavimas yra labai svarbus optimaliam svirties cilindro veikimui ir saugumui. Atlikite \u0161iuos veiksmus:<\/p>\n<ol>\n<li>\u012esitikinkite, kad mechanizmas yra i\u0161jungtas ir stabilioje pad\u0117tyje.<\/li>\n<li>Jei reikia, nuimkite bet kok\u012f esam\u0105 cilindr\u0105.<\/li>\n<li>Atsargiai sulygiuokite svirties cilindr\u0105 su tvirtinimo ta\u0161kais, u\u017etikrindami tinkam\u0105 pritvirtinim\u0105 ir sulygiavim\u0105.<\/li>\n<li>Tvirtai pritvirtinkite cilindr\u0105 naudodami tinkamus var\u017etus, ver\u017eles arba kai\u0161\u010dius.<\/li>\n<li>Prie\u0161 naudodami mechanizm\u0105, patikrinkite, ar n\u0117ra nuot\u0117ki\u0173 ar ne\u012fprast\u0173 judesi\u0173.<\/li>\n<\/ol>\n<p><img decoding=\"async\" src=\"https:\/\/www.hydraulic-cylinders.net\/wp-content\/uploads\/2025\/01\/songte-bushings-with-all-kinds-of-excavator-models.webp\" alt=\"Produkto vaizdas\"><\/p>\n<h2>Saugos aspektai ir aplinkos veiksniai<\/h2>\n<p>Naudojant cilindr\u0105 su rankena, labai svarbu laikytis tinkam\u0173 saugos priemoni\u0173, kad b\u016bt\u0173 i\u0161vengta nelaiming\u0173 atsitikim\u0173 ir u\u017etikrintas operatoriaus saugumas. B\u016btinas tinkamas mokymas ir saugos gairi\u0173 laikymasis. Be to, atsi\u017evelgiant \u012f aplinkos veiksnius, tokius kaip temperat\u016bra, dr\u0117gm\u0117 ir \u0117sdinan\u010dios med\u017eiagos, galima i\u0161laikyti cilindro veikim\u0105 ir ilgaam\u017ei\u0161kum\u0105.<\/p>\n<h2>Trik\u010di\u0173 \u0161alinimas ir da\u017eniausiai pasitaikan\u010dios problemos<\/h2>\n<p><strong>Gedim\u0173 diagnostika:<\/strong> Toliau pateikiamos da\u017eniausios problemos, galin\u010dios kilti d\u0117l svirties cilindro:<\/p>\n<ol>\n<li>Nepakankamas arba netolygus rankos judesys<\/li>\n<li>Nuot\u0117kiai arba alyvos prasiskverbimas<\/li>\n<li>Ne\u012fprasti garsai veikimo metu<\/li>\n<li>Nenuoseklus arba netikslus pad\u0117ties nustatymas<\/li>\n<li>Per didel\u0117 vibracija<\/li>\n<\/ol>\n<p><strong>Trik\u010di\u0173 \u0161alinimo patarimai ir sprendimai:<\/strong><\/p>\n<ul>\n<li>Patikrinkite hidraulinio skys\u010dio lyg\u012f ir u\u017etikrinkite tinkam\u0105 tepim\u0105.<\/li>\n<li>Patikrinkite sandariklius ir pakeiskite susid\u0117v\u0117jusius komponentus.<\/li>\n<li>Ie\u0161kokite pa\u017eeist\u0173 ar nesuderint\u0173 dali\u0173.<\/li>\n<li>Patikrinkite, ar visos jungtys yra tvirtos ir sandarios.<\/li>\n<li>Jei reikia, perskaitykite gamintojo instrukcij\u0105 arba kreipkit\u0117s profesionalios pagalbos.<\/li>\n<\/ul>\n<p><img decoding=\"async\" src=\"https:\/\/www.hydraulic-cylinders.net\/wp-content\/uploads\/2025\/01\/songte-chushion-collar.webp\" alt=\"Produkto vaizdas\"><\/p>\n<p>Nepamir\u0161kite logi\u0161kai susisteminti straipsnio, naudoti paantra\u0161tes lengvam nar\u0161ymui, \u012ftraukti atitinkam\u0173 vaizd\u0173 ar diagram\u0173 geresniam supratimui ir u\u017etikrinti ai\u0161k\u0173 bei glaust\u0105 turin\u012f, tinkam\u0105 skaitytojams, turintiems skirting\u0105 technini\u0173 \u017eini\u0173 lyg\u012f.<\/p>\n<p><em>Autorius: lyl<\/em><\/p>\n<h2>Apie mus<\/h2>\n<p>Esame profesionalus pakaitini\u0173 hidraulini\u0173 cilindr\u0173 gamintojas, si\u016blantis plat\u0173 gamini\u0173 asortiment\u0105. Tapome vienu i\u0161 pirmaujan\u010di\u0173 hidraulini\u0173 cilindr\u0173 gamintoj\u0173 ir didmenini\u0173 platintoj\u0173 tiek vidaus, tiek tarptautin\u0117se rinkose. M\u016bs\u0173 \u012fsipareigojim\u0105 siekti nepriekai\u0161tingos kokyb\u0117s u\u017etikriname diegdami pramonin\u0117s gamybos valdymo strategijas savo moderniose gamybos dirbtuv\u0117se, nuolat tobulindami technines \u017einias ir gamybos efektyvum\u0105. \u012ediegdami auk\u0161\u010diausios klas\u0117s skaitmenin\u0119 gamybos \u012frang\u0105 ir profesionalias bandym\u0173 sistemas, optimizuojame savo gamybos platform\u0105 ir tobuliname gamini\u0173 kokyb\u0117s kontrol\u0117s procesus, o tai leid\u017eia mums tur\u0117ti stiprias inovacij\u0173 galimybes. M\u016bs\u0173 tikslas \u2013 patenkinti \u012fvairius klient\u0173 poreikius, vadovaujantis efektyvumo, tikslumo ir auk\u0161tos kokyb\u0117s principais.<\/p>\n<p><img decoding=\"async\" src=\"https:\/\/www.hydraulic-cylinders.net\/wp-content\/uploads\/2025\/01\/songte-company-4.webp\" alt=\"\u012emon\u0117s \u012fvaizdis\"><br \/>\n<img decoding=\"async\" src=\"https:\/\/www.hydraulic-cylinders.net\/wp-content\/uploads\/2025\/01\/songte-company-3.webp\" alt=\"\u012emon\u0117s \u012fvaizdis\"><\/p>","protected":false},"excerpt":{"rendered":"<p>Arm Cylinder For Bonny CED750-8 Product Definition The arm cylinder is a specially designed hydraulic cylinder that provides linear motion and power to the arm of various types of machinery, such as excavators, cranes, and mechanical arms. It plays a crucial role in hydraulic systems, allowing for efficient movement and control of additional tools or [&hellip;]<\/p>","protected":false},"featured_media":14777,"comment_status":"open","ping_status":"closed","template":"","meta":{"_et_pb_use_builder":"","_et_pb_old_content":"","_et_gb_content_width":""},"product_brand":[],"product_cat":[1497],"product_tag":[1498,1496],"class_list":{"0":"post-16861","1":"product","2":"type-product","3":"status-publish","4":"has-post-thumbnail","6":"product_cat-arm-cylinders","7":"product_tag-arm-cylinders","8":"product_tag-hydraulic-cylinders","10":"first","11":"instock","12":"shipping-taxable","13":"product-type-simple"},"amp_enabled":true,"_links":{"self":[{"href":"https:\/\/www.hydraulic-cylinders.net\/lt\/wp-json\/wp\/v2\/product\/16861","targetHints":{"allow":["GET"]}}],"collection":[{"href":"https:\/\/www.hydraulic-cylinders.net\/lt\/wp-json\/wp\/v2\/product"}],"about":[{"href":"https:\/\/www.hydraulic-cylinders.net\/lt\/wp-json\/wp\/v2\/types\/product"}],"replies":[{"embeddable":true,"href":"https:\/\/www.hydraulic-cylinders.net\/lt\/wp-json\/wp\/v2\/comments?post=16861"}],"wp:featuredmedia":[{"embeddable":true,"href":"https:\/\/www.hydraulic-cylinders.net\/lt\/wp-json\/wp\/v2\/media\/14777"}],"wp:attachment":[{"href":"https:\/\/www.hydraulic-cylinders.net\/lt\/wp-json\/wp\/v2\/media?parent=16861"}],"wp:term":[{"taxonomy":"product_brand","embeddable":true,"href":"https:\/\/www.hydraulic-cylinders.net\/lt\/wp-json\/wp\/v2\/product_brand?post=16861"},{"taxonomy":"product_cat","embeddable":true,"href":"https:\/\/www.hydraulic-cylinders.net\/lt\/wp-json\/wp\/v2\/product_cat?post=16861"},{"taxonomy":"product_tag","embeddable":true,"href":"https:\/\/www.hydraulic-cylinders.net\/lt\/wp-json\/wp\/v2\/product_tag?post=16861"}],"curies":[{"name":"wp","href":"https:\/\/api.w.org\/{rel}","templated":true}]}}