{"id":16863,"date":"2025-01-21T06:08:56","date_gmt":"2025-01-21T06:08:56","guid":{"rendered":"https:\/\/www.hydraulic-cylinders.net\/product\/arm-cylinder-for-bonny-wzyd18-6\/"},"modified":"2025-01-21T06:08:58","modified_gmt":"2025-01-21T06:08:58","slug":"arm-cylinder-for-bonny-wzyd18-6","status":"publish","type":"product","link":"https:\/\/www.hydraulic-cylinders.net\/lt\/produktas\/arm-cylinder-for-bonny-wzyd18-6\/","title":{"rendered":"Bonny WZYD18-6 rankenos cilindras"},"content":{"rendered":"<h1>Bonny WZYD18-6 rankenos cilindras<\/h1>\n<h2>\u012evadas<\/h2>\n<p>Svirties cilindras yra specialiai suprojektuotas hidraulinis cilindras, u\u017etikrinantis tiesin\u012f judes\u012f ir gali\u0105 \u012fvairi\u0173 mechanizm\u0173, toki\u0173 kaip ekskavatoriai, kranai ir robotin\u0117s svirtys, svir\u010diai. Jis atlieka labai svarb\u0173 vaidmen\u012f hidraulin\u0117se sistemose, nes leid\u017eia efektyviai jud\u0117ti ir valdyti papildomus \u012frankius ar priedus. \u0160ie cilindrai ne tik u\u017etikrina skland\u0173 jud\u0117jim\u0105, bet ir atlaiko dideles apkrovas, u\u017etikrindami efektyv\u0173 mechanizm\u0173 veikim\u0105 ir patikimum\u0105 \u012fvairiomis darbo s\u0105lygomis.<\/p>\n<p><img decoding=\"async\" src=\"https:\/\/www.hydraulic-cylinders.net\/wp-content\/uploads\/2025\/01\/songte-company-2.webp\" alt=\"Svirties cilindro vaizdas\"><\/p>\n<h2>Pagrindin\u0117s savyb\u0117s<\/h2>\n<ul>\n<li><strong>Didelio efektyvumo transmisija:<\/strong> Svirties cilindras u\u017etikrina galing\u0105 tiesin\u012f judes\u012f ir j\u0117g\u0105, u\u017etikrindamas puik\u0173 robotin\u0117s rankos na\u0161um\u0105 atliekant \u012fvairias operacijas.<\/li>\n<li><strong>Tikslus valdymas:<\/strong> Hidraulin\u0117s sistemos d\u0117ka rankos cilindras leid\u017eia tiksliai valdyti judes\u012f, tod\u0117l papildom\u0173 \u012franki\u0173 valdymas tampa lankstesnis ir tikslesnis.<\/li>\n<li><strong>Patvarumas:<\/strong> Svirtiniai cilindrai paprastai gaminami i\u0161 didelio stiprumo med\u017eiag\u0173, kurios pasi\u017eymi geru atsparumu dilimui ir korozijai, tod\u0117l tinka ilgalaikiam naudojimui at\u0161iauriomis s\u0105lygomis.<\/li>\n<li><strong>Daugiafunkcinis prisitaikymas:<\/strong> \u0160ie cilindrai gali b\u016bti pla\u010diai naudojami \u012fvairiose ma\u0161inose, tokiose kaip ekskavatoriai, kranai ir robotin\u0117s rankos, pritaikant juos skirtingiems darbo reikalavimams.<\/li>\n<li><strong>Lengva prie\u017ei\u016bra:<\/strong> Projektuojant atsi\u017evelgiama \u012f paprast\u0105 prie\u017ei\u016br\u0105 ir keitim\u0105, tod\u0117l reguliari ap\u017ei\u016bra ir technin\u0117 prie\u017ei\u016bra yra patogesni, o \u012frangos prastovos laikas sutrump\u0117ja.<\/li>\n<\/ul>\n<p><img decoding=\"async\" src=\"https:\/\/www.hydraulic-cylinders.net\/wp-content\/uploads\/2025\/01\/songte-oil-pipes-and-spare-parts.webp\" alt=\"Atsargini\u0173 dali\u0173 vaizdas\"><\/p>\n<h2>Parai\u0161kos<\/h2>\n<p>Svirtinis cilindras naudojamas \u012fvairiose pramon\u0117s \u0161akose:<\/p>\n<h3>1. Statybos in\u017einerija<\/h3>\n<p>Ekskavatoriuose ir kranuose peties cilindras valdo kau\u0161o arba str\u0117l\u0117s jud\u0117jim\u0105 atliekant \u017eem\u0117s darbus, med\u017eiag\u0173 tvarkym\u0105 ir konstrukcij\u0173 montavim\u0105.<\/p>\n<h3>2. Gamybos pramon\u0117<\/h3>\n<p>Automatizuotose gamybos linijose rankos cilindras leid\u017eia robotin\u0117ms rankoms jud\u0117ti tokiuose procesuose kaip surinkimas, suvirinimas ir med\u017eiag\u0173 tvarkymas, taip pagerinant gamybos efektyvum\u0105 ir tikslum\u0105.<\/p>\n<h3>3. \u017dem\u0117s \u016bkio technika<\/h3>\n<p>\u017dem\u0117s \u016bkio technikoje, pavyzd\u017eiui, derliaus nu\u0117mimo ir s\u0117jamosiose, svirties cilindras valdo valdymo svir\u010di\u0173 jud\u0117jim\u0105 atliekant tokias u\u017eduotis kaip sodinimas, tr\u0119\u0161imas ir derliaus nu\u0117mimas.<\/p>\n<h3>4. Kasyba<\/h3>\n<p>Kasybos \u012frangoje svirties cilindras valdo kasybos \u012frangos svirties jud\u0117jim\u0105 r\u016bdos gavybai ir transportavimui.<\/p>\n<h3>5. Logistika ir transportas<\/h3>\n<p>\u0160akiniuose krautuvuose ir med\u017eiag\u0173 tvarkymo robotuose svirties cilindras valdo \u0161aki\u0173 k\u0117lim\u0105 ir jud\u0117jim\u0105, taip \u012fgalindamas med\u017eiag\u0173 tvarkym\u0105 ir krovim\u0105.<\/p>\n<p><img decoding=\"async\" src=\"https:\/\/www.hydraulic-cylinders.net\/wp-content\/uploads\/2025\/01\/songte-cylinder-head-with-all-kinds-excavator-models.webp\" alt=\"Ekskavatori\u0173 modeliai\"><\/p>\n<h2>Projektavimo aspektai ir atrankos kriterijai<\/h2>\n<p>Projektuojant ir renkantis cilindro formos svirt\u012f, reikia atsi\u017evelgti \u012f kelis veiksnius:<\/p>\n<h3>1. Apkrovos paj\u0117gumas<\/h3>\n<p>Svirties cilindras turi b\u016bti pakankamai tvirtas ir tur\u0117ti pakankamai apkrovos, kad atlaikyt\u0173 eksploatacijos metu susidaran\u010dias j\u0117gas.<\/p>\n<h3>2. Sandarinimas ir tepimas<\/h3>\n<p>Reik\u0117t\u0173 naudoti \u012fvairius sandarinimo elementus, tokius kaip st\u016bmokli\u0173 ir kot\u0173 sandarikliai. \u0160ie sandarikliai pagaminti i\u0161 atspari\u0173 dilimui med\u017eiag\u0173, toki\u0173 kaip poliuretanas ir nitrilo kau\u010diukas. Cilindro korpusas ir srieginis galas yra kruop\u0161\u010diai apdorojami, kad padid\u0117t\u0173 atsparumas dilimui. B\u016btina reguliariai tepti hidrauline alyva.<\/p>\n<h3>3. Patvarumas<\/h3>\n<p>Svirtiniai cilindrai yra veikiami at\u0161iauri\u0173 darbo s\u0105lyg\u0173. Tod\u0117l jie tur\u0117t\u0173 b\u016bti pagaminti i\u0161 auk\u0161tos kokyb\u0117s med\u017eiag\u0173 ir atlikti grie\u017etus gamybos procesus, kad b\u016bt\u0173 u\u017etikrintas ilgaam\u017ei\u0161kumas.<\/p>\n<h3>4. Saugumas<\/h3>\n<p>Projektuojant pirmenyb\u0119 reik\u0117t\u0173 teikti saugos aspektams, pavyzd\u017eiui, \u012ftraukti saugos priemones, skirtas nelaimingiems atsitikimams i\u0161vengti, ir u\u017etikrinti tinkam\u0105 \u012frengim\u0105 bei veikim\u0105.<\/p>\n<h3>5. Lengva prie\u017ei\u016bra<\/h3>\n<p>Projektavimo ypatyb\u0117s tur\u0117t\u0173 u\u017etikrinti paprast\u0105 reguliari\u0105 ap\u017ei\u016br\u0105 ir prevencin\u0119 prie\u017ei\u016br\u0105, suma\u017einant prastovas ir u\u017etikrinant pastov\u0173 veikim\u0105.<\/p>\n<p><img decoding=\"async\" src=\"https:\/\/www.hydraulic-cylinders.net\/wp-content\/uploads\/2025\/01\/songte-chushion-collar.webp\" alt=\"\u0160luost\u0117s apykakl\u0117\"><\/p>\n<h2>Ap\u017ei\u016bra ir prevencin\u0117 prie\u017ei\u016bra<\/h2>\n<p>Reguliarios svirtini\u0173 cilindr\u0173 patikros ir prevencin\u0117s prie\u017ei\u016bros priemon\u0117s apima:<\/p>\n<h3>1. Reguliarus vizualinis patikrinimas<\/h3>\n<p>Patikrinkite, ar n\u0117ra pa\u017eeidim\u0173, nuot\u0117ki\u0173 ar ne\u012fprasto susid\u0117v\u0117jimo po\u017eymi\u0173. Patikrinkite, ar sandarikliai, strypai ir jungtys tinkamai veikia.<\/p>\n<h3>2. Tepimas<\/h3>\n<p>\u012esitikinkite, kad svirties cilindras yra tinkamai sutepamas, reguliariai \u012fpildami reikiam\u0105 kiek\u012f hidraulin\u0117s alyvos.<\/p>\n<h3>3. Valymas<\/h3>\n<p>Svirties cilindr\u0105 ir aplinkinius komponentus laikykite \u0161varius, kad \u0161iuk\u0161l\u0117s ar ter\u0161alai netur\u0117t\u0173 \u012ftakos j\u0173 veikimui.<\/p>\n<h3>4. Sandariklio keitimas<\/h3>\n<p>Jei yra susid\u0117v\u0117jimo ar nuot\u0117kio po\u017eymi\u0173, nedelsdami pakeiskite sandariklius, kad i\u0161laikytum\u0117te optimal\u0173 veikim\u0105 ir i\u0161vengtum\u0117te tolesn\u0117s \u017ealos.<\/p>\n<h3>5. Profesionali prie\u017ei\u016bra<\/h3>\n<p>Sud\u0117tingesn\u0117ms prie\u017ei\u016bros u\u017eduotims ar trik\u010di\u0173 \u0161alinimui kreipkit\u0117s \u012f profesional\u0173 hidraulini\u0173 sistem\u0173 paslaug\u0173 teik\u0117j\u0105, kad u\u017etikrintum\u0117te tinkam\u0105 prie\u017ei\u016br\u0105 ir remont\u0105.<\/p>\n<p><img decoding=\"async\" src=\"https:\/\/www.hydraulic-cylinders.net\/wp-content\/uploads\/2025\/01\/songte-bushings-with-all-kinds-of-excavator-models.webp\" alt=\"\u012evor\u0117s\"><\/p>\n<h2>Saugos aspektai ir aplinkos veiksniai<\/h2>\n<p>Naudojant svirtinius cilindrus, saugos priemon\u0117s yra labai svarbios siekiant i\u0161vengti nelaiming\u0173 atsitikim\u0173 ir u\u017etikrinti operatoriaus gerov\u0119. Svarbu laikytis tinkam\u0173 saugos proced\u016br\u0173, \u012fskaitant:<\/p>\n<ul>\n<li>Tinkamai apmokyti operatorius, kaip saugiai naudoti ir tvarkyti svirtinius cilindrus<\/li>\n<li>Naudojant tinkamus saugos \u012ftaisus ir apsaugos priemones<\/li>\n<li>Reguliariai tikrinkite ir pri\u017ei\u016br\u0117kite rankos cilindr\u0105, kad nustatytum\u0117te galimus pavojus saugai<\/li>\n<li>Laikytis atitinkam\u0173 pramon\u0117s saugos standart\u0173 ir reglament\u0173<\/li>\n<\/ul>\n<h2>Trik\u010di\u0173 \u0161alinimas ir da\u017eniausiai pasitaikan\u010dios problemos<\/h2>\n<p>Da\u017eniausios problemos, kurios gali kilti naudojant svirtinius cilindrus, yra \u0161ios:<\/p>\n<ul>\n<li>Hidraulinio skys\u010dio nuot\u0117kis<\/li>\n<li>Maitinimo sutrikimas arba l\u0117tas veikimas<\/li>\n<li>Per didel\u0117 vibracija ar triuk\u0161mas<\/li>\n<li>Netolygus arba tr\u016bk\u010diojantis judesys<\/li>\n<li>Nesugeb\u0117jimas i\u0161laikyti krovinio<\/li>\n<\/ul>\n<p>Nor\u0117dami i\u0161spr\u0119sti \u0161ias problemas, atsi\u017evelkite \u012f \u0161iuos trik\u010di\u0173 \u0161alinimo patarimus:<\/p>\n<ul>\n<li>Patikrinkite, ar n\u0117ra atsilaisvinusi\u0173 jung\u010di\u0173, ir prireikus jas priver\u017ekite<\/li>\n<li>Patikrinkite sandariklius ir pakeiskite juos, jei jie pa\u017eeisti arba susid\u0117v\u0117j\u0119<\/li>\n<li>U\u017etikrinkite tinkam\u0105 tepim\u0105, patikrindami hidraulin\u0117s alyvos lyg\u012f ir, jei reikia, \u012fpildami daugiau<\/li>\n<li>Patikrinkite hidraulin\u0119 sistem\u0105, ar n\u0117ra joki\u0173 u\u017esikim\u0161im\u0173 ar apribojim\u0173<\/li>\n<li>Jei problema i\u0161lieka, kreipkit\u0117s \u012f specialist\u0105 d\u0117l tolesn\u0117s diagnostikos ir remonto<\/li>\n<\/ul>\n<p><img decoding=\"async\" src=\"https:\/\/www.hydraulic-cylinders.net\/wp-content\/uploads\/2025\/01\/songte-chushion-collar.webp\" alt=\"\u0160luost\u0117s apykakl\u0117\"><\/p>\n<h2>Apie mus<\/h2>\n<p>Esame profesionalus pakaitini\u0173 hidraulini\u0173 cilindr\u0173 gamintojas, si\u016blantis plat\u0173 gamini\u0173 asortiment\u0105. Tapome vienu i\u0161 pirmaujan\u010di\u0173 hidraulini\u0173 cilindr\u0173 gamintoj\u0173 ir didmenini\u0173 platintoj\u0173 vidaus ir tarptautin\u0117se rinkose. Laikydamiesi auk\u0161\u010diausios kokyb\u0117s principo, nuolat tobuliname savo technologin\u012f lyg\u012f ir gamybos efektyvum\u0105, naudodami puikius gamybos cechus ir industrializuot\u0105 gamybos valdym\u0105. \u012ediegdami auk\u0161\u010diausios klas\u0117s skaitmenin\u0119 gamybos \u012frang\u0105 ir profesionalias bandym\u0173 sistemas, optimizuojame savo gamybos platform\u0105 ir tobuliname gamini\u0173 kokyb\u0117s kontrol\u0117s procesus, demonstruodami stiprius inovacij\u0173 paj\u0117gumus. M\u016bs\u0173 tikslas \u2013 patenkinti \u012fvairius klient\u0173 poreikius efektyvumu, tikslumu ir auk\u0161tos kokyb\u0117s produktais.<\/p>\n<p><img decoding=\"async\" src=\"https:\/\/www.hydraulic-cylinders.net\/wp-content\/uploads\/2025\/01\/songte-company-4.webp\" alt=\"4 \u012fmon\u0117\"><br \/>\n<img decoding=\"async\" src=\"https:\/\/www.hydraulic-cylinders.net\/wp-content\/uploads\/2025\/01\/songte-company-3.webp\" alt=\"3 \u012fmon\u0117\"><\/p>\n<p><strong>Autorius: lyl.<\/strong><\/p>","protected":false},"excerpt":{"rendered":"<p>Arm Cylinder For Bonny WZYD18-6 Introduction The arm cylinder is a specially designed hydraulic cylinder that provides linear motion and power to the arm of various machinery, such as excavators, cranes, and robotic arms. It plays a crucial role in hydraulic systems, enabling the effective movement and control of additional tools or attachments. These cylinders [&hellip;]<\/p>","protected":false},"featured_media":14772,"comment_status":"open","ping_status":"closed","template":"","meta":{"_et_pb_use_builder":"","_et_pb_old_content":"","_et_gb_content_width":""},"product_brand":[],"product_cat":[1497],"product_tag":[1498,1496],"class_list":{"0":"post-16863","1":"product","2":"type-product","3":"status-publish","4":"has-post-thumbnail","6":"product_cat-arm-cylinders","7":"product_tag-arm-cylinders","8":"product_tag-hydraulic-cylinders","10":"first","11":"instock","12":"shipping-taxable","13":"product-type-simple"},"amp_enabled":true,"_links":{"self":[{"href":"https:\/\/www.hydraulic-cylinders.net\/lt\/wp-json\/wp\/v2\/product\/16863","targetHints":{"allow":["GET"]}}],"collection":[{"href":"https:\/\/www.hydraulic-cylinders.net\/lt\/wp-json\/wp\/v2\/product"}],"about":[{"href":"https:\/\/www.hydraulic-cylinders.net\/lt\/wp-json\/wp\/v2\/types\/product"}],"replies":[{"embeddable":true,"href":"https:\/\/www.hydraulic-cylinders.net\/lt\/wp-json\/wp\/v2\/comments?post=16863"}],"wp:featuredmedia":[{"embeddable":true,"href":"https:\/\/www.hydraulic-cylinders.net\/lt\/wp-json\/wp\/v2\/media\/14772"}],"wp:attachment":[{"href":"https:\/\/www.hydraulic-cylinders.net\/lt\/wp-json\/wp\/v2\/media?parent=16863"}],"wp:term":[{"taxonomy":"product_brand","embeddable":true,"href":"https:\/\/www.hydraulic-cylinders.net\/lt\/wp-json\/wp\/v2\/product_brand?post=16863"},{"taxonomy":"product_cat","embeddable":true,"href":"https:\/\/www.hydraulic-cylinders.net\/lt\/wp-json\/wp\/v2\/product_cat?post=16863"},{"taxonomy":"product_tag","embeddable":true,"href":"https:\/\/www.hydraulic-cylinders.net\/lt\/wp-json\/wp\/v2\/product_tag?post=16863"}],"curies":[{"name":"wp","href":"https:\/\/api.w.org\/{rel}","templated":true}]}}