{"id":16866,"date":"2025-01-21T06:09:07","date_gmt":"2025-01-21T06:09:07","guid":{"rendered":"https:\/\/www.hydraulic-cylinders.net\/product\/arm-cylinder-for-bonny-ced260-6\/"},"modified":"2025-01-21T06:09:09","modified_gmt":"2025-01-21T06:09:09","slug":"arm-cylinder-for-bonny-ced260-6","status":"publish","type":"product","link":"https:\/\/www.hydraulic-cylinders.net\/lt\/produktas\/arm-cylinder-for-bonny-ced260-6\/","title":{"rendered":"Bonny CED260-6 rankenos cilindras"},"content":{"rendered":"<h2>Bonny CED260-6 rankenos cilindras<\/h2>\n<p>Svirties cilindras, kaip rodo pavadinimas, yra specializuotas hidraulinis cilindras, skirtas u\u017etikrinti tiesin\u012f jud\u0117jim\u0105 ir gali\u0105 \u012fvairi\u0173 ma\u0161in\u0173, toki\u0173 kaip ekskavatoriai, kranai ir mechanin\u0117s svirtys, svir\u010diai. \u0160ie cilindrai atlieka labai svarb\u0173 vaidmen\u012f hidraulin\u0117se sistemose, nes leid\u017eia efektyviai jud\u0117ti ir valdyti papildomus \u012frankius ar priedus. \u0160ie cilindrai ne tik u\u017etikrina skland\u0173 jud\u0117jim\u0105, bet ir atlaiko dideles apkrovas, u\u017etikrindami efektyv\u0173 ma\u0161in\u0173 veikim\u0105 ir patikimum\u0105 \u012fvairiomis darbo s\u0105lygomis.<\/p>\n<p><img decoding=\"async\" src=\"https:\/\/www.hydraulic-cylinders.net\/wp-content\/uploads\/2025\/01\/songte-company-2.webp\" alt=\"Svirties cilindro vaizdas\"><\/p>\n<h3>Bonny CED260-6 rankenos cilindro savyb\u0117s<\/h3>\n<ol>\n<li>\n<p>Didelio efektyvumo transmisija: Svirties cilindras u\u017etikrina galing\u0105 tiesin\u012f judes\u012f ir j\u0117g\u0105, u\u017etikrindamas auk\u0161t\u0105 mechanin\u0117s svirties na\u0161um\u0105 atliekant \u012fvairias operacijas.<\/p>\n<\/li>\n<li>\n<p>Tikslus valdymas: Hidraulin\u0117s sistemos d\u0117ka svirties cilindras leid\u017eia tiksliai valdyti judes\u012f, tod\u0117l papildom\u0173 \u012franki\u0173 valdymas tampa lankstesnis ir tikslesnis.<\/p>\n<\/li>\n<li>\n<p>Didelis patvarumas: Svirtiniai cilindrai paprastai gaminami i\u0161 didelio stiprumo med\u017eiag\u0173, pasi\u017eymin\u010di\u0173 puikiu atsparumu dilimui ir korozijai, tod\u0117l tinkami ilgalaikiam naudojimui at\u0161iauriomis s\u0105lygomis.<\/p>\n<\/li>\n<li>\n<p>Daugiafunkcis pritaikomumas: \u0160ie cilindrai pla\u010diai naudojami \u012fvairiose ma\u0161inose, tokiose kaip ekskavatoriai, kranai ir mechanin\u0117s svirtys, prisitaikant prie skirting\u0173 darbo reikalavim\u0173.<\/p>\n<\/li>\n<li>\n<p>Lengva prie\u017ei\u016bra: konstrukcija skirta lengvam techniniam aptarnavimui ir pakeitimui, tod\u0117l reguliari ap\u017ei\u016bra ir prie\u017ei\u016bra yra patogi, tuo pa\u010diu suma\u017einant \u012frangos prastovos laik\u0105.<\/p>\n<\/li>\n<\/ol>\n<p><img decoding=\"async\" src=\"https:\/\/www.hydraulic-cylinders.net\/wp-content\/uploads\/2025\/01\/songte-oil-pipes-and-spare-parts.webp\" alt=\"Hidraulinio cilindro vaizdas\"><\/p>\n<h3>\u201eBonny CED260-6\u201c svirties cilindro pritaikymas<\/h3>\n<p>Svirtiniai cilindrai pla\u010diai naudojami \u012fvairiose pramon\u0117s \u0161akose skirtingoms reikm\u0117ms:<\/p>\n<ul>\n<li>\n<p>Statybos in\u017einerija: ekskavatoriuose ir kranuose str\u0117li\u0173 cilindrai valdo kau\u0161\u0173 arba str\u0117li\u0173 judesius, atlieka \u017eem\u0117s darbus, med\u017eiag\u0173 tvarkym\u0105 ir konstrukcij\u0173 montavim\u0105.<\/p>\n<\/li>\n<li>\n<p>Gamybos pramon\u0117: Automatizuotose gamybos linijose svir\u010di\u0173 cilindrai leid\u017eia judinti mechanines svirtis tokiuose procesuose kaip surinkimas, suvirinimas ir tvarkymas, taip padidindami gamybos efektyvum\u0105 ir tikslum\u0105.<\/p>\n<\/li>\n<li>\n<p>\u017dem\u0117s \u016bkio technika: \u017dem\u0117s \u016bkio \u012frangoje, tokioje kaip derliaus nu\u0117mimo ma\u0161inos ir s\u0117jamosios, svir\u010di\u0173 cilindrai valdo darbini\u0173 svir\u010di\u0173 jud\u0117jim\u0105, atlikdami tokias u\u017eduotis kaip s\u0117ja, tr\u0119\u0161imas ir derliaus nu\u0117mimas.<\/p>\n<\/li>\n<li>\n<p>Kasyba: Kasybos \u012frangoje svirties cilindrai valdo kasybos ma\u0161in\u0173 svirties jud\u0117jim\u0105, palengvindami r\u016bdos gavyb\u0105 ir transportavim\u0105.<\/p>\n<\/li>\n<li>\n<p>Logistika ir transportas: \u0160akiniuose krautuvuose ir robotuose svir\u010di\u0173 cilindrai valdo \u0161aki\u0173 k\u0117lim\u0105 ir jud\u0117jim\u0105, taip \u012fgalindami med\u017eiag\u0173 tvarkym\u0105 ir krovim\u0105.<\/p>\n<\/li>\n<\/ul>\n<h3>Projektavimo aspektai ir atrankos kriterijai<\/h3>\n<p>Projektuojant svirtinius cilindrus, reikia atsi\u017evelgti \u012f kelis veiksnius ir kriterijus:<\/p>\n<ul>\n<li>\n<p>Keliamoji galia: Svirtiniai cilindrai yra skirti specifin\u0117ms apkrovoms atlaikyti, u\u017etikrinant optimal\u0173 na\u0161um\u0105 ir saugum\u0105 skirtingose \u200b\u200bsrityse.<\/p>\n<\/li>\n<li>\n<p>Sandarinimas: Naudojami \u012fvair\u016bs sandarinimo komponentai, tokie kaip st\u016bmokli\u0173 ir kot\u0173 sandarikliai, pagaminti i\u0161 atspari\u0173 dilimui med\u017eiag\u0173, toki\u0173 kaip poliuretanas ir nitrilo kau\u010diukas. Cilindro korpusas ir srieginiai pavir\u0161iai yra kruop\u0161\u010diai apdorojami, siekiant padidinti atsparum\u0105 dilimui.<\/p>\n<\/li>\n<li>\n<p>Patvarumas: Svirtiniai cilindrai gaminami naudojant auk\u0161tos kokyb\u0117s med\u017eiagas ir tikslius apdirbimo metodus, kad b\u016bt\u0173 u\u017etikrintas patvarumas ir ilgaam\u017ei\u0161kumas sud\u0117tingomis s\u0105lygomis.<\/p>\n<\/li>\n<li>\n<p>Sauga: Projektuojant svirties cilindrus, saugos aspektai yra nepaprastai svarb\u016bs, siekiant i\u0161vengti nelaiming\u0173 atsitikim\u0173 ir u\u017etikrinti operatori\u0173 bei aplinkini\u0173 darbuotoj\u0173 gerov\u0119.<\/p>\n<\/li>\n<li>\n<p>Prie\u017ei\u016bra: \u012ediegtos konstrukcijos ypatyb\u0117s, kurios palengvina technin\u0119 prie\u017ei\u016br\u0105 ir remont\u0105, suma\u017eina prastovas ir padidina eksploatavimo efektyvum\u0105.<\/p>\n<\/li>\n<\/ul>\n<p><img decoding=\"async\" src=\"https:\/\/www.hydraulic-cylinders.net\/wp-content\/uploads\/2025\/01\/songte-cylinder-head-with-all-kinds-excavator-models.webp\" alt=\"Cilindro galvut\u0117s vaizdas\"><\/p>\n<h3>Svirties cilindro sandarinimas ir tepimas<\/h3>\n<p>Svirtiniai cilindrai naudoja \u012fvairius sandarinimo komponentus ir juos reikia periodi\u0161kai tepti:<\/p>\n<ul>\n<li>\n<p>Sandarinimo komponentai: Svirtiniuose cilindruose naudojami st\u016bmokli\u0173 sandarikliai, stryp\u0173 sandarikliai ir kiti sandarinimo elementai, pagaminti i\u0161 atspari\u0173 dilimui med\u017eiag\u0173, toki\u0173 kaip poliuretanas ir nitrilo kau\u010diukas.<\/p>\n<\/li>\n<li>\n<p>Cilindro korpuso ir srieginio galo apdorojimas: Cilindro korpusas ir srieginiai galo pavir\u0161iai yra kruop\u0161\u010diai apdorojami, siekiant padidinti atsparum\u0105 dilimui.<\/p>\n<\/li>\n<li>\n<p>Reguliarus tepimas: Tepimui reikalingas pakankamas hidraulin\u0117s alyvos kiekis, o norint u\u017etikrinti skland\u0173 veikim\u0105, reikia reguliariai \u012fpilti reikiam\u0105 kiek\u012f.<\/p>\n<\/li>\n<\/ul>\n<h3>Reguliarus patikrinimas ir prevencin\u0117 prie\u017ei\u016bra<\/h3>\n<p>Norint u\u017etikrinti optimal\u0173 svirtini\u0173 cilindr\u0173 veikim\u0105 ir ilgaam\u017ei\u0161kum\u0105, b\u016btina reguliariai juos ap\u017ei\u016br\u0117ti ir atlikti profilaktinius darbus:<\/p>\n<ul>\n<li>\n<p>Ap\u017ei\u016bra: Reguliariai tikrinkite svirties cilindr\u0105, ar n\u0117ra susid\u0117v\u0117jimo, nuot\u0117kio ar pa\u017eeidim\u0173 po\u017eymi\u0173. Atkreipkite d\u0117mes\u012f \u012f sandarinimo komponent\u0173 b\u016bkl\u0119 ir bendr\u0105 cilindro veikim\u0105.<\/p>\n<\/li>\n<li>\n<p>Profilaktin\u0117 prie\u017ei\u016bra: Laikykit\u0117s rekomenduojam\u0173 technin\u0117s prie\u017ei\u016bros interval\u0173 ir atlikite prevencines u\u017eduotis, tokias kaip valymas, tepimas ir susid\u0117v\u0117jusi\u0173 komponent\u0173 keitimas.<\/p>\n<\/li>\n<\/ul>\n<p><img decoding=\"async\" src=\"https:\/\/www.hydraulic-cylinders.net\/wp-content\/uploads\/2025\/01\/songte-chushion-collar.webp\" alt=\"Chushion apykakl\u0117s vaizdas\"><\/p>\n<h3>Tinkamas svirties cilindro montavimo vadovas<\/h3>\n<p>Tinkamas svirties cilindro montavimas yra labai svarbus optimaliam jo veikimui ir ilgaam\u017ei\u0161kumui:<\/p>\n<ul>\n<li>\n<p>Vadovaukit\u0117s gamintojo pateiktomis montavimo instrukcijomis ir u\u017etikrinkite, kad b\u016bt\u0173 laikomasi vis\u0173 rekomenduojam\u0173 proced\u016br\u0173.<\/p>\n<\/li>\n<li>\n<p>Prie\u0161 montuodami cilindr\u0105 ir susijusius komponentus, patikrinkite, ar n\u0117ra pa\u017eeidim\u0173 ar defekt\u0173.<\/p>\n<\/li>\n<li>\n<p>U\u017etikrinkite tinkam\u0105 cilindro sulygiavim\u0105 ir tvirt\u0105 pritvirtinim\u0105 prie mechanizmo, laikydamiesi nurodyt\u0173 sukimo momento ver\u010di\u0173.<\/p>\n<\/li>\n<li>\n<p>Patikrinkite visas hidraulines jungtis, ar n\u0117ra nuot\u0117ki\u0173, ir u\u017etikrinkite tinkam\u0105 sandarum\u0105.<\/p>\n<\/li>\n<li>\n<p>Po \u012frengimo patikrinkite cilindro veikim\u0105, kad \u012fsitikintum\u0117te, jog jis veikia tinkamai.<\/p>\n<\/li>\n<\/ul>\n<p><img decoding=\"async\" src=\"https:\/\/www.hydraulic-cylinders.net\/wp-content\/uploads\/2025\/01\/songte-bushings-with-all-kinds-of-excavator-models.webp\" alt=\"\u012evori\u0173 vaizdas\"><\/p>\n<h3>Saugos aspektai ir aplinkos veiksniai<\/h3>\n<p>Dirbant su svirtiniais cilindrais, saugos priemon\u0117s yra labai svarbios siekiant i\u0161vengti nelaiming\u0173 atsitikim\u0173 ir u\u017etikrinti saugi\u0105 darbo aplink\u0105. Svarbu atsi\u017evelgti \u012f tokius veiksnius kaip:<\/p>\n<ul>\n<li>\n<p>Saugos priemon\u0117s: Dirbdami su mechanizmais su svirtiniais cilindrais, laikykit\u0117s vis\u0173 saugos nurodym\u0173 ir protokol\u0173. Naudokite tinkamas apsaugines priemones ir laikykit\u0117s tinkam\u0173 darbo proced\u016br\u0173.<\/p>\n<\/li>\n<li>\n<p>Aplinkos veiksniai: Atsi\u017evelkite \u012f darbo s\u0105lygas ir aplinkos veiksnius, tokius kaip temperat\u016bra, dr\u0117gm\u0117 ir s\u0105lytis su korozin\u0117mis med\u017eiagomis. \u012esitikinkite, kad svirties cilindras tinka konkre\u010diai naudojimo aplinkai.<\/p>\n<\/li>\n<\/ul>\n<h3>Trik\u010di\u0173 \u0161alinimas ir da\u017eniausiai pasitaikan\u010dios problemos<\/h3>\n<p>Nepaisant patikimumo, svirties cilindrai gali susidurti su problemomis, kurias reikia pa\u0161alinti. Kai kurios da\u017eniausios problemos:<\/p>\n<ul>\n<li>\n<p>Nuot\u0117kis: patikrinkite, ar n\u0117ra hidraulinio skys\u010dio nuot\u0117kio, ir nustatykite jo \u0161altin\u012f. Nuot\u0117kis gali b\u016bti d\u0117l pa\u017eeist\u0173 sandarikli\u0173 arba jung\u010di\u0173.<\/p>\n<\/li>\n<li>\n<p>Prastas veikimas: jei svirties cilindras nesuteikia laukiamos galios ar judesio, patikrinkite hidraulin\u0119 sistem\u0105 ir patikrinkite, ar n\u0117ra kli\u016b\u010di\u0173 ar gedim\u0173.<\/p>\n<\/li>\n<li>\n<p>Ne\u012fprastas triuk\u0161mas: Ne\u012fprasti triuk\u0161mai veikimo metu gali rodyti mechanines problemas arba netinkam\u0105 tepim\u0105. Patikrinkite cilindr\u0105 ir susijusius komponentus, ar n\u0117ra koki\u0173 nors anomalij\u0173.<\/p>\n<\/li>\n<\/ul>\n<p><img decoding=\"async\" src=\"https:\/\/www.hydraulic-cylinders.net\/wp-content\/uploads\/2025\/01\/songte-chushion-collar.webp\" alt=\"Chushion apykakl\u0117s vaizdas\"><\/p>\n<p>Vadovaukit\u0117s \u0161iais patarimais ir sprendimais, kad efektyviai diagnozuotum\u0117te ir i\u0161spr\u0119stum\u0117te svirties cilindro problemas. Be to, \u012fgyvendinimas<\/p>","protected":false},"excerpt":{"rendered":"<p>Arm Cylinder For Bonny CED260-6 Arm Cylinder, as the name suggests, is a specialized hydraulic cylinder designed to provide linear motion and power to the arm of various machinery such as excavators, cranes, and mechanical arms. These cylinders play a crucial role in hydraulic systems, allowing for effective movement and control of additional tools or [&hellip;]<\/p>","protected":false},"featured_media":14763,"comment_status":"open","ping_status":"closed","template":"","meta":{"_et_pb_use_builder":"","_et_pb_old_content":"","_et_gb_content_width":""},"product_brand":[],"product_cat":[1497],"product_tag":[1498,1496],"class_list":{"0":"post-16866","1":"product","2":"type-product","3":"status-publish","4":"has-post-thumbnail","6":"product_cat-arm-cylinders","7":"product_tag-arm-cylinders","8":"product_tag-hydraulic-cylinders","10":"first","11":"instock","12":"shipping-taxable","13":"product-type-simple"},"amp_enabled":true,"_links":{"self":[{"href":"https:\/\/www.hydraulic-cylinders.net\/lt\/wp-json\/wp\/v2\/product\/16866","targetHints":{"allow":["GET"]}}],"collection":[{"href":"https:\/\/www.hydraulic-cylinders.net\/lt\/wp-json\/wp\/v2\/product"}],"about":[{"href":"https:\/\/www.hydraulic-cylinders.net\/lt\/wp-json\/wp\/v2\/types\/product"}],"replies":[{"embeddable":true,"href":"https:\/\/www.hydraulic-cylinders.net\/lt\/wp-json\/wp\/v2\/comments?post=16866"}],"wp:featuredmedia":[{"embeddable":true,"href":"https:\/\/www.hydraulic-cylinders.net\/lt\/wp-json\/wp\/v2\/media\/14763"}],"wp:attachment":[{"href":"https:\/\/www.hydraulic-cylinders.net\/lt\/wp-json\/wp\/v2\/media?parent=16866"}],"wp:term":[{"taxonomy":"product_brand","embeddable":true,"href":"https:\/\/www.hydraulic-cylinders.net\/lt\/wp-json\/wp\/v2\/product_brand?post=16866"},{"taxonomy":"product_cat","embeddable":true,"href":"https:\/\/www.hydraulic-cylinders.net\/lt\/wp-json\/wp\/v2\/product_cat?post=16866"},{"taxonomy":"product_tag","embeddable":true,"href":"https:\/\/www.hydraulic-cylinders.net\/lt\/wp-json\/wp\/v2\/product_tag?post=16866"}],"curies":[{"name":"wp","href":"https:\/\/api.w.org\/{rel}","templated":true}]}}