{"id":16867,"date":"2025-01-21T06:09:11","date_gmt":"2025-01-21T06:09:11","guid":{"rendered":"https:\/\/www.hydraulic-cylinders.net\/product\/arm-cylinder-for-bonny-wzy42-7\/"},"modified":"2025-01-21T06:09:13","modified_gmt":"2025-01-21T06:09:13","slug":"arm-cylinder-for-bonny-wzy42-7","status":"publish","type":"product","link":"https:\/\/www.hydraulic-cylinders.net\/lt\/produktas\/arm-cylinder-for-bonny-wzy42-7\/","title":{"rendered":"Bonny WZY42-7 rankenos cilindras"},"content":{"rendered":"<h1>Bonny WZY42-7 rankenos cilindras<\/h1>\n<h2>\u012evadas<\/h2>\n<p>Svirties cilindras yra specialiai suprojektuotas hidraulinis cilindras, u\u017etikrinantis tiesin\u012f jud\u0117jim\u0105 ir gali\u0105 \u012fvairi\u0173 tip\u0173 ma\u0161in\u0173, toki\u0173 kaip ekskavatoriai, kranai ir robotin\u0117s rankos, svirtims. Jis atlieka labai svarb\u0173 vaidmen\u012f hidraulin\u0117se sistemose, nes leid\u017eia efektyviai jud\u0117ti ir valdyti papildomus \u012frankius ar priedus. \u0160ie cilindrai ne tik u\u017etikrina skland\u0173 jud\u0117jim\u0105, bet ir atlaiko dideles apkrovas, u\u017etikrindami auk\u0161t\u0105 ma\u0161inos veikimo efektyvum\u0105 ir patikimum\u0105 \u012fvairiomis darbo s\u0105lygomis.<\/p>\n<p><img decoding=\"async\" src=\"https:\/\/www.hydraulic-cylinders.net\/wp-content\/uploads\/2025\/01\/songte-company-2.webp\" alt=\"Svirties cilindro vaizdas\"><\/p>\n<h2>Savyb\u0117s<\/h2>\n<ul>\n<li>Didelio efektyvumo transmisija: Svirties cilindras u\u017etikrina galing\u0105 tiesin\u012f judes\u012f ir j\u0117g\u0105, u\u017etikrindamas auk\u0161t\u0105 mechanin\u0117s svirties na\u0161um\u0105 atliekant \u012fvairias operacijas.<\/li>\n<li>Tikslus valdymas: Hidraulin\u0117s sistemos d\u0117ka svirties cilindras leid\u017eia tiksliai valdyti judes\u012f, tod\u0117l pritvirtint\u0173 \u012franki\u0173 valdymas tampa lankstesnis ir tikslesnis.<\/li>\n<li>Didelis patvarumas: Svirtiniai cilindrai paprastai gaminami i\u0161 didelio stiprumo med\u017eiag\u0173 ir pasi\u017eymi puikiu atsparumu dilimui bei korozijai, tod\u0117l juos galima naudoti ilgalaik\u0117je aplinkoje.<\/li>\n<li>Daugiafunkcis pritaikomumas: \u0160ie cilindrai gali b\u016bti pla\u010diai naudojami \u012fvairiems mechaniniams \u012frenginiams, pavyzd\u017eiui, ekskavatoriams, kranams ir robotin\u0117ms rankoms, prisitaikant prie skirting\u0173 darbo reikalavim\u0173.<\/li>\n<li>Lengva prie\u017ei\u016bra: Sukurti atsi\u017evelgiant \u012f lengv\u0105 prie\u017ei\u016br\u0105 ir keitim\u0105, svirties cilindrai palengvina patogius periodinius patikrinimus ir technin\u0119 prie\u017ei\u016br\u0105, taip suma\u017einant \u012frangos prastovas.<\/li>\n<\/ul>\n<p><img decoding=\"async\" src=\"https:\/\/www.hydraulic-cylinders.net\/wp-content\/uploads\/2025\/01\/songte-oil-pipes-and-spare-parts.webp\" alt=\"Produkto vaizdas\"><\/p>\n<h2>Parai\u0161kos<\/h2>\n<p>Svirtinis cilindras naudojamas \u012fvairiose pramon\u0117s \u0161akose:<\/p>\n<ul>\n<li>Statybos in\u017einerija: ekskavatoriuose ir kranuose svirties cilindras naudojamas kau\u0161o arba str\u0117l\u0117s jud\u0117jimui valdyti, palengvinant \u017eem\u0117s darb\u0173 darbus, med\u017eiag\u0173 tvarkym\u0105 ir konstrukcij\u0173 montavim\u0105.<\/li>\n<li>Gamybos pramon\u0117: Automatizuotose gamybos linijose rankos cilindras leid\u017eia robotin\u0117ms rankoms jud\u0117ti surinkimo, suvirinimo ir med\u017eiag\u0173 tvarkymo procesuose, taip padidindamas gamybos efektyvum\u0105 ir tikslum\u0105.<\/li>\n<li>\u017dem\u0117s \u016bkio technika: \u017dem\u0117s \u016bkio \u012frangoje, tokioje kaip derliaus nu\u0117mimo ir sodinimo ma\u0161inos, svirties cilindras valdo valdymo svir\u010di\u0173 jud\u0117jim\u0105 atliekant tokias u\u017eduotis kaip s\u0117ja, tr\u0119\u0161imas ir derliaus nu\u0117mimas.<\/li>\n<li>Kasyba: Kasybos \u012frangoje svirties cilindras valdo kasybos ma\u0161in\u0173 svirties jud\u0117jim\u0105 r\u016bdos gavybai ir transportavimui.<\/li>\n<li>Logistika ir transportavimas: \u0160akiniuose krautuvuose ir krovini\u0173 krovimo robotuose svirties cilindras reguliuoja \u0161aki\u0173 k\u0117lim\u0105 ir jud\u0117jim\u0105, taip \u012fgalindamas med\u017eiag\u0173 tvarkym\u0105 ir krovim\u0105.<\/li>\n<\/ul>\n<h2>Projektavimo aspektai ir atrankos kriterijai<\/h2>\n<p>Kalbant apie cilindr\u0173 konstrukcij\u0105, atsi\u017evelgiama \u012f kelis pagrindinius veiksnius:<\/p>\n<ul>\n<li>Apkrovos paj\u0117gumas<\/li>\n<li>Sandarinimo savyb\u0117s<\/li>\n<li>Patvarumas<\/li>\n<li>Saugumas<\/li>\n<li>Prie\u017ei\u016bra<\/li>\n<\/ul>\n<p><img decoding=\"async\" src=\"https:\/\/www.hydraulic-cylinders.net\/wp-content\/uploads\/2025\/01\/songte-cylinder-head-with-all-kinds-excavator-models.webp\" alt=\"Produkto vaizdas\"><\/p>\n<h2>Sandarinimas ir tepimas<\/h2>\n<p>Siekiant u\u017etikrinti optimal\u0173 na\u0161um\u0105, svirtiniuose cilindruose naudojami \u012fvair\u016bs sandarinimo komponentai, tokie kaip st\u016bmokli\u0173 ir kot\u0173 sandarikliai, pagaminti i\u0161 atspari\u0173 dilimui med\u017eiag\u0173, toki\u0173 kaip poliuretanas ir nitrilo kau\u010diukas. Cilindro korpusas ir srieginis galas yra kruop\u0161\u010diai apdorojami, siekiant padidinti atsparum\u0105 dilimui. Norint tinkamai sutepti, b\u016btina reguliariai tepti hidrauline alyva.<\/p>\n<h2>Reguliarus patikrinimas ir prevencin\u0117 prie\u017ei\u016bra<\/h2>\n<p>Reguliarus patikrinimas ir prevencin\u0117s prie\u017ei\u016bros priemon\u0117s yra b\u016btinos, kad svirtiniai cilindrai tarnaut\u0173 ilgai ir veikt\u0173 optimaliai. Kai kurios rekomenduojamos priemon\u0117s:<\/p>\n<ul>\n<li>Tikrinama, ar n\u0117ra nuot\u0117kio po\u017eymi\u0173<\/li>\n<li>Tinkamo lygiavimo ir pad\u0117ties patikrinimas<\/li>\n<li>Priver\u017ekite visas atsilaisvinusias jungtis<\/li>\n<li>Periodi\u0161kai kei\u010diami sandarikliai ir tarpin\u0117s<\/li>\n<li>Hidraulinio skys\u010dio lygio ir kokyb\u0117s steb\u0117jimas<\/li>\n<\/ul>\n<h2>Produkto diegimo vadovas<\/h2>\n<p>Tinkamas svirties cilindr\u0173 montavimas yra labai svarbus j\u0173 efektyviam veikimui. Pateikiame kelet\u0105 bendr\u0173 gairi\u0173:<\/p>\n<ul>\n<li>U\u017etikrinkite tinkam\u0105 cilindro i\u0161d\u0117stym\u0105 ir pad\u0117t\u012f<\/li>\n<li>Tvirtai pritvirtinkite visas jungtis<\/li>\n<li>Sriegin\u0117ms jungtims pritaikyti tinkam\u0105 sukimo moment\u0105<\/li>\n<li>\u012esitikinkite, kad hidraulin\u0117 sistema yra tinkamai prijungta ir joje yra sl\u0117gio<\/li>\n<\/ul>\n<p><img decoding=\"async\" src=\"https:\/\/www.hydraulic-cylinders.net\/wp-content\/uploads\/2025\/01\/songte-bushings-with-all-kinds-of-excavator-models.webp\" alt=\"Produkto vaizdas\"><\/p>\n<h2>Saugos aspektai ir aplinkos veiksniai<\/h2>\n<p>Naudojant cilindrus su rankenomis, saugos priemon\u0117s yra nepaprastai svarbios. Laikantis saugos protokol\u0173, u\u017etikrinama personalo ir \u012frangos apsauga. Siekiant u\u017etikrinti optimal\u0173 na\u0161um\u0105 ir ilgaam\u017ei\u0161kum\u0105, b\u016btina atsi\u017evelgti \u012f aplinkos veiksnius, tokius kaip temperat\u016bra, dr\u0117gm\u0117 ir eksploatavimo s\u0105lygos.<\/p>\n<h2>Gedim\u0173 diagnostika ir da\u017eniausios problemos<\/h2>\n<p>Da\u017eniausios problemos, kurios gali kilti naudojant svirtinius cilindrus, yra \u0161ios:<\/p>\n<ul>\n<li>Nuot\u0117kis i\u0161 sandarikli\u0173 ar jung\u010di\u0173<\/li>\n<li>Nepakankamas arba netolygus jud\u0117jimas<\/li>\n<li>Ne\u012fprastas triuk\u0161mas veikimo metu<\/li>\n<li>Nesugeb\u0117jimas i\u0161laikyti krovini\u0173<\/li>\n<li>Nenuoseklus arba nestabilus jud\u0117jimas<\/li>\n<\/ul>\n<p>Nor\u0117dami i\u0161spr\u0119sti \u0161ias problemas, apsvarstykite \u0161iuos trik\u010di\u0173 \u0161alinimo ir sprendim\u0173 b\u016bdus:<\/p>\n<ul>\n<li>Patikrinkite ir pakeiskite sugedusius sandariklius ar jungtis<\/li>\n<li>Patikrinkite ir sureguliuokite hidraulin\u012f sl\u0117g\u012f ir sraut\u0105<\/li>\n<li>Sutepkite judan\u010dias dalis<\/li>\n<li>Patikrinkite ir suremontuokite visus pa\u017eeistus komponentus<\/li>\n<li>D\u0117l sud\u0117ting\u0173 problem\u0173 kreipkit\u0117s \u012f profesionalius technikus<\/li>\n<\/ul>\n<p><img decoding=\"async\" src=\"https:\/\/www.hydraulic-cylinders.net\/wp-content\/uploads\/2025\/01\/songte-chushion-collar.webp\" alt=\"Produkto vaizdas\"><\/p>\n<p>Nepamir\u0161kite straipsn\u012f strukt\u016brizuoti logi\u0161kai, naudoti paantra\u0161tes lengvam nar\u0161ymui, \u012ftraukti atitinkam\u0173 vaizd\u0173 ar diagram\u0173 geresniam supratimui ir u\u017etikrinti turinio ai\u0161kum\u0105, glaustum\u0105 bei tinkamum\u0105 skaitytojams, turintiems skirtingus technini\u0173 \u017eini\u0173 lygius.<\/p>\n<h2>Apie mus<\/h2>\n<p>Esame profesionalus pakaitini\u0173 hidraulini\u0173 cilindr\u0173 gamintojas, si\u016blantis plat\u0173 gamini\u0173 asortiment\u0105. Tapome vienu i\u0161 pirmaujan\u010di\u0173 hidraulini\u0173 cilindr\u0173 gamintoj\u0173 ir didmenini\u0173 platintoj\u0173 vidaus ir tarptautin\u0117se rinkose. Vadovaudamiesi meistri\u0161kumo principais ir remdamiesi savo modernios gamybos dirbtuv\u0117s industrializuota gamybos valdymo strategija, nuolat tobuliname savo techninius paj\u0117gumus ir gamybos efektyvum\u0105.<\/p>\n<p>Diegiant auk\u0161\u010diausios klas\u0117s skaitmenin\u0119 gamybos \u012frang\u0105 ir profesionalias testavimo sistemas, optimizuojame savo gamybos platform\u0105 ir tobuliname gamini\u0173 kokyb\u0117s kontrol\u0117s procesus. Turime stipri\u0173 inovacij\u0173 paj\u0117gum\u0173. M\u016bs\u0173 tikslas \u2013 patenkinti \u012fvairius klient\u0173 poreikius, vadovaujantis efektyvumo, tikslumo ir auk\u0161tos kokyb\u0117s principais.<\/p>\n<p><img decoding=\"async\" src=\"https:\/\/www.hydraulic-cylinders.net\/wp-content\/uploads\/2025\/01\/songte-company-4.webp\" alt=\"\u012emon\u0117s \u012fvaizdis\"><br \/>\n<img decoding=\"async\" src=\"https:\/\/www.hydraulic-cylinders.net\/wp-content\/uploads\/2025\/01\/songte-company-3.webp\" alt=\"\u012emon\u0117s \u012fvaizdis\"><\/p>\n<p><em>Autorius: lyl<\/em><\/p>","protected":false},"excerpt":{"rendered":"<p>Arm Cylinder For Bonny WZY42-7 Introduction The arm cylinder is a specially designed hydraulic cylinder that provides linear motion and power to the arm of various types of machinery such as excavators, cranes, and robotic arms. It plays a crucial role in hydraulic systems, allowing for efficient movement and control of additional tools or attachments. [&hellip;]<\/p>","protected":false},"featured_media":14759,"comment_status":"open","ping_status":"closed","template":"","meta":{"_et_pb_use_builder":"","_et_pb_old_content":"","_et_gb_content_width":""},"product_brand":[],"product_cat":[1497],"product_tag":[1498,1496],"class_list":{"0":"post-16867","1":"product","2":"type-product","3":"status-publish","4":"has-post-thumbnail","6":"product_cat-arm-cylinders","7":"product_tag-arm-cylinders","8":"product_tag-hydraulic-cylinders","10":"first","11":"instock","12":"shipping-taxable","13":"product-type-simple"},"amp_enabled":true,"_links":{"self":[{"href":"https:\/\/www.hydraulic-cylinders.net\/lt\/wp-json\/wp\/v2\/product\/16867","targetHints":{"allow":["GET"]}}],"collection":[{"href":"https:\/\/www.hydraulic-cylinders.net\/lt\/wp-json\/wp\/v2\/product"}],"about":[{"href":"https:\/\/www.hydraulic-cylinders.net\/lt\/wp-json\/wp\/v2\/types\/product"}],"replies":[{"embeddable":true,"href":"https:\/\/www.hydraulic-cylinders.net\/lt\/wp-json\/wp\/v2\/comments?post=16867"}],"wp:featuredmedia":[{"embeddable":true,"href":"https:\/\/www.hydraulic-cylinders.net\/lt\/wp-json\/wp\/v2\/media\/14759"}],"wp:attachment":[{"href":"https:\/\/www.hydraulic-cylinders.net\/lt\/wp-json\/wp\/v2\/media?parent=16867"}],"wp:term":[{"taxonomy":"product_brand","embeddable":true,"href":"https:\/\/www.hydraulic-cylinders.net\/lt\/wp-json\/wp\/v2\/product_brand?post=16867"},{"taxonomy":"product_cat","embeddable":true,"href":"https:\/\/www.hydraulic-cylinders.net\/lt\/wp-json\/wp\/v2\/product_cat?post=16867"},{"taxonomy":"product_tag","embeddable":true,"href":"https:\/\/www.hydraulic-cylinders.net\/lt\/wp-json\/wp\/v2\/product_tag?post=16867"}],"curies":[{"name":"wp","href":"https:\/\/api.w.org\/{rel}","templated":true}]}}