{"id":16868,"date":"2025-01-21T06:09:15","date_gmt":"2025-01-21T06:09:15","guid":{"rendered":"https:\/\/www.hydraulic-cylinders.net\/product\/arm-cylinder-for-bonny-ctd460-6\/"},"modified":"2025-01-21T06:09:17","modified_gmt":"2025-01-21T06:09:17","slug":"arm-cylinder-for-bonny-ctd460-6","status":"publish","type":"product","link":"https:\/\/www.hydraulic-cylinders.net\/lt\/produktas\/arm-cylinder-for-bonny-ctd460-6\/","title":{"rendered":"Bonny CTD460-6 rankenos cilindras"},"content":{"rendered":"<h1>Bonny CTD460-6 rankenos cilindras<\/h1>\n<h2>\u012evadas<\/h2>\n<p>Svirties cilindras yra specializuotas hidraulinis cilindras, daugiausia naudojamas linijiniam judesiui ir galiai u\u017etikrinti \u012fvairi\u0173 tip\u0173 ma\u0161in\u0173, toki\u0173 kaip ekskavatoriai, kranai ir robotin\u0117s svirtys, svirtims. Svirties cilindras atlieka labai svarb\u0173 vaidmen\u012f hidraulin\u0117se sistemose, nes leid\u017eia efektyviai jud\u0117ti ir valdyti pritvirtintus \u012frankius ar priedus. \u0160ie cilindrai ne tik u\u017etikrina skland\u0173 jud\u0117jim\u0105, bet ir atlaiko dideles apkrovas, u\u017etikrindami efektyv\u0173 ma\u0161in\u0173 veikim\u0105 ir patikimum\u0105 \u012fvairiomis darbo s\u0105lygomis.<\/p>\n<p><img decoding=\"async\" src=\"https:\/\/www.hydraulic-cylinders.net\/wp-content\/uploads\/2025\/01\/songte-company-2.webp\"><\/p>\n<h2>Savyb\u0117s<\/h2>\n<ul>\n<li>\n<h3>Efektyvus energijos perdavimas:<\/h3>\n<p> Svirties cilindras u\u017etikrina stipr\u0173 tiesin\u012f judes\u012f ir gali\u0105, u\u017etikrindamas auk\u0161t\u0105 ma\u0161inos efektyvum\u0105.<\/li>\n<li>\n<h3>Tikslus valdymas:<\/h3>\n<p> Hidraulin\u0117s sistemos d\u0117ka rankos cilindras gali tiksliai valdyti judes\u012f, tod\u0117l pritvirtint\u0173 \u012franki\u0173 valdymas tampa lankstesnis ir tikslesnis.<\/li>\n<li>\n<h3>Didelis patvarumas:<\/h3>\n<p> Svirtiniai cilindrai paprastai gaminami i\u0161 didelio stiprumo med\u017eiag\u0173, kurios pasi\u017eymi geru atsparumu dilimui ir korozijai, tod\u0117l tinka ilgalaikiam naudojimui at\u0161iauriomis s\u0105lygomis.<\/li>\n<li>\n<h3>Daugiafunkcinis prisitaikymas:<\/h3>\n<p> \u0160ie cilindrai gali b\u016bti pla\u010diai naudojami \u012fvairi\u0173 tip\u0173 ma\u0161inose, tokiose kaip ekskavatoriai, kranai ir robotin\u0117s rankos, pritaikant juos skirtingiems darbo reikalavimams.<\/li>\n<li>\n<h3>Lengva prie\u017ei\u016bra:<\/h3>\n<p> Projektuojant atsi\u017evelgiama \u012f paprast\u0105 prie\u017ei\u016br\u0105 ir keitim\u0105, tod\u0117l reguliari ap\u017ei\u016bra ir prie\u017ei\u016bra yra patogesni, o \u012frangos prastovos laikas sutrump\u0117ja.<\/li>\n<\/ul>\n<p>Mes galime pagaminti \u0161\u012f produkt\u0105, o m\u016bs\u0173 produktai gali puikiai pakeisti \u0161iuos hidraulinius cilindrus.<\/p>\n<p><img decoding=\"async\" src=\"https:\/\/www.hydraulic-cylinders.net\/wp-content\/uploads\/2025\/01\/songte-oil-pipes-and-spare-parts.webp\"><\/p>\n<h2>Parai\u0161kos<\/h2>\n<p>Svirtiniai cilindrai naudojami \u012fvairiose pramon\u0117s \u0161akose ir srityse, \u012fskaitant:<\/p>\n<ul>\n<li>\n<h3>Konstrukcija:<\/h3>\n<p> Ekskavatoriuose ir kranuose str\u0117li\u0173 cilindrai naudojami kau\u0161\u0173 arba str\u0117li\u0173 jud\u0117jimui valdyti atliekant \u017eem\u0117s darbus, med\u017eiag\u0173 tvarkym\u0105 ir konstrukcij\u0173 montavim\u0105.<\/li>\n<li>\n<h3>Gamyba:<\/h3>\n<p> Automatizuotose gamybos linijose ranken\u0173 cilindrai naudojami robotini\u0173 rank\u0173 judinimui surinkimo, suvirinimo ir tvarkymo procesuose, taip pagerinant gamybos efektyvum\u0105 ir tikslum\u0105.<\/li>\n<li>\n<h3>\u017dem\u0117s \u016bkio technika:<\/h3>\n<p> \u017dem\u0117s \u016bkio technikose, tokiose kaip derliaus nu\u0117mimo ma\u0161inos ir sodinamosios, svir\u010di\u0173 cilindrai valdo darbini\u0173 svir\u010di\u0173 jud\u0117jim\u0105, atlikdami tokias u\u017eduotis kaip s\u0117ja, tr\u0119\u0161imas ir derliaus nu\u0117mimas.<\/li>\n<li>\n<h3>Kasyba:<\/h3>\n<p> Kasybos \u012frangoje svirties cilindrai naudojami r\u016bdos kasybos ir tvarkymo \u012frangos svirties jud\u0117jimui valdyti.<\/li>\n<li>\n<h3>Logistika ir transportas:<\/h3>\n<p> \u0160akiniuose krautuvuose ir krovini\u0173 krovimo robotuose svir\u010di\u0173 cilindrai naudojami \u0161aki\u0173 k\u0117limui ir jud\u0117jimui valdyti, taip u\u017etikrinant med\u017eiag\u0173 tvarkym\u0105 ir krovim\u0105.<\/li>\n<\/ul>\n<h2>Projektavimo aspektai ir atrankos kriterijai<\/h2>\n<p>Svirties cilindro konstrukcijoje atsi\u017evelgiama \u012f tokius pagrindinius veiksnius kaip laikomoji galia, sandarumas, ilgaam\u017ei\u0161kumas, saugumas ir prie\u017ei\u016bra. <\/p>\n<ul>\n<li>\n<h3>Apkrovos paj\u0117gumas:<\/h3>\n<p> Svirties cilindras turi atlaikyti eksploatacijos metu jam tenkan\u010dias apkrovas, u\u017etikrindamas skland\u0173 ir efektyv\u0173 veikim\u0105.<\/li>\n<li>\n<h3>Sandarinimas:<\/h3>\n<p> Cilindras turi b\u016bti sandariai u\u017edarytas, kad b\u016bt\u0173 i\u0161vengta hidraulinio skys\u010dio nutek\u0117jimo ir u\u017eter\u0161imo i\u0161orin\u0117mis \u0161iuk\u0161l\u0117mis.<\/li>\n<li>\n<h3>Patvarumas:<\/h3>\n<p> Svirties cilindras turi b\u016bti pagamintas i\u0161 auk\u0161tos kokyb\u0117s med\u017eiag\u0173, kurios gali atlaikyti at\u0161iaurias eksploatavimo s\u0105lygas.<\/li>\n<li>\n<h3>Saugumas:<\/h3>\n<p> Svirties cilindras turi b\u016bti suprojektuotas taip, kad b\u016bt\u0173 i\u0161vengta nelaiming\u0173 atsitikim\u0173 ir personalo bei ma\u0161in\u0173 su\u017ealojim\u0173.<\/li>\n<li>\n<h3>Prie\u017ei\u016bra:<\/h3>\n<p> Projektuojant reikia atsi\u017evelgti \u012f prie\u017ei\u016bros ir keitimo paprastum\u0105, prastov\u0173 sutrumpinim\u0105 ir na\u0161umo didinim\u0105.<\/li>\n<\/ul>\n<p><img decoding=\"async\" src=\"https:\/\/www.hydraulic-cylinders.net\/wp-content\/uploads\/2025\/01\/songte-cylinder-head-with-all-kinds-excavator-models.webp\"><\/p>\n<h2>Sandarinimas ir tepimas<\/h2>\n<p>Svirtiniuose cilindruose naudojami \u012fvair\u016bs sandarinimo komponentai, tokie kaip st\u016bmokli\u0173 ir kot\u0173 sandarikliai, pagaminti i\u0161 atspari\u0173 dilimui med\u017eiag\u0173, toki\u0173 kaip poliuretanas ir nitrilo kau\u010diukas. Cilindro korpusas ir srieginiai galiniai pavir\u0161iai yra kruop\u0161\u010diai apdirbti, siekiant pagerinti atsparum\u0105 dilimui. Reguliarus techninis aptarnavimas apima tinkamo kiekio hidraulin\u0117s alyvos \u012fpylim\u0105 tepimui.<\/p>\n<h2>Profilaktin\u0117 prie\u017ei\u016bra ir trik\u010di\u0173 \u0161alinimas<\/h2>\n<p>Reguliarus patikrinimas ir profilaktin\u0117 prie\u017ei\u016bra yra b\u016btini siekiant u\u017etikrinti skland\u0173 svirties cilindro veikim\u0105. Da\u017enas problemas, tokias kaip hidraulinio skys\u010dio nuot\u0117kis, cilindro poslinkis ir suma\u017e\u0117j\u0119s efektyvumas, galima diagnozuoti ir i\u0161spr\u0119sti naudojant tinkamus trik\u010di\u0173 \u0161alinimo metodus. Priemon\u0117s, skirtos i\u0161vengti galim\u0173 problem\u0173, apima cilindro \u0161varos palaikym\u0105, tinkamo montavimo ir pritvirtinimo u\u017etikrinim\u0105 bei rekomenduojam\u0173 prie\u017ei\u016bros grafik\u0173 laikym\u0105si.<\/p>\n<p><img decoding=\"async\" src=\"https:\/\/www.hydraulic-cylinders.net\/wp-content\/uploads\/2025\/01\/songte-chushion-collar.webp\"><\/p>\n<h2>Diegimo vadovas<\/h2>\n<p>Norint tinkamai sumontuoti svirties cilindr\u0105, vadovaukit\u0117s gamintojo instrukcijomis ir laikykit\u0117s atitinkam\u0173 saugos priemoni\u0173. Patikrinkite \u012frangos suderinamum\u0105 ir \u012fsitikinkite, kad visi tvirtinimo ta\u0161kai yra tvirti ir geros b\u016bkl\u0117s. Prie\u0161 naudojim\u0105 atlikite funkcin\u012f bandym\u0105, kad u\u017etikrintum\u0117te tinkam\u0105 cilindro veikim\u0105.<\/p>\n<h2>Apie mus<\/h2>\n<p>Esame profesionalus pakaitini\u0173 hidraulini\u0173 cilindr\u0173 gamintojas, si\u016blantis plat\u0173 gamini\u0173 asortiment\u0105, ir vienas i\u0161 pirmaujan\u010di\u0173 hidraulini\u0173 cilindr\u0173 gamintoj\u0173 bei didmenini\u0173 platintoj\u0173 vidaus ir tarptautin\u0117se rinkose. Mes visada laikom\u0117s meistri\u0161kumo principo, remdamiesi industrializuotomis gamybos valdymo strategijomis kruop\u0161\u010diai pagamintose dirbtuv\u0117se, kad nuolat gerintume savo technin\u012f lyg\u012f ir gamybos efektyvum\u0105. \u012ediegdami auk\u0161\u010diausios klas\u0117s skaitmenin\u0119 gamybos \u012frang\u0105 ir profesionalias bandym\u0173 sistemas, optimizuojame gamybos platform\u0105 ir tobuliname gamini\u0173 kokyb\u0117s kontrol\u0117s proces\u0105, tur\u0117dami stiprias inovacij\u0173 galimybes. M\u016bs\u0173 tikslas \u2013 efektyviai, tiksliai ir auk\u0161ta kokybe patenkinti \u012fvairius klient\u0173 poreikius.<\/p>\n<ul>\n<li>\n<h3>Profesionalumas:<\/h3>\n<p> Turime patyrusi\u0173 ir profesionali\u0173 in\u017einieri\u0173 bei technik\u0173 komand\u0105, kuri specializuojasi hidraulini\u0173 cilindr\u0173 projektavime, gamyboje ir kokyb\u0117s kontrol\u0117je.<\/li>\n<li>\n<h3>Tarptautinis sertifikavimas:<\/h3>\n<p> M\u016bs\u0173 gaminiai yra sertifikuoti \u012fvairiais nacionaliniais ir tarptautiniais kokyb\u0117s sertifikatais, tokiais kaip ISO9001:2015, CE ir SGS.<\/li>\n<li>\n<h3>Pritaikymo paslaugos:<\/h3>\n<p> Teikiame individualiai pritaikytas paslaugas, kad patenkintume konkre\u010dius klient\u0173 reikalavimus.<\/li>\n<li>\n<h3>Gamybos \u012franga:<\/h3>\n<p> Siekdami u\u017etikrinti auk\u0161t\u0105 gamini\u0173 tikslum\u0105 ir nuoseklum\u0105, naudojame pa\u017eangi\u0105 ir auk\u0161\u010diausios klas\u0117s skaitmenin\u0119 gamybos \u012frang\u0105, toki\u0105 kaip CNC tekinimo stakl\u0117s ir apdirbimo centrai.<\/li>\n<li>\n<h3>Aptarnavimas po pardavimo:<\/h3>\n<p> Teikiame i\u0161samias ir profesionalias garantinio aptarnavimo paslaugas, tokias kaip technin\u0117 pagalba, gamini\u0173 prie\u017ei\u016bra ir garantija.<\/li>\n<\/ul>\n<p><img decoding=\"async\" src=\"https:\/\/www.hydraulic-cylinders.net\/wp-content\/uploads\/2025\/01\/songte-company-4.webp\"><\/p>\n<p><img decoding=\"async\" src=\"https:\/\/www.hydraulic-cylinders.net\/wp-content\/uploads\/2025\/01\/songte-company-3.webp\"><\/p>\n<footer>Autorius: lyl.<\/footer>","protected":false},"excerpt":{"rendered":"<p>Arm Cylinder For Bonny CTD460-6 Introduction An arm cylinder is a specialized hydraulic cylinder that is primarily used to provide linear motion and power to the arms of various types of machinery such as excavators, cranes, and robotic arms. The arm cylinder plays a critical role in hydraulic systems, allowing for effective movement and control [&hellip;]<\/p>","protected":false},"featured_media":14786,"comment_status":"open","ping_status":"closed","template":"","meta":{"_et_pb_use_builder":"","_et_pb_old_content":"","_et_gb_content_width":""},"product_brand":[],"product_cat":[1497],"product_tag":[1498,1496],"class_list":{"0":"post-16868","1":"product","2":"type-product","3":"status-publish","4":"has-post-thumbnail","6":"product_cat-arm-cylinders","7":"product_tag-arm-cylinders","8":"product_tag-hydraulic-cylinders","10":"first","11":"instock","12":"shipping-taxable","13":"product-type-simple"},"amp_enabled":true,"_links":{"self":[{"href":"https:\/\/www.hydraulic-cylinders.net\/lt\/wp-json\/wp\/v2\/product\/16868","targetHints":{"allow":["GET"]}}],"collection":[{"href":"https:\/\/www.hydraulic-cylinders.net\/lt\/wp-json\/wp\/v2\/product"}],"about":[{"href":"https:\/\/www.hydraulic-cylinders.net\/lt\/wp-json\/wp\/v2\/types\/product"}],"replies":[{"embeddable":true,"href":"https:\/\/www.hydraulic-cylinders.net\/lt\/wp-json\/wp\/v2\/comments?post=16868"}],"wp:featuredmedia":[{"embeddable":true,"href":"https:\/\/www.hydraulic-cylinders.net\/lt\/wp-json\/wp\/v2\/media\/14786"}],"wp:attachment":[{"href":"https:\/\/www.hydraulic-cylinders.net\/lt\/wp-json\/wp\/v2\/media?parent=16868"}],"wp:term":[{"taxonomy":"product_brand","embeddable":true,"href":"https:\/\/www.hydraulic-cylinders.net\/lt\/wp-json\/wp\/v2\/product_brand?post=16868"},{"taxonomy":"product_cat","embeddable":true,"href":"https:\/\/www.hydraulic-cylinders.net\/lt\/wp-json\/wp\/v2\/product_cat?post=16868"},{"taxonomy":"product_tag","embeddable":true,"href":"https:\/\/www.hydraulic-cylinders.net\/lt\/wp-json\/wp\/v2\/product_tag?post=16868"}],"curies":[{"name":"wp","href":"https:\/\/api.w.org\/{rel}","templated":true}]}}