{"id":16869,"date":"2025-01-21T06:09:19","date_gmt":"2025-01-21T06:09:19","guid":{"rendered":"https:\/\/www.hydraulic-cylinders.net\/product\/arm-cylinder-for-bonny-ce1250-7\/"},"modified":"2025-01-21T06:09:21","modified_gmt":"2025-01-21T06:09:21","slug":"arm-cylinder-for-bonny-ce1250-7","status":"publish","type":"product","link":"https:\/\/www.hydraulic-cylinders.net\/lt\/produktas\/arm-cylinder-for-bonny-ce1250-7\/","title":{"rendered":"Bonny CE1250-7 rankenos cilindras"},"content":{"rendered":"<h1>Bonny CE1250-7 rankenos cilindras<\/h1>\n<h2>\u012evadas<\/h2>\n<p>Svirties cilindras, dar \u017einomas kaip hidraulinis cilindras, yra specialiai suprojektuotas cilindras, u\u017etikrinantis tiesin\u012f jud\u0117jim\u0105 ir gali\u0105 \u012fvairi\u0173 ma\u0161in\u0173, toki\u0173 kaip ekskavatoriai, kranai ir robotin\u0117s rankos, svir\u010diai. Jis atlieka labai svarb\u0173 vaidmen\u012f hidraulin\u0117se sistemose, nes leid\u017eia efektyviai jud\u0117ti ir valdyti priedus ar priedus. \u0160ie cilindrai ne tik u\u017etikrina skland\u0173 jud\u0117jim\u0105, bet ir atlaiko dideles apkrovas, u\u017etikrindami efektyv\u0173 ma\u0161in\u0173 veikim\u0105 ir patikimum\u0105 \u012fvairiomis darbo s\u0105lygomis.<\/p>\n<p><img decoding=\"async\" src=\"https:\/\/www.hydraulic-cylinders.net\/wp-content\/uploads\/2025\/01\/songte-company-2.webp\"><\/p>\n<h2>Savyb\u0117s<\/h2>\n<ul>\n<li><strong>Didelio efektyvumo transmisija:<\/strong> Svirties cilindras u\u017etikrina galing\u0105 tiesin\u012f judes\u012f ir j\u0117g\u0105, u\u017etikrindamas auk\u0161t\u0105 mechanin\u0117s svirties na\u0161um\u0105 atliekant \u012fvairias operacijas.<\/li>\n<li><strong>Tikslus valdymas:<\/strong> Hidraulin\u0117s sistemos d\u0117ka svirties cilindras leid\u017eia tiksliai valdyti judes\u012f, tod\u0117l pried\u0173 valdymas tampa lankstesnis ir tikslesnis.<\/li>\n<li><strong>Patvarumas:<\/strong> Svirtiniai cilindrai paprastai gaminami i\u0161 didelio stiprumo med\u017eiag\u0173, pasi\u017eymin\u010di\u0173 geru atsparumu dilimui ir korozijai, tod\u0117l jie tinkami ilgalaikiam naudojimui at\u0161iauriomis s\u0105lygomis.<\/li>\n<li><strong>Daugiafunkcinis prisitaikymas:<\/strong> \u0160ie cilindrai pla\u010diai naudojami \u012fvairiose ma\u0161inose, tokiose kaip ekskavatoriai, kranai ir robotin\u0117s rankos, prisitaikant prie skirting\u0173 darbo reikalavim\u0173.<\/li>\n<li><strong>Lengva prie\u017ei\u016bra:<\/strong> Sukurti taip, kad b\u016bt\u0173 lengva pri\u017ei\u016br\u0117ti ir keisti, jie palengvina reguliarias patikras ir technin\u0119 prie\u017ei\u016br\u0105, taip suma\u017einant \u012frangos prastovas.<\/li>\n<\/ul>\n<p><img decoding=\"async\" src=\"https:\/\/www.hydraulic-cylinders.net\/wp-content\/uploads\/2025\/01\/songte-oil-pipes-and-spare-parts.webp\"><\/p>\n<h2>Parai\u0161kos<\/h2>\n<p>Svirtinis cilindras naudojamas \u012fvairiose pramon\u0117s \u0161akose ir srityse:<\/p>\n<h3>1. Statybos in\u017einerija<\/h3>\n<p>Ekskavatoriuose ir kranuose str\u0117l\u0117s cilindras valdo kau\u0161\u0173 arba str\u0117li\u0173 jud\u0117jim\u0105, leisdamas atlikti \u017eem\u0117s darbus, med\u017eiag\u0173 tvarkym\u0105 ir konstrukcij\u0173 surinkim\u0105.<\/p>\n<h3>2. Gamyba<\/h3>\n<p>Automatizuotose gamybos linijose rankos cilindras palengvina robotini\u0173 rank\u0173 jud\u0117jim\u0105 tokiuose procesuose kaip surinkimas, suvirinimas ir med\u017eiag\u0173 tvarkymas, taip pagerindamas gamybos efektyvum\u0105 ir tikslum\u0105.<\/p>\n<h3>3. \u017dem\u0117s \u016bkio technika<\/h3>\n<p>\u017dem\u0117s \u016bkio \u012frangoje, tokioje kaip derliaus nu\u0117mimo ma\u0161inos ir s\u0117jamosios, svirties cilindras valdo darbini\u0173 svir\u010di\u0173 jud\u0117jim\u0105, atlikdamas tokias u\u017eduotis kaip s\u0117ja, tr\u0119\u0161imas ir derliaus nu\u0117mimas.<\/p>\n<h3>4. Kasyba<\/h3>\n<p>Kasybos \u012frangoje svirties cilindras valdo kasybos ma\u0161in\u0173 svirties jud\u0117jim\u0105, palengvindamas r\u016bdos gavyb\u0105 ir transportavim\u0105.<\/p>\n<h3>5. Logistika ir transportas<\/h3>\n<p>\u0160akiniuose krautuvuose ir krovini\u0173 krovimo robotuose svirties cilindras valdo \u0161aki\u0173 k\u0117lim\u0105 ir jud\u0117jim\u0105, taip \u012fgalindamas med\u017eiag\u0173 tvarkym\u0105 ir krovim\u0105.<\/p>\n<p><img decoding=\"async\" src=\"https:\/\/www.hydraulic-cylinders.net\/wp-content\/uploads\/2025\/01\/songte-chushion-collar.webp\"><\/p>\n<h2>Projektavimo aspektai ir atrankos kriterijai<\/h2>\n<p>Projektuojant ir renkantis cilindro formos rankenas, reikia atsi\u017evelgti \u012f \u012fvairius veiksnius:<\/p>\n<h3>1. Apkrovos paj\u0117gumas<\/h3>\n<p>Cilindras turi atlaikyti maksimali\u0105 apkrov\u0105, kuri jam bus taikoma eksploatacijos metu, u\u017etikrinant saug\u0173 ir efektyv\u0173 veikim\u0105.<\/p>\n<h3>2. Sandarinimas<\/h3>\n<p>Siekiant i\u0161vengti nuot\u0117kio ir u\u017etikrinti patikim\u0105 veikim\u0105, reik\u0117t\u0173 naudoti \u012fvairius sandariklius, tokius kaip st\u016bmokli\u0173 ir kot\u0173 sandarikliai. Da\u017eniausiai renkamasi patvarias sandarinimo med\u017eiagas, tokias kaip poliuretanas ir nitrilo kau\u010diukas.<\/p>\n<h3>3. Patvarumas<\/h3>\n<p>Cilindro korpusas ir srieginiai galai turi b\u016bti kruop\u0161\u010diai apdorojami, kad b\u016bt\u0173 padidintas atsparumas dilimui. Tai u\u017etikrina ilgalaik\u012f veikim\u0105 net ir sud\u0117tingomis s\u0105lygomis.<\/p>\n<h3>4. Saugumas<\/h3>\n<p>Reik\u0117t\u0173 atsi\u017evelgti \u012f saugos priemones, tokias kaip apsauga nuo perkrovos ir avarinio stabdymo mechanizmai, siekiant i\u0161vengti nelaiming\u0173 atsitikim\u0173 ir u\u017etikrinti operatoriaus saug\u0105.<\/p>\n<h3>5. Lengva prie\u017ei\u016bra<\/h3>\n<p>Konstrukcija tur\u0117t\u0173 u\u017etikrinti lengv\u0105 komponent\u0173 prie\u017ei\u016br\u0105 ir keitim\u0105, taip suma\u017einant prastovas ir u\u017etikrinant efektyv\u0173 veikim\u0105.<\/p>\n<p><img decoding=\"async\" src=\"https:\/\/www.hydraulic-cylinders.net\/wp-content\/uploads\/2025\/01\/songte-cylinder-head-with-all-kinds-excavator-models.webp\"><\/p>\n<h2>Sandarinimas ir tepimas<\/h2>\n<p>Svirtiniame cilindre naudojami \u012fvair\u016bs sandarinimo komponentai, tokie kaip st\u016bmokli\u0173 ir kot\u0173 sandarikliai, pagaminti i\u0161 atspari\u0173 dilimui med\u017eiag\u0173, toki\u0173 kaip poliuretanas ir nitrilo kau\u010diukas. Cilindro korpusas ir srieginiai galai yra kruop\u0161\u010diai apdorojami, siekiant padidinti atsparum\u0105 dilimui. Skland\u017eiam darbui b\u016btina reguliariai tepti tinkamu hidraulin\u0117s alyvos kiekiu.<\/p>\n<h2>Reguliarus patikrinimas ir prevencin\u0117 prie\u017ei\u016bra<\/h2>\n<p>Norint u\u017etikrinti optimal\u0173 cilindro veikim\u0105 ir ilgaam\u017ei\u0161kum\u0105, reikia imtis \u0161i\u0173 priemoni\u0173:<\/p>\n<ul>\n<li>Reguliariai tikrinkite cilindr\u0105, ar n\u0117ra susid\u0117v\u0117jimo, nuot\u0117kio ar pa\u017eeidim\u0173 po\u017eymi\u0173.<\/li>\n<li>Patikrinkite ir pri\u017ei\u016br\u0117kite sandarinimo komponentus, kad i\u0161vengtum\u0117te alyvos nuot\u0117kio.<\/li>\n<li>Steb\u0117kite hidraulin\u0117s alyvos lyg\u012f ir kokyb\u0119, prireikus papildykite arba pakeiskite.<\/li>\n<li>Patikrinkite ir i\u0161valykite cilindro angas ir jungtis, kad i\u0161vengtum\u0117te u\u017esikim\u0161im\u0173.<\/li>\n<li>Laikykit\u0117s gamintojo nurodym\u0173 d\u0117l technin\u0117s prie\u017ei\u016bros interval\u0173 ir proced\u016br\u0173.<\/li>\n<\/ul>\n<h2>Produkto diegimo vadovas<\/h2>\n<p>Tinkamas svirties cilindro montavimas yra labai svarbus jo veikimui ir saugumui. Atlikite \u0161iuos veiksmus:<\/p>\n<ol>\n<li>\u012esitikinkite, kad \u012franga yra i\u0161jungta ir stabilioje pad\u0117tyje.<\/li>\n<li>Tvirtai pritvirtinkite cilindr\u0105 prie numatyt\u0173 tvirtinimo ta\u0161k\u0173.<\/li>\n<li>Prijunkite hidraulines \u017earnas laikydamiesi teisingos konfig\u016bracijos.<\/li>\n<li>Patikrinkite cilindro veikim\u0105, naudodami \u012frang\u0105 kontroliuojamomis s\u0105lygomis.<\/li>\n<li>Patikrinkite, ar n\u0117ra nuot\u0117ki\u0173 ar ne\u012fprasto jud\u0117jimo, ir atlikite reikiamus pakeitimus.<\/li>\n<li>\u012esitikinkite, kad visos jungtys yra tinkamai priver\u017etos.<\/li>\n<\/ol>\n<p><img decoding=\"async\" src=\"https:\/\/www.hydraulic-cylinders.net\/wp-content\/uploads\/2025\/01\/songte-bushings-with-all-kinds-of-excavator-models.webp\"><\/p>\n<h2>Saugos aspektai ir aplinkos veiksniai<\/h2>\n<p>Dirbant su rankiniais cilindrais, labai svarbu laikytis saugos priemoni\u0173, kad b\u016bt\u0173 i\u0161vengta nelaiming\u0173 atsitikim\u0173 ir su\u017ealojim\u0173. Saugos priemon\u0117s apima:<\/p>\n<ul>\n<li>D\u0117v\u0117ti tinkamas asmenines apsaugos priemones (AAP), tokias kaip pir\u0161tin\u0117s ir apsauginiai akiniai.<\/li>\n<li>Laikytis konkre\u010diai \u012frangai skirt\u0173 saugos nurodym\u0173 ir eksploatavimo proced\u016br\u0173.<\/li>\n<li>Venkite cilindro perkrovos, vir\u0161ijant jo vardin\u0119 talp\u0105.<\/li>\n<li>Palaikykite \u0161vari\u0105 ir gerai ap\u0161viest\u0105 darbo viet\u0105, kad i\u0161vengtum\u0117te suklupim\u0173 ir kritim\u0173.<\/li>\n<\/ul>\n<h2>Trik\u010di\u0173 \u0161alinimas ir da\u017eniausiai pasitaikan\u010dios problemos<\/h2>\n<p>\u0160tai keletas da\u017eniausiai pasitaikan\u010di\u0173 patarim\u0173 ir sprendim\u0173, kaip i\u0161spr\u0119sti svirties cilindro problemas:<\/p>\n<ul>\n<li>Jei cilindras tinkamai nei\u0161siple\u010dia arba nesusitraukia, patikrinkite, ar n\u0117ra hidraulinio skys\u010dio nuot\u0117kio ir ar n\u0117ra \u017eemo sl\u0117gio. Prireikus papildykite hidraulin\u012f skyst\u012f arba pakeiskite.<\/li>\n<li>Jei cilindras juda tr\u016bk\u010diodamas arba netolygiai, patikrinkite, ar sandarikliai n\u0117ra susid\u0117v\u0117j\u0119 ar pa\u017eeisti, ir prireikus pakeiskite.<\/li>\n<li>Jei cilindro veikimo metu girdimas per didelis triuk\u0161mas, patikrinkite, ar n\u0117ra atsilaisvinusi\u0173 jung\u010di\u0173 arba susid\u0117v\u0117jusi\u0173 dali\u0173. Priver\u017ekite jungtis ir pakeiskite visas pa\u017eeistas dalis.<\/li>\n<li>Jei cilindras nereaguoja \u012f valdymo signalus, patikrinkite hidraulin\u012f valdymo vo\u017etuv\u0105 ir susijusias elektros jungtis.<\/li>\n<\/ul>\n<p>Prevencin\u0117s priemon\u0117s apima reguliarius patikrinimus, tinkam\u0105 tepim\u0105 ir rekomenduojam\u0173 eksploatavimo rib\u0173 laikym\u0105si, siekiant suma\u017einti galimas problemas.<\/p>\n<p><img decoding=\"async\" src=\"https:\/\/www.hydraulic-cylinders.net\/wp-content\/uploads\/2025\/01\/songte-chushion-collar.webp\"><\/p>\n<h2>Apie mus<\/h2>\n<p>Esame profesionalus pakaitini\u0173 hidraulini\u0173 cilindr\u0173 gamintojas, si\u016blantis plat\u0173 gamini\u0173 asortiment\u0105. Tapome vienu i\u0161 pirmaujan\u010di\u0173 gamintoj\u0173 ir didmeninink\u0173 vidaus ir tarptautin\u0117se rinkose. Siekdami meistri\u0161kumo, nuolat tobuliname savo technines \u017einias ir gamybos efektyvum\u0105, naudodami tobulinamus gamybos procesus ir pa\u017eangi\u0105 \u012frang\u0105.<\/p>\n<p>Diegiant auk\u0161\u010diausios klas\u0117s skaitmenin\u0119 gamybos \u012frang\u0105 ir profesionalias testavimo sistemas, optimizuojame savo gamybos platform\u0105 ir tobuliname gamini\u0173 kokyb\u0117s kontrol\u0117s procesus. Turime stipr\u0173 geb\u0117jim\u0105 diegti naujoves ir stengiam\u0117s patenkinti \u012fvairius klient\u0173 poreikius, vadovaudamiesi efektyvumo, tikslumo ir auk\u0161tos kokyb\u0117s principais.<\/p>\n<p><img decoding=\"async\" src=\"https:\/\/www.hydraulic-cylinders.net\/wp-content\/uploads\/2025\/01\/songte-company-4.webp\"><br \/>\n<img decoding=\"async\" src=\"https:\/\/www.hydraulic-cylinders.net\/wp-content\/uploads\/2025\/01\/songte-company-3.webp\"><\/p>\n<p>M\u016bs\u0173 \u012fmon\u0117 \u017einoma d\u0117l:<\/p>\n<ul>\n<li>Profesionalumas ir kompetencija hidraulini\u0173 cilindr\u0173 gamyboje<\/li>","protected":false},"excerpt":{"rendered":"<p>Arm Cylinder For Bonny CE1250-7 Introduction The arm cylinder, also known as the hydraulic cylinder, is a specially designed cylinder that provides linear motion and power to the arm of various machinery such as excavators, cranes, and robotic arms. It plays a crucial role in hydraulic systems, enabling the efficient movement and control of attachments [&hellip;]<\/p>","protected":false},"featured_media":14783,"comment_status":"open","ping_status":"closed","template":"","meta":{"_et_pb_use_builder":"","_et_pb_old_content":"","_et_gb_content_width":""},"product_brand":[],"product_cat":[1497],"product_tag":[1498,1496],"class_list":{"0":"post-16869","1":"product","2":"type-product","3":"status-publish","4":"has-post-thumbnail","6":"product_cat-arm-cylinders","7":"product_tag-arm-cylinders","8":"product_tag-hydraulic-cylinders","10":"first","11":"instock","12":"shipping-taxable","13":"product-type-simple"},"amp_enabled":true,"_links":{"self":[{"href":"https:\/\/www.hydraulic-cylinders.net\/lt\/wp-json\/wp\/v2\/product\/16869","targetHints":{"allow":["GET"]}}],"collection":[{"href":"https:\/\/www.hydraulic-cylinders.net\/lt\/wp-json\/wp\/v2\/product"}],"about":[{"href":"https:\/\/www.hydraulic-cylinders.net\/lt\/wp-json\/wp\/v2\/types\/product"}],"replies":[{"embeddable":true,"href":"https:\/\/www.hydraulic-cylinders.net\/lt\/wp-json\/wp\/v2\/comments?post=16869"}],"wp:featuredmedia":[{"embeddable":true,"href":"https:\/\/www.hydraulic-cylinders.net\/lt\/wp-json\/wp\/v2\/media\/14783"}],"wp:attachment":[{"href":"https:\/\/www.hydraulic-cylinders.net\/lt\/wp-json\/wp\/v2\/media?parent=16869"}],"wp:term":[{"taxonomy":"product_brand","embeddable":true,"href":"https:\/\/www.hydraulic-cylinders.net\/lt\/wp-json\/wp\/v2\/product_brand?post=16869"},{"taxonomy":"product_cat","embeddable":true,"href":"https:\/\/www.hydraulic-cylinders.net\/lt\/wp-json\/wp\/v2\/product_cat?post=16869"},{"taxonomy":"product_tag","embeddable":true,"href":"https:\/\/www.hydraulic-cylinders.net\/lt\/wp-json\/wp\/v2\/product_tag?post=16869"}],"curies":[{"name":"wp","href":"https:\/\/api.w.org\/{rel}","templated":true}]}}