{"id":16875,"date":"2025-01-21T06:09:43","date_gmt":"2025-01-21T06:09:43","guid":{"rendered":"https:\/\/www.hydraulic-cylinders.net\/product\/arm-cylinder-for-nhig-bf6m2012c\/"},"modified":"2025-01-21T06:09:45","modified_gmt":"2025-01-21T06:09:45","slug":"arm-cylinder-for-nhig-bf6m2012c","status":"publish","type":"product","link":"https:\/\/www.hydraulic-cylinders.net\/lt\/produktas\/arm-cylinder-for-nhig-bf6m2012c\/","title":{"rendered":"NHIG BF6m2012C rankenos cilindras"},"content":{"rendered":"<h1>NHIG BF6m2012C rankenos cilindras<\/h1>\n<h2>\u012evadas<\/h2>\n<p>Svirties cilindras yra hidraulinio cilindro tipas, specialiai sukurtas u\u017etikrinti tiesin\u012f jud\u0117jim\u0105 ir gali\u0105 \u012fvairi\u0173 tip\u0173 ma\u0161in\u0173, toki\u0173 kaip ekskavatoriai, kranai ir mechanin\u0117s svirtys, svirtims. Svirties cilindras atlieka labai svarb\u0173 vaidmen\u012f hidraulin\u0117je sistemoje ir leid\u017eia efektyviai jud\u0117ti bei valdyti papildomus \u012frankius ar priedus. \u0160ie cilindrai ne tik u\u017etikrina skland\u0173 jud\u0117jim\u0105, bet ir atlaiko dideles apkrovas, u\u017etikrindami efektyv\u0173 ma\u0161in\u0173 veikim\u0105 ir patikimum\u0105 \u012fvairiomis darbo s\u0105lygomis. <\/p>\n<p><img decoding=\"async\" src=\"https:\/\/www.hydraulic-cylinders.net\/wp-content\/uploads\/2025\/01\/songte-company-2.webp\" alt=\"Svirties cilindras\" \/><\/p>\n<h2>Savyb\u0117s<\/h2>\n<ul>\n<li>Efektyvus galios perdavimas: Svirties cilindras u\u017etikrina galing\u0105 tiesin\u012f judes\u012f ir j\u0117g\u0105, u\u017etikrindamas efektyv\u0173 mechanin\u0117s svirties veikim\u0105 atliekant \u012fvairias operacijas.<\/li>\n<li>Tikslus valdymas: Hidraulin\u0117s sistemos d\u0117ka rankos cilindras gali tiksliai valdyti judes\u012f, tod\u0117l papildom\u0173 \u012franki\u0173 valdymas tampa lankstesnis ir tikslesnis.<\/li>\n<li>Patvarumas: Svirtiniai cilindrai paprastai gaminami i\u0161 didelio stiprumo med\u017eiag\u0173 ir yra atspar\u016bs dilimui bei korozijai, tod\u0117l tinkami ilgalaikiam naudojimui at\u0161iauriomis s\u0105lygomis.<\/li>\n<li>Daugiafunkcis pritaikomumas: \u0160ie cilindrai gali b\u016bti pla\u010diai naudojami \u012fvairi\u0173 tip\u0173 ma\u0161inose, tokiose kaip ekskavatoriai, kranai ir mechanin\u0117s svirtys, prisitaikant prie skirting\u0173 darbo reikalavim\u0173.<\/li>\n<li>Lengva prie\u017ei\u016bra: sukurta lengvam techniniam aptarnavimui ir pakeitimui, reguliari ap\u017ei\u016bra ir technin\u0117 prie\u017ei\u016bra tampa patogesni, tod\u0117l sutrump\u0117ja \u012frangos prastovos.<\/li>\n<\/ul>\n<p><img decoding=\"async\" src=\"https:\/\/www.hydraulic-cylinders.net\/wp-content\/uploads\/2025\/01\/songte-oil-pipes-and-spare-parts.webp\" alt=\"Hidrauliniai cilindrai\" \/><\/p>\n<h2>Parai\u0161kos<\/h2>\n<p>Cilindro formos rankena pla\u010diai naudojama \u012fvairiose pramon\u0117s \u0161akose, tokiose kaip:<\/p>\n<ul>\n<li>Statyba: Ekskavatoriuose ir kranuose svirties cilindras valdo kau\u0161o arba str\u0117l\u0117s jud\u0117jim\u0105, atliekant \u017eem\u0117s darbus, med\u017eiag\u0173 tvarkym\u0105 ir konstrukcij\u0173 montavim\u0105.<\/li>\n<li>Gamyba: Automatizuotose gamybos linijose svir\u010di\u0173 cilindrai naudojami mechanin\u0117ms svirtims judinti, atliekant surinkimo, suvirinimo ir tvarkymo procesus, taip gerinant gamybos efektyvum\u0105 ir tikslum\u0105.<\/li>\n<li>\u017dem\u0117s \u016bkio technika: \u017dem\u0117s \u016bkio technikoje, pavyzd\u017eiui, derliaus nu\u0117mimo ir sodinimo ma\u0161inose, svirties cilindras valdo valdymo svirties judes\u012f, atlikdamas tokias u\u017eduotis kaip sodinimas, tr\u0119\u0161imas ir derliaus nu\u0117mimas.<\/li>\n<li>Kasyba: Kasybos \u012frangoje rankos cilindras naudojamas kasybos \u012frangos rankos jud\u0117jimui valdyti, atliekant r\u016bdos kasyb\u0105 ir tvarkym\u0105.<\/li>\n<li>Logistika ir transportavimas: \u0160akiniuose krautuvuose ir tvarkymo robotuose rankos cilindras valdo \u0161ak\u0117s k\u0117lim\u0105 ir jud\u0117jim\u0105, vykdydamas med\u017eiag\u0173 tvarkym\u0105 ir krovim\u0105.<\/li>\n<\/ul>\n<h2>Projektavimo aspektai ir atrankos kriterijai<\/h2>\n<p>Projektuojant ir renkantis cilindro formos svirt\u012f, reikia atsi\u017evelgti \u012f kelis veiksnius:<\/p>\n<h3>Guoli\u0173 talpa<\/h3>\n<p>Svirties cilindras turi u\u017etikrinti pakankam\u0105 laikom\u0105j\u0105 gali\u0105, kad i\u0161laikyt\u0173 mechanin\u0117s svirties ir vis\u0173 pried\u0173 svor\u012f.<\/p>\n<h3>Sandarinimas<\/h3>\n<p>Svirties cilindro sandarinimas yra labai svarbus siekiant i\u0161vengti hidraulinio skys\u010dio nuot\u0117kio ir i\u0161laikyti cilindro efektyvum\u0105. Siekiant u\u017etikrinti tinkam\u0105 sandarum\u0105, naudojami \u012fvair\u016bs sandarinimo elementai, tokie kaip st\u016bmokli\u0173 ir kot\u0173 sandarikliai.<\/p>\n<h3>Patvarumas<\/h3>\n<p>Svirtiniai cilindrai veikiami at\u0161iauri\u0173 eksploatavimo s\u0105lyg\u0173, \u012fskaitant auk\u0161t\u0105 sl\u0117g\u012f, auk\u0161t\u0105 temperat\u016br\u0105 ir didel\u0119 apkrov\u0105. Tod\u0117l norint u\u017etikrinti cilindro ilgaam\u017ei\u0161kum\u0105, b\u016btina naudoti didelio stiprumo med\u017eiagas ir tinkam\u0105 pavir\u0161iaus apdorojim\u0105.<\/p>\n<h3>Saugumas<\/h3>\n<p>Svirties cilindro saugumas yra labai svarbus saugiam ma\u0161inos veikimui. Tod\u0117l reikia \u012fdiegti tinkamas saugos priemones, tokias kaip apsauga nuo perkrovos ir avarinio stabdymo \u012ftaisai.<\/p>\n<h3>Prie\u017ei\u016bra<\/h3>\n<p>Projektuojant reik\u0117t\u0173 atsi\u017evelgti \u012f svirties cilindro prie\u017ei\u016bros ir keitimo paprastum\u0105. Norint u\u017etikrinti tinkam\u0105 cilindro veikim\u0105, b\u016btini reguliar\u016bs patikrinimai ir technin\u0117 prie\u017ei\u016bra.<\/p>\n<p><img decoding=\"async\" src=\"https:\/\/www.hydraulic-cylinders.net\/wp-content\/uploads\/2025\/01\/songte-cylinder-head-with-all-kinds-excavator-models.webp\" alt=\"Cilindro galvut\u0117\" \/><\/p>\n<h2>Sandarinimas ir tepimas<\/h2>\n<p>Svirtiniame cilindre naudojami \u012fvair\u016bs sandarinimo elementai, tokie kaip st\u016bmoklio ir koto sandarikliai, siekiant i\u0161vengti hidraulinio skys\u010dio nuot\u0117kio. Atsparumui dilimui u\u017etikrinti naudojami sandarikliai, pagaminti i\u0161 toki\u0173 med\u017eiag\u0173 kaip poliuretanas ir nitrilo kau\u010diukas. Be to, cilindro korpusas ir srieginiai galiniai pavir\u0161iai yra kruop\u0161\u010diai apdorojami, kad padid\u0117t\u0173 atsparumas dilimui. Taip pat reikalingas reguliarus tepimas tinkamu hidraulin\u0117s alyvos kiekiu, kad cilindras b\u016bt\u0173 tinkamai suteptas.<\/p>\n<h2>Prie\u017ei\u016bra ir trik\u010di\u0173 \u0161alinimas<\/h2>\n<p>Norint u\u017etikrinti tinkam\u0105 svirties cilindro veikim\u0105, b\u016btina reguliariai atlikti patikras ir profilaktinius darbus. Gedim\u0173 atveju \u0161ie patarimai ir sprendimai gali pad\u0117ti diagnozuoti ir i\u0161spr\u0119sti problemas:<\/p>\n<h3>Gedimas:<\/h3>\n<p>Cilindras l\u0117tai juda arba nejuda.<\/p>\n<h3>Sprendimas:<\/h3>\n<p>Patikrinkite alyvos lyg\u012f ir prireikus papildykite; patikrinkite, ar hidraulin\u0117je grandin\u0117je n\u0117ra u\u017esikim\u0161im\u0173; patikrinkite, ar n\u0117ra pa\u017eeist\u0173 ar susid\u0117v\u0117jusi\u0173 sandarikli\u0173, ir prireikus juos pakeiskite.<\/p>\n<h3>Gedimas:<\/h3>\n<p>I\u0161 cilindro teka hidraulinis skystis.<\/p>\n<h3>Sprendimas:<\/h3>\n<p>Patikrinkite, ar n\u0117ra pa\u017eeist\u0173 ar susid\u0117v\u0117jusi\u0173 sandarikli\u0173, ir, jei reikia, pakeiskite juos; patikrinkite, ar n\u0117ra atsilaisvinusi\u0173 jung\u010di\u0173, ir, jei reikia, priver\u017ekite.<\/p>\n<h3>Gedimas:<\/h3>\n<p>Cilindras skleid\u017eia ne\u012fprastus garsus.<\/p>\n<h3>Sprendimas:<\/h3>\n<p>Patikrinkite, ar n\u0117ra atsilaisvinusi\u0173 jung\u010di\u0173, ir prireikus priver\u017ekite; patikrinkite, ar nepa\u017eeistas st\u016bmoklis ar cilindras, ir prireikus pakeiskite.<\/p>\n<p><img decoding=\"async\" src=\"https:\/\/www.hydraulic-cylinders.net\/wp-content\/uploads\/2025\/01\/songte-chushion-collar.webp\" alt=\"Pagalv\u0117l\u0117s apykakl\u0117\" \/><\/p>\n<h2>Diegimo vadovas<\/h2>\n<p>Montuojant cilindro formos ranken\u0105, reikia atlikti \u0161iuos veiksmus:<\/p>\n<ol>\n<li>\u012estatykite cilindr\u0105 \u012f tinkam\u0105 pad\u0117t\u012f ir pritvirtinkite j\u012f atitinkamomis tvirtinimo detal\u0117mis.<\/li>\n<li>Prijunkite hidraulines linijas prie cilindro.<\/li>\n<li>U\u017epildykite hidraulin\u0119 sistem\u0105 reikiamu kiekiu hidraulinio skys\u010dio.<\/li>\n<li>I\u0161leiskite or\u0105 i\u0161 hidraulin\u0117s sistemos.<\/li>\n<li>Patikrinkite cilindr\u0105, ar jis tinkamai veikia.<\/li>\n<\/ol>\n<p><img decoding=\"async\" src=\"https:\/\/www.hydraulic-cylinders.net\/wp-content\/uploads\/2025\/01\/songte-bushings-with-all-kinds-of-excavator-models.webp\" alt=\"\u012evor\u0117s\" \/><\/p>\n<h2>Saugos aspektai ir aplinkos veiksniai<\/h2>\n<p>Naudojant svirtin\u012f cilindr\u0105, reikia \u012fdiegti tinkamas saugos priemones, kad b\u016bt\u0173 u\u017etikrintas saugus ma\u0161inos veikimas. Apsauga nuo perkrovos ir avarinio stabdymo \u012ftaisai yra svarbi\u0173 saugos priemoni\u0173 pavyzd\u017eiai. Be to, norint u\u017etikrinti optimal\u0173 svirtinio cilindro veikim\u0105, b\u016btina atsi\u017evelgti \u012f aplinkos veiksnius, tokius kaip temperat\u016bra ir dr\u0117gm\u0117.<\/p>\n<h2>Apie \u012fmon\u0119<\/h2>\n<p>Esame profesionalus pakaitini\u0173 hidraulini\u0173 cilindr\u0173 gamintojas, si\u016blantis plat\u0173 gamini\u0173 asortiment\u0105 ir tap\u0119s vienu i\u0161 pirmaujan\u010di\u0173 hidraulini\u0173 cilindr\u0173 gamintoj\u0173 bei didmenini\u0173 platintoj\u0173 vidaus ir tarptautin\u0117se rinkose. Visada laikom\u0117s puikios kokyb\u0117s principo ir savo moderniose gamybos dirbtuv\u0117se taikome industrializuoto gamybos valdymo strategijas, kad nuolat tobulintume savo technin\u012f lyg\u012f ir gamybos efektyvum\u0105. \u012ediegdami auk\u0161\u010diausios klas\u0117s skaitmenin\u0119 gamybos \u012frang\u0105 ir profesionalias bandym\u0173 sistemas, nuolat optimizuojame savo gamybos platform\u0105 ir tobuliname gamini\u0173 kokyb\u0117s kontrol\u0117s procesus, pasitelkdami stiprias inovacines galimybes. M\u016bs\u0173 tikslas \u2013 patenkinti \u012fvairius klient\u0173 poreikius, taikant auk\u0161t\u0105 efektyvum\u0105, tikslum\u0105 ir auk\u0161tos kokyb\u0117s principus.<\/p>\n<p><img decoding=\"async\" src=\"https:\/\/www.hydraulic-cylinders.net\/wp-content\/uploads\/2025\/01\/songte-company-4.webp\" alt=\"\u012emon\u0117\" \/><br \/>\n<img decoding=\"async\" src=\"https:\/\/www.hydraulic-cylinders.net\/wp-content\/uploads\/2025\/01\/songte-company-3.webp\" alt=\"\u012emon\u0117\" \/><\/p>\n<h2>Profesionalumas, tarptautinis sertifikavimas, individualus aptarnavimas, gamybos \u012franga ir aptarnavimas po pardavimo<\/h2>\n<p>M\u016bs\u0173 \u012fmon\u0117 yra \u012fsipareigojusi teikti profesionalias, auk\u0161tos kokyb\u0117s, individualiai pritaikytas paslaugas klientams visame pasaulyje. M\u016bs\u0173 gaminiai yra gav\u0119 \u012fvairius tarptautinius sertifikatus, tokius kaip ISO9001, CE ir SGS, u\u017etikrinan\u010dius auk\u0161\u010diausi\u0105 m\u016bs\u0173 gamini\u0173 kokyb\u0119. M\u016bs\u0173 \u012fmon\u0117 taip pat si\u016blo individualiai pritaikytas paslaugas, teikdama specialiai pagamintus hidraulinius cilindrus, atitinkan\u010dius konkre\u010dius m\u016bs\u0173 klient\u0173 reikalavimus. M\u016bs\u0173 pa\u017eangi gamybos \u012franga u\u017etikrina, kad m\u016bs\u0173 gaminiai b\u016bt\u0173 pagaminti pagal auk\u0161\u010diausius standartus. Taip pat teikiame puik\u0173 aptarnavim\u0105 po pardavimo, technin\u0119 pagalb\u0105 ir prie\u017ei\u016bros paslaugas savo klientams.<\/p>\n<p>Autorius Lyl.<\/p>","protected":false},"excerpt":{"rendered":"<p>Arm Cylinder For NHIG BF6m2012C Introduction The arm cylinder is a type of hydraulic cylinder specifically designed to provide linear motion and power to the arms of various types of machinery such as excavators, cranes, and mechanical arms. The arm cylinder plays a crucial role in the hydraulic system and enables the efficient movement and [&hellip;]<\/p>","protected":false},"featured_media":14766,"comment_status":"open","ping_status":"closed","template":"","meta":{"_et_pb_use_builder":"","_et_pb_old_content":"","_et_gb_content_width":""},"product_brand":[],"product_cat":[1497],"product_tag":[1498,1496],"class_list":{"0":"post-16875","1":"product","2":"type-product","3":"status-publish","4":"has-post-thumbnail","6":"product_cat-arm-cylinders","7":"product_tag-arm-cylinders","8":"product_tag-hydraulic-cylinders","10":"first","11":"instock","12":"shipping-taxable","13":"product-type-simple"},"amp_enabled":true,"_links":{"self":[{"href":"https:\/\/www.hydraulic-cylinders.net\/lt\/wp-json\/wp\/v2\/product\/16875","targetHints":{"allow":["GET"]}}],"collection":[{"href":"https:\/\/www.hydraulic-cylinders.net\/lt\/wp-json\/wp\/v2\/product"}],"about":[{"href":"https:\/\/www.hydraulic-cylinders.net\/lt\/wp-json\/wp\/v2\/types\/product"}],"replies":[{"embeddable":true,"href":"https:\/\/www.hydraulic-cylinders.net\/lt\/wp-json\/wp\/v2\/comments?post=16875"}],"wp:featuredmedia":[{"embeddable":true,"href":"https:\/\/www.hydraulic-cylinders.net\/lt\/wp-json\/wp\/v2\/media\/14766"}],"wp:attachment":[{"href":"https:\/\/www.hydraulic-cylinders.net\/lt\/wp-json\/wp\/v2\/media?parent=16875"}],"wp:term":[{"taxonomy":"product_brand","embeddable":true,"href":"https:\/\/www.hydraulic-cylinders.net\/lt\/wp-json\/wp\/v2\/product_brand?post=16875"},{"taxonomy":"product_cat","embeddable":true,"href":"https:\/\/www.hydraulic-cylinders.net\/lt\/wp-json\/wp\/v2\/product_cat?post=16875"},{"taxonomy":"product_tag","embeddable":true,"href":"https:\/\/www.hydraulic-cylinders.net\/lt\/wp-json\/wp\/v2\/product_tag?post=16875"}],"curies":[{"name":"wp","href":"https:\/\/api.w.org\/{rel}","templated":true}]}}