{"id":16876,"date":"2025-01-21T06:09:46","date_gmt":"2025-01-21T06:09:46","guid":{"rendered":"https:\/\/www.hydraulic-cylinders.net\/product\/arm-cylinder-for-nhig-2306lc\/"},"modified":"2025-01-21T06:09:48","modified_gmt":"2025-01-21T06:09:48","slug":"arm-cylinder-for-nhig-2306lc","status":"publish","type":"product","link":"https:\/\/www.hydraulic-cylinders.net\/lt\/produktas\/arm-cylinder-for-nhig-2306lc\/","title":{"rendered":"NHIG 2306LC rankenos cilindras"},"content":{"rendered":"<p><html><\/p>\n<h1>NHIG 2306LC rankenos cilindras<\/h1>\n<h2>\u012evadas<\/h2>\n<p>NHIG 2306LC svirties cilindras yra specializuotas hidraulinis cilindras, skirtas u\u017etikrinti tiesin\u012f jud\u0117jim\u0105 ir gali\u0105 \u012fvairi\u0173 ma\u0161in\u0173, toki\u0173 kaip ekskavatoriai, kranai ir robotin\u0117s svirtys, svirtims. Svirties cilindrai atlieka labai svarb\u0173 vaidmen\u012f hidraulin\u0117se sistemose, nes leid\u017eia efektyviai jud\u0117ti ir valdyti papildomus \u012frankius ar priedus. \u0160ie cilindrai ne tik u\u017etikrina skland\u0173 jud\u0117jim\u0105, bet ir atlaiko dideles apkrovas, u\u017etikrindami auk\u0161t\u0105 ma\u0161inos veikimo efektyvum\u0105 ir patikimum\u0105 \u012fvairiomis darbo s\u0105lygomis.<\/p>\n<p><img decoding=\"async\" src=\"https:\/\/www.hydraulic-cylinders.net\/wp-content\/uploads\/2025\/01\/songte-company-2.webp\"><\/p>\n<h2>Savyb\u0117s<\/h2>\n<ul>\n<li>\n<h3>Didelio efektyvumo transmisija<\/h3>\n<p>Svirties cilindras u\u017etikrina galing\u0105 tiesin\u012f judes\u012f ir j\u0117g\u0105, u\u017etikrindamas auk\u0161t\u0105 robotin\u0117s rankos na\u0161um\u0105 atliekant \u012fvairias operacijas.<\/p>\n<\/li>\n<li>\n<h3>Tikslus valdymas<\/h3>\n<p>Hidraulin\u0117s sistemos d\u0117ka svirties cilindras leid\u017eia tiksliai valdyti judes\u012f, tod\u0117l operacijos su pritvirtintais \u012frankiais yra lankstesn\u0117s ir tikslesn\u0117s.<\/p>\n<\/li>\n<li>\n<h3>Patvarumas<\/h3>\n<p>Svirtinis cilindras pagamintas i\u0161 didelio stiprumo med\u017eiag\u0173, pasi\u017eymin\u010di\u0173 puikiu atsparumu dilimui ir korozijai, tod\u0117l tinka ilgalaikiam naudojimui at\u0161iauriomis s\u0105lygomis.<\/p>\n<\/li>\n<li>\n<h3>Daugiafunkcinis prisitaikymas<\/h3>\n<p>\u0160ie cilindrai yra pla\u010diai pritaikomi \u012fvairiose ma\u0161inose, tokiose kaip ekskavatoriai, kranai ir robotin\u0117s rankos, prisitaikant prie skirting\u0173 darbo reikalavim\u0173.<\/p>\n<\/li>\n<li>\n<h3>Lengva prie\u017ei\u016bra<\/h3>\n<p>Svirties cilindro konstrukcija skirta paprastam techniniam aptarnavimui ir keitimui, tod\u0117l reguliari ap\u017ei\u016bra ir technin\u0117 prie\u017ei\u016bra yra patog\u016bs, o \u012frangos prastovos laikas sutrump\u0117ja.<\/p>\n<\/li>\n<\/ul>\n<p><img decoding=\"async\" src=\"https:\/\/www.hydraulic-cylinders.net\/wp-content\/uploads\/2025\/01\/songte-oil-pipes-and-spare-parts.webp\"><\/p>\n<h2>Parai\u0161kos<\/h2>\n<ul>\n<li>\n<h3>Statybos in\u017einerija<\/h3>\n<p>Ekskavatoriuose ir kranuose svirties cilindras naudojamas kau\u0161\u0173 arba str\u0117li\u0173 jud\u0117jimui valdyti atliekant \u017eem\u0117s darbus, med\u017eiag\u0173 tvarkym\u0105 ir konstrukcij\u0173 montavim\u0105.<\/p>\n<\/li>\n<li>\n<h3>Gamybos pramon\u0117<\/h3>\n<p>Automatizuotose gamybos linijose rankos cilindras naudojamas robotini\u0173 rank\u0173 judinimui surinkimo, suvirinimo ir tvarkymo procesuose, taip pagerinant gamybos efektyvum\u0105 ir tikslum\u0105.<\/p>\n<\/li>\n<li>\n<h3>\u017dem\u0117s \u016bkio technika<\/h3>\n<p>\u017dem\u0117s \u016bkio technikoje, pavyzd\u017eiui, derliaus nu\u0117mimo ir s\u0117jamosiose, svirties cilindras valdo valdymo svir\u010di\u0173 jud\u0117jim\u0105 atliekant tokias u\u017eduotis kaip s\u0117ja, tr\u0119\u0161imas ir derliaus nu\u0117mimas.<\/p>\n<\/li>\n<li>\n<h3>Kasyba<\/h3>\n<p>Kasybos \u012frangoje svirties cilindras naudojamas kasybos ma\u0161in\u0173 svirties jud\u0117jimui valdyti r\u016bdos gavybai ir transportavimui.<\/p>\n<\/li>\n<li>\n<h3>Logistika ir transportas<\/h3>\n<p>\u0160akiniuose krautuvuose ir transportavimo robotuose svirties cilindras valdo \u0161aki\u0173 k\u0117lim\u0105 ir jud\u0117jim\u0105, taip \u012fgalindamas med\u017eiag\u0173 tvarkym\u0105 ir krovim\u0105.<\/p>\n<\/li>\n<\/ul>\n<h2>Projektavimo aspektai ir atrankos kriterijai<\/h2>\n<ul>\n<li>\n<h3>Apkrovos paj\u0117gumas<\/h3>\n<p>Svirties cilindras yra suprojektuotas taip, kad atlaikyt\u0173 specifinius apkrovos reikalavimus, u\u017etikrindamas saug\u0173 ir efektyv\u0173 veikim\u0105.<\/p>\n<\/li>\n<li>\n<h3>Sandarinimas<\/h3>\n<p>\u012evair\u016bs sandarinimo komponentai, tokie kaip st\u016bmokli\u0173 ir kot\u0173 sandarikliai, pagaminti i\u0161 atspari\u0173 dilimui med\u017eiag\u0173, toki\u0173 kaip poliuretanas ir nitrilo kau\u010diukas, naudojami tinkamam sandarumui palaikyti ir nuot\u0117kiui i\u0161vengti.<\/p>\n<\/li>\n<li>\n<h3>Patvarumas<\/h3>\n<p>Cilindro korpusas ir srieginiai galai kruop\u0161\u010diai apdorojami, siekiant padidinti atsparum\u0105 dilimui ir pailginti tarnavimo laik\u0105.<\/p>\n<\/li>\n<li>\n<h3>Saugumas<\/h3>\n<p>Strict safety standards are followed during the design and manufacturing process to ensure the Arm Cylinder&#8217;s safe operation.<\/p>\n<\/li>\n<li>\n<h3>Prie\u017ei\u016bra<\/h3>\n<p>\u0160i konstrukcija leid\u017eia lengvai pri\u017ei\u016br\u0117ti ir keisti komponentus, taip suma\u017einant prastovas ir pagerinant bendr\u0105 na\u0161um\u0105.<\/p>\n<\/li>\n<\/ul>\n<p><img decoding=\"async\" src=\"https:\/\/www.hydraulic-cylinders.net\/wp-content\/uploads\/2025\/01\/songte-cylinder-head-with-all-kinds-excavator-models.webp\"><\/p>\n<h2>Sandarinimas ir tepimas<\/h2>\n<p>Svirtiniame cilindre naudojami \u012fvair\u016bs sandarinimo komponentai, tokie kaip st\u016bmokli\u0173 ir kot\u0173 sandarikliai, pagaminti i\u0161 atspari\u0173 dilimui med\u017eiag\u0173, toki\u0173 kaip poliuretanas ir nitrilo kau\u010diukas. Cilindro korpusas ir srieginiai galai yra kruop\u0161\u010diai apdorojami, kad padid\u0117t\u0173 atsparumas dilimui. Skland\u017eiam darbui b\u016btina reguliariai tepti tinkama hidrauline alyva.<\/p>\n<h2>Reguliarus patikrinimas ir prevencin\u0117 prie\u017ei\u016bra<\/h2>\n<ul>\n<li>\n<p>Reguliariai tikrinkite, ar n\u0117ra susid\u0117v\u0117jimo, pa\u017eeidim\u0173 ar nuot\u0117kio po\u017eymi\u0173.<\/p>\n<\/li>\n<li>\n<p>U\u017etikrinkite tinkam\u0105 tepim\u0105 reguliariai pildami rekomenduojam\u0105 hidraulin\u0117s alyvos kiek\u012f.<\/p>\n<\/li>\n<li>\n<p>Priver\u017ekite atsilaisvinusias jungtis ir tvirtinimo detales, kad i\u0161laikytum\u0117te konstrukcijos vientisum\u0105.<\/p>\n<\/li>\n<li>\n<p>Nedelsdami pakeiskite susid\u0117v\u0117jusius sandariklius arba pa\u017eeistus komponentus, kad i\u0161vengtum\u0117te gedim\u0173.<\/p>\n<\/li>\n<li>\n<p>Follow the manufacturer&#8217;s guidelines and recommendations for maintenance procedures and schedules.<\/p>\n<\/li>\n<\/ul>\n<p><img decoding=\"async\" src=\"https:\/\/www.hydraulic-cylinders.net\/wp-content\/uploads\/2025\/01\/songte-chushion-collar.webp\"><\/p>\n<h2>Produkto diegimo vadovas<\/h2>\n<p>1. \u012esitikinkite, kad mechanizmas yra i\u0161jungtas ir stabilioje pad\u0117tyje.<\/p>\n<p>2. Atsargiai pastatykite svirties cilindr\u0105 norimoje vietoje, sulygiuodami tvirtinimo skyles.<\/p>\n<p>3. Tvirtai pritvirtinkite cilindr\u0105 naudodami tinkamus var\u017etus ir ver\u017eles.<\/p>\n<p>4. Connect the hydraulic lines according to the machinery&#8217;s hydraulic system diagram.<\/p>\n<p>5. Dar kart\u0105 patikrinkite visas jungtis ir priver\u017ekite jas iki rekomenduojamo sukimo momento.<\/p>\n<p>6. Test the Arm Cylinder&#8217;s functionality by performing a controlled motion test.<\/p>\n<p>7. Atlikite visus reikiamus reguliavimus ir u\u017etikrinkite tinkam\u0105 lygiavim\u0105.<\/p>\n<p>8. Kai b\u016bsite patenkinti \u012frengimu, \u012fjunkite mechanizm\u0105 ir atlikite galutin\u012f bandym\u0105.<\/p>\n<p><img decoding=\"async\" src=\"https:\/\/www.hydraulic-cylinders.net\/wp-content\/uploads\/2025\/01\/songte-bushings-with-all-kinds-of-excavator-models.webp\"><\/p>\n<h2>Saugos aspektai ir aplinkos veiksniai<\/h2>\n<p>Naudojant svirtin\u012f cilindr\u0105, labai svarbu laikytis saugos priemoni\u0173, kad b\u016bt\u0173 i\u0161vengta nelaiming\u0173 atsitikim\u0173 ir su\u017ealojim\u0173. Tinkamas operatori\u0173 ir technin\u0117s prie\u017ei\u016bros personalo mokymas ir saugos gairi\u0173 laikymasis yra b\u016btini. Be to, atsi\u017evelgiant \u012f aplinkos veiksnius, tokius kaip temperat\u016bra, dr\u0117gm\u0117 ir s\u0105lytis su korozin\u0117mis med\u017eiagomis, u\u017etikrinamas optimalus svirtinio cilindro veikimas ir ilgaam\u017ei\u0161kumas.<\/p>\n<h2>Trik\u010di\u0173 \u0161alinimas ir da\u017eniausiai pasitaikan\u010dios problemos<\/h2>\n<p>1. Problema: L\u0117ti arba tr\u016bk\u010diojantys rankos judesiai.<\/p>\n<p>Sprendimas: Patikrinkite, ar n\u0117ra \u017eemo hidraulin\u0117s alyvos lygio arba u\u017esikim\u0161usio hidraulinio filtro. Prireikus papildykite arba pakeiskite.<\/p>\n<p>2. Problema: Nuot\u0117kis aplink cilindr\u0105.<\/p>\n<p>Sprendimas: Patikrinkite sandariklius ir jungtis, ar jie nepa\u017eeisti ir nenusid\u0117v\u0117j\u0119. Pakeiskite sugedusius komponentus.<\/p>\n<p>3. Problema: Cilindras iki galo nei\u0161sitraukia arba nesusitraukia.<\/p>\n<p>Sprendimas: Patikrinkite, ar hidraulin\u0117se linijose n\u0117ra kli\u016b\u010di\u0173 arba nepa\u017eeist\u0173 valdymo vo\u017etuv\u0173. Pa\u0161alinkite kli\u016btis arba pakeiskite sugedusius vo\u017etuvus.<\/p>\n<p>4. Problema: Per didelis triuk\u0161mas veikimo metu.<\/p>\n<p>Sprendimas: Patikrinkite, ar cilindre n\u0117ra atsilaisvinusi\u0173 ar pa\u017eeist\u0173 dali\u0173. Priver\u017ekite jungtis arba pakeiskite pa\u017eeistas dalis.<\/p>\n<p>5. Problema: Cilindro perkaitimas.<\/p>\n<p>Sprendimas: Patikrinkite, ar netinkamai tepami komponentai arba ar au\u0161inimo sistema neveikia tinkamai. \u012epilkite tepalo arba suremontuokite au\u0161inimo komponentus.<\/p>\n<p><img decoding=\"async\" src=\"https:\/\/www.hydraulic-cylinders.net\/wp-content\/uploads\/2025\/01\/songte-chushion-collar.webp\"><\/p>\n<h2>Apie m\u016bs\u0173 \u012fmon\u0119<\/h2>\n<p>We are a professional manufacturer of replacement hydraulic cylinders with a wide range of products. We have become one of the leading manufacturers and wholesalers of hydraulic cylinders in both domestic and international markets. We uphold the principle of excellent quality and continuously improve our technical expertise and production efficiency. By introducing high-end digital manufacturing equipment and professional testing systems, we optimize our manufacturing platform and enhance our product quality control processes. Our goal is to meet customer&#8217;s diverse needs with efficiency, accuracy, and high-quality products.<\/p>\n<p><img","protected":false},"excerpt":{"rendered":"<p>Arm Cylinder For NHIG 2306LC Introduction The Arm Cylinder For NHIG 2306LC is a specialized hydraulic cylinder designed to provide linear motion and power to the arms of various machinery such as excavators, cranes, and robotic arms. The arm cylinders play a crucial role in hydraulic systems, allowing for efficient movement and control of additional [&hellip;]<\/p>","protected":false},"featured_media":14763,"comment_status":"open","ping_status":"closed","template":"","meta":{"_et_pb_use_builder":"","_et_pb_old_content":"","_et_gb_content_width":""},"product_brand":[],"product_cat":[1497],"product_tag":[1498,1496],"class_list":{"0":"post-16876","1":"product","2":"type-product","3":"status-publish","4":"has-post-thumbnail","6":"product_cat-arm-cylinders","7":"product_tag-arm-cylinders","8":"product_tag-hydraulic-cylinders","10":"first","11":"instock","12":"shipping-taxable","13":"product-type-simple"},"amp_enabled":true,"_links":{"self":[{"href":"https:\/\/www.hydraulic-cylinders.net\/lt\/wp-json\/wp\/v2\/product\/16876","targetHints":{"allow":["GET"]}}],"collection":[{"href":"https:\/\/www.hydraulic-cylinders.net\/lt\/wp-json\/wp\/v2\/product"}],"about":[{"href":"https:\/\/www.hydraulic-cylinders.net\/lt\/wp-json\/wp\/v2\/types\/product"}],"replies":[{"embeddable":true,"href":"https:\/\/www.hydraulic-cylinders.net\/lt\/wp-json\/wp\/v2\/comments?post=16876"}],"wp:featuredmedia":[{"embeddable":true,"href":"https:\/\/www.hydraulic-cylinders.net\/lt\/wp-json\/wp\/v2\/media\/14763"}],"wp:attachment":[{"href":"https:\/\/www.hydraulic-cylinders.net\/lt\/wp-json\/wp\/v2\/media?parent=16876"}],"wp:term":[{"taxonomy":"product_brand","embeddable":true,"href":"https:\/\/www.hydraulic-cylinders.net\/lt\/wp-json\/wp\/v2\/product_brand?post=16876"},{"taxonomy":"product_cat","embeddable":true,"href":"https:\/\/www.hydraulic-cylinders.net\/lt\/wp-json\/wp\/v2\/product_cat?post=16876"},{"taxonomy":"product_tag","embeddable":true,"href":"https:\/\/www.hydraulic-cylinders.net\/lt\/wp-json\/wp\/v2\/product_tag?post=16876"}],"curies":[{"name":"wp","href":"https:\/\/api.w.org\/{rel}","templated":true}]}}