{"id":16877,"date":"2025-01-21T06:09:50","date_gmt":"2025-01-21T06:09:50","guid":{"rendered":"https:\/\/www.hydraulic-cylinders.net\/product\/arm-cylinder-for-nhig-2006lc\/"},"modified":"2025-01-21T06:09:57","modified_gmt":"2025-01-21T06:09:57","slug":"arm-cylinder-for-nhig-2006lc","status":"publish","type":"product","link":"https:\/\/www.hydraulic-cylinders.net\/lt\/produktas\/arm-cylinder-for-nhig-2006lc\/","title":{"rendered":"NHIG 2006LC rankenos cilindras"},"content":{"rendered":"<h1>NHIG 2006LC rankenos cilindras<\/h1>\n<h2>\u012evadas<\/h2>\n<p>Svirties cilindras yra specialiai suprojektuotas hidraulinis cilindras, naudojamas linijiniam jud\u0117jimui ir galiai u\u017etikrinti \u012fvairi\u0173 tip\u0173 mechanin\u0117ms svirtims, tokioms kaip ekskavatoriai, kranai ir robotin\u0117s svirtys. Svirties cilindras atlieka pagrindin\u012f vaidmen\u012f hidraulin\u0117je sistemoje, nes leid\u017eia efektyviai jud\u0117ti ir valdyti priedus ar priedus. \u0160ie cilindrai ne tik u\u017etikrina skland\u0173 jud\u0117jim\u0105, bet ir atlaiko dideles apkrovas, u\u017etikrindami efektyv\u0173 mechanizm\u0173 veikim\u0105 ir patikimum\u0105 \u012fvairiomis darbo s\u0105lygomis.<\/p>\n<p><img decoding=\"async\" src=\"https:\/\/www.hydraulic-cylinders.net\/wp-content\/uploads\/2025\/01\/songte-company-2.webp\"><\/p>\n<h2>Savyb\u0117s<\/h2>\n<h3>1. Efektyvus energijos perdavimas<\/h3>\n<p>Svirties cilindras u\u017etikrina stipr\u0173 tiesin\u012f judes\u012f ir j\u0117g\u0105, u\u017etikrindamas auk\u0161t\u0105 mechanin\u0117s svirties efektyvum\u0105 atliekant \u012fvairias operacijas.<\/p>\n<h3>2. Tikslus valdymas<\/h3>\n<p>Hidraulin\u0117s sistemos d\u0117ka rankos cilindras gali tiksliai valdyti judes\u012f, tod\u0117l pried\u0173 valdymas tampa lankstesnis ir tikslesnis.<\/p>\n<h3>3. Didelis patvarumas<\/h3>\n<p>Svirties cilindras paprastai gaminamas i\u0161 didelio stiprumo med\u017eiag\u0173, pasi\u017eymin\u010di\u0173 geru atsparumu dilimui ir korozijai, tod\u0117l tinka ilgalaikiam naudojimui at\u0161iauriomis s\u0105lygomis.<\/p>\n<h3>4. Universalus prisitaikymas<\/h3>\n<p>\u0160ie cilindrai gali b\u016bti pla\u010diai naudojami \u012fvairiuose mechaniniuose \u012frenginiuose, tokiuose kaip ekskavatoriai, kranai ir robotin\u0117s rankos, siekiant patenkinti skirtingus darbo poreikius.<\/p>\n<h3>5. Lengva prie\u017ei\u016bra<\/h3>\n<p>Sukurti taip, kad b\u016bt\u0173 lengva pri\u017ei\u016br\u0117ti ir keisti, svirties cilindrai leid\u017eia patogiau atlikti reguliarias patikras ir technin\u0119 prie\u017ei\u016br\u0105, taip suma\u017einant \u012frangos prastovas.<\/p>\n<p><img decoding=\"async\" src=\"https:\/\/www.hydraulic-cylinders.net\/wp-content\/uploads\/2025\/01\/songte-oil-pipes-and-spare-parts.webp\"><\/p>\n<h2>Parai\u0161kos<\/h2>\n<p>Cilindro formos rankena naudojama \u012fvairiose pramon\u0117s \u0161akose:<\/p>\n<h3>1. Statyba<\/h3>\n<p>Svirties cilindras naudojamas ekskavatoriaus kau\u0161\u0173 arba krano str\u0117li\u0173 jud\u0117jimui valdyti atliekant \u017eem\u0117s darbus, med\u017eiag\u0173 tvarkym\u0105 ir konstrukcij\u0173 montavim\u0105.<\/p>\n<h3>2. Gamyba<\/h3>\n<p>Svirties cilindras naudojamas robotini\u0173 rank\u0173 jud\u0117jimui valdyti surinkimo, suvirinimo ir tvarkymo operacijose, taip pagerinant gamybos efektyvum\u0105 ir tikslum\u0105.<\/p>\n<h3>3. \u017dem\u0117s \u016bkio technika<\/h3>\n<p>Svirties cilindras naudojamas \u017eem\u0117s \u016bkio technikos, tokios kaip derliaus nu\u0117mimo ir sodinimo ma\u0161inos, valdymo svirties jud\u0117jimui valdyti, atliekant tokias u\u017eduotis kaip sodinimas, tr\u0119\u0161imas ir derliaus nu\u0117mimas.<\/p>\n<h3>4. Kasyba<\/h3>\n<p>Svirties cilindras naudojamas kasybos \u012frangos, skirtos mineral\u0173 kasybai ir transportavimui, svirties jud\u0117jimui valdyti.<\/p>\n<h3>5. Logistika ir transportas<\/h3>\n<p>Svirties cilindras naudojamas \u0161akini\u0173 krautuv\u0173 ir robot\u0173 k\u0117limui ir jud\u0117jimui valdyti, siekiant atlikti med\u017eiag\u0173 tvarkym\u0105 ir krovim\u0105.<\/p>\n<p><img decoding=\"async\" src=\"https:\/\/www.hydraulic-cylinders.net\/wp-content\/uploads\/2025\/01\/songte-chushion-collar.webp\"><\/p>\n<h2>Projektavimo aspektai ir atrankos kriterijai<\/h2>\n<p>Svirtini\u0173 cilindr\u0173 projektavimo aspektai apima laikom\u0105j\u0105 gali\u0105, sandarum\u0105, ilgaam\u017ei\u0161kum\u0105, saug\u0105 ir prie\u017ei\u016br\u0105. Tai aptariama toliau:<\/p>\n<h3>1. Apkrovos paj\u0117gumas<\/h3>\n<p>Svirties cilindras turi tur\u0117ti pakankam\u0105 apkrov\u0105, kad i\u0161laikyt\u0173 mechanin\u0117s svirties ir vis\u0173 pried\u0173 ar pried\u0173 svor\u012f. Cilindras turi b\u016bti suprojektuotas taip, kad atlaikyt\u0173 dideles apkrovas ir j\u0117gas, susidaran\u010dias veikimo metu.<\/p>\n<h3>2. Sandarinimas<\/h3>\n<p>Svirties cilindras tur\u0117t\u0173 b\u016bti apr\u016bpintas \u012fvairiais sandarinimo elementais, tokiais kaip st\u016bmoklio ir strypo sandarikliai, pagamintais i\u0161 atspari\u0173 dilimui med\u017eiag\u0173, toki\u0173 kaip poliuretanas ir nitrilo kau\u010diukas, kad b\u016bt\u0173 u\u017etikrintas efektyvus sandarinimas ir i\u0161vengta nuot\u0117kio.<\/p>\n<h3>3. Patvarumas<\/h3>\n<p>Svirties cilindras tur\u0117t\u0173 b\u016bti pagamintas i\u0161 didelio stiprumo med\u017eiag\u0173, toki\u0173 kaip legiruotasis plienas ir ner\u016bdijantis plienas, kad b\u016bt\u0173 u\u017etikrintas puikus atsparumas dilimui ir korozijai, tod\u0117l jis tinka naudoti at\u0161iauriomis s\u0105lygomis.<\/p>\n<h3>4. Saugumas<\/h3>\n<p>Svirties cilindras tur\u0117t\u0173 b\u016bti suprojektuotas su saugos funkcijomis, kurios u\u017ekerta keli\u0105 nelaimingiems atsitikimams, pavyzd\u017eiui, \u012fmontuotais sl\u0117gio ma\u017einimo vo\u017etuvais ir apsaugos nuo perkrovos \u012ftaisais.<\/p>\n<h3>5. Prie\u017ei\u016bra<\/h3>\n<p>Svirties cilindras tur\u0117t\u0173 b\u016bti suprojektuotas taip, kad j\u012f b\u016bt\u0173 lengva pri\u017ei\u016br\u0117ti ir remontuoti, kad b\u016bt\u0173 lengva pasiekti vidinius komponentus ir lengvai pakeisti sandarikli\u0173 rinkinius bei kitas dalis.<\/p>\n<p><img decoding=\"async\" src=\"https:\/\/www.hydraulic-cylinders.net\/wp-content\/uploads\/2025\/01\/songte-cylinder-head-with-all-kinds-excavator-models.webp\"><\/p>\n<h2>Sandarinimas ir tepimas<\/h2>\n<p>Svirties cilindre naudojami \u012fvair\u016bs sandarinimo elementai, tokie kaip st\u016bmoklio ir koto sandarikliai, pagaminti i\u0161 atspari\u0173 dilimui med\u017eiag\u0173, toki\u0173 kaip poliuretanas ir nitrilo kau\u010diukas, siekiant u\u017etikrinti efektyv\u0173 sandarinim\u0105 ir i\u0161vengti nuot\u0117kio. Cilindro korpusas ir srieginis galinis pavir\u0161ius yra kruop\u0161\u010diai apdirbti, siekiant pagerinti atsparum\u0105 dilimui. Reguliariai \u012fpilant reikiam\u0105 kiek\u012f hidraulin\u0117s alyvos tepimui, galima pailginti svirties cilindro tarnavimo laik\u0105.<\/p>\n<h2>Prie\u017ei\u016bros ir prevencijos priemon\u0117s<\/h2>\n<p>Norint u\u017etikrinti optimal\u0173 svirties cilindro veikim\u0105, b\u016btina reguliariai tikrinti ir atlikti profilaktin\u0119 prie\u017ei\u016br\u0105. Rekomenduojama kart\u0105 per metus patikrinti hidraulin\u0117s alyvos lyg\u012f ir pakeisti alyv\u0105. Reguliariai tikrinkite sandarinimo elementus ir, jei reikia, juos pakeiskite. Patikrinkite, ar cilindro korpusas ir st\u016bmoklio kotas n\u0117ra susid\u0117v\u0117j\u0119 ar pa\u017eeisti. Be to, rekomenduojama naudoti originalius priedus ir kreiptis \u012f profesionalias prie\u017ei\u016bros paslaugas, kad b\u016bt\u0173 i\u0161vengta galim\u0173 problem\u0173.<\/p>\n<p><img decoding=\"async\" src=\"https:\/\/www.hydraulic-cylinders.net\/wp-content\/uploads\/2025\/01\/songte-bushings-with-all-kinds-of-excavator-models.webp\"><\/p>\n<h2>Diegimo vadovas<\/h2>\n<p>Prie\u0161 montuodami \u012fsitikinkite, kad hidraulin\u0117 sistema yra \u0161vari ir be priemai\u0161\u0173. Patikrinkite svirties cilindro suderinamum\u0105 su mechanine svirtimi ir \u012fsitikinkite, kad montavimo pad\u0117tis ir kryptis yra teisingos. Ver\u017eles ir var\u017etus priver\u017ekite nurodytu sukimo momento raktu. Patikrinkite sandarum\u0105, kad \u012fsitikintum\u0117te, jog n\u0117ra nuot\u0117kio. Galiausiai patikrinkite svirties cilindro veikim\u0105 ir, jei reikia, j\u012f sureguliuokite.<\/p>\n<h2>Saugos aspektai ir aplinkos veiksniai<\/h2>\n<p>Naudojant svirtin\u012f cilindr\u0105, b\u016btina atkreipti d\u0117mes\u012f \u012f saugos priemones, kad b\u016bt\u0173 i\u0161vengta nelaiming\u0173 atsitikim\u0173, pavyzd\u017eiui, d\u0117v\u0117ti apsaugines priemones ir laikytis naudojimo instrukcij\u0173. Aplinkos veiksniai, tokie kaip temperat\u016bra, dr\u0117gm\u0117 ir dulk\u0117s, gali tur\u0117ti \u012ftakos svirtinio cilindro veikimui, tod\u0117l reikia imtis priemoni\u0173 optimaliam cilindro veikimui skirtingomis aplinkos s\u0105lygomis.<\/p>\n<h2>Trik\u010di\u0173 \u0161alinimas ir da\u017eniausios problemos<\/h2>\n<p>Da\u017eniausios svirtini\u0173 cilindr\u0173 problemos yra nuot\u0117kis, ne\u012fprastas triuk\u0161mas ir l\u0117tas veikimas. Jei kyla \u0161i\u0173 problem\u0173, b\u016btina patikrinti sandarinimo elementus ir, jei reikia, juos pakeisti. Patikrinkite hidraulin\u0117s alyvos lyg\u012f ir, jei reikia, pakeiskite alyv\u0105. Patikrinkite cilindro korpus\u0105 ir st\u016bmoklio kot\u0105, ar jie nesusid\u0117v\u0117j\u0119 ar nepa\u017eeisti. Jei problema i\u0161lieka, rekomenduojama kreiptis \u012f profesionalias technin\u0117s prie\u017ei\u016bros tarnybas, kad b\u016bt\u0173 diagnozuota ir pa\u0161alinta problema.<\/p>\n<p><img decoding=\"async\" src=\"https:\/\/www.hydraulic-cylinders.net\/wp-content\/uploads\/2025\/01\/songte-company-4.webp\"><br \/>\n<img decoding=\"async\" src=\"https:\/\/www.hydraulic-cylinders.net\/wp-content\/uploads\/2025\/01\/songte-company-3.webp\"><\/p>\n<h2>Apie mus<\/h2>\n<p>Esame profesionalus pakaitini\u0173 hidraulini\u0173 cilindr\u0173 gamintojas, si\u016blantis plat\u0173 gamini\u0173 asortiment\u0105. Tapome vienu i\u0161 pirmaujan\u010di\u0173 hidraulini\u0173 cilindr\u0173 gamintoj\u0173 ir didmenini\u0173 platintoj\u0173 vidaus ir tarptautin\u0117se rinkose. Visada laikom\u0117s puikios kokyb\u0117s principo, remiam\u0117s industrializuota gamybos valdymo strategija, sukurta i\u0161tobulinta gamybos dirbtuv\u0117, ir nuolat tobuliname savo technin\u012f lyg\u012f bei gamybos efektyvum\u0105. Diegdami auk\u0161\u010diausios klas\u0117s skaitmenin\u0119 gamybos \u012frang\u0105 ir profesionalias testavimo sistemas, nuolat optimizuojame gamybos platform\u0105, tobuliname gamini\u0173 kokyb\u0117s kontrol\u0117s proces\u0105 ir pasi\u017eymime stipriais inovacij\u0173 geb\u0117jimais. M\u016bs\u0173 tikslas \u2013 patenkinti \u012fvairius klient\u0173 poreikius, vadovaujantis didelio efektyvumo, tikslumo ir auk\u0161tos kokyb\u0117s principais.<\/p>\n<p>Savo klientams si\u016blome profesionalias paslaugas, tokias kaip tarptautinis sertifikavimas, individualiai pritaikytos paslaugos, gamybos \u012franga ir aptarnavimas po pardavimo.<\/p>\n<p>Autorius: lyl<\/p>","protected":false},"excerpt":{"rendered":"<p>Arm Cylinder For NHIG 2006LC Introduction The arm cylinder is a specially designed hydraulic cylinder used to provide linear motion and power to various types of mechanical arms, such as excavators, cranes, and robotic arms. The arm cylinder plays a key role in the hydraulic system, enabling the effective movement and control of attachments or [&hellip;]<\/p>","protected":false},"featured_media":14759,"comment_status":"open","ping_status":"closed","template":"","meta":{"_et_pb_use_builder":"","_et_pb_old_content":"","_et_gb_content_width":""},"product_brand":[],"product_cat":[1497],"product_tag":[1498,1496],"class_list":{"0":"post-16877","1":"product","2":"type-product","3":"status-publish","4":"has-post-thumbnail","6":"product_cat-arm-cylinders","7":"product_tag-arm-cylinders","8":"product_tag-hydraulic-cylinders","10":"first","11":"instock","12":"shipping-taxable","13":"product-type-simple"},"amp_enabled":true,"_links":{"self":[{"href":"https:\/\/www.hydraulic-cylinders.net\/lt\/wp-json\/wp\/v2\/product\/16877","targetHints":{"allow":["GET"]}}],"collection":[{"href":"https:\/\/www.hydraulic-cylinders.net\/lt\/wp-json\/wp\/v2\/product"}],"about":[{"href":"https:\/\/www.hydraulic-cylinders.net\/lt\/wp-json\/wp\/v2\/types\/product"}],"replies":[{"embeddable":true,"href":"https:\/\/www.hydraulic-cylinders.net\/lt\/wp-json\/wp\/v2\/comments?post=16877"}],"wp:featuredmedia":[{"embeddable":true,"href":"https:\/\/www.hydraulic-cylinders.net\/lt\/wp-json\/wp\/v2\/media\/14759"}],"wp:attachment":[{"href":"https:\/\/www.hydraulic-cylinders.net\/lt\/wp-json\/wp\/v2\/media?parent=16877"}],"wp:term":[{"taxonomy":"product_brand","embeddable":true,"href":"https:\/\/www.hydraulic-cylinders.net\/lt\/wp-json\/wp\/v2\/product_brand?post=16877"},{"taxonomy":"product_cat","embeddable":true,"href":"https:\/\/www.hydraulic-cylinders.net\/lt\/wp-json\/wp\/v2\/product_cat?post=16877"},{"taxonomy":"product_tag","embeddable":true,"href":"https:\/\/www.hydraulic-cylinders.net\/lt\/wp-json\/wp\/v2\/product_tag?post=16877"}],"curies":[{"name":"wp","href":"https:\/\/api.w.org\/{rel}","templated":true}]}}