{"id":16884,"date":"2025-01-21T06:10:24","date_gmt":"2025-01-21T06:10:24","guid":{"rendered":"https:\/\/www.hydraulic-cylinders.net\/product\/arm-cylinder-for-baoding-wy90d-9\/"},"modified":"2025-01-21T06:10:26","modified_gmt":"2025-01-21T06:10:26","slug":"arm-cylinder-for-baoding-wy90d-9","status":"publish","type":"product","link":"https:\/\/www.hydraulic-cylinders.net\/lt\/produktas\/arm-cylinder-for-baoding-wy90d-9\/","title":{"rendered":"Baodingo WY90D-9 rankos cilindras"},"content":{"rendered":"<h1>Baoding WY90D-9 rankos cilindras<\/h1>\n<h2>Produkto apibr\u0117\u017eimas ir paai\u0161kinimas<\/h2>\n<p>Svirties cilindras yra specialiai suprojektuotas hidraulinis cilindras, naudojamas linijiniam jud\u0117jimui ir galiai u\u017etikrinti \u012fvairioms mechanin\u0117ms svirtims, tokioms kaip ekskavatoriai, kranai ir robotin\u0117s svirtys. Svirties cilindras atlieka labai svarb\u0173 vaidmen\u012f hidraulin\u0117se sistemose, nes leid\u017eia efektyviai jud\u0117ti ir valdyti priedus. \u0160ie cilindrai ne tik u\u017etikrina skland\u0173 jud\u0117jim\u0105, bet ir atlaiko dideles apkrovas, u\u017etikrindami efektyv\u0173 ma\u0161in\u0173 veikim\u0105 ir patikimum\u0105 \u012fvairiomis darbo s\u0105lygomis.<\/p>\n<p><img decoding=\"async\" src=\"https:\/\/www.hydraulic-cylinders.net\/wp-content\/uploads\/2025\/01\/songte-company-2.webp\"><\/p>\n<h2>Produkto savyb\u0117s<\/h2>\n<ul>\n<li>\n<h3>Efektyvus energijos perdavimas<\/h3>\n<p>Svirtini\u0173 cilindr\u0173 konstrukcija u\u017etikrina stipr\u0173 tiesin\u012f judes\u012f ir j\u0117g\u0105, u\u017etikrindama auk\u0161t\u0105 ma\u0161in\u0173 svirtini\u0173 cilindr\u0173 efektyvum\u0105 atliekant \u012fvairias operacijas.<\/li>\n<li>\n<h3>Tikslus valdymas<\/h3>\n<p>Hidraulin\u0117s sistemos d\u0117ka rankos cilindras gali tiksliai valdyti judes\u012f, tod\u0117l pritvirtint\u0173 \u012franki\u0173 valdymas tampa lankstesnis ir tikslesnis.<\/li>\n<li>\n<h3>Stiprus patvarumas<\/h3>\n<p>Svirtiniai cilindrai paprastai gaminami i\u0161 didelio stiprumo med\u017eiag\u0173, pasi\u017eymin\u010di\u0173 geru atsparumu dilimui ir korozijai, tod\u0117l tinkami ilgalaikiam naudojimui at\u0161iauriomis s\u0105lygomis.<\/li>\n<li>\n<h3>Daugiafunkcinis prisitaikymas<\/h3>\n<p>\u0160ie cilindrai gali b\u016bti pla\u010diai naudojami \u012fvairiuose mechaniniuose \u012frenginiuose, tokiuose kaip ekskavatoriai, kranai ir robotin\u0117s rankos, kad atitikt\u0173 skirtingus darbo reikalavimus.<\/li>\n<li>\n<h3>Lengva prie\u017ei\u016bra<\/h3>\n<p>Projektuojant atsi\u017evelgiama \u012f lengv\u0105 prie\u017ei\u016br\u0105 ir keitim\u0105, tod\u0117l reguliari ap\u017ei\u016bra ir prie\u017ei\u016bra yra patogesni, o \u012frangos prastova suma\u017e\u0117ja.<\/li>\n<\/ul>\n<p>Mes gaminame \u0161\u012f produkt\u0105 ir si\u016blome puik\u0173 \u0161i\u0173 hidraulini\u0173 cilindr\u0173 pakaital\u0105.<\/p>\n<p><img decoding=\"async\" src=\"https:\/\/www.hydraulic-cylinders.net\/wp-content\/uploads\/2025\/01\/songte-oil-pipes-and-spare-parts.webp\"><\/p>\n<h2>Produkto pritaikymas<\/h2>\n<p>Rankiniai cilindrai pla\u010diai naudojami \u012fvairiose pramon\u0117s \u0161akose:<\/p>\n<ul>\n<li>\n<h3>Statybos in\u017einerija<\/h3>\n<p>Svirties cilindrai naudojami ekskavatori\u0173 ir kran\u0173 kau\u0161o arba str\u0117l\u0117s jud\u0117jimui valdyti, atliekant \u017eem\u0117s darbus, med\u017eiag\u0173 tvarkym\u0105 ir konstrukcij\u0173 montavim\u0105.<\/li>\n<li>\n<h3>Gamybos pramon\u0117<\/h3>\n<p>Rank\u0173 cilindrai naudojami robotini\u0173 rank\u0173 jud\u0117jimui automatizuotose gamybos linijose, siekiant atlikti surinkimo, suvirinimo ir tvarkymo procesus, taip pagerinant gamybos efektyvum\u0105 ir tikslum\u0105.<\/li>\n<li>\n<h3>\u017dem\u0117s \u016bkio technika<\/h3>\n<p>Svir\u010di\u0173 cilindrai valdo \u017eem\u0117s \u016bkio technikos, tokios kaip derliaus nu\u0117mimo ma\u0161inos ir s\u0117jamosios, valdymo svir\u010di\u0173 judesius, atlikdami tokias u\u017eduotis kaip s\u0117ja, tr\u0119\u0161imas ir derliaus nu\u0117mimas.<\/li>\n<li>\n<h3>Kasybos pramon\u0117<\/h3>\n<p>Svirtiniai cilindrai naudojami kasybos \u012frangos, skirtos mineral\u0173 kasybai ir transportavimui, svirtiniams judesiams valdyti.<\/li>\n<li>\n<h3>Logistika ir transportas<\/h3>\n<p>Svirtiniai cilindrai naudojami \u0161aki\u0173 k\u0117limui ir jud\u0117jimui valdyti \u0161akiniuose krautuvuose ir robotuose, skirtuose med\u017eiagoms transportuoti ir sukrauti.<\/li>\n<\/ul>\n<h2>Produkto projektavimo aspektai ir atrankos kriterijai<\/h2>\n<p>Projektuojant cilindro formos rankenas, reikia atsi\u017evelgti \u012f kelis svarbius veiksnius:<\/p>\n<ul>\n<li>\n<h3>Guoli\u0173 talpa<\/h3>\n<p>Svirties cilindras turi atlaikyti dideles apkrovas be pa\u017eeidim\u0173.<\/li>\n<li>\n<h3>Sandarinimas<\/h3>\n<p>Siekiant u\u017etikrinti hermeti\u0161k\u0105 ir nepralaid\u0173 cilindr\u0105, naudojami \u012fvair\u016bs sandarinimo elementai, tokie kaip st\u016bmokli\u0173 ir stryp\u0173 sandarikliai.<\/li>\n<li>\n<h3>Patvarumas<\/h3>\n<p>Cilindro korpusas, st\u016bmoklis ir kotas pagaminti i\u0161 didelio stiprumo med\u017eiag\u0173, kad b\u016bt\u0173 u\u017etikrintas ilgaam\u017ei\u0161kumas ir atsparumas korozijai.<\/li>\n<li>\n<h3>Saugumas<\/h3>\n<p>Projektuojant reikia atsi\u017evelgti \u012f saugos veiksnius, tokius kaip apsauga nuo perkrov\u0173 ir avarinis stabdymas, siekiant u\u017etikrinti personalo ir \u012frangos saug\u0105.<\/li>\n<li>\n<h3>Prie\u017ei\u016bra<\/h3>\n<p>Projektuojant reik\u0117t\u0173 atsi\u017evelgti \u012f komponent\u0173 prie\u017ei\u016bros ir keitimo paprastum\u0105, kad b\u016bt\u0173 suma\u017eintas prastovos laikas ir suma\u017eintos prie\u017ei\u016bros i\u0161laidos.<\/li>\n<\/ul>\n<p><img decoding=\"async\" src=\"https:\/\/www.hydraulic-cylinders.net\/wp-content\/uploads\/2025\/01\/songte-cylinder-head-with-all-kinds-excavator-models.webp\"><\/p>\n<h2>Produkto sandarinimas ir tepimas<\/h2>\n<p>Siekiant u\u017etikrinti hermeti\u0161k\u0105 ir sandar\u0173 cilindr\u0105, naudojami \u012fvair\u016bs sandarinimo elementai, tokie kaip st\u016bmoklio ir koto sandarikliai. Sandarinimo dalys pagamintos i\u0161 atspari\u0173 dilimui med\u017eiag\u0173, toki\u0173 kaip poliuretanas ir nitrilo kau\u010diukas, kad b\u016bt\u0173 u\u017etikrintas ilgalaikis naudojimas at\u0161iauriomis s\u0105lygomis. Cilindro korpusas ir sriegio galo pavir\u0161ius yra kruop\u0161\u010diai apdirbti, siekiant pagerinti atsparum\u0105 dilimui. Tepimui b\u016btina reguliariai pildyti atitinkam\u0105 kiek\u012f hidraulin\u0117s alyvos.<\/p>\n<p><img decoding=\"async\" src=\"https:\/\/www.hydraulic-cylinders.net\/wp-content\/uploads\/2025\/01\/songte-chushion-collar.webp\"><\/p>\n<h2>Produkto prie\u017ei\u016bra ir trik\u010di\u0173 \u0161alinimas<\/h2>\n<p>Norint u\u017etikrinti efektyv\u0173 ir patikim\u0105 svirtini\u0173 cilindr\u0173 veikim\u0105, b\u016btina reguliariai tikrinti ir atlikti profilaktin\u0119 prie\u017ei\u016br\u0105. Toliau pateikiami keli \u012fprasti prie\u017ei\u016bros ir trik\u010di\u0173 \u0161alinimo patarimai:<\/p>\n<ul>\n<li>\n<h3>Reguliarus patikrinimas<\/h3>\n<p>Patikrinkite cilindr\u0105, ar n\u0117ra pa\u017eeidim\u0173, nuot\u0117ki\u0173 ar \u012ftr\u016bkim\u0173, ir laiku pakeiskite visas susid\u0117v\u0117jusias dalis.<\/li>\n<li>\n<h3>Profilaktin\u0117 prie\u017ei\u016bra<\/h3>\n<p>Atlikite profilaktin\u0119 prie\u017ei\u016br\u0105, kad u\u017etikrintum\u0117te ger\u0105 cilindro darbin\u0119 b\u016bkl\u0119.<\/li>\n<li>\n<h3>Trik\u010di\u0173 \u0161alinimas<\/h3>\n<p>Jei yra cilindro problema, pvz., nuot\u0117kis ar ne\u012fprastas triuk\u0161mas, atlikite sisteming\u0105 diagnostik\u0105 ir remont\u0105.<\/li>\n<li>\n<h3>Prevencin\u0117s priemon\u0117s<\/h3>\n<p>Imkit\u0117s prevencini\u0173 priemoni\u0173, toki\u0173 kaip reguliari prie\u017ei\u016bra ir susid\u0117v\u0117jusi\u0173 dali\u0173 keitimas, kad suma\u017eintum\u0117te galimas problemas ir pailgintum\u0117te cilindro tarnavimo laik\u0105.<\/li>\n<\/ul>\n<h2>Produkto diegimo vadovas<\/h2>\n<p>Baoding WY90D-9 rankos cilindro montavimo instrukcijos:<\/p>\n<ol>\n<li>Paruo\u0161kite montavimo viet\u0105 ir \u012fsitikinkite, kad montavimo pavir\u0161ius yra \u0161varus ir be \u0161iuk\u0161li\u0173.<\/li>\n<li>Sumontuokite cilindr\u0105 pagal montavimo instrukcijas ir teisinga montavimo kryptimi.<\/li>\n<li>Prijunkite hidraulin\u012f vamzdyn\u0105 ir priver\u017ekite jungtis.<\/li>\n<li>Atlikite sl\u0117gio bandym\u0105, kad \u012fsitikintum\u0117te, jog cilindras veikia tinkamai ir n\u0117ra nuot\u0117ki\u0173.<\/li>\n<li>Po \u012frengimo atlikite reguliari\u0105 cilindro prie\u017ei\u016br\u0105 ir patikr\u0105.<\/li>\n<\/ol>\n<p><img decoding=\"async\" src=\"https:\/\/www.hydraulic-cylinders.net\/wp-content\/uploads\/2025\/01\/songte-bushings-with-all-kinds-of-excavator-models.webp\"><\/p>\n<h2>Produkto saugos aspektai ir aplinkos veiksniai<\/h2>\n<p>Saugumas yra labai svarbus veiksnys naudojant svirtinius cilindrus. Operatoriai tur\u0117t\u0173 laikytis saugos nurodym\u0173 ir imtis tinkam\u0173 priemoni\u0173, kad u\u017etikrint\u0173 savo ir aplinkini\u0173 saug\u0105. Be to, aplinkos veiksniai, tokie kaip temperat\u016bra ir dr\u0117gm\u0117, gali tur\u0117ti \u012ftakos cilindro veikimui ir tarnavimo laikui. Tod\u0117l renkantis ir naudojant svirtinius cilindrus, b\u016btina atsi\u017evelgti \u012f \u0161iuos veiksnius.<\/p>\n<h2>Apie mus<\/h2>\n<p>Esame profesionalus pakaitini\u0173 hidraulini\u0173 cilindr\u0173 gamintojas, si\u016blantis plat\u0173 gamini\u0173 asortiment\u0105 ir tap\u0119s vienu i\u0161 pirmaujan\u010di\u0173 hidraulini\u0173 cilindr\u0173 gamintoj\u0173 ir didmenini\u0173 platintoj\u0173 vidaus ir tarptautin\u0117se rinkose. Visada laikom\u0117s puikios kokyb\u0117s principo, remiam\u0117s industrializuoto gamybos valdymo strategijomis puikiose gamybos dirbtuv\u0117se, nuolat tobuliname savo technin\u012f lyg\u012f ir gamybos efektyvum\u0105. \u012ediegdami auk\u0161\u010diausios klas\u0117s skaitmenin\u0119 gamybos \u012frang\u0105 ir profesionalias bandym\u0173 sistemas, nuolat optimizuojame gamybos platform\u0105, tobuliname gamini\u0173 kokyb\u0117s kontrol\u0117s procesus ir turime galingas inovacij\u0173 galimybes. M\u016bs\u0173 tikslas \u2013 patenkinti \u012fvairius klient\u0173 poreikius, taikant didelio efektyvumo, tikslumo ir auk\u0161tos kokyb\u0117s principus.<\/p>\n<p>Si\u016blome individualiai pritaikytas paslaugas ir esame gav\u0119 \u012fvairius tarptautinius sertifikatus, tokius kaip ISO9001, CE ir SGS. Turime pa\u017eangi\u0105 gamybos \u012frang\u0105 ir teikiame efektyv\u0173 aptarnavim\u0105 po pardavimo, kad u\u017etikrintume klient\u0173 pasitenkinim\u0105.<\/p>\n<p><img decoding=\"async\" src=\"https:\/\/www.hydraulic-cylinders.net\/wp-content\/uploads\/2025\/01\/songte-company-4.webp\"><br \/>\n<img decoding=\"async\" src=\"https:\/\/www.hydraulic-cylinders.net\/wp-content\/uploads\/2025\/01\/songte-company-3.webp\"><\/p>\n<p>Autorius: lyl<\/p>","protected":false},"excerpt":{"rendered":"<p>Arm Cylinder for Baoding WY90D-9 Product Definition and Explanation An arm cylinder is a specially designed hydraulic cylinder used to provide linear motion and power to various mechanical arms, such as excavators, cranes, and robotic arms. The arm cylinder plays a critical role in hydraulic systems, enabling attachments to move and control effectively. These cylinders [&hellip;]<\/p>","protected":false},"featured_media":14770,"comment_status":"open","ping_status":"closed","template":"","meta":{"_et_pb_use_builder":"","_et_pb_old_content":"","_et_gb_content_width":""},"product_brand":[],"product_cat":[1497],"product_tag":[1498,1496],"class_list":{"0":"post-16884","1":"product","2":"type-product","3":"status-publish","4":"has-post-thumbnail","6":"product_cat-arm-cylinders","7":"product_tag-arm-cylinders","8":"product_tag-hydraulic-cylinders","10":"first","11":"instock","12":"shipping-taxable","13":"product-type-simple"},"amp_enabled":true,"_links":{"self":[{"href":"https:\/\/www.hydraulic-cylinders.net\/lt\/wp-json\/wp\/v2\/product\/16884","targetHints":{"allow":["GET"]}}],"collection":[{"href":"https:\/\/www.hydraulic-cylinders.net\/lt\/wp-json\/wp\/v2\/product"}],"about":[{"href":"https:\/\/www.hydraulic-cylinders.net\/lt\/wp-json\/wp\/v2\/types\/product"}],"replies":[{"embeddable":true,"href":"https:\/\/www.hydraulic-cylinders.net\/lt\/wp-json\/wp\/v2\/comments?post=16884"}],"wp:featuredmedia":[{"embeddable":true,"href":"https:\/\/www.hydraulic-cylinders.net\/lt\/wp-json\/wp\/v2\/media\/14770"}],"wp:attachment":[{"href":"https:\/\/www.hydraulic-cylinders.net\/lt\/wp-json\/wp\/v2\/media?parent=16884"}],"wp:term":[{"taxonomy":"product_brand","embeddable":true,"href":"https:\/\/www.hydraulic-cylinders.net\/lt\/wp-json\/wp\/v2\/product_brand?post=16884"},{"taxonomy":"product_cat","embeddable":true,"href":"https:\/\/www.hydraulic-cylinders.net\/lt\/wp-json\/wp\/v2\/product_cat?post=16884"},{"taxonomy":"product_tag","embeddable":true,"href":"https:\/\/www.hydraulic-cylinders.net\/lt\/wp-json\/wp\/v2\/product_tag?post=16884"}],"curies":[{"name":"wp","href":"https:\/\/api.w.org\/{rel}","templated":true}]}}