{"id":16888,"date":"2025-01-21T06:10:42","date_gmt":"2025-01-21T06:10:42","guid":{"rendered":"https:\/\/www.hydraulic-cylinders.net\/product\/arm-cylinder-for-baoding-sc240sd-8\/"},"modified":"2025-01-21T06:10:44","modified_gmt":"2025-01-21T06:10:44","slug":"arm-cylinder-for-baoding-sc240sd-8","status":"publish","type":"product","link":"https:\/\/www.hydraulic-cylinders.net\/lt\/produktas\/arm-cylinder-for-baoding-sc240sd-8\/","title":{"rendered":"Baodingo SC240SD.8 rankenos cilindras"},"content":{"rendered":"<h1>Baodingo SC240SD.8 rankenos cilindras<\/h1>\n<h2>\u012evadas<\/h2>\n<p>Svirties cilindras yra specialiai suprojektuotas hidraulinis cilindras, kuris pirmiausia naudojamas linijiniam judesiui ir galiai u\u017etikrinti \u012fvairi\u0173 tip\u0173 ma\u0161in\u0173, toki\u0173 kaip ekskavatoriai, kranai ir mechanin\u0117s svirtys, svirtims. Svirties cilindras atlieka labai svarb\u0173 vaidmen\u012f hidraulin\u0117se sistemose, nes leid\u017eia priedams ar priedams efektyviai jud\u0117ti ir valdyti. \u0160ie cilindrai ne tik u\u017etikrina skland\u0173 jud\u0117jim\u0105, bet ir atlaiko dideles apkrovas, u\u017etikrindami efektyv\u0173 ma\u0161in\u0173 veikim\u0105 ir patikimum\u0105 \u012fvairiomis darbo s\u0105lygomis.<\/p>\n<p><img decoding=\"async\" src=\"https:\/\/www.hydraulic-cylinders.net\/wp-content\/uploads\/2025\/01\/songte-company-2.webp\"><\/p>\n<h2>Savyb\u0117s<\/h2>\n<ul>\n<li>Efektyvus galios perdavimas: Svirties cilindras gali u\u017etikrinti stipr\u0173 tiesin\u012f judes\u012f ir j\u0117g\u0105, u\u017etikrindamas auk\u0161t\u0105 mechanin\u0117s svirties efektyvum\u0105 atliekant \u012fvairias operacijas.<\/li>\n<li>Tikslus valdymas: Hidraulini\u0173 sistem\u0173 d\u0117ka rankos cilindras gali tiksliai valdyti judes\u012f, tod\u0117l pried\u0173 valdymas tampa lankstesnis ir tikslesnis.<\/li>\n<li>Didelis patvarumas: Svirties cilindras paprastai pagamintas i\u0161 didelio stiprumo med\u017eiag\u0173 ir pasi\u017eymi geru atsparumu dilimui bei korozijai, tod\u0117l tinka ilgalaikiam naudojimui at\u0161iauriomis s\u0105lygomis.<\/li>\n<li>Daugiafunkcis pritaikomumas: \u0160ie cilindrai gali b\u016bti pla\u010diai naudojami \u012fvairiuose mechaniniuose \u012frenginiuose, tokiuose kaip ekskavatoriai, kranai ir mechanin\u0117s rankenos, prisitaikant prie skirting\u0173 darbo reikalavim\u0173.<\/li>\n<li>Lengva prie\u017ei\u016bra: konstrukcija skirta lengvam techniniam aptarnavimui ir pakeitimui, tod\u0117l reguliari ap\u017ei\u016bra ir prie\u017ei\u016bra yra patogesn\u0117, o \u012frangos prastovos laikas sutrump\u0117ja.<\/li>\n<\/ul>\n<p>Mes galime pagaminti \u0161\u012f produkt\u0105, o m\u016bs\u0173 produktai gali puikiai pakeisti \u0161iuos hidraulinius cilindrus.<\/p>\n<p><img decoding=\"async\" src=\"https:\/\/www.hydraulic-cylinders.net\/wp-content\/uploads\/2025\/01\/songte-oil-pipes-and-spare-parts.webp\"><\/p>\n<h2>Parai\u0161kos<\/h2>\n<p>Cilindro formos rankena pla\u010diai naudojama \u012fvairiose pramon\u0117s \u0161akose, tokiose kaip:<\/p>\n<ul>\n<li>Konstrukcija: Ekskavatoriuose ir kranuose svirties cilindras naudojamas kau\u0161o arba str\u0117l\u0117s jud\u0117jimui valdyti \u017eem\u0117s darbams, med\u017eiag\u0173 tvarkymui ir konstrukcij\u0173 montavimui.<\/li>\n<li>Gamyba: Automatizuotose gamybos linijose svirties cilindras naudojamas mechanin\u0117ms svirtims judinti, surinkimo, suvirinimo ir tvarkymo procesams, taip pagerinant gamybos efektyvum\u0105 ir tikslum\u0105.<\/li>\n<li>\u017dem\u0117s \u016bkio technika: \u017dem\u0117s \u016bkio technikoje, pavyzd\u017eiui, derliaus nu\u0117mimo ir s\u0117jamosiose, svirties cilindras valdo valdymo svirties judes\u012f, atlikdamas tokias u\u017eduotis kaip s\u0117ja, tr\u0119\u0161imas ir derliaus nu\u0117mimas.<\/li>\n<li>Kasyba: Kasybos \u012frangoje svirties cilindras naudojamas kasybos \u012frangos svirties jud\u0117jimui valdyti, r\u016bdos kasybai ir gabenimui.<\/li>\n<li>Logistika ir transportavimas: \u0160akiniuose krautuvuose ir tvarkymo robotuose rankos cilindras naudojamas \u0161ak\u0117s pak\u0117limui ir jud\u0117jimui valdyti, u\u017etikrinant med\u017eiag\u0173 tvarkym\u0105 ir krovim\u0105.<\/li>\n<\/ul>\n<h2>Projektavimo aspektai ir atrankos kriterijai<\/h2>\n<p>Projektuojant svirties cilindr\u0105, reikia atsi\u017evelgti \u012f \u0161iuos dalykus:<\/p>\n<h3>Keliamoji galia<\/h3>\n<p>Svirties cilindras turi geb\u0117ti atlaikyti apkrov\u0105 ir u\u017etikrinti reikiam\u0105 j\u0117g\u0105 operacijai. Renkantis cilindr\u0105 reikia atsi\u017evelgti \u012f cilindro skersmen\u012f ir eigos ilg\u012f.<\/p>\n<h3>Sandarinimas<\/h3>\n<p>Svirties cilindras turi b\u016bti gerai sandarus, kad b\u016bt\u0173 i\u0161vengta nuot\u0117kio. Sandarumui u\u017etikrinti naudojami \u012fvair\u016bs sandarinimo komponentai, tokie kaip st\u016bmoklio ir strypo sandarikliai. Sandarinimo komponentai pagaminti i\u0161 atspari\u0173 dilimui med\u017eiag\u0173, toki\u0173 kaip poliuretanas ir nitrilo kau\u010diukas.<\/p>\n<h3>Patvarumas<\/h3>\n<p>Svirties cilindras turi b\u016bti patvarus ir atsparus dilimui bei korozijai. Patvarumui pagerinti galima naudoti didelio stiprumo med\u017eiagas, pavir\u0161iaus apdorojim\u0105 ir dangas.<\/p>\n<h3>Saugumas<\/h3>\n<p>Svirties cilindras turi b\u016bti saugus ir patikimas, tur\u0117ti tokias funkcijas kaip apsauga nuo perkrovos ir avarinio stabdymo funkcijos.<\/p>\n<h3>Prie\u017ei\u016bra<\/h3>\n<p>Svirties cilindras turi b\u016bti lengvai pri\u017ei\u016brimas ir remontuojamas. Cilindro konstrukcija turi b\u016bti lengvai i\u0161ardoma ir surinkiama, o komponent\u0173 keitimas \u2013 paprastas.<\/p>\n<p><img decoding=\"async\" src=\"https:\/\/www.hydraulic-cylinders.net\/wp-content\/uploads\/2025\/01\/songte-cylinder-head-with-all-kinds-excavator-models.webp\"><\/p>\n<h2>Sandarinimas ir tepimas<\/h2>\n<p>Svirtinis cilindras naudoja \u012fvairius sandarinimo komponentus, tokius kaip st\u016bmoklio ir strypo sandarikliai, kad b\u016bt\u0173 u\u017etikrintas sandarumas. Sandarinimo komponentai pagaminti i\u0161 atspari\u0173 dilimui med\u017eiag\u0173, toki\u0173 kaip poliuretanas ir nitrilo kau\u010diukas. Cilindro korpusas ir sriegio galo pavir\u0161ius yra kruop\u0161\u010diai apdirbti, siekiant pagerinti atsparum\u0105 dilimui. Norint u\u017etikrinti skland\u0173 cilindro veikim\u0105, reikia reguliariai tepti hidrauline alyva.<\/p>\n<h2>Reguliarus patikrinimas ir prevencin\u0117 prie\u017ei\u016bra<\/h2>\n<p>Norint u\u017etikrinti ilgalaik\u012f svirties cilindro patikimum\u0105 ir saug\u0105, b\u016btina reguliariai j\u012f ap\u017ei\u016br\u0117ti ir atlikti profilaktin\u0119 prie\u017ei\u016br\u0105. Reik\u0117t\u0173 imtis \u0161i\u0173 priemoni\u0173:<\/p>\n<ul>\n<li>Reguliariai tikrinkite cilindro korpus\u0105, st\u016bmoklio kot\u0105 ir sandarinimo komponentus, ar n\u0117ra susid\u0117v\u0117jimo ir pa\u017eeidim\u0173.<\/li>\n<li>Reguliariai keiskite sandarinimo komponentus, kad u\u017etikrintum\u0117te sandarumo efektyvum\u0105.<\/li>\n<li>Reguliariai tikrinkite ir keiskite hidraulin\u0119 alyv\u0105.<\/li>\n<li>Reguliariai tikrinkite ir priver\u017ekite tvirtinimo detales.<\/li>\n<li>Reguliariai tikrinkite ir keiskite filtro element\u0105.<\/li>\n<\/ul>\n<p><img decoding=\"async\" src=\"https:\/\/www.hydraulic-cylinders.net\/wp-content\/uploads\/2025\/01\/songte-chushion-collar.webp\"><\/p>\n<h2>Diegimo vadovas<\/h2>\n<p>Svirties cilindro montavimas tur\u0117t\u0173 b\u016bti atliekamas laikantis instrukcij\u0173:<\/p>\n<ol>\n<li>\u012esitikinkite, kad montavimo pavir\u0161ius yra lygus ir \u0161varus.<\/li>\n<li>Cilindr\u0105 sumontuokite pagal rodykl\u0117s krypt\u012f ant cilindro korpuso.<\/li>\n<li>Atkreipkite d\u0117mes\u012f \u012f cilindro montavimo pad\u0117t\u012f ir venkite st\u016bmoklio koto, kad \u012f j\u012f neatsitrenkt\u0173 pa\u0161aliniai objektai.<\/li>\n<li>\u012esitikinkite, kad tvirtinimo detal\u0117s priver\u017etos iki nurodyto sukimo momento.<\/li>\n<li>\u012edieg\u0119 cilindr\u0105, patikrinkite jo veikim\u0105, kad \u012fsitikintum\u0117te, jog cilindras veikia skland\u017eiai ir tinkamai.<\/li>\n<\/ol>\n<p><img decoding=\"async\" src=\"https:\/\/www.hydraulic-cylinders.net\/wp-content\/uploads\/2025\/01\/songte-bushings-with-all-kinds-of-excavator-models.webp\"><\/p>\n<h2>Saugos aspektai ir aplinkos veiksniai<\/h2>\n<p>Naudojant svirties cilindr\u0105, reikia imtis saugos priemoni\u0173, kad b\u016bt\u0173 i\u0161vengta nelaiming\u0173 atsitikim\u0173. Reik\u0117t\u0173 atsi\u017evelgti \u012f \u0161ias saugos priemones:<\/p>\n<ul>\n<li>\u012esitikinkite, kad cilindras yra sumontuotas ir naudojamas pagal instrukcijas.<\/li>\n<li>Atkreipkite d\u0117mes\u012f \u012f cilindro keliam\u0105j\u0105 gali\u0105 ir nevir\u0161ykite nurodytos ribos.<\/li>\n<li>Reguliariai tikrinkite cilindr\u0105, ar n\u0117ra susid\u0117v\u0117jimo ir pa\u017eeidim\u0173, ir laiku pakeiskite komponentus.<\/li>\n<li>Naudokite apsaugines priemones, kad i\u0161vengtum\u0117te nelaiming\u0173 atsitikim\u0173, kuriuos gali sukelti i\u0161siliejusi nafta.<\/li>\n<\/ul>\n<h2>Trik\u010di\u0173 \u0161alinimas ir da\u017eniausios problemos<\/h2>\n<p>Da\u017eniausios svirties cilindro problemos yra alyvos nuot\u0117kis, nepakankama galia ir ne\u012fprastas triuk\u0161mas. \u0160ie patarimai ir sprendimai gali pad\u0117ti diagnozuoti ir i\u0161spr\u0119sti problemas:<\/p>\n<ul>\n<li>Jei cilindro korpuse yra alyvos nuot\u0117kis, patikrinkite sandarinimo komponentus ir, jei reikia, pakeiskite juos.<\/li>\n<li>Jei galios nepakanka, patikrinkite keliam\u0105j\u0105 gali\u0105 ir atitinkamai sureguliuokite hidraulin\u0119 sistem\u0105.<\/li>\n<li>Jei girdite ne\u012fprast\u0105 triuk\u0161m\u0105, patikrinkite tvirtinimo detales ir sandarinimo komponentus ir, jei reikia, priver\u017ekite juos.<\/li>\n<\/ul>\n<p>Prevencin\u0117s priemon\u0117s, tokios kaip reguliari patikra, prie\u017ei\u016bra ir komponent\u0173 keitimas, gali suma\u017einti galimas problemas ir u\u017etikrinti ilgalaik\u012f svirties cilindro patikimum\u0105.<\/p>\n<p><img decoding=\"async\" src=\"https:\/\/www.hydraulic-cylinders.net\/wp-content\/uploads\/2025\/01\/songte-company-4.webp\"><br \/>\n<img decoding=\"async\" src=\"https:\/\/www.hydraulic-cylinders.net\/wp-content\/uploads\/2025\/01\/songte-company-3.webp\"><\/p>\n<h2>Apie mus<\/h2>\n<p>Esame profesionalus pakaitini\u0173 hidraulini\u0173 cilindr\u0173 gamintojas, si\u016blantis plat\u0173 gamini\u0173 asortiment\u0105. Tapome vienu i\u0161 pirmaujan\u010di\u0173 hidraulini\u0173 cilindr\u0173 gamintoj\u0173 ir didmenini\u0173 prekiautoj\u0173 vidaus ir tarptautin\u0117se rinkose. Visada laikom\u0117s puikios kokyb\u0117s principo, remdamiesi pramonin\u0117s gamybos valdymo strategijomis tiksliosios gamybos dirbtuv\u0117se, siekdami nuolat gerinti technin\u012f lyg\u012f ir gamybos efektyvum\u0105. \u012ediegdami auk\u0161\u010diausios klas\u0117s skaitmenin\u0119 gamybos \u012frang\u0105 ir profesionalias bandym\u0173 sistemas, nuolat optimizuojame gamybos platform\u0105, tobuliname gamini\u0173 kokyb\u0117s kontrol\u0117s proces\u0105 ir turime stiprias inovacij\u0173 galimybes. M\u016bs\u0173 tikslas \u2013 patenkinti \u012fvairius klient\u0173 poreikius, taikant efektyvius, tikslius ir auk\u0161tos kokyb\u0117s principus.<\/p>\n<h3>Profesionalumas<\/h3>\n<p>Esame patyrusi\u0173 specialist\u0173 komanda, \u012fsipareigojusi savo klientams teikti geriausios kokyb\u0117s produktus ir paslaugas. Puikiai i\u0161manome hidraulinius cilindrus ir galime teikti profesionalias konsultacijas bei sprendimus, kad patenkintume \u012fvairi\u0173 klient\u0173 poreikius.<\/p>\n<h3>Tarptautinis sertifikavimas<\/h3>\n<p>M\u016bs\u0173 gaminiai yra sertifikuoti \u012fvairiais tarptautiniais standartais, tokiais kaip ISO9001, CE ir SGS, ir mes grie\u017etai kontroliuojame gamini\u0173 kokyb\u0119 pagal tarptautinius standartus.<\/p>\n<h3>Pritaikymo paslaugos<\/h3>\n<p>Galime teikti pritaikymo paslaugas pagal konkre\u010dius klient\u0173 poreikius, tokius kaip special\u016bs dyd\u017eiai, formos ir med\u017eiagos.<\/p>\n<h3>Gamybos \u012franga<\/h3>\n<p>Turime pa\u017eangi\u0105 gamybos \u012frang\u0105, toki\u0105 kaip CNC apdirbimo centrai, tikslaus \u0161lifavimo stakl\u0117s ir automatiniai suvirinimo aparatai, kad u\u017etikrintume auk\u0161t\u0105 gamybos tikslum\u0105 ir automatizavim\u0105.<\/p>\n<h3>Aptarnavimas po pardavimo<\/h3>\n<p>Mes teikiame i\u0161samias garantinio aptarnavimo paslaugas, \u012fskaitant technin\u0119 pagalb\u0105, prie\u017ei\u016br\u0105 ir remont\u0105, kad klientai gal\u0117t\u0173 u\u017etikrintai naudoti m\u016bs\u0173 gaminius.<\/p>\n<p>Autorius: lyl<\/p>","protected":false},"excerpt":{"rendered":"<p>Arm Cylinder For Baoding SC240SD.8 Introduction The arm cylinder is a specially designed hydraulic cylinder that is primarily used to provide linear motion and power to the arms of various types of machinery such as excavators, cranes, and mechanical arms. The arm cylinder plays a crucial role in hydraulic systems, enabling attachments or accessories to [&hellip;]<\/p>","protected":false},"featured_media":14786,"comment_status":"open","ping_status":"closed","template":"","meta":{"_et_pb_use_builder":"","_et_pb_old_content":"","_et_gb_content_width":""},"product_brand":[],"product_cat":[1497],"product_tag":[1498,1496],"class_list":{"0":"post-16888","1":"product","2":"type-product","3":"status-publish","4":"has-post-thumbnail","6":"product_cat-arm-cylinders","7":"product_tag-arm-cylinders","8":"product_tag-hydraulic-cylinders","10":"first","11":"instock","12":"shipping-taxable","13":"product-type-simple"},"amp_enabled":true,"_links":{"self":[{"href":"https:\/\/www.hydraulic-cylinders.net\/lt\/wp-json\/wp\/v2\/product\/16888","targetHints":{"allow":["GET"]}}],"collection":[{"href":"https:\/\/www.hydraulic-cylinders.net\/lt\/wp-json\/wp\/v2\/product"}],"about":[{"href":"https:\/\/www.hydraulic-cylinders.net\/lt\/wp-json\/wp\/v2\/types\/product"}],"replies":[{"embeddable":true,"href":"https:\/\/www.hydraulic-cylinders.net\/lt\/wp-json\/wp\/v2\/comments?post=16888"}],"wp:featuredmedia":[{"embeddable":true,"href":"https:\/\/www.hydraulic-cylinders.net\/lt\/wp-json\/wp\/v2\/media\/14786"}],"wp:attachment":[{"href":"https:\/\/www.hydraulic-cylinders.net\/lt\/wp-json\/wp\/v2\/media?parent=16888"}],"wp:term":[{"taxonomy":"product_brand","embeddable":true,"href":"https:\/\/www.hydraulic-cylinders.net\/lt\/wp-json\/wp\/v2\/product_brand?post=16888"},{"taxonomy":"product_cat","embeddable":true,"href":"https:\/\/www.hydraulic-cylinders.net\/lt\/wp-json\/wp\/v2\/product_cat?post=16888"},{"taxonomy":"product_tag","embeddable":true,"href":"https:\/\/www.hydraulic-cylinders.net\/lt\/wp-json\/wp\/v2\/product_tag?post=16888"}],"curies":[{"name":"wp","href":"https:\/\/api.w.org\/{rel}","templated":true}]}}