{"id":16902,"date":"2025-01-21T06:11:41","date_gmt":"2025-01-21T06:11:41","guid":{"rendered":"https:\/\/www.hydraulic-cylinders.net\/product\/arm-cylinder-for-dasin-ds35\/"},"modified":"2025-01-21T06:11:43","modified_gmt":"2025-01-21T06:11:43","slug":"arm-cylinder-for-dasin-ds35","status":"publish","type":"product","link":"https:\/\/www.hydraulic-cylinders.net\/lt\/produktas\/arm-cylinder-for-dasin-ds35\/","title":{"rendered":"\u201eDasin DS35\u201c rankenos cilindras"},"content":{"rendered":"<h2>\u201eDasin DS35\u201c rankenos cilindras<\/h2>\n<h3>\u012evadas<\/h3>\n<p>\u201eDasin DS35\u201c svirties cilindras yra hidraulinio cilindro tipas, specialiai sukurtas u\u017etikrinti tiesin\u012f jud\u0117jim\u0105 ir gali\u0105 \u012fvairi\u0173 tip\u0173 ma\u0161in\u0173, toki\u0173 kaip ekskavatoriai, kranai ir robotin\u0117s svirtys, svir\u010diai. Svirties cilindras atlieka labai svarb\u0173 vaidmen\u012f hidraulin\u0117se sistemose, nes leid\u017eia efektyviai jud\u0117ti ir valdyti papildomus \u012frankius ar priedus. \u0160ie cilindrai ne tik u\u017etikrina skland\u0173 jud\u0117jim\u0105, bet ir gali atlaikyti dideles apkrovas, u\u017etikrindami efektyv\u0173 ma\u0161in\u0173 veikim\u0105 ir patikimum\u0105 \u012fvairiomis eksploatavimo s\u0105lygomis.<\/p>\n<p><img decoding=\"async\" src=\"https:\/\/www.hydraulic-cylinders.net\/wp-content\/uploads\/2025\/01\/songte-company-2.webp\" \/><\/p>\n<h3>Savyb\u0117s<\/h3>\n<ul>\n<li><strong>Efektyvus energijos perdavimas:<\/strong> Svirties cilindras u\u017etikrina galing\u0105 tiesin\u012f judes\u012f ir j\u0117g\u0105, u\u017etikrindamas auk\u0161t\u0105 robotin\u0117s rankos na\u0161um\u0105 atliekant \u012fvairias operacijas.<\/li>\n<li><strong>Tikslus valdymas:<\/strong> Hidraulin\u0117s sistemos d\u0117ka rankos cilindras gali tiksliai valdyti judes\u012f, tod\u0117l papildom\u0173 \u012franki\u0173 valdymas tampa lankstesnis ir tikslesnis.<\/li>\n<li><strong>Patvarus:<\/strong> Svirtiniai cilindrai paprastai gaminami i\u0161 didelio stiprumo med\u017eiag\u0173, pasi\u017eymin\u010di\u0173 geru atsparumu dilimui ir korozijai, tod\u0117l jie tinkami ilgalaikiam naudojimui at\u0161iauriomis s\u0105lygomis.<\/li>\n<li><strong>Daugiafunkcinis prisitaikymas:<\/strong> \u0160ie cilindrai gali b\u016bti pla\u010diai naudojami \u012fvairi\u0173 tip\u0173 ma\u0161inose, tokiose kaip ekskavatoriai, kranai ir robotin\u0117s rankos, pritaikant juos prie skirting\u0173 darbo reikalavim\u0173.<\/li>\n<li><strong>Lengva prie\u017ei\u016bra:<\/strong> Sukurta lengvam techniniam aptarnavimui ir pakeitimui, reguliari ap\u017ei\u016bra ir technin\u0117 prie\u017ei\u016bra tampa patogesni, tod\u0117l sutrump\u0117ja \u012frangos prastovos.<\/li>\n<\/ul>\n<p>Mes galime pagaminti \u0161\u012f produkt\u0105, o m\u016bs\u0173 produktas gali puikiai pakeisti \u0161iuos hidraulinius cilindrus.<\/p>\n<p><img decoding=\"async\" src=\"https:\/\/www.hydraulic-cylinders.net\/wp-content\/uploads\/2025\/01\/songte-oil-pipes-and-spare-parts.webp\" \/><\/p>\n<h3>Parai\u0161kos<\/h3>\n<p>Cilindro formos rankena naudojama \u012fvairiose pramon\u0117s \u0161akose, \u012fskaitant:<\/p>\n<ul>\n<li><strong>Konstrukcija:<\/strong> Ekskavatoriuose ir kranuose svirties cilindras naudojamas kau\u0161\u0173 arba str\u0117li\u0173 jud\u0117jimui valdyti atliekant \u017eem\u0117s darbus, med\u017eiag\u0173 tvarkym\u0105 ir konstrukcij\u0173 montavim\u0105.<\/li>\n<li><strong>Gamyba:<\/strong> Automatizuotose gamybos linijose rankos cilindras naudojamas robotini\u0173 rank\u0173 jud\u0117jimui, atliekant surinkimo, suvirinimo ir med\u017eiag\u0173 tvarkymo procesus, gerinant gamybos efektyvum\u0105 ir tikslum\u0105.<\/li>\n<li><strong>\u017dem\u0117s \u016bkio technika:<\/strong> \u017dem\u0117s \u016bkio technikose, tokiose kaip derliaus nu\u0117mimo ma\u0161inos ir s\u0117jamosios, svirties cilindras valdo valdymo svirties judes\u012f, atlikdamas tokias u\u017eduotis kaip s\u0117ja, tr\u0119\u0161imas ir derliaus nu\u0117mimas.<\/li>\n<li><strong>Kasyba:<\/strong> Kasybos \u012frangoje svirties cilindras naudojamas kasybos \u012frangos svirties jud\u0117jimui valdyti, atliekant kasybos ir med\u017eiag\u0173 tvarkymo u\u017eduotis.<\/li>\n<li><strong>Logistika ir transportas:<\/strong> \u0160akiniuose krautuvuose ir tvarkymo robotuose rankos cilindras naudojamas krovinio k\u0117limui ir jud\u0117jimui valdyti, med\u017eiag\u0173 tvarkymui ir sukraunimui.<\/li>\n<\/ul>\n<h3>Projektavimo aspektai ir atrankos kriterijai<\/h3>\n<p>Svirtinio cilindro projektavimo ir parinkimo kriterijai apima:<\/p>\n<ul>\n<li><strong>Keliamoji galia:<\/strong> Svirties cilindras turi atlaikyti mechanizm\u0173 ir papildomos \u012frangos, kuri\u0105 jis gabenas, apkrov\u0105.<\/li>\n<li><strong>Sandarinimas:<\/strong> Svirties cilindre tur\u0117t\u0173 b\u016bti naudojami \u012fvairi\u0173 tip\u0173 sandarikliai, tokie kaip st\u016bmoklio ir strypo sandarikliai, kurie pagaminti i\u0161 atspari\u0173 dilimui med\u017eiag\u0173, toki\u0173 kaip poliuretanas ir nitrilo kau\u010diukas.<\/li>\n<li><strong>Patvarumas:<\/strong> Svirties cilindras turi b\u016bti pagamintas i\u0161 didelio stiprumo med\u017eiag\u0173, pasi\u017eymintis geru atsparumu dilimui ir korozijai, tinkamas naudoti at\u0161iauriomis s\u0105lygomis.<\/li>\n<li><strong>Saugumas:<\/strong> Svirties cilindras turi tur\u0117ti saugos koeficient\u0105, kad b\u016bt\u0173 i\u0161vengta l\u016b\u017ei\u0173 ar nelaiming\u0173 atsitikim\u0173 eksploatacijos metu.<\/li>\n<li><strong>Prie\u017ei\u016bra:<\/strong> Svirties cilindras tur\u0117t\u0173 b\u016bti suprojektuotas taip, kad j\u012f b\u016bt\u0173 lengva pri\u017ei\u016br\u0117ti ir pakeisti, taip suma\u017einant prie\u017ei\u016bros i\u0161laidas ir \u012frangos prastovas.<\/li>\n<\/ul>\n<p><img decoding=\"async\" src=\"https:\/\/www.hydraulic-cylinders.net\/wp-content\/uploads\/2025\/01\/songte-cylinder-head-with-all-kinds-excavator-models.webp\" \/><\/p>\n<h3>Sandarinimas ir tepimas<\/h3>\n<p>Svirties cilindre tur\u0117t\u0173 b\u016bti naudojami \u012fvairi\u0173 tip\u0173 sandarikliai, tokie kaip st\u016bmoklio ir koto sandarikliai, pagaminti i\u0161 atspari\u0173 dilimui med\u017eiag\u0173, toki\u0173 kaip poliuretanas ir nitrilo kau\u010diukas. Cilindro korpusas ir sriegio pavir\u0161ius tur\u0117t\u0173 b\u016bti tiksliai apdirbti, kad b\u016bt\u0173 padidintas atsparumas dilimui. Svirties cilindr\u0105 reikia reguliariai tepti tinkamu hidraulin\u0117s alyvos kiekiu, kad b\u016bt\u0173 u\u017etikrintas sklandus veikimas.<\/p>\n<h3>Prie\u017ei\u016bra ir trik\u010di\u0173 \u0161alinimas<\/h3>\n<p>Norint u\u017etikrinti efektyv\u0173 svirties cilindro veikim\u0105, b\u016btina reguliariai j\u012f pri\u017ei\u016br\u0117ti. Prie\u017ei\u016bra apima nuot\u0117ki\u0173 patikrinim\u0105, cilindro valym\u0105, sandarikli\u0173 keitim\u0105 ir st\u016bmoklio koto ap\u017ei\u016br\u0105 d\u0117l pa\u017eeidim\u0173. Trik\u010di\u0173 \u0161alinimo atveju gali b\u016bti naudingi \u0161ie patarimai:<\/p>\n<ul>\n<li><strong>Problema:<\/strong> Cilindras nejuda arba juda l\u0117tai.<\/li>\n<li><strong>Sprendimas:<\/strong> Patikrinkite hidraulin\u0117s alyvos lyg\u012f, alyvos siurbl\u012f ir vo\u017etuv\u0105.<\/li>\n<li><strong>Problema:<\/strong> Cilindras juda netolygiai arba vibruoja.<\/li>\n<li><strong>Sprendimas:<\/strong> Patikrinkite, ar st\u016bmoklio kotas nepa\u017eeistas ar nesulink\u0119s, ir patikrinkite hidraulin\u0117s alyvos klampum\u0105.<\/li>\n<\/ul>\n<p>Prevencin\u0117s priemon\u0117s apima gamintojo nurodym\u0173 laikym\u0105si, reguliari\u0105 technin\u0119 prie\u017ei\u016br\u0105 ir hidraulin\u0117s sistemos sl\u0117gio bei temperat\u016bros steb\u0117jim\u0105.<\/p>\n<p><img decoding=\"async\" src=\"https:\/\/www.hydraulic-cylinders.net\/wp-content\/uploads\/2025\/01\/songte-chushion-collar.webp\" \/><\/p>\n<h3>Diegimo vadovas<\/h3>\n<p>Svirties cilindro montavimas reikalauja atsargumo, kad b\u016bt\u0173 i\u0161vengta pa\u017eeidim\u0173 ar nelaiming\u0173 atsitikim\u0173. Montavimo proces\u0105 gali lemti \u0161ie veiksmai:<\/p>\n<ol>\n<li>Paruo\u0161kite hidraulin\u0119 sistem\u0105 ir svirties cilindr\u0105 pagal gamintojo instrukcijas.<\/li>\n<li>Sumontuokite cilindr\u0105 ant ma\u0161inos, u\u017etikrindami, kad cilindras b\u016bt\u0173 tinkamai sulygiuotas ir paremtas.<\/li>\n<li>Prijunkite hidraulines \u017earnas prie cilindro.<\/li>\n<li>Patikrinkite, ar n\u0117ra nuot\u0117ki\u0173, ir i\u0161bandykite cilindro veikim\u0105.<\/li>\n<\/ol>\n<p><img decoding=\"async\" src=\"https:\/\/www.hydraulic-cylinders.net\/wp-content\/uploads\/2025\/01\/songte-bushings-with-all-kinds-of-excavator-models.webp\" \/><\/p>\n<h3>Saugos aspektai ir aplinkos veiksniai<\/h3>\n<p>Svirties cilindro veikimas turi atitikti gamintojo instrukcijas ir saugos reikalavimus. Saugos aspektai apima apsaugini\u0173 priemoni\u0173 naudojim\u0105, reguliari\u0105 technin\u0119 prie\u017ei\u016br\u0105 ir hidraulin\u0117s sistemos tikrinim\u0105, ar n\u0117ra nuot\u0117ki\u0173 ir sl\u0117gio. Aplinkos veiksniai apima tinkam\u0105 hidraulin\u0117s alyvos utilizavim\u0105 ir vietini\u0173 taisykli\u0173 laikym\u0105si.<\/p>\n<h3>Apie mus<\/h3>\n<p>Esame profesionalus hidraulini\u0173 cilindr\u0173 gamintojas, si\u016blantis plat\u0173 gamini\u0173 asortiment\u0105 ir tap\u0119s vienu i\u0161 pirmaujan\u010di\u0173 hidraulini\u0173 cilindr\u0173 gamintoj\u0173 bei didmenini\u0173 platintoj\u0173 vidaus ir tarptautin\u0117se rinkose. Visada laikom\u0117s puikios kokyb\u0117s principo, remdamiesi industrializuotomis gamybos valdymo strategijomis tiksliosios gamybos dirbtuv\u0117se, nuolat tobulindami savo technin\u012f lyg\u012f ir gamybos efektyvum\u0105.<\/p>\n<p>Diegiant auk\u0161\u010diausios klas\u0117s skaitmenin\u0119 gamybos \u012frang\u0105 ir profesionalias aptikimo sistemas, mes nuolat optimizuojame gamybos platform\u0105, tobuliname gamini\u0173 kokyb\u0117s kontrol\u0117s procesus ir turime stiprias inovacij\u0173 galimybes. M\u016bs\u0173 tikslas \u2013 patenkinti \u012fvairius klient\u0173 poreikius u\u017etikrinant auk\u0161t\u0105 efektyvum\u0105, tikslum\u0105 ir kokyb\u0119.<\/p>\n<p>Si\u016blome profesionalias paslaugas, tarptautinius sertifikatus, individualiai pritaikytas paslaugas, pa\u017eangi\u0105 gamybos \u012frang\u0105 ir i\u0161sam\u0173 aptarnavim\u0105 po pardavimo.<\/p>\n<p><img decoding=\"async\" src=\"https:\/\/www.hydraulic-cylinders.net\/wp-content\/uploads\/2025\/01\/songte-company-4.webp\" \/><br \/>\n<img decoding=\"async\" src=\"https:\/\/www.hydraulic-cylinders.net\/wp-content\/uploads\/2025\/01\/songte-company-3.webp\" \/><\/p>\n<p>Autorius: lyl<\/p>","protected":false},"excerpt":{"rendered":"<p>Arm Cylinder For Dasin DS35 Introduction The Arm Cylinder for Dasin DS35 is a type of hydraulic cylinder designed specifically to provide linear motion and power to the arm of various types of machinery, such as excavators, cranes, and robotic arms. The arm cylinder plays a critical role in hydraulic systems, enabling the effective movement [&hellip;]<\/p>","protected":false},"featured_media":14774,"comment_status":"open","ping_status":"closed","template":"","meta":{"_et_pb_use_builder":"","_et_pb_old_content":"","_et_gb_content_width":""},"product_brand":[],"product_cat":[1497],"product_tag":[1498,1496],"class_list":{"0":"post-16902","1":"product","2":"type-product","3":"status-publish","4":"has-post-thumbnail","6":"product_cat-arm-cylinders","7":"product_tag-arm-cylinders","8":"product_tag-hydraulic-cylinders","10":"first","11":"instock","12":"shipping-taxable","13":"product-type-simple"},"amp_enabled":true,"_links":{"self":[{"href":"https:\/\/www.hydraulic-cylinders.net\/lt\/wp-json\/wp\/v2\/product\/16902","targetHints":{"allow":["GET"]}}],"collection":[{"href":"https:\/\/www.hydraulic-cylinders.net\/lt\/wp-json\/wp\/v2\/product"}],"about":[{"href":"https:\/\/www.hydraulic-cylinders.net\/lt\/wp-json\/wp\/v2\/types\/product"}],"replies":[{"embeddable":true,"href":"https:\/\/www.hydraulic-cylinders.net\/lt\/wp-json\/wp\/v2\/comments?post=16902"}],"wp:featuredmedia":[{"embeddable":true,"href":"https:\/\/www.hydraulic-cylinders.net\/lt\/wp-json\/wp\/v2\/media\/14774"}],"wp:attachment":[{"href":"https:\/\/www.hydraulic-cylinders.net\/lt\/wp-json\/wp\/v2\/media?parent=16902"}],"wp:term":[{"taxonomy":"product_brand","embeddable":true,"href":"https:\/\/www.hydraulic-cylinders.net\/lt\/wp-json\/wp\/v2\/product_brand?post=16902"},{"taxonomy":"product_cat","embeddable":true,"href":"https:\/\/www.hydraulic-cylinders.net\/lt\/wp-json\/wp\/v2\/product_cat?post=16902"},{"taxonomy":"product_tag","embeddable":true,"href":"https:\/\/www.hydraulic-cylinders.net\/lt\/wp-json\/wp\/v2\/product_tag?post=16902"}],"curies":[{"name":"wp","href":"https:\/\/api.w.org\/{rel}","templated":true}]}}