{"id":16909,"date":"2025-01-21T06:12:13","date_gmt":"2025-01-21T06:12:13","guid":{"rendered":"https:\/\/www.hydraulic-cylinders.net\/product\/arm-cylinder-for-sinomach-zg3365lc-9c\/"},"modified":"2025-01-21T06:12:15","modified_gmt":"2025-01-21T06:12:15","slug":"arm-cylinder-for-sinomach-zg3365lc-9c","status":"publish","type":"product","link":"https:\/\/www.hydraulic-cylinders.net\/lt\/produktas\/arm-cylinder-for-sinomach-zg3365lc-9c\/","title":{"rendered":"Sinomach ZG3365LC-9C rankenos cilindras"},"content":{"rendered":"<h1>Sinomach ZG3365LC-9C rankenos cilindras<\/h1>\n<h2>\u012evadas<\/h2>\n<p>Svirties cilindras yra specializuotas hidraulinis cilindras, skirtas u\u017etikrinti tiesin\u012f jud\u0117jim\u0105 ir gali\u0105 \u012fvairi\u0173 ma\u0161in\u0173, toki\u0173 kaip ekskavatoriai, kranai ir mechanin\u0117s svirtys, svirtims. Hidraulin\u0117se sistemose svir\u010di\u0173 cilindrai atlieka labai svarb\u0173 vaidmen\u012f, nes leid\u017eia priedams ar priedams efektyviai jud\u0117ti ir valdyti. \u0160ie cilindrai ne tik u\u017etikrina skland\u0173 jud\u0117jim\u0105, bet ir atlaiko dideles apkrovas, u\u017etikrindami efektyv\u0173 ma\u0161inos veikim\u0105 ir patikimum\u0105 \u012fvairiomis eksploatavimo s\u0105lygomis.<\/p>\n<p><img decoding=\"async\" src=\"https:\/\/www.hydraulic-cylinders.net\/wp-content\/uploads\/2025\/01\/songte-company-2.webp\" alt=\"Svirties cilindro vaizdas\"><\/p>\n<h3>Savyb\u0117s<\/h3>\n<ul>\n<li>Didelio efektyvumo transmisija: Svirties cilindrai u\u017etikrina galing\u0105 tiesin\u012f judes\u012f ir j\u0117g\u0105, u\u017etikrindami didel\u012f mechanin\u0117s svirties efektyvum\u0105 atliekant \u012fvairias operacijas.<\/li>\n<li>Tikslus valdymas: Hidraulini\u0173 sistem\u0173 d\u0117ka, rank\u0173 cilindrai gali pasiekti tiksl\u0173 judesio valdym\u0105, tod\u0117l pritvirtint\u0173 \u012franki\u0173 valdymas tampa lankstesnis ir tikslesnis.<\/li>\n<li>Didelis patvarumas: Svirtiniai cilindrai paprastai gaminami i\u0161 didelio stiprumo med\u017eiag\u0173, pasi\u017eymi geru atsparumu dilimui ir korozijai, tod\u0117l tinka ilgalaikiam naudojimui at\u0161iauriomis s\u0105lygomis.<\/li>\n<li>Daugiafunkcis pritaikomumas: \u0160ie cilindrai gali b\u016bti pla\u010diai naudojami \u012fvairi\u0173 tip\u0173 ma\u0161inose, tokiose kaip ekskavatoriai, kranai ir mechanin\u0117s svirtys, kad b\u016bt\u0173 patenkinti skirtingi darbo reikalavimai.<\/li>\n<li>Lengva prie\u017ei\u016bra: konstrukcija u\u017etikrina lengv\u0105 prie\u017ei\u016br\u0105 ir keitim\u0105, tod\u0117l reguliari ap\u017ei\u016bra ir prie\u017ei\u016bra yra patogesni, o \u012frangos prastovos suma\u017e\u0117ja.<\/li>\n<\/ul>\n<p>Mes galime pagaminti \u0161\u012f produkt\u0105, o m\u016bs\u0173 produktas gali puikiai pakeisti \u0161iuos hidraulinius cilindrus.<\/p>\n<p><img decoding=\"async\" src=\"https:\/\/www.hydraulic-cylinders.net\/wp-content\/uploads\/2025\/01\/songte-oil-pipes-and-spare-parts.webp\" alt=\"Atsargini\u0173 dali\u0173 vaizdas\"><\/p>\n<h2>Parai\u0161kos<\/h2>\n<p>Svirtinis cilindras turi plat\u0173 pritaikymo spektr\u0105 \u012fvairiose pramon\u0117s \u0161akose, tokiose kaip:<\/p>\n<ul>\n<li><strong>Statybos in\u017einerija:<\/strong> Ekskavatoriuose ir kranuose svirties cilindras naudojamas kau\u0161o arba str\u0117l\u0117s jud\u0117jimui valdyti \u017eem\u0117s darbams, med\u017eiag\u0173 tvarkymui ir konstrukcij\u0173 montavimui.<\/li>\n<li><strong>Gamybos pramon\u0117:<\/strong> Automatizuotose gamybos linijose svirties cilindras naudojamas mechaninei svir\u010diai judinti, surinkimo, suvirinimo ir tvarkymo procesams, taip pagerinant gamybos efektyvum\u0105 ir tikslum\u0105.<\/li>\n<li><strong>\u017dem\u0117s \u016bkio technika:<\/strong> \u017dem\u0117s \u016bkio technikose, tokiose kaip derliaus nu\u0117mimo ma\u0161inos ir sodinamosios, svirties cilindras valdo valdymo svirties judes\u012f, atlikdamas tokias u\u017eduotis kaip s\u0117ja, tr\u0119\u0161imas ir derliaus nu\u0117mimas.<\/li>\n<li><strong>Kasybos pramon\u0117:<\/strong> Kasybos \u012frangoje rankos cilindras naudojamas kasybos \u012frangos rankos jud\u0117jimui valdyti kasybos ir med\u017eiag\u0173 tvarkymo srityse.<\/li>\n<li><strong>Logistika ir transportas:<\/strong> \u0160akiniuose krautuvuose ir tvarkymo robotuose rankos cilindras naudojamas \u0161ak\u0117s k\u0117limui ir jud\u0117jimui valdyti, taip u\u017etikrinant med\u017eiag\u0173 tvarkym\u0105 ir krovim\u0105.<\/li>\n<\/ul>\n<h2>Projektavimo aspektai ir atrankos kriterijai<\/h2>\n<p>Kalbant apie konstrukcijos aspektus, svarbu u\u017etikrinti, kad svirties cilindras tur\u0117t\u0173 \u0161ias charakteristikas:<\/p>\n<h3>Apkrovos paj\u0117gumas<\/h3>\n<p>Svirties cilindro apkrovos paj\u0117gumas yra labai svarbus veiksnys renkantis tinkam\u0105 cilindr\u0105 konkre\u010diam pritaikymui. Jis turi atlaikyti maksimali\u0105 apkrov\u0105, su kuria technika susidurs eksploatacijos metu.<\/p>\n<h3>Sandarinimas<\/h3>\n<p>Svirties cilindre naudojami sandarikliai turi b\u016bti kruop\u0161\u010diai parinkti, siekiant u\u017etikrinti, kad jie atlaikyt\u0173 auk\u0161t\u0105 hidraulin\u0117s sistemos sl\u0117g\u012f ir at\u0161iaurias aplinkos s\u0105lygas. St\u016bmoklio sandarinimo \u017eiedas, strypo sandarinimo \u017eiedas ir kiti sandarikliai turi b\u016bti pagaminti i\u0161 atspari\u0173 dilimui med\u017eiag\u0173, toki\u0173 kaip poliuretanas ir nitrilo kau\u010diukas.<\/p>\n<h3>Patvarumas<\/h3>\n<p>Svirties cilindras turi b\u016bti pagamintas i\u0161 didelio stiprumo med\u017eiag\u0173, kad b\u016bt\u0173 u\u017etikrintas jo ilgaam\u017ei\u0161kumas. Cilindro korpusas ir kotas turi b\u016bti kruop\u0161\u010diai apdorojami, kad b\u016bt\u0173 pagerintas atsparumas dilimui ir korozijai.<\/p>\n<h3>Saugumas<\/h3>\n<p>Svirties cilindras tur\u0117t\u0173 tur\u0117ti saugos funkcijas, skirtas u\u017ekirsti keli\u0105 avarijoms, kurias sukelia sistemos gedimai ar kiti veiksniai. \u0160i funkcija apima apsauginius vo\u017etuvus, sl\u0117gio ma\u017einimo vo\u017etuvus ir kitus saugos \u012ftaisus.<\/p>\n<h3>Prie\u017ei\u016bra<\/h3>\n<p>Svirtinis cilindras tur\u0117t\u0173 b\u016bti suprojektuotas taip, kad b\u016bt\u0173 lengva j\u012f pri\u017ei\u016br\u0117ti ir keisti dalis. Reguliarus patikrinimas ir prie\u017ei\u016bra gali pad\u0117ti i\u0161vengti galim\u0173 problem\u0173 ir pailginti cilindro tarnavimo laik\u0105.<\/p>\n<p><img decoding=\"async\" src=\"https:\/\/www.hydraulic-cylinders.net\/wp-content\/uploads\/2025\/01\/songte-cylinder-head-with-all-kinds-excavator-models.webp\" alt=\"Cilindro galvut\u0117s vaizdas\"><\/p>\n<h2>Sandarinimas ir tepimas<\/h2>\n<p>Siekiant u\u017etikrinti patikim\u0105 svirties cilindro veikim\u0105, reikia tinkamai sumontuoti ir pri\u017ei\u016br\u0117ti \u012fvairius sandarinimo komponentus, tokius kaip st\u016bmoklio sandarinimo \u017eiedai, strypo sandarinimo \u017eiedai ir kit\u0173 dali\u0173 sandarikliai. Cilindro korpusas ir strypo pavir\u0161ius turi b\u016bti kruop\u0161\u010diai apdorojami, kad b\u016bt\u0173 pagerintas atsparumas dilimui ir korozijai. Periodinis tepimas tinkama hidrauline alyva gali suma\u017einti trint\u012f ir pailginti cilindro tarnavimo laik\u0105.<\/p>\n<h2>Prie\u017ei\u016bra ir prevencin\u0117s priemon\u0117s<\/h2>\n<p>Reguliarus svirties cilindro patikrinimas ir prie\u017ei\u016bra gali pailginti jo tarnavimo laik\u0105 ir u\u017ekirsti keli\u0105 galimoms problemoms. Reik\u0117t\u0173 imtis \u0161i\u0173 priemoni\u0173:<\/p>\n<ul>\n<li>Reguliariai tikrinkite cilindro sandarumo savybes.<\/li>\n<li>Patikrinkite cilindro korpus\u0105 ir stryp\u0105, ar n\u0117ra pa\u017eeidim\u0173 ir susid\u0117v\u0117jimo.<\/li>\n<li>Periodi\u0161kai \u012fpilkite atitinkamos hidraulin\u0117s alyvos cilindrui sutepti.<\/li>\n<li>\u012esitikinkite, kad saugos \u012ftaisai veikia tinkamai.<\/li>\n<\/ul>\n<p><img decoding=\"async\" src=\"https:\/\/www.hydraulic-cylinders.net\/wp-content\/uploads\/2025\/01\/songte-chushion-collar.webp\" alt=\"Pagalv\u0117l\u0117s apykakl\u0117s vaizdas\"><\/p>\n<h2>Diegimo vadovas<\/h2>\n<p>Montuojant cilindro formos ranken\u0105, reikia atlikti \u0161iuos veiksmus:<\/p>\n<ol>\n<li>I\u0161imkite sen\u0105 cilindr\u0105 ir i\u0161valykite montavimo viet\u0105.<\/li>\n<li>\u012estatykite nauj\u0105 cilindr\u0105 ir \u012fsitikinkite, kad visos jungtys yra tinkamai priver\u017etos.<\/li>\n<li>\u012epilkite atitinkamos hidraulin\u0117s alyvos ir patikrinkite, ar n\u0117ra nuot\u0117ki\u0173.<\/li>\n<li>Atlikite kelis bandomuosius va\u017eiavimus, kad \u012fsitikintum\u0117te, jog cilindras veikia tinkamai.<\/li>\n<\/ol>\n<h2>Saugos aspektai ir aplinkos veiksniai<\/h2>\n<p>Naudojant cilindr\u0105 su rankena, b\u016btina laikytis saugos nurodym\u0173, kad b\u016bt\u0173 i\u0161vengta nelaiming\u0173 atsitikim\u0173. Saugos priemon\u0117s gali apimti saugos \u012ftais\u0173 \u012frengim\u0105, tinkam\u0105 mokym\u0105 ir tinkamos \u012frangos prie\u017ei\u016bros u\u017etikrinim\u0105. Aplinkos veiksniai, tokie kaip temperat\u016bra, dr\u0117gm\u0117 ir \u0117sdinan\u010dios med\u017eiagos, gali tur\u0117ti \u012ftakos cilindro veikimui, tod\u0117l reikia imtis tinkam\u0173 priemoni\u0173, kad cilindras tokiomis s\u0105lygomis veikt\u0173 tinkamai.<\/p>\n<h2>Trik\u010di\u0173 \u0161alinimas ir da\u017eniausios problemos<\/h2>\n<p>Toliau pateikiamos kelios da\u017eniausios problemos, kurios gali kilti su svirties cilindru:<\/p>\n<ul>\n<li>Hidraulin\u0117s alyvos nuot\u0117kis<\/li>\n<li>Nesugeb\u0117jimas i\u0161tiesti ar atitraukti<\/li>\n<li>Ne\u012fprastas triuk\u0161mas veikimo metu<\/li>\n<li>Per didelis susid\u0117v\u0117jimas<\/li>\n<\/ul>\n<p>Norint diagnozuoti ir i\u0161spr\u0119sti \u0161ias problemas, b\u016btina gerai suprasti cilindro konstrukcij\u0105 ir veikimo principus. Reguliarus patikrinimas ir prie\u017ei\u016bra da\u017enai gali pad\u0117ti i\u0161vengti \u0161i\u0173 problem\u0173 atsiradimo.<\/p>\n<p>Jei i\u0161kyla problem\u0173, \u0161ie patarimai gali pad\u0117ti jas diagnozuoti ir i\u0161spr\u0119sti:<\/p>\n<ul>\n<li>Patikrinkite hidraulin\u0117s alyvos lyg\u012f ir kokyb\u0119.<\/li>\n<li>Patikrinkite cilindro sandariklius, ar jie nepa\u017eeisti ar nesusid\u0117v\u0117j\u0119.<\/li>\n<li>Patikrinkite cilindro korpus\u0105 ir stryp\u0105, ar n\u0117ra pa\u017eeidim\u0173 ar susid\u0117v\u0117jimo.<\/li>\n<li>Patikrinkite hidraulin\u0119 sistem\u0105, ar n\u0117ra nuot\u0117ki\u0173 ar sl\u0117gio problem\u0173.<\/li>\n<\/ul>\n<p>Prevencin\u0117s priemon\u0117s gali apimti reguliari\u0105 ap\u017ei\u016br\u0105 ir technin\u0119 prie\u017ei\u016br\u0105, tinkam\u0105 tepim\u0105 ir tinkam\u0105 cilindro naudojim\u0105.<\/p>\n<p><img decoding=\"async\" src=\"https:\/\/www.hydraulic-cylinders.net\/wp-content\/uploads\/2025\/01\/songte-bushings-with-all-kinds-of-excavator-models.webp\" alt=\"\u012evori\u0173 vaizdas\"><\/p>\n<h2>Apie mus<\/h2>\n<p>Esame profesionalus pakaitini\u0173 hidraulini\u0173 cilindr\u0173 gamintojas, si\u016blantis plat\u0173 gamini\u0173 asortiment\u0105, ir tapome vienu i\u0161 pirmaujan\u010di\u0173 hidraulini\u0173 cilindr\u0173 gamintoj\u0173 ir didmenini\u0173 platintoj\u0173 vidaus ir tarptautin\u0117se rinkose. Mes visada laikom\u0117s puikios kokyb\u0117s principo, tobuliname gamybos ceche taikydami industrializuotas gamybos valdymo strategijas, nuolat tobuliname technologijas ir gamybos efektyvum\u0105. Diegdami auk\u0161\u010diausios klas\u0117s skaitmenin\u0119 gamybos \u012frang\u0105 ir profesionalias testavimo sistemas, nuolat optimizuojame gamybos platform\u0105, tobuliname kokyb\u0117s kontrol\u0117s proces\u0105 ir turime stiprias inovacines galimybes. M\u016bs\u0173 tikslas \u2013 patenkinti \u012fvairius klient\u0173 poreikius, taikant didelio efektyvumo, tikslumo ir auk\u0161tos kokyb\u0117s principus.<\/p>\n<h3>Profesionalumas<\/h3>\n<p>Turime profesionali\u0173 in\u017einieri\u0173 ir technik\u0173 komand\u0105, kuri gali teikti individualiai pritaikytas paslaugas, kad patenkint\u0173 konkre\u010dius klient\u0173 poreikius. Taip pat naudojame pa\u017eangias technologijas ir \u012frang\u0105, kad pagamintume auk\u0161tos kokyb\u0117s produktus.<\/p>\n<h3>Tarptautinis sertifikavimas<\/h3>\n<p>Esame \u012fgij\u0119 \u012fvairius tarptautinius sertifikatus, tokius kaip ISO9001, CE ir SGS, kurie atspindi m\u016bs\u0173 \u012fsipareigojim\u0105 u\u017etikrinti gamini\u0173 kokyb\u0119 ir saug\u0105.<\/p>\n<h3>Individual\u016bs u\u017esakymai<\/h3>\n<p>Teikiame individualizuotas paslaugas, kurios leid\u017eia pritaikyti gaminius pagal konkre\u010dius klient\u0173 poreikius, \u012fskaitant dizain\u0105, gamyb\u0105 ir pakavim\u0105.<\/p>\n<h3>Gamybos \u012franga<\/h3>\n<p>Turime pa\u017eangi\u0105 gamybos \u012frang\u0105, toki\u0105 kaip CNC apdirbimo centrai, CNC tekinimo stakl\u0117s ir kita tiksli gamybos \u012franga, kuri gali u\u017etikrinti gamini\u0173 tikslum\u0105 ir kokyb\u0119.<\/p>\n<h3>Aptarnavimas po pardavimo<\/h3>\n<p>Siekdami u\u017etikrinti, kad klientai gal\u0117t\u0173 u\u017etikrintai naudoti m\u016bs\u0173 gaminius, teikiame i\u0161samias garantinio aptarnavimo paslaugas, \u012fskaitant technin\u0119 pagalb\u0105, diegimo gaires ir prie\u017ei\u016bros mokymus.<\/p>\n<p><img decoding=\"async\" src=\"https:\/\/www.hydraulic-cylinders.net\/wp-content\/uploads\/2025\/01\/songte-company-4.webp\" alt=\"\u012emon\u0117s \u012fvaizdis\"><br \/>\n<img decoding=\"async\" src=\"https:\/\/www.hydraulic-cylinders.net\/wp-content\/uploads\/2025\/01\/songte-company-3.webp\" alt=\"\u012emon\u0117s \u012fvaizdis\"><\/p>\n<p>Autorius: lyl.<\/p>","protected":false},"excerpt":{"rendered":"<p>Arm Cylinder For Sinomach ZG3365LC-9C Introduction An arm cylinder is a specialized hydraulic cylinder designed to provide linear movement and power to the arms of various machinery, such as excavators, cranes, and mechanical arms. In hydraulic systems, arm cylinders play a critical role in allowing attachments or accessories to move and control effectively. These cylinders [&hellip;]<\/p>","protected":false},"featured_media":14783,"comment_status":"open","ping_status":"closed","template":"","meta":{"_et_pb_use_builder":"","_et_pb_old_content":"","_et_gb_content_width":""},"product_brand":[],"product_cat":[1497],"product_tag":[1498,1496],"class_list":{"0":"post-16909","1":"product","2":"type-product","3":"status-publish","4":"has-post-thumbnail","6":"product_cat-arm-cylinders","7":"product_tag-arm-cylinders","8":"product_tag-hydraulic-cylinders","10":"first","11":"instock","12":"shipping-taxable","13":"product-type-simple"},"amp_enabled":true,"_links":{"self":[{"href":"https:\/\/www.hydraulic-cylinders.net\/lt\/wp-json\/wp\/v2\/product\/16909","targetHints":{"allow":["GET"]}}],"collection":[{"href":"https:\/\/www.hydraulic-cylinders.net\/lt\/wp-json\/wp\/v2\/product"}],"about":[{"href":"https:\/\/www.hydraulic-cylinders.net\/lt\/wp-json\/wp\/v2\/types\/product"}],"replies":[{"embeddable":true,"href":"https:\/\/www.hydraulic-cylinders.net\/lt\/wp-json\/wp\/v2\/comments?post=16909"}],"wp:featuredmedia":[{"embeddable":true,"href":"https:\/\/www.hydraulic-cylinders.net\/lt\/wp-json\/wp\/v2\/media\/14783"}],"wp:attachment":[{"href":"https:\/\/www.hydraulic-cylinders.net\/lt\/wp-json\/wp\/v2\/media?parent=16909"}],"wp:term":[{"taxonomy":"product_brand","embeddable":true,"href":"https:\/\/www.hydraulic-cylinders.net\/lt\/wp-json\/wp\/v2\/product_brand?post=16909"},{"taxonomy":"product_cat","embeddable":true,"href":"https:\/\/www.hydraulic-cylinders.net\/lt\/wp-json\/wp\/v2\/product_cat?post=16909"},{"taxonomy":"product_tag","embeddable":true,"href":"https:\/\/www.hydraulic-cylinders.net\/lt\/wp-json\/wp\/v2\/product_tag?post=16909"}],"curies":[{"name":"wp","href":"https:\/\/api.w.org\/{rel}","templated":true}]}}