{"id":16914,"date":"2025-01-21T06:12:32","date_gmt":"2025-01-21T06:12:32","guid":{"rendered":"https:\/\/www.hydraulic-cylinders.net\/product\/arm-cylinder-for-hengte-ht65-8\/"},"modified":"2025-01-21T06:12:34","modified_gmt":"2025-01-21T06:12:34","slug":"arm-cylinder-for-hengte-ht65-8","status":"publish","type":"product","link":"https:\/\/www.hydraulic-cylinders.net\/lt\/produktas\/arm-cylinder-for-hengte-ht65-8\/","title":{"rendered":"Rankenos cilindras skirtas Hengte HT65-8"},"content":{"rendered":"<h1>Rankenos cilindras skirtas Hengte HT65-8<\/h1>\n<h2>\u012evadas<\/h2>\n<p>\u201eHengte HT65-8\u201c svirties cilindras yra specializuotas hidraulinis cilindras, skirtas u\u017etikrinti tiesin\u012f jud\u0117jim\u0105 ir gali\u0105 \u012fvairi\u0173 tip\u0173 ma\u0161in\u0173, toki\u0173 kaip ekskavatoriai, kranai ir robotin\u0117s svirtys, svir\u010diai. Svirties cilindras atlieka gyvybi\u0161kai svarb\u0173 vaidmen\u012f hidraulin\u0117se sistemose, nes leid\u017eia efektyviai jud\u0117ti ir valdyti papildomus \u012frankius ar priedus. \u0160ie cilindrai ne tik u\u017etikrina skland\u0173 jud\u0117jim\u0105, bet ir atlaiko dideles apkrovas, u\u017etikrindami auk\u0161t\u0105 veikimo efektyvum\u0105 ir patikimum\u0105 \u012fvairiomis darbo s\u0105lygomis.<\/p>\n<p><img decoding=\"async\" src=\"https:\/\/www.hydraulic-cylinders.net\/wp-content\/uploads\/2025\/01\/songte-company-2.webp\" alt=\"Svirties cilindro vaizdas\"><\/p>\n<h2>Savyb\u0117s<\/h2>\n<ul>\n<li><strong>Didelio efektyvumo transmisija:<\/strong> Svirties cilindras u\u017etikrina galing\u0105 tiesin\u012f judes\u012f ir j\u0117g\u0105, u\u017etikrindamas auk\u0161t\u0105 mechanin\u0117s svirties na\u0161um\u0105 atliekant \u012fvairias operacijas.<\/li>\n<li><strong>Tikslus valdymas:<\/strong> Hidraulini\u0173 sistem\u0173 d\u0117ka svirties cilindras u\u017etikrina tiksl\u0173 judesio valdym\u0105, padidindamas operacij\u0173 su pritvirtintais \u012frankiais lankstum\u0105 ir tikslum\u0105.<\/li>\n<li><strong>Patvarumas:<\/strong> Svirtiniai cilindrai paprastai gaminami i\u0161 didelio stiprumo med\u017eiag\u0173, kurios pasi\u017eymi puikiu atsparumu dilimui ir korozijai, tod\u0117l tinka ilgalaikiam naudojimui at\u0161iauriomis s\u0105lygomis.<\/li>\n<li><strong>Daugiafunkcinis prisitaikymas:<\/strong> \u0160ie cilindrai pla\u010diai naudojami \u012fvairiose ma\u0161inose, tokiose kaip ekskavatoriai, kranai ir robotin\u0117s rankos, tenkinan\u010dios \u012fvairius darbo reikalavimus.<\/li>\n<li><strong>Lengva prie\u017ei\u016bra:<\/strong> Sukurti taip, kad b\u016bt\u0173 lengva pri\u017ei\u016br\u0117ti ir keisti, svirties cilindrai palengvina reguliarias patikras ir technin\u0119 prie\u017ei\u016br\u0105, taip suma\u017einant \u012frangos prastov\u0173 laik\u0105.<\/li>\n<\/ul>\n<p><img decoding=\"async\" src=\"https:\/\/www.hydraulic-cylinders.net\/wp-content\/uploads\/2025\/01\/songte-oil-pipes-and-spare-parts.webp\" alt=\"Atsargini\u0173 dali\u0173 vaizdas\"><\/p>\n<h2>Parai\u0161kos<\/h2>\n<ul>\n<li><strong>Statybos in\u017einerija:<\/strong> Ekskavatoriuose ir kranuose svirties cilindras valdo kau\u0161\u0173 arba str\u0117li\u0173 jud\u0117jim\u0105 atliekant \u017eem\u0117s darbus, med\u017eiag\u0173 tvarkym\u0105 ir konstrukcij\u0173 montavim\u0105.<\/li>\n<li><strong>Gamybos pramon\u0117:<\/strong> Automatizuotose gamybos linijose rankos cilindras leid\u017eia robotin\u0117ms rankoms jud\u0117ti tokiuose procesuose kaip surinkimas, suvirinimas ir tvarkymas, taip pagerinant gamybos efektyvum\u0105 ir tikslum\u0105.<\/li>\n<li><strong>\u017dem\u0117s \u016bkio technika:<\/strong> \u017dem\u0117s \u016bkio \u012frangoje, tokioje kaip derliaus nu\u0117mimo ma\u0161inos ir s\u0117jamosios, svirties cilindras valdo darbini\u0173 svir\u010di\u0173 jud\u0117jim\u0105, atlikdamas tokias u\u017eduotis kaip s\u0117ja, tr\u0119\u0161imas ir derliaus nu\u0117mimas.<\/li>\n<li><strong>Kasyba:<\/strong> Kasybos \u012frangoje svirties cilindras valdo kasybos ma\u0161in\u0173 svirties judesius r\u016bdos gavybai ir transportavimui.<\/li>\n<li><strong>Logistika ir transportas:<\/strong> \u0160akiniuose krautuvuose ir krovini\u0173 krovimo robotuose svirties cilindras valdo \u0161aki\u0173 k\u0117lim\u0105 ir jud\u0117jim\u0105, palengvindamas med\u017eiag\u0173 tvarkym\u0105 ir krovim\u0105.<\/li>\n<\/ul>\n<h2>Projektavimo aspektai ir atrankos kriterijai<\/h2>\n<ul>\n<li><strong>Apkrovos paj\u0117gumas:<\/strong> Discuss the arm cylinder&#8217;s ability to withstand the desired loads.<\/li>\n<li><strong>Sandarinimas:<\/strong> Pakalb\u0117kite apie \u012fvairius naudojamus sandarinimo komponentus, tokius kaip st\u016bmokli\u0173 ir kot\u0173 sandarikliai, kurie pagaminti i\u0161 atspari\u0173 dilimui med\u017eiag\u0173, toki\u0173 kaip poliuretanas ir nitrilo kau\u010diukas.<\/li>\n<li><strong>Patvarumas:<\/strong> Pabr\u0117\u017ekite cilindro korpuso ir sriegini\u0173 gal\u0173 pavir\u0161iaus apdorojimo b\u016bdus, siekiant pagerinti atsparum\u0105 dilimui.<\/li>\n<li><strong>Saugumas:<\/strong> Pabr\u0117\u017ekite saugos priemoni\u0173 svarb\u0105 naudojant svirtin\u012f cilindr\u0105.<\/li>\n<li><strong>Prie\u017ei\u016bra:<\/strong> Aptarkite reguliaraus tepimo poreik\u012f ir pateikite tinkamos prie\u017ei\u016bros bei trik\u010di\u0173 \u0161alinimo gaires.<\/li>\n<\/ul>\n<p><img decoding=\"async\" src=\"https:\/\/www.hydraulic-cylinders.net\/wp-content\/uploads\/2025\/01\/songte-cylinder-head-with-all-kinds-excavator-models.webp\" alt=\"Cilindro galvut\u0117s vaizdas\"><\/p>\n<h2>Sandarinimas ir tepimas<\/h2>\n<p>Svirtiniame cilindre naudojami \u012fvair\u016bs sandarinimo komponentai, tokie kaip st\u016bmokli\u0173 sandarikliai, kot\u0173 sandarikliai ir kt., pagaminti i\u0161 atspari\u0173 dilimui med\u017eiag\u0173, toki\u0173 kaip poliuretanas ir nitrilo kau\u010diukas. Cilindro korpusas ir srieginiai galai yra kruop\u0161\u010diai apdorojami, siekiant padidinti atsparum\u0105 dilimui. Norint u\u017etikrinti skland\u0173 veikim\u0105 ir ilgaam\u017ei\u0161kum\u0105, reikia reguliariai tepti tinkama hidrauline alyva.<\/p>\n<h2>Reguliarus patikrinimas ir prevencin\u0117 prie\u017ei\u016bra<\/h2>\n<ul>\n<li>Paai\u0161kinkite reguliari\u0173 svirties cilindro patikrinim\u0173 ir prevencin\u0117s prie\u017ei\u016bros rutin\u0173 svarb\u0105.<\/li>\n<li>Pateikite baliono tikrinimo ir prie\u017ei\u016bros gaires, \u012fskaitant galim\u0173 problem\u0173 nustatym\u0105 ir tinkam\u0173 priemoni\u0173 taikym\u0105.<\/li>\n<\/ul>\n<h2>Produkto diegimo vadovas<\/h2>\n<p>Pateikite i\u0161sam\u0173 svirties cilindro montavimo vadov\u0105, kuriame b\u016bt\u0173 aptarti svarbiausi veiksmai ir aspektai, \u012f kuriuos reikia atsi\u017evelgti, siekiant u\u017etikrinti tinkam\u0105 montavim\u0105 ir veikim\u0105.<\/p>\n<p><img decoding=\"async\" src=\"https:\/\/www.hydraulic-cylinders.net\/wp-content\/uploads\/2025\/01\/songte-bushings-with-all-kinds-of-excavator-models.webp\" alt=\"\u012evori\u0173 vaizdas\"><\/p>\n<h2>Saugos aspektai ir aplinkos veiksniai<\/h2>\n<p>Aptarkite saugos priemoni\u0173 svarb\u0105 dirbant su svirties cilindru ir pabr\u0117\u017ekite aplinkos veiksnius, \u012f kuriuos reikia atsi\u017evelgti j\u012f naudojant.<\/p>\n<h2>Gedim\u0173 diagnostika ir da\u017eniausios problemos<\/h2>\n<ul>\n<li>Pateikite da\u017eniausiai pasitaikan\u010dius gedimus, kurie gali atsirasti su svirties cilindru.<\/li>\n<li>Pateikite trik\u010di\u0173 \u0161alinimo patarimus ir sprendimus, kurie pad\u0117t\u0173 skaitytojams efektyviai diagnozuoti ir i\u0161spr\u0119sti problemas.<\/li>\n<li>Si\u016blykite prevencines priemones, kad suma\u017eintum\u0117te galimas problemas.<\/li>\n<\/ul>\n<p><img decoding=\"async\" src=\"https:\/\/www.hydraulic-cylinders.net\/wp-content\/uploads\/2025\/01\/songte-chushion-collar.webp\" alt=\"Chushion apykakl\u0117s vaizdas\"><\/p>\n<p>Nepamir\u0161kite straipsn\u012f strukt\u016brizuoti logi\u0161kai, naudoti paantra\u0161tes lengvam nar\u0161ymui, \u012ftraukti atitinkam\u0173 vaizd\u0173 ar diagram\u0173, kad b\u016bt\u0173 lengviau suprasti, ir u\u017etikrinti, kad turinys b\u016bt\u0173 ai\u0161kus, glaustas ir tinkamas skaitytojams, turintiems skirting\u0105 technini\u0173 \u017eini\u0173 lyg\u012f.<\/p>\n<h2>Apie mus<\/h2>\n<p>Esame profesionalus pakaitini\u0173 hidraulini\u0173 cilindr\u0173 gamintojas, si\u016blantis plat\u0173 gamini\u0173 asortiment\u0105. Tapome vienu i\u0161 pirmaujan\u010di\u0173 hidraulini\u0173 cilindr\u0173 gamintoj\u0173 ir didmenini\u0173 platintoj\u0173 vidaus ir tarptautin\u0117se rinkose. Orientuodamiesi \u012f puiki\u0105 kokyb\u0119, savo patobulintose gamybos dirbtuv\u0117se taikome pramonin\u0117s gamybos valdymo strategijas, kad nuolat tobulintume savo technines \u017einias ir gamybos efektyvum\u0105. \u012ediegdami pa\u017eangi\u0105 skaitmenin\u0119 gamybos \u012frang\u0105 ir profesionalias testavimo sistemas, optimizuojame savo gamybos platform\u0105, tobuliname gamini\u0173 kokyb\u0117s kontrol\u0117s procesus ir turime stiprias inovacij\u0173 galimybes. M\u016bs\u0173 tikslas \u2013 patenkinti \u012fvairius klient\u0173 poreikius efektyviai, tiksliai ir auk\u0161tos kokyb\u0117s produktais.<\/p>\n<p><img decoding=\"async\" src=\"https:\/\/www.hydraulic-cylinders.net\/wp-content\/uploads\/2025\/01\/songte-company-4.webp\" alt=\"\u012emon\u0117s \u012fvaizdis\"><br \/>\n<img decoding=\"async\" src=\"https:\/\/www.hydraulic-cylinders.net\/wp-content\/uploads\/2025\/01\/songte-company-3.webp\" alt=\"\u012emon\u0117s \u012fvaizdis\"><\/p>\n<p>Be to, mes i\u0161samiai supa\u017eindiname su m\u016bs\u0173 \u012fmone, aptardami tokius aspektus kaip profesionalumas, tarptautiniai sertifikatai, individualiai pritaikytos paslaugos, gamybos \u012franga ir garantinis aptarnavimas.<\/p>\n<p><em>Autorius: lyl<\/em><\/p>","protected":false},"excerpt":{"rendered":"<p>Arm Cylinder For Hengte HT65-8 Introduction The Arm Cylinder for Hengte HT65-8 is a specialized hydraulic cylinder designed to provide linear motion and power to the arm of various types of machinery, such as excavators, cranes, and robotic arms. The arm cylinder plays a vital role in hydraulic systems, enabling the efficient movement and control [&hellip;]<\/p>","protected":false},"featured_media":14770,"comment_status":"open","ping_status":"closed","template":"","meta":{"_et_pb_use_builder":"","_et_pb_old_content":"","_et_gb_content_width":""},"product_brand":[],"product_cat":[1497],"product_tag":[1498,1496],"class_list":{"0":"post-16914","1":"product","2":"type-product","3":"status-publish","4":"has-post-thumbnail","6":"product_cat-arm-cylinders","7":"product_tag-arm-cylinders","8":"product_tag-hydraulic-cylinders","10":"first","11":"instock","12":"shipping-taxable","13":"product-type-simple"},"amp_enabled":true,"_links":{"self":[{"href":"https:\/\/www.hydraulic-cylinders.net\/lt\/wp-json\/wp\/v2\/product\/16914","targetHints":{"allow":["GET"]}}],"collection":[{"href":"https:\/\/www.hydraulic-cylinders.net\/lt\/wp-json\/wp\/v2\/product"}],"about":[{"href":"https:\/\/www.hydraulic-cylinders.net\/lt\/wp-json\/wp\/v2\/types\/product"}],"replies":[{"embeddable":true,"href":"https:\/\/www.hydraulic-cylinders.net\/lt\/wp-json\/wp\/v2\/comments?post=16914"}],"wp:featuredmedia":[{"embeddable":true,"href":"https:\/\/www.hydraulic-cylinders.net\/lt\/wp-json\/wp\/v2\/media\/14770"}],"wp:attachment":[{"href":"https:\/\/www.hydraulic-cylinders.net\/lt\/wp-json\/wp\/v2\/media?parent=16914"}],"wp:term":[{"taxonomy":"product_brand","embeddable":true,"href":"https:\/\/www.hydraulic-cylinders.net\/lt\/wp-json\/wp\/v2\/product_brand?post=16914"},{"taxonomy":"product_cat","embeddable":true,"href":"https:\/\/www.hydraulic-cylinders.net\/lt\/wp-json\/wp\/v2\/product_cat?post=16914"},{"taxonomy":"product_tag","embeddable":true,"href":"https:\/\/www.hydraulic-cylinders.net\/lt\/wp-json\/wp\/v2\/product_tag?post=16914"}],"curies":[{"name":"wp","href":"https:\/\/api.w.org\/{rel}","templated":true}]}}