{"id":16916,"date":"2025-01-21T06:12:40","date_gmt":"2025-01-21T06:12:40","guid":{"rendered":"https:\/\/www.hydraulic-cylinders.net\/product\/arm-cylinder-for-hengte-ht150-8\/"},"modified":"2025-01-21T06:12:42","modified_gmt":"2025-01-21T06:12:42","slug":"arm-cylinder-for-hengte-ht150-8","status":"publish","type":"product","link":"https:\/\/www.hydraulic-cylinders.net\/lt\/produktas\/arm-cylinder-for-hengte-ht150-8\/","title":{"rendered":"Svirties cilindras, skirtas Hengte HT150-8"},"content":{"rendered":"<h1>Svirties cilindras, skirtas Hengte HT150-8<\/h1>\n<h2>\u012evadas<\/h2>\n<p>Svirties cilindras yra specialiai suprojektuotas hidraulinis cilindras, u\u017etikrinantis tiesin\u012f jud\u0117jim\u0105 ir gali\u0105 \u012fvairi\u0173 tip\u0173 ma\u0161in\u0173, toki\u0173 kaip ekskavatoriai, kranai ir mechanin\u0117s svirtys, svirtims. Jis atlieka labai svarb\u0173 vaidmen\u012f hidraulin\u0117se sistemose, nes leid\u017eia priedams ar priedams jud\u0117ti ir b\u016bti efektyviai valdomiems. \u0160ie cilindrai ne tik u\u017etikrina skland\u0173 jud\u0117jim\u0105, bet ir atlaiko dideles apkrovas, u\u017etikrindami efektyv\u0173 ma\u0161in\u0173 veikim\u0105 ir patikimum\u0105 \u012fvairiomis darbo s\u0105lygomis.<\/p>\n<p><img decoding=\"async\" src=\"https:\/\/www.hydraulic-cylinders.net\/wp-content\/uploads\/2025\/01\/songte-company-2.webp\" alt=\"Svirties cilindro vaizdas\" \/><\/p>\n<h2>Savyb\u0117s<\/h2>\n<ul>\n<li>Efektyvus galios perdavimas: Svirties cilindras u\u017etikrina galing\u0105 tiesin\u012f judes\u012f ir j\u0117g\u0105, u\u017etikrindamas auk\u0161t\u0105 mechanin\u0117s svirties efektyvum\u0105 \u012fvairi\u0173 operacij\u0173 metu.<\/li>\n<li>Tikslus valdymas: Hidraulin\u0117s sistemos d\u0117ka rankos cilindras gali tiksliai valdyti judes\u012f, tod\u0117l pried\u0173 valdymas tampa lankstesnis ir tikslesnis.<\/li>\n<li>Patvarumas: Svirtiniai cilindrai paprastai gaminami i\u0161 didelio stiprumo med\u017eiag\u0173, pasi\u017eymi geru atsparumu dilimui ir korozijai, tod\u0117l tinka ilgalaikiam naudojimui at\u0161iauriomis s\u0105lygomis.<\/li>\n<li>Daugiafunkcis pritaikomumas: \u0160ie cilindrai gali b\u016bti pla\u010diai naudojami \u012fvairi\u0173 tip\u0173 ma\u0161in\u0173 \u012frangoje, pavyzd\u017eiui, ekskavatoriuose, kranuose ir mechanin\u0117se rankose, kad b\u016bt\u0173 pritaikyti skirtingiems darbo poreikiams.<\/li>\n<li>Lengva prie\u017ei\u016bra: Projektuojant atsi\u017evelgiama \u012f paprast\u0105 prie\u017ei\u016br\u0105 ir keitim\u0105, tod\u0117l reguliari ap\u017ei\u016bra ir technin\u0117 prie\u017ei\u016bra yra patogesni, o \u012frangos prastovos laikas sutrump\u0117ja.<\/li>\n<\/ul>\n<p>Galime pagaminti \u0161\u012f produkt\u0105, kuris puikiai pakeis \u0161iuos hidraulinius cilindrus.<\/p>\n<p><img decoding=\"async\" src=\"https:\/\/www.hydraulic-cylinders.net\/wp-content\/uploads\/2025\/01\/songte-oil-pipes-and-spare-parts.webp\" alt=\"Produkto vaizdas\" \/><\/p>\n<h2>Parai\u0161kos<\/h2>\n<p>Svirtinis cilindras turi \u012fvairi\u0173 pritaikym\u0173 \u012fvairiose pramon\u0117s \u0161akose:<\/p>\n<ul>\n<li>Konstrukcija: Ekskavatoriuose ir kranuose svirties cilindras naudojamas kau\u0161o arba str\u0117l\u0117s jud\u0117jimui valdyti atliekant \u017eem\u0117s darbus, med\u017eiag\u0173 tvarkym\u0105 ir konstrukcij\u0173 surinkim\u0105.<\/li>\n<li>Gamyba: Automatizuotose gamybos linijose svirties cilindras naudojamas mechanin\u0117ms svirtims judinti surinkimo, suvirinimo ir med\u017eiag\u0173 tvarkymo procesuose, taip pagerinant gamybos efektyvum\u0105 ir tikslum\u0105.<\/li>\n<li>\u017dem\u0117s \u016bkio technika: \u017dem\u0117s \u016bkio technikoje, tokioje kaip derliaus nu\u0117mimo ir sodinimo ma\u0161inos, svirties cilindras valdo valdymo svirties judes\u012f atliekant tokias u\u017eduotis kaip s\u0117ja, tr\u0119\u0161imas ir derliaus nu\u0117mimas.<\/li>\n<li>Kasyba: Kasybos \u012frangoje rankos cilindras naudojamas kasybos \u012frangos rankos jud\u0117jimui valdyti mineral\u0173 gavybai ir transportavimui.<\/li>\n<li>Logistika ir transportas: \u0160akiniuose krautuvuose ir tvarkymo robotuose rankos cilindras naudojamas \u0161ak\u0117s k\u0117limui ir jud\u0117jimui valdyti, taip u\u017etikrinant med\u017eiag\u0173 tvarkym\u0105 ir krovim\u0105.<\/li>\n<\/ul>\n<h2>Projektavimo aspektai ir atrankos kriterijai<\/h2>\n<p>Projektuojant cilindro formos ranken\u0105, reikia atsi\u017evelgti \u012f kelis veiksnius:<\/p>\n<ul>\n<li>Guoli\u0173 talpa: Cilindras turi atlaikyti pritvirtintos \u012frangos svor\u012f ir j\u0117g\u0105.<\/li>\n<li>Sandarinimas: Cilindras turi b\u016bti sandarus, kad b\u016bt\u0173 i\u0161vengta alyvos nutek\u0117jimo ir i\u0161laikytas sl\u0117gis.<\/li>\n<li>Patvarumas: Cilindras turi b\u016bti pagamintas i\u0161 med\u017eiag\u0173, kurios yra atsparios nusid\u0117v\u0117jimui ir korozijai.<\/li>\n<li>Sauga: Cilindras turi b\u016bti suprojektuotas atsi\u017evelgiant \u012f saugum\u0105, u\u017etikrinant, kad eksploatacijos metu jis nesugest\u0173 ir neveikt\u0173 netinkamai.<\/li>\n<li>Prie\u017ei\u016bra: Cilindras turi b\u016bti suprojektuotas taip, kad j\u012f b\u016bt\u0173 lengva pri\u017ei\u016br\u0117ti ir pakeisti.<\/li>\n<\/ul>\n<p><img decoding=\"async\" src=\"https:\/\/www.hydraulic-cylinders.net\/wp-content\/uploads\/2025\/01\/songte-cylinder-head-with-all-kinds-excavator-models.webp\" alt=\"Dizaino vaizdas\" \/><\/p>\n<h2>Sandarinimas ir tepimas<\/h2>\n<p>Siekiant u\u017etikrinti tinkam\u0105 svirties cilindro veikim\u0105, reikia naudoti \u012fvairius sandarinimo komponentus, tokius kaip st\u016bmokli\u0173 ir kot\u0173 sandarikliai, pagamintus i\u0161 atspari\u0173 dilimui med\u017eiag\u0173, toki\u0173 kaip poliuretanas ir nitrilo kau\u010diukas. Cilindro korpusas ir sraigto galo pavir\u0161ius yra kruop\u0161\u010diai apdorojami, siekiant pagerinti atsparum\u0105 dilimui. Norint u\u017etikrinti skland\u0173 cilindro veikim\u0105, reikia reguliariai tepti tinkama hidrauline alyva.<\/p>\n<h2>Prie\u017ei\u016bra ir trik\u010di\u0173 \u0161alinimas<\/h2>\n<p>Reguliar\u016bs patikrinimai ir prevencin\u0117 prie\u017ei\u016bra yra b\u016btini siekiant u\u017etikrinti skland\u0173 svirties cilindro veikim\u0105 ir nustatyti galimas problemas, kol jos nesuk\u0117l\u0117 rimt\u0173 problem\u0173. Kai kurios da\u017eniausiai kylan\u010dios problemos yra alyvos nuot\u0117kis, nepakankamas sl\u0117gis ir jud\u0117jimo tr\u016bkumas. \u0160ias problemas da\u017enai galima i\u0161spr\u0119sti patikrinus, ar n\u0117ra atsilaisvinusi\u0173 jung\u010di\u0173, pa\u017eeist\u0173 sandarikli\u0173 ar susid\u0117v\u0117jusi\u0173 dali\u0173. Svarbu laikytis tinkam\u0173 prie\u017ei\u016bros proced\u016br\u0173 ir naudoti tik auk\u0161tos kokyb\u0117s atsargines dalis.<\/p>\n<p><img decoding=\"async\" src=\"https:\/\/www.hydraulic-cylinders.net\/wp-content\/uploads\/2025\/01\/songte-chushion-collar.webp\" alt=\"Prie\u017ei\u016bros vaizdas\" \/><\/p>\n<h2>Diegimo vadovas<\/h2>\n<p>Montuojant svirties cilindr\u0105, svarbu atid\u017eiai laikytis gamintojo nurodym\u0173 ir u\u017etikrinti, kad cilindras b\u016bt\u0173 tvirtai pritvirtintas ir tinkamai sulygiuotas. Bet kokios atsilaisvinusios jungtys ar neteisingas sulygiavimas gali sukelti cilindro gedim\u0105 arba sutrikim\u0105 eksploatacijos metu, o tai gali sukelti rimt\u0105 pavoj\u0173 saugai.<\/p>\n<p><img decoding=\"async\" src=\"https:\/\/www.hydraulic-cylinders.net\/wp-content\/uploads\/2025\/01\/songte-bushings-with-all-kinds-of-excavator-models.webp\" alt=\"Diegimo vaizdas\" \/><\/p>\n<h2>Saugos aspektai ir aplinkos veiksniai<\/h2>\n<p>Naudojant svirtin\u012f cilindr\u0105, svarbu laikytis vis\u0173 saugos atsargumo priemoni\u0173 ir nurodym\u0173, kad b\u016bt\u0173 u\u017etikrintas personalo ir \u012frangos saugumas. Saugos priemon\u0117s gali apimti apsaugini\u0173 priemoni\u0173, toki\u0173 kaip pir\u0161tin\u0117s ir apsauginiai akiniai, naudojim\u0105, tinkamo v\u0117dinimo u\u017etikrinim\u0105 ir tinkam\u0173 k\u0117limo bei tvarkymo proced\u016br\u0173 laikym\u0105si. Aplinkos veiksniai, tokie kaip temperat\u016bra, dr\u0117gm\u0117 ir s\u0105lytis su agresyviomis chemin\u0117mis med\u017eiagomis ar med\u017eiagomis, taip pat gali tur\u0117ti \u012ftakos svirtinio cilindro veikimui, tod\u0117l \u012f juos reik\u0117t\u0173 atsi\u017evelgti.<\/p>\n<h2>Apie mus<\/h2>\n<p>Esame profesionalus pakaitini\u0173 hidraulini\u0173 cilindr\u0173 gamintojas, si\u016blantis plat\u0173 gamini\u0173 asortiment\u0105, ir tapome vienu i\u0161 pirmaujan\u010di\u0173 hidraulini\u0173 cilindr\u0173 gamintoj\u0173 ir didmenini\u0173 platintoj\u0173 tiek \u0161alies viduje, tiek tarptautiniu mastu. Visada laikom\u0117s puikios kokyb\u0117s principo, remdamiesi pramonin\u0117s gamybos valdymo strategija moderniose gamybos dirbtuv\u0117se, kad nuolat tobulintume savo technin\u012f lyg\u012f ir gamybos efektyvum\u0105. Diegdami pa\u017eangi\u0105 skaitmenin\u0119 gamybos \u012frang\u0105 ir profesionalias testavimo sistemas, nuolat optimizuojame savo gamybos platform\u0105, tobuliname gamini\u0173 kokyb\u0117s kontrol\u0117s procesus ir demonstruojame stiprius inovacij\u0173 paj\u0117gumus. M\u016bs\u0173 tikslas \u2013 patenkinti \u012fvairius klient\u0173 poreikius, teikiant efektyvius, tikslius ir auk\u0161tos kokyb\u0117s gaminius.<\/p>\n<p><img decoding=\"async\" src=\"https:\/\/www.hydraulic-cylinders.net\/wp-content\/uploads\/2025\/01\/songte-company-4.webp\" alt=\"\u012emon\u0117s paveiksl\u0117lis 1\" \/><\/p>\n<p><img decoding=\"async\" src=\"https:\/\/www.hydraulic-cylinders.net\/wp-content\/uploads\/2025\/01\/songte-company-3.webp\" alt=\"\u012emon\u0117s paveiksl\u0117lis 2\" \/><\/p>\n<p>M\u016bs\u0173 \u012fmon\u0117 teikia profesionalias paslaugas, tokias kaip tarptautiniai sertifikatai, individual\u016bs u\u017esakymai, gamybos \u012franga ir garantinis aptarnavimas, siekdama u\u017etikrinti klient\u0173 pasitenkinim\u0105.<\/p>\n<p>Autorius: lyl<\/p>","protected":false},"excerpt":{"rendered":"<p>Arm Cylinder For Hengte HT150-8 Introduction The arm cylinder is a specially designed hydraulic cylinder that provides linear motion and power to the arms of various types of machinery such as excavators, cranes, and mechanical arms. It plays a crucial role in hydraulic systems, enabling attachments or accessories to move and be controlled effectively. These [&hellip;]<\/p>","protected":false},"featured_media":14763,"comment_status":"open","ping_status":"closed","template":"","meta":{"_et_pb_use_builder":"","_et_pb_old_content":"","_et_gb_content_width":""},"product_brand":[],"product_cat":[1497],"product_tag":[1498,1496],"class_list":{"0":"post-16916","1":"product","2":"type-product","3":"status-publish","4":"has-post-thumbnail","6":"product_cat-arm-cylinders","7":"product_tag-arm-cylinders","8":"product_tag-hydraulic-cylinders","10":"first","11":"instock","12":"shipping-taxable","13":"product-type-simple"},"amp_enabled":true,"_links":{"self":[{"href":"https:\/\/www.hydraulic-cylinders.net\/lt\/wp-json\/wp\/v2\/product\/16916","targetHints":{"allow":["GET"]}}],"collection":[{"href":"https:\/\/www.hydraulic-cylinders.net\/lt\/wp-json\/wp\/v2\/product"}],"about":[{"href":"https:\/\/www.hydraulic-cylinders.net\/lt\/wp-json\/wp\/v2\/types\/product"}],"replies":[{"embeddable":true,"href":"https:\/\/www.hydraulic-cylinders.net\/lt\/wp-json\/wp\/v2\/comments?post=16916"}],"wp:featuredmedia":[{"embeddable":true,"href":"https:\/\/www.hydraulic-cylinders.net\/lt\/wp-json\/wp\/v2\/media\/14763"}],"wp:attachment":[{"href":"https:\/\/www.hydraulic-cylinders.net\/lt\/wp-json\/wp\/v2\/media?parent=16916"}],"wp:term":[{"taxonomy":"product_brand","embeddable":true,"href":"https:\/\/www.hydraulic-cylinders.net\/lt\/wp-json\/wp\/v2\/product_brand?post=16916"},{"taxonomy":"product_cat","embeddable":true,"href":"https:\/\/www.hydraulic-cylinders.net\/lt\/wp-json\/wp\/v2\/product_cat?post=16916"},{"taxonomy":"product_tag","embeddable":true,"href":"https:\/\/www.hydraulic-cylinders.net\/lt\/wp-json\/wp\/v2\/product_tag?post=16916"}],"curies":[{"name":"wp","href":"https:\/\/api.w.org\/{rel}","templated":true}]}}