{"id":16917,"date":"2025-01-21T06:12:44","date_gmt":"2025-01-21T06:12:44","guid":{"rendered":"https:\/\/www.hydraulic-cylinders.net\/product\/arm-cylinder-for-hengte-ht90-21\/"},"modified":"2025-01-21T06:12:46","modified_gmt":"2025-01-21T06:12:46","slug":"arm-cylinder-for-hengte-ht90-21","status":"publish","type":"product","link":"https:\/\/www.hydraulic-cylinders.net\/lt\/produktas\/arm-cylinder-for-hengte-ht90-21\/","title":{"rendered":"Rankenos cilindras skirtas Hengte HT90\/21"},"content":{"rendered":"<h2>Rankenos cilindras skirtas Hengte HT90\/21<\/h2>\n<h3>Apibr\u0117\u017eimas ir paai\u0161kinimas<\/h3>\n<p>Svirties cilindras yra specialiai suprojektuotas hidraulinis cilindras, u\u017etikrinantis linijin\u012f jud\u0117jim\u0105 ir gali\u0105 \u012fvairi\u0173 tip\u0173 ma\u0161in\u0173, toki\u0173 kaip ekskavatoriai, kranai ir mechanin\u0117s svirtys, svirtims. Jis atlieka labai svarb\u0173 vaidmen\u012f hidraulin\u0117se sistemose, nes leid\u017eia efektyviai jud\u0117ti ir valdyti papildomus \u012frankius ar priedus. \u0160ie cilindrai ne tik u\u017etikrina skland\u0173 jud\u0117jim\u0105, bet ir atlaiko dideles apkrovas, u\u017etikrindami efektyv\u0173 ma\u0161in\u0173 veikim\u0105 ir patikimum\u0105 \u012fvairiomis darbo s\u0105lygomis.<\/p>\n<p><img decoding=\"async\" src=\"https:\/\/www.hydraulic-cylinders.net\/wp-content\/uploads\/2025\/01\/songte-company-2.webp\"><\/p>\n<h3>Produkto savyb\u0117s<\/h3>\n<ul>\n<li><strong>Didelio efektyvumo transmisija:<\/strong> Svirties cilindras u\u017etikrina galing\u0105 tiesin\u012f jud\u0117jim\u0105 ir j\u0117g\u0105, u\u017etikrindamas auk\u0161t\u0105 mechanin\u0117s svirties efektyvum\u0105 atliekant \u012fvairias operacijas.<\/li>\n<li><strong>Tikslus valdymas:<\/strong> Hidraulin\u0117s sistemos d\u0117ka rankos cilindras gali tiksliai valdyti judes\u012f, tod\u0117l papildom\u0173 \u012franki\u0173 valdymas tampa lankstesnis ir tikslesnis.<\/li>\n<li><strong>Patvarumas:<\/strong> Svirtiniai cilindrai paprastai gaminami i\u0161 didelio stiprumo med\u017eiag\u0173, pasi\u017eymin\u010di\u0173 geru atsparumu dilimui ir korozijai, tod\u0117l tinkami ilgalaikiam naudojimui at\u0161iauriomis s\u0105lygomis.<\/li>\n<li><strong>Daugiafunkcinis prisitaikymas:<\/strong> \u0160ie cilindrai gali b\u016bti pla\u010diai naudojami \u012fvairiuose mechaniniuose \u012frenginiuose, tokiuose kaip ekskavatoriai, kranai ir mechanin\u0117s rankenos, kad b\u016bt\u0173 pritaikyti skirtingiems darbo reikalavimams.<\/li>\n<li><strong>Lengva prie\u017ei\u016bra:<\/strong> Projektuojant atsi\u017evelgiama \u012f paprast\u0105 prie\u017ei\u016br\u0105 ir keitim\u0105, tod\u0117l reguliari ap\u017ei\u016bra ir prie\u017ei\u016bra yra patogesni, o \u012frangos prastovos laikas sutrump\u0117ja.<\/li>\n<\/ul>\n<p>Mes galime pagaminti \u0161\u012f produkt\u0105 ir jis puikiai gali pakeisti \u0161iuos hidraulinius cilindrus.<\/p>\n<p><img decoding=\"async\" src=\"https:\/\/www.hydraulic-cylinders.net\/wp-content\/uploads\/2025\/01\/songte-oil-pipes-and-spare-parts.webp\"><\/p>\n<h3>Taikymo scenarijai<\/h3>\n<p>Rankiniai cilindrai yra pla\u010diai naudojami \u012fvairiose srityse, \u012fskaitant:<\/p>\n<ul>\n<li><strong>Statybos in\u017einerija:<\/strong> Ekskavatoriuose ir kranuose str\u0117li\u0173 cilindrai valdo kastuv\u0173 arba str\u0117li\u0173 jud\u0117jim\u0105, atlieka \u017eem\u0117s darbus, med\u017eiag\u0173 tvarkym\u0105 ir konstrukcij\u0173 montavim\u0105.<\/li>\n<li><strong>Gamyba:<\/strong> Automatizuotose gamybos linijose ranken\u0173 cilindrai valdo mechanini\u0173 ranken\u0173 jud\u0117jim\u0105, atlieka surinkimo, suvirinimo ir tvarkymo procesus, didindami gamybos efektyvum\u0105 ir tikslum\u0105.<\/li>\n<li><strong>\u017dem\u0117s \u016bkio technika:<\/strong> \u017dem\u0117s \u016bkio technikose, tokiose kaip derliaus nu\u0117mimo ma\u0161inos ir sodinamosios, svirties cilindrai valdo valdymo svirties judes\u012f, atlikdami tokias u\u017eduotis kaip s\u0117ja, tr\u0119\u0161imas ir derliaus nu\u0117mimas.<\/li>\n<li><strong>Kasyba:<\/strong> Kasybos \u012frangoje svirties cilindrai naudojami kasybos \u012frangos svirties jud\u0117jimui valdyti, kasybai ir r\u016bdos transportavimui.<\/li>\n<li><strong>Logistika ir transportas:<\/strong> \u0160akiniuose krautuvuose ir robotuose ranken\u0173 cilindrai valdo \u0161aki\u0173 k\u0117lim\u0105 ir jud\u0117jim\u0105, u\u017etikrindami med\u017eiag\u0173 tvarkym\u0105 ir krovim\u0105.<\/li>\n<\/ul>\n<h3>Projektavimo aspektai ir atrankos kriterijai<\/h3>\n<p>Projektuojant svirtinius cilindrus, reikia atsi\u017evelgti \u012f \u0161iuos dalykus:<\/p>\n<ul>\n<li><strong>Keliamoji galia:<\/strong> Svirtiniai cilindrai turi atlaikyti \u012frangos ir jos ne\u0161amos apkrovos svor\u012f.<\/li>\n<li><strong>Sandarinimas:<\/strong> Siekiant i\u0161vengti alyvos nuot\u0117kio ir u\u017etikrinti stabil\u0173 cilindro veikim\u0105, naudojami \u012fvair\u016bs sandarinimo komponentai, tokie kaip st\u016bmoklio ir strypo sandarikliai.<\/li>\n<li><strong>Patvarumas:<\/strong> Svirtiniai cilindrai paprastai gaminami i\u0161 didelio stiprumo med\u017eiag\u0173, pasi\u017eymin\u010di\u0173 geru atsparumu dilimui ir korozijai, tod\u0117l tinkami ilgalaikiam naudojimui at\u0161iauriomis s\u0105lygomis.<\/li>\n<li><strong>Saugumas:<\/strong> Svirtiniai cilindrai tur\u0117t\u0173 b\u016bti suprojektuoti su saugos funkcijomis, kad b\u016bt\u0173 i\u0161vengta nelaiming\u0173 atsitikim\u0173 eksploatacijos metu.<\/li>\n<li><strong>Prie\u017ei\u016bra:<\/strong> Projektuojant reik\u0117t\u0173 atsi\u017evelgti \u012f prie\u017ei\u016bros ir keitimo paprastum\u0105, kad reguliari ap\u017ei\u016bra ir prie\u017ei\u016bra b\u016bt\u0173 patogesni, o \u012frangos prastovos laikas sutrump\u0117t\u0173.<\/li>\n<\/ul>\n<p><img decoding=\"async\" src=\"https:\/\/www.hydraulic-cylinders.net\/wp-content\/uploads\/2025\/01\/songte-cylinder-head-with-all-kinds-excavator-models.webp\"><\/p>\n<h3>Sandarinimas ir tepimas<\/h3>\n<p>\u012evair\u016bs sandarinimo komponentai, tokie kaip st\u016bmoklio ir koto sandarikliai, naudojami siekiant i\u0161vengti alyvos nuot\u0117kio ir u\u017etikrinti stabil\u0173 cilindro veikim\u0105. \u0160ie sandarikliai pagaminti i\u0161 labai atspari\u0173 dilimui med\u017eiag\u0173, toki\u0173 kaip poliuretanas ir nitrilo kau\u010diukas. Cilindro korpusas ir sriegio gal\u0173 pavir\u0161iai yra kruop\u0161\u010diai apdirbti, siekiant pagerinti atsparum\u0105 dilimui. Tepimui ir prie\u017ei\u016brai b\u016btinas reguliarus alyvos \u012fpur\u0161kimas.<\/p>\n<h3>Reguliarus patikrinimas ir prevencin\u0117 prie\u017ei\u016bra<\/h3>\n<p>Norint u\u017etikrinti tinkam\u0105 svirties cilindr\u0173 veikim\u0105, b\u016btina reguliariai tikrinti ir atlikti profilaktin\u0119 prie\u017ei\u016br\u0105. Reik\u0117t\u0173 imtis \u0161i\u0173 priemoni\u0173:<\/p>\n<ul>\n<li>Reguliariai tikrinkite ir keiskite pa\u017eeistus sandariklius.<\/li>\n<li>Patikrinkite cilindro korpuso susid\u0117v\u0117jim\u0105.<\/li>\n<li>Patikrinkite alyvos lyg\u012f ir kokyb\u0119.<\/li>\n<li>Reguliariai keiskite hidraulin\u0119 alyv\u0105.<\/li>\n<li>Patikrinkite tvirtinimo var\u017etus ir ver\u017eles ir, jei reikia, priver\u017ekite juos.<\/li>\n<\/ul>\n<h3>Produkto diegimo vadovas<\/h3>\n<p>Svirtini\u0173 cilindr\u0173 montavim\u0105 tur\u0117t\u0173 atlikti profesional\u016bs darbuotojai, atlikdami toliau nurodytus veiksmus:<\/p>\n<ol>\n<li>Paruo\u0161kite montavimo \u012frankius ir \u012frang\u0105.<\/li>\n<li>Sumontuokite cilindr\u0105 ant \u012frangos ir prijunkite hidraulin\u012f vamzdyn\u0105.<\/li>\n<li>Visi\u0161kai patikrinkite cilindro veikim\u0105 ir patikrinkite, ar n\u0117ra nuot\u0117ki\u0173.<\/li>\n<li>Sureguliuokite montavimo pad\u0117t\u012f ir priver\u017ekite var\u017etus bei ver\u017eles.<\/li>\n<li>\u012epilkite hidraulin\u0117s alyvos ir atlikite antr\u0105 bandym\u0105.<\/li>\n<\/ol>\n<p><img decoding=\"async\" src=\"https:\/\/www.hydraulic-cylinders.net\/wp-content\/uploads\/2025\/01\/songte-bushings-with-all-kinds-of-excavator-models.webp\"><\/p>\n<h3>Saugos aspektai ir aplinkos veiksniai<\/h3>\n<p>Eksploatacijos metu reikia imtis tinkam\u0173 saugos priemoni\u0173, kad b\u016bt\u0173 i\u0161vengta nelaiming\u0173 atsitikim\u0173. Operatoriai tur\u0117t\u0173 b\u016bti susipa\u017ein\u0119 su \u012franga ir jos eksploatavimo proced\u016bromis. Taip pat reik\u0117t\u0173 atsi\u017evelgti \u012f aplink\u0105 ir imtis tinkam\u0173 priemoni\u0173 aplinkos tar\u0161ai i\u0161vengti.<\/p>\n<h3>Trik\u010di\u0173 \u0161alinimas ir da\u017eniausios problemos<\/h3>\n<p>Da\u017eniausios svirtini\u0173 cilindr\u0173 problemos yra alyvos nuot\u0117kis, l\u0117tas jud\u0117jimas ir ne\u012fprastas triuk\u0161mas. Galima naudoti \u0161iuos patarimus ir sprendimus:<\/p>\n<ul>\n<li><strong>Alyvos nuot\u0117kis:<\/strong> Patikrinkite sandariklius ir, jei reikia, pakeiskite juos.<\/li>\n<li><strong>L\u0117tas jud\u0117jimas:<\/strong> Patikrinkite alyvos lyg\u012f ir kokyb\u0119, prireikus pakeiskite hidraulin\u0119 alyv\u0105.<\/li>\n<li><strong>Nenormalus triuk\u0161mas:<\/strong> Patikrinkite, ar cilindro korpusas arba st\u016bmoklio kotas nepa\u017eeisti, ir prireikus pakeiskite juos.<\/li>\n<\/ul>\n<p>Taip pat reik\u0117t\u0173 imtis prevencini\u0173 priemoni\u0173, siekiant suma\u017einti galimas problemas, pavyzd\u017eiui, reguliariai tikrinti ir pri\u017ei\u016br\u0117ti.<\/p>\n<p><img decoding=\"async\" src=\"https:\/\/www.hydraulic-cylinders.net\/wp-content\/uploads\/2025\/01\/songte-chushion-collar.webp\"><\/p>\n<h3>Apie mus<\/h3>\n<p>Esame profesionalus hidraulini\u0173 cilindr\u0173 gamintojas, si\u016blantis plat\u0173 gamini\u0173 asortiment\u0105 ir tap\u0119s vienu i\u0161 pirmaujan\u010di\u0173 hidraulini\u0173 cilindr\u0173 gamintoj\u0173 ir didmenini\u0173 platintoj\u0173 vidaus ir u\u017esienio rinkose. Visada laikom\u0117s puikios kokyb\u0117s principo ir pasikliaujame moderni\u0173 gamybos dirbtuvi\u0173 pramonin\u0117s gamybos valdymo strategija, kad nuolat tobulintume savo technin\u012f lyg\u012f ir gamybos efektyvum\u0105. Diegdami auk\u0161\u010diausios klas\u0117s skaitmenin\u0119 gamybos \u012frang\u0105 ir profesionalias bandym\u0173 sistemas, nuolat optimizuojame savo gamybos platform\u0105, tobuliname savo gamini\u0173 kokyb\u0117s kontrol\u0117s proces\u0105 ir turime stiprias inovacij\u0173 galimybes. M\u016bs\u0173 tikslas \u2013 patenkinti \u012fvairius klient\u0173 poreikius, remiantis efektyvumo, tikslumo ir auk\u0161tos kokyb\u0117s principais.<\/p>\n<h3>M\u016bs\u0173 paslaugos<\/h3>\n<ul>\n<li><strong>Profesionalumas:<\/strong> Turime profesionali\u0105 technin\u0119 komand\u0105, kuri klientams teikia profesionalius sprendimus ir paslaugas.<\/li>\n<li><strong>Tarptautinis sertifikatas:<\/strong> M\u016bs\u0173 gaminiai yra sertifikuoti \u012fvairiais tarptautiniais sertifikatais, tokiais kaip ISO ir CE.<\/li>\n<li><strong>Pritaikymas:<\/strong> Teikiame individualiai pritaikytas paslaugas, kad patenkintume skirtingus klient\u0173 poreikius.<\/li>\n<li><strong>Gamybos \u012franga:<\/strong> Turime pa\u017eangi\u0105 gamybos \u012frang\u0105, toki\u0105 kaip CNC stakl\u0117s, suvirinimo aparatai ir bandym\u0173 \u012franga.<\/li>\n<li><strong>Aptarnavimas po pardavimo:<\/strong> Siekdami u\u017etikrinti klient\u0173 pasitenkinim\u0105, teikiame i\u0161samias garantinio aptarnavimo paslaugas.<\/li>\n<\/ul>\n<p><img decoding=\"async\" src=\"https:\/\/www.hydraulic-cylinders.net\/wp-content\/uploads\/2025\/01\/songte-company-4.webp\"><br \/>\n<img decoding=\"async\" src=\"https:\/\/www.hydraulic-cylinders.net\/wp-content\/uploads\/2025\/01\/songte-company-3.webp\"><\/p>\n<p>Autorius: lyl<\/p>","protected":false},"excerpt":{"rendered":"<p>Arm Cylinder for Hengte HT90\/21 Definition and Explanation An arm cylinder is a specially designed hydraulic cylinder that provides linear movement and power to the arms of various types of machinery, such as excavators, cranes, and mechanical arms. It plays a crucial role in hydraulic systems, enabling the effective movement and control of additional tools [&hellip;]<\/p>","protected":false},"featured_media":14759,"comment_status":"open","ping_status":"closed","template":"","meta":{"_et_pb_use_builder":"","_et_pb_old_content":"","_et_gb_content_width":""},"product_brand":[],"product_cat":[1497],"product_tag":[1498,1496],"class_list":{"0":"post-16917","1":"product","2":"type-product","3":"status-publish","4":"has-post-thumbnail","6":"product_cat-arm-cylinders","7":"product_tag-arm-cylinders","8":"product_tag-hydraulic-cylinders","10":"first","11":"instock","12":"shipping-taxable","13":"product-type-simple"},"amp_enabled":true,"_links":{"self":[{"href":"https:\/\/www.hydraulic-cylinders.net\/lt\/wp-json\/wp\/v2\/product\/16917","targetHints":{"allow":["GET"]}}],"collection":[{"href":"https:\/\/www.hydraulic-cylinders.net\/lt\/wp-json\/wp\/v2\/product"}],"about":[{"href":"https:\/\/www.hydraulic-cylinders.net\/lt\/wp-json\/wp\/v2\/types\/product"}],"replies":[{"embeddable":true,"href":"https:\/\/www.hydraulic-cylinders.net\/lt\/wp-json\/wp\/v2\/comments?post=16917"}],"wp:featuredmedia":[{"embeddable":true,"href":"https:\/\/www.hydraulic-cylinders.net\/lt\/wp-json\/wp\/v2\/media\/14759"}],"wp:attachment":[{"href":"https:\/\/www.hydraulic-cylinders.net\/lt\/wp-json\/wp\/v2\/media?parent=16917"}],"wp:term":[{"taxonomy":"product_brand","embeddable":true,"href":"https:\/\/www.hydraulic-cylinders.net\/lt\/wp-json\/wp\/v2\/product_brand?post=16917"},{"taxonomy":"product_cat","embeddable":true,"href":"https:\/\/www.hydraulic-cylinders.net\/lt\/wp-json\/wp\/v2\/product_cat?post=16917"},{"taxonomy":"product_tag","embeddable":true,"href":"https:\/\/www.hydraulic-cylinders.net\/lt\/wp-json\/wp\/v2\/product_tag?post=16917"}],"curies":[{"name":"wp","href":"https:\/\/api.w.org\/{rel}","templated":true}]}}