{"id":16920,"date":"2025-01-21T06:12:56","date_gmt":"2025-01-21T06:12:56","guid":{"rendered":"https:\/\/www.hydraulic-cylinders.net\/product\/arm-cylinder-for-hengte-wheel-excavator-htl85-8\/"},"modified":"2025-01-21T06:12:57","modified_gmt":"2025-01-21T06:12:57","slug":"arm-cylinder-for-hengte-wheel-excavator-htl85-8","status":"publish","type":"product","link":"https:\/\/www.hydraulic-cylinders.net\/lt\/produktas\/arm-cylinder-for-hengte-wheel-excavator-htl85-8\/","title":{"rendered":"Hengte ratinio ekskavatoriaus HTL85-8 rankos cilindras"},"content":{"rendered":"<h1>Hengte ratinio ekskavatoriaus HTL85-8 rankos cilindras<\/h1>\n<h2>\u012evadas<\/h2>\n<p>Svirties cilindras yra specializuotas hidraulinis cilindras, skirtas u\u017etikrinti tiesin\u012f jud\u0117jim\u0105 ir gali\u0105 \u012fvairioms ma\u0161in\u0173 svirtims, tokioms kaip ekskavatoriai, kranai ir mechanin\u0117s svirtys. Svirties cilindras atlieka labai svarb\u0173 vaidmen\u012f hidraulin\u0117se sistemose, nes leid\u017eia efektyviai jud\u0117ti ir valdyti papildomus \u012frankius ar priedus. \u0160ie cilindrai ne tik u\u017etikrina skland\u0173 jud\u0117jim\u0105, bet ir atlaiko dideles apkrovas, u\u017etikrindami efektyv\u0173 ma\u0161in\u0173 veikim\u0105 ir patikimum\u0105 \u012fvairiomis eksploatavimo s\u0105lygomis.<\/p>\n<p><img decoding=\"async\" src=\"https:\/\/www.hydraulic-cylinders.net\/wp-content\/uploads\/2025\/01\/songte-company-2.webp\" alt=\"Svirties cilindras\"><\/p>\n<h2>Savyb\u0117s<\/h2>\n<ul>\n<li>\n<h3>Didelio efektyvumo transmisija<\/h3>\n<p>Svirties cilindras gali u\u017etikrinti galing\u0105 tiesin\u012f judes\u012f ir j\u0117g\u0105, u\u017etikrindamas auk\u0161t\u0105 mechanin\u0117s svirties efektyvum\u0105 atliekant \u012fvairias operacijas.<\/p>\n<\/li>\n<li>\n<h3>Tikslus valdymas<\/h3>\n<p>Svirties cilindras gali tiksliai valdyti judes\u012f per hidraulin\u0119 sistem\u0105, tod\u0117l papildom\u0173 \u012franki\u0173 valdymas yra lankstesnis ir tikslesnis.<\/p>\n<\/li>\n<li>\n<h3>Patvarumas<\/h3>\n<p>Svirties cilindras paprastai pagamintas i\u0161 didelio stiprumo med\u017eiag\u0173, pasi\u017eymin\u010di\u0173 geru atsparumu dilimui ir korozijai, tod\u0117l tinka ilgalaikiam naudojimui at\u0161iauriomis s\u0105lygomis.<\/p>\n<\/li>\n<li>\n<h3>Daugiafunkcis prisitaikymas<\/h3>\n<p>\u0160ie cilindrai gali b\u016bti pla\u010diai naudojami \u012fvairiuose mechaniniuose \u012frenginiuose, tokiuose kaip ekskavatoriai, kranai ir mechanin\u0117s svirtys, siekiant patenkinti skirtingus darbo reikalavimus.<\/p>\n<\/li>\n<li>\n<h3>Lengva prie\u017ei\u016bra<\/h3>\n<p>Sukurta lengvam techniniam aptarnavimui ir pakeitimui, reguliari ap\u017ei\u016bra ir prie\u017ei\u016bra tapo patogesn\u0117, tod\u0117l sutrump\u0117ja \u012frangos prastovos.<\/p>\n<\/li>\n<\/ul>\n<p><img decoding=\"async\" src=\"https:\/\/www.hydraulic-cylinders.net\/wp-content\/uploads\/2025\/01\/songte-oil-pipes-and-spare-parts.webp\" alt=\"Hidrauliniai cilindrai\"><\/p>\n<h2>Parai\u0161kos<\/h2>\n<p>Svirtinis cilindras pla\u010diai naudojamas \u012fvairiose pramon\u0117s \u0161akose, \u012fskaitant:<\/p>\n<ul>\n<li>\n<h3>Statybos in\u017einerija<\/h3>\n<p>Naudojamas ekskavatoriuose ir kranuose kau\u0161o ar str\u0117l\u0117s jud\u0117jimui valdyti atliekant \u017eem\u0117s darbus, med\u017eiag\u0173 tvarkym\u0105 ir konstrukcij\u0173 montavim\u0105.<\/p>\n<\/li>\n<li>\n<h3>Gamybos pramon\u0117<\/h3>\n<p>Naudojamas automatizuotose gamybos linijose mechanini\u0173 rank\u0173 judinimui surinkimo, suvirinimo ir tvarkymo procesuose, siekiant pagerinti gamybos efektyvum\u0105 ir tikslum\u0105.<\/p>\n<\/li>\n<li>\n<h3>\u017dem\u0117s \u016bkio technika<\/h3>\n<p>Naudojamas \u017eem\u0117s \u016bkio technikose, tokiose kaip derliaus nu\u0117mimo ma\u0161inos ir sodinamosios, valdymo svirties jud\u0117jimui valdyti atliekant tokias u\u017eduotis kaip s\u0117ja, tr\u0119\u0161imas ir derliaus nu\u0117mimas.<\/p>\n<\/li>\n<li>\n<h3>Kasyba<\/h3>\n<p>Naudojamas kasybos \u012frangoje, siekiant valdyti kasybos \u012frangos rankos jud\u0117jim\u0105 r\u016bdos kasybai ir tvarkymui.<\/p>\n<\/li>\n<li>\n<h3>Logistika ir transportas<\/h3>\n<p>Naudojamas \u0161akiniuose krautuvuose ir robotuose \u0161aki\u0173 k\u0117limui ir jud\u0117jimui valdyti, med\u017eiag\u0173 tvarkymui ir krovimui.<\/p>\n<\/li>\n<\/ul>\n<h2>Projektavimo aspektai ir atrankos kriterijai<\/h2>\n<p>Atsi\u017evelgiant \u012f konstrukcijos ypatybes, cilindro formos rankena turi tur\u0117ti:<\/p>\n<ul>\n<li>\n<h3>Apkrovos paj\u0117gumas<\/h3>\n<p>Svirties cilindras turi tur\u0117ti pakankam\u0105 apkrov\u0105, kad atlaikyt\u0173 ma\u0161inos svirties veikimo metu sukuriamas j\u0117gas.<\/p>\n<\/li>\n<li>\n<h3>Sandarinimo efektyvumas<\/h3>\n<p>Svirties cilindrui reikalingi \u012fvair\u016bs sandarinimo komponentai, tokie kaip st\u016bmoklio sandarinimo \u017eiedai ir strypo sandarinimo \u017eiedai, pagaminti i\u0161 atspari\u0173 dilimui med\u017eiag\u0173, toki\u0173 kaip poliuretanas ir nitrilo kau\u010diukas.<\/p>\n<\/li>\n<li>\n<h3>Patvarumas<\/h3>\n<p>Cilindro korpusas ir sriegio galo pavir\u0161ius turi b\u016bti kruop\u0161\u010diai apdirbti, kad b\u016bt\u0173 pagerintas atsparumas dilimui ir korozijai.<\/p>\n<\/li>\n<li>\n<h3>Saugumas<\/h3>\n<p>Svirties cilindras turi b\u016bti suprojektuotas su saugos funkcijomis, tokiomis kaip avarinio stabdymo vo\u017etuvai, kad b\u016bt\u0173 i\u0161vengta nelaiming\u0173 atsitikim\u0173 eksploatacijos metu.<\/p>\n<\/li>\n<li>\n<h3>Prie\u017ei\u016bra<\/h3>\n<p>Svirties cilindras turi b\u016bti suprojektuotas taip, kad j\u012f b\u016bt\u0173 lengva pri\u017ei\u016br\u0117ti ir pakeisti dalis, siekiant suma\u017einti prie\u017ei\u016bros laik\u0105.<\/p>\n<\/li>\n<\/ul>\n<p><img decoding=\"async\" src=\"https:\/\/www.hydraulic-cylinders.net\/wp-content\/uploads\/2025\/01\/songte-cylinder-head-with-all-kinds-excavator-models.webp\" alt=\"Cilindro galvut\u0117\"><\/p>\n<h2>Sandarinimas ir tepimas<\/h2>\n<p>Svirtiniame cilindre naudojami \u012fvair\u016bs sandarinimo komponentai, tokie kaip st\u016bmoklio sandarinimo \u017eiedai ir strypo sandarinimo \u017eiedai, pagaminti i\u0161 atspari\u0173 dilimui med\u017eiag\u0173, toki\u0173 kaip poliuretanas ir nitrilo kau\u010diukas. Cilindro korpusas ir sriegio galo pavir\u0161ius yra kruop\u0161\u010diai apdorojami, siekiant pagerinti atsparum\u0105 dilimui ir korozijai. Svirtin\u012f cilindr\u0105 reikia reguliariai papildyti atitinkamu kiekiu hidraulin\u0117s alyvos tepimui.<\/p>\n<h2>Reguliarios patikros ir prevencin\u0117s prie\u017ei\u016bros priemon\u0117s<\/h2>\n<p>Reguliarus patikrinimas ir profilaktin\u0117 prie\u017ei\u016bra yra labai svarb\u016bs siekiant u\u017etikrinti saug\u0173 ir patikim\u0105 svirties cilindro veikim\u0105. Reik\u0117t\u0173 imtis \u0161i\u0173 priemoni\u0173:<\/p>\n<ul>\n<li>\n<h3>Reguliariai tikrinkite hidraulin\u0117s alyvos lyg\u012f<\/h3>\n<p>\u012esitikinkite, kad pripildyta reikiamo kiekio hidraulin\u0117s alyvos.<\/p>\n<\/li>\n<li>\n<h3>Reguliariai valykite cilindr\u0105<\/h3>\n<p>Nuvalykite dulkes ir ne\u0161varumus nuo cilindro korpuso ir st\u016bmoklio koto, kad nepa\u017eeistum\u0117te sandarinimo komponent\u0173.<\/p>\n<\/li>\n<li>\n<h3>Reguliariai keiskite sandarinimo komponentus<\/h3>\n<p>Kad u\u017etikrintum\u0117te sandarum\u0105, pakeiskite sandarinimo komponentus, tokius kaip st\u016bmoklio ir koto sandarinimo \u017eiedai.<\/p>\n<\/li>\n<li>\n<h3>Reguliariai tikrinkite apsauginius vo\u017etuvus<\/h3>\n<p>Reguliariai tikrinkite apsauginius vo\u017etuvus ir avarinio stabdymo vo\u017etuvus, kad u\u017etikrintum\u0117te saug\u0173 veikim\u0105.<\/p>\n<\/li>\n<\/ul>\n<p><img decoding=\"async\" src=\"https:\/\/www.hydraulic-cylinders.net\/wp-content\/uploads\/2025\/01\/songte-chushion-collar.webp\" alt=\"Pagalv\u0117l\u0117s apykakl\u0117\"><\/p>\n<h2>Produkto diegimo vadovas<\/h2>\n<p>Svirties cilindro montavimas turi atitikti montavimo vadove pateiktas instrukcijas. Montavimo procesas turi b\u016bti atliekamas \u017eingsnis po \u017eingsnio, o montavimo pad\u0117tis turi b\u016bti tinkama. Montavimo metu reikia saugoti, kad cilindro korpusas ir st\u016bmoklio kotas neb\u016bt\u0173 subrai\u017eyti.<\/p>\n<h2>Saugos aspektai ir aplinkos veiksniai<\/h2>\n<p>Naudojant rankos cilindr\u0105, turi b\u016bti imtasi saugos priemoni\u0173, kad b\u016bt\u0173 i\u0161vengta mechaninio rankos veikimo sukelt\u0173 su\u017ealojim\u0173. Rankos cilindras tur\u0117t\u0173 b\u016bti naudojamas tinkamoje aplinkoje, kad b\u016bt\u0173 i\u0161vengta \u017ealos, kuri\u0105 sukelia at\u0161iauri aplinka.<\/p>\n<h2>Trik\u010di\u0173 \u0161alinimas ir da\u017eniausios problemos<\/h2>\n<p>Da\u017eniausios problemos, su kuriomis susiduriama naudojant svirties cilindr\u0105, yra alyvos nuot\u0117kis, nepakankama j\u0117ga ir ne\u012fprastas triuk\u0161mas. \u0160i\u0173 problem\u0173 prie\u017eastys gali b\u016bti \u012fvairios. Reguliarus techninis aptarnavimas ir ap\u017ei\u016bra gali suma\u017einti problem\u0173 tikimyb\u0119. Jei kyla problem\u0173, \u0161ie patarimai gali pad\u0117ti jas diagnozuoti ir i\u0161spr\u0119sti:<\/p>\n<ul>\n<li>\n<h3>Alyvos nuot\u0117kis<\/h3>\n<p>Patikrinkite sandarinimo komponentus ir, jei reikia, pakeiskite.<\/p>\n<\/li>\n<li>\n<h3>Nepakankama j\u0117ga<\/h3>\n<p>Patikrinkite, ar pakanka hidraulin\u0117s alyvos, ir prireikus pakeiskite.<\/p>\n<\/li>\n<li>\n<h3>Nenormalus triuk\u0161mas<\/h3>\n<p>Patikrinkite, ar cilindro korpusas arba st\u016bmoklio kotas n\u0117ra subrai\u017eyti ar pa\u017eeisti, ir prireikus pakeiskite.<\/p>\n<\/li>\n<\/ul>\n<p><img decoding=\"async\" src=\"https:\/\/www.hydraulic-cylinders.net\/wp-content\/uploads\/2025\/01\/songte-bushings-with-all-kinds-of-excavator-models.webp\" alt=\"\u012evor\u0117s\"><\/p>\n<h2>Apie mus<\/h2>\n<p>Esame profesionalus pakaitini\u0173 hidraulini\u0173 cilindr\u0173 gamintojas, si\u016blantis plat\u0173 gamini\u0173 asortiment\u0105, ir tapome vienu i\u0161 pirmaujan\u010di\u0173 hidraulini\u0173 cilindr\u0173 gamintoj\u0173 ir didmenini\u0173 platintoj\u0173 vidaus ir tarptautin\u0117se rinkose. Visada laikom\u0117s puikios kokyb\u0117s principo, remdamiesi tiksliosios gamybos dirbtuvi\u0173 industrializacijos gamybos valdymo strategija, nuolat tobulindami technologijas ir gamybos efektyvum\u0105. \u012ediegdami pa\u017eangi\u0105 skaitmenin\u0119 gamybos \u012frang\u0105 ir profesionalias testavimo sistemas, nuolat optimizuojame gamybos platform\u0105, tobuliname gamini\u0173 kokyb\u0117s kontrol\u0117s procesus ir turime stiprias inovacines galimybes. M\u016bs\u0173 tikslas \u2013 patenkinti \u012fvairius klient\u0173 poreikius, vadovaujantis efektyvumo, tikslumo ir auk\u0161tos kokyb\u0117s principais.<\/p>\n<h2>\u012emon\u0117s profilis<\/h2>\n<ul>\n<li>\n<h3>Profesionalumas<\/h3>\n<p>M\u016bs\u0173 komand\u0105 sudaro patyr\u0119 in\u017einieriai ir technikai, turintys didel\u0119 patirt\u012f ir profesinius \u012fg\u016bd\u017eius.<\/p>\n<\/li>\n<li>\n<h3>Tarptautinis sertifikavimas<\/h3>\n<p>M\u016bs\u0173 produktai yra sertifikuoti pagal tarptautines kokyb\u0117s vadybos sistemas, tokias kaip ISO ir CE.<\/p>\n<\/li>\n<li>\n<h3>Pritaikymo paslaugos<\/h3>\n<p>Teikiame pritaikymo paslaugas, kad patenkintume konkre\u010dius klient\u0173 poreikius.<\/p>\n<\/li>\n<li>\n<h3>Gamybos \u012franga<\/h3>\n<p>Turime pa\u017eangi\u0105 skaitmenin\u0119 gamybos \u012frang\u0105 ir profesionalias testavimo sistemas, kad u\u017etikrintume gamini\u0173 kokyb\u0119.<\/p>\n<\/li>\n<li>\n<h3>Aptarnavimas po pardavimo<\/h3>\n<p>Siekdami u\u017etikrinti klient\u0173 pasitenkinim\u0105, teikiame i\u0161samias garantinio aptarnavimo ir technines paslaugas.<\/p>\n<\/li>\n<\/ul>\n<p><img decoding=\"async\" src=\"https:\/\/www.hydraulic-cylinders.net\/wp-content\/uploads\/2025\/01\/songte-company-4.webp\" alt=\"\u012emon\u0117s profilis\"><br \/>\n<img decoding=\"async\" src=\"https:\/\/www.hydraulic-cylinders.net\/wp-content\/uploads\/2025\/01\/songte-company-3.webp\" alt=\"\u012emon\u0117s profilis\"><\/p>\n<p>Autorius: lyl<\/p>","protected":false},"excerpt":{"rendered":"<p>Arm Cylinder For Hengte Wheel Excavator HTL85-8 Introduction The arm cylinder is a specialized hydraulic cylinder designed to provide linear motion and power for various machinery arms, such as excavators, cranes, and mechanical arms. The arm cylinder plays a critical role in hydraulic systems, allowing for the effective movement and control of additional tools or [&hellip;]<\/p>","protected":false},"featured_media":14779,"comment_status":"open","ping_status":"closed","template":"","meta":{"_et_pb_use_builder":"","_et_pb_old_content":"","_et_gb_content_width":""},"product_brand":[],"product_cat":[1497],"product_tag":[1498,1496],"class_list":{"0":"post-16920","1":"product","2":"type-product","3":"status-publish","4":"has-post-thumbnail","6":"product_cat-arm-cylinders","7":"product_tag-arm-cylinders","8":"product_tag-hydraulic-cylinders","10":"first","11":"instock","12":"shipping-taxable","13":"product-type-simple"},"amp_enabled":true,"_links":{"self":[{"href":"https:\/\/www.hydraulic-cylinders.net\/lt\/wp-json\/wp\/v2\/product\/16920","targetHints":{"allow":["GET"]}}],"collection":[{"href":"https:\/\/www.hydraulic-cylinders.net\/lt\/wp-json\/wp\/v2\/product"}],"about":[{"href":"https:\/\/www.hydraulic-cylinders.net\/lt\/wp-json\/wp\/v2\/types\/product"}],"replies":[{"embeddable":true,"href":"https:\/\/www.hydraulic-cylinders.net\/lt\/wp-json\/wp\/v2\/comments?post=16920"}],"wp:featuredmedia":[{"embeddable":true,"href":"https:\/\/www.hydraulic-cylinders.net\/lt\/wp-json\/wp\/v2\/media\/14779"}],"wp:attachment":[{"href":"https:\/\/www.hydraulic-cylinders.net\/lt\/wp-json\/wp\/v2\/media?parent=16920"}],"wp:term":[{"taxonomy":"product_brand","embeddable":true,"href":"https:\/\/www.hydraulic-cylinders.net\/lt\/wp-json\/wp\/v2\/product_brand?post=16920"},{"taxonomy":"product_cat","embeddable":true,"href":"https:\/\/www.hydraulic-cylinders.net\/lt\/wp-json\/wp\/v2\/product_cat?post=16920"},{"taxonomy":"product_tag","embeddable":true,"href":"https:\/\/www.hydraulic-cylinders.net\/lt\/wp-json\/wp\/v2\/product_tag?post=16920"}],"curies":[{"name":"wp","href":"https:\/\/api.w.org\/{rel}","templated":true}]}}