{"id":16921,"date":"2025-01-21T06:12:59","date_gmt":"2025-01-21T06:12:59","guid":{"rendered":"https:\/\/www.hydraulic-cylinders.net\/product\/arm-cylinder-for-hengte-wheel-excavator-htl90\/"},"modified":"2025-01-21T06:13:06","modified_gmt":"2025-01-21T06:13:06","slug":"arm-cylinder-for-hengte-wheel-excavator-htl90","status":"publish","type":"product","link":"https:\/\/www.hydraulic-cylinders.net\/lt\/produktas\/arm-cylinder-for-hengte-wheel-excavator-htl90\/","title":{"rendered":"Hengte ratinio ekskavatoriaus HTL90 rankos cilindras"},"content":{"rendered":"<h2>\u012evadas<\/h2>\n<h3>Hengte ratinio ekskavatoriaus HTL90 rankos cilindras<\/h3>\n<p>Svirties cilindras yra specialiai suprojektuotas hidraulinis cilindras, kuris pirmiausia naudojamas linijiniam jud\u0117jimui ir galiai u\u017etikrinti \u012fvairi\u0173 ma\u0161in\u0173, toki\u0173 kaip ekskavatoriai, kranai ir mechanin\u0117s svirtys, svirtims. Svirties cilindras atlieka labai svarb\u0173 vaidmen\u012f hidraulin\u0117je sistemoje, leisdamas papildomiems \u012frankiams ar priedams jud\u0117ti ir b\u016bti efektyviai valdomiems. \u0160ie cilindrai ne tik u\u017etikrina skland\u0173 jud\u0117jim\u0105, bet ir atlaiko dideles apkrovas, u\u017etikrindami efektyv\u0173 ma\u0161in\u0173 veikim\u0105 ir patikimum\u0105 \u012fvairiomis darbo s\u0105lygomis.<\/p>\n<p><img decoding=\"async\" src=\"https:\/\/www.hydraulic-cylinders.net\/wp-content\/uploads\/2025\/01\/songte-company-2.webp\" alt=\"Svirties cilindras\"><\/p>\n<h2>Savyb\u0117s<\/h2>\n<h3>Efektyvus energijos perdavimas<\/h3>\n<p>Svirties cilindras u\u017etikrina galing\u0105 tiesin\u012f judes\u012f ir j\u0117g\u0105, u\u017etikrindamas auk\u0161t\u0105 efektyvum\u0105 atliekant \u012fvairias mechanin\u0117s svirties operacijas.<\/p>\n<h3>Tikslus valdymas<\/h3>\n<p>Hidraulin\u0117s sistemos d\u0117ka rankos cilindras gali tiksliai valdyti judes\u012f, tod\u0117l papildom\u0173 \u012franki\u0173 valdymas tampa lankstesnis ir tikslesnis.<\/p>\n<h3>Stiprus patvarumas<\/h3>\n<p>Svirtiniai cilindrai paprastai gaminami i\u0161 didelio stiprumo med\u017eiag\u0173, kurios pasi\u017eymi geru atsparumu dilimui ir korozijai, tod\u0117l tinka ilgalaikiam naudojimui at\u0161iauriomis s\u0105lygomis.<\/p>\n<h3>Daugiafunkcinis prisitaikymas<\/h3>\n<p>\u0160ie cilindrai gali b\u016bti pla\u010diai naudojami \u012fvairiuose mechaniniuose \u012frenginiuose, tokiuose kaip ekskavatoriai, kranai ir mechanin\u0117s svirtys, pritaikant juos skirtingiems darbo poreikiams.<\/p>\n<h3>Lengva prie\u017ei\u016bra<\/h3>\n<p>Projektuojant atsi\u017evelgiama \u012f prie\u017ei\u016bros ir keitimo paprastum\u0105, tod\u0117l reguliari ap\u017ei\u016bra ir prie\u017ei\u016bra yra patogesn\u0117, o \u012frangos prastovos laikas sutrump\u0117ja.<\/p>\n<p><img decoding=\"async\" src=\"https:\/\/www.hydraulic-cylinders.net\/wp-content\/uploads\/2025\/01\/songte-oil-pipes-and-spare-parts.webp\" alt=\"Svirties cilindras\"><\/p>\n<h2>Parai\u0161kos<\/h2>\n<p>Svirtiniai cilindrai naudojami \u012fvairiose pramon\u0117s \u0161akose ir ma\u0161inose, \u012fskaitant:<\/p>\n<h3>Statybos in\u017einerija<\/h3>\n<p>Ekskavatoriuose ir kranuose pe\u010di\u0173 cilindrai naudojami kau\u0161o arba str\u0117l\u0117s jud\u0117jimui valdyti atliekant \u017eem\u0117s darbus, med\u017eiag\u0173 tvarkym\u0105 ir konstrukcij\u0173 montavim\u0105.<\/p>\n<h3>Gamyba<\/h3>\n<p>Automatizuotose gamybos linijose ranken\u0173 cilindrai naudojami mechaninei rankenai judinti surinkimo, suvirinimo ir tvarkymo procesuose, taip pagerinant gamybos efektyvum\u0105 ir tikslum\u0105.<\/p>\n<h3>\u017dem\u0117s \u016bkio technika<\/h3>\n<p>\u017dem\u0117s \u016bkio technikose, tokiose kaip derliaus nu\u0117mimo ma\u0161inos ir sodinamosios, svirties cilindrai valdo valdymo svirties judes\u012f, kad atlikt\u0173 tokias u\u017eduotis kaip s\u0117ja, tr\u0119\u0161imas ir derliaus nu\u0117mimas.<\/p>\n<h3>Kasyba<\/h3>\n<p>Kasybos \u012frangoje svirties cilindrai naudojami r\u016bdos kasybos ir transportavimo \u012frangos svirties jud\u0117jimui valdyti.<\/p>\n<h3>Logistika ir transportas<\/h3>\n<p>\u0160akiniuose krautuvuose ir krovini\u0173 krovimo robotuose svirties cilindrai naudojami \u0161ak\u0117s k\u0117limui ir jud\u0117jimui valdyti, taip u\u017etikrinant med\u017eiag\u0173 tvarkym\u0105 ir krovim\u0105.<\/p>\n<p><img decoding=\"async\" src=\"https:\/\/www.hydraulic-cylinders.net\/wp-content\/uploads\/2025\/01\/songte-chushion-collar.webp\" alt=\"Svirties cilindras\"><\/p>\n<h2>Projektavimo aspektai ir atrankos standartai<\/h2>\n<p>Svirtiniai cilindrai turi atlaikyti tam tikr\u0105 apkrov\u0105, b\u016bti gerai sandar\u016bs, patvar\u016bs, saug\u016bs ir lengvai pri\u017ei\u016brimi. Svarbiausi punktai yra \u0161ie:<\/p>\n<h3>Keliamoji galia<\/h3>\n<p>Svirtini\u0173 cilindr\u0173 dyd\u017eiai tur\u0117t\u0173 b\u016bti parenkami atsi\u017evelgiant \u012f keliamo krovinio svor\u012f, krovinio form\u0105 ir dyd\u012f bei darbo aplink\u0105.<\/p>\n<h3>Sandarinimas<\/h3>\n<p>Reik\u0117t\u0173 naudoti \u012fvairius sandarinimo komponentus, tokius kaip st\u016bmokli\u0173 ir kot\u0173 sandarikliai. Sandarinimo komponent\u0173 parinkimas tur\u0117t\u0173 atsi\u017evelgti \u012f darbin\u012f sl\u0117g\u012f, darbin\u0119 temperat\u016br\u0105 ir suderinamum\u0105 su hidrauline alyva.<\/p>\n<h3>Patvarumas<\/h3>\n<p>Cilindro korpusas, st\u016bmoklio kotas ir galinis dangtelis turi b\u016bti pagaminti i\u0161 didelio stiprumo med\u017eiag\u0173. Pavir\u0161ius turi b\u016bti kruop\u0161\u010diai apdirbtas, kad b\u016bt\u0173 pagerintas atsparumas dilimui ir korozijai.<\/p>\n<h3>Saugumas<\/h3>\n<p>Projektuojant reik\u0117t\u0173 atsi\u017evelgti \u012f saugos veiksnius, tokius kaip apsauga nuo perkrov\u0173 ir avarinio stabdymo \u012ftaisai, siekiant u\u017etikrinti personalo ir \u012frangos saug\u0105.<\/p>\n<h3>Prie\u017ei\u016bra<\/h3>\n<p>Projektuojant reik\u0117t\u0173 atsi\u017evelgti \u012f prie\u017ei\u016bros paprastum\u0105, pavyzd\u017eiui, lengv\u0105 sandarinimo komponent\u0173 i\u0161ardym\u0105 ir keitim\u0105, taip pat lengv\u0105 prieig\u0105 prie alyvos filtr\u0173 ir kit\u0173 komponent\u0173.<\/p>\n<p><img decoding=\"async\" src=\"https:\/\/www.hydraulic-cylinders.net\/wp-content\/uploads\/2025\/01\/songte-cylinder-head-with-all-kinds-excavator-models.webp\" alt=\"Svirties cilindras\"><\/p>\n<h2>Sandarinimas ir tepimas<\/h2>\n<p>Reik\u0117t\u0173 naudoti \u012fvairius sandarinimo komponentus, tokius kaip st\u016bmokli\u0173 ir kot\u0173 sandarikliai. Sandarinimo komponent\u0173 pasirinkimas tur\u0117t\u0173 atsi\u017evelgti \u012f darbin\u012f sl\u0117g\u012f, darbin\u0119 temperat\u016br\u0105 ir suderinamum\u0105 su hidrauline alyva. Cilindro korpusas ir sriegio galo pavir\u0161ius tur\u0117t\u0173 b\u016bti kruop\u0161\u010diai apdirbti, kad b\u016bt\u0173 padidintas atsparumas dilimui. Reguliariai \u012fpilkite reikiam\u0105 kiek\u012f hidraulin\u0117s alyvos tepimui.<\/p>\n<h2>Prie\u017ei\u016bra ir remontas<\/h2>\n<p>Reik\u0117t\u0173 atlikti reguliarius patikrinimus ir imtis prevencini\u0173 prie\u017ei\u016bros priemoni\u0173, kad b\u016bt\u0173 suma\u017eintos galimos problemos. \u0160ios priemon\u0117s apima:<\/p>\n<h3>Ap\u017ei\u016bra<\/h3>\n<p>Reguliariai tikrinkite hidraulin\u0117s alyvos lyg\u012f, alyvos kokyb\u0119, sandarum\u0105 ir st\u016bmoklio koto susid\u0117v\u0117jim\u0105.<\/p>\n<h3>Valymas<\/h3>\n<p>Reguliariai valykite cilindro korpus\u0105 ir st\u016bmoklio kot\u0105, kad \u012f cilindr\u0105 nepatekt\u0173 dulki\u0173 ir priemai\u0161\u0173.<\/p>\n<h3>Remontas<\/h3>\n<p>Laiku keiskite sandarinimo komponentus, suremontuokite arba pakeiskite pa\u017eeist\u0105 cilindro korpus\u0105 arba st\u016bmoklio kot\u0105 ir reguliariai keiskite hidraulin\u0119 alyv\u0105.<\/p>\n<p><img decoding=\"async\" src=\"https:\/\/www.hydraulic-cylinders.net\/wp-content\/uploads\/2025\/01\/songte-bushings-with-all-kinds-of-excavator-models.webp\" alt=\"Svirties cilindras\"><\/p>\n<h2>Diegimo vadovas<\/h2>\n<p>Prie\u0161 montuodami patikrinkite cilindr\u0105 ir priedus, ar jie nepa\u017eeisti ir ar jie suderinami. Sumontuokite cilindr\u0105 pagal montavimo instrukcijas ir hidraulin\u0117s sistemos reikalavimus. Po montavimo atlikite sl\u0117gio bandym\u0105, kad patikrintum\u0117te cilindro sandarum\u0105 ir stabilum\u0105.<\/p>\n<h2>Saugos aspektai ir aplinkos veiksniai<\/h2>\n<p>Siekiant u\u017etikrinti personalo ir \u012frangos saug\u0105, tur\u0117t\u0173 b\u016bti numatytos saugos priemon\u0117s, tokios kaip apsauga nuo perkrovos ir avarinis stabdymas. Siekiant u\u017etikrinti stabil\u0173 cilindro veikim\u0105, reik\u0117t\u0173 atsi\u017evelgti \u012f aplinkos veiksnius, tokius kaip temperat\u016bra ir dr\u0117gm\u0117.<\/p>\n<h2>Gedim\u0173 diagnostika ir da\u017eniausios problemos<\/h2>\n<p>Da\u017eniausios svirtini\u0173 cilindr\u0173 problemos yra nuot\u0117kis, nepakankama j\u0117ga ir ne\u012fprastas triuk\u0161mas. Prie\u017eastys ir sprendimai yra \u0161ie:<\/p>\n<h3>Nuot\u0117kis<\/h3>\n<p>Sandarikliai pa\u017eeisti arba neteisingai sumontuoti. Pakeiskite sandariklius arba tinkamai juos sumontuokite i\u0161 naujo.<\/p>\n<h3>Nepakankama j\u0117ga<\/h3>\n<p>Hidraulin\u0117 sistema veikia netinkamai arba cilindras susid\u0117v\u0117j\u0119s. Patikrinkite ir suremontuokite hidraulin\u0119 sistem\u0105 arba pakeiskite cilindr\u0105.<\/p>\n<h3>Nenormalus triuk\u0161mas<\/h3>\n<p>Cilindras n\u0117ra gerai suteptas arba pa\u017eeistas. \u012epilkite tepimo alyvos arba pakeiskite pa\u017eeistas dalis.<\/p>\n<p><img decoding=\"async\" src=\"https:\/\/www.hydraulic-cylinders.net\/wp-content\/uploads\/2025\/01\/songte-company-4.webp\" alt=\"Svirties cilindras\"><br \/>\n<img decoding=\"async\" src=\"https:\/\/www.hydraulic-cylinders.net\/wp-content\/uploads\/2025\/01\/songte-company-3.webp\" alt=\"Svirties cilindras\"><\/p>\n<h2>Apie mus<\/h2>\n<p>Esame profesionalus pakaitini\u0173 hidraulini\u0173 cilindr\u0173 gamintojas, teikiantis plat\u0173 produkt\u0173 ir paslaug\u0173 asortiment\u0105. Tapome vienu i\u0161 pirmaujan\u010di\u0173 hidraulini\u0173 cilindr\u0173 gamintoj\u0173 ir didmenini\u0173 platintoj\u0173 vidaus ir tarptautin\u0117se rinkose. Visada laikom\u0117s puikios kokyb\u0117s principo ir remiam\u0117s industrializuota gamybos valdymo strategija, sukurta puikios gamybos dirbtuv\u0117se, kad nuolat tobulintume savo technin\u012f lyg\u012f ir gamybos efektyvum\u0105. \u012ediegdami pa\u017eangi\u0105 skaitmenin\u0119 gamybos \u012frang\u0105 ir profesionalias testavimo sistemas, nuolat optimizuojame savo gamybos platform\u0105, tobuliname gamini\u0173 kokyb\u0117s kontrol\u0117s procesus ir turime stiprias inovacij\u0173 galimybes. M\u016bs\u0173 tikslas \u2013 patenkinti \u012fvairius klient\u0173 poreikius, taikant didelio efektyvumo, tikslumo ir auk\u0161tos kokyb\u0117s principus.<\/p>\n<p>Savo klientams si\u016blome profesionalias paslaugas, tarptautin\u012f sertifikavim\u0105, individualiai pritaikytas paslaugas, gamybos \u012frang\u0105 ir garantin\u012f aptarnavim\u0105.<\/p>\n<p><img decoding=\"async\" src=\"https:\/\/www.hydraulic-cylinders.net\/wp-content\/uploads\/2025\/01\/songte-company-4.webp\" alt=\"Svirties cilindras\"><br \/>\n<img decoding=\"async\" src=\"https:\/\/www.hydraulic-cylinders.net\/wp-content\/uploads\/2025\/01\/songte-company-3.webp\" alt=\"Svirties cilindras\"><\/p>\n<p>Autorius: lyl<\/p>","protected":false},"excerpt":{"rendered":"<p>Introduction Arm Cylinder for Hengte Wheel Excavator HTL90 Arm cylinder is a specially designed hydraulic cylinder that is primarily used to provide linear motion and power to the arms of various kinds of machinery, such as excavators, cranes, and mechanical arms. The arm cylinder plays a crucial role in the hydraulic system, allowing additional tools [&hellip;]<\/p>","protected":false},"featured_media":14777,"comment_status":"open","ping_status":"closed","template":"","meta":{"_et_pb_use_builder":"","_et_pb_old_content":"","_et_gb_content_width":""},"product_brand":[],"product_cat":[1497],"product_tag":[1498,1496],"class_list":{"0":"post-16921","1":"product","2":"type-product","3":"status-publish","4":"has-post-thumbnail","6":"product_cat-arm-cylinders","7":"product_tag-arm-cylinders","8":"product_tag-hydraulic-cylinders","10":"first","11":"instock","12":"shipping-taxable","13":"product-type-simple"},"amp_enabled":true,"_links":{"self":[{"href":"https:\/\/www.hydraulic-cylinders.net\/lt\/wp-json\/wp\/v2\/product\/16921","targetHints":{"allow":["GET"]}}],"collection":[{"href":"https:\/\/www.hydraulic-cylinders.net\/lt\/wp-json\/wp\/v2\/product"}],"about":[{"href":"https:\/\/www.hydraulic-cylinders.net\/lt\/wp-json\/wp\/v2\/types\/product"}],"replies":[{"embeddable":true,"href":"https:\/\/www.hydraulic-cylinders.net\/lt\/wp-json\/wp\/v2\/comments?post=16921"}],"wp:featuredmedia":[{"embeddable":true,"href":"https:\/\/www.hydraulic-cylinders.net\/lt\/wp-json\/wp\/v2\/media\/14777"}],"wp:attachment":[{"href":"https:\/\/www.hydraulic-cylinders.net\/lt\/wp-json\/wp\/v2\/media?parent=16921"}],"wp:term":[{"taxonomy":"product_brand","embeddable":true,"href":"https:\/\/www.hydraulic-cylinders.net\/lt\/wp-json\/wp\/v2\/product_brand?post=16921"},{"taxonomy":"product_cat","embeddable":true,"href":"https:\/\/www.hydraulic-cylinders.net\/lt\/wp-json\/wp\/v2\/product_cat?post=16921"},{"taxonomy":"product_tag","embeddable":true,"href":"https:\/\/www.hydraulic-cylinders.net\/lt\/wp-json\/wp\/v2\/product_tag?post=16921"}],"curies":[{"name":"wp","href":"https:\/\/api.w.org\/{rel}","templated":true}]}}