{"id":16928,"date":"2025-01-21T06:13:31","date_gmt":"2025-01-21T06:13:31","guid":{"rendered":"https:\/\/www.hydraulic-cylinders.net\/product\/arm-cylinder-for-yigong-cy860\/"},"modified":"2025-01-21T06:13:32","modified_gmt":"2025-01-21T06:13:32","slug":"arm-cylinder-for-yigong-cy860","status":"publish","type":"product","link":"https:\/\/www.hydraulic-cylinders.net\/lt\/produktas\/arm-cylinder-for-yigong-cy860\/","title":{"rendered":"Yigong CY860 rankos cilindras"},"content":{"rendered":"<h1>Yigong CY860 rankos cilindras<\/h1>\n<h2>\u012evadas<\/h2>\n<p>Svirties cilindras, dar \u017einomas kaip hidraulinis cilindras, yra specialiai sukurtas komponentas, u\u017etikrinantis tiesin\u012f jud\u0117jim\u0105 ir gali\u0105 \u012fvairi\u0173 tip\u0173 ma\u0161in\u0173, toki\u0173 kaip ekskavatoriai, kranai ir robotin\u0117s rankos, svir\u010diai. Jis atlieka labai svarb\u0173 vaidmen\u012f hidraulin\u0117se sistemose, nes leid\u017eia efektyviai jud\u0117ti ir valdyti papildomus \u012frankius ar priedus. \u0160ie cilindrai ne tik u\u017etikrina skland\u0173 jud\u0117jim\u0105, bet ir atlaiko dideles apkrovas, u\u017etikrindami auk\u0161t\u0105 ma\u0161inos veikimo efektyvum\u0105 ir patikimum\u0105 \u012fvairiomis darbo s\u0105lygomis.<\/p>\n<p><img decoding=\"async\" src=\"https:\/\/www.hydraulic-cylinders.net\/wp-content\/uploads\/2025\/01\/songte-company-2.webp\"><\/p>\n<h2>Savyb\u0117s<\/h2>\n<ul>\n<li><strong>Didelio efektyvumo transmisija:<\/strong> Svirties cilindras u\u017etikrina galing\u0105 tiesin\u012f judes\u012f ir j\u0117g\u0105, u\u017etikrindamas auk\u0161t\u0105 mechanin\u0117s svirties na\u0161um\u0105 atliekant \u012fvairias operacijas.<\/li>\n<li><strong>Tikslus valdymas:<\/strong> Hidraulin\u0117s sistemos d\u0117ka svirties cilindras u\u017etikrina tiksl\u0173 judesio valdym\u0105, tod\u0117l pritvirtint\u0173 \u012franki\u0173 valdymas yra lankstesnis ir tikslesnis.<\/li>\n<li><strong>Patvarumas:<\/strong> Svirtiniai cilindrai paprastai gaminami i\u0161 didelio stiprumo med\u017eiag\u0173, kurios pasi\u017eymi puikiu atsparumu dilimui ir korozijai, tod\u0117l tinka ilgalaikiam naudojimui at\u0161iauriomis s\u0105lygomis.<\/li>\n<li><strong>Daugiafunkcinis prisitaikymas:<\/strong> \u0160ie cilindrai yra pla\u010diai pritaikomi \u012fvairi\u0173 tip\u0173 ma\u0161inoms, tokioms kaip ekskavatoriai, kranai ir robotin\u0117s rankos, atitinkan\u010dios skirtingus darbo reikalavimus.<\/li>\n<li><strong>Lengva prie\u017ei\u016bra:<\/strong> Projektuojant atsi\u017evelgiama \u012f paprast\u0105 prie\u017ei\u016br\u0105 ir keitim\u0105, tod\u0117l reguliari ap\u017ei\u016bra ir technin\u0117 prie\u017ei\u016bra yra patog\u016bs, tod\u0117l \u012frangos prastovos laikas sutrump\u0117ja.<\/li>\n<\/ul>\n<p><img decoding=\"async\" src=\"https:\/\/www.hydraulic-cylinders.net\/wp-content\/uploads\/2025\/01\/songte-oil-pipes-and-spare-parts.webp\"><\/p>\n<h2>Parai\u0161kos<\/h2>\n<p>Svirtinis cilindras naudojamas \u012fvairiose pramon\u0117s \u0161akose ir scenarijuose:<\/p>\n<ul>\n<li><strong>Statybos in\u017einerija:<\/strong> Ekskavatoriuose ir kranuose peties cilindras valdo kau\u0161o arba str\u0117l\u0117s jud\u0117jim\u0105, palengvindamas \u017eem\u0117s darbus, med\u017eiag\u0173 tvarkym\u0105 ir konstrukcij\u0173 montavim\u0105.<\/li>\n<li><strong>Gamybos pramon\u0117:<\/strong> Automatizuotose gamybos linijose rankos cilindras leid\u017eia robotin\u0117ms rankoms jud\u0117ti surinkimo, suvirinimo ir med\u017eiag\u0173 tvarkymo procesuose, taip padidindamas gamybos efektyvum\u0105 ir tikslum\u0105.<\/li>\n<li><strong>\u017dem\u0117s \u016bkio technika:<\/strong> \u017dem\u0117s \u016bkio \u012frangoje, tokioje kaip derliaus nu\u0117mimo ma\u0161inos ir s\u0117jamosios, svirties cilindras valdo valdymo svir\u010di\u0173 jud\u0117jim\u0105 atliekant tokias u\u017eduotis kaip s\u0117ja, tr\u0119\u0161imas ir derliaus nu\u0117mimas.<\/li>\n<li><strong>Kasyba:<\/strong> Kasybos \u012frangoje svirties cilindras valdo kasybos ma\u0161in\u0173 svirties judesius r\u016bdos gavybai ir transportavimui.<\/li>\n<li><strong>Logistika ir transportas:<\/strong> \u0160akiniuose krautuvuose ir krovini\u0173 krovimo robotuose svirties cilindras valdo \u0161aki\u0173 k\u0117lim\u0105 ir jud\u0117jim\u0105, taip \u012fgalindamas med\u017eiag\u0173 tvarkym\u0105 ir krovim\u0105.<\/li>\n<\/ul>\n<h2>Projektavimo aspektai ir atrankos kriterijai<\/h2>\n<p>Kalbant apie cilindro konstrukcijos konstrukcij\u0105, reik\u0117t\u0173 atsi\u017evelgti \u012f kelis pagrindinius veiksnius:<\/p>\n<ul>\n<li><strong>Keliamoji galia:<\/strong> Svirties cilindro geb\u0117jimas atlaikyti apkrovas yra labai svarbus jo veikimui ir saugumui.<\/li>\n<li><strong>Sandarinimas:<\/strong> Naudojami \u012fvair\u016bs sandarinimo komponentai, tokie kaip st\u016bmokli\u0173 ir kot\u0173 sandarikliai, paprastai pagaminti i\u0161 atspari\u0173 dilimui med\u017eiag\u0173, toki\u0173 kaip poliuretanas arba nitrilo kau\u010diukas. Cilindro korpusas ir sriegio galo pavir\u0161ius yra kruop\u0161\u010diai apdorojami, siekiant padidinti atsparum\u0105 dilimui.<\/li>\n<li><strong>Patvarumas:<\/strong> Svirties cilindras suprojektuotas taip, kad atlaikyt\u0173 numatyt\u0173 pritaikym\u0173 grie\u017etas s\u0105lygas ir patikimai veikt\u0173 ilg\u0105 laik\u0105.<\/li>\n<li><strong>Saugumas:<\/strong> Projektavimo procese labai svarbu atsi\u017evelgti \u012f saugos aspektus, siekiant u\u017etikrinti patikim\u0105 cilindro veikim\u0105 ir i\u0161vengti nelaiming\u0173 atsitikim\u0173.<\/li>\n<li><strong>Prie\u017ei\u016bra:<\/strong> Konstrukcija tur\u0117t\u0173 b\u016bti lengvai pri\u017ei\u016brima ir remontuojama, kad b\u016bt\u0173 kuo ma\u017eiau prastov\u0173 ir u\u017etikrintas efektyvus veikimas.<\/li>\n<\/ul>\n<p><img decoding=\"async\" src=\"https:\/\/www.hydraulic-cylinders.net\/wp-content\/uploads\/2025\/01\/songte-cylinder-head-with-all-kinds-excavator-models.webp\"><\/p>\n<h2>Sandarinimas ir tepimas<\/h2>\n<p>Svirtinis cilindras naudoja \u012fvairius sandarinimo komponentus, kad b\u016bt\u0173 u\u017etikrintas tinkamas veikimas. Tai gali b\u016bti st\u016bmokli\u0173 sandarikliai, stryp\u0173 sandarikliai ir kit\u0173 tip\u0173 sandarikliai, pagaminti i\u0161 atspari\u0173 dilimui med\u017eiag\u0173, toki\u0173 kaip poliuretanas arba nitrilo kau\u010diukas. Cilindro korpusas ir sriegio galo pavir\u0161ius yra kruop\u0161\u010diai apdorojami, siekiant padidinti atsparum\u0105 dilimui. Norint i\u0161laikyti optimal\u0173 na\u0161um\u0105, b\u016btina reguliariai tepti tinkama hidrauline alyva.<\/p>\n<h2>Reguliarus patikrinimas ir prevencin\u0117 prie\u017ei\u016bra<\/h2>\n<p>Norint u\u017etikrinti svirties cilindro ilgaam\u017ei\u0161kum\u0105 ir na\u0161um\u0105, b\u016btina reguliariai j\u012f ap\u017ei\u016br\u0117ti ir atlikti profilaktinius darbus. Reik\u0117t\u0173 imtis \u0161i\u0173 priemoni\u0173:<\/p>\n<ul>\n<li>Patikrinkite cilindr\u0105, ar n\u0117ra nuot\u0117kio, pa\u017eeidim\u0173 ar ne\u012fprasto susid\u0117v\u0117jimo po\u017eymi\u0173.<\/li>\n<li>Patikrinkite ir sureguliuokite cilindro tvirtinim\u0105 ir lygiavim\u0105, kad u\u017etikrintum\u0117te tinkam\u0105 veikim\u0105.<\/li>\n<li>Steb\u0117kite hidraulin\u0119 sistem\u0105, ar joje n\u0117ra ter\u0161al\u0173, ir \u012fsitikinkite, kad hidraulin\u0117s alyvos lygis yra tinkamas.<\/li>\n<li>Laikykit\u0117s gamintojo nurodym\u0173 d\u0117l technin\u0117s prie\u017ei\u016bros interval\u0173 ir proced\u016br\u0173.<\/li>\n<\/ul>\n<h2>Produkto diegimo vadovas<\/h2>\n<p>Tinkamas svirties cilindro montavimas yra labai svarbus jo veikimui ir saugumui. Laikykit\u0117s \u0161i\u0173 nurodym\u0173:<\/p>\n<ul>\n<li>\u012esitikinkite, kad tvirtinimo pavir\u0161iai yra \u0161var\u016bs ir be \u0161iuk\u0161li\u0173.<\/li>\n<li>Tvirtai pritvirtinkite cilindr\u0105 naudodami tinkamus var\u017etus arba tvirtinimo kron\u0161teinus.<\/li>\n<li>\u012esitikinkite, kad hidraulin\u0117s jungtys yra sandarios ir be nuot\u0117ki\u0173.<\/li>\n<li>Visiems sujungimams laikykit\u0117s rekomenduojam\u0173 sukimo moment\u0173 specifikacij\u0173.<\/li>\n<\/ul>\n<p><img decoding=\"async\" src=\"https:\/\/www.hydraulic-cylinders.net\/wp-content\/uploads\/2025\/01\/songte-bushings-with-all-kinds-of-excavator-models.webp\"><\/p>\n<h2>Saugos aspektai ir aplinkos veiksniai<\/h2>\n<p>Naudojant svirtin\u012f cilindr\u0105, labai svarbu teikti pirmenyb\u0119 saugumui. Montuojant, eksploatuojant ir pri\u017ei\u016brint reikia imtis tinkam\u0173 saugos priemoni\u0173. Be to, norint u\u017etikrinti patikim\u0105 cilindro veikim\u0105 ir ilgaam\u017ei\u0161kum\u0105, labai svarbu atsi\u017evelgti \u012f aplinkos veiksnius, tokius kaip temperat\u016bra, dr\u0117gm\u0117 ir galimi pavojai.<\/p>\n<h2>Gedim\u0173 diagnostika ir da\u017eniausios problemos<\/h2>\n<p>Svirties cilindras gali susidurti su \u012fvairiais gedimais arba da\u017enai pasitaikan\u010diomis problemomis. \u0160i\u0173 problem\u0173 supratimas ir diagnozavimas yra labai svarbus norint jas greitai i\u0161spr\u0119sti:<\/p>\n<ul>\n<li><strong>Gedimas:<\/strong> Nuot\u0117kis cilindr\u0173 sandarikliuose. <strong>Sprendimas:<\/strong> Patikrinkite ir pakeiskite susid\u0117v\u0117jusius arba pa\u017eeistus sandariklius.<\/li>\n<li><strong>Gedimas:<\/strong> Nepakanka galios arba l\u0117tas veikimas. <strong>Sprendimas:<\/strong> Patikrinkite, ar n\u0117ra \u017eemo hidraulinio sl\u0117gio, nepakankamo tepimo ir ar nepa\u017eeisti vidiniai komponentai.<\/li>\n<li><strong>Gedimas:<\/strong> Per didelis triuk\u0161mas eksploatacijos metu. <strong>Sprendimas:<\/strong> Patikrinkite, ar n\u0117ra atsilaisvinusi\u0173 jung\u010di\u0173, pa\u017eeist\u0173 guoli\u0173 ar susid\u0117v\u0117jusi\u0173 komponent\u0173.<\/li>\n<li><strong>Gedimas:<\/strong> Cilindro poslinkis arba nekontroliuojamas jud\u0117jimas. <strong>Sprendimas:<\/strong> Patikrinkite, ar n\u0117ra hidraulin\u0117s sistemos problem\u0173, pvz., vo\u017etuv\u0173 gedim\u0173 ar per didelio vidinio nuot\u0117kio.<\/li>\n<\/ul>\n<p>Laikantis auk\u0161\u010diau pateikt\u0173 patarim\u0173 ir taikant tinkamas prevencines priemones, galima suma\u017einti galimas problemas ir optimizuoti svirties cilindro veikim\u0105.<\/p>\n<p><img decoding=\"async\" src=\"https:\/\/www.hydraulic-cylinders.net\/wp-content\/uploads\/2025\/01\/songte-chushion-collar.webp\"><\/p>\n<h2>Apie m\u016bs\u0173 \u012fmon\u0119<\/h2>\n<p>Esame profesionalus pakaitini\u0173 hidraulini\u0173 cilindr\u0173 gamintojas, si\u016blantis plat\u0173 gamini\u0173 asortiment\u0105. Tapome vienu i\u0161 pirmaujan\u010di\u0173 hidraulini\u0173 cilindr\u0173 gamintoj\u0173 ir didmenini\u0173 platintoj\u0173 tiek vidaus, tiek tarptautin\u0117se rinkose. Vadovaudamiesi kokyb\u0117s puikumo principu, nuolat tobuliname savo technologinius paj\u0117gumus ir gamybos efektyvum\u0105, tobulindami gamybos cechus ir industrializuotas gamybos valdymo strategijas. \u012ediegdami pa\u017eangi\u0105 skaitmenin\u0119 gamybos \u012frang\u0105 ir profesionalias testavimo sistemas, optimizuojame savo gamybos platform\u0105 ir tobuliname gamini\u0173 kokyb\u0117s kontrol\u0117s procesus, o tai leid\u017eia mums tiekti novatori\u0161kus ir auk\u0161tos kokyb\u0117s gaminius. M\u016bs\u0173 tikslas \u2013 patenkinti \u012fvairius klient\u0173 poreikius, vadovaujantis efektyvumo, tikslumo ir auk\u0161tos kokyb\u0117s principais.<\/p>\n<p><img decoding=\"async\" src=\"https:\/\/www.hydraulic-cylinders.net\/wp-content\/uploads\/2025\/01\/songte-company-4.webp\"><br \/>\n<img decoding=\"async\" src=\"https:\/\/www.hydraulic-cylinders.net\/wp-content\/uploads\/2025\/01\/songte-company-3.webp\"><\/p>\n<p><em>Autorius: lyl<\/em><\/p>","protected":false},"excerpt":{"rendered":"<p>Arm Cylinder For Yigong CY860 Introduction The arm cylinder, also known as the hydraulic cylinder, is a specially designed component that provides linear motion and power to the arm of various types of machinery such as excavators, cranes, and robotic arms. It plays a crucial role in hydraulic systems, enabling the efficient movement and control [&hellip;]<\/p>","protected":false},"featured_media":14786,"comment_status":"open","ping_status":"closed","template":"","meta":{"_et_pb_use_builder":"","_et_pb_old_content":"","_et_gb_content_width":""},"product_brand":[],"product_cat":[1497],"product_tag":[1498,1496],"class_list":{"0":"post-16928","1":"product","2":"type-product","3":"status-publish","4":"has-post-thumbnail","6":"product_cat-arm-cylinders","7":"product_tag-arm-cylinders","8":"product_tag-hydraulic-cylinders","10":"first","11":"instock","12":"shipping-taxable","13":"product-type-simple"},"amp_enabled":true,"_links":{"self":[{"href":"https:\/\/www.hydraulic-cylinders.net\/lt\/wp-json\/wp\/v2\/product\/16928","targetHints":{"allow":["GET"]}}],"collection":[{"href":"https:\/\/www.hydraulic-cylinders.net\/lt\/wp-json\/wp\/v2\/product"}],"about":[{"href":"https:\/\/www.hydraulic-cylinders.net\/lt\/wp-json\/wp\/v2\/types\/product"}],"replies":[{"embeddable":true,"href":"https:\/\/www.hydraulic-cylinders.net\/lt\/wp-json\/wp\/v2\/comments?post=16928"}],"wp:featuredmedia":[{"embeddable":true,"href":"https:\/\/www.hydraulic-cylinders.net\/lt\/wp-json\/wp\/v2\/media\/14786"}],"wp:attachment":[{"href":"https:\/\/www.hydraulic-cylinders.net\/lt\/wp-json\/wp\/v2\/media?parent=16928"}],"wp:term":[{"taxonomy":"product_brand","embeddable":true,"href":"https:\/\/www.hydraulic-cylinders.net\/lt\/wp-json\/wp\/v2\/product_brand?post=16928"},{"taxonomy":"product_cat","embeddable":true,"href":"https:\/\/www.hydraulic-cylinders.net\/lt\/wp-json\/wp\/v2\/product_cat?post=16928"},{"taxonomy":"product_tag","embeddable":true,"href":"https:\/\/www.hydraulic-cylinders.net\/lt\/wp-json\/wp\/v2\/product_tag?post=16928"}],"curies":[{"name":"wp","href":"https:\/\/api.w.org\/{rel}","templated":true}]}}