{"id":16933,"date":"2025-01-21T06:13:50","date_gmt":"2025-01-21T06:13:50","guid":{"rendered":"https:\/\/www.hydraulic-cylinders.net\/product\/arm-cylinder-for-xiniu-xn63180\/"},"modified":"2025-01-21T06:13:52","modified_gmt":"2025-01-21T06:13:52","slug":"arm-cylinder-for-xiniu-xn63180","status":"publish","type":"product","link":"https:\/\/www.hydraulic-cylinders.net\/lt\/produktas\/arm-cylinder-for-xiniu-xn63180\/","title":{"rendered":"Rankenos cilindras, skirtas Xiniu XN63180"},"content":{"rendered":"<h1>Rankenos cilindras, skirtas Xiniu XN63180<\/h1>\n<h2>Apibr\u0117\u017eimas ir paai\u0161kinimas<\/h2>\n<p>\u201eXiniu XN63180\u201c svirties cilindras yra specialiai sukurtas hidraulinis cilindras, u\u017etikrinantis tiesin\u012f judes\u012f ir gali\u0105 \u012fvairi\u0173 tip\u0173 ma\u0161in\u0173, toki\u0173 kaip ekskavatoriai, kranai ir robotin\u0117s svirtys, svirtims. Svirties cilindras atlieka labai svarb\u0173 vaidmen\u012f hidraulin\u0117se sistemose, nes leid\u017eia efektyviai jud\u0117ti ir valdyti pritvirtintus \u012frankius ar priedus. \u0160ie cilindrai ne tik u\u017etikrina skland\u0173 jud\u0117jim\u0105, bet ir atlaiko dideles apkrovas, u\u017etikrindami auk\u0161t\u0105 ma\u0161inos veikimo efektyvum\u0105 ir patikimum\u0105 \u012fvairiomis darbo s\u0105lygomis.<\/p>\n<p><img decoding=\"async\" src=\"https:\/\/www.hydraulic-cylinders.net\/wp-content\/uploads\/2025\/01\/songte-company-2.webp\" alt=\"Svirties cilindro vaizdas\"><\/p>\n<h2>Savyb\u0117s<\/h2>\n<ul>\n<li><strong>Didelio efektyvumo transmisija:<\/strong> Svirties cilindras u\u017etikrina galing\u0105 tiesin\u012f judes\u012f ir j\u0117g\u0105, u\u017etikrindamas didel\u012f robotin\u0117s rankos na\u0161um\u0105 atliekant \u012fvairias operacijas.<\/li>\n<li><strong>Tikslus valdymas:<\/strong> Hidraulin\u0117s sistemos d\u0117ka svirties cilindras leid\u017eia tiksliai valdyti judes\u012f, padidindamas \u012frankio veikimo lankstum\u0105 ir tikslum\u0105.<\/li>\n<li><strong>Patvarumas:<\/strong> Svirtiniai cilindrai paprastai gaminami i\u0161 didelio stiprumo med\u017eiag\u0173, kurios pasi\u017eymi puikiu atsparumu dilimui ir korozijai, tod\u0117l tinka ilgalaikiam naudojimui at\u0161iauriomis s\u0105lygomis.<\/li>\n<li><strong>Daugiafunkcionalumas ir pritaikomumas:<\/strong> \u0160ie cilindrai yra pla\u010diai naudojami \u012fvairiose ma\u0161inose, \u012fskaitant ekskavatorius, kranus ir robotines rankas, tod\u0117l jie tinka \u012fvairiems darbo reikalavimams.<\/li>\n<li><strong>Lengva prie\u017ei\u016bra:<\/strong> Projektuojant buvo atsi\u017evelgta \u012f prie\u017ei\u016bros ir keitimo paprastum\u0105, kad reguliarios patikros ir technin\u0117 prie\u017ei\u016bra b\u016bt\u0173 patogesn\u0117s, o \u012frangos prastovos laikas sutrump\u0117t\u0173.<\/li>\n<\/ul>\n<p><img decoding=\"async\" src=\"https:\/\/www.hydraulic-cylinders.net\/wp-content\/uploads\/2025\/01\/songte-oil-pipes-and-spare-parts.webp\" alt=\"Cilindro atsargini\u0173 dali\u0173 vaizdas\"><\/p>\n<h2>Parai\u0161kos<\/h2>\n<p>\u201eXiniu XN63180\u201c svirties cilindras turi \u012fvairi\u0173 pritaikym\u0173 \u012fvairiose pramon\u0117s \u0161akose:<\/p>\n<ul>\n<li><strong>Statybos in\u017einerija:<\/strong> Ekskavatoriuose ir kranuose svirties cilindras naudojamas kau\u0161\u0173 arba str\u0117li\u0173 jud\u0117jimui valdyti atliekant \u017eem\u0117s darbus, med\u017eiag\u0173 tvarkym\u0105 ir konstrukcij\u0173 montavim\u0105.<\/li>\n<li><strong>Gamybos pramon\u0117:<\/strong> Automatizuotose gamybos linijose rankos cilindras palengvina robotini\u0173 rank\u0173 jud\u0117jim\u0105 tokiuose procesuose kaip surinkimas, suvirinimas ir med\u017eiag\u0173 tvarkymas, taip pagerindamas gamybos efektyvum\u0105 ir tikslum\u0105.<\/li>\n<li><strong>\u017dem\u0117s \u016bkio technika:<\/strong> \u017dem\u0117s \u016bkio \u012frangoje, tokioje kaip derliaus nu\u0117mimo ma\u0161inos ir s\u0117jamosios, svirties cilindras valdo valdymo svir\u010di\u0173 jud\u0117jim\u0105 atliekant tokias u\u017eduotis kaip sodinimas, tr\u0119\u0161imas ir derliaus nu\u0117mimas.<\/li>\n<li><strong>Kasyba:<\/strong> Kasybos \u012frangoje svirties cilindras naudojamas kasybos ma\u0161in\u0173 svirties jud\u0117jimui valdyti r\u016bdos gavybai ir transportavimui.<\/li>\n<li><strong>Logistika ir transportas:<\/strong> \u0160akiniuose krautuvuose ir krovini\u0173 krovimo robotuose svirties cilindras valdo \u0161aki\u0173 k\u0117lim\u0105 ir jud\u0117jim\u0105, taip leisdamas tvarkyti ir krauti med\u017eiagas.<\/li>\n<\/ul>\n<h2>Projektavimo aspektai ir atrankos kriterijai<\/h2>\n<p>Projektuojant \u201eXiniu XN63180\u201c svirties cilindr\u0105, atsi\u017evelgiama \u012f kelis veiksnius:<\/p>\n<ul>\n<li><strong>Apkrovos paj\u0117gumas:<\/strong> Cilindras yra suprojektuotas taip, kad atlaikyt\u0173 nurodytus apkrovos reikalavimus.<\/li>\n<li><strong>Sandarinimas:<\/strong> \u012evair\u016bs sandarinimo komponentai, tokie kaip st\u016bmokli\u0173 ir kot\u0173 sandarikliai, pagaminti i\u0161 atspari\u0173 dilimui med\u017eiag\u0173, toki\u0173 kaip poliuretanas ir nitrilo kau\u010diukas, u\u017etikrina efektyv\u0173 sandarinim\u0105.<\/li>\n<li><strong>Patvarumas:<\/strong> Cilindro korpusas ir srieginiai galai yra kruop\u0161\u010diai apdoroti, kad padid\u0117t\u0173 atsparumas dilimui.<\/li>\n<li><strong>Saugumas:<\/strong> Siekiant u\u017etikrinti saug\u0173 veikim\u0105, \u012fdiegtos saugos funkcijos.<\/li>\n<li><strong>Prie\u017ei\u016bra:<\/strong> \u0160i konstrukcija leid\u017eia lengvai pri\u017ei\u016br\u0117ti ir pakeisti, taip suma\u017einant prastov\u0173 laik\u0105.<\/li>\n<\/ul>\n<p><img decoding=\"async\" src=\"https:\/\/www.hydraulic-cylinders.net\/wp-content\/uploads\/2025\/01\/songte-cylinder-head-with-all-kinds-excavator-models.webp\" alt=\"Cilindro galvut\u0117s vaizdas\"><\/p>\n<h2>Sandarinimas ir tepimas<\/h2>\n<p>\u201eXiniu XN63180\u201c svirties cilindre naudojami \u012fvair\u016bs sandarinimo komponentai, tokie kaip st\u016bmokli\u0173 ir kot\u0173 sandarikliai. \u0160ie sandarikliai pagaminti i\u0161 atspari\u0173 dilimui med\u017eiag\u0173, toki\u0173 kaip poliuretanas ir nitrilo kau\u010diukas. Cilindro korpusas ir srieginiai galai yra kruop\u0161\u010diai apdorojami, kad padid\u0117t\u0173 atsparumas dilimui. Norint u\u017etikrinti skland\u0173 veikim\u0105, reikia reguliariai tepti atitinkamu hidraulin\u0117s alyvos kiekiu.<\/p>\n<h2>Reguliarus patikrinimas ir prevencin\u0117 prie\u017ei\u016bra<\/h2>\n<p>Norint u\u017etikrinti optimal\u0173 na\u0161um\u0105 ir ilgaam\u017ei\u0161kum\u0105, reikia imtis \u0161i\u0173 priemoni\u0173:<\/p>\n<ul>\n<li>Reguliariai tikrinkite, ar n\u0117ra susid\u0117v\u0117jimo, pa\u017eeidim\u0173 ar nuot\u0117kio po\u017eymi\u0173.<\/li>\n<li>Steb\u0117kite skys\u010di\u0173 lyg\u012f ir kokyb\u0119 ir keiskite hidraulin\u0119 alyv\u0105 pagal rekomendacijas.<\/li>\n<li>Priver\u017ekite visas atsilaisvinusias jungtis ar jungiam\u0105sias detales.<\/li>\n<li>Laikykit\u0117s gamintojo pateikt\u0173 technin\u0117s prie\u017ei\u016bros ir remonto nurodym\u0173.<\/li>\n<li>Balion\u0105 ir aplinkines sritis laikykite \u0161varias, kad i\u0161vengtum\u0117te u\u017eter\u0161imo.<\/li>\n<\/ul>\n<h2>Produkto diegimo vadovas<\/h2>\n<p>Tinkamas \u201eXiniu XN63180\u201c svirties cilindro montavimas yra b\u016btinas optimaliam veikimui ir saugumui u\u017etikrinti. Atlikite \u0161iuos veiksmus:<\/p>\n<ol>\n<li>\u012esitikinkite, kad \u012franga yra i\u0161jungta, o hidraulin\u0117je sistemoje n\u0117ra sl\u0117gio.<\/li>\n<li>\u012estatykite cilindr\u0105 \u012f jam skirt\u0105 montavimo viet\u0105.<\/li>\n<li>Tvirtai pritvirtinkite cilindr\u0105 naudodami tinkamus var\u017etus ir jungiam\u0105sias detales.<\/li>\n<li>Prijunkite hidraulines \u017earnas prie cilindro prievad\u0173, vadovaudamiesi nurodytomis jungtimis.<\/li>\n<li>Patikrinkite, ar n\u0117ra nuot\u0117ki\u0173, ir \u012fsitikinkite, kad visos jungtys yra sandarios.<\/li>\n<li>Patikrinkite cilindro veikim\u0105, kad \u012fsitikintum\u0117te, jog jis tinkamai sumontuotas.<\/li>\n<\/ol>\n<p><img decoding=\"async\" src=\"https:\/\/www.hydraulic-cylinders.net\/wp-content\/uploads\/2025\/01\/songte-bushings-with-all-kinds-of-excavator-models.webp\" alt=\"Cilindro \u012fvori\u0173 vaizdas\"><\/p>\n<h2>Saugos aspektai ir aplinkos veiksniai<\/h2>\n<p>Naudojant \u201eXiniu XN63180\u201c svirties cilindr\u0105, labai svarbu teikti pirmenyb\u0119 saugos priemon\u0117ms. Tinkamas mokymas ir saugos protokol\u0173 laikymasis yra b\u016btini siekiant i\u0161vengti nelaiming\u0173 atsitikim\u0173 ir u\u017etikrinti operatori\u0173 bei pa\u0161alini\u0173 asmen\u0173 gerov\u0119. Be to, svarbu atsi\u017evelgti \u012f aplinkos veiksnius, tokius kaip tinkamas hidraulin\u0117s alyvos utilizavimas ir aplinkosaugos taisykli\u0173 laikymasis, siekiant suma\u017einti neigiam\u0105 poveik\u012f aplinkai.<\/p>\n<h2>Trik\u010di\u0173 \u0161alinimas ir da\u017eniausiai pasitaikan\u010dios problemos<\/h2>\n<p>Da\u017eniausios problemos, kurios gali kilti naudojant \u201eXiniu XN63180\u201c svirties cilindr\u0105, yra \u0161ios:<\/p>\n<ul>\n<li>Nuot\u0117kis i\u0161 sandarikli\u0173 ar jung\u010di\u0173<\/li>\n<li>Ne\u012fprasti garsai veikimo metu<\/li>\n<li>Nepakankamas arba netolygus jud\u0117jimas<\/li>\n<li>Hidraulinio sl\u0117gio praradimas<\/li>\n<li>Prastas arba tr\u016bk\u010diojantis veikimas<\/li>\n<\/ul>\n<p>Nor\u0117dami i\u0161spr\u0119sti \u0161ias problemas, atsi\u017evelkite \u012f \u0161iuos trik\u010di\u0173 \u0161alinimo patarimus ir sprendimus:<\/p>\n<ul>\n<li>Patikrinkite ir pakeiskite susid\u0117v\u0117jusius arba pa\u017eeistus sandariklius ar jungtis.<\/li>\n<li>Patikrinkite, ar n\u0117ra kli\u016b\u010di\u0173 ar mechanini\u0173 problem\u0173, kurios gali sukelti ne\u012fprastus garsus.<\/li>\n<li>Patikrinkite, ar hidraulin\u0117je sistemoje yra tinkamas sl\u0117gis ir ar n\u0117ra nuot\u0117ki\u0173.<\/li>\n<li>U\u017etikrinkite tinkam\u0105 tepim\u0105 ir patikrinkite, ar hidraulin\u0117je sistemoje n\u0117ra u\u017esikim\u0161im\u0173.<\/li>\n<li>Konkre\u010di\u0173 trik\u010di\u0173 \u0161alinimo instrukcij\u0173 ie\u0161kokite gamintojo dokumentacijoje.<\/li>\n<\/ul>\n<p><img decoding=\"async\" src=\"https:\/\/www.hydraulic-cylinders.net\/wp-content\/uploads\/2025\/01\/songte-chushion-collar.webp\" alt=\"Cilindro apykakl\u0117s vaizdas\"><\/p>\n<p>Nepamir\u0161kite straipsn\u012f strukt\u016brizuoti logi\u0161kai, naudodami paantra\u0161tes, kad b\u016bt\u0173 lengviau nar\u0161yti. \u012etraukite atitinkamus vaizdus ar diagramas, kad pagerintum\u0117te supratim\u0105, ir u\u017etikrinkite, kad turinys b\u016bt\u0173 ai\u0161kus, glaustas ir tinkamas skaitytojams, turintiems skirting\u0105 technini\u0173 \u017eini\u0173 lyg\u012f.<\/p>\n<h2>Apie m\u016bs\u0173 \u012fmon\u0119<\/h2>\n<p>Esame profesionalus pakaitini\u0173 hidraulini\u0173 cilindr\u0173 gamintojas, si\u016blantis plat\u0173 gamini\u0173 asortiment\u0105. Tapome vienu i\u0161 pirmaujan\u010di\u0173 gamintoj\u0173 ir didmeninink\u0173 vidaus ir tarptautin\u0117se rinkose. M\u016bs\u0173 principai grind\u017eiami puikia kokybe, o rafinuotose gamybos dirbtuv\u0117se taikome pramonin\u0117s gamybos valdymo strategijas, kad nuolat tobulintume savo technines \u017einias ir gamybos efektyvum\u0105. \u012ediegdami pa\u017eangi\u0105 skaitmenin\u0119 gamybos \u012frang\u0105 ir profesionalias testavimo sistemas, optimizuojame savo gamybos platform\u0105 ir tobuliname gamini\u0173 kokyb\u0117s kontrol\u0117s procesus, demonstruodami stiprias inovacij\u0173 galimybes. M\u016bs\u0173 tikslas \u2013 patenkinti \u012fvairius klient\u0173 poreikius, vadovaujantis efektyvumo, tikslumo ir auk\u0161tos kokyb\u0117s principais.<\/p>\n<p><img","protected":false},"excerpt":{"rendered":"<p>Arm Cylinder For Xiniu XN63180 Definition and Explanation The Arm Cylinder For Xiniu XN63180 is a specially designed hydraulic cylinder that provides linear motion and power to the arms of various types of machinery, such as excavators, cranes, and robotic arms. The arm cylinder plays a crucial role in hydraulic systems, allowing for efficient movement [&hellip;]<\/p>","protected":false},"featured_media":14772,"comment_status":"open","ping_status":"closed","template":"","meta":{"_et_pb_use_builder":"","_et_pb_old_content":"","_et_gb_content_width":""},"product_brand":[],"product_cat":[1497],"product_tag":[1498,1496],"class_list":{"0":"post-16933","1":"product","2":"type-product","3":"status-publish","4":"has-post-thumbnail","6":"product_cat-arm-cylinders","7":"product_tag-arm-cylinders","8":"product_tag-hydraulic-cylinders","10":"first","11":"instock","12":"shipping-taxable","13":"product-type-simple"},"amp_enabled":true,"_links":{"self":[{"href":"https:\/\/www.hydraulic-cylinders.net\/lt\/wp-json\/wp\/v2\/product\/16933","targetHints":{"allow":["GET"]}}],"collection":[{"href":"https:\/\/www.hydraulic-cylinders.net\/lt\/wp-json\/wp\/v2\/product"}],"about":[{"href":"https:\/\/www.hydraulic-cylinders.net\/lt\/wp-json\/wp\/v2\/types\/product"}],"replies":[{"embeddable":true,"href":"https:\/\/www.hydraulic-cylinders.net\/lt\/wp-json\/wp\/v2\/comments?post=16933"}],"wp:featuredmedia":[{"embeddable":true,"href":"https:\/\/www.hydraulic-cylinders.net\/lt\/wp-json\/wp\/v2\/media\/14772"}],"wp:attachment":[{"href":"https:\/\/www.hydraulic-cylinders.net\/lt\/wp-json\/wp\/v2\/media?parent=16933"}],"wp:term":[{"taxonomy":"product_brand","embeddable":true,"href":"https:\/\/www.hydraulic-cylinders.net\/lt\/wp-json\/wp\/v2\/product_brand?post=16933"},{"taxonomy":"product_cat","embeddable":true,"href":"https:\/\/www.hydraulic-cylinders.net\/lt\/wp-json\/wp\/v2\/product_cat?post=16933"},{"taxonomy":"product_tag","embeddable":true,"href":"https:\/\/www.hydraulic-cylinders.net\/lt\/wp-json\/wp\/v2\/product_tag?post=16933"}],"curies":[{"name":"wp","href":"https:\/\/api.w.org\/{rel}","templated":true}]}}