{"id":16935,"date":"2025-01-21T06:13:58","date_gmt":"2025-01-21T06:13:58","guid":{"rendered":"https:\/\/www.hydraulic-cylinders.net\/product\/arm-cylinder-for-xiniu-xn8180\/"},"modified":"2025-01-21T06:14:00","modified_gmt":"2025-01-21T06:14:00","slug":"arm-cylinder-for-xiniu-xn8180","status":"publish","type":"product","link":"https:\/\/www.hydraulic-cylinders.net\/lt\/produktas\/arm-cylinder-for-xiniu-xn8180\/","title":{"rendered":"Rankenos cilindras, skirtas Xiniu XN8180"},"content":{"rendered":"<h2>Rankenos cilindras, skirtas Xiniu XN8180<\/h2>\n<h3>\u012evadas<\/h3>\n<p>Svirties cilindras yra specialiai suprojektuotas hidraulinis cilindras, kuris pirmiausia naudojamas linijiniam judesiui ir galiai u\u017etikrinti \u012fvairi\u0173 ma\u0161in\u0173, toki\u0173 kaip ekskavatoriai, kranai ir mechanin\u0117s svirtys, svirtims. Svirties cilindras atlieka labai svarb\u0173 vaidmen\u012f hidraulin\u0117se sistemose, nes leid\u017eia efektyviai jud\u0117ti ir valdyti pritvirtintus \u012frankius ar priedus. \u0160ie cilindrai ne tik u\u017etikrina skland\u0173 jud\u0117jim\u0105, bet ir atlaiko dideles apkrovas, u\u017etikrindami efektyv\u0173 ma\u0161in\u0173 veikim\u0105 ir patikimum\u0105 \u012fvairiomis eksploatavimo s\u0105lygomis.<\/p>\n<p><img decoding=\"async\" src=\"https:\/\/www.hydraulic-cylinders.net\/wp-content\/uploads\/2025\/01\/songte-company-2.webp\"><\/p>\n<h3>Savyb\u0117s<\/h3>\n<ul>\n<li>Efektyvus galios perdavimas: Svirties cilindras u\u017etikrina galing\u0105 tiesin\u012f judes\u012f ir j\u0117g\u0105, u\u017etikrindamas auk\u0161t\u0105 mechanin\u0117s svirties efektyvum\u0105 atliekant \u012fvairias operacijas.<\/li>\n<li>Tikslus valdymas: Hidraulin\u0117s sistemos d\u0117ka rankos cilindras gali tiksliai valdyti judes\u012f, tod\u0117l pritvirtint\u0173 \u012franki\u0173 valdymas tampa lankstesnis ir tikslesnis.<\/li>\n<li>Stiprus patvarumas: Svirties cilindras paprastai pagamintas i\u0161 didelio stiprumo med\u017eiag\u0173, pasi\u017eymin\u010di\u0173 geru atsparumu dilimui ir korozijai, tod\u0117l tinkamas ilgalaikiam naudojimui at\u0161iauriomis aplinkos s\u0105lygomis.<\/li>\n<li>Daugiafunkcis pritaikomumas: \u0160ie cilindrai gali b\u016bti pla\u010diai naudojami \u012fvairiuose mechaniniuose \u012frenginiuose, tokiuose kaip ekskavatoriai, kranai ir mechanin\u0117s svirtys, prisitaikant prie skirting\u0173 darbo reikalavim\u0173.<\/li>\n<li>Lengva prie\u017ei\u016bra: Projektuojant atsi\u017evelgiama \u012f paprast\u0105 prie\u017ei\u016br\u0105 ir keitim\u0105, tod\u0117l reguliari ap\u017ei\u016bra ir prie\u017ei\u016bra yra patogesn\u0117, o \u012frangos prastovos laikas sutrump\u0117ja.<\/li>\n<\/ul>\n<p>Galime pagaminti \u0161\u012f produkt\u0105, kuris puikiai pakeis \u0161iuos hidraulinius cilindrus.<\/p>\n<p><img decoding=\"async\" src=\"https:\/\/www.hydraulic-cylinders.net\/wp-content\/uploads\/2025\/01\/songte-oil-pipes-and-spare-parts.webp\"><\/p>\n<h3>Parai\u0161kos<\/h3>\n<p>Cilindro formos rankena pla\u010diai naudojama \u012fvairiose pramon\u0117s \u0161akose:<\/p>\n<ul>\n<li>Pastat\u0173 statyba: ekskavatoriuose ir kranuose svirties cilindras naudojamas kau\u0161o arba str\u0117l\u0117s jud\u0117jimui valdyti atliekant \u017eem\u0117s darbus, med\u017eiag\u0173 tvarkym\u0105 ir konstrukcij\u0173 montavim\u0105.<\/li>\n<li>Gamyba: Automatizuotose gamybos linijose svirties cilindras naudojamas mechanin\u0117ms svirtims judinti surinkimo, suvirinimo ir tvarkymo procesuose, taip pagerinant gamybos efektyvum\u0105 ir tikslum\u0105.<\/li>\n<li>\u017dem\u0117s \u016bkio technika: \u017dem\u0117s \u016bkio technikoje, pavyzd\u017eiui, derliaus nu\u0117mimo ir sodinimo ma\u0161inose, svirties cilindras valdo valdymo svirties judes\u012f, atlikdamas tokias u\u017eduotis kaip sodinimas, tr\u0119\u0161imas ir derliaus nu\u0117mimas.<\/li>\n<li>Kasyba: Kasybos \u012frangoje svirties cilindras naudojamas kasybos \u012frangos svirties jud\u0117jimui valdyti, atliekant tokias u\u017eduotis kaip r\u016bd\u0173 kasyba ir transportavimas.<\/li>\n<li>Logistika ir transportavimas: \u0160akiniuose krautuvuose ir krovini\u0173 tvarkymo robotuose svirties cilindras naudojamas krovinini\u0173 \u0161aki\u0173 k\u0117limui ir jud\u0117jimui valdyti, u\u017etikrinant med\u017eiag\u0173 tvarkym\u0105 ir krovim\u0105.<\/li>\n<\/ul>\n<h3>Projektavimo aspektai ir atrankos standartai<\/h3>\n<p>Kalbant apie konstrukcinius aspektus, toliau aptariami svirties cilindro laikomoji galia, sandarumas, ilgaam\u017ei\u0161kumas, saugumas ir prie\u017ei\u016bra:<\/p>\n<ul>\n<li>Keliamoji galia: Svirtinio cilindro keliamoji galia lemia jo geb\u0117jim\u0105 atlaikyti apkrovas be deformacijos ar pa\u017eeidimo. Tod\u0117l cilindras turi b\u016bti suprojektuotas ir pagamintas atsi\u017evelgiant \u012f konkre\u010dius taikymo reikalavimus.<\/li>\n<li>Sandarinimas: Svirties cilindras turi b\u016bti gerai sandarinamas, kad b\u016bt\u0173 i\u0161vengta hidraulinio skys\u010dio nuot\u0117kio, kuris gali tur\u0117ti \u012ftakos cilindro veikimui ir tarnavimo laikui. Tod\u0117l reikia atid\u017eiai pasirinkti \u012fvairius sandarinimo komponentus, tokius kaip st\u016bmoklio ir koto sandarikliai.<\/li>\n<li>Patvarumas: Svirties cilindras turi b\u016bti pagamintas i\u0161 auk\u0161tos kokyb\u0117s med\u017eiag\u0173, kad b\u016bt\u0173 u\u017etikrintas jo patvarumas ir atsparumas dilimui, korozijai ir kitiems aplinkos veiksniams.<\/li>\n<li>Sauga: Svirties cilindro konstrukcijoje turi b\u016bti numatytos saugos funkcijos, pvz., sl\u0117gio ma\u017einimo vo\u017etuvai, siekiant i\u0161vengti perkrovos ir nelaiming\u0173 atsitikim\u0173.<\/li>\n<li>Prie\u017ei\u016bra: Svirties cilindro konstrukcija turi b\u016bti sukurta atsi\u017evelgiant \u012f prie\u017ei\u016bros ir keitimo paprastum\u0105, kad reguliari ap\u017ei\u016bra ir prie\u017ei\u016bra b\u016bt\u0173 patogesn\u0117.<\/li>\n<\/ul>\n<p><img decoding=\"async\" src=\"https:\/\/www.hydraulic-cylinders.net\/wp-content\/uploads\/2025\/01\/songte-cylinder-head-with-all-kinds-excavator-models.webp\"><\/p>\n<h3>Sandarinimas ir tepimas<\/h3>\n<p>Svirtiniam cilindrui reikalingi \u012fvair\u016bs sandarinimo komponentai, tokie kaip st\u016bmokli\u0173 ir kot\u0173 sandarikliai, pagaminti i\u0161 atspari\u0173 dilimui med\u017eiag\u0173, toki\u0173 kaip poliuretanas ir nitrilo kau\u010diukas. Cilindro galvut\u0117s ir sriegio gal\u0173 pavir\u0161iai yra kruop\u0161\u010diai apdirbti, siekiant pagerinti atsparum\u0105 dilimui. Be to, svirtin\u012f cilindr\u0105 reikia reguliariai tepti hidrauline alyva, kad b\u016bt\u0173 u\u017etikrintas sklandus veikimas.<\/p>\n<h3>Prie\u017ei\u016bra ir trik\u010di\u0173 \u0161alinimas<\/h3>\n<p>Reguliarus patikrinimas ir prevencin\u0117 prie\u017ei\u016bra yra labai svarb\u016bs siekiant u\u017etikrinti ilgalaik\u012f svirties cilindro veikim\u0105 ir patikimum\u0105. Da\u017eniausios problemos, kurios gali kilti, yra nuot\u0117kis, deformacija ir netinkamas jud\u0117jimas. Jei i\u0161kyla koki\u0173 nors problem\u0173, b\u016btina jas nedelsiant diagnozuoti ir i\u0161spr\u0119sti, kad b\u016bt\u0173 i\u0161vengta tolesn\u0117s \u017ealos ir prastov\u0173. \u0160ie patarimai gali pad\u0117ti:<\/p>\n<ul>\n<li>Reguliariai tikrinkite cilindro hidraulinio skys\u010dio lyg\u012f ir kokyb\u0119, prireikus j\u012f pakeiskite.<\/li>\n<li>Patikrinkite cilindro sandariklius, st\u016bmokl\u012f ir kitus komponentus, ar n\u0117ra susid\u0117v\u0117jimo ar pa\u017eeidim\u0173 po\u017eymi\u0173, ir prireikus juos pakeiskite.<\/li>\n<li>Patikrinkite cilindro tvirtinim\u0105 ir jungtis, ar n\u0117ra atsilaisvinusi\u0173 ar pa\u017eeist\u0173 viet\u0173.<\/li>\n<li>\u012esitikinkite, kad cilindro sl\u0117gio ma\u017einimo vo\u017etuvai veikia tinkamai.<\/li>\n<\/ul>\n<p><img decoding=\"async\" src=\"https:\/\/www.hydraulic-cylinders.net\/wp-content\/uploads\/2025\/01\/songte-chushion-collar.webp\"><\/p>\n<h3>Diegimo vadovas<\/h3>\n<p>Tinkamas montavimas yra b\u016btinas norint u\u017etikrinti svirties cilindro veikim\u0105 ir saug\u0105. Atlikite toliau nurodytus veiksmus:<\/p>\n<ol>\n<li>\u012esitikinkite, kad hidraulin\u0117 sistema yra i\u0161jungta ir kad i\u0161leistas visas sl\u0117gis.<\/li>\n<li>I\u0161valykite ir patikrinkite cilindr\u0105, \u012fsitikindami, kad n\u0117ra joki\u0173 pa\u017eeidimo ar susid\u0117v\u0117jimo po\u017eymi\u0173.<\/li>\n<li>Sulygiuokite cilindr\u0105 su tvirtinimo pavir\u0161iumi ir pritvirtinkite j\u012f prie ma\u0161inos naudodami atitinkamus var\u017etus ir ver\u017eles.<\/li>\n<li>Prijunkite hidraulines \u017earnas prie cilindro ir \u012fsitikinkite, kad jos yra tinkamai priver\u017etos ir u\u017esandarintos.<\/li>\n<li>\u012ejunkite hidraulin\u0119 sistem\u0105 ir patikrinkite, ar ji tinkamai veikia.<\/li>\n<\/ol>\n<h3>Saugos aspektai ir aplinkos veiksniai<\/h3>\n<p>Naudojant svirtin\u012f cilindr\u0105, reikia imtis tinkam\u0173 saugos priemoni\u0173, \u012fskaitant reguliar\u0173 patikrinim\u0105, technin\u0119 prie\u017ei\u016br\u0105 ir tinkam\u0173 asmenini\u0173 apsaugos priemoni\u0173 naudojim\u0105.<\/p>\n<h3>Apie mus<\/h3>\n<p>Esame profesionalus pakaitini\u0173 hidraulini\u0173 cilindr\u0173 gamintojas, si\u016blantis plat\u0173 gamini\u0173 asortiment\u0105. Tapome vienu i\u0161 pirmaujan\u010di\u0173 hidraulini\u0173 cilindr\u0173 gamintoj\u0173 ir didmenini\u0173 platintoj\u0173 vidaus ir tarptautin\u0117se rinkose. Visada laikom\u0117s puikios kokyb\u0117s principo, remiam\u0117s industrializuoto gamybos valdymo strategijomis puikiose gamybos dirbtuv\u0117se ir nuolat tobuliname savo technin\u012f lyg\u012f bei gamybos efektyvum\u0105. Turime stipri\u0173 inovacij\u0173 paj\u0117gum\u0173 ir siekiame patenkinti \u012fvairius klient\u0173 poreikius, vadovaudamiesi didelio efektyvumo, tikslumo ir auk\u0161tos kokyb\u0117s principais.<\/p>\n<p>Mes teikiame profesionalias paslaugas, tarptautin\u012f sertifikavim\u0105, individualiai pritaikytas paslaugas, pa\u017eangi\u0105 gamybos \u012frang\u0105 ir garantin\u012f aptarnavim\u0105, atitinkant\u012f m\u016bs\u0173 klient\u0173 poreikius. <\/p>\n<p><img decoding=\"async\" src=\"https:\/\/www.hydraulic-cylinders.net\/wp-content\/uploads\/2025\/01\/songte-company-4.webp\"><br \/>\n<img decoding=\"async\" src=\"https:\/\/www.hydraulic-cylinders.net\/wp-content\/uploads\/2025\/01\/songte-company-3.webp\"><\/p>\n<p>Autorius: lyl.<\/p>","protected":false},"excerpt":{"rendered":"<p>Arm Cylinder For Xiniu XN8180 Introduction An arm cylinder is a specially designed hydraulic cylinder that is primarily used to provide linear motion and power to arms of various machinery such as excavators, cranes, and mechanical arms. The arm cylinder plays a crucial role in hydraulic systems, enabling the efficient movement and control of attached [&hellip;]<\/p>","protected":false},"featured_media":14766,"comment_status":"open","ping_status":"closed","template":"","meta":{"_et_pb_use_builder":"","_et_pb_old_content":"","_et_gb_content_width":""},"product_brand":[],"product_cat":[1497],"product_tag":[1498,1496],"class_list":{"0":"post-16935","1":"product","2":"type-product","3":"status-publish","4":"has-post-thumbnail","6":"product_cat-arm-cylinders","7":"product_tag-arm-cylinders","8":"product_tag-hydraulic-cylinders","10":"first","11":"instock","12":"shipping-taxable","13":"product-type-simple"},"amp_enabled":true,"_links":{"self":[{"href":"https:\/\/www.hydraulic-cylinders.net\/lt\/wp-json\/wp\/v2\/product\/16935","targetHints":{"allow":["GET"]}}],"collection":[{"href":"https:\/\/www.hydraulic-cylinders.net\/lt\/wp-json\/wp\/v2\/product"}],"about":[{"href":"https:\/\/www.hydraulic-cylinders.net\/lt\/wp-json\/wp\/v2\/types\/product"}],"replies":[{"embeddable":true,"href":"https:\/\/www.hydraulic-cylinders.net\/lt\/wp-json\/wp\/v2\/comments?post=16935"}],"wp:featuredmedia":[{"embeddable":true,"href":"https:\/\/www.hydraulic-cylinders.net\/lt\/wp-json\/wp\/v2\/media\/14766"}],"wp:attachment":[{"href":"https:\/\/www.hydraulic-cylinders.net\/lt\/wp-json\/wp\/v2\/media?parent=16935"}],"wp:term":[{"taxonomy":"product_brand","embeddable":true,"href":"https:\/\/www.hydraulic-cylinders.net\/lt\/wp-json\/wp\/v2\/product_brand?post=16935"},{"taxonomy":"product_cat","embeddable":true,"href":"https:\/\/www.hydraulic-cylinders.net\/lt\/wp-json\/wp\/v2\/product_cat?post=16935"},{"taxonomy":"product_tag","embeddable":true,"href":"https:\/\/www.hydraulic-cylinders.net\/lt\/wp-json\/wp\/v2\/product_tag?post=16935"}],"curies":[{"name":"wp","href":"https:\/\/api.w.org\/{rel}","templated":true}]}}