{"id":16937,"date":"2025-01-21T06:14:10","date_gmt":"2025-01-21T06:14:10","guid":{"rendered":"https:\/\/www.hydraulic-cylinders.net\/product\/arm-cylinder-for-xiniu-xn120-l\/"},"modified":"2025-01-21T06:14:12","modified_gmt":"2025-01-21T06:14:12","slug":"arm-cylinder-for-xiniu-xn120-l","status":"publish","type":"product","link":"https:\/\/www.hydraulic-cylinders.net\/lt\/produktas\/arm-cylinder-for-xiniu-xn120-l\/","title":{"rendered":"\u201eXiniu XN120-L\u201c svirties cilindras"},"content":{"rendered":"<h2>\u201eXiniu XN120-L\u201c svirties cilindras<\/h2>\n<p>Svirties cilindras, dar \u017einomas kaip hidraulinis cilindras, yra specializuotas cilindras, skirtas u\u017etikrinti tiesin\u012f jud\u0117jim\u0105 ir gali\u0105 \u012fvairi\u0173 ma\u0161in\u0173, toki\u0173 kaip ekskavatoriai, kranai ir robotin\u0117s svirtys, svir\u010diai. Hidraulin\u0117se sistemose svirties cilindras atlieka labai svarb\u0173 vaidmen\u012f u\u017etikrinant skland\u0173 pritvirtint\u0173 \u012franki\u0173 ar pried\u0173 jud\u0117jim\u0105 ir valdym\u0105. \u0160ie cilindrai ne tik u\u017etikrina skland\u0173 jud\u0117jim\u0105, bet ir atlaiko dideles apkrovas, u\u017etikrindami efektyv\u0173 ma\u0161in\u0173 veikim\u0105 ir patikimum\u0105 \u012fvairiomis darbo s\u0105lygomis.<\/p>\n<p><img decoding=\"async\" src=\"https:\/\/www.hydraulic-cylinders.net\/wp-content\/uploads\/2025\/01\/songte-company-2.webp\" alt=\"Svirties cilindro vaizdas\" \/><\/p>\n<h2>\u201eXiniu XN120-L\u201c rankos cilindro savyb\u0117s<\/h2>\n<ul>\n<li><strong>Didelio efektyvumo transmisija:<\/strong> Svirties cilindras u\u017etikrina galing\u0105 tiesin\u012f judes\u012f ir j\u0117g\u0105, u\u017etikrindamas auk\u0161t\u0105 mechanin\u0117s svirties na\u0161um\u0105 atliekant \u012fvairias operacijas.<\/li>\n<li><strong>Tikslus valdymas:<\/strong> Hidraulin\u0117s sistemos d\u0117ka svirties cilindras leid\u017eia tiksliai valdyti judes\u012f, tod\u0117l pritvirtint\u0173 \u012franki\u0173 valdymas tampa lankstesnis ir tikslesnis.<\/li>\n<li><strong>Patvarumas:<\/strong> Svirtiniai cilindrai paprastai gaminami i\u0161 didelio stiprumo med\u017eiag\u0173, kurios pasi\u017eymi puikiu atsparumu dilimui ir korozijai, tod\u0117l tinka ilgalaikiam naudojimui at\u0161iauriomis s\u0105lygomis.<\/li>\n<li><strong>Daugiafunkcis prisitaikymas:<\/strong> \u0160ie cilindrai pla\u010diai naudojami \u012fvairiose ma\u0161inose, \u012fskaitant ekskavatorius, kranus ir robotines rankenas, tod\u0117l juos galima pritaikyti skirtingiems darbo reikalavimams.<\/li>\n<li><strong>Lengva prie\u017ei\u016bra:<\/strong> Sukurti atsi\u017evelgiant \u012f paprast\u0105 prie\u017ei\u016br\u0105 ir keitim\u0105, svirtiniai cilindrai u\u017etikrina patogi\u0105 periodin\u0119 ap\u017ei\u016br\u0105 ir technin\u0119 prie\u017ei\u016br\u0105, taip suma\u017einant \u012frangos prastovas.<\/li>\n<\/ul>\n<p><img decoding=\"async\" src=\"https:\/\/www.hydraulic-cylinders.net\/wp-content\/uploads\/2025\/01\/songte-oil-pipes-and-spare-parts.webp\" alt=\"Svirties cilindro atsargin\u0117s dalys\" \/><\/p>\n<h2>Rankinio cilindro pritaikymas<\/h2>\n<p>Svirtiniai cilindrai turi \u012fvairi\u0173 pritaikym\u0173 \u012fvairiose pramon\u0117s \u0161akose:<\/p>\n<ul>\n<li><strong>Statybos in\u017einerija:<\/strong> Ekskavatoriuose ir kranuose str\u0117li\u0173 cilindrai valdo kau\u0161\u0173 arba str\u0117li\u0173 jud\u0117jim\u0105 atliekant \u017eem\u0117s darbus, med\u017eiag\u0173 tvarkym\u0105 ir konstrukcij\u0173 montavim\u0105.<\/li>\n<li><strong>Gamybos pramon\u0117:<\/strong> Automatizuotose gamybos linijose ranken\u0173 cilindrai leid\u017eia robotin\u0117ms rankoms jud\u0117ti tokiuose procesuose kaip surinkimas, suvirinimas ir med\u017eiag\u0173 tvarkymas, taip padidindami na\u0161um\u0105 ir tikslum\u0105.<\/li>\n<li><strong>\u017dem\u0117s \u016bkio technika:<\/strong> \u017dem\u0117s \u016bkio technikoje, pavyzd\u017eiui, derliaus nu\u0117mimo ir s\u0117jamosiose, svir\u010di\u0173 cilindrai valdo valdymo svir\u010di\u0173 jud\u0117jim\u0105 atliekant tokias u\u017eduotis kaip sodinimas, tr\u0119\u0161imas ir derliaus nu\u0117mimas.<\/li>\n<li><strong>Kasyba:<\/strong> Kasybos \u012frangoje svirties cilindrai valdo kasybos ma\u0161in\u0173 svirties jud\u0117jim\u0105 r\u016bdos gavybai ir transportavimui.<\/li>\n<li><strong>Logistika ir transportas:<\/strong> \u0160akiniuose krautuvuose ir krovini\u0173 krovimo robotuose svir\u010di\u0173 cilindrai valdo \u0161aki\u0173 k\u0117lim\u0105 ir jud\u0117jim\u0105, taip \u012fgalindami med\u017eiag\u0173 tvarkym\u0105 ir krovim\u0105.<\/li>\n<\/ul>\n<h2>Projektavimo aspektai ir atrankos kriterijai<\/h2>\n<p>Projektuojant cilindro formos rankenas, reikia atsi\u017evelgti \u012f kelis pagrindinius veiksnius:<\/p>\n<ul>\n<li><strong>Apkrovos paj\u0117gumas:<\/strong> Svirties cilindras turi b\u016bti suprojektuotas taip, kad atlaikyt\u0173 numatomas apkrovas ir j\u0117gas, su kuriomis susiduriama konkre\u010dioje naudojimo srityje.<\/li>\n<li><strong>Sandarinimas:<\/strong> Optimaliam sandarinimo na\u0161umui u\u017etikrinti naudojami \u012fvair\u016bs sandarinimo elementai, tokie kaip st\u016bmokli\u0173 ir kot\u0173 sandarikliai, pagaminti i\u0161 atspari\u0173 dilimui med\u017eiag\u0173, toki\u0173 kaip poliuretanas ir nitrilo kau\u010diukas.<\/li>\n<li><strong>Patvarumas:<\/strong> Cilindro korpusas ir srieginiai galai yra kruop\u0161\u010diai apdorojami, siekiant padidinti atsparum\u0105 dilimui ir u\u017etikrinti ilgalaik\u012f veikim\u0105.<\/li>\n<li><strong>Saugumas:<\/strong> Projektavimo procese atsi\u017evelgiama \u012f saugos aspektus, siekiant i\u0161vengti nelaiming\u0173 atsitikim\u0173 ar gedim\u0173, kurie gal\u0117t\u0173 kelti pavoj\u0173 personalui ar \u012frangai.<\/li>\n<li><strong>Prie\u017ei\u016bra:<\/strong> \u012e konstrukcij\u0105 \u012ftrauktos paprastos prie\u017ei\u016bros ir remonto funkcijos, tod\u0117l reguliari ap\u017ei\u016bra ir prie\u017ei\u016bra yra patogios, o prastovas \u2013 kuo ma\u017eiau.<\/li>\n<\/ul>\n<p><img decoding=\"async\" src=\"https:\/\/www.hydraulic-cylinders.net\/wp-content\/uploads\/2025\/01\/songte-cylinder-head-with-all-kinds-excavator-models.webp\" alt=\"Svirties cilindro galvut\u0117\" \/><\/p>\n<h2>Svirties cilindro sandarinimas ir tepimas<\/h2>\n<p>Svirties cilindre yra \u012fvair\u016bs sandarikliai, tod\u0117l j\u012f reikia periodi\u0161kai tepti:<\/p>\n<ul>\n<li>Sandarikliai: Siekiant palaikyti optimal\u0173 hidraulin\u012f na\u0161um\u0105, naudojami st\u016bmokliniai sandarikliai, kot\u0173 sandarikliai ir kiti sandarinimo komponentai, pagaminti i\u0161 atspari\u0173 dilimui med\u017eiag\u0173.<\/li>\n<li>Tepimas: Reguliarus tepimas tinkama hidrauline alyva u\u017etikrina skland\u0173 veikim\u0105 ir pailgina cilindro tarnavimo laik\u0105.<\/li>\n<\/ul>\n<h2>Reguliarios patikros ir prevencin\u0117s prie\u017ei\u016bros priemon\u0117s<\/h2>\n<p>Norint u\u017etikrinti optimal\u0173 cilindro veikim\u0105 ir ilgaam\u017ei\u0161kum\u0105, reikia imtis \u0161i\u0173 priemoni\u0173:<\/p>\n<ul>\n<li>Reguliariai tikrinkite cilindr\u0105, ar n\u0117ra susid\u0117v\u0117jimo, nuot\u0117kio ar pa\u017eeidim\u0173 po\u017eymi\u0173.<\/li>\n<li>Patikrinkite hidraulin\u0117s alyvos lyg\u012f ir kokyb\u0119, kad u\u017etikrintum\u0117te tinkam\u0105 tepim\u0105 ir i\u0161vengtum\u0117te u\u017eter\u0161imo.<\/li>\n<li>Priver\u017ekite visas atsilaisvinusias jungtis ar jungiam\u0105sias detales, kad i\u0161laikytum\u0117te hidraulin\u0117s sistemos vientisum\u0105.<\/li>\n<li>Nedelsdami pakeiskite susid\u0117v\u0117jusius sandariklius ar komponentus, kad i\u0161vengtum\u0117te tolesni\u0173 pa\u017eeidim\u0173 ar gedim\u0173.<\/li>\n<\/ul>\n<h2>Produkto \u012frengimo gair\u0117s<\/h2>\n<p>Tinkamas svirties cilindro montavimas yra labai svarbus optimaliam jo veikimui. Laikykit\u0117s \u0161i\u0173 nurodym\u0173:<\/p>\n<ul>\n<li>Montuodami u\u017etikrinkite teising\u0105 cilindro i\u0161lygiavim\u0105 ir orientacij\u0105.<\/li>\n<li>Tvirtai pritvirtinkite visas jungtis, u\u017etikrindami tinkam\u0105 sandarum\u0105 ir i\u0161vengdami nuot\u0117ki\u0173.<\/li>\n<li>Patikrinkite ir sureguliuokite hidraulin\u0117s sistemos sl\u0117g\u012f ir sraut\u0105 pagal gamintojo specifikacijas.<\/li>\n<li>Po \u012fdiegimo atlikite i\u0161sam\u0173 patikrinim\u0105, kad \u012fsitikintum\u0117te, jog sistema veikia tinkamai.<\/li>\n<\/ul>\n<p><img decoding=\"async\" src=\"https:\/\/www.hydraulic-cylinders.net\/wp-content\/uploads\/2025\/01\/songte-bushings-with-all-kinds-of-excavator-models.webp\" alt=\"Svirties cilindro \u012fvor\u0117s\" \/><\/p>\n<h2>Saugos aspektai ir aplinkos veiksniai<\/h2>\n<p>Naudojant svirtinius cilindrus, labai svarbu teikti pirmenyb\u0119 saugos priemon\u0117ms d\u0117l j\u0173 atliekamo ypatingo vaidmens. Reik\u0117t\u0173 \u012fdiegti saugos funkcijas ir atsargumo priemones, kad b\u016bt\u0173 i\u0161vengta nelaiming\u0173 atsitikim\u0173 ar personalo bei \u012frangos su\u017ealojim\u0173. Be to, labai svarbu atsi\u017evelgti \u012f aplinkos veiksnius, tokius kaip tinkamas atliek\u0173 \u0161alinimas ir atitinkam\u0173 taisykli\u0173 laikymasis.<\/p>\n<h2>Trik\u010di\u0173 \u0161alinimas ir da\u017eniausiai pasitaikan\u010dios problemos<\/h2>\n<p>Svirties cilindro trik\u010di\u0173 \u0161alinimas ir da\u017eniausiai pasitaikan\u010di\u0173 problem\u0173 sprendimas gali apimti:<\/p>\n<ul>\n<li>Problem\u0173, toki\u0173 kaip nuot\u0117kis, netolygus jud\u0117jimas ar nepakankama j\u0117ga, nustatymas ir diagnozavimas.<\/li>\n<li>Hidraulin\u0117s sistemos parametr\u0173, \u012fskaitant sl\u0117g\u012f ir sraut\u0105, tikrinimas ir reguliavimas.<\/li>\n<li>Tarpikli\u0173 ir komponent\u0173 patikrinimas d\u0117l susid\u0117v\u0117jimo ar pa\u017eeidim\u0173 ir, jei reikia, j\u0173 pakeitimas.<\/li>\n<\/ul>\n<p>Tinkama prie\u017ei\u016bra ir prevencin\u0117s priemon\u0117s gali pad\u0117ti suma\u017einti galimas problemas ir u\u017etikrinti nepertraukiam\u0105 svirties cilindro veikim\u0105.<\/p>\n<p><img decoding=\"async\" src=\"https:\/\/www.hydraulic-cylinders.net\/wp-content\/uploads\/2025\/01\/songte-chushion-collar.webp\" alt=\"Rankos cilindro amortizacijos apykakl\u0117\" \/><\/p>\n<p>Apibendrinant, esame profesionalus gamintojas, kurio specializacija \u2013 pakaitini\u0173 svirtini\u0173 cilindr\u0173 gamyba. Tur\u0117dami plat\u0173 gamini\u0173 asortiment\u0105, tapome vienu i\u0161 pirmaujan\u010di\u0173 hidraulini\u0173 cilindr\u0173 gamintoj\u0173 ir didmenini\u0173 platintoj\u0173 tiek vidaus, tiek tarptautin\u0117se rinkose. M\u016bs\u0173 \u012fsipareigojimas siekti meistri\u0161kumo ir industrializuoto gamybos valdymo, palaikomas pa\u017eangi\u0173 gamybos \u012frengini\u0173 ir profesionali\u0173 bandym\u0173 sistem\u0173, leid\u017eia mums nuolat tobulinti savo techninius paj\u0117gumus ir gamybos efektyvum\u0105. Did\u017eiuojam\u0117s savo inovaciniais geb\u0117jimais, siekdami patenkinti \u012fvairius klient\u0173 poreikius efektyviai, tiksliai ir tiekdami auk\u0161tos kokyb\u0117s produktus.<\/p>\n<p><img decoding=\"async\" src=\"https:\/\/www.hydraulic-cylinders.net\/wp-content\/uploads\/2025\/01\/songte-company-4.webp\" alt=\"\u012emon\u0117s \u012fvaizdis\" \/><br \/>\n<img decoding=\"async\" src=\"https:\/\/www.hydraulic-cylinders.net\/wp-content\/uploads\/2025\/01\/songte-company-3.webp\" alt=\"\u012emon\u0117s \u012fvaizdis\" \/><\/p>\n<p>Kaip \u012fmon\u0117, mes pabr\u0117\u017eiame savo profesionalum\u0105, tarptautinius sertifikatus, individualiai pritaikytas paslaugas, gamybos \u012frang\u0105 ir garantin\u012f aptarnavim\u0105. Siekiame savo klientams teikti geriausius sprendimus ir palaikyti ilgalaik\u0119 partneryst\u0119.<\/p>\n<p>Autorius: lyl<\/p>","protected":false},"excerpt":{"rendered":"<p>Arm Cylinder For Xiniu XN120-L The arm cylinder, also known as the hydraulic cylinder, is a specialized cylinder designed to provide linear motion and power to the arm of various machinery such as excavators, cranes, and robotic arms. In hydraulic systems, the arm cylinder plays a crucial role in enabling the smooth movement and control [&hellip;]<\/p>","protected":false},"featured_media":14759,"comment_status":"open","ping_status":"closed","template":"","meta":{"_et_pb_use_builder":"","_et_pb_old_content":"","_et_gb_content_width":""},"product_brand":[],"product_cat":[1497],"product_tag":[1498,1496],"class_list":{"0":"post-16937","1":"product","2":"type-product","3":"status-publish","4":"has-post-thumbnail","6":"product_cat-arm-cylinders","7":"product_tag-arm-cylinders","8":"product_tag-hydraulic-cylinders","10":"first","11":"instock","12":"shipping-taxable","13":"product-type-simple"},"amp_enabled":true,"_links":{"self":[{"href":"https:\/\/www.hydraulic-cylinders.net\/lt\/wp-json\/wp\/v2\/product\/16937","targetHints":{"allow":["GET"]}}],"collection":[{"href":"https:\/\/www.hydraulic-cylinders.net\/lt\/wp-json\/wp\/v2\/product"}],"about":[{"href":"https:\/\/www.hydraulic-cylinders.net\/lt\/wp-json\/wp\/v2\/types\/product"}],"replies":[{"embeddable":true,"href":"https:\/\/www.hydraulic-cylinders.net\/lt\/wp-json\/wp\/v2\/comments?post=16937"}],"wp:featuredmedia":[{"embeddable":true,"href":"https:\/\/www.hydraulic-cylinders.net\/lt\/wp-json\/wp\/v2\/media\/14759"}],"wp:attachment":[{"href":"https:\/\/www.hydraulic-cylinders.net\/lt\/wp-json\/wp\/v2\/media?parent=16937"}],"wp:term":[{"taxonomy":"product_brand","embeddable":true,"href":"https:\/\/www.hydraulic-cylinders.net\/lt\/wp-json\/wp\/v2\/product_brand?post=16937"},{"taxonomy":"product_cat","embeddable":true,"href":"https:\/\/www.hydraulic-cylinders.net\/lt\/wp-json\/wp\/v2\/product_cat?post=16937"},{"taxonomy":"product_tag","embeddable":true,"href":"https:\/\/www.hydraulic-cylinders.net\/lt\/wp-json\/wp\/v2\/product_tag?post=16937"}],"curies":[{"name":"wp","href":"https:\/\/api.w.org\/{rel}","templated":true}]}}