{"id":16938,"date":"2025-01-21T06:14:14","date_gmt":"2025-01-21T06:14:14","guid":{"rendered":"https:\/\/www.hydraulic-cylinders.net\/product\/arm-cylinder-for-xiniu-xnx8\/"},"modified":"2025-01-21T06:14:16","modified_gmt":"2025-01-21T06:14:16","slug":"arm-cylinder-for-xiniu-xnx8","status":"publish","type":"product","link":"https:\/\/www.hydraulic-cylinders.net\/lt\/produktas\/arm-cylinder-for-xiniu-xnx8\/","title":{"rendered":"\u201eXiniu XNX8\u201c svirties cilindras"},"content":{"rendered":"<h2>\u201eXiniu XNX8\u201c svirties cilindras<\/h2>\n<h3>\u012evadas<\/h3>\n<p>Svirties cilindras yra specialiai suprojektuotas hidraulinis cilindras, daugiausia naudojamas linijiniam jud\u0117jimui ir galiai u\u017etikrinti \u012fvairi\u0173 ma\u0161in\u0173, toki\u0173 kaip ekskavatoriai, kranai ir mechanin\u0117s svirtys, svirtims. Svirties cilindrai atlieka labai svarb\u0173 vaidmen\u012f hidraulin\u0117se sistemose, nes leid\u017eia efektyviai perkelti ir valdyti pritvirtintus \u012frankius ar priedus. \u0160ie cilindrai ne tik u\u017etikrina skland\u0173 jud\u0117jim\u0105, bet ir atlaiko dideles apkrovas, u\u017etikrindami efektyv\u0173 ma\u0161in\u0173 veikim\u0105 ir patikimum\u0105 \u012fvairiomis eksploatavimo s\u0105lygomis.<\/p>\n<p><img decoding=\"async\" src=\"https:\/\/www.hydraulic-cylinders.net\/wp-content\/uploads\/2025\/01\/songte-company-2.webp\" alt=\"Svirties cilindro vaizdas\"><\/p>\n<h3>Savyb\u0117s<\/h3>\n<ul>\n<li>Didelio efektyvumo transmisija: Svirties cilindrai gali u\u017etikrinti galing\u0105 tiesin\u012f judes\u012f ir j\u0117g\u0105, u\u017etikrindami didel\u012f mechanin\u0117s svirties efektyvum\u0105 atliekant \u012fvairias operacijas.<\/li>\n<li>Tikslus valdymas: Hidraulin\u0117s sistemos d\u0117ka svirties cilindrai gali tiksliai valdyti judes\u012f, tod\u0117l pritvirtint\u0173 \u012franki\u0173 valdymas tampa lankstesnis ir tikslesnis.<\/li>\n<li>Didelis patvarumas: Svirtiniai cilindrai paprastai gaminami i\u0161 didelio stiprumo med\u017eiag\u0173, kurios pasi\u017eymi geru atsparumu dilimui ir korozijai, tod\u0117l tinka ilgalaikiam naudojimui at\u0161iauriomis s\u0105lygomis.<\/li>\n<li>Daugiafunkcinis pritaikomumas: \u0160ie cilindrai gali b\u016bti pla\u010diai naudojami \u012fvairiuose mechaniniuose \u012frenginiuose, tokiuose kaip ekskavatoriai, kranai ir mechanin\u0117s rankenos, kad atitikt\u0173 skirtingus darbo reikalavimus.<\/li>\n<li>Lengva prie\u017ei\u016bra: Buvo atsi\u017evelgta \u012f konstrukcij\u0105, kad b\u016bt\u0173 lengva pri\u017ei\u016br\u0117ti ir keisti dalis, tod\u0117l reguliari patikra ir technin\u0117 prie\u017ei\u016bra yra patogesni, o \u012frangos prastovos laikas sutrump\u0117ja.<\/li>\n<\/ul>\n<p>M\u016bs\u0173 gaminys gali puikiai pakeisti \u0161iuos hidraulinius cilindrus.<\/p>\n<p><img decoding=\"async\" src=\"https:\/\/www.hydraulic-cylinders.net\/wp-content\/uploads\/2025\/01\/songte-oil-pipes-and-spare-parts.webp\" alt=\"Produkto vaizdas\"><\/p>\n<h3>Parai\u0161kos<\/h3>\n<ul>\n<li><strong>Statybos in\u017einerija:<\/strong> Ekskavatoriuose ir kranuose str\u0117li\u0173 cilindrai naudojami kastuv\u0173 ar str\u0117li\u0173 jud\u0117jimui valdyti, atliekant \u017eem\u0117s darbus, med\u017eiag\u0173 tvarkym\u0105 ir konstrukcij\u0173 montavim\u0105.<\/li>\n<li><strong>Gamyba:<\/strong> Automatizuotose gamybos linijose svir\u010di\u0173 cilindrai naudojami mechanin\u0117ms svirtims judinti, atliekant surinkimo, suvirinimo ir tvarkymo procesus, taip gerinant gamybos efektyvum\u0105 ir tikslum\u0105.<\/li>\n<li><strong>\u017dem\u0117s \u016bkio technika:<\/strong> \u017dem\u0117s \u016bkio technikose, tokiose kaip derliaus nu\u0117mimo ma\u0161inos ir sodinamosios, svir\u010di\u0173 cilindrai valdo darbini\u0173 svir\u010di\u0173 jud\u0117jim\u0105, atlikdami tokias u\u017eduotis kaip s\u0117ja, tr\u0119\u0161imas ir derliaus nu\u0117mimas.<\/li>\n<li><strong>Kasyba:<\/strong> Kasybos \u012frangoje svirties cilindrai naudojami kasybos \u012frangos svirties jud\u0117jimui valdyti, kasant ir transportuojant r\u016bdas.<\/li>\n<li><strong>Logistika ir transportas:<\/strong> \u0160akiniuose krautuvuose ir tvarkymo robotuose svir\u010di\u0173 cilindrai naudojami \u0161aki\u0173 k\u0117limui ir jud\u0117jimui valdyti, taip u\u017etikrinant med\u017eiag\u0173 tvarkym\u0105 ir krovim\u0105.<\/li>\n<\/ul>\n<h3>Projektavimo aspektai ir atrankos kriterijai<\/h3>\n<ul>\n<li><strong>Keliamoji galia:<\/strong> Projektuojant svirtin\u012f cilindr\u0105, geb\u0117jimas atlaikyti apkrov\u0105 yra esminis aspektas, nes cilindras turi atlaikyti mechanizmo ir vis\u0173 pritvirtint\u0173 \u012franki\u0173 ar pried\u0173 svor\u012f.<\/li>\n<li><strong>Sandarinimas:<\/strong> Sandarikliai yra labai svarb\u016bs siekiant i\u0161vengti skys\u010dio nuot\u0117kio ir u\u017etikrinti tinkam\u0105 cilindro veikim\u0105. Naudojami \u012fvair\u016bs sandarinimo komponentai, tokie kaip st\u016bmokli\u0173 ir kot\u0173 sandarikliai, pagaminti i\u0161 atspari\u0173 dilimui med\u017eiag\u0173, toki\u0173 kaip poliuretanas ir nitrilo kau\u010diukas.<\/li>\n<li><strong>Patvarumas:<\/strong> Svirtiniai cilindrai paprastai gaminami i\u0161 didelio stiprumo med\u017eiag\u0173, toki\u0173 kaip plienas arba aliuminio lydinys, o cilindro cilindro ir strypo pavir\u0161ius yra kruop\u0161\u010diai apdorojamas, siekiant pagerinti atsparum\u0105 dilimui ir korozijai.<\/li>\n<li><strong>Saugumas:<\/strong> Projektuojant svirtinius cilindrus, saugumas yra svarbiausias prioritetas. Siekiant i\u0161vengti nelaiming\u0173 atsitikim\u0173 ir u\u017etikrinti saug\u0173 veikim\u0105, \u012frengtos tokios funkcijos kaip sl\u0117gio ma\u017einimo vo\u017etuvai ir saugos u\u017eraktai.<\/li>\n<li><strong>Prie\u017ei\u016bra:<\/strong> Svirties cilindro konstrukcija tur\u0117t\u0173 b\u016bti lengvai pri\u017ei\u016brima ir remontuojama, kad b\u016bt\u0173 galima pasiekti ir pakeisti tokius komponentus kaip sandarikliai ir guoliai nei\u0161montuojant viso cilindro. Norint u\u017etikrinti tinkam\u0105 veikim\u0105 ir ilg\u0105 tarnavimo laik\u0105, b\u016btina reguliariai keisti hidraulin\u0119 alyv\u0105 ir atlikti periodin\u0119 technin\u0119 prie\u017ei\u016br\u0105.<\/li>\n<\/ul>\n<p><img decoding=\"async\" src=\"https:\/\/www.hydraulic-cylinders.net\/wp-content\/uploads\/2025\/01\/songte-cylinder-head-with-all-kinds-excavator-models.webp\" alt=\"Dizaino vaizdas\"><\/p>\n<h3>Sandarinimas ir tepimas<\/h3>\n<p>Siekiant i\u0161vengti skys\u010dio nuot\u0117kio, naudojami \u012fvair\u016bs sandarinimo komponentai, tokie kaip st\u016bmokli\u0173 ir kot\u0173 sandarikliai, o d\u0117l atsparumo dilimui naudojamos tokios med\u017eiagos kaip poliuretanas ir nitrilo kau\u010diukas. Cilindro korpuso ir koto pavir\u0161iai kruop\u0161\u010diai apdorojami, siekiant pagerinti atsparum\u0105 dilimui ir korozijai. Norint u\u017etikrinti tinkam\u0105 tepim\u0105 ir pailginti cilindro tarnavimo laik\u0105, reikia reguliariai \u012fpilti tinkamos hidraulin\u0117s alyvos.<\/p>\n<h3>Prie\u017ei\u016bra ir remontas<\/h3>\n<ul>\n<li>Norint u\u017etikrinti tinkam\u0105 veikim\u0105 ir ilg\u0105 tarnavimo laik\u0105, b\u016btina reguliariai tikrinti ir pri\u017ei\u016br\u0117ti svirties cilindr\u0105. Tokius komponentus kaip sandarikliai ir guoliai reikia patikrinti ir prireikus pakeisti.<\/li>\n<li>Norint u\u017etikrinti tinkam\u0105 cilindro tepim\u0105, b\u016btina periodi\u0161kai keisti hidraulin\u0119 alyv\u0105.<\/li>\n<li>Reik\u0117t\u0173 atlikti prevencin\u0119 prie\u017ei\u016br\u0105, kad b\u016bt\u0173 galima aptikti ir u\u017ekirsti keli\u0105 galimoms problemoms prie\u0161 joms atsirandant, ir suma\u017einti \u012frangos prastovos laik\u0105.<\/li>\n<\/ul>\n<p><img decoding=\"async\" src=\"https:\/\/www.hydraulic-cylinders.net\/wp-content\/uploads\/2025\/01\/songte-chushion-collar.webp\" alt=\"Prie\u017ei\u016bros vaizdas\"><\/p>\n<h3>Diegimo vadovas<\/h3>\n<p>Svirties cilindro montavimas turi b\u016bti atliekamas pagal gamintojo instrukcijas, naudojant tinkamus \u012frankius ir \u012frang\u0105. Cilindras turi b\u016bti tvirtai pritvirtintas ir tinkamai sulygiuotas, kad neb\u016bt\u0173 pa\u017eeistas cilindras ir b\u016bt\u0173 u\u017etikrintas tinkamas veikimas. Hidraulin\u0117s \u017earnos ir jungiamosios detal\u0117s turi b\u016bti tinkamai sumontuotos, kad b\u016bt\u0173 i\u0161vengta nuot\u0117kio ir u\u017etikrintas tinkamas hidraulinis srautas.<\/p>\n<p><img decoding=\"async\" src=\"https:\/\/www.hydraulic-cylinders.net\/wp-content\/uploads\/2025\/01\/songte-bushings-with-all-kinds-of-excavator-models.webp\" alt=\"Diegimo vaizdas\"><\/p>\n<h3>Saugos ir aplinkosaugos aspektai<\/h3>\n<p>Sauga yra svarbiausias prioritetas naudojant hidraulin\u0119 \u012frang\u0105, tod\u0117l reikia imtis tinkam\u0173 saugos priemoni\u0173, kad b\u016bt\u0173 i\u0161vengta nelaiming\u0173 atsitikim\u0173 ir su\u017ealojim\u0173. Projektuojant ir naudojant hidraulin\u0119 \u012frang\u0105, taip pat reik\u0117t\u0173 atsi\u017evelgti \u012f tokius aplinkos veiksnius kaip temperat\u016bra ir dr\u0117gm\u0117, nes \u0161ie veiksniai gali tur\u0117ti \u012ftakos \u012frangos veikimui ir tarnavimo laikui.<\/p>\n<h3>Trik\u010di\u0173 \u0161alinimas ir da\u017eniausios problemos<\/h3>\n<ul>\n<li><strong>\u017demas cilindro na\u0161umas:<\/strong> Tai gali sukelti \u017eemas hidraulinis sl\u0117gis arba nepakankamas skys\u010dio kiekis cilindre. Hidraulin\u0119 sistem\u0105 ir skys\u010dio lyg\u012f reikia patikrinti ir prireikus sureguliuoti.<\/li>\n<li><strong>Skys\u010dio nuot\u0117kis:<\/strong> Tai gali sukelti pa\u017eeisti arba susid\u0117v\u0117j\u0119 sandarikliai, atsilaisvinusios jungtys arba pa\u017eeisti cilindro komponentai. Pa\u017eeistus komponentus reikia suremontuoti arba pakeisti pagal poreik\u012f.<\/li>\n<li><strong>Triuk\u0161mas:<\/strong> Tai gali sukelti susid\u0117v\u0117j\u0119 arba pa\u017eeisti komponentai, netinkamas sulygiavimas arba nepakankamas tepimas. Pa\u017eeistus komponentus reikia ap\u017ei\u016br\u0117ti ir prireikus suremontuoti arba pakeisti.<\/li>\n<\/ul>\n<p>Tinkama prie\u017ei\u016bra ir remontas gali pad\u0117ti i\u0161vengti \u0161i\u0173 ir kit\u0173 problem\u0173, u\u017etikrinant tinkam\u0105 svirties cilindro veikim\u0105 ir ilgesn\u012f tarnavimo laik\u0105.<\/p>\n<p><img decoding=\"async\" src=\"https:\/\/www.hydraulic-cylinders.net\/wp-content\/uploads\/2025\/01\/songte-company-4.webp\" alt=\"\u012emon\u0117s \u012fvaizdis\"><br \/>\n<img decoding=\"async\" src=\"https:\/\/www.hydraulic-cylinders.net\/wp-content\/uploads\/2025\/01\/songte-company-3.webp\" alt=\"\u012emon\u0117s \u012fvaizdis\"><\/p>\n<h3>Apie mus<\/h3>\n<p>Esame profesionalus pakaitini\u0173 hidraulini\u0173 cilindr\u0173 gamintojas, si\u016blantis plat\u0173 gamini\u0173 asortiment\u0105, ir tapome vienu i\u0161 pirmaujan\u010di\u0173 hidraulini\u0173 cilindr\u0173 gamintoj\u0173 ir didmenini\u0173 platintoj\u0173 vidaus ir tarptautin\u0117se rinkose. Visada laikom\u0117s puikios kokyb\u0117s principo ir pasikliaujame puikios gamybos dirbtuvi\u0173 pramonin\u0117s gamybos valdymo strategija, kad nuolat tobulintume savo technin\u012f lyg\u012f ir gamybos efektyvum\u0105. \u012ediegdami auk\u0161\u010diausios klas\u0117s skaitmenin\u0119 gamybos \u012frang\u0105 ir profesionalias bandym\u0173 sistemas, nuolat optimizuojame savo gamybos platform\u0105, tobuliname gamini\u0173 kokyb\u0117s kontrol\u0117s procesus ir turime stiprias inovacij\u0173 galimybes. M\u016bs\u0173 tikslas \u2013 patenkinti \u012fvairius klient\u0173 poreikius, taikant auk\u0161t\u0105 efektyvum\u0105, tikslum\u0105 ir auk\u0161tos kokyb\u0117s principus.<\/p>\n<ul>\n<li><strong>Profesionalus:<\/strong> Turime profesionali\u0105 projektavimo ir gamybos komand\u0105, kuri klientams teikia auk\u0161tos kokyb\u0117s individualias paslaugas.<\/li>\n<li><strong>Tarptautinis sertifikatas:<\/strong> Esame \u012fgij\u0119 ISO9001, CE ir kitus tarptautinius sertifikatus, u\u017etikrinan\u010dius m\u016bs\u0173 gamini\u0173 ir paslaug\u0173 kokyb\u0119.<\/li>\n<li><strong>Individualus aptarnavimas:<\/strong> Mes teikiame individualiai pritaikytas paslaugas savo klientams, si\u016blydami individualius sprendimus pagal j\u0173 konkre\u010dius taikymo reikalavimus.<\/li>\n<li><strong>Gamybos \u012franga:<\/strong> Turime pa\u017eangi\u0105 gamybos \u012frang\u0105, toki\u0105 kaip CNC stakl\u0117s, suvirinimo robotai ir bandym\u0173 sistemos, kad u\u017etikrintume m\u016bs\u0173 gamini\u0173 kokyb\u0119 ir nuoseklum\u0105.<\/li>\n<li><strong>Aptarnavimas po pardavimo:<\/strong> Siekdami u\u017etikrinti klient\u0173 pasitenkinim\u0105, teikiame i\u0161samias garantinio aptarnavimo paslaugas, \u012fskaitant technin\u0119 pagalb\u0105, gamini\u0173 prie\u017ei\u016br\u0105 ir remont\u0105.<\/li>\n<\/ul>\n<p>Tikim\u0117s u\u017emegzti ilgalaikius partneryst\u0117s ry\u0161ius su savo klientais ir teikti jiems auk\u0161\u010diausios kokyb\u0117s produktus bei paslaugas.<\/p>\n<p>Autorius: lyl.<\/p>","protected":false},"excerpt":{"rendered":"<p>Arm Cylinder For Xiniu XNX8 Introduction An arm cylinder is a specially designed hydraulic cylinder that is mainly used to provide linear motion and power to the arms of various machinery, such as excavators, cranes, and mechanical arms. Arm cylinders play a critical role in hydraulic systems, enabling attached tools or accessories to be efficiently [&hellip;]<\/p>","protected":false},"featured_media":14786,"comment_status":"open","ping_status":"closed","template":"","meta":{"_et_pb_use_builder":"","_et_pb_old_content":"","_et_gb_content_width":""},"product_brand":[],"product_cat":[1497],"product_tag":[1498,1496],"class_list":{"0":"post-16938","1":"product","2":"type-product","3":"status-publish","4":"has-post-thumbnail","6":"product_cat-arm-cylinders","7":"product_tag-arm-cylinders","8":"product_tag-hydraulic-cylinders","10":"first","11":"instock","12":"shipping-taxable","13":"product-type-simple"},"amp_enabled":true,"_links":{"self":[{"href":"https:\/\/www.hydraulic-cylinders.net\/lt\/wp-json\/wp\/v2\/product\/16938","targetHints":{"allow":["GET"]}}],"collection":[{"href":"https:\/\/www.hydraulic-cylinders.net\/lt\/wp-json\/wp\/v2\/product"}],"about":[{"href":"https:\/\/www.hydraulic-cylinders.net\/lt\/wp-json\/wp\/v2\/types\/product"}],"replies":[{"embeddable":true,"href":"https:\/\/www.hydraulic-cylinders.net\/lt\/wp-json\/wp\/v2\/comments?post=16938"}],"wp:featuredmedia":[{"embeddable":true,"href":"https:\/\/www.hydraulic-cylinders.net\/lt\/wp-json\/wp\/v2\/media\/14786"}],"wp:attachment":[{"href":"https:\/\/www.hydraulic-cylinders.net\/lt\/wp-json\/wp\/v2\/media?parent=16938"}],"wp:term":[{"taxonomy":"product_brand","embeddable":true,"href":"https:\/\/www.hydraulic-cylinders.net\/lt\/wp-json\/wp\/v2\/product_brand?post=16938"},{"taxonomy":"product_cat","embeddable":true,"href":"https:\/\/www.hydraulic-cylinders.net\/lt\/wp-json\/wp\/v2\/product_cat?post=16938"},{"taxonomy":"product_tag","embeddable":true,"href":"https:\/\/www.hydraulic-cylinders.net\/lt\/wp-json\/wp\/v2\/product_tag?post=16938"}],"curies":[{"name":"wp","href":"https:\/\/api.w.org\/{rel}","templated":true}]}}