{"id":16941,"date":"2025-01-21T06:14:25","date_gmt":"2025-01-21T06:14:25","guid":{"rendered":"https:\/\/www.hydraulic-cylinders.net\/product\/arm-cylinder-for-kato-small-excavator-hd550-1-7\/"},"modified":"2025-01-21T06:14:27","modified_gmt":"2025-01-21T06:14:27","slug":"arm-cylinder-for-kato-small-excavator-hd550-1-7","status":"publish","type":"product","link":"https:\/\/www.hydraulic-cylinders.net\/lt\/produktas\/arm-cylinder-for-kato-small-excavator-hd550-1-7\/","title":{"rendered":"Kato ma\u017eo ekskavatoriaus HD550-1-7 rankos cilindras"},"content":{"rendered":"<h1>Kato ma\u017eo ekskavatoriaus HD550-1-7 rankos cilindras<\/h1>\n<h2>\u012evadas<\/h2>\n<p>Svirties cilindras yra specializuotas hidraulinis cilindras, u\u017etikrinantis tiesin\u012f jud\u0117jim\u0105 ir gali\u0105 \u012fvairi\u0173 ma\u0161in\u0173, toki\u0173 kaip ekskavatoriai, kranai ir robotin\u0117s svirtys, svirtims. Svirties cilindras atlieka labai svarb\u0173 vaidmen\u012f hidraulin\u0117je sistemoje, nes leid\u017eia efektyviai jud\u0117ti ir valdyti priedus ar priedus. \u0160ie cilindrai ne tik u\u017etikrina skland\u0173 jud\u0117jim\u0105, bet ir atlaiko dideles apkrovas, u\u017etikrindami efektyv\u0173 ma\u0161in\u0173 veikim\u0105 ir patikimum\u0105 \u012fvairiomis darbo s\u0105lygomis.<\/p>\n<p><img decoding=\"async\" src=\"https:\/\/www.hydraulic-cylinders.net\/wp-content\/uploads\/2025\/01\/songte-company-2.webp\"><\/p>\n<h2>Savyb\u0117s<\/h2>\n<h3>Didelio efektyvumo transmisija<\/h3>\n<p>Svirties cilindras u\u017etikrina galing\u0105 tiesin\u012f judes\u012f ir j\u0117g\u0105, u\u017etikrindamas auk\u0161t\u0105 mechanin\u0117s svirties efektyvum\u0105 atliekant \u012fvairias operacijas.<\/p>\n<h3>Tikslus valdymas<\/h3>\n<p>Svirties cilindras gali tiksliai valdyti judes\u012f per hidraulin\u0119 sistem\u0105, tod\u0117l pried\u0173 valdymas yra lankstesnis ir tikslesnis.<\/p>\n<h3>Stiprus patvarumas<\/h3>\n<p>Svirties cilindras paprastai pagamintas i\u0161 didelio stiprumo med\u017eiag\u0173 ir pasi\u017eymi geru atsparumu dilimui bei korozijai, tod\u0117l tinka ilgalaikiam naudojimui at\u0161iauriomis s\u0105lygomis.<\/p>\n<h3>Daugiafunkcinis prisitaikymas<\/h3>\n<p>\u0160ie cilindrai gali b\u016bti pla\u010diai naudojami \u012fvairiuose mechaniniuose \u012frenginiuose, tokiuose kaip ekskavatoriai, kranai ir robotin\u0117s rankos, kad atitikt\u0173 skirtingus darbo reikalavimus.<\/p>\n<h3>Lengva prie\u017ei\u016bra<\/h3>\n<p>Sukurtas lengvam techniniam aptarnavimui ir keitimui, cilindras leid\u017eia patogiau reguliariai tikrinti ir pri\u017ei\u016br\u0117ti, taip suma\u017einant \u012frangos prastov\u0173 laik\u0105.<\/p>\n<p><img decoding=\"async\" src=\"https:\/\/www.hydraulic-cylinders.net\/wp-content\/uploads\/2025\/01\/songte-oil-pipes-and-spare-parts.webp\"><\/p>\n<h2>Parai\u0161kos<\/h2>\n<p>Svirtinis cilindras pla\u010diai naudojamas \u012fvairiose pramon\u0117s \u0161akose, \u012fskaitant:<\/p>\n<h3>Statybos in\u017einerija<\/h3>\n<p>Ekskavatoriuose ir kranuose svirties cilindras naudojamas kau\u0161o arba str\u0117l\u0117s jud\u0117jimui valdyti atliekant \u017eem\u0117s darbus, med\u017eiag\u0173 tvarkym\u0105 ir konstrukcij\u0173 montavim\u0105.<\/p>\n<h3>Gamyba<\/h3>\n<p>Automatizuotose gamybos linijose rankos cilindras naudojamas robotini\u0173 rank\u0173 jud\u0117jimui valdyti surinkimo, suvirinimo ir tvarkymo procesuose, taip pagerinant gamybos efektyvum\u0105 ir tikslum\u0105.<\/p>\n<h3>\u017dem\u0117s \u016bkio technika<\/h3>\n<p>\u017dem\u0117s \u016bkio technikose, tokiose kaip derliaus nu\u0117mimo ma\u0161inos ir s\u0117jamosios, svirties cilindras valdo valdymo svirties judes\u012f atliekant tokias u\u017eduotis kaip s\u0117ja, tr\u0119\u0161imas ir derliaus nu\u0117mimas.<\/p>\n<h3>Kasyba<\/h3>\n<p>Kasybos \u012frangoje svirties cilindras naudojamas kasybos \u012frangos svirties jud\u0117jimui valdyti kasybos ir med\u017eiag\u0173 tvarkymo srityje.<\/p>\n<h3>Logistika ir transportas<\/h3>\n<p>\u0160akiniuose krautuvuose ir tvarkymo robotuose rankos cilindras naudojamas \u0161ak\u0117s k\u0117limui ir jud\u0117jimui valdyti, taip u\u017etikrinant med\u017eiag\u0173 tvarkym\u0105 ir krovim\u0105.<\/p>\n<p><img decoding=\"async\" src=\"https:\/\/www.hydraulic-cylinders.net\/wp-content\/uploads\/2025\/01\/songte-chushion-collar.webp\"><\/p>\n<h2>Projektavimo aspektai ir atrankos standartai<\/h2>\n<p>Svirtinio cilindro konstrukcija atsi\u017evelgia \u012f jo laikom\u0105j\u0105 gali\u0105, sandarum\u0105, ilgaam\u017ei\u0161kum\u0105, saugum\u0105 ir prie\u017ei\u016br\u0105.<\/p>\n<h3>Apkrovos paj\u0117gumas<\/h3>\n<p>Svirties cilindras yra suprojektuotas taip, kad atlaikyt\u0173 \u012fvairi\u0173 mechanini\u0173 \u012frengini\u0173 apkrov\u0105, u\u017etikrindamas stabil\u0173 ir efektyv\u0173 mechanizm\u0173 veikim\u0105.<\/p>\n<h3>Sandarinimas<\/h3>\n<p>Svirties cilindre naudojami \u012fvair\u016bs sandarinimo \u012ftaisai, tokie kaip st\u016bmoklio ir koto sandarikliai, pagaminti i\u0161 atspari\u0173 dilimui med\u017eiag\u0173, toki\u0173 kaip poliuretanas ir nitrilo kau\u010diukas. Cilindro korpusas ir sriegio galiniai pavir\u0161iai yra tiksliai apdirbti, siekiant pagerinti atsparum\u0105 dilimui. Tepimui reikia reguliariai papildyti hidraulin\u0117s alyvos.<\/p>\n<h3>Patvarumas<\/h3>\n<p>Svirties cilindras pagamintas i\u0161 didelio stiprumo med\u017eiag\u0173, toki\u0173 kaip legiruotas plienas, kad b\u016bt\u0173 u\u017etikrintas jo ilgaam\u017ei\u0161kumas ir atsparumas korozijai at\u0161iauriomis s\u0105lygomis.<\/p>\n<h3>Saugumas<\/h3>\n<p>Gamybos metu atliekama grie\u017eta kokyb\u0117s kontrol\u0117 ir bandymai, siekiant u\u017etikrinti svirties cilindro saugum\u0105 naudojimo metu. Be to, ma\u0161inoje \u012frengtos saugos priemon\u0117s, tokios kaip apsauga nuo perkrovos ir avarinio stabdymo mygtukai.<\/p>\n<h3>Prie\u017ei\u016bra<\/h3>\n<p>Svirties cilindras suprojektuotas taip, kad j\u012f b\u016bt\u0173 lengva pri\u017ei\u016br\u0117ti ir pakeisti, taip suma\u017einant prastovas ir prie\u017ei\u016bros i\u0161laidas.<\/p>\n<p><img decoding=\"async\" src=\"https:\/\/www.hydraulic-cylinders.net\/wp-content\/uploads\/2025\/01\/songte-cylinder-head-with-all-kinds-excavator-models.webp\"><\/p>\n<h2>\u012erengimo gair\u0117s<\/h2>\n<p>Prie\u0161 diegdami, pra\u0161ome vadovautis \u0161iomis gair\u0117mis:<\/p>\n<ul>\n<li>B\u016btinai naudokite tinkamus \u012frankius ir \u012frang\u0105.<\/li>\n<li>I\u0161valykite montavimo viet\u0105 ir \u012fsitikinkite, kad ji lygi ir stabili.<\/li>\n<li>Patikrinkite visas dalis, ar n\u0117ra pa\u017eeidim\u0173 ar deformacij\u0173.<\/li>\n<li>Sumontuokite svirties cilindr\u0105 pagal instrukcijas ir \u012fsitikinkite, kad visos jungtys yra tvirtos ir tinkamai priver\u017etos.<\/li>\n<li>\u012epilkite hidraulin\u0117s alyvos ir patikrinkite, ar n\u0117ra nuot\u0117ki\u0173.<\/li>\n<li>Prie\u0161 naudodami patikrinkite, ar rankenos cilindras tinkamai veikia.<\/li>\n<\/ul>\n<p><img decoding=\"async\" src=\"https:\/\/www.hydraulic-cylinders.net\/wp-content\/uploads\/2025\/01\/songte-bushings-with-all-kinds-of-excavator-models.webp\"><\/p>\n<h2>Saugos aspektai ir aplinkos veiksniai<\/h2>\n<p>Naudojant cilindr\u0105 su rankena, svarbu laikytis saugos priemoni\u0173, pvz., d\u0117v\u0117ti apsauginius drabu\u017eius, tikrinti, ar n\u0117ra nuot\u0117ki\u0173, ir vengti perkrovos. Be to, svarbu atsi\u017evelgti \u012f aplinkos veiksnius, tokius kaip temperat\u016bra ir dr\u0117gm\u0117, kurie gali tur\u0117ti \u012ftakos cilindro veikimui.<\/p>\n<h2>Trik\u010di\u0173 \u0161alinimas ir da\u017eniausios problemos<\/h2>\n<p>Da\u017eniausios svirties cilindro problemos yra nuot\u0117kiai, ne\u012fprastas triuk\u0161mas ir nepakankama galia. Jei kyla \u0161i\u0173 problem\u0173, atlikite \u0161iuos trik\u010di\u0173 \u0161alinimo veiksmus:<\/p>\n<ul>\n<li>Patikrinkite, ar n\u0117ra hidraulin\u0117s alyvos nuot\u0117ki\u0173, ir pakeiskite susid\u0117v\u0117jusius sandariklius.<\/li>\n<li>Patikrinkite, ar nepa\u017eeistas st\u016bmoklio kotas arba cilindro korpusas, ir prireikus pakeiskite.<\/li>\n<li>Patikrinkite, ar hidraulinis siurblys ar vo\u017etuvas nepa\u017eeisti, ir prireikus pakeiskite.<\/li>\n<\/ul>\n<p>Norint i\u0161vengti problem\u0173, svarbu reguliariai atlikti technin\u0119 prie\u017ei\u016br\u0105 ir patikras, pavyzd\u017eiui, tikrinti hidraulin\u0117s alyvos lyg\u012f ir sutepti cilindr\u0105.<\/p>\n<p><img decoding=\"async\" src=\"https:\/\/www.hydraulic-cylinders.net\/wp-content\/uploads\/2025\/01\/songte-company-4.webp\"><br \/>\n<img decoding=\"async\" src=\"https:\/\/www.hydraulic-cylinders.net\/wp-content\/uploads\/2025\/01\/songte-company-3.webp\"><\/p>\n<h2>Apie mus<\/h2>\n<p>Esame profesionalus pakaitini\u0173 hidraulini\u0173 cilindr\u0173 gamintojas, si\u016blantis plat\u0173 produkt\u0173 ir paslaug\u0173 asortiment\u0105. Tapome vienu i\u0161 pirmaujan\u010di\u0173 hidraulini\u0173 cilindr\u0173 gamintoj\u0173 ir didmenini\u0173 platintoj\u0173 vidaus ir tarptautin\u0117se rinkose. Vadovaujam\u0117s puikios kokyb\u0117s principu, remdamiesi industrializuota gamybos valdymo strategija i\u0161tobulintame gamybos ceche, ir nuolat tobuliname savo technologijas bei gamybos efektyvum\u0105. Diegdami auk\u0161\u010diausios klas\u0117s skaitmenin\u0119 gamybos \u012frang\u0105 ir profesionalias testavimo sistemas, optimizuojame gamybos platform\u0105, tobuliname gamini\u0173 kokyb\u0117s kontrol\u0117s proces\u0105 ir turime stiprias inovacij\u0173 galimybes. M\u016bs\u0173 tikslas \u2013 patenkinti \u012fvairius klient\u0173 poreikius, vadovaujantis efektyvumo, tikslumo ir auk\u0161tos kokyb\u0117s principais.<\/p>\n<p>Be kita ko, si\u016blome profesionalias paslaugas, tarptautin\u012f sertifikavim\u0105, individualiai pritaikytas paslaugas, pa\u017eangi\u0105 gamybos \u012frang\u0105 ir garantin\u012f aptarnavim\u0105.<\/p>\n<h3>Profesionalumas<\/h3>\n<p>M\u016bs\u0173 komand\u0105 sudaro patyr\u0119 ir kvalifikuoti specialistai, teikiantys auk\u0161tos kokyb\u0117s ir efektyvias paslaugas, kad patenkint\u0173 klient\u0173 poreikius.<\/p>\n<h3>Tarptautinis sertifikavimas<\/h3>\n<p>Esame gav\u0119 ISO 9001:2015, CE ir kitus tarptautinius sertifikatus, kurie u\u017etikrina m\u016bs\u0173 gamini\u0173 kokyb\u0119 ir patikimum\u0105.<\/p>\n<h3>Individualiai pritaikytos paslaugos<\/h3>\n<p>Mes teikiame individualiai pritaikytas paslaugas, kad patenkintume unikalius klient\u0173 reikalavimus, tokias kaip gamini\u0173 dizainas ir k\u016brimas bei OEM paslaugos.<\/p>\n<h3>Pa\u017eangi gamybos \u012franga<\/h3>\n<p>\u012edieg\u0117me pa\u017eangi\u0105 skaitmenin\u0119 gamybos \u012frang\u0105 ir testavimo sistemas, siekdami pagerinti gamybos efektyvum\u0105 ir gamini\u0173 kokyb\u0119.<\/p>\n<h3>Aptarnavimas po pardavimo<\/h3>\n<p>Siekdami u\u017etikrinti klient\u0173 pasitenkinim\u0105, teikiame i\u0161samias garantinio aptarnavimo paslaugas, tokias kaip technin\u0117 pagalba, prie\u017ei\u016bra ir remontas.<\/p>\n<p>Autorius: lyl<\/p>","protected":false},"excerpt":{"rendered":"<p>Arm Cylinder For Kato Small Excavator HD550-1-7 Introduction Arm cylinder is a type of specialized hydraulic cylinder that provides linear motion and power to the arms of various machinery, such as excavators, cranes, and robotic arms. The arm cylinder plays a crucial role in the hydraulic system, allowing for effective movement and control of attachments [&hellip;]<\/p>","protected":false},"featured_media":14777,"comment_status":"open","ping_status":"closed","template":"","meta":{"_et_pb_use_builder":"","_et_pb_old_content":"","_et_gb_content_width":""},"product_brand":[],"product_cat":[1497],"product_tag":[1498,1496],"class_list":{"0":"post-16941","1":"product","2":"type-product","3":"status-publish","4":"has-post-thumbnail","6":"product_cat-arm-cylinders","7":"product_tag-arm-cylinders","8":"product_tag-hydraulic-cylinders","10":"first","11":"instock","12":"shipping-taxable","13":"product-type-simple"},"amp_enabled":true,"_links":{"self":[{"href":"https:\/\/www.hydraulic-cylinders.net\/lt\/wp-json\/wp\/v2\/product\/16941","targetHints":{"allow":["GET"]}}],"collection":[{"href":"https:\/\/www.hydraulic-cylinders.net\/lt\/wp-json\/wp\/v2\/product"}],"about":[{"href":"https:\/\/www.hydraulic-cylinders.net\/lt\/wp-json\/wp\/v2\/types\/product"}],"replies":[{"embeddable":true,"href":"https:\/\/www.hydraulic-cylinders.net\/lt\/wp-json\/wp\/v2\/comments?post=16941"}],"wp:featuredmedia":[{"embeddable":true,"href":"https:\/\/www.hydraulic-cylinders.net\/lt\/wp-json\/wp\/v2\/media\/14777"}],"wp:attachment":[{"href":"https:\/\/www.hydraulic-cylinders.net\/lt\/wp-json\/wp\/v2\/media?parent=16941"}],"wp:term":[{"taxonomy":"product_brand","embeddable":true,"href":"https:\/\/www.hydraulic-cylinders.net\/lt\/wp-json\/wp\/v2\/product_brand?post=16941"},{"taxonomy":"product_cat","embeddable":true,"href":"https:\/\/www.hydraulic-cylinders.net\/lt\/wp-json\/wp\/v2\/product_cat?post=16941"},{"taxonomy":"product_tag","embeddable":true,"href":"https:\/\/www.hydraulic-cylinders.net\/lt\/wp-json\/wp\/v2\/product_tag?post=16941"}],"curies":[{"name":"wp","href":"https:\/\/api.w.org\/{rel}","templated":true}]}}