{"id":16943,"date":"2025-01-21T06:14:33","date_gmt":"2025-01-21T06:14:33","guid":{"rendered":"https:\/\/www.hydraulic-cylinders.net\/product\/arm-cylinder-for-kato-small-excavator-hd900-5-7\/"},"modified":"2025-01-21T06:14:35","modified_gmt":"2025-01-21T06:14:35","slug":"arm-cylinder-for-kato-small-excavator-hd900-5-7","status":"publish","type":"product","link":"https:\/\/www.hydraulic-cylinders.net\/lt\/produktas\/arm-cylinder-for-kato-small-excavator-hd900-5-7\/","title":{"rendered":"Kato ma\u017eo ekskavatoriaus HD900-5-7 rankos cilindras"},"content":{"rendered":"<p>Kato ma\u017eo ekskavatoriaus HD900-5-7 rankos cilindras<\/p>\n<p>Svirties cilindras yra specialiai sukurtas hidraulinis cilindras, u\u017etikrinantis tiesin\u012f jud\u0117jim\u0105 ir gali\u0105 \u012fvairi\u0173 tip\u0173 ma\u0161in\u0173, toki\u0173 kaip ekskavatoriai, kranai ir manipuliatoriai, svir\u010diai. Svirties cilindrai atlieka labai svarb\u0173 vaidmen\u012f hidraulin\u0117se sistemose, nes leid\u017eia efektyviai jud\u0117ti ir valdyti papildomus \u012frankius ar priedus. \u0160ie cilindrai ne tik u\u017etikrina skland\u0173 jud\u0117jim\u0105, bet ir atlaiko dideles apkrovas, u\u017etikrindami efektyv\u0173 ma\u0161in\u0173 veikim\u0105 ir patikimum\u0105 \u012fvairiomis darbo s\u0105lygomis.<\/p>\n<p><img decoding=\"async\" src=\"https:\/\/www.hydraulic-cylinders.net\/wp-content\/uploads\/2025\/01\/songte-company-2.webp\"><\/p>\n<p>Svirtinio cilindro savyb\u0117s:<\/p>\n<p>1. Didelio efektyvumo transmisija: Svirties cilindras u\u017etikrina galing\u0105 tiesin\u012f judes\u012f ir j\u0117g\u0105, u\u017etikrindamas auk\u0161t\u0105 ma\u0161in\u0173 svir\u010di\u0173 efektyvum\u0105 \u012fvairi\u0173 operacij\u0173 metu.<\/p>\n<p>2. Tikslus valdymas: Hidraulin\u0117s sistemos d\u0117ka svirties cilindrai gali tiksliai valdyti judes\u012f, tod\u0117l papildom\u0173 \u012franki\u0173 valdymas tampa lankstesnis ir tikslesnis.<\/p>\n<p>3. Didelis patvarumas: Svirtiniai cilindrai paprastai gaminami i\u0161 didelio stiprumo med\u017eiag\u0173, pasi\u017eymin\u010di\u0173 geru atsparumu dilimui ir korozijai, tod\u0117l tinkami ilgalaikiam naudojimui at\u0161iauriomis s\u0105lygomis.<\/p>\n<p>4. Universalus pritaikomumas: \u0160ie cilindrai gali b\u016bti pla\u010diai naudojami \u012fvairiuose mechaniniuose \u012frenginiuose, tokiuose kaip ekskavatoriai, kranai ir manipuliatoriai, kad atitikt\u0173 skirtingus darbo reikalavimus.<\/p>\n<p>5. Lengva prie\u017ei\u016bra: Projektuojant atsi\u017evelgiama \u012f paprast\u0105 prie\u017ei\u016br\u0105 ir keitim\u0105, tod\u0117l reguliari ap\u017ei\u016bra ir prie\u017ei\u016bra yra patogesn\u0117, o \u012frangos prastovos laikas sutrump\u0117ja.<\/p>\n<p>M\u016bs\u0173 gaminys gali puikiai pakeisti \u0161iuos hidraulinius cilindrus.<\/p>\n<p><img decoding=\"async\" src=\"https:\/\/www.hydraulic-cylinders.net\/wp-content\/uploads\/2025\/01\/songte-oil-pipes-and-spare-parts.webp\"><\/p>\n<p>Rankinio cilindro taikymas:<\/p>\n<p>1. Statybos in\u017einerija: ekskavatoriuose ir kranuose str\u0117li\u0173 cilindrai naudojami kau\u0161\u0173 ar str\u0117li\u0173 jud\u0117jimui valdyti, atliekant \u017eem\u0117s darbus, tvarkant med\u017eiagas ir montuojant konstrukcijas.<\/p>\n<p>2. Gamybos pramon\u0117: Automatizuotose gamybos linijose manipuliatori\u0173 jud\u0117jimui, pvz., surinkimui, suvirinimui ir tvarkymui, naudojami svirtiniai cilindrai, siekiant pagerinti gamybos efektyvum\u0105 ir tikslum\u0105.<\/p>\n<p>3. \u017dem\u0117s \u016bkio technika: \u017dem\u0117s \u016bkio technikoje, pavyzd\u017eiui, derliaus nu\u0117mimo ir s\u0117jamosiose, svirties cilindrai valdo valdymo svirties judes\u012f, atlikdami tokias u\u017eduotis kaip sodinimas, tr\u0119\u0161imas ir derliaus nu\u0117mimas.<\/p>\n<p>4. Kasyba: Kasybos \u012frangoje svirties cilindrai naudojami kasybos \u012frangos svirties jud\u0117jimui valdyti, atliekant kasyb\u0105 ir r\u016bd\u0173 transportavim\u0105.<\/p>\n<p>5. Logistika ir transportavimas: \u0160akiniuose krautuvuose ir tvarkymo robotuose ranken\u0173 cilindrai naudojami \u0161aki\u0173 k\u0117limui ir jud\u0117jimui valdyti, kad b\u016bt\u0173 galima tvarkyti ir sukrauti med\u017eiagas.<\/p>\n<p>Svirties cilindro projektavimo aspektai ir atrankos kriterijai:<\/p>\n<p>1. Guoli\u0173 galia: Svirties cilindro konstrukcija atsi\u017evelgia \u012f cilindro guoli\u0173 gali\u0105, kuri lemia maksimali\u0105 apkrov\u0105, kuri\u0105 jis gali atlaikyti.<\/p>\n<p>2. Sandarinimas: Cilindre naudojami \u012fvair\u016bs sandarinimo elementai, tokie kaip st\u016bmoklio sandarikliai ir strypo sandarikliai, kurie pagaminti i\u0161 atspari\u0173 dilimui med\u017eiag\u0173, toki\u0173 kaip poliuretanas ir nitrilo kau\u010diukas.<\/p>\n<p>3. Patvarumas: Cilindro korpusas ir sriegio galo pavir\u0161ius yra smulkiai apdirbti, siekiant pagerinti atsparum\u0105 dilimui, o cilindras paprastai gaminamas i\u0161 didelio stiprumo med\u017eiag\u0173, kad b\u016bt\u0173 u\u017etikrintas patvarumas.<\/p>\n<p>4. Saugumas: Svirties cilindro konstrukcija atsi\u017evelgia \u012f jo veikimo saugum\u0105, pavyzd\u017eiui, \u012f buferini\u0173 \u012ftais\u0173 naudojim\u0105, siekiant i\u0161vengti sm\u016bgio sukeltos \u017ealos.<\/p>\n<p>5. Prie\u017ei\u016bra: Svirties cilindro konstrukcija skirta jo komponent\u0173 prie\u017ei\u016brai ir keitimui, u\u017etikrinant lengv\u0105 prieig\u0105 prie cilindro galvut\u0117s ir st\u016bmoklio.<\/p>\n<p><img decoding=\"async\" src=\"https:\/\/www.hydraulic-cylinders.net\/wp-content\/uploads\/2025\/01\/songte-cylinder-head-with-all-kinds-excavator-models.webp\"><\/p>\n<p>Svirties cilindro sandarinimas ir tepimas:<\/p>\n<p>Svirtiniuose cilindruose naudojami \u012fvair\u016bs sandarinimo elementai, tokie kaip st\u016bmokli\u0173 ir kot\u0173 sandarikliai, pagaminti i\u0161 atspari\u0173 dilimui med\u017eiag\u0173, toki\u0173 kaip poliuretanas ir nitrilo kau\u010diukas. Cilindro korpusas ir sriegio galo pavir\u0161ius yra kruop\u0161\u010diai apdirbti, siekiant pagerinti atsparum\u0105 dilimui. Norint u\u017etikrinti skland\u0173 cilindro veikim\u0105, reikia reguliariai pildyti hidraulin\u0119 alyv\u0105 tepimui.<\/p>\n<p>Reguliarios patikros ir prevencin\u0117s prie\u017ei\u016bros priemon\u0117s:<\/p>\n<p>Reguliarus cilindro patikrinimas gali pad\u0117ti aptikti galimas problemas ir u\u017ekirsti keli\u0105 rimtesn\u0117ms problemoms. Kai kurios da\u017enos problemos, kurios gali kilti su cilindro rankena, yra cilindro nuot\u0117kis ir koto sandariklio pa\u017eeidimas. Reguliarus sandarikli\u0173 pri\u017ei\u016br\u0117jimas ir keitimas gali pad\u0117ti i\u0161vengti \u0161i\u0173 problem\u0173.<\/p>\n<p>Svirties cilindro montavimo vadovas:<\/p>\n<p>1. \u012esitikinkite, kad hidraulin\u0117 sistema yra i\u0161jungta ir sl\u0117gis i\u0161leistas.<\/p>\n<p>2. Sumontuokite cilindr\u0105 pagal gamintojo pateiktas montavimo instrukcijas.<\/p>\n<p>3. Prijunkite hidraulinius vamzd\u017eius pagal ant vamzd\u017ei\u0173 pa\u017eym\u0117tus \u017eenklus.<\/p>\n<p>4. Patikrinkite, ar cilindras nepraleid\u017eia vandens, ir \u012fsitikinkite, kad jis veikia tinkamai.<\/p>\n<p><img decoding=\"async\" src=\"https:\/\/www.hydraulic-cylinders.net\/wp-content\/uploads\/2025\/01\/songte-bushings-with-all-kinds-of-excavator-models.webp\"><\/p>\n<p>Svirties cilindro saugos aspektai ir aplinkos veiksniai:<\/p>\n<p>Svirties cilindro veikimas reikalauja grie\u017et\u0173 saugos priemoni\u0173, kad b\u016bt\u0173 i\u0161vengta nelaiming\u0173 atsitikim\u0173. Operatoriai tur\u0117t\u0173 b\u016bti apmokyti saugiai ir efektyviai valdyti ma\u0161inas. Taip pat eksploatacijos metu reik\u0117t\u0173 atsi\u017evelgti \u012f aplinkos veiksnius, tokius kaip temperat\u016bra ir dr\u0117gm\u0117, siekiant u\u017etikrinti tinkam\u0105 hidraulin\u0117s sistemos veikim\u0105.<\/p>\n<p>Svirties cilindro trik\u010di\u0173 \u0161alinimas ir da\u017eniausios problemos:<\/p>\n<p>Da\u017eniausios svirties cilindro problemos yra cilindro nuot\u0117kis, strypo sandariklio pa\u017eeidimas ir ne\u012fprastas triuk\u0161mas veikimo metu. Nor\u0117dami pa\u0161alinti \u0161ias problemas, patikrinkite, ar cilindras nepa\u017eeistas, ir prireikus pakeiskite sandariklius ar kitus komponentus. Reguliarus techninis aptarnavimas ir ap\u017ei\u016bra gali pad\u0117ti i\u0161vengti \u0161i\u0173 problem\u0173.<\/p>\n<p><img decoding=\"async\" src=\"https:\/\/www.hydraulic-cylinders.net\/wp-content\/uploads\/2025\/01\/songte-chushion-collar.webp\"><\/p>\n<p>Esame profesionalus pakaitini\u0173 hidraulini\u0173 cilindr\u0173 gamintojas, si\u016blantis plat\u0173 gamini\u0173 asortiment\u0105, ir tapome vienu i\u0161 pirmaujan\u010di\u0173 hidraulini\u0173 cilindr\u0173 gamintoj\u0173 ir didmenini\u0173 platintoj\u0173 vidaus ir u\u017esienio rinkose. Visada laikom\u0117s puikios kokyb\u0117s principo, remdamiesi industrializuota gamybos valdymo strategija, skirta smulkios gamybos dirbtuv\u0117ms, kad nuolat tobulintume savo technin\u012f lyg\u012f ir gamybos efektyvum\u0105. \u012ediegdami auk\u0161\u010diausios klas\u0117s skaitmenin\u0119 gamybos \u012frang\u0105 ir profesionalias tikrinimo sistemas, nuolat optimizuojame savo gamybos platform\u0105, tobuliname gamini\u0173 kokyb\u0117s kontrol\u0117s proces\u0105 ir turime stiprias inovacij\u0173 galimybes. M\u016bs\u0173 tikslas \u2013 efektyviai, tiksliai ir auk\u0161ta kokybe patenkinti \u012fvairius klient\u0173 poreikius.<\/p>\n<p>Teikiame profesionalias paslaugas, tarptautin\u012f sertifikavim\u0105, individualiai pritaikytas paslaugas, gamybos \u012frang\u0105 ir garantin\u012f aptarnavim\u0105. <\/p>\n<p><img decoding=\"async\" src=\"https:\/\/www.hydraulic-cylinders.net\/wp-content\/uploads\/2025\/01\/songte-company-4.webp\"> <img decoding=\"async\" src=\"https:\/\/www.hydraulic-cylinders.net\/wp-content\/uploads\/2025\/01\/songte-company-3.webp\"><\/p>\n<p>Autorius: lyl<\/p>","protected":false},"excerpt":{"rendered":"<p>Arm Cylinder For Kato Small Excavator HD900-5-7 Arm cylinder is a specifically designed hydraulic cylinder that provides linear motion and power to the arm of various types of machinery, such as excavators, cranes, and manipulators. Arm cylinders play a crucial role in hydraulic systems, allowing for effective movement and control of additional tools or attachments. [&hellip;]<\/p>","protected":false},"featured_media":14772,"comment_status":"open","ping_status":"closed","template":"","meta":{"_et_pb_use_builder":"","_et_pb_old_content":"","_et_gb_content_width":""},"product_brand":[],"product_cat":[1497],"product_tag":[1498,1496],"class_list":{"0":"post-16943","1":"product","2":"type-product","3":"status-publish","4":"has-post-thumbnail","6":"product_cat-arm-cylinders","7":"product_tag-arm-cylinders","8":"product_tag-hydraulic-cylinders","10":"first","11":"instock","12":"shipping-taxable","13":"product-type-simple"},"amp_enabled":true,"_links":{"self":[{"href":"https:\/\/www.hydraulic-cylinders.net\/lt\/wp-json\/wp\/v2\/product\/16943","targetHints":{"allow":["GET"]}}],"collection":[{"href":"https:\/\/www.hydraulic-cylinders.net\/lt\/wp-json\/wp\/v2\/product"}],"about":[{"href":"https:\/\/www.hydraulic-cylinders.net\/lt\/wp-json\/wp\/v2\/types\/product"}],"replies":[{"embeddable":true,"href":"https:\/\/www.hydraulic-cylinders.net\/lt\/wp-json\/wp\/v2\/comments?post=16943"}],"wp:featuredmedia":[{"embeddable":true,"href":"https:\/\/www.hydraulic-cylinders.net\/lt\/wp-json\/wp\/v2\/media\/14772"}],"wp:attachment":[{"href":"https:\/\/www.hydraulic-cylinders.net\/lt\/wp-json\/wp\/v2\/media?parent=16943"}],"wp:term":[{"taxonomy":"product_brand","embeddable":true,"href":"https:\/\/www.hydraulic-cylinders.net\/lt\/wp-json\/wp\/v2\/product_brand?post=16943"},{"taxonomy":"product_cat","embeddable":true,"href":"https:\/\/www.hydraulic-cylinders.net\/lt\/wp-json\/wp\/v2\/product_cat?post=16943"},{"taxonomy":"product_tag","embeddable":true,"href":"https:\/\/www.hydraulic-cylinders.net\/lt\/wp-json\/wp\/v2\/product_tag?post=16943"}],"curies":[{"name":"wp","href":"https:\/\/api.w.org\/{rel}","templated":true}]}}