{"id":16948,"date":"2025-01-21T06:14:53","date_gmt":"2025-01-21T06:14:53","guid":{"rendered":"https:\/\/www.hydraulic-cylinders.net\/product\/arm-cylinder-for-kato-small-excavator-hd820a\/"},"modified":"2025-01-21T06:14:55","modified_gmt":"2025-01-21T06:14:55","slug":"arm-cylinder-for-kato-small-excavator-hd820a","status":"publish","type":"product","link":"https:\/\/www.hydraulic-cylinders.net\/lt\/produktas\/arm-cylinder-for-kato-small-excavator-hd820a\/","title":{"rendered":"Kato ma\u017eo ekskavatoriaus HD820A rankos cilindras"},"content":{"rendered":"<h2>Kato ma\u017eo ekskavatoriaus HD820A rankos cilindras<\/h2>\n<p>Svirties cilindras, kaip rodo pavadinimas, yra hidraulinis cilindras, specialiai sukurtas tam, kad b\u016bt\u0173 u\u017etikrintas tiesinis jud\u0117jimas ir galia \u012fvairi\u0173 ma\u0161in\u0173, toki\u0173 kaip ekskavatoriai, kranai ir robotin\u0117s rankos, svir\u010diai. Jis atlieka labai svarb\u0173 vaidmen\u012f hidraulin\u0117se sistemose, nes leid\u017eia skland\u017eiai jud\u0117ti ir valdyti papildomus \u012frankius ar priedus. \u0160ie cilindrai ne tik u\u017etikrina skland\u0173 jud\u0117jim\u0105, bet ir atlaiko dideles apkrovas, u\u017etikrindami efektyv\u0173 ma\u0161inos veikim\u0105 ir patikimum\u0105 \u012fvairiomis darbo s\u0105lygomis.<\/p>\n<p><img decoding=\"async\" src=\"https:\/\/www.hydraulic-cylinders.net\/wp-content\/uploads\/2025\/01\/songte-company-2.webp\"><\/p>\n<h3>Svirtinio cilindro savyb\u0117s:<\/h3>\n<ol>\n<li><strong>Didelio efektyvumo pavara:<\/strong> Svirties cilindras u\u017etikrina galing\u0105 tiesin\u012f judes\u012f ir j\u0117g\u0105, u\u017etikrindamas auk\u0161t\u0105 ma\u0161inos svirties na\u0161um\u0105 atliekant \u012fvairias operacijas.<\/li>\n<li><strong>Tikslus valdymas:<\/strong> Hidraulini\u0173 sistem\u0173 d\u0117ka rankos cilindras leid\u017eia tiksliai valdyti judes\u012f, tod\u0117l papildom\u0173 \u012franki\u0173 valdymas tampa lankstesnis ir tikslesnis.<\/li>\n<li><strong>Patvarumas:<\/strong> Svirtiniai cilindrai paprastai gaminami i\u0161 didelio stiprumo med\u017eiag\u0173, pasi\u017eymin\u010di\u0173 puikiu atsparumu dilimui ir korozijai, tod\u0117l jie tinkami ilgalaikiam naudojimui at\u0161iauriomis s\u0105lygomis.<\/li>\n<li><strong>Daugiafunkcinis prisitaikymas:<\/strong> \u0160ie cilindrai gali b\u016bti pla\u010diai naudojami \u012fvairioms ma\u0161in\u0173 \u012frangai, pavyzd\u017eiui, ekskavatoriams, kranams ir robotin\u0117ms rankoms, pritaikant juos skirtingiems darbo reikalavimams.<\/li>\n<li><strong>Lengva prie\u017ei\u016bra:<\/strong> Projektuojant atsi\u017evelgiama \u012f paprast\u0105 prie\u017ei\u016br\u0105 ir keitim\u0105, tod\u0117l reguliari ap\u017ei\u016bra ir prie\u017ei\u016bra yra patogesni, o \u012frangos prastovos laikas sutrump\u0117ja.<\/li>\n<\/ol>\n<p><img decoding=\"async\" src=\"https:\/\/www.hydraulic-cylinders.net\/wp-content\/uploads\/2025\/01\/songte-oil-pipes-and-spare-parts.webp\"><\/p>\n<p>M\u016bs\u0173 gaminiai gali puikiai pakeisti \u0161iuos hidraulinius cilindrus, si\u016blydami patikim\u0105 na\u0161um\u0105 ir auk\u0161tos kokyb\u0117s alternatyvas.<\/p>\n<h3>Rankinio cilindro pritaikymas:<\/h3>\n<p>Svirtinis cilindras yra \u012fvairiai pritaikomas \u012fvairiose pramon\u0117s \u0161akose:<\/p>\n<ol>\n<li><strong>Statybos in\u017einerija:<\/strong> Ekskavatoriuose ir kranuose str\u0117li\u0173 cilindrai valdo kau\u0161\u0173 arba str\u0117li\u0173 jud\u0117jim\u0105 atliekant \u017eem\u0117s darbus, med\u017eiag\u0173 tvarkym\u0105 ir konstrukcij\u0173 montavim\u0105.<\/li>\n<li><strong>Gamyba:<\/strong> Automatizuotose gamybos linijose rank\u0173 cilindrai naudojami robot\u0173 rank\u0173 judinimui tokiuose procesuose kaip surinkimas, suvirinimas ir med\u017eiag\u0173 tvarkymas, taip didinant gamybos efektyvum\u0105 ir tikslum\u0105.<\/li>\n<li><strong>\u017dem\u0117s \u016bkio technika:<\/strong> \u017dem\u0117s \u016bkio \u012frangoje, tokioje kaip derliaus nu\u0117mimo ma\u0161inos ir s\u0117jamosios, svir\u010di\u0173 cilindrai valdo valdymo svir\u010di\u0173 jud\u0117jim\u0105 atliekant tokias u\u017eduotis kaip s\u0117ja, tr\u0119\u0161imas ir derliaus nu\u0117mimas.<\/li>\n<li><strong>Kasyba:<\/strong> Kasybos \u012frangoje svirties cilindrai valdo kasybos ma\u0161in\u0173 svirties jud\u0117jim\u0105 r\u016bdos gavybai ir transportavimui.<\/li>\n<li><strong>Logistika ir transportas:<\/strong> \u0160akiniuose krautuvuose ir krovini\u0173 krovimo robotuose svir\u010di\u0173 cilindrai valdo \u0161aki\u0173 k\u0117lim\u0105 ir jud\u0117jim\u0105, taip \u012fgalindami med\u017eiag\u0173 tvarkym\u0105 ir krovim\u0105.<\/li>\n<\/ol>\n<h3>Projektavimo aspektai ir atrankos kriterijai:<\/h3>\n<p>Projektuojant cilindro formos rankenas, reikia atsi\u017evelgti \u012f kelis pagrindinius veiksnius:<\/p>\n<ol>\n<li><strong>Apkrovos paj\u0117gumas:<\/strong> Balionas turi b\u016bti suprojektuotas taip, kad atlaikyt\u0173 numatyt\u0105 apkrov\u0105 nepakenkiant eksploatacin\u0117ms savyb\u0117ms ir saugumui.<\/li>\n<li><strong>Sandarinimas:<\/strong> Siekiant u\u017etikrinti efektyv\u0173 sandarinim\u0105, tur\u0117t\u0173 b\u016bti naudojami \u012fvair\u016bs sandarinimo komponentai, tokie kaip st\u016bmokli\u0173 ir kot\u0173 sandarikliai. D\u0117l atsparumo dilimui da\u017eniausiai naudojamos tokios med\u017eiagos kaip poliuretanas ir nitrilo kau\u010diukas.<\/li>\n<li><strong>Patvarumas:<\/strong> Cilindro korpusas ir srieginiai galai turi b\u016bti kruop\u0161\u010diai apdorojami, kad padid\u0117t\u0173 atsparumas dilimui ir pailg\u0117t\u0173 tarnavimo laikas.<\/li>\n<li><strong>Saugumas:<\/strong> Projektuojant tur\u0117t\u0173 b\u016bti numatytos saugos priemon\u0117s, kurios pad\u0117t\u0173 i\u0161vengti nelaiming\u0173 atsitikim\u0173 ir u\u017etikrint\u0173 operatoriaus apsaug\u0105 eksploatacijos metu.<\/li>\n<li><strong>Prie\u017ei\u016bra:<\/strong> Projektuojant reik\u0117t\u0173 atsi\u017evelgti \u012f lengv\u0105 prie\u017ei\u016br\u0105 ir remont\u0105, kad b\u016bt\u0173 suma\u017eintas prastovos laikas ir palengvintos reguliarios patikros.<\/li>\n<\/ol>\n<p><img decoding=\"async\" src=\"https:\/\/www.hydraulic-cylinders.net\/wp-content\/uploads\/2025\/01\/songte-cylinder-head-with-all-kinds-excavator-models.webp\"><\/p>\n<p>Tinkamas sandarinimas ir tepimas yra b\u016btini svirtini\u0173 cilindr\u0173 veikimui ir ilgaam\u017ei\u0161kumui. Reik\u0117t\u0173 naudoti \u012fvairius sandarinimo komponentus, pagamintus i\u0161 atspari\u0173 dilimui med\u017eiag\u0173, toki\u0173 kaip poliuretanas ir nitrilo kau\u010diukas. Cilindro korpusas ir srieginiai galai tur\u0117t\u0173 b\u016bti kruop\u0161\u010diai apdorojami, kad b\u016bt\u0173 padidintas atsparumas dilimui. Norint u\u017etikrinti skland\u0173 veikim\u0105, reikia reguliariai tepti tinkama hidrauline alyva.<\/p>\n<p>Siekiant u\u017etikrinti optimal\u0173 na\u0161um\u0105 ir ilgaam\u017ei\u0161kum\u0105, reikia reguliariai atlikti patikr\u0105 ir imtis prevencini\u0173 prie\u017ei\u016bros priemoni\u0173:<\/p>\n<ol>\n<li>Ap\u017ei\u016br\u0117kite cilindr\u0105, ar n\u0117ra nuot\u0117kio, susid\u0117v\u0117jimo ar pa\u017eeidim\u0173 po\u017eymi\u0173.<\/li>\n<li>Patikrinkite sandarinimo komponentus ir, jei reikia, pakeiskite juos.<\/li>\n<li>U\u017etikrinkite tinkam\u0105 cilindro sutepim\u0105 ir prireikus papildykite hidraulin\u0117s alyvos.<\/li>\n<li>Steb\u0117kite cilindro veikim\u0105 eksploatacijos metu ir nedelsdami spr\u0119skite visas problemas.<\/li>\n<\/ol>\n<h3>Diegimo vadovas:<\/h3>\n<p>Nor\u0117dami tinkamai sumontuoti cilindro svirt\u012f, atlikite \u0161iuos veiksmus:<\/p>\n<ol>\n<li>\u012esitikinkite, kad mechanizmas yra i\u0161jungtas, o hidraulin\u0117je sistemoje n\u0117ra sl\u0117gio.<\/li>\n<li>I\u0161imkite sen\u0105 cilindr\u0105 (jei yra), atjungdami hidraulines \u017earnas ir nuimdami visus tvirtinimo laikiklius.<\/li>\n<li>Nauj\u0105 svirties cilindr\u0105 sumontuokite atvirk\u0161tine tvarka, vadovaudamiesi gamintojo instrukcijomis.<\/li>\n<li>Tvirtai prijunkite hidraulines \u017earnas, u\u017etikrindami tinkam\u0105 sulygiavim\u0105.<\/li>\n<li>I\u0161 naujo padidinkite hidraulin\u0117s sistemos sl\u0117g\u012f ir patikrinkite, ar tinkamai veikia svirties cilindras.<\/li>\n<\/ol>\n<p><img decoding=\"async\" src=\"https:\/\/www.hydraulic-cylinders.net\/wp-content\/uploads\/2025\/01\/songte-bushings-with-all-kinds-of-excavator-models.webp\"><\/p>\n<p>Naudojant svirtinius cilindrus, labai svarbus vaidmuo tenka saugos aspektams ir aplinkos veiksniams. Tinkam\u0173 saugos priemoni\u0173 \u012fgyvendinimas u\u017etikrina operatori\u0173 apsaug\u0105 ir padeda i\u0161vengti nelaiming\u0173 atsitikim\u0173. Reguliarus techninis aptarnavimas ir patikra padeda nustatyti galimas problemas ir suma\u017einti prastovas.<\/p>\n<p>\u0160alindami svirties cilindro problemas, atsi\u017evelkite \u012f \u0161ias da\u017eniausiai pasitaikan\u010dias problemas:<\/p>\n<ol>\n<li>Hidraulinio skys\u010dio nuot\u0117kis<\/li>\n<li>Netaisyklingas arba tr\u016bk\u010diojantis judesys<\/li>\n<li>Per didelis triuk\u0161mas eksploatacijos metu<\/li>\n<li>L\u0117tas arba nereaguojantis judesys<\/li>\n<li>Nenuosekli arba silpna j\u0117ga<\/li>\n<\/ol>\n<p>Nor\u0117dami i\u0161spr\u0119sti \u0161ias problemas ir u\u017etikrinti tinkam\u0105 veikim\u0105, vadovaukit\u0117s \u0161iais trik\u010di\u0173 \u0161alinimo patarimais:<\/p>\n<ol>\n<li>Patikrinkite, ar n\u0117ra matom\u0173 nuot\u0117ki\u0173, ir suremontuokite arba pakeiskite sugedusius sandariklius.<\/li>\n<li>Patikrinkite hidraulines \u017earnas ir jungtis, ar n\u0117ra nuot\u0117ki\u0173 ar pa\u017eeidim\u0173, ir \u012fsitikinkite, kad jos tinkamai sulygiuotos.<\/li>\n<li>Patikrinkite hidraulinio skys\u010dio lyg\u012f ir kokyb\u0119, prireikus papildykite arba pakeiskite.<\/li>\n<li>Patikrinkite cilindr\u0105, ar n\u0117ra susid\u0117v\u0117jimo, pa\u017eeidim\u0173 ar nesuderinamumo po\u017eymi\u0173, ir atitinkamai pa\u0161alinkite tr\u016bkumus.<\/li>\n<li>Patikrinkite, ar tinkamai veikia valdymo vo\u017etuvai ir kiti hidrauliniai komponentai.<\/li>\n<\/ol>\n<p><img decoding=\"async\" src=\"https:\/\/www.hydraulic-cylinders.net\/wp-content\/uploads\/2025\/01\/songte-chushion-collar.webp\"><\/p>\n<p>Esame profesionalus gamintojas, kurio specializacija \u2013 pakaitiniai hidrauliniai cilindrai. Tur\u0117dami plat\u0173 gamini\u0173 asortiment\u0105, tapome vienu i\u0161 pirmaujan\u010di\u0173 gamintoj\u0173 ir didmenini\u0173 platintoj\u0173 vidaus ir tarptautin\u0117se rinkose. Vadovaujam\u0117s meistri\u0161kumo principu ir nuolat tobuliname savo technologines galimybes bei gamybos efektyvum\u0105. Diegdami auk\u0161\u010diausios klas\u0117s skaitmenin\u0119 gamybos \u012frang\u0105 ir profesionalias testavimo sistemas, optimizuojame savo gamybos platform\u0105 ir tobuliname gamini\u0173 kokyb\u0117s kontrol\u0117s procesus. M\u016bs\u0173 tikslas \u2013 patenkinti \u012fvairius klient\u0173 poreikius efektyviai, tiksliai ir auk\u0161tos kokyb\u0117s produktais.<\/p>\n<p>M\u016bs\u0173 \u012fmon\u0117 i\u0161siskiria tuo, kad:<\/p>\n<ul>\n<li>Profesionalumas ir kompetencija hidraulini\u0173 cilindr\u0173 gamyboje<\/li>\n<li>Tarptautiniai sertifikatai, u\u017etikrinantys gamini\u0173 kokyb\u0119<\/li>\n<li>Pritaikymo paslaugos, skirtos konkretiems reikalavimams patenkinti<\/li>\n<li>Pa\u017eangi gamybos \u012franga ir \u012frenginiai<\/li>\n<li>I\u0161samus aptarnavimas po pardavimo ir palaikymas<\/li>\n<\/ul>\n<p><img decoding=\"async\" src=\"https:\/\/www.hydraulic-cylinders.net\/wp-content\/uploads\/2025\/01\/songte-company-4.webp\"><br \/>\n<img decoding=\"async\" src=\"https:\/\/www.hydraulic-cylinders.net\/wp-content\/uploads\/2025\/01\/songte-company-3.webp\"><\/p>\n<p>Autorius: lyl<\/p>","protected":false},"excerpt":{"rendered":"<p>Arm Cylinder For Kato Small Excavator HD820A Arm Cylinder, as the name suggests, is a hydraulic cylinder designed specifically to provide linear motion and power to the arm of various machinery such as excavators, cranes, and robotic arms. It plays a crucial role in hydraulic systems, enabling the smooth movement and control of additional tools [&hellip;]<\/p>","protected":false},"featured_media":14786,"comment_status":"open","ping_status":"closed","template":"","meta":{"_et_pb_use_builder":"","_et_pb_old_content":"","_et_gb_content_width":""},"product_brand":[],"product_cat":[1497],"product_tag":[1498,1496],"class_list":{"0":"post-16948","1":"product","2":"type-product","3":"status-publish","4":"has-post-thumbnail","6":"product_cat-arm-cylinders","7":"product_tag-arm-cylinders","8":"product_tag-hydraulic-cylinders","10":"first","11":"instock","12":"shipping-taxable","13":"product-type-simple"},"amp_enabled":true,"_links":{"self":[{"href":"https:\/\/www.hydraulic-cylinders.net\/lt\/wp-json\/wp\/v2\/product\/16948","targetHints":{"allow":["GET"]}}],"collection":[{"href":"https:\/\/www.hydraulic-cylinders.net\/lt\/wp-json\/wp\/v2\/product"}],"about":[{"href":"https:\/\/www.hydraulic-cylinders.net\/lt\/wp-json\/wp\/v2\/types\/product"}],"replies":[{"embeddable":true,"href":"https:\/\/www.hydraulic-cylinders.net\/lt\/wp-json\/wp\/v2\/comments?post=16948"}],"wp:featuredmedia":[{"embeddable":true,"href":"https:\/\/www.hydraulic-cylinders.net\/lt\/wp-json\/wp\/v2\/media\/14786"}],"wp:attachment":[{"href":"https:\/\/www.hydraulic-cylinders.net\/lt\/wp-json\/wp\/v2\/media?parent=16948"}],"wp:term":[{"taxonomy":"product_brand","embeddable":true,"href":"https:\/\/www.hydraulic-cylinders.net\/lt\/wp-json\/wp\/v2\/product_brand?post=16948"},{"taxonomy":"product_cat","embeddable":true,"href":"https:\/\/www.hydraulic-cylinders.net\/lt\/wp-json\/wp\/v2\/product_cat?post=16948"},{"taxonomy":"product_tag","embeddable":true,"href":"https:\/\/www.hydraulic-cylinders.net\/lt\/wp-json\/wp\/v2\/product_tag?post=16948"}],"curies":[{"name":"wp","href":"https:\/\/api.w.org\/{rel}","templated":true}]}}