{"id":16952,"date":"2025-01-21T06:15:18","date_gmt":"2025-01-21T06:15:18","guid":{"rendered":"https:\/\/www.hydraulic-cylinders.net\/product\/arm-cylinder-for-kato-small-excavator-hd512\/"},"modified":"2025-01-21T06:15:20","modified_gmt":"2025-01-21T06:15:20","slug":"arm-cylinder-for-kato-small-excavator-hd512","status":"publish","type":"product","link":"https:\/\/www.hydraulic-cylinders.net\/lt\/produktas\/arm-cylinder-for-kato-small-excavator-hd512\/","title":{"rendered":"Kato ma\u017eo ekskavatoriaus HD512 rankos cilindras"},"content":{"rendered":"<h1>Kato ma\u017eo ekskavatoriaus HD512 rankos cilindras<\/h1>\n<h2>\u012evadas<\/h2>\n<h3>Svirties cilindro apibr\u0117\u017eimas ir paai\u0161kinimas<\/h3>\n<p>Svirties cilindras yra specialiai suprojektuotas hidraulinis cilindras, daugiausia naudojamas linijiniam judesiui ir galiai u\u017etikrinti \u012fvairi\u0173 tip\u0173 ma\u0161in\u0173 svirtims, tokioms kaip ekskavatoriai, kranai ir robot\u0173 svirtys. Svirties cilindras atlieka labai svarb\u0173 vaidmen\u012f hidraulin\u0117je sistemoje, nes leid\u017eia pritvirtintiems \u012frankiams ar priedams jud\u0117ti ir b\u016bti efektyviai valdomiems. \u0160ie cilindrai ne tik u\u017etikrina skland\u0173 jud\u0117jim\u0105, bet ir atlaiko dideles apkrovas, taip u\u017etikrindami efektyv\u0173 ma\u0161in\u0173 veikim\u0105 ir patikimum\u0105 \u012fvairiomis darbo s\u0105lygomis.<\/p>\n<p><img decoding=\"async\" src=\"https:\/\/www.hydraulic-cylinders.net\/wp-content\/uploads\/2025\/01\/songte-company-2.webp\"><\/p>\n<h2>Produkto savyb\u0117s<\/h2>\n<h3>Efektyvus energijos perdavimas<\/h3>\n<p>Svirties cilindras u\u017etikrina galing\u0105 tiesin\u012f judes\u012f ir j\u0117g\u0105, u\u017etikrindamas auk\u0161t\u0105 robotin\u0117s rankos na\u0161um\u0105 atliekant \u012fvairias operacijas.<\/p>\n<h3>Tikslus valdymas<\/h3>\n<p>Svirties cilindras gali tiksliai valdyti judes\u012f per hidraulin\u0119 sistem\u0105, tod\u0117l pritvirtint\u0173 \u012franki\u0173 valdymas yra lankstesnis ir tikslesnis.<\/p>\n<h3>Didelis patvarumas<\/h3>\n<p>Svirties cilindras paprastai pagamintas i\u0161 didelio stiprumo med\u017eiag\u0173 ir yra atsparus dilimui bei korozijai, tod\u0117l tinka ilgalaikiam naudojimui at\u0161iauriomis s\u0105lygomis.<\/p>\n<h3>Daugiafunkcinis prisitaikymas<\/h3>\n<p>\u0160ie cilindrai gali b\u016bti pla\u010diai naudojami \u012fvairi\u0173 tip\u0173 ma\u0161inose, tokiose kaip ekskavatoriai, kranai ir robotin\u0117s rankos, siekiant patenkinti skirtingus darbo poreikius.<\/p>\n<h3>Lengva prie\u017ei\u016bra<\/h3>\n<p>Svirties cilindro konstrukcija skirta lengvam techniniam aptarnavimui ir keitimui, tod\u0117l reguliari ap\u017ei\u016bra ir technin\u0117 prie\u017ei\u016bra yra patogesni, o \u012frangos prastovos laikas sutrump\u0117ja.<\/p>\n<p><img decoding=\"async\" src=\"https:\/\/www.hydraulic-cylinders.net\/wp-content\/uploads\/2025\/01\/songte-oil-pipes-and-spare-parts.webp\"><\/p>\n<h2>Parai\u0161kos<\/h2>\n<p>Svirtinis cilindras pla\u010diai naudojamas \u012fvairiose pramon\u0117s \u0161akose, \u012fskaitant:<\/p>\n<h3>Pastat\u0173 statyba<\/h3>\n<p>Ekskavatoriuose ir kranuose str\u0117l\u0117s cilindras valdo kau\u0161o arba krano str\u0117l\u0117s jud\u0117jim\u0105, atlikdamas \u017eem\u0117s darbus, med\u017eiag\u0173 tvarkym\u0105 ir konstrukcij\u0173 montavimo u\u017eduotis.<\/p>\n<h3>Gamybos pramon\u0117<\/h3>\n<p>Automatizuotose gamybos linijose rankos cilindras valdo robotini\u0173 rank\u0173 jud\u0117jim\u0105, atlikdamas surinkimo, suvirinimo ir tvarkymo procesus, taip pagerindamas gamybos efektyvum\u0105 ir tikslum\u0105.<\/p>\n<h3>\u017dem\u0117s \u016bkio technika<\/h3>\n<p>\u017dem\u0117s \u016bkio technikose, tokiose kaip derliaus nu\u0117mimo ma\u0161inos ir s\u0117jamosios, svirties cilindras valdo valdymo svirties judes\u012f, atlikdamas tokias u\u017eduotis kaip s\u0117ja, tr\u0119\u0161imas ir derliaus nu\u0117mimas.<\/p>\n<h3>Kasyba<\/h3>\n<p>Kasybos \u012frangoje svirties cilindras valdo kasybos \u012frangos svirties jud\u0117jim\u0105, atlikdamas mineral\u0173 gavybos ir transportavimo u\u017eduotis.<\/p>\n<h3>Logistika ir transportas<\/h3>\n<p>\u0160akiniuose krautuvuose ir krovini\u0173 krovimo robotuose svirties cilindras valdo \u0161aki\u0173 k\u0117lim\u0105 ir jud\u0117jim\u0105, leisdamas tvarkyti ir krauti med\u017eiagas.<\/p>\n<p><img decoding=\"async\" src=\"https:\/\/www.hydraulic-cylinders.net\/wp-content\/uploads\/2025\/01\/songte-chushion-collar.webp\"><\/p>\n<h2>Projektavimo aspektai ir atrankos standartai<\/h2>\n<h3>Guoli\u0173 talpa<\/h3>\n<p>Svirties cilindras turi tur\u0117ti pakankam\u0105 laikom\u0105j\u0105 gali\u0105, kad atlaikyt\u0173 pritvirtinto \u012frankio arba priedo svor\u012f.<\/p>\n<h3>Sandarinimas<\/h3>\n<p>Svirties cilindre naudojami \u012fvair\u016bs sandarinimo komponentai, tokie kaip st\u016bmokli\u0173 ir kot\u0173 sandarikliai, pagaminti i\u0161 atspari\u0173 dilimui med\u017eiag\u0173, toki\u0173 kaip poliuretanas ir nitrilo kau\u010diukas, siekiant i\u0161vengti hidraulinio skys\u010dio nuot\u0117kio ir u\u017etikrinti efektyv\u0173 sistemos veikim\u0105.<\/p>\n<h3>Patvarumas<\/h3>\n<p>Svirties cilindras turi b\u016bti pagamintas i\u0161 didelio stiprumo med\u017eiag\u0173 ir tur\u0117ti atspar\u0173 dilimui pavir\u0161i\u0173, kad b\u016bt\u0173 u\u017etikrintas ilgalaikis naudojimas at\u0161iauriomis darbo s\u0105lygomis.<\/p>\n<h3>Saugumas<\/h3>\n<p>Saugos aspektai apima tinkam\u0105 svirties cilindro montavim\u0105, naudojim\u0105 ir prie\u017ei\u016br\u0105, siekiant i\u0161vengti nelaiming\u0173 atsitikim\u0173 ir u\u017etikrinti personalo bei \u012frangos saug\u0105.<\/p>\n<h3>Prie\u017ei\u016bra<\/h3>\n<p>Norint u\u017etikrinti efektyv\u0173 ir patikim\u0105 svirties cilindro veikim\u0105, b\u016btina reguliariai pri\u017ei\u016br\u0117ti ir keisti tokius komponentus kaip sandarikliai ir hidraulin\u0117 alyva.<\/p>\n<p><img decoding=\"async\" src=\"https:\/\/www.hydraulic-cylinders.net\/wp-content\/uploads\/2025\/01\/songte-cylinder-head-with-all-kinds-excavator-models.webp\"><\/p>\n<h2>Sandarinimas ir tepimas<\/h2>\n<p>Svirties cilindre naudojami \u012fvair\u016bs sandarinimo komponentai, tokie kaip st\u016bmokli\u0173 ir kot\u0173 sandarikliai, pagaminti i\u0161 atspari\u0173 dilimui med\u017eiag\u0173, toki\u0173 kaip poliuretanas ir nitrilo kau\u010diukas, siekiant i\u0161vengti hidraulinio skys\u010dio nuot\u0117kio. Cilindro korpusas ir sriegiai yra kruop\u0161\u010diai apdirbti, siekiant pagerinti atsparum\u0105 dilimui. Norint u\u017etikrinti efektyv\u0173 ir patikim\u0105 svirties cilindro veikim\u0105, b\u016btina reguliariai tepti hidrauline alyva.<\/p>\n<h2>Prie\u017ei\u016bra ir trik\u010di\u0173 \u0161alinimas<\/h2>\n<p>Norint u\u017etikrinti tinkam\u0105 svirties cilindro veikim\u0105 ir ilgaam\u017ei\u0161kum\u0105, b\u016btina reguliariai pri\u017ei\u016br\u0117ti ir tikrinti. Da\u017enos problemos yra nuot\u0117kis, prasta judesio kontrol\u0117 ir cilindro korpuso pa\u017eeidimai. Trik\u010di\u0173 \u0161alinimas apima problemos prie\u017easties nustatym\u0105 ir sugedusi\u0173 komponent\u0173 pakeitim\u0105 arba remont\u0105. Prevencin\u0117s priemon\u0117s, tokios kaip reguliari prie\u017ei\u016bra ir tikrinimas, gali suma\u017einti galimas problemas.<\/p>\n<p><img decoding=\"async\" src=\"https:\/\/www.hydraulic-cylinders.net\/wp-content\/uploads\/2025\/01\/songte-bushings-with-all-kinds-of-excavator-models.webp\"><\/p>\n<h2>Diegimo vadovas<\/h2>\n<p>Svirties cilindro montavim\u0105 turi atlikti kvalifikuoti darbuotojai, vadovaudamiesi gamintojo instrukcijomis. Cilindras turi b\u016bti tvirtai sumontuotas ir tinkamai sulygiuotas su pritvirtintu \u012frankiu arba priedu. Hidraulin\u0117s jungtys turi b\u016bti priver\u017etos iki rekomenduojamo sukimo momento, o hidraulin\u0117s \u017earnos turi b\u016bti prijungtos prie tinkam\u0173 prievad\u0173.<\/p>\n<h2>Apie mus<\/h2>\n<p>Esame profesionalus pakaitini\u0173 hidraulini\u0173 cilindr\u0173 gamintojas, si\u016blantis plat\u0173 gamini\u0173 asortiment\u0105. Tapome vienu i\u0161 pirmaujan\u010di\u0173 hidraulini\u0173 cilindr\u0173 gamintoj\u0173 ir didmenini\u0173 platintoj\u0173 vidaus ir tarptautin\u0117se rinkose. Visada laikom\u0117s puikios kokyb\u0117s principo ir nuolat tobuliname savo technin\u012f lyg\u012f bei gamybos efektyvum\u0105. Siekiame patenkinti \u012fvairius klient\u0173 poreikius, teikdami auk\u0161t\u0105 efektyvum\u0105, tikslum\u0105 ir auk\u0161tos kokyb\u0117s produktus.<\/p>\n<h3>Profesionalumas<\/h3>\n<p>M\u016bs\u0173 \u012fmon\u0117je dirba profesional\u016bs techniniai darbuotojai ir gamybos darbuotojai, pa\u017eangi gamybos \u012franga ir nepriekai\u0161tinga kokyb\u0117s kontrol\u0117s sistema, u\u017etikrinanti auk\u0161t\u0105 m\u016bs\u0173 gamini\u0173 kokyb\u0119 ir stabil\u0173 na\u0161um\u0105.<\/p>\n<h3>Tarptautinis sertifikavimas<\/h3>\n<p>M\u016bs\u0173 gaminiai yra sertifikuoti \u012fvairiais tarptautiniais standartais, tokiais kaip ISO9001, CE ir SGS, siekiant u\u017etikrinti gamini\u0173 kokyb\u0119 ir saug\u0105.<\/p>\n<h3>Pritaikymo paslauga<\/h3>\n<p>Mes teikiame individualiai pritaikytas paslaugas, kad patenkintume skirtingus klient\u0173 poreikius, \u012fskaitant individualiai pritaikytus hidraulini\u0173 cilindr\u0173 dyd\u017eius ir konstrukcijas.<\/p>\n<h3>Gamybos \u012franga<\/h3>\n<p>M\u016bs\u0173 \u012fmon\u0117 \u012fdieg\u0117 pa\u017eangi\u0105 skaitmenin\u0119 gamybos \u012frang\u0105 ir profesionalias testavimo sistemas, nuolat optimizuodama gamybos platform\u0105 ir tobulindama gamini\u0173 kokyb\u0117s kontrol\u0117s proces\u0105, kad klientams gal\u0117tume teikti auk\u0161tos kokyb\u0117s produktus ir paslaugas.<\/p>\n<h3>Aptarnavimas po pardavimo<\/h3>\n<p>Savo klientams teikiame profesional\u0173 garantin\u012f aptarnavim\u0105, \u012fskaitant gamini\u0173 montavim\u0105, prie\u017ei\u016br\u0105 ir remont\u0105, kad u\u017etikrintume klient\u0173 pasitenkinim\u0105.<\/p>\n<p><img decoding=\"async\" src=\"https:\/\/www.hydraulic-cylinders.net\/wp-content\/uploads\/2025\/01\/songte-company-4.webp\"><\/p>\n<p><img decoding=\"async\" src=\"https:\/\/www.hydraulic-cylinders.net\/wp-content\/uploads\/2025\/01\/songte-company-3.webp\"><\/p>\n<p>Autorius: lyl.<\/p>","protected":false},"excerpt":{"rendered":"<p>Arm Cylinder For Kato Small Excavator HD512 Introduction Defining and Explaining the Arm Cylinder The arm cylinder is a specially designed hydraulic cylinder primarily used to provide linear motion and power to various types of machinery arms, such as excavators, cranes, and robotic arms. The arm cylinder plays a crucial role in the hydraulic system, [&hellip;]<\/p>","protected":false},"featured_media":14774,"comment_status":"open","ping_status":"closed","template":"","meta":{"_et_pb_use_builder":"","_et_pb_old_content":"","_et_gb_content_width":""},"product_brand":[],"product_cat":[1497],"product_tag":[1498,1496],"class_list":{"0":"post-16952","1":"product","2":"type-product","3":"status-publish","4":"has-post-thumbnail","6":"product_cat-arm-cylinders","7":"product_tag-arm-cylinders","8":"product_tag-hydraulic-cylinders","10":"first","11":"instock","12":"shipping-taxable","13":"product-type-simple"},"amp_enabled":true,"_links":{"self":[{"href":"https:\/\/www.hydraulic-cylinders.net\/lt\/wp-json\/wp\/v2\/product\/16952","targetHints":{"allow":["GET"]}}],"collection":[{"href":"https:\/\/www.hydraulic-cylinders.net\/lt\/wp-json\/wp\/v2\/product"}],"about":[{"href":"https:\/\/www.hydraulic-cylinders.net\/lt\/wp-json\/wp\/v2\/types\/product"}],"replies":[{"embeddable":true,"href":"https:\/\/www.hydraulic-cylinders.net\/lt\/wp-json\/wp\/v2\/comments?post=16952"}],"wp:featuredmedia":[{"embeddable":true,"href":"https:\/\/www.hydraulic-cylinders.net\/lt\/wp-json\/wp\/v2\/media\/14774"}],"wp:attachment":[{"href":"https:\/\/www.hydraulic-cylinders.net\/lt\/wp-json\/wp\/v2\/media?parent=16952"}],"wp:term":[{"taxonomy":"product_brand","embeddable":true,"href":"https:\/\/www.hydraulic-cylinders.net\/lt\/wp-json\/wp\/v2\/product_brand?post=16952"},{"taxonomy":"product_cat","embeddable":true,"href":"https:\/\/www.hydraulic-cylinders.net\/lt\/wp-json\/wp\/v2\/product_cat?post=16952"},{"taxonomy":"product_tag","embeddable":true,"href":"https:\/\/www.hydraulic-cylinders.net\/lt\/wp-json\/wp\/v2\/product_tag?post=16952"}],"curies":[{"name":"wp","href":"https:\/\/api.w.org\/{rel}","templated":true}]}}