{"id":16955,"date":"2025-01-21T06:15:29","date_gmt":"2025-01-21T06:15:29","guid":{"rendered":"https:\/\/www.hydraulic-cylinders.net\/product\/arm-cylinder-for-kato-small-excavator-hd820r820v\/"},"modified":"2025-01-21T06:15:31","modified_gmt":"2025-01-21T06:15:31","slug":"arm-cylinder-for-kato-small-excavator-hd820r820v","status":"publish","type":"product","link":"https:\/\/www.hydraulic-cylinders.net\/lt\/produktas\/arm-cylinder-for-kato-small-excavator-hd820r820v\/","title":{"rendered":"\u201eKato Small Excavator HD820R820V\u201c rankenos cilindras"},"content":{"rendered":"<h2>\u201eKato Small Excavator HD820R820V\u201c rankenos cilindras<\/h2>\n<h3>Apibr\u0117\u017eimas ir paai\u0161kinimas<\/h3>\n<p>Svirties cilindras yra specialiai suprojektuotas hidraulinis cilindras, u\u017etikrinantis tiesin\u012f judes\u012f ir gali\u0105 \u012fvairi\u0173 tip\u0173 ma\u0161in\u0173, toki\u0173 kaip ekskavatoriai, kranai ir mechanin\u0117s svirtys, svir\u010diai. Svirties cilindras atlieka labai svarb\u0173 vaidmen\u012f hidraulin\u0117je sistemoje, nes leid\u017eia efektyviai jud\u0117ti ir valdyti papildomus \u012frankius ar priedus. \u0160ie cilindrai ne tik u\u017etikrina skland\u0173 jud\u0117jim\u0105, bet ir atlaiko dideles apkrovas, u\u017etikrindami efektyv\u0173 ma\u0161in\u0173 veikim\u0105 ir patikimum\u0105 \u012fvairiomis darbo s\u0105lygomis.<\/p>\n<p><img decoding=\"async\" src=\"https:\/\/www.hydraulic-cylinders.net\/wp-content\/uploads\/2025\/01\/songte-company-2.webp\" alt=\"Svirties cilindras\"><\/p>\n<h3>Produkto savyb\u0117s<\/h3>\n<ul>\n<li><strong>Didelio efektyvumo transmisija:<\/strong> Svirties cilindras gali u\u017etikrinti galing\u0105 tiesin\u012f judes\u012f ir j\u0117g\u0105, u\u017etikrindamas auk\u0161t\u0105 efektyvum\u0105 atliekant \u012fvairias operacijas.<\/li>\n<li><strong>Tikslus valdymas:<\/strong> Hidraulin\u0117s sistemos d\u0117ka rankos cilindras gali tiksliai valdyti judes\u012f, tod\u0117l papildom\u0173 \u012franki\u0173 valdymas tampa lankstesnis ir tikslesnis.<\/li>\n<li><strong>Stiprus patvarumas:<\/strong> Svirties cilindras paprastai pagamintas i\u0161 didelio stiprumo med\u017eiag\u0173, pasi\u017eymin\u010di\u0173 geru atsparumu dilimui ir korozijai, tod\u0117l tinka ilgalaikiam naudojimui at\u0161iauriomis s\u0105lygomis.<\/li>\n<li><strong>Daugiafunkcis prisitaikymas:<\/strong> \u0160ie cilindrai gali b\u016bti pla\u010diai naudojami \u012fvairiuose mechaniniuose \u012frenginiuose, tokiuose kaip ekskavatoriai, kranai ir mechanin\u0117s svirtys, kad atitikt\u0173 skirtingus darbo reikalavimus.<\/li>\n<li><strong>Lengva prie\u017ei\u016bra:<\/strong> Projektuojant atsi\u017evelgiama \u012f paprast\u0105 prie\u017ei\u016br\u0105 ir keitim\u0105, tod\u0117l reguliari ap\u017ei\u016bra ir prie\u017ei\u016bra yra patogesni, o \u012frangos prastovos laikas sutrump\u0117ja.<\/li>\n<\/ul>\n<p>M\u016bs\u0173 gaminys gali puikiai pakeisti \u0161iuos hidraulinius cilindrus. <br \/> <img decoding=\"async\" src=\"https:\/\/www.hydraulic-cylinders.net\/wp-content\/uploads\/2025\/01\/songte-oil-pipes-and-spare-parts.webp\" alt=\"Produkto vaizdas\"><\/p>\n<h3>Parai\u0161kos<\/h3>\n<p>Svirtinis cilindras gali b\u016bti naudojamas \u012fvairiose pramon\u0117s \u0161akose ir \u012frangoje:<\/p>\n<ul>\n<li><strong>Statybos in\u017einerija:<\/strong> Ekskavatoriuose ir kranuose svirties cilindras naudojamas kau\u0161o arba str\u0117l\u0117s jud\u0117jimui valdyti atliekant \u017eem\u0117s darbus, med\u017eiag\u0173 tvarkym\u0105 ir konstrukcij\u0173 montavim\u0105.<\/li>\n<li><strong>Gamyba:<\/strong> Automatizuotose gamybos linijose svirties cilindras naudojamas mechanini\u0173 svir\u010di\u0173 judinimui, pvz., surinkimui, suvirinimui ir tvarkymui, siekiant pagerinti gamybos efektyvum\u0105 ir tikslum\u0105.<\/li>\n<li><strong>\u017dem\u0117s \u016bkio technika:<\/strong> \u017dem\u0117s \u016bkio technikose, tokiose kaip derliaus nu\u0117mimo ma\u0161inos ir sodinamosios, svirties cilindras valdo valdymo svirties judes\u012f, kad b\u016bt\u0173 galima atlikti tokias u\u017eduotis kaip s\u0117ja, tr\u0119\u0161imas ir derliaus nu\u0117mimas.<\/li>\n<li><strong>Kasyba:<\/strong> Kasybos \u012frangoje rankos cilindras naudojamas kasybos \u012frangos rankos jud\u0117jimui valdyti r\u016bdos kasybai ir tvarkymui.<\/li>\n<li><strong>Logistika ir transportas:<\/strong> \u0160akiniuose krautuvuose ir tvarkymo robotuose rankos cilindras naudojamas krovinio k\u0117limui ir jud\u0117jimui valdyti, med\u017eiag\u0173 tvarkymui ir krovimui.<\/li>\n<\/ul>\n<h3>Projektavimo aspektai ir atrankos standartai<\/h3>\n<p>Svirties cilindras turi atitikti \u0161iuos projektavimo ir parinkimo standartus:<\/p>\n<ul>\n<li><strong>Keliamoji galia:<\/strong> Svirties cilindras turi tur\u0117ti pakankam\u0105 laikom\u0105j\u0105 gali\u0105, kad atlaikyt\u0173 jo keliam\u0105 apkrov\u0105.<\/li>\n<li><strong>Sandarinimas:<\/strong> Svirties cilindrui reikia naudoti \u012fvairius sandarinimo komponentus, tokius kaip st\u016bmoklio ir strypo sandarikliai, pagamintus i\u0161 atspari\u0173 dilimui med\u017eiag\u0173, toki\u0173 kaip poliuretanas ir nitrilo kau\u010diukas, kad b\u016bt\u0173 u\u017etikrintas sandarumas.<\/li>\n<li><strong>Patvarumas:<\/strong> Svirties cilindrui reikia naudoti didelio stiprumo med\u017eiagas, pasi\u017eymin\u010dias geru atsparumu dilimui ir korozijai, kad b\u016bt\u0173 u\u017etikrintas ilgalaikis naudojimas at\u0161iauriomis s\u0105lygomis.<\/li>\n<li><strong>Saugumas:<\/strong> Svirties cilindras turi b\u016bti suprojektuotas su saugos funkcijomis, tokiomis kaip apsauga nuo perkrovos ir avarinis stabdymas, kad b\u016bt\u0173 u\u017etikrintas saugus veikimas.<\/li>\n<li><strong>Prie\u017ei\u016bra:<\/strong> Svirties cilindras turi b\u016bti suprojektuotas taip, kad j\u012f b\u016bt\u0173 lengva pri\u017ei\u016br\u0117ti ir pakeisti, pavyzd\u017eiui, kad b\u016bt\u0173 lengva pasiekti technin\u0117s prie\u017ei\u016bros ta\u0161kus ir standartinius komponentus.<\/li>\n<\/ul>\n<p><img decoding=\"async\" src=\"https:\/\/www.hydraulic-cylinders.net\/wp-content\/uploads\/2025\/01\/songte-cylinder-head-with-all-kinds-excavator-models.webp\" alt=\"Dizaino aspektai\"><\/p>\n<h3>Sandarinimas ir tepimas<\/h3>\n<p>Svirties cilindre turi b\u016bti naudojami \u012fvair\u016bs sandarinimo komponentai, tokie kaip st\u016bmoklio ir koto sandarikliai, pagaminti i\u0161 atspari\u0173 dilimui med\u017eiag\u0173, toki\u0173 kaip poliuretanas ir nitrilo kau\u010diukas, kad b\u016bt\u0173 u\u017etikrintas sandarumas. Cilindro korpusas ir sriegio galo pavir\u0161ius yra kruop\u0161\u010diai apdorojami, kad b\u016bt\u0173 padidintas atsparumas dilimui. Svirties cilindr\u0105 reikia reguliariai tepti tinkamu hidraulin\u0117s alyvos kiekiu, kad b\u016bt\u0173 u\u017etikrintas sklandus veikimas.<\/p>\n<p><img decoding=\"async\" src=\"https:\/\/www.hydraulic-cylinders.net\/wp-content\/uploads\/2025\/01\/songte-chushion-collar.webp\" alt=\"Sandarinimas ir tepimas\"><\/p>\n<h3>Profilaktin\u0117 prie\u017ei\u016bra<\/h3>\n<p>Svirties cilindr\u0105 reikia reguliariai tikrinti ir atlikti profilaktin\u0119 prie\u017ei\u016br\u0105, kad b\u016bt\u0173 u\u017etikrintas jo veikimas ir pailgintas tarnavimo laikas.<\/p>\n<ul>\n<li><strong>\u0160vara:<\/strong> Kad i\u0161vengtum\u0117te u\u017eter\u0161imo, svirties cilindr\u0105 ir hidraulin\u0119 sistem\u0105 laikykite \u0161varius.<\/li>\n<li><strong>D\u0117v\u0117jimo patikrinimas:<\/strong> Reguliariai tikrinkite svirties cilindr\u0105, ar n\u0117ra susid\u0117v\u0117jimo, deformacijos ar pa\u017eeidim\u0173, ir prireikus j\u012f pakeiskite.<\/li>\n<li><strong>Tepimas:<\/strong> Reguliariai sutepkite svirties cilindr\u0105 tinkamu hidraulin\u0117s alyvos kiekiu, kad u\u017etikrintum\u0117te skland\u0173 veikim\u0105.<\/li>\n<li><strong>Nuot\u0117kio patikrinimas:<\/strong> Reguliariai tikrinkite svirties cilindr\u0105, ar n\u0117ra nuot\u0117kio, ir prireikus j\u012f sutaisykite.<\/li>\n<\/ul>\n<h3>Diegimo vadovas<\/h3>\n<p>Nor\u0117dami teisingai sumontuoti cilindro svirt\u012f, atlikite \u0161iuos veiksmus:<\/p>\n<ol>\n<li>Patikrinkite svirties cilindro suderinamum\u0105 su technika ir hidrauline sistema.<\/li>\n<li>I\u0161valykite montavimo viet\u0105 ir hidraulin\u0117s sistemos jungtis.<\/li>\n<li>Sumontuokite svirties cilindr\u0105 ir priver\u017ekite jungiamuosius var\u017etus iki nurodyto sukimo momento.<\/li>\n<li>Prijunkite hidraulines \u017earnas ir jungiam\u0105sias detales prie str\u0117l\u0117s cilindro.<\/li>\n<li>Patikrinkite svirties cilindr\u0105, ar jis veikia tinkamai ir ar n\u0117ra nuot\u0117kio.<\/li>\n<\/ol>\n<p><img decoding=\"async\" src=\"https:\/\/www.hydraulic-cylinders.net\/wp-content\/uploads\/2025\/01\/songte-bushings-with-all-kinds-of-excavator-models.webp\" alt=\"Diegimo vadovas\"><\/p>\n<h3>Saugos aspektai ir aplinkos veiksniai<\/h3>\n<p>Naudojant svirtin\u012f cilindr\u0105, svarbu laikytis saugos taisykli\u0173 ir nurodym\u0173, kad b\u016bt\u0173 i\u0161vengta nelaiming\u0173 atsitikim\u0173 ir su\u017ealojim\u0173. Aplinkos veiksniai, tokie kaip temperat\u016bra ir dr\u0117gm\u0117, gali tur\u0117ti \u012ftakos svirtinio cilindro veikimui ir tarnavimo laikui, tod\u0117l renkantis ir naudojant svirtin\u012f cilindr\u0105, b\u016btina atsi\u017evelgti \u012f \u0161iuos veiksnius.<\/p>\n<h3>Trik\u010di\u0173 \u0161alinimas ir da\u017eniausiai pasitaikan\u010dios problemos<\/h3>\n<p>Da\u017eniausios svirties cilindro problemos yra nuot\u0117kis, susid\u0117v\u0117jimas ir pa\u017eeidimai. Nor\u0117dami diagnozuoti ir i\u0161spr\u0119sti \u0161ias problemas, atlikite \u0161iuos veiksmus:<\/p>\n<ol>\n<li>Nustatykite problemos simptomus ir prie\u017eastis.<\/li>\n<li>Patikrinkite svirties cilindr\u0105 ir hidraulin\u0119 sistem\u0105, ar n\u0117ra susid\u0117v\u0117jimo, deformacijos ir pa\u017eeidim\u0173.<\/li>\n<li>Sutaisykite arba pakeiskite pa\u017eeistus komponentus.<\/li>\n<li>Patikrinkite svirties cilindr\u0105, ar jis veikia tinkamai ir ar n\u0117ra nuot\u0117kio.<\/li>\n<\/ol>\n<p><img decoding=\"async\" src=\"https:\/\/www.hydraulic-cylinders.net\/wp-content\/uploads\/2025\/01\/songte-company-4.webp\" alt=\"\u012emon\u0117s informacija\"><\/p>\n<p>Esame profesionalus pakaitini\u0173 hidraulini\u0173 cilindr\u0173 gamintojas, si\u016blantis plat\u0173 gamini\u0173 asortiment\u0105. Tapome vienu i\u0161 pirmaujan\u010di\u0173 hidraulini\u0173 cilindr\u0173 gamintoj\u0173 ir didmenini\u0173 platintoj\u0173 vidaus ir tarptautin\u0117se rinkose. Visada laikom\u0117s puikios kokyb\u0117s principo, remiam\u0117s industrializuota gamybos valdymo strategija, sukurtais puikios gamybos cechuose, nuolat tobuliname savo technin\u012f lyg\u012f ir gamybos efektyvum\u0105. Diegdami auk\u0161\u010diausios klas\u0117s skaitmenin\u0119 gamybos \u012frang\u0105 ir profesionalias kontrol\u0117s sistemas, nuolat optimizuojame savo gamybos platform\u0105, tobuliname gamini\u0173 kokyb\u0117s kontrol\u0117s procesus ir turime stiprias inovacij\u0173 galimybes. M\u016bs\u0173 tikslas \u2013 patenkinti \u012fvairius klient\u0173 poreikius, vadovaujantis didelio efektyvumo, tikslumo ir auk\u0161tos kokyb\u0117s principais.<\/p>\n<h3>Apie m\u016bs\u0173 \u012fmon\u0119<\/h3>\n<p>M\u016bs\u0173 \u012fmon\u0117 turi \u0161iuos privalumus:<\/p>\n<ul>\n<li><strong>Profesionalumas:<\/strong> M\u016bs\u0173 \u012fmon\u0117je dirba profesionali komanda, turinti didel\u0119 patirt\u012f hidraulini\u0173 cilindr\u0173 projektavimo, gamybos ir pardavimo srityse.<\/li>\n<li><strong>Tarptautinis sertifikatas:<\/strong> M\u016bs\u0173 gaminiai yra gav\u0119 tarptautinius kokyb\u0117s ir saugos sertifikatus, tokius kaip ISO9001, CE ir SGS.<\/li>\n<li><strong>Pritaikymo paslaugos:<\/strong> M\u016bs\u0173 \u012fmon\u0117 teikia individualiai pritaikytas hidraulini\u0173 cilindr\u0173 paslaugas pagal konkre\u010dius klient\u0173 reikalavimus.<\/li>\n<li><strong>Gamybos \u012franga:<\/strong> M\u016bs\u0173 \u012fmon\u0117 turi pa\u017eangi\u0105 skaitmenin\u0119 gamybos \u012frang\u0105, toki\u0105 kaip CNC stakl\u0117s ir bandym\u0173 sistemos, kad u\u017etikrint\u0173 gamini\u0173 kokyb\u0119 ir efektyvum\u0105.<\/li>\n<li><strong>Aptarnavimas po pardavimo:<\/strong> M\u016bs\u0173 \u012fmon\u0117 turi profesionali\u0105 garantinio aptarnavimo komand\u0105, kuri laiku teikia technin\u0119 pagalb\u0105 ir prie\u017ei\u016bros paslaugas.<\/li>\n<\/ul>\n<p><img decoding=\"async\" src=\"https:\/\/www.hydraulic-cylinders.net\/wp-content\/uploads\/2025\/01\/songte-company-3.webp\" alt=\"\u012emon\u0117s informacija\"><\/p>\n<p>Autorius: lyl.<\/p>","protected":false},"excerpt":{"rendered":"<p>Arm Cylinder For Kato Small Excavator HD820R820V Definition and Explanation The arm cylinder is a specially designed hydraulic cylinder that provides linear motion and power to the arm of various types of machinery, such as excavators, cranes, and mechanical arms. The arm cylinder plays a critical role in the hydraulic system, enabling additional tools or [&hellip;]<\/p>","protected":false},"featured_media":14766,"comment_status":"open","ping_status":"closed","template":"","meta":{"_et_pb_use_builder":"","_et_pb_old_content":"","_et_gb_content_width":""},"product_brand":[],"product_cat":[1497],"product_tag":[1498,1496],"class_list":{"0":"post-16955","1":"product","2":"type-product","3":"status-publish","4":"has-post-thumbnail","6":"product_cat-arm-cylinders","7":"product_tag-arm-cylinders","8":"product_tag-hydraulic-cylinders","10":"first","11":"instock","12":"shipping-taxable","13":"product-type-simple"},"amp_enabled":true,"_links":{"self":[{"href":"https:\/\/www.hydraulic-cylinders.net\/lt\/wp-json\/wp\/v2\/product\/16955","targetHints":{"allow":["GET"]}}],"collection":[{"href":"https:\/\/www.hydraulic-cylinders.net\/lt\/wp-json\/wp\/v2\/product"}],"about":[{"href":"https:\/\/www.hydraulic-cylinders.net\/lt\/wp-json\/wp\/v2\/types\/product"}],"replies":[{"embeddable":true,"href":"https:\/\/www.hydraulic-cylinders.net\/lt\/wp-json\/wp\/v2\/comments?post=16955"}],"wp:featuredmedia":[{"embeddable":true,"href":"https:\/\/www.hydraulic-cylinders.net\/lt\/wp-json\/wp\/v2\/media\/14766"}],"wp:attachment":[{"href":"https:\/\/www.hydraulic-cylinders.net\/lt\/wp-json\/wp\/v2\/media?parent=16955"}],"wp:term":[{"taxonomy":"product_brand","embeddable":true,"href":"https:\/\/www.hydraulic-cylinders.net\/lt\/wp-json\/wp\/v2\/product_brand?post=16955"},{"taxonomy":"product_cat","embeddable":true,"href":"https:\/\/www.hydraulic-cylinders.net\/lt\/wp-json\/wp\/v2\/product_cat?post=16955"},{"taxonomy":"product_tag","embeddable":true,"href":"https:\/\/www.hydraulic-cylinders.net\/lt\/wp-json\/wp\/v2\/product_tag?post=16955"}],"curies":[{"name":"wp","href":"https:\/\/api.w.org\/{rel}","templated":true}]}}