{"id":16959,"date":"2025-01-21T06:15:46","date_gmt":"2025-01-21T06:15:46","guid":{"rendered":"https:\/\/www.hydraulic-cylinders.net\/product\/arm-cylinder-for-kato-small-excavator-hd512r\/"},"modified":"2025-01-21T06:15:48","modified_gmt":"2025-01-21T06:15:48","slug":"arm-cylinder-for-kato-small-excavator-hd512r","status":"publish","type":"product","link":"https:\/\/www.hydraulic-cylinders.net\/lt\/produktas\/arm-cylinder-for-kato-small-excavator-hd512r\/","title":{"rendered":"Kato ma\u017eo ekskavatoriaus HD512R rankos cilindras"},"content":{"rendered":"<h1>Kato ma\u017eo ekskavatoriaus HD512R rankos cilindras<\/h1>\n<h2>\u012evadas<\/h2>\n<p>Svirties cilindras yra specializuotas hidraulinis cilindras, naudojamas linijiniam judesiui ir galiai u\u017etikrinti \u012fvairi\u0173 tip\u0173 ma\u0161in\u0173, toki\u0173 kaip ekskavatoriai, kranai ir robotin\u0117s svirtys, svirt\u012f. Svirties cilindras atlieka labai svarb\u0173 vaidmen\u012f hidraulin\u0117se sistemose, nes leid\u017eia efektyviai jud\u0117ti ir valdyti priedus ar \u012ftaisus. \u0160ie cilindrai ne tik u\u017etikrina skland\u0173 jud\u0117jim\u0105, bet ir atlaiko dideles apkrovas, u\u017etikrindami efektyv\u0173 ma\u0161in\u0173 veikim\u0105 ir patikimum\u0105 \u012fvairiomis eksploatavimo s\u0105lygomis.<\/p>\n<p><img decoding=\"async\" src=\"https:\/\/www.hydraulic-cylinders.net\/wp-content\/uploads\/2025\/01\/songte-company-2.webp\" alt=\"Svirties cilindro vaizdas\"><\/p>\n<h3>Apibr\u0117\u017eimas ir paai\u0161kinimas<\/h3>\n<p>Svirties cilindras yra hidraulinio cilindro tipas, skirtas u\u017etikrinti galing\u0105 tiesin\u012f judes\u012f ir j\u0117g\u0105 ma\u0161inos svirtimi. Jis yra b\u016btinas norint valdyti pried\u0173 ar pried\u0173, toki\u0173 kaip kau\u0161ai ar str\u0117l\u0117s, jud\u0117jim\u0105 \u012fvairiose eksploatavimo situacijose. Svirties cilindras paprastai gaminamas i\u0161 didelio stiprumo med\u017eiag\u0173 ir yra suprojektuotas taip, kad atlaikyt\u0173 at\u0161iaurias aplinkos s\u0105lygas, u\u017etikrinant ilgalaik\u012f patvarum\u0105 ir patikimum\u0105.<\/p>\n<h2>Savyb\u0117s<\/h2>\n<p>Svirties cilindras pasi\u017eymi \u012fvairiomis savyb\u0117mis, kurios padidina jo efektyvum\u0105 ir pritaikomum\u0105 skirtingoms ma\u0161inoms ir darbo scenarijams. Kai kurios pagrindin\u0117s savyb\u0117s:<\/p>\n<ul>\n<li>\n<h3>Didelio efektyvumo transmisija:<\/h3>\n<p> Svirties cilindras u\u017etikrina galing\u0105 tiesin\u012f judes\u012f ir j\u0117g\u0105, kad b\u016bt\u0173 u\u017etikrintas na\u0161us ma\u0161in\u0173 svir\u010di\u0173 veikimas \u012fvairiose situacijose.<\/li>\n<li>\n<h3>Tikslus valdymas:<\/h3>\n<p> The hydraulic system enables precise control of the arm cylinder&#8217;s movement, making the operation of attachments or accessories more flexible and accurate.<\/li>\n<li>\n<h3>Stiprus patvarumas:<\/h3>\n<p> Svirties cilindras pagamintas i\u0161 didelio stiprumo med\u017eiag\u0173 ir pasi\u017eymi puikiu atsparumu dilimui bei korozijai, tod\u0117l tinka ilgalaikiam naudojimui at\u0161iauriomis s\u0105lygomis.<\/li>\n<li>\n<h3>Daugiafunkcinis prisitaikymas:<\/h3>\n<p> Cilindras pla\u010diai taikomas \u012fvairi\u0173 tip\u0173 ma\u0161inoms, tokioms kaip ekskavatoriai, kranai ir robotin\u0117s rankos, kad b\u016bt\u0173 patenkinti skirtingi eksploatavimo poreikiai.<\/li>\n<li>\n<h3>Lengva prie\u017ei\u016bra:<\/h3>\n<p> \u0160i konstrukcija u\u017etikrina lengv\u0105 prie\u017ei\u016br\u0105 ir keitim\u0105, tod\u0117l reguliar\u016bs patikrinimai ir technin\u0117 prie\u017ei\u016bra yra patogesni, o \u012frangos prastovos laikas sutrump\u0117ja.<\/li>\n<\/ul>\n<p><img decoding=\"async\" src=\"https:\/\/www.hydraulic-cylinders.net\/wp-content\/uploads\/2025\/01\/songte-oil-pipes-and-spare-parts.webp\" alt=\"Atsargini\u0173 dali\u0173 vaizdas\"><\/p>\n<h2>Parai\u0161kos<\/h2>\n<p>Svirtinis cilindras pla\u010diai naudojamas \u012fvairiose pramon\u0117s \u0161akose ir ma\u0161inose, tokiose kaip:<\/p>\n<ul>\n<li>\n<h3>Statybos in\u017einerija:<\/h3>\n<p> Svirtiniai cilindrai naudojami ekskavatori\u0173 ir kran\u0173 kau\u0161\u0173 arba str\u0117li\u0173 jud\u0117jimui valdyti \u017eem\u0117s darbams, med\u017eiag\u0173 tvarkymui ir konstrukcij\u0173 montavimui.<\/li>\n<li>\n<h3>Gamyba:<\/h3>\n<p> Jie naudojami automatizuotose gamybos linijose robotini\u0173 rank\u0173 jud\u0117jimui valdyti surinkimo, suvirinimo ir tvarkymo procesuose, taip gerinant gamybos efektyvum\u0105 ir tikslum\u0105.<\/li>\n<li>\n<h3>\u017dem\u0117s \u016bkis:<\/h3>\n<p> \u017dem\u0117s \u016bkio technikose, tokiose kaip derliaus nu\u0117mimo ma\u0161inos ir s\u0117jamosios, svir\u010di\u0173 cilindrai valdo darbini\u0173 svir\u010di\u0173 jud\u0117jim\u0105 s\u0117jos, tr\u0119\u0161imo ir derliaus nu\u0117mimo darbams atlikti.<\/li>\n<li>\n<h3>Kasyba:<\/h3>\n<p> Svirties cilindrai naudojami kasybos \u012frangos, skirtos kasybai ir med\u017eiag\u0173 tvarkymui, svirties jud\u0117jimui valdyti.<\/li>\n<li>\n<h3>Logistika ir transportas:<\/h3>\n<p> \u0160akiniuose krautuvuose ir tvarkymo robotuose svir\u010di\u0173 cilindrai naudojami krovinini\u0173 \u0161aki\u0173 jud\u0117jimui valdyti med\u017eiagoms tvarkyti ir krauti.<\/li>\n<\/ul>\n<h2>Projektavimo aspektai ir atrankos standartai<\/h2>\n<p>The arm cylinder&#8217;s design and selection are crucial for ensuring optimal performance and safety. Some key design considerations include:<\/p>\n<ul>\n<li>\n<h3>Apkrovos paj\u0117gumas:<\/h3>\n<p> The cylinder&#8217;s load-bearing capacity must match the machinery&#8217;s weight and operational requirements.<\/li>\n<li>\n<h3>Sandarinimas:<\/h3>\n<p> Svirties cilindras tur\u0117t\u0173 tur\u0117ti auk\u0161tos kokyb\u0117s sandarinimo komponentus, tokius kaip st\u016bmoklio ir koto sandarikliai, pagamintus i\u0161 patvari\u0173 med\u017eiag\u0173, toki\u0173 kaip poliuretanas ir nitrilo kau\u010diukas, kad b\u016bt\u0173 i\u0161vengta alyvos nutek\u0117jimo ir suma\u017eintas nusid\u0117v\u0117jimas.<\/li>\n<li>\n<h3>Patvarumas:<\/h3>\n<p> Cilindras turi b\u016bti pagamintas i\u0161 didelio stiprumo med\u017eiag\u0173 ir suprojektuotas taip, kad atlaikyt\u0173 at\u0161iaurias aplinkos s\u0105lygas.<\/li>\n<li>\n<h3>Saugumas:<\/h3>\n<p> Balionas tur\u0117t\u0173 b\u016bti suprojektuotas su saugos funkcijomis, tokiomis kaip avariniai apsauginiai vo\u017etuvai ir sl\u0117gio ma\u017einimo vo\u017etuvai, kad b\u016bt\u0173 i\u0161vengta \u017ealos ar nelaiming\u0173 atsitikim\u0173 d\u0117l vir\u0161sl\u0117gio.<\/li>\n<li>\n<h3>Prie\u017ei\u016bra:<\/h3>\n<p> Cilindras tur\u0117t\u0173 b\u016bti suprojektuotas taip, kad b\u016bt\u0173 lengva pri\u017ei\u016br\u0117ti ir keisti dalis, pvz., sandarinimo komplekt\u0105 ir hidraulin\u0119 alyv\u0105, siekiant suma\u017einti prastovas ir remonto i\u0161laidas.<\/li>\n<\/ul>\n<p><img decoding=\"async\" src=\"https:\/\/www.hydraulic-cylinders.net\/wp-content\/uploads\/2025\/01\/songte-cylinder-head-with-all-kinds-excavator-models.webp\" alt=\"Cilindro galvut\u0117s vaizdas\"><\/p>\n<h2>Sandarinimas ir tepimas<\/h2>\n<p>Siekiant u\u017etikrinti optimal\u0173 na\u0161um\u0105 ir ilgaam\u017ei\u0161kum\u0105, svirties cilindr\u0105 reikia tinkamai u\u017esandarinti ir sutepti. Svarbiausi dalykai, \u012f kuriuos reikia atkreipti d\u0117mes\u012f:<\/p>\n<ul>\n<li>\n<h3>Sandarinimas:<\/h3>\n<p> Various sealing components, such as piston seals and rod seals, should be made of high-quality materials such as polyurethane and nitrile rubber to ensure oil-tightness and reduce wear and tear. The cylinder&#8217;s body and thread surface should also undergo fine processing to improve wear resistance.<\/li>\n<li>\n<h3>Tepimas:<\/h3>\n<p> Cilindr\u0105 reikia sutepti tinkama hidrauline alyva, kad b\u016bt\u0173 u\u017etikrintas sklandus veikimas ir i\u0161vengta sandarinimo komponent\u0173 nusid\u0117v\u0117jimo. Norint i\u0161vengti u\u017eter\u0161imo ir pailginti cilindro tarnavimo laik\u0105, b\u016btina reguliariai keisti alyv\u0105 ir valyti.<\/li>\n<\/ul>\n<p><img decoding=\"async\" src=\"https:\/\/www.hydraulic-cylinders.net\/wp-content\/uploads\/2025\/01\/songte-bushings-with-all-kinds-of-excavator-models.webp\" alt=\"\u012evori\u0173 vaizdas\"><\/p>\n<h2>Profilaktin\u0117 prie\u017ei\u016bra<\/h2>\n<p>Reguliar\u016bs patikrinimai ir prie\u017ei\u016bra yra labai svarb\u016bs siekiant u\u017etikrinti optimal\u0173 na\u0161um\u0105 ir pailginti svirties cilindro tarnavimo laik\u0105. Kai kurios pagrindin\u0117s prevencin\u0117s prie\u017ei\u016bros priemon\u0117s:<\/p>\n<ul>\n<li>\n<h3>Reguliar\u016bs patikrinimai:<\/h3>\n<p> Regular inspections of the cylinder&#8217;s body, seals, and oil level can identify potential problems and prevent costly downtime.<\/li>\n<li>\n<h3>Valymas:<\/h3>\n<p> Regular cleaning of the cylinder&#8217;s body and thread surface can prevent contamination and reduce wear and tear of sealing components.<\/li>\n<li>\n<h3>Alyvos keitimas:<\/h3>\n<p> Reguliarus alyvos keitimas gali u\u017etikrinti skland\u0173 veikim\u0105 ir i\u0161vengti sandarinimo komponent\u0173 susid\u0117v\u0117jimo.<\/li>\n<li>\n<h3>Remontas:<\/h3>\n<p> Greitas nedideli\u0173 defekt\u0173 ar pa\u017eeidim\u0173 taisymas gali u\u017ekirsti keli\u0105 tolesnei \u017ealai ir u\u017etikrinti optimal\u0173 na\u0161um\u0105.<\/li>\n<\/ul>\n<p><img decoding=\"async\" src=\"https:\/\/www.hydraulic-cylinders.net\/wp-content\/uploads\/2025\/01\/songte-chushion-collar.webp\" alt=\"Apykakl\u0117s vaizdas\"><\/p>\n<h2>Diegimo vadovas<\/h2>\n<p>Cilindro svirties montavimas tur\u0117t\u0173 vykti \u0161iais \u017eingsniais:<\/p>\n<ol>\n<li>\u012esitikinkite, kad montavimo vieta yra \u0161vari ir be \u0161iuk\u0161li\u0173.<\/li>\n<li>\u012esitikinkite, kad cilindras ir susij\u0119 komponentai, pvz., tvirtinimo laikiklis ir \u017earnos, yra tvirtai pritvirtinti.<\/li>\n<li>Connect the hoses according to the manufacturer&#8217;s instructions.<\/li>\n<li>Prie\u0161 naudodami patikrinkite visas jungtis, ar n\u0117ra nuot\u0117kio ir ar jos tinkamai veikia.<\/li>\n<\/ol>\n<p><img decoding=\"async\" src=\"https:\/\/www.hydraulic-cylinders.net\/wp-content\/uploads\/2025\/01\/songte-company-4.webp\" alt=\"\u012emon\u0117s \u012fvaizdis\"><br \/>\n<img decoding=\"async\" src=\"https:\/\/www.hydraulic-cylinders.net\/wp-content\/uploads\/2025\/01\/songte-company-3.webp\" alt=\"\u012emon\u0117s \u012fvaizdis\"><\/p>\n<h2>Apie mus<\/h2>\n<p>Esame pirmaujanti hidraulini\u0173 cilindr\u0173 gamintoja ir didmeninink\u0117, si\u016blanti plat\u0173 gamini\u0173 asortiment\u0105, tapus\u012f rinkos lydere tiek vidaus, tiek tarptautin\u0117je rinkose. Esame \u012fsipareigoj\u0119 u\u017etikrinti puiki\u0105 kokyb\u0119 ir savo patobulintose gamybos dirbtuv\u0117se taikome industrializuoto gamybos valdymo strategijas, kad nuolat tobulintume savo techninius paj\u0117gumus ir gamybos efektyvum\u0105. \u012edieg\u0117me auk\u0161\u010diausios klas\u0117s skaitmenin\u0119 gamybos \u012frang\u0105 ir profesionalias testavimo sistemas, kad optimizuotume savo gamybos platform\u0105 ir patobulintume gamini\u0173 kokyb\u0117s kontrol\u0117s procesus, o tai suteikia mums tvirtas inovacij\u0173 galimybes. M\u016bs\u0173 tikslas \u2013 patenkinti \u012fvairius klient\u0173 poreikius, teikiant didelio efektyvumo, tikslumo ir auk\u0161tos kokyb\u0117s gaminius.<\/p>\n<p>Si\u016blome vis\u0105 paslaug\u0173 spektr\u0105, \u012fskaitant profesin\u0119 patirt\u012f, tarptautinius sertifikatus, individualiai pritaikytas paslaugas, gamybos \u012frang\u0105 ir garantin\u012f aptarnavim\u0105 bei kitas.<\/p>\n<p>Autorius: lyl<\/p>","protected":false},"excerpt":{"rendered":"<p>Arm Cylinder For Kato Small Excavator HD512R Introduction An arm cylinder is a specialized hydraulic cylinder used for providing linear motion and power to the arm of various types of machinery such as excavators, cranes, and robotic arms. The arm cylinder plays a critical role in hydraulic systems, enabling the effective movement and control of [&hellip;]<\/p>","protected":false},"featured_media":14783,"comment_status":"open","ping_status":"closed","template":"","meta":{"_et_pb_use_builder":"","_et_pb_old_content":"","_et_gb_content_width":""},"product_brand":[],"product_cat":[1497],"product_tag":[1498,1496],"class_list":{"0":"post-16959","1":"product","2":"type-product","3":"status-publish","4":"has-post-thumbnail","6":"product_cat-arm-cylinders","7":"product_tag-arm-cylinders","8":"product_tag-hydraulic-cylinders","10":"first","11":"instock","12":"shipping-taxable","13":"product-type-simple"},"amp_enabled":true,"_links":{"self":[{"href":"https:\/\/www.hydraulic-cylinders.net\/lt\/wp-json\/wp\/v2\/product\/16959","targetHints":{"allow":["GET"]}}],"collection":[{"href":"https:\/\/www.hydraulic-cylinders.net\/lt\/wp-json\/wp\/v2\/product"}],"about":[{"href":"https:\/\/www.hydraulic-cylinders.net\/lt\/wp-json\/wp\/v2\/types\/product"}],"replies":[{"embeddable":true,"href":"https:\/\/www.hydraulic-cylinders.net\/lt\/wp-json\/wp\/v2\/comments?post=16959"}],"wp:featuredmedia":[{"embeddable":true,"href":"https:\/\/www.hydraulic-cylinders.net\/lt\/wp-json\/wp\/v2\/media\/14783"}],"wp:attachment":[{"href":"https:\/\/www.hydraulic-cylinders.net\/lt\/wp-json\/wp\/v2\/media?parent=16959"}],"wp:term":[{"taxonomy":"product_brand","embeddable":true,"href":"https:\/\/www.hydraulic-cylinders.net\/lt\/wp-json\/wp\/v2\/product_brand?post=16959"},{"taxonomy":"product_cat","embeddable":true,"href":"https:\/\/www.hydraulic-cylinders.net\/lt\/wp-json\/wp\/v2\/product_cat?post=16959"},{"taxonomy":"product_tag","embeddable":true,"href":"https:\/\/www.hydraulic-cylinders.net\/lt\/wp-json\/wp\/v2\/product_tag?post=16959"}],"curies":[{"name":"wp","href":"https:\/\/api.w.org\/{rel}","templated":true}]}}