{"id":16982,"date":"2025-01-21T08:46:17","date_gmt":"2025-01-21T08:46:17","guid":{"rendered":"https:\/\/www.hydraulic-cylinders.net\/?post_type=product&#038;p=16982"},"modified":"2025-04-11T03:15:39","modified_gmt":"2025-04-11T03:15:39","slug":"hcyy11112002-forklift-steering-cylinder","status":"publish","type":"product","link":"https:\/\/www.hydraulic-cylinders.net\/lt\/produktas\/hcyy11112002-forklift-steering-cylinder\/","title":{"rendered":"HCYY11112002 \u0160akinio krautuvo vairo cilindras"},"content":{"rendered":"<h1 style=\"text-align: center;\"><strong>HCYY11112002 \u0160akinio krautuvo vairo cilindras\u00a0<\/strong><\/h1>\n<h1 style=\"text-align: center;\"><strong><img loading=\"lazy\" decoding=\"async\" class=\"alignnone size-full wp-image-16984\" src=\"https:\/\/www.hydraulic-cylinders.net\/wp-content\/uploads\/2025\/01\/hcyy11112002-forklift-lifting-cylinder-2.webp\" alt=\"\" width=\"1496\" height=\"517\" srcset=\"https:\/\/www.hydraulic-cylinders.net\/wp-content\/uploads\/2025\/01\/hcyy11112002-forklift-lifting-cylinder-2.webp 1496w, https:\/\/www.hydraulic-cylinders.net\/wp-content\/uploads\/2025\/01\/hcyy11112002-forklift-lifting-cylinder-2-1280x442.webp 1280w, https:\/\/www.hydraulic-cylinders.net\/wp-content\/uploads\/2025\/01\/hcyy11112002-forklift-lifting-cylinder-2-980x339.webp 980w, https:\/\/www.hydraulic-cylinders.net\/wp-content\/uploads\/2025\/01\/hcyy11112002-forklift-lifting-cylinder-2-480x166.webp 480w\" sizes=\"(min-width: 0px) and (max-width: 480px) 480px, (min-width: 481px) and (max-width: 980px) 980px, (min-width: 981px) and (max-width: 1280px) 1280px, (min-width: 1281px) 1496px, 100vw\" \/> <\/strong><\/h1>\n<p>HCYY11112002 \u0161akinio krautuvo vairo cilindras yra gyvybi\u0161kai svarbus komponentas, kuris \u017eymiai padidina \u0161akini\u0173 krautuv\u0173 manevringum\u0105 ir valdym\u0105 \u012fvairiose eksploatavimo aplinkose. \u0160is vairo cilindras, sukurtas siekiant efektyvumo ir patikimumo, suteikia operatoriams galimyb\u0119 nar\u0161yti ank\u0161tose erdv\u0117se ir lengvai valdyti sunkius krovinius.<\/p>\n<p>HCYY11112002, kaip esmin\u0117 bet kurio krautuvo eksploatavimo dalis, pasi\u017eymi tvirta konstrukcija, i\u0161skirtiniu reagavimu ir lengva prie\u017ei\u016bra, tod\u0117l tai idealus pasirinkimas \u012fmon\u0117ms, siekian\u010dioms padidinti savo med\u017eiag\u0173 tvarkymo galimybes. Laikydamiesi tinkamos naudojimo ir prie\u017ei\u016bros praktikos, galite u\u017etikrinti skland\u0173 ir efektyv\u0173 vairo cilindro veikim\u0105, o tai u\u017etikrina saugesn\u012f ir efektyvesn\u012f darb\u0105.<\/p>\n<p>Investavimas \u012f auk\u0161tos kokyb\u0117s komponentus, tokius kaip HCYY11112002, ne tik padidina produktyvum\u0105, bet ir pagerina bendr\u0105 j\u016bs\u0173 darbuotoj\u0173 saugum\u0105. Patirkite skirtum\u0105, kur\u012f gali padaryti patikimas vairavimas, ir pakeiskite savo veiklos efektyvum\u0105 jau \u0161iandien!<\/p>\n<h2><strong>HCYY11112002 \u0160akinio krautuvo vairo cilindro parametras:<\/strong><\/h2>\n<h1 style=\"text-align: center;\"><strong><img loading=\"lazy\" decoding=\"async\" class=\"alignnone size-full wp-image-16983\" src=\"https:\/\/www.hydraulic-cylinders.net\/wp-content\/uploads\/2025\/01\/hcyy11112002-forklift-lifting-cylinder-1.webp\" alt=\"\" width=\"1514\" height=\"142\" srcset=\"https:\/\/www.hydraulic-cylinders.net\/wp-content\/uploads\/2025\/01\/hcyy11112002-forklift-lifting-cylinder-1.webp 1514w, https:\/\/www.hydraulic-cylinders.net\/wp-content\/uploads\/2025\/01\/hcyy11112002-forklift-lifting-cylinder-1-1280x120.webp 1280w, https:\/\/www.hydraulic-cylinders.net\/wp-content\/uploads\/2025\/01\/hcyy11112002-forklift-lifting-cylinder-1-980x92.webp 980w, https:\/\/www.hydraulic-cylinders.net\/wp-content\/uploads\/2025\/01\/hcyy11112002-forklift-lifting-cylinder-1-480x45.webp 480w\" sizes=\"(min-width: 0px) and (max-width: 480px) 480px, (min-width: 481px) and (max-width: 980px) 980px, (min-width: 981px) and (max-width: 1280px) 1280px, (min-width: 1281px) 1514px, 100vw\" \/><\/strong><\/h1>\n<h1 style=\"text-align: center;\"><strong><img loading=\"lazy\" decoding=\"async\" class=\"alignnone size-full wp-image-16985\" src=\"https:\/\/www.hydraulic-cylinders.net\/wp-content\/uploads\/2025\/01\/hcyy11112002-forklift-lifting-cylinder-3.webp\" alt=\"\" width=\"1479\" height=\"707\" srcset=\"https:\/\/www.hydraulic-cylinders.net\/wp-content\/uploads\/2025\/01\/hcyy11112002-forklift-lifting-cylinder-3.webp 1479w, https:\/\/www.hydraulic-cylinders.net\/wp-content\/uploads\/2025\/01\/hcyy11112002-forklift-lifting-cylinder-3-1280x612.webp 1280w, https:\/\/www.hydraulic-cylinders.net\/wp-content\/uploads\/2025\/01\/hcyy11112002-forklift-lifting-cylinder-3-980x468.webp 980w, https:\/\/www.hydraulic-cylinders.net\/wp-content\/uploads\/2025\/01\/hcyy11112002-forklift-lifting-cylinder-3-480x229.webp 480w\" sizes=\"(min-width: 0px) and (max-width: 480px) 480px, (min-width: 481px) and (max-width: 980px) 980px, (min-width: 981px) and (max-width: 1280px) 1280px, (min-width: 1281px) 1479px, 100vw\" \/> <img loading=\"lazy\" decoding=\"async\" class=\"alignnone size-full wp-image-16986\" src=\"https:\/\/www.hydraulic-cylinders.net\/wp-content\/uploads\/2025\/01\/hcyy11112002-forklift-lifting-cylinder-4.webp\" alt=\"\" width=\"1477\" height=\"710\" srcset=\"https:\/\/www.hydraulic-cylinders.net\/wp-content\/uploads\/2025\/01\/hcyy11112002-forklift-lifting-cylinder-4.webp 1477w, https:\/\/www.hydraulic-cylinders.net\/wp-content\/uploads\/2025\/01\/hcyy11112002-forklift-lifting-cylinder-4-1280x615.webp 1280w, https:\/\/www.hydraulic-cylinders.net\/wp-content\/uploads\/2025\/01\/hcyy11112002-forklift-lifting-cylinder-4-980x471.webp 980w, https:\/\/www.hydraulic-cylinders.net\/wp-content\/uploads\/2025\/01\/hcyy11112002-forklift-lifting-cylinder-4-480x231.webp 480w\" sizes=\"(min-width: 0px) and (max-width: 480px) 480px, (min-width: 481px) and (max-width: 980px) 980px, (min-width: 981px) and (max-width: 1280px) 1280px, (min-width: 1281px) 1477px, 100vw\" \/> <img loading=\"lazy\" decoding=\"async\" class=\"alignnone size-full wp-image-16987\" src=\"https:\/\/www.hydraulic-cylinders.net\/wp-content\/uploads\/2025\/01\/hcyy11112002-forklift-lifting-cylinder-5.webp\" alt=\"\" width=\"1495\" height=\"730\" srcset=\"https:\/\/www.hydraulic-cylinders.net\/wp-content\/uploads\/2025\/01\/hcyy11112002-forklift-lifting-cylinder-5.webp 1495w, https:\/\/www.hydraulic-cylinders.net\/wp-content\/uploads\/2025\/01\/hcyy11112002-forklift-lifting-cylinder-5-1280x625.webp 1280w, https:\/\/www.hydraulic-cylinders.net\/wp-content\/uploads\/2025\/01\/hcyy11112002-forklift-lifting-cylinder-5-980x479.webp 980w, https:\/\/www.hydraulic-cylinders.net\/wp-content\/uploads\/2025\/01\/hcyy11112002-forklift-lifting-cylinder-5-480x234.webp 480w\" sizes=\"(min-width: 0px) and (max-width: 480px) 480px, (min-width: 481px) and (max-width: 980px) 980px, (min-width: 981px) and (max-width: 1280px) 1280px, (min-width: 1281px) 1495px, 100vw\" \/><\/strong><\/h1>\n<h1 style=\"text-align: center;\"><\/h1>\n<h2>\u00a0<strong>\u0160akinio krautuvo cilindr\u0173 serija:\u00a0<\/strong><\/h2>\n<h2><img loading=\"lazy\" decoding=\"async\" class=\"alignnone size-full wp-image-16971\" src=\"https:\/\/www.hydraulic-cylinders.net\/wp-content\/uploads\/2025\/01\/fork-lift-cylinder.webp\" alt=\"\" width=\"2004\" height=\"2529\" srcset=\"https:\/\/www.hydraulic-cylinders.net\/wp-content\/uploads\/2025\/01\/fork-lift-cylinder.webp 2004w, https:\/\/www.hydraulic-cylinders.net\/wp-content\/uploads\/2025\/01\/fork-lift-cylinder-1280x1615.webp 1280w, https:\/\/www.hydraulic-cylinders.net\/wp-content\/uploads\/2025\/01\/fork-lift-cylinder-980x1237.webp 980w, https:\/\/www.hydraulic-cylinders.net\/wp-content\/uploads\/2025\/01\/fork-lift-cylinder-480x606.webp 480w\" sizes=\"(min-width: 0px) and (max-width: 480px) 480px, (min-width: 481px) and (max-width: 980px) 980px, (min-width: 981px) and (max-width: 1280px) 1280px, (min-width: 1281px) 2004px, 100vw\" \/><\/h2>\n<h2><strong>Pagrindin\u0117s HCYY11112002 \u0161akinio krautuvo vairo cilindro savyb\u0117s:<\/strong><\/h2>\n<ul>\n<li><strong>Patvari konstrukcija<\/strong>Pagamintas i\u0161 auk\u0161\u010diausios kokyb\u0117s med\u017eiag\u0173, HCYY11112002 yra sukurtas taip, kad atlaikyt\u0173 sunkias eksploatavimo s\u0105lygas ir at\u0161iaurias darbo s\u0105lygas. Tvirta konstrukcija u\u017etikrina i\u0161skirtin\u012f ilgaam\u017ei\u0161kum\u0105 ir patikimum\u0105, tod\u0117l reikia ma\u017eiau da\u017enai keisti dalis.<\/li>\n<li><strong>Didelis reagavimo greitis<\/strong>Patirkite neprilygstam\u0105 valdym\u0105 su \u0161iuo vairo cilindru, kuris u\u017etikrina greit\u0105 ir tiksl\u0173 vairavimo atsak\u0105. Operatoriai gali lengvai \u012fveikti staigius pos\u016bkius ir sud\u0117tingus i\u0161planavimus, tod\u0117l pos\u016bkiai tampa sklandesni ir kroviniai geriau valdomi. Toks reagavimas ne tik padidina efektyvum\u0105, bet ir bendr\u0105 saugum\u0105.<\/li>\n<li><strong>Atsparumas korozijai<\/strong>HCYY11112002 cilindras pasi\u017eymi specialiai apdorotais pavir\u0161iais, kurie atspar\u016bs r\u016bdijimui ir nusid\u0117v\u0117jimui. \u0160i korozijai atspari savyb\u0117 prailgina cilindro tarnavimo laik\u0105 ir palaiko optimal\u0173 veikim\u0105 net ir dr\u0117gm\u0117s ar agresyvi\u0173 chemini\u0173 med\u017eiag\u0173 veikiamoje aplinkoje.<\/li>\n<li><strong>Lengvas montavimas<\/strong>Sukurtas patogiam naudotojo patogumui, HCYY11112002 u\u017etikrina paprast\u0105 montavim\u0105. Intuityvus s\u0105rankos procesas suma\u017eina prastovas, leid\u017eia greitai pakeisti ir remontuoti. \u0160i funkcija rei\u0161kia ma\u017eiau trikd\u017ei\u0173 j\u016bs\u0173 veikloje ir daugiau laiko produktyvumui.<\/li>\n<li><strong>Platus suderinamumas<\/strong>Universalumas yra vienas i\u0161 HCYY11112002 bruo\u017e\u0173. \u0160is vairo cilindras, suprojektuotas taip, kad tikt\u0173 \u012fvairiems \u0161akini\u0173 krautuv\u0173 modeliams, skland\u017eiai prisitaiko prie skirting\u0173 sistem\u0173, tod\u0117l yra idealus pasirinkimas \u012fvairioms \u012fmon\u0117ms. Nesvarbu, ar valdote vieno tipo \u0161akin\u012f krautuv\u0105, ar vis\u0105 transporto priemoni\u0173 park\u0105, \u0161is komponentas lengvai patenkins j\u016bs\u0173 \u012fvairius poreikius.<\/li>\n<li><strong>Patobulintos saugos funkcijos<\/strong>HCYY11112002, kuriame \u012fdiegti pa\u017eang\u016bs saugos mechanizmai, u\u017etikrina stabil\u0173 veikim\u0105 \u012fvairiomis s\u0105lygomis. \u0160is papildomas saugos sluoksnis apsaugo tiek operatorius, tiek krovinius, dar labiau pagerindamas bendr\u0105 darbo aplink\u0105.<\/li>\n<li><strong>Ma\u017ei prie\u017ei\u016bros reikalavimai<\/strong>Sukurtas patvarumui ir efektyvumui, HCYY11112002 reikalauja minimalios prie\u017ei\u016bros. Reguliar\u016bs patikrinimai ir retkar\u010diais atliekamas tepimas u\u017etikrina geriausi\u0105 jo veikim\u0105, tod\u0117l j\u016bs\u0173 komanda gali sutelkti d\u0117mes\u012f \u012f savo u\u017eduotis, nesijaudindama d\u0117l da\u017enos prie\u017ei\u016bros.<\/li>\n<\/ul>\n<p>Pasirinkdami HCYY11112002 \u0161akinio krautuvo vairo cilindr\u0105, investuojate \u012f produkt\u0105, kuris padidina veiklos efektyvum\u0105 ir prisideda prie saugesn\u0117s bei produktyvesn\u0117s darbo vietos. Patirkite skirtum\u0105, kur\u012f \u0161ios pa\u017eangios funkcijos gali padaryti j\u016bs\u0173 med\u017eiag\u0173 tvarkymo operacijose!<\/p>\n<h2><strong>Kokie po\u017eymiai rodo, kad reikia keisti \u0161akinio krautuvo vairo cilindr\u0105?<\/strong><\/h2>\n<p>Gerai veikiantis vairo cilindras yra labai svarbus saugiam \u0161akinio krautuvo naudojimui. \u0160tai keli po\u017eymiai, rodantys, kad gali b\u016bti laikas j\u012f keisti:<\/p>\n<ol>\n<li><strong>Hidraulini\u0173 skys\u010di\u0173 nuot\u0117kiai<\/strong><br \/>\nJei po \u0161akiniu krautuvu pastebite hidraulinio skys\u010dio balas, tai yra \u012fsp\u0117jamasis \u017eenklas. Nuot\u0117kiai rodo, kad vairo mechanizmo cilindro sandarikliai gali b\u016bti susid\u0117v\u0117j\u0119 arba pa\u017eeisti, o tai kenkia sistemos vientisumui.<\/li>\n<li><strong>Vairavimo sunkumai<\/strong><br \/>\nSunkumas pasukti vair\u0105 arba didelis pasiprie\u0161inimas gali signalizuoti apie pagrindines problemas. Reaguojanti vairavimo sistema yra b\u016btina efektyvumui ir saugumui, tod\u0117l neignoruokite \u0161i\u0173 simptom\u0173.<\/li>\n<li><strong>Ne\u012fprasti garsai<\/strong><br \/>\nAtkreipkite d\u0117mes\u012f \u012f bet kok\u012f girg\u017ed\u0117jim\u0105, girg\u017ed\u0117jim\u0105 ar bar\u0161k\u0117jim\u0105 eksploatacijos metu. \u0160ie garsai gali rodyti mechanin\u012f vairo cilindro susid\u0117v\u0117jim\u0105 arba nesuderinamum\u0105, kurie, jei nebus pa\u0161alinti, gali sukelti rimtesni\u0173 problem\u0173.<\/li>\n<li><strong>Susid\u0117v\u0117j\u0119 sandarikliai ir \u012fvor\u0117s<\/strong><br \/>\nReguliariai tikrinkite sandariklius ir \u012fvores, ar n\u0117ra susid\u0117v\u0117jimo po\u017eymi\u0173. \u012etr\u016bkimai ar nudil\u0119 gali sukelti nuot\u0117k\u012f ir suma\u017einti na\u0161um\u0105, tod\u0117l labai svarbu juos laiku pakeisti.<\/li>\n<li><strong>Nenuoseklus jud\u0117jimas<\/strong><br \/>\nJei j\u016bs\u0173 krautuvo vairavimas tr\u016bk\u010dioja arba nestabiliai juda, tai gali rodyti hidraulinius cilindro gedimus. Sklandus vairavimas yra labai svarbus norint tiksliai manevruoti, ypa\u010d ank\u0161tose erdv\u0117se.<\/li>\n<li><strong>Per didelis \u017eaidimas<\/strong><br \/>\nPastebimas vairo laisvumo padid\u0117jimas arba atsipalaidavimas gali rodyti, kad vairo cilindras suged\u0119s. Tai gali paveikti j\u016bs\u0173 valdym\u0105 ir padidinti avarij\u0173 rizik\u0105.<\/li>\n<li><strong>\u012esp\u0117jamieji \u017eibintai<\/strong><br \/>\nDaugelyje \u0161iuolaikini\u0173 krautuv\u0173 yra diagnostikos sistemos, kurios \u012fsp\u0117ja apie galimas problemas. Jei matote su vairavimu susijusi\u0105 \u012fsp\u0117jam\u0105j\u0105 lemput\u0119, \u017ei\u016br\u0117kite \u012f tai rimtai ir nedelsdami i\u0161tirkite.<\/li>\n<\/ol>\n<p>Proaktyvus \u0161i\u0173 \u017eenkl\u0173 pasteb\u0117jimas gali pad\u0117ti i\u0161vengti brangaus remonto ir nesaugi\u0173 eksploatavimo s\u0105lyg\u0173. Reguliarus techninis aptarnavimas ir savalaikis keitimas u\u017etikrina, kad j\u016bs\u0173 krautuvas i\u0161likt\u0173 patikimas ir efektyvus. Jei pasteb\u0117jote bet kur\u012f i\u0161 \u0161i\u0173 simptom\u0173, pasikonsultuokite su specialistu, kad \u012fvertintum\u0117te situacij\u0105 ir apsvarstytum\u0117te galimyb\u0119 pakeisti vairo mechanizmo cilindr\u0105, kad jis veikt\u0173 optimaliai. Nuo to priklauso j\u016bs\u0173 saugumas ir produktyvumas!<\/p>\n<h2><strong>\u0160akinio krautuvo cilindr\u0173 gamybos sritis:<\/strong><\/h2>\n<h2><img loading=\"lazy\" decoding=\"async\" class=\"alignnone size-full wp-image-16972\" src=\"https:\/\/www.hydraulic-cylinders.net\/wp-content\/uploads\/2025\/01\/hydraulic-cylinder-factory-1-scaled.webp\" alt=\"\" width=\"2016\" height=\"2560\" srcset=\"https:\/\/www.hydraulic-cylinders.net\/wp-content\/uploads\/2025\/01\/hydraulic-cylinder-factory-1-scaled.webp 2016w, https:\/\/www.hydraulic-cylinders.net\/wp-content\/uploads\/2025\/01\/hydraulic-cylinder-factory-1-1280x1625.webp 1280w, https:\/\/www.hydraulic-cylinders.net\/wp-content\/uploads\/2025\/01\/hydraulic-cylinder-factory-1-980x1244.webp 980w, https:\/\/www.hydraulic-cylinders.net\/wp-content\/uploads\/2025\/01\/hydraulic-cylinder-factory-1-480x610.webp 480w\" sizes=\"(min-width: 0px) and (max-width: 480px) 480px, (min-width: 481px) and (max-width: 980px) 980px, (min-width: 981px) and (max-width: 1280px) 1280px, (min-width: 1281px) 2016px, 100vw\" \/><\/h2>\n<p>Turime auk\u0161\u010diausios klas\u0117s nepriklausom\u0105 surinkimo tyrim\u0173 ir pl\u0117tros platform\u0105. \u0160akini\u0173 krautuv\u0173 cilindr\u0173 gamybos ceche yra keturios pusiau automatin\u0117s k\u0117limo cilindr\u0173 surinkimo linijos ir pilnai automatin\u0117 pakreipiam\u0173 cilindr\u0173 surinkimo linija, kurios projektinis metinis gamybos paj\u0117gumas yra milijonas vienet\u0173. Specialiose cilindr\u0173 dirbtuv\u0117se yra \u012fvairi\u0173 specifikacij\u0173 pusiau automatin\u0117s valymo ir surinkimo sistemos, kuri\u0173 projektinis metinis gamybos paj\u0117gumas yra 200 000 vienet\u0173. Jose \u012frengta garsi\u0173 prek\u0117s \u017eenkl\u0173 CNC apdirbimo \u012franga, apdirbimo centrai, speciali \u012franga didelio tikslumo cilindr\u0173 apdirbimui, robotiniai suvirinimo aparatai, automatiniai valymo aparatai, automatiniai cilindr\u0173 surinkimo aparatai ir automatin\u0117s da\u017eymo gamybos linijos. Turime daugiau nei 300 pagrindini\u0173 \u012frengini\u0173 komplekt\u0173. Optimizuotas \u012frangos i\u0161tekli\u0173 paskirstymas ir efektyvus panaudojimas u\u017etikrina gamini\u0173 tikslumo reikalavimus ir auk\u0161tus gamini\u0173 kokyb\u0117s reikalavimus.<\/p>\n<p>Apdirbimo ceche \u012frengti pagal u\u017esakym\u0105 pagaminti pakreipiam\u0173j\u0173 kreipian\u010di\u0173j\u0173 b\u0117gi\u0173 tekinimo centrai, apdirbimo centrai, greitaeig\u0117s galandimo stakl\u0117s, suvirinimo robotai ir kita atitinkama \u012franga, galinti apdoroti cilindrinius vamzd\u017eius, kuri\u0173 maksimalus vidinis skersmuo yra 400 mm, o maksimalus ilgis \u2013 6 metrai.<\/p>\n<h2><img loading=\"lazy\" decoding=\"async\" class=\"alignnone size-full wp-image-16973\" src=\"https:\/\/www.hydraulic-cylinders.net\/wp-content\/uploads\/2025\/01\/hydraulic-cylinder-factory-2-scaled.webp\" alt=\"\" width=\"2011\" height=\"2560\" srcset=\"https:\/\/www.hydraulic-cylinders.net\/wp-content\/uploads\/2025\/01\/hydraulic-cylinder-factory-2-scaled.webp 2011w, https:\/\/www.hydraulic-cylinders.net\/wp-content\/uploads\/2025\/01\/hydraulic-cylinder-factory-2-1280x1629.webp 1280w, https:\/\/www.hydraulic-cylinders.net\/wp-content\/uploads\/2025\/01\/hydraulic-cylinder-factory-2-980x1248.webp 980w, https:\/\/www.hydraulic-cylinders.net\/wp-content\/uploads\/2025\/01\/hydraulic-cylinder-factory-2-480x611.webp 480w\" sizes=\"(min-width: 0px) and (max-width: 480px) 480px, (min-width: 481px) and (max-width: 980px) 980px, (min-width: 981px) and (max-width: 1280px) 1280px, (min-width: 1281px) 2011px, 100vw\" \/><\/h2>\n<p>Turime pilnai automatin\u0119 vandens pagrindo da\u017e\u0173 dengimo linij\u0105 ma\u017eiems ir vidutiniams cilindrams, kuri realizuoja automatinius pakrovimo ir i\u0161krovimo bei automatinius pur\u0161kimo robotus, kuri\u0173 projektinis gamybos paj\u0117gumas yra 4000 viet\u0173 per pamain\u0105. Turime kit\u0105 pusiau automatin\u0119 da\u017eymo linij\u0105 dideliems cilindrams, varom\u0105 j\u0117gos grandine, kurios projektinis na\u0161umas yra 60 d\u0117\u017ei\u0173 per pamain\u0105.<\/p>\n<p>Siekdami dar labiau pagerinti gamini\u0173 na\u0161um\u0105 ir \u012ftvirtinti savo hidraulini\u0173 cilindr\u0173 lyderio pozicijas pramon\u0117je, m\u016bs\u0173 \u012fmon\u0117 ir \u201ezjimee\u201c kartu \u012fk\u016br\u0117 i\u0161sami\u0105 hidraulini\u0173 cilindr\u0173, hidraulini\u0173 vo\u017etuv\u0173 ir hidraulini\u0173 siurbli\u0173 na\u0161umo laboratorij\u0105; laboratorijoje atliekami kompiuteriniai bandymai, naudojant elektrohidraulin\u0119 technologij\u0105, o bandymo s\u0105lygos i\u0161 anksto nustatomos kompiuteriu, o tai pagerina bandymo tikslum\u0105, sistemos universalum\u0105 ir eksperimentinius duomenis.<\/p>\n<p>Automatinis duomen\u0173 rinkimas vykdomas naudojant jutiklius, o i\u0161vesties duomenys, tokie kaip cilindro ar vo\u017etuvo vidinis nuot\u0117kis ir apkrovos efektyvumas, yra tiesiogiai apdorojami kompiuterio ir konvertuojami \u012f standartinius vienetus (ml\/min\u00b3TP\u00b3T). Tuo pa\u010diu metu, siekiant u\u017etikrinti hidraulin\u0117s sistemos darbo saug\u0105, atliekama pagrindini\u0173 veikimo parametr\u0173, toki\u0173 kaip \u201ealyvos temperat\u016bros steb\u0117jimas, skys\u010dio lygio steb\u0117jimas, filtro \u012frenginio steb\u0117jimas\u201c ir kt., b\u016bsenos steb\u0117jimo funkcija. Be kita ko, hidraulinio cilindro bandym\u0173 stendas gali patikrinti \u201eapkrovos\u201c na\u0161um\u0105.<br \/>\nefektyvumas \u201eir\u201c vidinis nuot\u0117kis\u201c pagal rodmenis. Tuo pa\u010diu metu jis apr\u016bpintas groteli\u0173 liniuot\u0117s matavimo prietaisu, kuris atitinka vis\u0173 hidraulini\u0173 cilindr\u0173 gamini\u0173 bandymo element\u0173 reikalavimus pagal nacionalin\u012f standart\u0105.<\/p>","protected":false},"excerpt":{"rendered":"<p>HCYY11112002 Forklift Steering Cylinder\u00a0 The HCYY11112002 Forklift Steering Cylinder stands as a vital component that significantly boosts the maneuverability and control of forklifts across diverse operational environments. Crafted for both efficiency and reliability, this steering cylinder empowers operators to navigate tight spaces and manage heavy loads effortlessly. As an essential part of any forklift operation, [&hellip;]<\/p>","protected":false},"featured_media":16988,"comment_status":"open","ping_status":"closed","template":"","meta":{"_et_pb_use_builder":"","_et_pb_old_content":"","_et_gb_content_width":""},"product_brand":[],"product_cat":[1550,1484,1376],"product_tag":[],"class_list":{"0":"post-16982","1":"product","2":"type-product","3":"status-publish","4":"has-post-thumbnail","6":"product_cat-double-acting-hydraulic-cylinder","7":"product_cat-forklift-hydraulic-cylinders","8":"product_cat-hydraulic-cylinder","10":"first","11":"instock","12":"shipping-taxable","13":"product-type-simple"},"amp_enabled":true,"_links":{"self":[{"href":"https:\/\/www.hydraulic-cylinders.net\/lt\/wp-json\/wp\/v2\/product\/16982","targetHints":{"allow":["GET"]}}],"collection":[{"href":"https:\/\/www.hydraulic-cylinders.net\/lt\/wp-json\/wp\/v2\/product"}],"about":[{"href":"https:\/\/www.hydraulic-cylinders.net\/lt\/wp-json\/wp\/v2\/types\/product"}],"replies":[{"embeddable":true,"href":"https:\/\/www.hydraulic-cylinders.net\/lt\/wp-json\/wp\/v2\/comments?post=16982"}],"wp:featuredmedia":[{"embeddable":true,"href":"https:\/\/www.hydraulic-cylinders.net\/lt\/wp-json\/wp\/v2\/media\/16988"}],"wp:attachment":[{"href":"https:\/\/www.hydraulic-cylinders.net\/lt\/wp-json\/wp\/v2\/media?parent=16982"}],"wp:term":[{"taxonomy":"product_brand","embeddable":true,"href":"https:\/\/www.hydraulic-cylinders.net\/lt\/wp-json\/wp\/v2\/product_brand?post=16982"},{"taxonomy":"product_cat","embeddable":true,"href":"https:\/\/www.hydraulic-cylinders.net\/lt\/wp-json\/wp\/v2\/product_cat?post=16982"},{"taxonomy":"product_tag","embeddable":true,"href":"https:\/\/www.hydraulic-cylinders.net\/lt\/wp-json\/wp\/v2\/product_tag?post=16982"}],"curies":[{"name":"wp","href":"https:\/\/api.w.org\/{rel}","templated":true}]}}