{"id":17024,"date":"2025-01-23T07:47:37","date_gmt":"2025-01-23T07:47:37","guid":{"rendered":"https:\/\/www.hydraulic-cylinders.net\/?post_type=product&#038;p=17024"},"modified":"2025-04-15T05:47:55","modified_gmt":"2025-04-15T05:47:55","slug":"hcyy11112013-locking-cylinder-for-environmental-protection","status":"publish","type":"product","link":"https:\/\/www.hydraulic-cylinders.net\/lt\/produktas\/hcyy11112013-locking-cylinder-for-environmental-protection\/","title":{"rendered":"HCYY11112013 U\u017erakinimo cilindras aplinkos apsaugai"},"content":{"rendered":"<h1 style=\"text-align: center;\"><strong>HCYY11112013 U\u017erakinimo cilindras aplinkos apsaugai<\/strong><\/h1>\n<h1 style=\"text-align: center;\"><img loading=\"lazy\" decoding=\"async\" class=\"alignnone size-full wp-image-17026\" src=\"https:\/\/www.hydraulic-cylinders.net\/wp-content\/uploads\/2025\/01\/hcyy11112013-locking-cylinder-2.webp\" alt=\"\" width=\"1499\" height=\"516\" srcset=\"https:\/\/www.hydraulic-cylinders.net\/wp-content\/uploads\/2025\/01\/hcyy11112013-locking-cylinder-2.webp 1499w, https:\/\/www.hydraulic-cylinders.net\/wp-content\/uploads\/2025\/01\/hcyy11112013-locking-cylinder-2-1280x441.webp 1280w, https:\/\/www.hydraulic-cylinders.net\/wp-content\/uploads\/2025\/01\/hcyy11112013-locking-cylinder-2-980x337.webp 980w, https:\/\/www.hydraulic-cylinders.net\/wp-content\/uploads\/2025\/01\/hcyy11112013-locking-cylinder-2-480x165.webp 480w\" sizes=\"(min-width: 0px) and (max-width: 480px) 480px, (min-width: 481px) and (max-width: 980px) 980px, (min-width: 981px) and (max-width: 1280px) 1280px, (min-width: 1281px) 1499px, 100vw\" \/><\/h1>\n<p>HCYY11112013 u\u017erakinimo cilindras yra revoliucinis saugos ir efektyvumo \u017eingsnis, ypa\u010d pramon\u0117s \u0161akose, kurios r\u016bpinasi aplinkos apsauga. \u0160is novatori\u0161kas komponentas garantuoja saug\u0173 ma\u0161in\u0173 veikim\u0105 ir \u017eymiai suma\u017eina pavoj\u0173 aplinkai rizik\u0105.<\/p>\n<p>HCYY11112013 u\u017erakinimo cilindras i\u0161siskiria savo i\u0161skirtiniu patikimumu ir efektyvumu. Tvirta konstrukcija ir patobulintos saugos funkcijos paver\u010dia j\u012f nepakei\u010diamu turtu \u0161iuolaikin\u0117je pramon\u0117s aplinkoje. Laikydamiesi tinkamos naudojimo ir prie\u017ei\u016bros praktikos, vartotojai gali maksimaliai padidinti \u0161io svarbaus gaminio ilgaam\u017ei\u0161kum\u0105 ir na\u0161um\u0105. Tai skatina saugesn\u012f darb\u0105 ir prisideda prie tvaresn\u0117s ateities. Pasinaudokite HCYY11112013 u\u017erakinimo cilindro galia ir padidinkite savo \u012fsipareigojim\u0105 saugumui ir aplinkosaugai!<\/p>\n<h2><strong>HCYY11112013 U\u017erakinimo cilindras aplinkos apsaugos parametrui:<\/strong><\/h2>\n<h1 style=\"text-align: center;\"><img loading=\"lazy\" decoding=\"async\" class=\"alignnone size-full wp-image-17025\" src=\"https:\/\/www.hydraulic-cylinders.net\/wp-content\/uploads\/2025\/01\/hcyy11112013-locking-cylinder-1.webp\" alt=\"\" width=\"1511\" height=\"147\" srcset=\"https:\/\/www.hydraulic-cylinders.net\/wp-content\/uploads\/2025\/01\/hcyy11112013-locking-cylinder-1.webp 1511w, https:\/\/www.hydraulic-cylinders.net\/wp-content\/uploads\/2025\/01\/hcyy11112013-locking-cylinder-1-1280x125.webp 1280w, https:\/\/www.hydraulic-cylinders.net\/wp-content\/uploads\/2025\/01\/hcyy11112013-locking-cylinder-1-980x95.webp 980w, https:\/\/www.hydraulic-cylinders.net\/wp-content\/uploads\/2025\/01\/hcyy11112013-locking-cylinder-1-480x47.webp 480w\" sizes=\"(min-width: 0px) and (max-width: 480px) 480px, (min-width: 481px) and (max-width: 980px) 980px, (min-width: 981px) and (max-width: 1280px) 1280px, (min-width: 1281px) 1511px, 100vw\" \/><\/h1>\n<h1 style=\"text-align: center;\"><img loading=\"lazy\" decoding=\"async\" class=\"alignnone size-full wp-image-17027\" src=\"https:\/\/www.hydraulic-cylinders.net\/wp-content\/uploads\/2025\/01\/hcyy11112013-locking-cylinder-3.webp\" alt=\"\" width=\"1475\" height=\"710\" srcset=\"https:\/\/www.hydraulic-cylinders.net\/wp-content\/uploads\/2025\/01\/hcyy11112013-locking-cylinder-3.webp 1475w, https:\/\/www.hydraulic-cylinders.net\/wp-content\/uploads\/2025\/01\/hcyy11112013-locking-cylinder-3-1280x616.webp 1280w, https:\/\/www.hydraulic-cylinders.net\/wp-content\/uploads\/2025\/01\/hcyy11112013-locking-cylinder-3-980x472.webp 980w, https:\/\/www.hydraulic-cylinders.net\/wp-content\/uploads\/2025\/01\/hcyy11112013-locking-cylinder-3-480x231.webp 480w\" sizes=\"(min-width: 0px) and (max-width: 480px) 480px, (min-width: 481px) and (max-width: 980px) 980px, (min-width: 981px) and (max-width: 1280px) 1280px, (min-width: 1281px) 1475px, 100vw\" \/> <img loading=\"lazy\" decoding=\"async\" class=\"alignnone size-full wp-image-17028\" src=\"https:\/\/www.hydraulic-cylinders.net\/wp-content\/uploads\/2025\/01\/hcyy11112013-locking-cylinder-4.webp\" alt=\"\" width=\"1474\" height=\"710\" srcset=\"https:\/\/www.hydraulic-cylinders.net\/wp-content\/uploads\/2025\/01\/hcyy11112013-locking-cylinder-4.webp 1474w, https:\/\/www.hydraulic-cylinders.net\/wp-content\/uploads\/2025\/01\/hcyy11112013-locking-cylinder-4-1280x617.webp 1280w, https:\/\/www.hydraulic-cylinders.net\/wp-content\/uploads\/2025\/01\/hcyy11112013-locking-cylinder-4-980x472.webp 980w, https:\/\/www.hydraulic-cylinders.net\/wp-content\/uploads\/2025\/01\/hcyy11112013-locking-cylinder-4-480x231.webp 480w\" sizes=\"(min-width: 0px) and (max-width: 480px) 480px, (min-width: 481px) and (max-width: 980px) 980px, (min-width: 981px) and (max-width: 1280px) 1280px, (min-width: 1281px) 1474px, 100vw\" \/> <img loading=\"lazy\" decoding=\"async\" class=\"alignnone size-full wp-image-17029\" src=\"https:\/\/www.hydraulic-cylinders.net\/wp-content\/uploads\/2025\/01\/hcyy11112013-locking-cylinder-5.webp\" alt=\"\" width=\"1487\" height=\"669\" srcset=\"https:\/\/www.hydraulic-cylinders.net\/wp-content\/uploads\/2025\/01\/hcyy11112013-locking-cylinder-5.webp 1487w, https:\/\/www.hydraulic-cylinders.net\/wp-content\/uploads\/2025\/01\/hcyy11112013-locking-cylinder-5-1280x576.webp 1280w, https:\/\/www.hydraulic-cylinders.net\/wp-content\/uploads\/2025\/01\/hcyy11112013-locking-cylinder-5-980x441.webp 980w, https:\/\/www.hydraulic-cylinders.net\/wp-content\/uploads\/2025\/01\/hcyy11112013-locking-cylinder-5-480x216.webp 480w\" sizes=\"(min-width: 0px) and (max-width: 480px) 480px, (min-width: 481px) and (max-width: 980px) 980px, (min-width: 981px) and (max-width: 1280px) 1280px, (min-width: 1281px) 1487px, 100vw\" \/><\/h1>\n<h2><strong style=\"font-size: 30px; text-align: center;\">\u00a0<\/strong><\/h2>\n<p>&nbsp;<\/p>\n<h2><strong>Cilindr\u0173 serija aplinkos apsaugai:<\/strong><\/h2>\n<h2><img loading=\"lazy\" decoding=\"async\" class=\"alignnone size-full wp-image-17030\" src=\"https:\/\/www.hydraulic-cylinders.net\/wp-content\/uploads\/2025\/01\/cylinder-series-for-environmental-protection-scaled.webp\" alt=\"\" width=\"2044\" height=\"2560\" srcset=\"https:\/\/www.hydraulic-cylinders.net\/wp-content\/uploads\/2025\/01\/cylinder-series-for-environmental-protection-scaled.webp 2044w, https:\/\/www.hydraulic-cylinders.net\/wp-content\/uploads\/2025\/01\/cylinder-series-for-environmental-protection-1280x1603.webp 1280w, https:\/\/www.hydraulic-cylinders.net\/wp-content\/uploads\/2025\/01\/cylinder-series-for-environmental-protection-980x1227.webp 980w, https:\/\/www.hydraulic-cylinders.net\/wp-content\/uploads\/2025\/01\/cylinder-series-for-environmental-protection-480x601.webp 480w\" sizes=\"(min-width: 0px) and (max-width: 480px) 480px, (min-width: 481px) and (max-width: 980px) 980px, (min-width: 981px) and (max-width: 1280px) 1280px, (min-width: 1281px) 2044px, 100vw\" \/><\/h2>\n<h2><strong>Pagrindin\u0117s HCYY11112013 u\u017erakinimo cilindro savyb\u0117s:<\/strong><\/h2>\n<div id=\"message-333463148293\" class=\"ChatMessage_chatMessage__xkgHx\" data-complete=\"true\">\n<div class=\"ChatMessage_messageRow__DHlnq\">\n<div class=\"ChatMessage_messageWrapper__4Ugd6\">\n<div class=\"Message_rowWithFooter__FShU6\">\n<div class=\"Message_row__ug_UU\">\n<div class=\"Message_messageBubbleWrapper__sEq8z\">\n<div class=\"Message_leftSideMessageBubble__VPdk6\">\n<div class=\"Message_messageTextContainer__w64Sc\">\n<div class=\"Markdown_markdownContainer__Tz3HQ\">\n<h4><strong>Tvirta konstrukcija<\/strong><\/h4>\n<p>Pagamintas i\u0161 auk\u0161\u010diausios kokyb\u0117s med\u017eiag\u0173, HCYY11112013 u\u017erakinimo cilindras yra sukurtas taip, kad atlaikyt\u0173 net at\u0161iauriausias s\u0105lygas. D\u0117l savo patvarumo jis gali atlaikyti sud\u0117tingos aplinkos s\u0105lygas, pailgindamas gaminio tarnavimo laik\u0105 ir suma\u017eindamas da\u017eno keitimo poreik\u012f. \u0160i tvirta konstrukcija padidina patikimum\u0105 ir ilgainiui leid\u017eia gerokai sutaupyti l\u0117\u0161\u0173.<\/p>\n<h4><strong>Patobulintas saugos mechanizmas<\/strong><\/h4>\n<p>Saugumas yra svarbiausias bet kokioje pramon\u0117s srityje, ir HCYY11112013 \u0161ioje srityje i\u0161siskiria d\u0117l savo moderniausios u\u017erakinimo sistemos. \u0160is patikimas mechanizmas efektyviai apsaugo nuo atsitiktinio jud\u0117jimo ir u\u017etikrina ramyb\u0119 darbo metu. Vartotojai gali dirbti u\u017etikrintai, \u017einodami, kad j\u0173 \u012frenginiai lieka saugiai savo vietose, o tai \u017eymiai suma\u017eina nelaiming\u0173 atsitikim\u0173 rizik\u0105 ir padidina saug\u0105 darbo vietoje.<\/p>\n<h4><strong>Ekologi\u0161kas dizainas<\/strong><\/h4>\n<p>\u0160iandienos ekologi\u0161kai s\u0105moningame pasaulyje HCYY11112013 u\u017erakto cilindras i\u0161siskiria kaip tvarumo \u010dempionas. Jo konstrukcija suma\u017eina nuot\u0117k\u012f ir atliekas, atitinka aplinkai nekenksming\u0105 praktik\u0105. Pasirinkdami \u0161\u012f cilindr\u0105, vartotojai prisideda prie ekologi\u0161kesn\u0117s ateities ir u\u017etikrina, kad j\u0173 veikla atitikt\u0173 grie\u017etus aplinkosaugos standartus.<\/p>\n<h4><strong>Universalios taikymo sritys<\/strong><\/h4>\n<p>D\u0117l HCYY11112013 universalumo jis idealiai tinka \u012fvairiai technikai. \u0160is u\u017erakinimo cilindras skland\u017eiai prisitaiko prie \u012fvairi\u0173 pritaikym\u0173, nesvarbu, ar tai b\u016bt\u0173 hidraulin\u0117s sistemos statyb\u0173, atliek\u0173 tvarkymo ar atsinaujinan\u010dios energijos sektoriuose. Jo geb\u0117jimas veikti \u012fvairiose pramon\u0117s \u0161akose padidina veiklos lankstum\u0105, tod\u0117l jis yra vertingas bet kurio transporto parko turtas.<\/p>\n<h4><strong>Didelis na\u0161umas esant sl\u0117giui<\/strong><\/h4>\n<p>Kalbant apie na\u0161um\u0105, HCYY11112013 u\u017erakinimo cilindras nenuvilia. Jis efektyviai veikia esant \u012fvairiam sl\u0117giui, u\u017etikrindamas optimal\u0173 funkcionalum\u0105 \u012fvairiose aplinkose. \u0160is didelis na\u0161umas leid\u017eia vartotojams lengvai atlikti net ir sud\u0117tingiausias u\u017eduotis, didinant produktyvum\u0105 ir veiklos efektyvum\u0105.<\/p>\n<p>HCYY11112013 u\u017erakinimo cilindras yra ne tik komponentas; tai visapusi\u0161kas sprendimas tiems, kurie siekia saugumo, efektyvumo ir tvarumo. D\u0117l tvirtos konstrukcijos, pa\u017eangi\u0173 saugos funkcij\u0173, aplinkai nekenksmingo dizaino ir universalumo \u0161is cilindras yra b\u016btinas bet kurios pramonin\u0117s operacijos papildymas. Patirkite skirtum\u0105, kur\u012f daro kokyb\u0117, ir pakelkite savo veikl\u0105 su HCYY11112013 u\u017erakinimo cilindru!<\/p>\n<\/div>\n<\/div>\n<\/div>\n<\/div>\n<\/div>\n<\/div>\n<\/div>\n<\/div>\n<\/div>\n<h2><strong>Kas daro \u201eHcyy11112013\u201c u\u017erakinimo cilindr\u0105 ekologi\u0161ku?<\/strong><\/h2>\n<p>HCYY11112013 u\u017erakto cilindras i\u0161siskiria aplinkai nekenksming\u0173 technologij\u0173 srityje, ir \u0161tai kod\u0117l jis nusipelno j\u016bs\u0173 d\u0117mesio:<\/p>\n<h4><strong>1. Tvarios med\u017eiagos<\/strong><\/h4>\n<p>Pagamintas i\u0161 auk\u0161tos kokyb\u0117s, perdirbam\u0173 med\u017eiag\u0173, HCYY11112013 ne tik atitinka saugos standartus, bet ir u\u017etikrina tvarum\u0105. Pasirinkus med\u017eiagas, kurias galima perdirbti, jis padeda suma\u017einti atliek\u0173 kiek\u012f ir palaiko \u017eiedin\u0119 ekonomik\u0105 \u2013 labai svarb\u0173 veiksn\u012f \u0161iandieniniame ekologi\u0161kai s\u0105moningame pasaulyje.<\/p>\n<h4><strong>2. Ma\u017eos emisijos konstrukcija<\/strong><\/h4>\n<p>\u0160is u\u017erakto cilindras sukurtas atsi\u017evelgiant \u012f i\u0161metam\u0173j\u0173 ter\u0161al\u0173 kiek\u012f. Jo novatori\u0161kas dizainas suma\u017eina kenksming\u0173 med\u017eiag\u0173 i\u0161siskyrim\u0105 eksploatacijos metu, taip prisidedant prie \u0161varesnio oro ir sveikesn\u0117s aplinkos. \u0160is aspektas ypa\u010d svarbus naudojant \u0161alia jautri\u0173 ekologini\u0173 zon\u0173, u\u017etikrinant minimal\u0173 trikdym\u0105.<\/p>\n<h4><strong>3. Energijos vartojimo efektyvumas<\/strong><\/h4>\n<p>\u0160iais laikais, kai energijos taupymas yra svarbiausias prioritetas, HCYY11112013 pasi\u017eymi puikiomis savyb\u0117mis. Jis veikia ma\u017eomis energijos s\u0105naudomis, o tai ne tik suma\u017eina eksploatavimo i\u0161laidas, bet ir atlieka svarb\u0173 vaidmen\u012f ma\u017einant anglies p\u0117dsak\u0105. D\u0117l \u0161io efektyvumo jis yra idealus pasirinkimas organizacijoms, siekian\u010dioms tvarumo tiksl\u0173.<\/p>\n<h4><strong>4. Nuot\u0117ki\u0173 prevencijos technologija<\/strong><\/h4>\n<p>Vienas i\u0161 i\u0161skirtini\u0173 \u0161io cilindro savybi\u0173 yra pa\u017eang\u016bs sandarinimo mechanizmai. Jie u\u017etikrina, kad neb\u016bt\u0173 potencialiai kenksming\u0173 med\u017eiag\u0173 nuot\u0117kio, taip apsaugant aplink\u0105 ir nuo jo priklausomas bendruomenes. \u0160i apsaugos priemon\u0117 yra b\u016btina pramon\u0117s \u0161akose, kuriose vyrauja chemini\u0173 med\u017eiag\u0173 tvarkymas.<\/p>\n<h4><strong>5. Ilgaam\u017ei\u0161kumas ir patvarumas<\/strong><\/h4>\n<p>Sukurtas ilgam tarnavimo laikui, HCYY11112013 u\u017erakinimo cilindras pasi\u017eymi ilgu gyvavimo ciklu, o tai rei\u0161kia, kad reikia re\u010diau keisti ir laikui b\u0117gant sunaudojama ma\u017eiau i\u0161tekli\u0173. Toks patvarumas ne tik ilgainiui taupo pinigus, bet ir suma\u017eina su gamyba ir utilizavimu susijus\u012f poveik\u012f aplinkai.<\/p>\n<p>Apibendrinant, HCYY11112013 u\u017erakto cilindras yra daugiau nei mechaninis komponentas; tai \u012fsipareigojimas r\u016bpintis aplinka. Integruodamas tvarum\u0105 \u012f savo dizain\u0105 ir funkcionalum\u0105, jis atveria keli\u0105 saugesn\u0117ms ir ekologi\u0161kesn\u0117ms pramon\u0117s praktikoms. Nesvarbu, ar dirbate gamyboje, statybose, ar bet kurioje kitoje srityje, kurioje vertinama aplinkosaugin\u0117 atsakomyb\u0117, \u0161is u\u017erakto cilindras yra i\u0161manus pasirinkimas, atitinkantis j\u016bs\u0173 tvarios ateities tikslus.<\/p>\n<h2><strong>\u0160akinio krautuvo cilindr\u0173 gamybos sritis:<\/strong><\/h2>\n<h2><img loading=\"lazy\" decoding=\"async\" class=\"alignnone size-full wp-image-16972\" src=\"https:\/\/www.hydraulic-cylinders.net\/wp-content\/uploads\/2025\/01\/hydraulic-cylinder-factory-1-scaled.webp\" alt=\"\" width=\"2016\" height=\"2560\" srcset=\"https:\/\/www.hydraulic-cylinders.net\/wp-content\/uploads\/2025\/01\/hydraulic-cylinder-factory-1-scaled.webp 2016w, https:\/\/www.hydraulic-cylinders.net\/wp-content\/uploads\/2025\/01\/hydraulic-cylinder-factory-1-1280x1625.webp 1280w, https:\/\/www.hydraulic-cylinders.net\/wp-content\/uploads\/2025\/01\/hydraulic-cylinder-factory-1-980x1244.webp 980w, https:\/\/www.hydraulic-cylinders.net\/wp-content\/uploads\/2025\/01\/hydraulic-cylinder-factory-1-480x610.webp 480w\" sizes=\"(min-width: 0px) and (max-width: 480px) 480px, (min-width: 481px) and (max-width: 980px) 980px, (min-width: 981px) and (max-width: 1280px) 1280px, (min-width: 1281px) 2016px, 100vw\" \/><\/h2>\n<p>Did\u017eiuojam\u0117s modernia nepriklausoma surinkimui skirta tyrim\u0173 ir pl\u0117tros platforma, u\u017etikrinan\u010dia auk\u0161\u010diausio lygio inovacijas ir kokyb\u0119 m\u016bs\u0173 gamybos procesuose. M\u016bs\u0173 \u0161akini\u0173 krautuv\u0173 cilindr\u0173 gamybos ceche yra keturios pusiau automatin\u0117s k\u0117limo cilindr\u0173 surinkimo linijos ir visi\u0161kai automatin\u0117 pakreipiam\u0173 cilindr\u0173 surinkimo linija, kurios kartu suprojektuotos taip, kad per metus pagamint\u0173 iki milijono vienet\u0173.<\/p>\n<p>Be to, m\u016bs\u0173 specializuotose cilindr\u0173 dirbtuv\u0117se \u012frengtos \u012fvairioms specifikacijoms pritaikytos pusiau automatin\u0117s valymo ir surinkimo sistemos, kuri\u0173 metinis gamybos paj\u0117gumas siekia 200 000 vienet\u0173. Mes naudojame \u017einom\u0105 CNC \u012frang\u0105, apdirbimo centrus ir specializuotus \u012frankius didelio tikslumo cilindr\u0173 apdirbimui. M\u016bs\u0173 \u012fmon\u0117je taip pat yra pa\u017eangios robotin\u0117s suvirinimo ma\u0161inos, automatin\u0117s valymo sistemos ir visi\u0161kai automatizuotos cilindr\u0173 surinkimo bei da\u017eymo linijos. Tur\u0117dami daugiau nei 300 pagrindini\u0173 \u012frangos vienet\u0173, optimizuojame i\u0161tekli\u0173 paskirstym\u0105 ir u\u017etikriname efektyv\u0173 j\u0173 panaudojim\u0105, laikydamiesi grie\u017et\u0173 tikslumo ir kokyb\u0117s standart\u0173.<\/p>\n<p>M\u016bs\u0173 mechaninio apdirbimo dirbtuv\u0117se yra pagal u\u017esakym\u0105 pagaminti tekinimo centrai su pakreipiamomis kreipian\u010diosiomis linijomis, mechaninio apdirbimo centrai, greitaeig\u0117s galandimo stakl\u0117s, suvirinimo robotai ir kita reikalinga \u012franga. \u0160i \u012franga leid\u017eia mums apdirbti cilindrinius vamzd\u017eius, kuri\u0173 maksimalus vidinis skersmuo yra 400 mm, o ilgis \u2013 iki 6 metr\u0173, o tai dar labiau padidina m\u016bs\u0173 gamybos paj\u0117gumus.<\/p>\n<h2><img loading=\"lazy\" decoding=\"async\" class=\"alignnone size-full wp-image-16973\" src=\"https:\/\/www.hydraulic-cylinders.net\/wp-content\/uploads\/2025\/01\/hydraulic-cylinder-factory-2-scaled.webp\" alt=\"\" width=\"2011\" height=\"2560\" srcset=\"https:\/\/www.hydraulic-cylinders.net\/wp-content\/uploads\/2025\/01\/hydraulic-cylinder-factory-2-scaled.webp 2011w, https:\/\/www.hydraulic-cylinders.net\/wp-content\/uploads\/2025\/01\/hydraulic-cylinder-factory-2-1280x1629.webp 1280w, https:\/\/www.hydraulic-cylinders.net\/wp-content\/uploads\/2025\/01\/hydraulic-cylinder-factory-2-980x1248.webp 980w, https:\/\/www.hydraulic-cylinders.net\/wp-content\/uploads\/2025\/01\/hydraulic-cylinder-factory-2-480x611.webp 480w\" sizes=\"(min-width: 0px) and (max-width: 480px) 480px, (min-width: 481px) and (max-width: 980px) 980px, (min-width: 981px) and (max-width: 1280px) 1280px, (min-width: 1281px) 2011px, 100vw\" \/><\/h2>\n<p>Mes valdome visi\u0161kai automatin\u0119 vandens pagrindo da\u017e\u0173 dengimo linij\u0105, specialiai sukurt\u0105 ma\u017eiems ir vidutinio dyd\u017eio balionams, su automatizuotais pakrovimo, i\u0161krovimo ir pur\u0161kimo robotais. \u0160i moderni sistema gali pasigirti 4000 vienet\u0173 per pamain\u0105 gamybos paj\u0117gumu. Be to, turime pusiau automatin\u0119 dideli\u0173 balion\u0173 da\u017eymo linij\u0105 su grandinine pavara, kurios projektinis paj\u0117gumas yra 60 d\u0117\u017ei\u0173 per pamain\u0105.<\/p>\n<p>Siekdami pagerinti gamini\u0173 na\u0161um\u0105 ir \u012ftvirtinti savo lyderyst\u0119 hidraulini\u0173 cilindr\u0173 pramon\u0117je, bendradarbiaujame su \u201eZJIMEE\u201c, kad \u012fkurtume i\u0161sami\u0105 hidraulini\u0173 cilindr\u0173, vo\u017etuv\u0173 ir siurbli\u0173 na\u0161umo laboratorij\u0105. \u0160ioje pa\u017eangioje laboratorijoje naudojami kompiuteriniai bandymai su elektrohidrauline technologija, leid\u017eian\u010dia i\u0161 anksto nustatyti bandymo s\u0105lygas, kurios pagerina tikslum\u0105 ir sistemos universalum\u0105. Automatizuotame duomen\u0173 rinkimo procese naudojami jutikliai, skirti surinkti i\u0161vesties duomenis, tokius kaip vidinis nuot\u0117kis ir apkrovos efektyvumas, kurie v\u0117liau apdorojami kompiuteriu ir konvertuojami \u012f standartinius vienetus (ml\/min%).<\/p>\n<p>Be to, siekdami u\u017etikrinti m\u016bs\u0173 hidraulini\u0173 sistem\u0173 saugum\u0105, diegiame pagrindini\u0173 veikimo parametr\u0173, \u012fskaitant alyvos temperat\u016br\u0105, skys\u010dio lyg\u012f ir filtro \u012frenginio b\u016bsen\u0105, steb\u0117jim\u0105. M\u016bs\u0173 hidraulini\u0173 cilindr\u0173 bandym\u0173 stendas gali \u012fvertinti \u201eapkrovos efektyvum\u0105\u201c ir \u201evidin\u012f nuot\u0117k\u012f\u201c tiksliais rodmenimis. Jame taip pat \u012frengtas groteli\u0173 liniuot\u0117s matavimo prietaisas, atitinkantis nacionalinius standartus, u\u017etikrinantis atitikt\u012f visiems hidraulini\u0173 cilindr\u0173 gamini\u0173 bandymo reikalavimams.<\/p>\n<p>&nbsp;<\/p>","protected":false},"excerpt":{"rendered":"<p>HCYY11112013 Locking Cylinder For Environmental Protection The HCYY11112013 Locking Cylinder represents a revolutionary advancement in safety and efficiency, particularly for industries dedicated to environmental protection. This innovative component guarantees secure machinery operation while significantly reducing the risk of environmental hazards. What sets the HCYY11112013 Locking Cylinder apart is its remarkable reliability and efficiency. Its robust [&hellip;]<\/p>","protected":false},"featured_media":17031,"comment_status":"open","ping_status":"closed","template":"","meta":{"_et_pb_use_builder":"","_et_pb_old_content":"","_et_gb_content_width":""},"product_brand":[],"product_cat":[1486,1549,1552,1376],"product_tag":[],"class_list":{"0":"post-17024","1":"product","2":"type-product","3":"status-publish","4":"has-post-thumbnail","6":"product_cat-sanitation-machinery-hydraulic-cylinders","7":"product_cat-single-acting-hydraulic-cylinder","8":"product_cat-stainless-steel-hydraulic-cylinder","9":"product_cat-hydraulic-cylinder","11":"first","12":"instock","13":"shipping-taxable","14":"product-type-simple"},"amp_enabled":true,"_links":{"self":[{"href":"https:\/\/www.hydraulic-cylinders.net\/lt\/wp-json\/wp\/v2\/product\/17024","targetHints":{"allow":["GET"]}}],"collection":[{"href":"https:\/\/www.hydraulic-cylinders.net\/lt\/wp-json\/wp\/v2\/product"}],"about":[{"href":"https:\/\/www.hydraulic-cylinders.net\/lt\/wp-json\/wp\/v2\/types\/product"}],"replies":[{"embeddable":true,"href":"https:\/\/www.hydraulic-cylinders.net\/lt\/wp-json\/wp\/v2\/comments?post=17024"}],"wp:featuredmedia":[{"embeddable":true,"href":"https:\/\/www.hydraulic-cylinders.net\/lt\/wp-json\/wp\/v2\/media\/17031"}],"wp:attachment":[{"href":"https:\/\/www.hydraulic-cylinders.net\/lt\/wp-json\/wp\/v2\/media?parent=17024"}],"wp:term":[{"taxonomy":"product_brand","embeddable":true,"href":"https:\/\/www.hydraulic-cylinders.net\/lt\/wp-json\/wp\/v2\/product_brand?post=17024"},{"taxonomy":"product_cat","embeddable":true,"href":"https:\/\/www.hydraulic-cylinders.net\/lt\/wp-json\/wp\/v2\/product_cat?post=17024"},{"taxonomy":"product_tag","embeddable":true,"href":"https:\/\/www.hydraulic-cylinders.net\/lt\/wp-json\/wp\/v2\/product_tag?post=17024"}],"curies":[{"name":"wp","href":"https:\/\/api.w.org\/{rel}","templated":true}]}}