{"id":17065,"date":"2025-02-05T07:37:55","date_gmt":"2025-02-05T07:37:55","guid":{"rendered":"https:\/\/www.hydraulic-cylinders.net\/?post_type=product&#038;p=17065"},"modified":"2025-04-11T01:53:48","modified_gmt":"2025-04-11T01:53:48","slug":"support-hydraulic-cylinders-for-crawler-crane","status":"publish","type":"product","link":"https:\/\/www.hydraulic-cylinders.net\/lt\/produktas\/support-hydraulic-cylinders-for-crawler-crane\/","title":{"rendered":"Vik\u0161rinio krano hidrauliniai cilindrai"},"content":{"rendered":"<h1 style=\"text-align: center;\"><strong>Vik\u0161rinio krano hidrauliniai cilindrai<\/strong><\/h1>\n<h1 style=\"text-align: center;\"><img loading=\"lazy\" decoding=\"async\" class=\"alignnone size-full wp-image-17068\" src=\"https:\/\/www.hydraulic-cylinders.net\/wp-content\/uploads\/2025\/02\/hcyy11112020-cylinder-for-frame-support-2.webp\" alt=\"\" width=\"1497\" height=\"520\" srcset=\"https:\/\/www.hydraulic-cylinders.net\/wp-content\/uploads\/2025\/02\/hcyy11112020-cylinder-for-frame-support-2.webp 1497w, https:\/\/www.hydraulic-cylinders.net\/wp-content\/uploads\/2025\/02\/hcyy11112020-cylinder-for-frame-support-2-1280x445.webp 1280w, https:\/\/www.hydraulic-cylinders.net\/wp-content\/uploads\/2025\/02\/hcyy11112020-cylinder-for-frame-support-2-980x340.webp 980w, https:\/\/www.hydraulic-cylinders.net\/wp-content\/uploads\/2025\/02\/hcyy11112020-cylinder-for-frame-support-2-480x167.webp 480w\" sizes=\"(min-width: 0px) and (max-width: 480px) 480px, (min-width: 481px) and (max-width: 980px) 980px, (min-width: 981px) and (max-width: 1280px) 1280px, (min-width: 1281px) 1497px, 100vw\" \/><\/h1>\n<div>M\u016bs\u0173 <strong>Vik\u0161rini\u0173 kran\u0173 atraminiai hidrauliniai cilindrai<\/strong> yra sukurti sunkiems k\u0117limo darbams ir stabilizavimui sud\u0117tingomis s\u0105lygomis. \u0160ie cilindrai, skirti santvaros svirties konstrukcijai paremti, u\u017etikrina optimal\u0173 stabilum\u0105 ir saugum\u0105 atliekant dideles apkrovas, tod\u0117l idealiai tinka vik\u0161riniams kranams, naudojamiems statybose, uost\u0173 operacijose ir pramoniniuose projektuose. D\u0117mesys ilgaam\u017ei\u0161kumui ir tikslumui \u2013 m\u016bs\u0173 hidrauliniai cilindrai yra sukurti taip, kad atlaikyt\u0173 dinamines apkrovas ir at\u0161iaurias s\u0105lygas, u\u017etikrindami patikim\u0105 j\u016bs\u0173 vik\u0161rinio krano veikim\u0105.<\/div>\n<h2><strong>Vik\u0161rinio krano parametro atraminiai hidrauliniai cilindrai:<\/strong><\/h2>\n<h1 style=\"text-align: center;\"><img loading=\"lazy\" decoding=\"async\" class=\"alignnone size-full wp-image-17067\" src=\"https:\/\/www.hydraulic-cylinders.net\/wp-content\/uploads\/2025\/02\/hcyy11112020-cylinder-for-frame-support-1.webp\" alt=\"\" width=\"1512\" height=\"150\" srcset=\"https:\/\/www.hydraulic-cylinders.net\/wp-content\/uploads\/2025\/02\/hcyy11112020-cylinder-for-frame-support-1.webp 1512w, https:\/\/www.hydraulic-cylinders.net\/wp-content\/uploads\/2025\/02\/hcyy11112020-cylinder-for-frame-support-1-1280x127.webp 1280w, https:\/\/www.hydraulic-cylinders.net\/wp-content\/uploads\/2025\/02\/hcyy11112020-cylinder-for-frame-support-1-980x97.webp 980w, https:\/\/www.hydraulic-cylinders.net\/wp-content\/uploads\/2025\/02\/hcyy11112020-cylinder-for-frame-support-1-480x48.webp 480w\" sizes=\"(min-width: 0px) and (max-width: 480px) 480px, (min-width: 481px) and (max-width: 980px) 980px, (min-width: 981px) and (max-width: 1280px) 1280px, (min-width: 1281px) 1512px, 100vw\" \/><img loading=\"lazy\" decoding=\"async\" class=\"alignnone size-full wp-image-17069\" src=\"https:\/\/www.hydraulic-cylinders.net\/wp-content\/uploads\/2025\/02\/hcyy11112020-cylinder-for-frame-support-3.webp\" alt=\"\" width=\"1475\" height=\"710\" srcset=\"https:\/\/www.hydraulic-cylinders.net\/wp-content\/uploads\/2025\/02\/hcyy11112020-cylinder-for-frame-support-3.webp 1475w, https:\/\/www.hydraulic-cylinders.net\/wp-content\/uploads\/2025\/02\/hcyy11112020-cylinder-for-frame-support-3-1280x616.webp 1280w, https:\/\/www.hydraulic-cylinders.net\/wp-content\/uploads\/2025\/02\/hcyy11112020-cylinder-for-frame-support-3-980x472.webp 980w, https:\/\/www.hydraulic-cylinders.net\/wp-content\/uploads\/2025\/02\/hcyy11112020-cylinder-for-frame-support-3-480x231.webp 480w\" sizes=\"(min-width: 0px) and (max-width: 480px) 480px, (min-width: 481px) and (max-width: 980px) 980px, (min-width: 981px) and (max-width: 1280px) 1280px, (min-width: 1281px) 1475px, 100vw\" \/> <img loading=\"lazy\" decoding=\"async\" class=\"alignnone size-full wp-image-17070\" src=\"https:\/\/www.hydraulic-cylinders.net\/wp-content\/uploads\/2025\/02\/hcyy11112020-cylinder-for-frame-support-4.webp\" alt=\"\" width=\"1479\" height=\"717\" srcset=\"https:\/\/www.hydraulic-cylinders.net\/wp-content\/uploads\/2025\/02\/hcyy11112020-cylinder-for-frame-support-4.webp 1479w, https:\/\/www.hydraulic-cylinders.net\/wp-content\/uploads\/2025\/02\/hcyy11112020-cylinder-for-frame-support-4-1280x621.webp 1280w, https:\/\/www.hydraulic-cylinders.net\/wp-content\/uploads\/2025\/02\/hcyy11112020-cylinder-for-frame-support-4-980x475.webp 980w, https:\/\/www.hydraulic-cylinders.net\/wp-content\/uploads\/2025\/02\/hcyy11112020-cylinder-for-frame-support-4-480x233.webp 480w\" sizes=\"(min-width: 0px) and (max-width: 480px) 480px, (min-width: 481px) and (max-width: 980px) 980px, (min-width: 981px) and (max-width: 1280px) 1280px, (min-width: 1281px) 1479px, 100vw\" \/> <img loading=\"lazy\" decoding=\"async\" class=\"alignnone size-full wp-image-17071\" src=\"https:\/\/www.hydraulic-cylinders.net\/wp-content\/uploads\/2025\/02\/hcyy11112020-cylinder-for-frame-support-5.webp\" alt=\"\" width=\"1421\" height=\"704\" srcset=\"https:\/\/www.hydraulic-cylinders.net\/wp-content\/uploads\/2025\/02\/hcyy11112020-cylinder-for-frame-support-5.webp 1421w, https:\/\/www.hydraulic-cylinders.net\/wp-content\/uploads\/2025\/02\/hcyy11112020-cylinder-for-frame-support-5-1280x634.webp 1280w, https:\/\/www.hydraulic-cylinders.net\/wp-content\/uploads\/2025\/02\/hcyy11112020-cylinder-for-frame-support-5-980x486.webp 980w, https:\/\/www.hydraulic-cylinders.net\/wp-content\/uploads\/2025\/02\/hcyy11112020-cylinder-for-frame-support-5-480x238.webp 480w\" sizes=\"(min-width: 0px) and (max-width: 480px) 480px, (min-width: 481px) and (max-width: 980px) 980px, (min-width: 981px) and (max-width: 1280px) 1280px, (min-width: 1281px) 1421px, 100vw\" \/><\/h1>\n<h2><strong>Vik\u0161rinio krano cilindr\u0173 serija:<\/strong><\/h2>\n<h2><img loading=\"lazy\" decoding=\"async\" class=\"alignnone size-full wp-image-17054 aligncenter\" src=\"https:\/\/www.hydraulic-cylinders.net\/wp-content\/uploads\/2025\/02\/cylinder-series-of-crawler-crane-1.webp\" alt=\"\" width=\"709\" height=\"791\" srcset=\"https:\/\/www.hydraulic-cylinders.net\/wp-content\/uploads\/2025\/02\/cylinder-series-of-crawler-crane-1.webp 709w, https:\/\/www.hydraulic-cylinders.net\/wp-content\/uploads\/2025\/02\/cylinder-series-of-crawler-crane-1-480x536.webp 480w\" sizes=\"(min-width: 0px) and (max-width: 480px) 480px, (min-width: 481px) 709px, 100vw\" \/><\/h2>\n<h2><strong>Pagrindin\u0117s atramini\u0173 hidraulini\u0173 cilindr\u0173, skirt\u0173 santvarin\u0117s rankos vik\u0161riniam kranui, savyb\u0117s:<\/strong><\/h2>\n<h4><strong>Didel\u0117 keliamoji galia<\/strong><\/h4>\n<p>The <strong>Atraminis cilindras<\/strong> i\u0161siskiria \u012fsp\u016bdinga keliam\u0105ja galia, leid\u017eian\u010dia lengvai atlaikyti didelius svorius. D\u0117l \u0161ios savyb\u0117s jis idealiai tinka sunkiems darbams, pavyzd\u017eiui, dideliems statybos projektams ir infrastrukt\u016bros pl\u0117trai. Operatoriai gali u\u017etikrintai kelti ir manevruoti didelius krovinius, \u017einodami, kad turi patikim\u0105 komponent\u0105, kuris atitinka sud\u0117tingiausi\u0173 u\u017eduo\u010di\u0173 reikalavimus. \u0160i galimyb\u0117 ne tik padidina na\u0161um\u0105, bet ir pagerina bendr\u0105 krano operacij\u0173 efektyvum\u0105.<\/p>\n<h4><strong>Patvari konstrukcija<\/strong><\/h4>\n<p>Pagamintas i\u0161 didelio stiprumo med\u017eiag\u0173, atraminis cilindras yra sukurtas taip, kad atlaikyt\u0173 sud\u0117tingos aplinkos s\u0105lygas. Jo patvari konstrukcija yra atspari nusid\u0117v\u0117jimui, u\u017etikrinant patikim\u0105 veikim\u0105 laikui b\u0117gant. \u0160is atsparumas rei\u0161kia ma\u017eesn\u012f keitim\u0173 ir remonto poreik\u012f, tod\u0117l statyb\u0173 komandos gali sutelkti d\u0117mes\u012f \u012f savo darb\u0105, o ne \u012f technin\u0117s prie\u017ei\u016bros problemas. \u0160io cilindro ilgaam\u017ei\u0161kumas padeda suma\u017einti prastovas, tod\u0117l tai yra protinga investicija bet kokiai operacijai.<\/p>\n<h4><strong>Atsparumas korozijai<\/strong><\/h4>\n<p>Korozija gali kelti didel\u0119 gr\u0117sm\u0119 hidrauliniams komponentams, ta\u010diau atraminis cilindras pasi\u017eymi pa\u017eangiomis pavir\u0161iaus apdorojimo technologijomis, kurios apsaugo j\u012f nuo r\u016bd\u017ei\u0173 ir korozijos. \u0160is papildomas apsaugos sluoksnis u\u017etikrina, kad cilindras i\u0161likt\u0173 puikios b\u016bkl\u0117s net ir esant at\u0161iaurioms oro s\u0105lygoms ar agresyviai aplinkai. Prailgindamas jo tarnavimo laik\u0105, \u0161is atsparumas korozijai ne tik padidina patikimum\u0105, bet ir suma\u017eina brangaus remonto ar keitimo poreik\u012f, o tai galiausiai padidina veiklos efektyvum\u0105.<\/p>\n<h4><strong>Kompakti\u0161kas dizainas<\/strong><\/h4>\n<p>Kompakti\u0161kas atraminio cilindro dizainas padidina jo universalum\u0105, tod\u0117l j\u012f lengva integruoti \u012f \u012fvairius vik\u0161rini\u0173 kran\u0173 modelius. \u0160i erdv\u0119 taupanti funkcija rei\u0161kia, kad operatoriai gali maksimaliai i\u0161naudoti krano galimybes be nereikalingo dideli\u0173 gabarit\u0173. Aptakus dizainas palengvina greit\u0105 montavim\u0105 ir valdym\u0105, tod\u0117l komandos gali skland\u017eiai prisitaikyti prie skirting\u0173 projekto reikalavim\u0173. \u0160is pritaikomumas skatina didesn\u012f lankstum\u0105 darbo vietoje, tod\u0117l lengviau atlikti \u012fvairias k\u0117limo u\u017eduotis.<\/p>\n<h4><strong>Tikslioji in\u017einerija<\/strong><\/h4>\n<p>K\u0117limo operacijose tikslumas yra labai svarbus, tod\u0117l atraminis cilindras yra kruop\u0161\u010diai suprojektuotas taip, kad u\u017etikrint\u0173 skland\u0173 veikim\u0105 ir tiksl\u0173 krovinio i\u0161d\u0117stym\u0105. D\u0117l grie\u017et\u0173 gamybos tolerancij\u0173 \u0161is cilindras u\u017etikrina, kad kiekvienas k\u0117limas b\u016bt\u0173 atliekamas itin tiksliai, o tai \u017eymiai pagerina bendr\u0105 saug\u0105. Operatoriai gali b\u016bti tikri, kad j\u0173 kroviniai bus i\u0161d\u0117styti tiksliai, taip suma\u017einant nelaiming\u0173 atsitikim\u0173 rizik\u0105 ir padidinant darbo eigos efektyvum\u0105. Toks tikslumo lygis ne tik apsaugo verting\u0105 \u012frang\u0105, bet ir prisideda prie saugesn\u0117s darbo aplinkos visiems.<\/p>\n<p>Apibendrinant, atraminis cilindras i\u0161siskiria i\u0161skirtine keliam\u0105ja galia, patvaria konstrukcija, atsparumu korozijai, kompakti\u0161ku dizainu ir tikslia in\u017einerija. Visos \u0161ios savyb\u0117s kartu u\u017etikrina patikim\u0105 ir efektyv\u0173 sprendim\u0105 statybos projektams, tod\u0117l jis yra nepakei\u010diamas turtas \u0161ios srities specialistams.<\/p>\n<h2><strong>Kaip cilindras, apsaugantis nuo galinio pakreipimo, padidina vik\u0161rini\u0173 kran\u0173 eksploatavimo saug\u0105?<\/strong><\/h2>\n<p>Dizainas <strong>Pagalba<\/strong> <strong>Cilindras<\/strong> yra in\u017einerijos \u0161edevras, \u017eenkliai padidinantis stabilum\u0105 atliekant sunkius k\u0117limo darbus. \u0160tai kaip kiekviena savyb\u0117 prisideda prie i\u0161skirtinio na\u0161umo:<\/p>\n<h4><strong>1. \u012esp\u016bdinga keliamoji galia<\/strong><\/h4>\n<p>Atraminis cilindras yra specialiai sukurtas dideliems svoriams atlaikyti, tod\u0117l idealiai tinka sunkioms u\u017eduotims. \u012esp\u016bdinga keliamoji galia u\u017etikrina, kad net ir sunkiausi kroviniai gali b\u016bti pakeliami u\u017etikrintai, gerokai suma\u017einant apvirtimo ar si\u016bbavimo rizik\u0105. Suteikdamas tvirt\u0105 pagrind\u0105, \u0161is cilindras leid\u017eia operatoriams sutelkti d\u0117mes\u012f \u012f savo u\u017eduotis, nuolat nesijaudinant d\u0117l \u200b\u200bstabilumo, taip padidinant bendr\u0105 produktyvum\u0105.<\/p>\n<h4><strong>2. Tvirta konstrukcija<\/strong><\/h4>\n<p>Pagamintas i\u0161 didelio stiprumo med\u017eiag\u0173, cilindras yra sukurtas taip, kad atlaikyt\u0173 sud\u0117tingos aplinkos s\u0105lygas. \u0160i tvirta konstrukcija u\u017etikrina, kad jis i\u0161laiko savo konstrukcin\u012f vientisum\u0105 esant dideliam sl\u0117giui, suteikdama patikim\u0105 atramos sistem\u0105, kuri gali atlaikyti dinamines j\u0117gas k\u0117limo operacij\u0173 metu. Naudot\u0173 med\u017eiag\u0173 patvarumas ne tik pailgina cilindro tarnavimo laik\u0105, bet ir pagerina jo geb\u0117jim\u0105 nuosekliai veikti net ir sud\u0117tingiausiomis situacijomis.<\/p>\n<h4><strong>3. Kompakti\u0161kas dizainas<\/strong><\/h4>\n<p>Vienas i\u0161 i\u0161skirtini\u0173 atraminio cilindro savybi\u0173 yra kompakti\u0161kas dizainas, leid\u017eiantis optimaliai j\u012f i\u0161d\u0117styti krano r\u0117me. Toks strateginis i\u0161d\u0117stymas suma\u017eina svorio centr\u0105, o tai \u017eymiai pagerina bendr\u0105 stabilum\u0105 eksploatacijos metu. \u017demesnis svorio centras suma\u017eina apvirtimo tikimyb\u0119, ypa\u010d manevruojant sunkius krovinius, tod\u0117l cilindras yra esminis saugaus ir efektyvaus k\u0117limo komponentas.<\/p>\n<h4><strong>4. Tikslioji in\u017einerija<\/strong><\/h4>\n<p>K\u0117limo operacijose tikslumas yra svarbiausias, ir atraminis cilindras \u0161iuo at\u017evilgiu pasi\u017eymi puikiomis savyb\u0117mis. D\u0117l grie\u017et\u0173 gamybos tolerancij\u0173 \u0161is cilindras garantuoja skland\u0173 ir kontroliuojam\u0105 jud\u0117jim\u0105. \u0160is tikslumas ne tik pagerina krovinio pad\u0117ties nustatymo tikslum\u0105, bet ir suma\u017eina staigi\u0173 poslinki\u0173, kurie gal\u0117t\u0173 pakenkti stabilumui, tikimyb\u0119. Operatoriai gali b\u016bti tikri, kad j\u0173 kroviniai bus tvarkomi atsargiai ir tiksliai, o tai padidins saugum\u0105 darbo vietoje.<\/p>\n<h4><strong>5. Atsparumas korozijai<\/strong><\/h4>\n<p>Korozija gali b\u016bti didelis hidraulini\u0173 komponent\u0173 r\u016bpestis, ypa\u010d at\u0161iauriomis s\u0105lygomis. Atraminis cilindras pasi\u017eymi pa\u017eangiomis pavir\u0161iaus apdorojimo technologijomis, kurios apsaugo j\u012f nuo r\u016bd\u017ei\u0173 ir degradacijos. \u0160is atsparumas korozijai u\u017etikrina, kad cilindras i\u0161laikyt\u0173 savo eksploatacines savybes laikui b\u0117gant, net ir nepalankiomis s\u0105lygomis. Apsaugodama nuo nusid\u0117v\u0117jimo, \u0161i savyb\u0117 padidina patikimum\u0105 ir pailgina cilindro tarnavimo laik\u0105, prisid\u0117dama prie ilgalaikio stabilumo atliekant sunkius k\u0117limo darbus.<\/p>\n<p>Apibendrinant, <strong>Atraminis cilindras<\/strong> i\u0161siskiria kaip stabilumo ir patikimumo kertinis akmuo sunki\u0173j\u0173 krovini\u0173 k\u0117limo operacijose. \u012esp\u016bdinga keliamoji galia, tvirta konstrukcija, kompakti\u0161kas dizainas, tiksli in\u017einerija ir atsparumas korozijai sukuria galing\u0105 atramin\u0119 sistem\u0105. \u0160is cilindras ne tik padidina saugum\u0105, bet ir padidina efektyvum\u0105, tod\u0117l yra ne\u012fkainojamas turtas statyb\u0173 specialistams. Investuodami \u012f atramin\u012f cilindr\u0105, operatoriai gali u\u017etikrintai padidinti savo na\u0161um\u0105 ir imtis net ir sud\u0117tingiausi\u0173 projekt\u0173.<\/p>\n<h2><strong>\u0160akinio krautuvo cilindr\u0173 gamybos sritis:<\/strong><\/h2>\n<h2><img loading=\"lazy\" decoding=\"async\" class=\"alignnone size-full wp-image-16972\" src=\"https:\/\/www.hydraulic-cylinders.net\/wp-content\/uploads\/2025\/01\/hydraulic-cylinder-factory-1-scaled.webp\" alt=\"\" width=\"2016\" height=\"2560\" srcset=\"https:\/\/www.hydraulic-cylinders.net\/wp-content\/uploads\/2025\/01\/hydraulic-cylinder-factory-1-scaled.webp 2016w, https:\/\/www.hydraulic-cylinders.net\/wp-content\/uploads\/2025\/01\/hydraulic-cylinder-factory-1-1280x1625.webp 1280w, https:\/\/www.hydraulic-cylinders.net\/wp-content\/uploads\/2025\/01\/hydraulic-cylinder-factory-1-980x1244.webp 980w, https:\/\/www.hydraulic-cylinders.net\/wp-content\/uploads\/2025\/01\/hydraulic-cylinder-factory-1-480x610.webp 480w\" sizes=\"(min-width: 0px) and (max-width: 480px) 480px, (min-width: 481px) and (max-width: 980px) 980px, (min-width: 981px) and (max-width: 1280px) 1280px, (min-width: 1281px) 2016px, 100vw\" \/><\/h2>\n<p>Did\u017eiuojam\u0117s modernia nepriklausoma surinkimui skirta tyrim\u0173 ir pl\u0117tros platforma, u\u017etikrinan\u010dia auk\u0161\u010diausio lygio inovacijas ir kokyb\u0119 m\u016bs\u0173 gamybos procesuose. M\u016bs\u0173 \u0161akini\u0173 krautuv\u0173 cilindr\u0173 gamybos ceche yra keturios pusiau automatin\u0117s k\u0117limo cilindr\u0173 surinkimo linijos ir visi\u0161kai automatin\u0117 pakreipiam\u0173 cilindr\u0173 surinkimo linija, kurios kartu suprojektuotos taip, kad per metus pagamint\u0173 iki milijono vienet\u0173.<\/p>\n<p>Be to, m\u016bs\u0173 specializuotose cilindr\u0173 dirbtuv\u0117se \u012frengtos \u012fvairioms specifikacijoms pritaikytos pusiau automatin\u0117s valymo ir surinkimo sistemos, kuri\u0173 metinis gamybos paj\u0117gumas siekia 200 000 vienet\u0173. Mes naudojame \u017einom\u0105 CNC \u012frang\u0105, apdirbimo centrus ir specializuotus \u012frankius didelio tikslumo cilindr\u0173 apdirbimui. M\u016bs\u0173 \u012fmon\u0117je taip pat yra pa\u017eangios robotin\u0117s suvirinimo ma\u0161inos, automatin\u0117s valymo sistemos ir visi\u0161kai automatizuotos cilindr\u0173 surinkimo bei da\u017eymo linijos. Tur\u0117dami daugiau nei 300 pagrindini\u0173 \u012frangos vienet\u0173, optimizuojame i\u0161tekli\u0173 paskirstym\u0105 ir u\u017etikriname efektyv\u0173 j\u0173 panaudojim\u0105, laikydamiesi grie\u017et\u0173 tikslumo ir kokyb\u0117s standart\u0173.<\/p>\n<p>M\u016bs\u0173 mechaninio apdirbimo dirbtuv\u0117se yra pagal u\u017esakym\u0105 pagaminti tekinimo centrai su pakreipiamomis kreipian\u010diosiomis linijomis, mechaninio apdirbimo centrai, greitaeig\u0117s galandimo stakl\u0117s, suvirinimo robotai ir kita reikalinga \u012franga. \u0160i \u012franga leid\u017eia mums apdirbti cilindrinius vamzd\u017eius, kuri\u0173 maksimalus vidinis skersmuo yra 400 mm, o ilgis \u2013 iki 6 metr\u0173, o tai dar labiau padidina m\u016bs\u0173 gamybos paj\u0117gumus.<\/p>\n<h2><img loading=\"lazy\" decoding=\"async\" class=\"alignnone size-full wp-image-16973\" src=\"https:\/\/www.hydraulic-cylinders.net\/wp-content\/uploads\/2025\/01\/hydraulic-cylinder-factory-2-scaled.webp\" alt=\"\" width=\"2011\" height=\"2560\" srcset=\"https:\/\/www.hydraulic-cylinders.net\/wp-content\/uploads\/2025\/01\/hydraulic-cylinder-factory-2-scaled.webp 2011w, https:\/\/www.hydraulic-cylinders.net\/wp-content\/uploads\/2025\/01\/hydraulic-cylinder-factory-2-1280x1629.webp 1280w, https:\/\/www.hydraulic-cylinders.net\/wp-content\/uploads\/2025\/01\/hydraulic-cylinder-factory-2-980x1248.webp 980w, https:\/\/www.hydraulic-cylinders.net\/wp-content\/uploads\/2025\/01\/hydraulic-cylinder-factory-2-480x611.webp 480w\" sizes=\"(min-width: 0px) and (max-width: 480px) 480px, (min-width: 481px) and (max-width: 980px) 980px, (min-width: 981px) and (max-width: 1280px) 1280px, (min-width: 1281px) 2011px, 100vw\" \/><\/h2>\n<p>Mes valdome visi\u0161kai automatin\u0119 vandens pagrindo da\u017e\u0173 dengimo linij\u0105, specialiai sukurt\u0105 ma\u017eiems ir vidutinio dyd\u017eio balionams, su automatizuotais pakrovimo, i\u0161krovimo ir pur\u0161kimo robotais. \u0160i moderni sistema gali pasigirti 4000 vienet\u0173 per pamain\u0105 gamybos paj\u0117gumu. Be to, turime pusiau automatin\u0119 dideli\u0173 balion\u0173 da\u017eymo linij\u0105 su grandinine pavara, kurios projektinis paj\u0117gumas yra 60 d\u0117\u017ei\u0173 per pamain\u0105.<\/p>\n<p>Siekdami pagerinti gamini\u0173 na\u0161um\u0105 ir \u012ftvirtinti savo lyderyst\u0119 hidraulini\u0173 cilindr\u0173 pramon\u0117je, bendradarbiaujame su \u201eZJIMEE\u201c, kad \u012fkurtume i\u0161sami\u0105 hidraulini\u0173 cilindr\u0173, vo\u017etuv\u0173 ir siurbli\u0173 na\u0161umo laboratorij\u0105. \u0160ioje pa\u017eangioje laboratorijoje naudojami kompiuteriniai bandymai su elektrohidrauline technologija, leid\u017eian\u010dia i\u0161 anksto nustatyti bandymo s\u0105lygas, kurios pagerina tikslum\u0105 ir sistemos universalum\u0105. Automatizuotame duomen\u0173 rinkimo procese naudojami jutikliai, skirti surinkti i\u0161vesties duomenis, tokius kaip vidinis nuot\u0117kis ir apkrovos efektyvumas, kurie v\u0117liau apdorojami kompiuteriu ir konvertuojami \u012f standartinius vienetus (ml\/min%).<\/p>\n<p>Be to, siekdami u\u017etikrinti m\u016bs\u0173 hidraulini\u0173 sistem\u0173 saugum\u0105, diegiame pagrindini\u0173 veikimo parametr\u0173, \u012fskaitant alyvos temperat\u016br\u0105, skys\u010dio lyg\u012f ir filtro \u012frenginio b\u016bsen\u0105, steb\u0117jim\u0105. M\u016bs\u0173 hidraulini\u0173 cilindr\u0173 bandym\u0173 stendas gali \u012fvertinti \u201eapkrovos efektyvum\u0105\u201c ir \u201evidin\u012f nuot\u0117k\u012f\u201c tiksliais rodmenimis. Jame taip pat \u012frengtas groteli\u0173 liniuot\u0117s matavimo prietaisas, atitinkantis nacionalinius standartus, u\u017etikrinantis atitikt\u012f visiems hidraulini\u0173 cilindr\u0173 gamini\u0173 bandymo reikalavimams.<\/p>\n<p>&nbsp;<\/p>","protected":false},"excerpt":{"rendered":"<p>Support Hydraulic Cylinders For Crawler Crane Our support hydraulic cylinders for crawler cranes are engineered for heavy-duty lifting and stabilization in demanding environments. Designed to support the truss arm structure, these cylinders ensure optimal stability and safety during high-load operations, making them ideal for crawler cranes used in construction, port operations, and industrial projects. With [&hellip;]<\/p>","protected":false},"featured_media":17072,"comment_status":"open","ping_status":"closed","template":"","meta":{"_et_pb_use_builder":"","_et_pb_old_content":"","_et_gb_content_width":""},"product_brand":[],"product_cat":[1514,1549,1376],"product_tag":[],"class_list":{"0":"post-17065","1":"product","2":"type-product","3":"status-publish","4":"has-post-thumbnail","6":"product_cat-mobile-crane-hydraulic-cylinders","7":"product_cat-single-acting-hydraulic-cylinder","8":"product_cat-hydraulic-cylinder","10":"first","11":"instock","12":"shipping-taxable","13":"product-type-simple"},"amp_enabled":true,"_links":{"self":[{"href":"https:\/\/www.hydraulic-cylinders.net\/lt\/wp-json\/wp\/v2\/product\/17065","targetHints":{"allow":["GET"]}}],"collection":[{"href":"https:\/\/www.hydraulic-cylinders.net\/lt\/wp-json\/wp\/v2\/product"}],"about":[{"href":"https:\/\/www.hydraulic-cylinders.net\/lt\/wp-json\/wp\/v2\/types\/product"}],"replies":[{"embeddable":true,"href":"https:\/\/www.hydraulic-cylinders.net\/lt\/wp-json\/wp\/v2\/comments?post=17065"}],"wp:featuredmedia":[{"embeddable":true,"href":"https:\/\/www.hydraulic-cylinders.net\/lt\/wp-json\/wp\/v2\/media\/17072"}],"wp:attachment":[{"href":"https:\/\/www.hydraulic-cylinders.net\/lt\/wp-json\/wp\/v2\/media?parent=17065"}],"wp:term":[{"taxonomy":"product_brand","embeddable":true,"href":"https:\/\/www.hydraulic-cylinders.net\/lt\/wp-json\/wp\/v2\/product_brand?post=17065"},{"taxonomy":"product_cat","embeddable":true,"href":"https:\/\/www.hydraulic-cylinders.net\/lt\/wp-json\/wp\/v2\/product_cat?post=17065"},{"taxonomy":"product_tag","embeddable":true,"href":"https:\/\/www.hydraulic-cylinders.net\/lt\/wp-json\/wp\/v2\/product_tag?post=17065"}],"curies":[{"name":"wp","href":"https:\/\/api.w.org\/{rel}","templated":true}]}}