{"id":17102,"date":"2025-02-06T08:41:36","date_gmt":"2025-02-06T08:41:36","guid":{"rendered":"https:\/\/www.hydraulic-cylinders.net\/?post_type=product&#038;p=17102"},"modified":"2025-04-11T01:52:16","modified_gmt":"2025-04-11T01:52:16","slug":"hcyy11112023-cylinder-for-frame-support-for-truck-cranes","status":"publish","type":"product","link":"https:\/\/www.hydraulic-cylinders.net\/lt\/produktas\/hcyy11112023-cylinder-for-frame-support-for-truck-cranes\/","title":{"rendered":"HCYY11112023 Cilindras sunkve\u017eimi\u0173 kran\u0173 r\u0117mo atramai"},"content":{"rendered":"<h1 style=\"text-align: center;\"><strong>HCYY11112023 Cilindras sunkve\u017eimi\u0173 kran\u0173 r\u0117mo atramai<\/strong><\/h1>\n<h1 style=\"text-align: center;\"><img loading=\"lazy\" decoding=\"async\" class=\"alignnone size-full wp-image-17111\" src=\"https:\/\/www.hydraulic-cylinders.net\/wp-content\/uploads\/2025\/02\/hcyy11112023-cylinder-for-frame-support-2.webp\" alt=\"\" width=\"1492\" height=\"511\" srcset=\"https:\/\/www.hydraulic-cylinders.net\/wp-content\/uploads\/2025\/02\/hcyy11112023-cylinder-for-frame-support-2.webp 1492w, https:\/\/www.hydraulic-cylinders.net\/wp-content\/uploads\/2025\/02\/hcyy11112023-cylinder-for-frame-support-2-1280x438.webp 1280w, https:\/\/www.hydraulic-cylinders.net\/wp-content\/uploads\/2025\/02\/hcyy11112023-cylinder-for-frame-support-2-980x336.webp 980w, https:\/\/www.hydraulic-cylinders.net\/wp-content\/uploads\/2025\/02\/hcyy11112023-cylinder-for-frame-support-2-480x164.webp 480w\" sizes=\"(min-width: 0px) and (max-width: 480px) 480px, (min-width: 481px) and (max-width: 980px) 980px, (min-width: 981px) and (max-width: 1280px) 1280px, (min-width: 1281px) 1492px, 100vw\" \/><\/h1>\n<p>The <strong>HCYY11112023 Cilindro r\u0117mo atrama<\/strong> yra gyvybi\u0161kai svarbus automobilini\u0173 kran\u0173 stabilumui ir saugumui didinti. Sukurtas tvirtam veikimui, \u0161is cilindras palaiko krano r\u0117m\u0105 eksploatacijos metu, u\u017etikrindamas, kad jis i\u0161laikyt\u0173 konstrukcijos vientisum\u0105 esant \u012fvairioms apkrovoms. D\u0117l savo patikimumo jis yra esminis bet kurio kran\u0173 parko komponentas.<\/p>\n<p>\u0160is cilindras i\u0161siskiria savo geb\u0117jimu u\u017etikrinti stabilum\u0105 ir saugum\u0105 k\u0117limo operacij\u0173 metu. D\u0117l patvarios konstrukcijos, paprasto montavimo ir ma\u017e\u0173 prie\u017ei\u016bros reikalavim\u0173 jis yra puikus pasirinkimas operatoriams, ie\u0161kantiems patikimumo ir efektyvumo. Laikydamiesi rekomenduojam\u0173 naudojimo ir prie\u017ei\u016bros praktik\u0173, vartotojai gali maksimaliai padidinti \u0161io svarbaus komponento na\u0161um\u0105 ir tarnavimo laik\u0105, u\u017etikrindami, kad j\u0173 automobiliniai kranai veikt\u0173 skland\u017eiai ir saugiai ilgus metus.<\/p>\n<h2><strong>HCYY11112023 Sunkve\u017eimi\u0173 kran\u0173 r\u0117mo atramos cilindras Parametras:<\/strong><\/h2>\n<h1 style=\"text-align: center;\"><img loading=\"lazy\" decoding=\"async\" class=\"alignnone size-full wp-image-17110\" src=\"https:\/\/www.hydraulic-cylinders.net\/wp-content\/uploads\/2025\/02\/hcyy11112023-cylinder-for-frame-support-1.webp\" alt=\"\" width=\"1512\" height=\"146\" srcset=\"https:\/\/www.hydraulic-cylinders.net\/wp-content\/uploads\/2025\/02\/hcyy11112023-cylinder-for-frame-support-1.webp 1512w, https:\/\/www.hydraulic-cylinders.net\/wp-content\/uploads\/2025\/02\/hcyy11112023-cylinder-for-frame-support-1-1280x124.webp 1280w, https:\/\/www.hydraulic-cylinders.net\/wp-content\/uploads\/2025\/02\/hcyy11112023-cylinder-for-frame-support-1-980x95.webp 980w, https:\/\/www.hydraulic-cylinders.net\/wp-content\/uploads\/2025\/02\/hcyy11112023-cylinder-for-frame-support-1-480x46.webp 480w\" sizes=\"(min-width: 0px) and (max-width: 480px) 480px, (min-width: 481px) and (max-width: 980px) 980px, (min-width: 981px) and (max-width: 1280px) 1280px, (min-width: 1281px) 1512px, 100vw\" \/><img loading=\"lazy\" decoding=\"async\" class=\"alignnone size-full wp-image-17112\" src=\"https:\/\/www.hydraulic-cylinders.net\/wp-content\/uploads\/2025\/02\/hcyy11112023-cylinder-for-frame-support-3.webp\" alt=\"\" width=\"1480\" height=\"705\" srcset=\"https:\/\/www.hydraulic-cylinders.net\/wp-content\/uploads\/2025\/02\/hcyy11112023-cylinder-for-frame-support-3.webp 1480w, https:\/\/www.hydraulic-cylinders.net\/wp-content\/uploads\/2025\/02\/hcyy11112023-cylinder-for-frame-support-3-1280x610.webp 1280w, https:\/\/www.hydraulic-cylinders.net\/wp-content\/uploads\/2025\/02\/hcyy11112023-cylinder-for-frame-support-3-980x467.webp 980w, https:\/\/www.hydraulic-cylinders.net\/wp-content\/uploads\/2025\/02\/hcyy11112023-cylinder-for-frame-support-3-480x229.webp 480w\" sizes=\"(min-width: 0px) and (max-width: 480px) 480px, (min-width: 481px) and (max-width: 980px) 980px, (min-width: 981px) and (max-width: 1280px) 1280px, (min-width: 1281px) 1480px, 100vw\" \/> <img loading=\"lazy\" decoding=\"async\" class=\"alignnone size-full wp-image-17113\" src=\"https:\/\/www.hydraulic-cylinders.net\/wp-content\/uploads\/2025\/02\/hcyy11112023-cylinder-for-frame-support-4.webp\" alt=\"\" width=\"1471\" height=\"711\" srcset=\"https:\/\/www.hydraulic-cylinders.net\/wp-content\/uploads\/2025\/02\/hcyy11112023-cylinder-for-frame-support-4.webp 1471w, https:\/\/www.hydraulic-cylinders.net\/wp-content\/uploads\/2025\/02\/hcyy11112023-cylinder-for-frame-support-4-1280x619.webp 1280w, https:\/\/www.hydraulic-cylinders.net\/wp-content\/uploads\/2025\/02\/hcyy11112023-cylinder-for-frame-support-4-980x474.webp 980w, https:\/\/www.hydraulic-cylinders.net\/wp-content\/uploads\/2025\/02\/hcyy11112023-cylinder-for-frame-support-4-480x232.webp 480w\" sizes=\"(min-width: 0px) and (max-width: 480px) 480px, (min-width: 481px) and (max-width: 980px) 980px, (min-width: 981px) and (max-width: 1280px) 1280px, (min-width: 1281px) 1471px, 100vw\" \/> <img loading=\"lazy\" decoding=\"async\" class=\"alignnone size-full wp-image-17114\" src=\"https:\/\/www.hydraulic-cylinders.net\/wp-content\/uploads\/2025\/02\/hcyy11112023-cylinder-for-frame-support-5.webp\" alt=\"\" width=\"1146\" height=\"541\" srcset=\"https:\/\/www.hydraulic-cylinders.net\/wp-content\/uploads\/2025\/02\/hcyy11112023-cylinder-for-frame-support-5.webp 1146w, https:\/\/www.hydraulic-cylinders.net\/wp-content\/uploads\/2025\/02\/hcyy11112023-cylinder-for-frame-support-5-980x463.webp 980w, https:\/\/www.hydraulic-cylinders.net\/wp-content\/uploads\/2025\/02\/hcyy11112023-cylinder-for-frame-support-5-480x227.webp 480w\" sizes=\"(min-width: 0px) and (max-width: 480px) 480px, (min-width: 481px) and (max-width: 980px) 980px, (min-width: 981px) 1146px, 100vw\" \/><\/h1>\n<h2><strong>Cilindr\u0173 serija sunkve\u017eimi\u0173 kranams:<\/strong><\/h2>\n<h2><img loading=\"lazy\" decoding=\"async\" class=\"alignnone size-full wp-image-17099\" src=\"https:\/\/www.hydraulic-cylinders.net\/wp-content\/uploads\/2025\/02\/cylinder-series-for-truck-cranes-1.webp\" alt=\"\" width=\"1246\" height=\"671\" srcset=\"https:\/\/www.hydraulic-cylinders.net\/wp-content\/uploads\/2025\/02\/cylinder-series-for-truck-cranes-1.webp 1246w, https:\/\/www.hydraulic-cylinders.net\/wp-content\/uploads\/2025\/02\/cylinder-series-for-truck-cranes-1-980x528.webp 980w, https:\/\/www.hydraulic-cylinders.net\/wp-content\/uploads\/2025\/02\/cylinder-series-for-truck-cranes-1-480x258.webp 480w\" sizes=\"(min-width: 0px) and (max-width: 480px) 480px, (min-width: 481px) and (max-width: 980px) 980px, (min-width: 981px) 1246px, 100vw\" \/><\/h2>\n<h2><strong>Pagrindin\u0117s HCYY11112023 cilindro, skirto sunkve\u017eimi\u0173 kran\u0173 r\u0117mo atramai, savyb\u0117s:<\/strong><\/h2>\n<h4><strong>Didel\u0117 keliamoji galia<\/strong><\/h4>\n<p>The <strong>HCYY11112023 Cilindras<\/strong> yra suprojektuotas atlaikyti didel\u012f svor\u012f, tod\u0117l idealiai tinka sunkiems k\u0117limo darbams. D\u0117l tvirtos konstrukcijos jis gali atlaikyti krovin\u012f nepakenkiant saugumui ar na\u0161umui. Nesvarbu, ar keliate statybines med\u017eiagas, \u012frang\u0105 ar kitus sunkius objektus, \u0161is cilindras u\u017etikrina skland\u0173 darb\u0105, suteikia operatoriams ramyb\u0119 ir padidina bendr\u0105 na\u0161um\u0105.<\/p>\n<h4><strong>Patvari konstrukcija<\/strong><\/h4>\n<p>Pagamintas i\u0161 auk\u0161tos kokyb\u0117s med\u017eiag\u0173, HCYY11112023 cilindras yra sukurtas taip, kad atlaikyt\u0173 sud\u0117tingos darbo aplinkos s\u0105lygas. Jo patvari konstrukcija yra atspari nusid\u0117v\u0117jimui, u\u017etikrinanti ilgaam\u017ei\u0161kum\u0105 net ir esant ekstremalioms s\u0105lygoms. \u0160is atsparumas rei\u0161kia ma\u017eesn\u012f keitim\u0173 ir remont\u0173 skai\u010di\u0173, tod\u0117l sutaupoma l\u0117\u0161\u0173 ir u\u017etikrinamas nepertraukiamas veikimas laikui b\u0117gant.<\/p>\n<h4><strong>Atsparumas korozijai<\/strong><\/h4>\n<p>Apsaugine danga padengtas HCYY11112023 cilindras veiksmingai apsaugo nuo r\u016bd\u017ei\u0173 ir korozijos. \u0160i savyb\u0117 yra labai svarbi norint i\u0161laikyti cilindro veikim\u0105 ir pailginti jo tarnavimo laik\u0105, ypa\u010d esant at\u0161iaurioms oro s\u0105lygoms arba dr\u0117gnoje aplinkoje. B\u016bdamas atsparus korozijai, cilindras i\u0161laiko savo konstrukcin\u012f vientisum\u0105, u\u017etikrindamas patikim\u0105 veikim\u0105 vis\u0105 jo tarnavimo laik\u0105.<\/p>\n<h4><strong>Lengvas montavimas<\/strong><\/h4>\n<p>HCYY11112023 cilindras sukurtas taip, kad b\u016bt\u0173 galima lengvai integruoti \u012f esamas kran\u0173 sistemas, o tai \u017eymiai suma\u017eina prastovas montavimo metu. Patogi konstrukcija leid\u017eia operatoriams greitai j\u012f nustatyti, nereikalaujant dideli\u0173 modifikacij\u0173 ar specializuot\u0173 \u012franki\u0173. \u0160is paprastas montavimas rei\u0161kia, kad kranus galima greitai v\u0117l naudoti, taip padidinant na\u0161um\u0105 ir suma\u017einant projekt\u0173 v\u0117lavimus.<\/p>\n<h4><strong>Tikslioji in\u017einerija<\/strong><\/h4>\n<p>Pagamintas pagal tikslias specifikacijas, HCYY11112023 cilindras garantuoja optimal\u0173 na\u0161um\u0105 ir suderinamum\u0105 su \u012fvairiais sunkve\u017eimi\u0173 kran\u0173 modeliais. \u0160i tiksli in\u017einerija u\u017etikrina, kad cilindras veikt\u0173 efektyviai ir veiksmingai, suma\u017eindamas mechanini\u0173 gedim\u0173 rizik\u0105. Pasirink\u0119 \u0161\u012f cilindr\u0105, operatoriai gali b\u016bti tikri, kad naudoja gamin\u012f, sukurt\u0105 laikantis auk\u0161\u010diausi\u0173 kokyb\u0117s ir patikimumo standart\u0173, didinant bendr\u0105 veiklos efektyvum\u0105.<\/p>\n<h2><strong>Kaip cilindras \u201eHcyy11112023\u201c pagerina sunkve\u017eimi\u0173 kran\u0173 stabilum\u0105 eksploatacijos metu?<\/strong><\/h2>\n<p>The <strong>HCYY11112023 Cilindras<\/strong> \u017eymiai padidina sunkve\u017eimi\u0173 kran\u0173 stabilum\u0105 eksploatacijos metu d\u0117l keli\u0173 pagrindini\u0173 mechanizm\u0173:<\/p>\n<h4><strong>1. Svorio pasiskirstymas<\/strong><\/h4>\n<p>Cilindras atlieka labai svarb\u0173 vaidmen\u012f tolygiai paskirstant apkrov\u0105 krano r\u0117me. \u0160is subalansuotas svorio paskirstymas yra b\u016btinas norint i\u0161vengti apvirtimo, ypa\u010d keliant sunkius arba netolygiai paskirstytus krovinius. U\u017etikrindamas, kad svorio centras i\u0161likt\u0173 \u017eemas ir stabilus, cilindras leid\u017eia operatoriams u\u017etikrintai atlikti sud\u0117tingus manevrus, \u017einant, kad kranas yra saugus ir ma\u017eesn\u0117 tikimyb\u0117, kad apvirs. \u0160i savyb\u0117 ne tik padidina saugum\u0105, bet ir padidina veiklos efektyvum\u0105, leisdama atlikti ambicingesnes k\u0117limo u\u017eduotis.<\/p>\n<h4><strong>2. Tvirtas dizainas<\/strong><\/h4>\n<p>Sukurtas dideliam na\u0161umui, HCYY11112023 cilindras pasi\u017eymi tvirta konstrukcija, kuri gali atlaikyti didel\u012f \u012ftemp\u012f ir \u012ftamp\u0105. \u0160is patvarumas rei\u0161kia, kad cilindras gali atlikti sunkius k\u0117limo darbus nesulinkdamas ir nel\u016b\u017edamas, o tai yra gyvybi\u0161kai svarbu norint i\u0161laikyti krano stabilum\u0105 sud\u0117ting\u0173 operacij\u0173 metu. Cilindro geb\u0117jimas atlaikyti at\u0161iaurias s\u0105lygas ir didelius krovinius suma\u017eina mechanini\u0173 gedim\u0173 rizik\u0105, u\u017etikrindamas skland\u0173 darb\u0105. Operatoriai gauna naudos i\u0161 sutrump\u0117jusi\u0173 prastov\u0173 ir ma\u017eesni\u0173 prie\u017ei\u016bros i\u0161laid\u0173, tod\u0117l tai yra i\u0161mani investicija.<\/p>\n<h4><strong>3. Atsparumas aplinkos veiksniams<\/strong><\/h4>\n<p>Cilindras pasi\u017eymi pa\u017eangiu atsparumu korozijai, kuris yra labai svarbus norint i\u0161laikyti konstrukcijos vientisum\u0105 \u012fvairiomis oro s\u0105lygomis. Apsaugodamas cilindr\u0105 nuo r\u016bd\u017ei\u0173 ir nusid\u0117v\u0117jimo, jis u\u017etikrina savo patikimum\u0105 ir efektyvum\u0105, nesvarbu, ar j\u012f veikia lietus, sniegas, ar ekstremali temperat\u016bra. \u0160is atsparumas yra ypa\u010d svarbus kranams, dirbantiems sud\u0117tingomis s\u0105lygomis, nes garantuoja nuolatin\u012f veikim\u0105 ir saugum\u0105. Operatoriai gali b\u016bti tikri, kad j\u0173 \u012franga veiks optimaliai, nepaisant i\u0161orini\u0173 veiksni\u0173, tod\u0117l padid\u0117ja pasitik\u0117jimas savo k\u0117limo operacijomis.<\/p>\n<h4><strong>4. Tikslioji in\u017einerija<\/strong><\/h4>\n<p>Pagamintas kruop\u0161\u010diai atkreipiant d\u0117mes\u012f \u012f detales, HCYY11112023 cilindras yra sukurtas taip, kad b\u016bt\u0173 visi\u0161kai suderinamas su \u012fvairiais automobilini\u0173 kran\u0173 modeliais. \u0160i tiksli in\u017einerija u\u017etikrina, kad cilindras skland\u017eiai \u012fsitvirtint\u0173 krano sistemoje, suma\u017eindamas bet kok\u012f laisvum\u0105 ar jud\u0117jim\u0105, galint\u012f pakenkti stabilumui. Gerai sumontuotas cilindras suma\u017eina nestabilumo rizik\u0105, kuri\u0105 sukelia atsilaisvin\u0119 arba netinkamai suderinti komponentai, tod\u0117l darbas vyksta skland\u017eiau. \u0160is d\u0117mesys detal\u0117ms pagerina bendr\u0105 krano na\u0161um\u0105, tod\u0117l tai patikimas pasirinkimas operatoriams, kuriems reikalingas efektyvumas ir saugumas.<\/p>\n<h4><strong>5. Atrama jud\u0117jimo metu<\/strong><\/h4>\n<p>Sunkve\u017eimi\u0173 kranams manevruojant ir reguliuojant kampus k\u0117limo metu, HCYY11112023 cilindras u\u017etikrina nuolatin\u0119 atram\u0105, neutralizuodamas bet kokias j\u0117gas, galin\u010dias sukelti nestabilum\u0105. \u0160i dinamin\u0117 atrama yra b\u016btina saugioms k\u0117limo operacijoms, ypa\u010d manevruojant ank\u0161tose erdv\u0117se arba kei\u010diant krovinio pad\u0117t\u012f. U\u017etikrindamas nuolatin\u012f stabilum\u0105 viso k\u0117limo proceso metu, cilindras leid\u017eia operatoriams tiksliai ir lengvai atlikti sud\u0117tingas u\u017eduotis. \u0160i galimyb\u0117 ne tik pagerina saugum\u0105, bet ir padidina produktyvum\u0105, leisdama grei\u010diau u\u017ebaigti projektus.<\/p>\n<p>Apibendrinant, cilindras HCYY11112023 padidina automobilinio krano stabilum\u0105 d\u0117l subalansuoto svorio paskirstymo, tvirtos konstrukcijos, atsparumo aplinkos poveikiui, tikslios in\u017einerijos ir dinamin\u0117s atramos jud\u0117jimo metu. \u0160ios savyb\u0117s kartu u\u017etikrina saug\u0173, efektyv\u0173 ir patikim\u0105 veikim\u0105, tod\u0117l jis yra nepakei\u010diamas bet kurios krano sistemos komponentas.<\/p>\n<h2><strong>\u0160akinio krautuvo cilindr\u0173 gamybos sritis:<\/strong><\/h2>\n<h2><img loading=\"lazy\" decoding=\"async\" class=\"alignnone size-full wp-image-16972\" src=\"https:\/\/www.hydraulic-cylinders.net\/wp-content\/uploads\/2025\/01\/hydraulic-cylinder-factory-1-scaled.webp\" alt=\"\" width=\"2016\" height=\"2560\" srcset=\"https:\/\/www.hydraulic-cylinders.net\/wp-content\/uploads\/2025\/01\/hydraulic-cylinder-factory-1-scaled.webp 2016w, https:\/\/www.hydraulic-cylinders.net\/wp-content\/uploads\/2025\/01\/hydraulic-cylinder-factory-1-1280x1625.webp 1280w, https:\/\/www.hydraulic-cylinders.net\/wp-content\/uploads\/2025\/01\/hydraulic-cylinder-factory-1-980x1244.webp 980w, https:\/\/www.hydraulic-cylinders.net\/wp-content\/uploads\/2025\/01\/hydraulic-cylinder-factory-1-480x610.webp 480w\" sizes=\"(min-width: 0px) and (max-width: 480px) 480px, (min-width: 481px) and (max-width: 980px) 980px, (min-width: 981px) and (max-width: 1280px) 1280px, (min-width: 1281px) 2016px, 100vw\" \/><\/h2>\n<p>Did\u017eiuojam\u0117s modernia nepriklausoma surinkimui skirta tyrim\u0173 ir pl\u0117tros platforma, u\u017etikrinan\u010dia auk\u0161\u010diausio lygio inovacijas ir kokyb\u0119 m\u016bs\u0173 gamybos procesuose. M\u016bs\u0173 \u0161akini\u0173 krautuv\u0173 cilindr\u0173 gamybos ceche yra keturios pusiau automatin\u0117s k\u0117limo cilindr\u0173 surinkimo linijos ir visi\u0161kai automatin\u0117 pakreipiam\u0173 cilindr\u0173 surinkimo linija, kurios kartu suprojektuotos taip, kad per metus pagamint\u0173 iki milijono vienet\u0173.<\/p>\n<p>Be to, m\u016bs\u0173 specializuotose cilindr\u0173 dirbtuv\u0117se \u012frengtos \u012fvairioms specifikacijoms pritaikytos pusiau automatin\u0117s valymo ir surinkimo sistemos, kuri\u0173 metinis gamybos paj\u0117gumas siekia 200 000 vienet\u0173. Mes naudojame \u017einom\u0105 CNC \u012frang\u0105, apdirbimo centrus ir specializuotus \u012frankius didelio tikslumo cilindr\u0173 apdirbimui. M\u016bs\u0173 \u012fmon\u0117je taip pat yra pa\u017eangios robotin\u0117s suvirinimo ma\u0161inos, automatin\u0117s valymo sistemos ir visi\u0161kai automatizuotos cilindr\u0173 surinkimo bei da\u017eymo linijos. Tur\u0117dami daugiau nei 300 pagrindini\u0173 \u012frangos vienet\u0173, optimizuojame i\u0161tekli\u0173 paskirstym\u0105 ir u\u017etikriname efektyv\u0173 j\u0173 panaudojim\u0105, laikydamiesi grie\u017et\u0173 tikslumo ir kokyb\u0117s standart\u0173.<\/p>\n<p>M\u016bs\u0173 mechaninio apdirbimo dirbtuv\u0117se yra pagal u\u017esakym\u0105 pagaminti tekinimo centrai su pakreipiamomis kreipian\u010diosiomis linijomis, mechaninio apdirbimo centrai, greitaeig\u0117s galandimo stakl\u0117s, suvirinimo robotai ir kita reikalinga \u012franga. \u0160i \u012franga leid\u017eia mums apdirbti cilindrinius vamzd\u017eius, kuri\u0173 maksimalus vidinis skersmuo yra 400 mm, o ilgis \u2013 iki 6 metr\u0173, o tai dar labiau padidina m\u016bs\u0173 gamybos paj\u0117gumus.<\/p>\n<h2><img loading=\"lazy\" decoding=\"async\" class=\"alignnone size-full wp-image-16973\" src=\"https:\/\/www.hydraulic-cylinders.net\/wp-content\/uploads\/2025\/01\/hydraulic-cylinder-factory-2-scaled.webp\" alt=\"\" width=\"2011\" height=\"2560\" srcset=\"https:\/\/www.hydraulic-cylinders.net\/wp-content\/uploads\/2025\/01\/hydraulic-cylinder-factory-2-scaled.webp 2011w, https:\/\/www.hydraulic-cylinders.net\/wp-content\/uploads\/2025\/01\/hydraulic-cylinder-factory-2-1280x1629.webp 1280w, https:\/\/www.hydraulic-cylinders.net\/wp-content\/uploads\/2025\/01\/hydraulic-cylinder-factory-2-980x1248.webp 980w, https:\/\/www.hydraulic-cylinders.net\/wp-content\/uploads\/2025\/01\/hydraulic-cylinder-factory-2-480x611.webp 480w\" sizes=\"(min-width: 0px) and (max-width: 480px) 480px, (min-width: 481px) and (max-width: 980px) 980px, (min-width: 981px) and (max-width: 1280px) 1280px, (min-width: 1281px) 2011px, 100vw\" \/><\/h2>\n<p>Mes valdome visi\u0161kai automatin\u0119 vandens pagrindo da\u017e\u0173 dengimo linij\u0105, specialiai sukurt\u0105 ma\u017eiems ir vidutinio dyd\u017eio balionams, su automatizuotais pakrovimo, i\u0161krovimo ir pur\u0161kimo robotais. \u0160i moderni sistema gali pasigirti 4000 vienet\u0173 per pamain\u0105 gamybos paj\u0117gumu. Be to, turime pusiau automatin\u0119 dideli\u0173 balion\u0173 da\u017eymo linij\u0105 su grandinine pavara, kurios projektinis paj\u0117gumas yra 60 d\u0117\u017ei\u0173 per pamain\u0105.<\/p>\n<p>Siekdami pagerinti gamini\u0173 na\u0161um\u0105 ir \u012ftvirtinti savo lyderyst\u0119 hidraulini\u0173 cilindr\u0173 pramon\u0117je, bendradarbiaujame su \u201eZJIMEE\u201c, kad \u012fkurtume i\u0161sami\u0105 hidraulini\u0173 cilindr\u0173, vo\u017etuv\u0173 ir siurbli\u0173 na\u0161umo laboratorij\u0105. \u0160ioje pa\u017eangioje laboratorijoje naudojami kompiuteriniai bandymai su elektrohidrauline technologija, leid\u017eian\u010dia i\u0161 anksto nustatyti bandymo s\u0105lygas, kurios pagerina tikslum\u0105 ir sistemos universalum\u0105. Automatizuotame duomen\u0173 rinkimo procese naudojami jutikliai, skirti surinkti i\u0161vesties duomenis, tokius kaip vidinis nuot\u0117kis ir apkrovos efektyvumas, kurie v\u0117liau apdorojami kompiuteriu ir konvertuojami \u012f standartinius vienetus (ml\/min%).<\/p>\n<p>Be to, siekdami u\u017etikrinti m\u016bs\u0173 hidraulini\u0173 sistem\u0173 saugum\u0105, diegiame pagrindini\u0173 veikimo parametr\u0173, \u012fskaitant alyvos temperat\u016br\u0105, skys\u010dio lyg\u012f ir filtro \u012frenginio b\u016bsen\u0105, steb\u0117jim\u0105. M\u016bs\u0173 hidraulini\u0173 cilindr\u0173 bandym\u0173 stendas gali \u012fvertinti \u201eapkrovos efektyvum\u0105\u201c ir \u201evidin\u012f nuot\u0117k\u012f\u201c tiksliais rodmenimis. Jame taip pat \u012frengtas groteli\u0173 liniuot\u0117s matavimo prietaisas, atitinkantis nacionalinius standartus, u\u017etikrinantis atitikt\u012f visiems hidraulini\u0173 cilindr\u0173 gamini\u0173 bandymo reikalavimams.<\/p>\n<p>&nbsp;<\/p>","protected":false},"excerpt":{"rendered":"<p>HCYY11112023 Cylinder For Frame Support For Truck Cranes The HCYY11112023 Cylinder for Frame Support is vital for enhancing the stability and safety of truck cranes. Engineered for robust performance, this cylinder supports the crane&#8217;s frame during operations, ensuring it maintains structural integrity under various loads. Its reliability makes it an essential component for any fleet [&hellip;]<\/p>","protected":false},"featured_media":17115,"comment_status":"open","ping_status":"closed","template":"","meta":{"_et_pb_use_builder":"","_et_pb_old_content":"","_et_gb_content_width":""},"product_brand":[],"product_cat":[1514,1549,1376],"product_tag":[],"class_list":{"0":"post-17102","1":"product","2":"type-product","3":"status-publish","4":"has-post-thumbnail","6":"product_cat-mobile-crane-hydraulic-cylinders","7":"product_cat-single-acting-hydraulic-cylinder","8":"product_cat-hydraulic-cylinder","10":"first","11":"instock","12":"shipping-taxable","13":"product-type-simple"},"amp_enabled":true,"_links":{"self":[{"href":"https:\/\/www.hydraulic-cylinders.net\/lt\/wp-json\/wp\/v2\/product\/17102","targetHints":{"allow":["GET"]}}],"collection":[{"href":"https:\/\/www.hydraulic-cylinders.net\/lt\/wp-json\/wp\/v2\/product"}],"about":[{"href":"https:\/\/www.hydraulic-cylinders.net\/lt\/wp-json\/wp\/v2\/types\/product"}],"replies":[{"embeddable":true,"href":"https:\/\/www.hydraulic-cylinders.net\/lt\/wp-json\/wp\/v2\/comments?post=17102"}],"wp:featuredmedia":[{"embeddable":true,"href":"https:\/\/www.hydraulic-cylinders.net\/lt\/wp-json\/wp\/v2\/media\/17115"}],"wp:attachment":[{"href":"https:\/\/www.hydraulic-cylinders.net\/lt\/wp-json\/wp\/v2\/media?parent=17102"}],"wp:term":[{"taxonomy":"product_brand","embeddable":true,"href":"https:\/\/www.hydraulic-cylinders.net\/lt\/wp-json\/wp\/v2\/product_brand?post=17102"},{"taxonomy":"product_cat","embeddable":true,"href":"https:\/\/www.hydraulic-cylinders.net\/lt\/wp-json\/wp\/v2\/product_cat?post=17102"},{"taxonomy":"product_tag","embeddable":true,"href":"https:\/\/www.hydraulic-cylinders.net\/lt\/wp-json\/wp\/v2\/product_tag?post=17102"}],"curies":[{"name":"wp","href":"https:\/\/api.w.org\/{rel}","templated":true}]}}