{"id":17103,"date":"2025-02-06T08:21:09","date_gmt":"2025-02-06T08:21:09","guid":{"rendered":"https:\/\/www.hydraulic-cylinders.net\/?post_type=product&#038;p=17103"},"modified":"2025-04-11T01:52:19","modified_gmt":"2025-04-11T01:52:19","slug":"hcyy11112022-cylinder-for-opening-rack-support-for-truck-cranes","status":"publish","type":"product","link":"https:\/\/www.hydraulic-cylinders.net\/lt\/produktas\/hcyy11112022-cylinder-for-opening-rack-support-for-truck-cranes\/","title":{"rendered":"HCYY11112022 Cilindras sunkve\u017eimi\u0173 kran\u0173 atidarymo stela\u017e\u0173 atramoms"},"content":{"rendered":"<h1 style=\"text-align: center;\"><strong>HCYY11112022 Cilindras sunkve\u017eimi\u0173 kran\u0173 atidarymo stela\u017e\u0173 atramoms<\/strong><\/h1>\n<h1 style=\"text-align: center;\"><img loading=\"lazy\" decoding=\"async\" class=\"alignnone size-full wp-image-17105\" src=\"https:\/\/www.hydraulic-cylinders.net\/wp-content\/uploads\/2025\/02\/hcyy11112022-cylinder-for-opening-rack-support-2.webp\" alt=\"\" width=\"1496\" height=\"516\" srcset=\"https:\/\/www.hydraulic-cylinders.net\/wp-content\/uploads\/2025\/02\/hcyy11112022-cylinder-for-opening-rack-support-2.webp 1496w, https:\/\/www.hydraulic-cylinders.net\/wp-content\/uploads\/2025\/02\/hcyy11112022-cylinder-for-opening-rack-support-2-1280x441.webp 1280w, https:\/\/www.hydraulic-cylinders.net\/wp-content\/uploads\/2025\/02\/hcyy11112022-cylinder-for-opening-rack-support-2-980x338.webp 980w, https:\/\/www.hydraulic-cylinders.net\/wp-content\/uploads\/2025\/02\/hcyy11112022-cylinder-for-opening-rack-support-2-480x166.webp 480w\" sizes=\"(min-width: 0px) and (max-width: 480px) 480px, (min-width: 481px) and (max-width: 980px) 980px, (min-width: 981px) and (max-width: 1280px) 1280px, (min-width: 1281px) 1496px, 100vw\" \/><\/h1>\n<p>The <strong>HCYY11112022 Cilindras<\/strong> yra labai svarbus komponentas, specialiai sukurtas automobiliniams kranams, \u017eymiai pagerinantis j\u0173 eksploatavimo efektyvum\u0105 ir saug\u0105. \u0160is cilindras palaiko atidarymo stovo mechanizm\u0105, u\u017etikrindamas skland\u0173 ir patikim\u0105 krano konstrukcijos jud\u0117jim\u0105 atliekant \u012fvairias k\u0117limo u\u017eduotis.<\/p>\n<p>Sukurtas siekiant padidinti k\u0117limo efektyvum\u0105 ir saugum\u0105, HCYY11112022 cilindras pasi\u017eymi tvirta konstrukcija ir efektyviu veikimu. Paprastas montavimo procesas leid\u017eia operatoriams u\u017etikrintai valdyti \u012fvairias k\u0117limo u\u017eduotis.<\/p>\n<p>Reguliarus techninis aptarnavimas ir tinkamas naudojimas yra b\u016btini siekiant u\u017etikrinti, kad HCYY11112022 i\u0161likt\u0173 patikimu j\u016bs\u0173 krano eksploatavimo \u012frankiu. Investuodami \u012f \u0161\u012f cilindr\u0105, padidinsite krano galimybes, o tai padidins na\u0161um\u0105 ir saug\u0105 darbo vietoje. Pakelkite savo veikl\u0105 \u012f auk\u0161tesn\u012f lyg\u012f su HCYY11112022 cilindru jau \u0161iandien.<\/p>\n<h2><strong>HCYY11112022 Cilindro, skirto atidaryti stela\u017e\u0105 sunkve\u017eimi\u0173 kranams, parametras:<\/strong><\/h2>\n<h1 style=\"text-align: center;\"><img loading=\"lazy\" decoding=\"async\" class=\"alignnone size-full wp-image-17104\" src=\"https:\/\/www.hydraulic-cylinders.net\/wp-content\/uploads\/2025\/02\/hcyy11112022-cylinder-for-opening-rack-support-1.webp\" alt=\"\" width=\"1516\" height=\"149\" srcset=\"https:\/\/www.hydraulic-cylinders.net\/wp-content\/uploads\/2025\/02\/hcyy11112022-cylinder-for-opening-rack-support-1.webp 1516w, https:\/\/www.hydraulic-cylinders.net\/wp-content\/uploads\/2025\/02\/hcyy11112022-cylinder-for-opening-rack-support-1-1280x126.webp 1280w, https:\/\/www.hydraulic-cylinders.net\/wp-content\/uploads\/2025\/02\/hcyy11112022-cylinder-for-opening-rack-support-1-980x96.webp 980w, https:\/\/www.hydraulic-cylinders.net\/wp-content\/uploads\/2025\/02\/hcyy11112022-cylinder-for-opening-rack-support-1-480x47.webp 480w\" sizes=\"(min-width: 0px) and (max-width: 480px) 480px, (min-width: 481px) and (max-width: 980px) 980px, (min-width: 981px) and (max-width: 1280px) 1280px, (min-width: 1281px) 1516px, 100vw\" \/><img loading=\"lazy\" decoding=\"async\" class=\"alignnone size-full wp-image-17106\" src=\"https:\/\/www.hydraulic-cylinders.net\/wp-content\/uploads\/2025\/02\/hcyy11112022-cylinder-for-opening-rack-support-3.webp\" alt=\"\" width=\"1475\" height=\"709\" srcset=\"https:\/\/www.hydraulic-cylinders.net\/wp-content\/uploads\/2025\/02\/hcyy11112022-cylinder-for-opening-rack-support-3.webp 1475w, https:\/\/www.hydraulic-cylinders.net\/wp-content\/uploads\/2025\/02\/hcyy11112022-cylinder-for-opening-rack-support-3-1280x615.webp 1280w, https:\/\/www.hydraulic-cylinders.net\/wp-content\/uploads\/2025\/02\/hcyy11112022-cylinder-for-opening-rack-support-3-980x471.webp 980w, https:\/\/www.hydraulic-cylinders.net\/wp-content\/uploads\/2025\/02\/hcyy11112022-cylinder-for-opening-rack-support-3-480x231.webp 480w\" sizes=\"(min-width: 0px) and (max-width: 480px) 480px, (min-width: 481px) and (max-width: 980px) 980px, (min-width: 981px) and (max-width: 1280px) 1280px, (min-width: 1281px) 1475px, 100vw\" \/> <img loading=\"lazy\" decoding=\"async\" class=\"alignnone size-full wp-image-17107\" src=\"https:\/\/www.hydraulic-cylinders.net\/wp-content\/uploads\/2025\/02\/hcyy11112022-cylinder-for-opening-rack-support-4.webp\" alt=\"\" width=\"1477\" height=\"710\" srcset=\"https:\/\/www.hydraulic-cylinders.net\/wp-content\/uploads\/2025\/02\/hcyy11112022-cylinder-for-opening-rack-support-4.webp 1477w, https:\/\/www.hydraulic-cylinders.net\/wp-content\/uploads\/2025\/02\/hcyy11112022-cylinder-for-opening-rack-support-4-1280x615.webp 1280w, https:\/\/www.hydraulic-cylinders.net\/wp-content\/uploads\/2025\/02\/hcyy11112022-cylinder-for-opening-rack-support-4-980x471.webp 980w, https:\/\/www.hydraulic-cylinders.net\/wp-content\/uploads\/2025\/02\/hcyy11112022-cylinder-for-opening-rack-support-4-480x231.webp 480w\" sizes=\"(min-width: 0px) and (max-width: 480px) 480px, (min-width: 481px) and (max-width: 980px) 980px, (min-width: 981px) and (max-width: 1280px) 1280px, (min-width: 1281px) 1477px, 100vw\" \/> <img loading=\"lazy\" decoding=\"async\" class=\"alignnone size-full wp-image-17108\" src=\"https:\/\/www.hydraulic-cylinders.net\/wp-content\/uploads\/2025\/02\/hcyy11112022-cylinder-for-opening-rack-support-5.webp\" alt=\"\" width=\"1324\" height=\"665\" srcset=\"https:\/\/www.hydraulic-cylinders.net\/wp-content\/uploads\/2025\/02\/hcyy11112022-cylinder-for-opening-rack-support-5.webp 1324w, https:\/\/www.hydraulic-cylinders.net\/wp-content\/uploads\/2025\/02\/hcyy11112022-cylinder-for-opening-rack-support-5-1280x643.webp 1280w, https:\/\/www.hydraulic-cylinders.net\/wp-content\/uploads\/2025\/02\/hcyy11112022-cylinder-for-opening-rack-support-5-980x492.webp 980w, https:\/\/www.hydraulic-cylinders.net\/wp-content\/uploads\/2025\/02\/hcyy11112022-cylinder-for-opening-rack-support-5-480x241.webp 480w\" sizes=\"(min-width: 0px) and (max-width: 480px) 480px, (min-width: 481px) and (max-width: 980px) 980px, (min-width: 981px) and (max-width: 1280px) 1280px, (min-width: 1281px) 1324px, 100vw\" \/><\/h1>\n<h2><strong>Cilindr\u0173 serija sunkve\u017eimi\u0173 kranams:<\/strong><\/h2>\n<h2><img loading=\"lazy\" decoding=\"async\" class=\"alignnone size-full wp-image-17099\" src=\"https:\/\/www.hydraulic-cylinders.net\/wp-content\/uploads\/2025\/02\/cylinder-series-for-truck-cranes-1.webp\" alt=\"\" width=\"1246\" height=\"671\" srcset=\"https:\/\/www.hydraulic-cylinders.net\/wp-content\/uploads\/2025\/02\/cylinder-series-for-truck-cranes-1.webp 1246w, https:\/\/www.hydraulic-cylinders.net\/wp-content\/uploads\/2025\/02\/cylinder-series-for-truck-cranes-1-980x528.webp 980w, https:\/\/www.hydraulic-cylinders.net\/wp-content\/uploads\/2025\/02\/cylinder-series-for-truck-cranes-1-480x258.webp 480w\" sizes=\"(min-width: 0px) and (max-width: 480px) 480px, (min-width: 481px) and (max-width: 980px) 980px, (min-width: 981px) 1246px, 100vw\" \/><\/h2>\n<h2><strong>Pagrindin\u0117s HCYY11112022 cilindro, skirto atidaryti stela\u017e\u0105 sunkve\u017eimi\u0173 kranams, savyb\u0117s:<\/strong><\/h2>\n<p>The <strong>HCYY11112022 Cilindras<\/strong> yra nepakei\u010diamas komponentas, specialiai sukurtas automobiliniams kranams, \u017eymiai pagerinantis eksploatavimo efektyvum\u0105 ir saug\u0105. \u0160is pa\u017eangus cilindras atlieka gyvybi\u0161kai svarb\u0173 vaidmen\u012f palaikant atidarymo stovo mechanizm\u0105, kuris yra labai svarbus skland\u017eiam ir patikimam krano konstrukcijos jud\u0117jimui atliekant \u012fvairias k\u0117limo u\u017eduotis.<\/p>\n<h4><strong>Padidintas efektyvumas ir saugumas<\/strong><\/h4>\n<p>Tiksliai suprojektuotas HCYY11112022 cilindras maksimaliai padidina k\u0117limo efektyvum\u0105 ir saugum\u0105. Tvirta konstrukcija gali atlaikyti didelius krovinius ir sud\u0117tingas s\u0105lygas, u\u017etikrindama skland\u0173 krano veikim\u0105 net ir esant sl\u0117giui. \u0160is patikimumas rei\u0161kia geresn\u012f na\u0161um\u0105 darbo vietoje, leid\u017eiant\u012f operatoriams greitai ir efektyviai atlikti u\u017eduotis, tuo pa\u010diu suma\u017einant nelaiming\u0173 atsitikim\u0173 rizik\u0105.<\/p>\n<h4><strong>Supaprastintas diegimo procesas<\/strong><\/h4>\n<p>Vienas i\u0161 i\u0161skirtini\u0173 HCYY11112022 savybi\u0173 yra paprastas montavimo procesas. Operatoriai gali lengvai sumontuoti cilindr\u0105 be i\u0161sami\u0173 mokym\u0173 ar specializuot\u0173 \u012franki\u0173. Toks paprastas montavimas ne tik taupo laik\u0105, bet ir suteikia operatoriams galimyb\u0119 u\u017etikrintai valdyti \u012fvairias k\u0117limo u\u017eduotis. Kai cilindras sumontuotas, naudotojai gali sutelkti d\u0117mes\u012f \u012f savo darb\u0105, o ne nerimauti d\u0117l \u012frangos veikimo.<\/p>\n<h4><strong>Reguliarios prie\u017ei\u016bros svarba<\/strong><\/h4>\n<p>Norint u\u017etikrinti, kad HCYY11112022 i\u0161likt\u0173 patikimu j\u016bs\u0173 krano naudotoju, b\u016btina reguliariai j\u012f pri\u017ei\u016br\u0117ti ir tinkamai naudoti. Reguliar\u016bs patikrinimai padeda nustatyti galimas problemas, kol jos nepablog\u0117jo, tod\u0117l galima laiku atlikti remont\u0105. Cilindro \u0161vara ir geras sutepimas apsaugo nuo susid\u0117v\u0117jimo, u\u017etikrinant ilgalaik\u012f veikim\u0105. Gerai pri\u017ei\u016brimas cilindras ne tik pagerina na\u0161um\u0105, bet ir pailgina krano tarnavimo laik\u0105, tod\u0117l tai yra i\u0161mintinga investicija bet kokiai operacijai.<\/p>\n<h4><strong>Produktyvumo ir saugos didinimas<\/strong><\/h4>\n<p>Investavimas \u012f HCYY11112022 cilindr\u0105 rei\u0161kia krano galimybi\u0173 padidinim\u0105, o tai padidina na\u0161um\u0105 ir saugum\u0105 darbo vietoje. Su \u0161iuo patikimu komponentu operatoriai gali u\u017etikrintai atlikti sud\u0117tingas k\u0117limo u\u017eduotis, \u017einodami, kad turi reikiam\u0105 pagalb\u0105. Rezultatas \u2013 saugesn\u0117 darbo aplinka, kurioje rizika suma\u017einama iki minimumo, o efektyvumas \u2013 iki maksimalaus.<\/p>\n<p>Pakelkite savo veiklos lyg\u012f su HCYY11112022 cilindru jau \u0161iandien. Integruodami \u0161\u012f auk\u0161tos kokyb\u0117s komponent\u0105 \u012f savo automobilin\u012f kran\u0105, ne tik pagerinsite jo na\u0161um\u0105, bet ir u\u017etikrinsite saugesn\u0119 bei efektyvesn\u0119 darbo aplink\u0105. Tvirtos konstrukcijos, lengvo montavimo ir prie\u017ei\u016bros svarbos derinys daro HCYY11112022 i\u0161maniu pasirinkimu bet kuriam krano operatoriui, norin\u010diam padidinti produktyvum\u0105 ir saug\u0105 darbo vietoje. Nepraleiskite progos transformuoti savo krano galimybes \u2013 investuokite \u012f HCYY11112022 cilindr\u0105 dabar.<\/p>\n<h2><strong>Kokia prie\u017ei\u016bra yra b\u016btina Hcyy11112022 cilindrui, skirtam atidaryti stovo atram\u0105?<\/strong><\/h2>\n<div id=\"message-340223452933\" class=\"ChatMessage_chatMessage__xkgHx\" data-complete=\"true\">\n<div class=\"ChatMessage_messageRow__DHlnq\">\n<div class=\"ChatMessage_messageWrapper__4Ugd6\">\n<div class=\"Message_rowWithFooter__FShU6\">\n<div class=\"Message_row__ug_UU\">\n<div class=\"Message_messageBubbleWrapper__sEq8z\">\n<div class=\"Message_leftSideMessageBubble__VPdk6\">\n<div class=\"Message_messageTextContainer__w64Sc\">\n<div>\n<div class=\"Markdown_markdownContainer__Tz3HQ\">\n<p>Siekiant u\u017etikrinti optimal\u0173 veikim\u0105 <strong>HCYY11112022 Cilindro atidarymo stovo atramai<\/strong> sunkve\u017eimi\u0173 kran\u0173 atveju atsi\u017evelkite \u012f \u0161iuos esminius technin\u0117s prie\u017ei\u016bros metodus:<\/p>\n<h4><strong>1. Reguliar\u016bs patikrinimai<\/strong><\/h4>\n<p>Reguliar\u016bs patikrinimai yra labai svarb\u016bs norint u\u017etikrinti prevencin\u0119 prie\u017ei\u016br\u0105. Suplanuokite \u012fprastinius patikrinimus, kad nustatytum\u0117te cilindro ir j\u012f supan\u010di\u0173 komponent\u0173 susid\u0117v\u0117jimo, nuot\u0117ki\u0173 ar pa\u017eeidim\u0173 po\u017eymius. Ankstyvas problem\u0173 nustatymas gali pad\u0117ti i\u0161vengti brangaus remonto ir u\u017etikrinti saug\u0173 eksploatavim\u0105. Naudokite kontrolin\u012f s\u0105ra\u0161\u0105, kad gal\u0117tum\u0117te sekti patikrinimo rezultatus, taip lengviau nustatyti d\u0117sningumus ar pasikartojan\u010dias problemas.<\/p>\n<h4><strong>2. Tepimas<\/strong><\/h4>\n<p>Tinkamas tepimas yra gyvybi\u0161kai svarbus norint suma\u017einti trint\u012f ir pailginti cilindro bei jo judan\u010di\u0173 dali\u0173 tarnavimo laik\u0105. Naudokite gamintojo rekomenduojam\u0105 tepal\u0105 ir u\u017etepkite j\u012f ant svarbiausi\u0173 viet\u0173, toki\u0173 kaip st\u016bmoklio kotas ir jungtys. Nustatykite tepimo grafik\u0105, kad u\u017etikrintum\u0117te nuoseklum\u0105. Gerai suteptas cilindras veikia skland\u017eiai, pagerindamas na\u0161um\u0105 ir suma\u017eindamas mechanini\u0173 gedim\u0173 rizik\u0105.<\/p>\n<h4><strong>3. Hidraulini\u0173 skys\u010di\u0173 patikrinimai<\/strong><\/h4>\n<p>Hidraulinio skys\u010dio kokyb\u0117 yra labai svarbi cilindro veikimui. Reguliariai steb\u0117kite skys\u010dio lyg\u012f ir patikrinkite, ar n\u0117ra u\u017eter\u0161tumo ar susid\u0117v\u0117jimo. Jei skystis atrodo ne\u0161varus arba skleid\u017eia nemalon\u0173 kvap\u0105, laikas j\u012f pakeisti. \u0160varaus ir tinkamo hidraulinio skys\u010dio palaikymas ne tik u\u017etikrina efektyv\u0173 veikim\u0105, bet ir apsaugo vis\u0105 hidraulin\u0119 sistem\u0105 nuo pa\u017eeidim\u0173.<\/p>\n<h4><strong>4. Var\u017et\u0173 ir jungiam\u0173j\u0173 detali\u0173 priver\u017eimas<\/strong><\/h4>\n<p>Norint i\u0161vengti nuot\u0117ki\u0173 ir i\u0161laikyti konstrukcijos vientisum\u0105, b\u016btina u\u017etikrinti vis\u0173 jung\u010di\u0173 tvirtum\u0105. Periodi\u0161kai tikrinkite ir priver\u017ekite var\u017etus bei jungiam\u0105sias detales, ypa\u010d po intensyvaus naudojimo arba atlikus bet kokius pakeitimus. \u0160is paprastas \u017eingsnis gali \u017eymiai padidinti saug\u0105 ir na\u0161um\u0105, nes atsilaisvinusios dalys gali sukelti katastrofi\u0161k\u0173 gedim\u0173.<\/p>\n<h4><strong>5. Valymas<\/strong><\/h4>\n<p>Labai svarbu palaikyti cilindro ir jo komponent\u0173 \u0161var\u0105, kad b\u016bt\u0173 i\u0161vengta pa\u017eeidim\u0173. Reguliariai nuvalykite pavir\u0161ius, kad pa\u0161alintum\u0117te ne\u0161varumus, dulkes ir \u0161iuk\u0161les, kurios gali sukelti nusid\u0117v\u0117jim\u0105. \u0160vari darbo aplinka ne tik pagerina matomum\u0105 atliekant patikrinimus, bet ir padeda nustatyti galimas problemas, kol jos nepa\u016bm\u0117jo.<\/p>\n<h4><strong>6. Funkcionalumo testavimas<\/strong><\/h4>\n<p>Periodi\u0161kai tikrinti cilindro veikim\u0105 yra labai svarbu siekiant u\u017etikrinti, kad jis tinkamai ir efektyviai reaguot\u0173. Atlikite funkcionalumo bandymus, kad steb\u0117tum\u0117te, kaip cilindras elgiasi esant apkrovai ir jud\u0117jimo metu. Toks aktyvus po\u017ei\u016bris gali atskleisti bet kokius veikimo neatitikimus, leisdamas juos pa\u0161alinti, kol jie nepaveik\u0117 veikimo.<\/p>\n<h4><strong>7. Dokumentacija<\/strong><\/h4>\n<p>I\u0161samiai apskaityti vis\u0105 technin\u0117s prie\u017ei\u016bros veikl\u0105 yra b\u016btina norint laikui b\u0117gant steb\u0117ti cilindro b\u016bkl\u0119. Dokumentuokite patikrinimus, tepimus, skys\u010di\u0173 keitim\u0105 ir remont\u0105. \u0160i informacija gali pad\u0117ti nustatyti tendencijas, tod\u0117l bus lengviau numatyti b\u016bsimus technin\u0117s prie\u017ei\u016bros poreikius ir u\u017etikrinti, kad niekas nelikt\u0173 nepasteb\u0117ta.<\/p>\n<p>Laikydamiesi \u0161i\u0173 praktik\u0173, galite padidinti HCYY11112022 cilindro ilgaam\u017ei\u0161kum\u0105 ir patikimum\u0105, u\u017etikrindami saug\u0173 ir efektyv\u0173 krano darb\u0105. Reguliarus techninis aptarnavimas ne tik apsaugo j\u016bs\u0173 investicijas, bet ir sukuria saugesn\u0119 darbo aplink\u0105 visiems dalyvaujantiems.<\/p>\n<\/div>\n<\/div>\n<\/div>\n<\/div>\n<\/div>\n<\/div>\n<\/div>\n<\/div>\n<\/div>\n<\/div>\n<h2><strong>\u0160akinio krautuvo cilindr\u0173 gamybos sritis:<\/strong><\/h2>\n<h2><img loading=\"lazy\" decoding=\"async\" class=\"alignnone size-full wp-image-16972\" src=\"https:\/\/www.hydraulic-cylinders.net\/wp-content\/uploads\/2025\/01\/hydraulic-cylinder-factory-1-scaled.webp\" alt=\"\" width=\"2016\" height=\"2560\" srcset=\"https:\/\/www.hydraulic-cylinders.net\/wp-content\/uploads\/2025\/01\/hydraulic-cylinder-factory-1-scaled.webp 2016w, https:\/\/www.hydraulic-cylinders.net\/wp-content\/uploads\/2025\/01\/hydraulic-cylinder-factory-1-1280x1625.webp 1280w, https:\/\/www.hydraulic-cylinders.net\/wp-content\/uploads\/2025\/01\/hydraulic-cylinder-factory-1-980x1244.webp 980w, https:\/\/www.hydraulic-cylinders.net\/wp-content\/uploads\/2025\/01\/hydraulic-cylinder-factory-1-480x610.webp 480w\" sizes=\"(min-width: 0px) and (max-width: 480px) 480px, (min-width: 481px) and (max-width: 980px) 980px, (min-width: 981px) and (max-width: 1280px) 1280px, (min-width: 1281px) 2016px, 100vw\" \/><\/h2>\n<p>Did\u017eiuojam\u0117s modernia nepriklausoma surinkimui skirta tyrim\u0173 ir pl\u0117tros platforma, u\u017etikrinan\u010dia auk\u0161\u010diausio lygio inovacijas ir kokyb\u0119 m\u016bs\u0173 gamybos procesuose. M\u016bs\u0173 \u0161akini\u0173 krautuv\u0173 cilindr\u0173 gamybos ceche yra keturios pusiau automatin\u0117s k\u0117limo cilindr\u0173 surinkimo linijos ir visi\u0161kai automatin\u0117 pakreipiam\u0173 cilindr\u0173 surinkimo linija, kurios kartu suprojektuotos taip, kad per metus pagamint\u0173 iki milijono vienet\u0173.<\/p>\n<p>Be to, m\u016bs\u0173 specializuotose cilindr\u0173 dirbtuv\u0117se \u012frengtos \u012fvairioms specifikacijoms pritaikytos pusiau automatin\u0117s valymo ir surinkimo sistemos, kuri\u0173 metinis gamybos paj\u0117gumas siekia 200 000 vienet\u0173. Mes naudojame \u017einom\u0105 CNC \u012frang\u0105, apdirbimo centrus ir specializuotus \u012frankius didelio tikslumo cilindr\u0173 apdirbimui. M\u016bs\u0173 \u012fmon\u0117je taip pat yra pa\u017eangios robotin\u0117s suvirinimo ma\u0161inos, automatin\u0117s valymo sistemos ir visi\u0161kai automatizuotos cilindr\u0173 surinkimo bei da\u017eymo linijos. Tur\u0117dami daugiau nei 300 pagrindini\u0173 \u012frangos vienet\u0173, optimizuojame i\u0161tekli\u0173 paskirstym\u0105 ir u\u017etikriname efektyv\u0173 j\u0173 panaudojim\u0105, laikydamiesi grie\u017et\u0173 tikslumo ir kokyb\u0117s standart\u0173.<\/p>\n<p>M\u016bs\u0173 mechaninio apdirbimo dirbtuv\u0117se yra pagal u\u017esakym\u0105 pagaminti tekinimo centrai su pakreipiamomis kreipian\u010diosiomis linijomis, mechaninio apdirbimo centrai, greitaeig\u0117s galandimo stakl\u0117s, suvirinimo robotai ir kita reikalinga \u012franga. \u0160i \u012franga leid\u017eia mums apdirbti cilindrinius vamzd\u017eius, kuri\u0173 maksimalus vidinis skersmuo yra 400 mm, o ilgis \u2013 iki 6 metr\u0173, o tai dar labiau padidina m\u016bs\u0173 gamybos paj\u0117gumus.<\/p>\n<h2><img loading=\"lazy\" decoding=\"async\" class=\"alignnone size-full wp-image-16973\" src=\"https:\/\/www.hydraulic-cylinders.net\/wp-content\/uploads\/2025\/01\/hydraulic-cylinder-factory-2-scaled.webp\" alt=\"\" width=\"2011\" height=\"2560\" srcset=\"https:\/\/www.hydraulic-cylinders.net\/wp-content\/uploads\/2025\/01\/hydraulic-cylinder-factory-2-scaled.webp 2011w, https:\/\/www.hydraulic-cylinders.net\/wp-content\/uploads\/2025\/01\/hydraulic-cylinder-factory-2-1280x1629.webp 1280w, https:\/\/www.hydraulic-cylinders.net\/wp-content\/uploads\/2025\/01\/hydraulic-cylinder-factory-2-980x1248.webp 980w, https:\/\/www.hydraulic-cylinders.net\/wp-content\/uploads\/2025\/01\/hydraulic-cylinder-factory-2-480x611.webp 480w\" sizes=\"(min-width: 0px) and (max-width: 480px) 480px, (min-width: 481px) and (max-width: 980px) 980px, (min-width: 981px) and (max-width: 1280px) 1280px, (min-width: 1281px) 2011px, 100vw\" \/><\/h2>\n<p>Mes valdome visi\u0161kai automatin\u0119 vandens pagrindo da\u017e\u0173 dengimo linij\u0105, specialiai sukurt\u0105 ma\u017eiems ir vidutinio dyd\u017eio balionams, su automatizuotais pakrovimo, i\u0161krovimo ir pur\u0161kimo robotais. \u0160i moderni sistema gali pasigirti 4000 vienet\u0173 per pamain\u0105 gamybos paj\u0117gumu. Be to, turime pusiau automatin\u0119 dideli\u0173 balion\u0173 da\u017eymo linij\u0105 su grandinine pavara, kurios projektinis paj\u0117gumas yra 60 d\u0117\u017ei\u0173 per pamain\u0105.<\/p>\n<p>Siekdami pagerinti gamini\u0173 na\u0161um\u0105 ir \u012ftvirtinti savo lyderyst\u0119 hidraulini\u0173 cilindr\u0173 pramon\u0117je, bendradarbiaujame su \u201eZJIMEE\u201c, kad \u012fkurtume i\u0161sami\u0105 hidraulini\u0173 cilindr\u0173, vo\u017etuv\u0173 ir siurbli\u0173 na\u0161umo laboratorij\u0105. \u0160ioje pa\u017eangioje laboratorijoje naudojami kompiuteriniai bandymai su elektrohidrauline technologija, leid\u017eian\u010dia i\u0161 anksto nustatyti bandymo s\u0105lygas, kurios pagerina tikslum\u0105 ir sistemos universalum\u0105. Automatizuotame duomen\u0173 rinkimo procese naudojami jutikliai, skirti surinkti i\u0161vesties duomenis, tokius kaip vidinis nuot\u0117kis ir apkrovos efektyvumas, kurie v\u0117liau apdorojami kompiuteriu ir konvertuojami \u012f standartinius vienetus (ml\/min%).<\/p>\n<p>Be to, siekdami u\u017etikrinti m\u016bs\u0173 hidraulini\u0173 sistem\u0173 saugum\u0105, diegiame pagrindini\u0173 veikimo parametr\u0173, \u012fskaitant alyvos temperat\u016br\u0105, skys\u010dio lyg\u012f ir filtro \u012frenginio b\u016bsen\u0105, steb\u0117jim\u0105. M\u016bs\u0173 hidraulini\u0173 cilindr\u0173 bandym\u0173 stendas gali \u012fvertinti \u201eapkrovos efektyvum\u0105\u201c ir \u201evidin\u012f nuot\u0117k\u012f\u201c tiksliais rodmenimis. Jame taip pat \u012frengtas groteli\u0173 liniuot\u0117s matavimo prietaisas, atitinkantis nacionalinius standartus, u\u017etikrinantis atitikt\u012f visiems hidraulini\u0173 cilindr\u0173 gamini\u0173 bandymo reikalavimams.<\/p>\n<p>&nbsp;<\/p>","protected":false},"excerpt":{"rendered":"<p>HCYY11112022 Cylinder For Opening Rack Support For Truck Cranes The HCYY11112022 Cylinder is a crucial component specifically engineered for truck cranes, significantly improving their operational efficiency and safety. This cylinder supports the opening rack mechanism, facilitating smooth and reliable movement of the crane&#8217;s structure during various lifting tasks. Designed to enhance both lifting efficiency and [&hellip;]<\/p>","protected":false},"featured_media":17109,"comment_status":"open","ping_status":"closed","template":"","meta":{"_et_pb_use_builder":"","_et_pb_old_content":"","_et_gb_content_width":""},"product_brand":[],"product_cat":[1514,1549,1376],"product_tag":[],"class_list":{"0":"post-17103","1":"product","2":"type-product","3":"status-publish","4":"has-post-thumbnail","6":"product_cat-mobile-crane-hydraulic-cylinders","7":"product_cat-single-acting-hydraulic-cylinder","8":"product_cat-hydraulic-cylinder","10":"first","11":"instock","12":"shipping-taxable","13":"product-type-simple"},"amp_enabled":true,"_links":{"self":[{"href":"https:\/\/www.hydraulic-cylinders.net\/lt\/wp-json\/wp\/v2\/product\/17103","targetHints":{"allow":["GET"]}}],"collection":[{"href":"https:\/\/www.hydraulic-cylinders.net\/lt\/wp-json\/wp\/v2\/product"}],"about":[{"href":"https:\/\/www.hydraulic-cylinders.net\/lt\/wp-json\/wp\/v2\/types\/product"}],"replies":[{"embeddable":true,"href":"https:\/\/www.hydraulic-cylinders.net\/lt\/wp-json\/wp\/v2\/comments?post=17103"}],"wp:featuredmedia":[{"embeddable":true,"href":"https:\/\/www.hydraulic-cylinders.net\/lt\/wp-json\/wp\/v2\/media\/17109"}],"wp:attachment":[{"href":"https:\/\/www.hydraulic-cylinders.net\/lt\/wp-json\/wp\/v2\/media?parent=17103"}],"wp:term":[{"taxonomy":"product_brand","embeddable":true,"href":"https:\/\/www.hydraulic-cylinders.net\/lt\/wp-json\/wp\/v2\/product_brand?post=17103"},{"taxonomy":"product_cat","embeddable":true,"href":"https:\/\/www.hydraulic-cylinders.net\/lt\/wp-json\/wp\/v2\/product_cat?post=17103"},{"taxonomy":"product_tag","embeddable":true,"href":"https:\/\/www.hydraulic-cylinders.net\/lt\/wp-json\/wp\/v2\/product_tag?post=17103"}],"curies":[{"name":"wp","href":"https:\/\/api.w.org\/{rel}","templated":true}]}}