{"id":17133,"date":"2025-02-06T09:25:20","date_gmt":"2025-02-06T09:25:20","guid":{"rendered":"https:\/\/www.hydraulic-cylinders.net\/?post_type=product&#038;p=17133"},"modified":"2025-04-11T01:52:05","modified_gmt":"2025-04-11T01:52:05","slug":"hcyy11112026-behind-cylinder-for-opening-rack-support-for-truck-cranes","status":"publish","type":"product","link":"https:\/\/www.hydraulic-cylinders.net\/lt\/produktas\/hcyy11112026-behind-cylinder-for-opening-rack-support-for-truck-cranes\/","title":{"rendered":"HCYY11112026 U\u017e cilindro, skirto atidaryti stela\u017e\u0105 sunkve\u017eimi\u0173 kranams"},"content":{"rendered":"<h1 style=\"text-align: center;\"><strong>HCYY11112026 U\u017e cilindro, skirto atidaryti stela\u017e\u0105 sunkve\u017eimi\u0173 kranams<\/strong><\/h1>\n<h1 style=\"text-align: center;\"><img loading=\"lazy\" decoding=\"async\" class=\"alignnone size-full wp-image-17135\" src=\"https:\/\/www.hydraulic-cylinders.net\/wp-content\/uploads\/2025\/02\/hcyy11112026-behind-cylinder-for-opening-rack-support-2.webp\" alt=\"\" width=\"1496\" height=\"510\" srcset=\"https:\/\/www.hydraulic-cylinders.net\/wp-content\/uploads\/2025\/02\/hcyy11112026-behind-cylinder-for-opening-rack-support-2.webp 1496w, https:\/\/www.hydraulic-cylinders.net\/wp-content\/uploads\/2025\/02\/hcyy11112026-behind-cylinder-for-opening-rack-support-2-1280x436.webp 1280w, https:\/\/www.hydraulic-cylinders.net\/wp-content\/uploads\/2025\/02\/hcyy11112026-behind-cylinder-for-opening-rack-support-2-980x334.webp 980w, https:\/\/www.hydraulic-cylinders.net\/wp-content\/uploads\/2025\/02\/hcyy11112026-behind-cylinder-for-opening-rack-support-2-480x164.webp 480w\" sizes=\"(min-width: 0px) and (max-width: 480px) 480px, (min-width: 481px) and (max-width: 980px) 980px, (min-width: 981px) and (max-width: 1280px) 1280px, (min-width: 1281px) 1496px, 100vw\" \/><\/h1>\n<p>The <strong>HCYY11112026 U\u017e cilindro<\/strong> yra gyvybi\u0161kai svarbus komponentas, specialiai sukurtas automobiliniams kranams, u\u017etikrinantis tvirt\u0105 atram\u0105 atidaromam stela\u017eui. \u0160is didelio na\u0161umo cilindras \u017eymiai padidina krano stabilum\u0105 ir eksploatacin\u012f efektyvum\u0105 k\u0117limo u\u017eduo\u010di\u0173 metu, tod\u0117l jis yra ne\u012fkainojamas turtas \u012fvairiose pramon\u0117s srityse.<\/p>\n<p>D\u0117l \u012fsp\u016bdingos keliamosios galios, patvarios konstrukcijos ir atsparumo korozijai HCYY11112026 puikiai tinka sud\u0117tingoms k\u0117limo situacijoms. Laikydamiesi tinkam\u0173 naudojimo metod\u0173 ir prie\u017ei\u016bros gairi\u0173, operatoriai gali u\u017etikrinti, kad \u0161is cilindras patikimai veiks daugel\u012f met\u0173.<\/p>\n<p>Investicija \u012f HCYY11112026 ne tik padidina veiklos efektyvum\u0105, bet ir pagerina saugum\u0105 darbo vietoje, tod\u0117l tai puikus pasirinkimas bet kokiam krano darbui.<\/p>\n<h2><strong>HCYY11112026 U\u017e cilindro, skirto atidaryti stela\u017e\u0105 sunkve\u017eimi\u0173 kranams, parametras:<\/strong><\/h2>\n<h1 style=\"text-align: center;\"><img loading=\"lazy\" decoding=\"async\" class=\"alignnone size-full wp-image-17134\" src=\"https:\/\/www.hydraulic-cylinders.net\/wp-content\/uploads\/2025\/02\/hcyy11112026-behind-cylinder-for-opening-rack-support-1.webp\" alt=\"\" width=\"1516\" height=\"147\" srcset=\"https:\/\/www.hydraulic-cylinders.net\/wp-content\/uploads\/2025\/02\/hcyy11112026-behind-cylinder-for-opening-rack-support-1.webp 1516w, https:\/\/www.hydraulic-cylinders.net\/wp-content\/uploads\/2025\/02\/hcyy11112026-behind-cylinder-for-opening-rack-support-1-1280x124.webp 1280w, https:\/\/www.hydraulic-cylinders.net\/wp-content\/uploads\/2025\/02\/hcyy11112026-behind-cylinder-for-opening-rack-support-1-980x95.webp 980w, https:\/\/www.hydraulic-cylinders.net\/wp-content\/uploads\/2025\/02\/hcyy11112026-behind-cylinder-for-opening-rack-support-1-480x47.webp 480w\" sizes=\"(min-width: 0px) and (max-width: 480px) 480px, (min-width: 481px) and (max-width: 980px) 980px, (min-width: 981px) and (max-width: 1280px) 1280px, (min-width: 1281px) 1516px, 100vw\" \/><img loading=\"lazy\" decoding=\"async\" class=\"alignnone size-full wp-image-17136\" src=\"https:\/\/www.hydraulic-cylinders.net\/wp-content\/uploads\/2025\/02\/hcyy11112026-behind-cylinder-for-opening-rack-support-3.webp\" alt=\"\" width=\"1476\" height=\"701\" srcset=\"https:\/\/www.hydraulic-cylinders.net\/wp-content\/uploads\/2025\/02\/hcyy11112026-behind-cylinder-for-opening-rack-support-3.webp 1476w, https:\/\/www.hydraulic-cylinders.net\/wp-content\/uploads\/2025\/02\/hcyy11112026-behind-cylinder-for-opening-rack-support-3-1280x608.webp 1280w, https:\/\/www.hydraulic-cylinders.net\/wp-content\/uploads\/2025\/02\/hcyy11112026-behind-cylinder-for-opening-rack-support-3-980x465.webp 980w, https:\/\/www.hydraulic-cylinders.net\/wp-content\/uploads\/2025\/02\/hcyy11112026-behind-cylinder-for-opening-rack-support-3-480x228.webp 480w\" sizes=\"(min-width: 0px) and (max-width: 480px) 480px, (min-width: 481px) and (max-width: 980px) 980px, (min-width: 981px) and (max-width: 1280px) 1280px, (min-width: 1281px) 1476px, 100vw\" \/> <img loading=\"lazy\" decoding=\"async\" class=\"alignnone size-full wp-image-17137\" src=\"https:\/\/www.hydraulic-cylinders.net\/wp-content\/uploads\/2025\/02\/hcyy11112026-behind-cylinder-for-opening-rack-support-4.webp\" alt=\"\" width=\"1475\" height=\"709\" srcset=\"https:\/\/www.hydraulic-cylinders.net\/wp-content\/uploads\/2025\/02\/hcyy11112026-behind-cylinder-for-opening-rack-support-4.webp 1475w, https:\/\/www.hydraulic-cylinders.net\/wp-content\/uploads\/2025\/02\/hcyy11112026-behind-cylinder-for-opening-rack-support-4-1280x615.webp 1280w, https:\/\/www.hydraulic-cylinders.net\/wp-content\/uploads\/2025\/02\/hcyy11112026-behind-cylinder-for-opening-rack-support-4-980x471.webp 980w, https:\/\/www.hydraulic-cylinders.net\/wp-content\/uploads\/2025\/02\/hcyy11112026-behind-cylinder-for-opening-rack-support-4-480x231.webp 480w\" sizes=\"(min-width: 0px) and (max-width: 480px) 480px, (min-width: 481px) and (max-width: 980px) 980px, (min-width: 981px) and (max-width: 1280px) 1280px, (min-width: 1281px) 1475px, 100vw\" \/> <img loading=\"lazy\" decoding=\"async\" class=\"alignnone size-full wp-image-17138\" src=\"https:\/\/www.hydraulic-cylinders.net\/wp-content\/uploads\/2025\/02\/hcyy11112026-behind-cylinder-for-opening-rack-support-5.webp\" alt=\"\" width=\"1392\" height=\"690\" srcset=\"https:\/\/www.hydraulic-cylinders.net\/wp-content\/uploads\/2025\/02\/hcyy11112026-behind-cylinder-for-opening-rack-support-5.webp 1392w, https:\/\/www.hydraulic-cylinders.net\/wp-content\/uploads\/2025\/02\/hcyy11112026-behind-cylinder-for-opening-rack-support-5-1280x634.webp 1280w, https:\/\/www.hydraulic-cylinders.net\/wp-content\/uploads\/2025\/02\/hcyy11112026-behind-cylinder-for-opening-rack-support-5-980x486.webp 980w, https:\/\/www.hydraulic-cylinders.net\/wp-content\/uploads\/2025\/02\/hcyy11112026-behind-cylinder-for-opening-rack-support-5-480x238.webp 480w\" sizes=\"(min-width: 0px) and (max-width: 480px) 480px, (min-width: 481px) and (max-width: 980px) 980px, (min-width: 981px) and (max-width: 1280px) 1280px, (min-width: 1281px) 1392px, 100vw\" \/><\/h1>\n<h2><strong>Cilindr\u0173 serija sunkve\u017eimi\u0173 kranams:<\/strong><\/h2>\n<h2><img loading=\"lazy\" decoding=\"async\" class=\"alignnone size-full wp-image-17123\" src=\"https:\/\/www.hydraulic-cylinders.net\/wp-content\/uploads\/2025\/02\/cylinder-series-for-truck-cranes-2.webp\" alt=\"\" width=\"1240\" height=\"825\" srcset=\"https:\/\/www.hydraulic-cylinders.net\/wp-content\/uploads\/2025\/02\/cylinder-series-for-truck-cranes-2.webp 1240w, https:\/\/www.hydraulic-cylinders.net\/wp-content\/uploads\/2025\/02\/cylinder-series-for-truck-cranes-2-980x652.webp 980w, https:\/\/www.hydraulic-cylinders.net\/wp-content\/uploads\/2025\/02\/cylinder-series-for-truck-cranes-2-480x319.webp 480w\" sizes=\"(min-width: 0px) and (max-width: 480px) 480px, (min-width: 481px) and (max-width: 980px) 980px, (min-width: 981px) 1240px, 100vw\" \/><\/h2>\n<h2><strong>Pagrindin\u0117s HCYY11112026 u\u017e cilindro, skirto atidaryti stela\u017e\u0105 sunkve\u017eimi\u0173 kranams, savyb\u0117s:<\/strong><\/h2>\n<h4><strong>Didel\u0117 keliamoji galia<\/strong><\/h4>\n<p>The <strong>HCYY11112026<\/strong> yra kruop\u0161\u010diai suprojektuotas taip, kad atlaikyt\u0173 didelius svorius, tod\u0117l tai patikimas pasirinkimas sunkiems k\u0117limo darbams. Sukurtas naudojant pa\u017eangias in\u017einerines technologijas, \u0161is cilindras u\u017etikrina, kad net ir sud\u0117tingiausi kroviniai bus tvarkomi lengvai. Operatoriai gali pasitik\u0117ti jo tvirtumu ir stabilumu, tod\u0117l padid\u0117ja bendras na\u0161umas ir saugumas operacij\u0173 metu.<\/p>\n<h4><strong>Patvari konstrukcija<\/strong><\/h4>\n<p>Pagamintas i\u0161 auk\u0161tos kokyb\u0117s med\u017eiag\u0173, HCYY11112026 cilindras yra sukurtas taip, kad atlaikyt\u0173 da\u017eno naudojimo s\u0105lygas. Tvirta konstrukcija suma\u017eina nusid\u0117v\u0117jim\u0105, u\u017etikrina ilgaam\u017ei\u0161kum\u0105 ir suma\u017eina da\u017eno keitimo poreik\u012f. \u0160is patvarumas rei\u0161kia ma\u017eesnes prie\u017ei\u016bros i\u0161laidas ir ilgesn\u012f eksploatavimo laik\u0105, tod\u0117l tai yra i\u0161mani investicija bet kokiam krano darbui.<\/p>\n<h4><strong>Atsparumas korozijai<\/strong><\/h4>\n<p>Padengtas specialia danga, HCYY11112026 suteikia i\u0161skirtin\u0119 apsaug\u0105 nuo r\u016bd\u017ei\u0173 ir korozijos. \u0160i savyb\u0117 ypa\u010d naudinga sud\u0117tingomis s\u0105lygomis, pavyzd\u017eiui, esant dr\u0117gmei ar agresyvioms chemin\u0117ms med\u017eiagoms. I\u0161laikydamas savo vientisum\u0105 laikui b\u0117gant, cilindras u\u017etikrina pastov\u0173 veikim\u0105 ir patikimum\u0105 net ir sunkiausiomis s\u0105lygomis.<\/p>\n<h4><strong>Tikslioji in\u017einerija<\/strong><\/h4>\n<p>Pagamintas pagal tikslias specifikacijas, HCYY11112026 garantuoja optimal\u0173 suderinamum\u0105 su \u012fvairiais automobilini\u0173 kran\u0173 modeliais. \u0160i tiksli in\u017einerija ne tik u\u017etikrina puik\u0173 pritaikym\u0105, bet ir padidina bendr\u0105 krano veikimo efektyvum\u0105. Operatoriai gali u\u017etikrintai integruoti \u0161\u012f cilindr\u0105 \u012f savo esamas sistemas, \u017einodami, kad jis veiks skland\u017eiai.<\/p>\n<h4><strong>Lengvas montavimas<\/strong><\/h4>\n<p>HCYY11112026 konstrukcija leid\u017eia greitai ir paprastai sumontuoti, taip suma\u017einant prastovas s\u0105rankos metu. Ai\u0161kios gair\u0117s ir patogios naudoti funkcijos leid\u017eia operatoriams be vargo integruoti cilindr\u0105 \u012f savo kran\u0173 sistemas. \u0160is paprastas montavimas rei\u0161kia, kad kranai gali greitai gr\u012f\u017eti prie eksploatacijos, maksimaliai padidinant na\u0161um\u0105 darbo vietoje.<\/p>\n<p>The <strong>HCYY11112026 U\u017e cilindro<\/strong> I\u0161siskiria kaip didelio na\u0161umo komponentas, kuris \u017eymiai pagerina automobilinio krano darb\u0105. Didel\u0117 keliamoji galia, patvari konstrukcija, atsparumas korozijai, tiksli in\u017einerija ir paprastas montavimas daro j\u012f i\u0161skirtiniu pasirinkimu bet kokiai k\u0117limo u\u017eduo\u010diai. Investicijos \u012f \u0161\u012f cilindr\u0105 ne tik padidina efektyvum\u0105, bet ir padidina saugum\u0105 bei patikimum\u0105, tod\u0117l jis yra nepakei\u010diamas turtas \u0161iuolaikiniuose kran\u0173 darbuose.<\/p>\n<h2><strong>Kaip Hcyy11112026 u\u017e cilindro pagerina sunkve\u017eimi\u0173 kran\u0173 stabilum\u0105 k\u0117limo metu?<\/strong><\/h2>\n<p>The <strong>HCYY11112026 U\u017e cilindro<\/strong> atlieka esmin\u012f vaidmen\u012f didinant sunkve\u017eimi\u0173 kran\u0173 stabilum\u0105 k\u0117limo operacij\u0173 metu, pasitelkiant kelis pagrindinius mechanizmus:<\/p>\n<h4><strong>1. Svorio pasiskirstymas<\/strong><\/h4>\n<p>Cilindras yra meistri\u0161kai suprojektuotas taip, kad b\u016bt\u0173 u\u017etikrintas tolygus svorio paskirstymas visame krano r\u0117me. Tolygiau paskirstant apkrov\u0105, i\u0161vengiama per didelio \u012ftempimo bet kuriame ta\u0161ke. Toks subalansuotas apkrovos valdymas yra gyvybi\u0161kai svarbus tvarkant sunkius arba netolygiai paskirstytus krovinius, nes suma\u017eina konstrukcijos gedimo rizik\u0105 ir padidina bendr\u0105 saug\u0105.<\/p>\n<h4><strong>2. Konstrukcinis armat\u016bra<\/strong><\/h4>\n<p>Suteikdamas tvirt\u0105 atram\u0105 atidarymo stovui, HCYY11112026 sustiprina bendr\u0105 krano konstrukcij\u0105. \u0160is papildomas sutvirtinimas suma\u017eina i\u0161linkim\u0105 ir lenkim\u0105, kurie gali atsirasti keliant sunkius krovinius. D\u0117l to kranas i\u0161lieka stabilus ir tvirtas, o tai \u017eymiai suma\u017eina nelaiming\u0173 atsitikim\u0173 tikimyb\u0119 eksploatacijos metu.<\/p>\n<h4><strong>3. Sm\u016bgi\u0173 absorbcija<\/strong><\/h4>\n<p>Viena i\u0161 i\u0161skirtini\u0173 HCYY11112026 savybi\u0173 yra jo geb\u0117jimas sugerti sm\u016bgius ir vibracijas, kurios gali kilti k\u0117limo metu. \u0160is sm\u016bgi\u0173 sug\u0117rimas suma\u017eina poveik\u012f krano konstrukcijai ir prisideda prie sklandesnio veikimo. Suma\u017eindamas staigius sm\u016bgius, cilindras padeda i\u0161laikyti stabilum\u0105, ypa\u010d manevruojant ar perkeliant sunkius krovinius.<\/p>\n<h4><strong>4. Patobulinta kontrol\u0117<\/strong><\/h4>\n<p>D\u0117l patikimos atramos cilindras suteikia operatoriams galimyb\u0119 atlikti tikslius judesius keliant. \u0160is patobulintas valdymas ypa\u010d naudingas sud\u0117tingose \u200b\u200bk\u0117limo situacijose, kai tikslumas yra svarbiausias. I\u0161laikydamas stabilum\u0105, HCYY11112026 suma\u017eina apvirtimo ar pusiausvyros praradimo rizik\u0105, u\u017etikrindamas, kad operatoriai gal\u0117t\u0173 u\u017eduotis atlikti u\u017etikrintai ir efektyviai.<\/p>\n<h4><strong>5. Saugos u\u017etikrinimas<\/strong><\/h4>\n<p>Kran\u0173 eksploatavimo metu stabilumas yra neatsiejama saugos sinonimas. HCYY11112026 \u017eymiai suma\u017eina nelaiming\u0173 atsitikim\u0173 rizik\u0105, palaikydamas stabili\u0105 k\u0117limo aplink\u0105. Suma\u017eindamas apvirtimo, si\u016bbavimo ar netik\u0117t\u0173 judesi\u0173 tikimyb\u0119, jis sukuria saugesn\u0119 darbo aplink\u0105 tiek operatoriams, tiek pa\u0161aliniams asmenims. \u0160is u\u017etikrinimas leid\u017eia komandoms sutelkti d\u0117mes\u012f \u012f savo u\u017eduotis, nuolat nesijaudinant d\u0117l \u200b\u200bgalim\u0173 pavoj\u0173.<\/p>\n<p>Apibendrinant, <strong>HCYY11112026 U\u017e cilindro<\/strong> yra nepakei\u010diamas komponentas, kuris \u017eymiai padidina automobilini\u0173 kran\u0173 stabilum\u0105 k\u0117limo operacij\u0173 metu. D\u0117l efektyvaus svorio paskirstymo, konstrukcijos sutvirtinimo, sm\u016bgi\u0173 absorbcijos, geresn\u0117s kontrol\u0117s ir saugumo \u0161is cilindras ne tik padidina veiklos efektyvum\u0105, bet ir u\u017etikrina saugesn\u0119 darbo aplink\u0105. Investicijos \u012f HCYY11112026 yra strateginis pasirinkimas bet kuriai \u012fmonei, siekian\u010diai padidinti savo k\u0117limo \u012frangos patikimum\u0105 ir saug\u0105.<\/p>\n<h2><strong>\u0160akinio krautuvo cilindr\u0173 gamybos sritis:<\/strong><\/h2>\n<h2><img loading=\"lazy\" decoding=\"async\" class=\"alignnone size-full wp-image-16972\" src=\"https:\/\/www.hydraulic-cylinders.net\/wp-content\/uploads\/2025\/01\/hydraulic-cylinder-factory-1-scaled.webp\" alt=\"\" width=\"2016\" height=\"2560\" srcset=\"https:\/\/www.hydraulic-cylinders.net\/wp-content\/uploads\/2025\/01\/hydraulic-cylinder-factory-1-scaled.webp 2016w, https:\/\/www.hydraulic-cylinders.net\/wp-content\/uploads\/2025\/01\/hydraulic-cylinder-factory-1-1280x1625.webp 1280w, https:\/\/www.hydraulic-cylinders.net\/wp-content\/uploads\/2025\/01\/hydraulic-cylinder-factory-1-980x1244.webp 980w, https:\/\/www.hydraulic-cylinders.net\/wp-content\/uploads\/2025\/01\/hydraulic-cylinder-factory-1-480x610.webp 480w\" sizes=\"(min-width: 0px) and (max-width: 480px) 480px, (min-width: 481px) and (max-width: 980px) 980px, (min-width: 981px) and (max-width: 1280px) 1280px, (min-width: 1281px) 2016px, 100vw\" \/><\/h2>\n<p>Did\u017eiuojam\u0117s modernia nepriklausoma surinkimui skirta tyrim\u0173 ir pl\u0117tros platforma, u\u017etikrinan\u010dia auk\u0161\u010diausio lygio inovacijas ir kokyb\u0119 m\u016bs\u0173 gamybos procesuose. M\u016bs\u0173 \u0161akini\u0173 krautuv\u0173 cilindr\u0173 gamybos ceche yra keturios pusiau automatin\u0117s k\u0117limo cilindr\u0173 surinkimo linijos ir visi\u0161kai automatin\u0117 pakreipiam\u0173 cilindr\u0173 surinkimo linija, kurios kartu suprojektuotos taip, kad per metus pagamint\u0173 iki milijono vienet\u0173.<\/p>\n<p>Be to, m\u016bs\u0173 specializuotose cilindr\u0173 dirbtuv\u0117se \u012frengtos \u012fvairioms specifikacijoms pritaikytos pusiau automatin\u0117s valymo ir surinkimo sistemos, kuri\u0173 metinis gamybos paj\u0117gumas siekia 200 000 vienet\u0173. Mes naudojame \u017einom\u0105 CNC \u012frang\u0105, apdirbimo centrus ir specializuotus \u012frankius didelio tikslumo cilindr\u0173 apdirbimui. M\u016bs\u0173 \u012fmon\u0117je taip pat yra pa\u017eangios robotin\u0117s suvirinimo ma\u0161inos, automatin\u0117s valymo sistemos ir visi\u0161kai automatizuotos cilindr\u0173 surinkimo bei da\u017eymo linijos. Tur\u0117dami daugiau nei 300 pagrindini\u0173 \u012frangos vienet\u0173, optimizuojame i\u0161tekli\u0173 paskirstym\u0105 ir u\u017etikriname efektyv\u0173 j\u0173 panaudojim\u0105, laikydamiesi grie\u017et\u0173 tikslumo ir kokyb\u0117s standart\u0173.<\/p>\n<p>M\u016bs\u0173 mechaninio apdirbimo dirbtuv\u0117se yra pagal u\u017esakym\u0105 pagaminti tekinimo centrai su pakreipiamomis kreipian\u010diosiomis linijomis, mechaninio apdirbimo centrai, greitaeig\u0117s galandimo stakl\u0117s, suvirinimo robotai ir kita reikalinga \u012franga. \u0160i \u012franga leid\u017eia mums apdirbti cilindrinius vamzd\u017eius, kuri\u0173 maksimalus vidinis skersmuo yra 400 mm, o ilgis \u2013 iki 6 metr\u0173, o tai dar labiau padidina m\u016bs\u0173 gamybos paj\u0117gumus.<\/p>\n<h2><img loading=\"lazy\" decoding=\"async\" class=\"alignnone size-full wp-image-16973\" src=\"https:\/\/www.hydraulic-cylinders.net\/wp-content\/uploads\/2025\/01\/hydraulic-cylinder-factory-2-scaled.webp\" alt=\"\" width=\"2011\" height=\"2560\" srcset=\"https:\/\/www.hydraulic-cylinders.net\/wp-content\/uploads\/2025\/01\/hydraulic-cylinder-factory-2-scaled.webp 2011w, https:\/\/www.hydraulic-cylinders.net\/wp-content\/uploads\/2025\/01\/hydraulic-cylinder-factory-2-1280x1629.webp 1280w, https:\/\/www.hydraulic-cylinders.net\/wp-content\/uploads\/2025\/01\/hydraulic-cylinder-factory-2-980x1248.webp 980w, https:\/\/www.hydraulic-cylinders.net\/wp-content\/uploads\/2025\/01\/hydraulic-cylinder-factory-2-480x611.webp 480w\" sizes=\"(min-width: 0px) and (max-width: 480px) 480px, (min-width: 481px) and (max-width: 980px) 980px, (min-width: 981px) and (max-width: 1280px) 1280px, (min-width: 1281px) 2011px, 100vw\" \/><\/h2>\n<p>Mes valdome visi\u0161kai automatin\u0119 vandens pagrindo da\u017e\u0173 dengimo linij\u0105, specialiai sukurt\u0105 ma\u017eiems ir vidutinio dyd\u017eio balionams, su automatizuotais pakrovimo, i\u0161krovimo ir pur\u0161kimo robotais. \u0160i moderni sistema gali pasigirti 4000 vienet\u0173 per pamain\u0105 gamybos paj\u0117gumu. Be to, turime pusiau automatin\u0119 dideli\u0173 balion\u0173 da\u017eymo linij\u0105 su grandinine pavara, kurios projektinis paj\u0117gumas yra 60 d\u0117\u017ei\u0173 per pamain\u0105.<\/p>\n<p>Siekdami pagerinti gamini\u0173 na\u0161um\u0105 ir \u012ftvirtinti savo lyderyst\u0119 hidraulini\u0173 cilindr\u0173 pramon\u0117je, bendradarbiaujame su \u201eZJIMEE\u201c, kad \u012fkurtume i\u0161sami\u0105 hidraulini\u0173 cilindr\u0173, vo\u017etuv\u0173 ir siurbli\u0173 na\u0161umo laboratorij\u0105. \u0160ioje pa\u017eangioje laboratorijoje naudojami kompiuteriniai bandymai su elektrohidrauline technologija, leid\u017eian\u010dia i\u0161 anksto nustatyti bandymo s\u0105lygas, kurios pagerina tikslum\u0105 ir sistemos universalum\u0105. Automatizuotame duomen\u0173 rinkimo procese naudojami jutikliai, skirti surinkti i\u0161vesties duomenis, tokius kaip vidinis nuot\u0117kis ir apkrovos efektyvumas, kurie v\u0117liau apdorojami kompiuteriu ir konvertuojami \u012f standartinius vienetus (ml\/min%).<\/p>\n<p>Be to, siekdami u\u017etikrinti m\u016bs\u0173 hidraulini\u0173 sistem\u0173 saugum\u0105, diegiame pagrindini\u0173 veikimo parametr\u0173, \u012fskaitant alyvos temperat\u016br\u0105, skys\u010dio lyg\u012f ir filtro \u012frenginio b\u016bsen\u0105, steb\u0117jim\u0105. M\u016bs\u0173 hidraulini\u0173 cilindr\u0173 bandym\u0173 stendas gali \u012fvertinti \u201eapkrovos efektyvum\u0105\u201c ir \u201evidin\u012f nuot\u0117k\u012f\u201c tiksliais rodmenimis. Jame taip pat \u012frengtas groteli\u0173 liniuot\u0117s matavimo prietaisas, atitinkantis nacionalinius standartus, u\u017etikrinantis atitikt\u012f visiems hidraulini\u0173 cilindr\u0173 gamini\u0173 bandymo reikalavimams.<\/p>\n<p>&nbsp;<\/p>","protected":false},"excerpt":{"rendered":"<p>HCYY11112026 Behind Cylinder For Opening Rack Support For Truck Cranes The HCYY11112026 Behind Cylinder is a vital component specifically designed for truck cranes, providing robust support for the opening rack. This high-performance cylinder significantly enhances the crane&#8217;s stability and operational efficiency during lifting tasks, making it an invaluable asset across various industrial applications. With its [&hellip;]<\/p>","protected":false},"featured_media":17139,"comment_status":"open","ping_status":"closed","template":"","meta":{"_et_pb_use_builder":"","_et_pb_old_content":"","_et_gb_content_width":""},"product_brand":[],"product_cat":[1514,1549,1376],"product_tag":[],"class_list":{"0":"post-17133","1":"product","2":"type-product","3":"status-publish","4":"has-post-thumbnail","6":"product_cat-mobile-crane-hydraulic-cylinders","7":"product_cat-single-acting-hydraulic-cylinder","8":"product_cat-hydraulic-cylinder","10":"first","11":"instock","12":"shipping-taxable","13":"product-type-simple"},"amp_enabled":true,"_links":{"self":[{"href":"https:\/\/www.hydraulic-cylinders.net\/lt\/wp-json\/wp\/v2\/product\/17133","targetHints":{"allow":["GET"]}}],"collection":[{"href":"https:\/\/www.hydraulic-cylinders.net\/lt\/wp-json\/wp\/v2\/product"}],"about":[{"href":"https:\/\/www.hydraulic-cylinders.net\/lt\/wp-json\/wp\/v2\/types\/product"}],"replies":[{"embeddable":true,"href":"https:\/\/www.hydraulic-cylinders.net\/lt\/wp-json\/wp\/v2\/comments?post=17133"}],"wp:featuredmedia":[{"embeddable":true,"href":"https:\/\/www.hydraulic-cylinders.net\/lt\/wp-json\/wp\/v2\/media\/17139"}],"wp:attachment":[{"href":"https:\/\/www.hydraulic-cylinders.net\/lt\/wp-json\/wp\/v2\/media?parent=17133"}],"wp:term":[{"taxonomy":"product_brand","embeddable":true,"href":"https:\/\/www.hydraulic-cylinders.net\/lt\/wp-json\/wp\/v2\/product_brand?post=17133"},{"taxonomy":"product_cat","embeddable":true,"href":"https:\/\/www.hydraulic-cylinders.net\/lt\/wp-json\/wp\/v2\/product_cat?post=17133"},{"taxonomy":"product_tag","embeddable":true,"href":"https:\/\/www.hydraulic-cylinders.net\/lt\/wp-json\/wp\/v2\/product_tag?post=17133"}],"curies":[{"name":"wp","href":"https:\/\/api.w.org\/{rel}","templated":true}]}}