{"id":17147,"date":"2025-02-07T06:47:22","date_gmt":"2025-02-07T06:47:22","guid":{"rendered":"https:\/\/www.hydraulic-cylinders.net\/?post_type=product&#038;p=17147"},"modified":"2025-04-15T05:52:21","modified_gmt":"2025-04-15T05:52:21","slug":"wind-power-series-cylinders","status":"publish","type":"product","link":"https:\/\/www.hydraulic-cylinders.net\/lt\/produktas\/wind-power-series-cylinders\/","title":{"rendered":"V\u0117jo energijos serijos cilindrai"},"content":{"rendered":"<h1 style=\"text-align: center;\"><strong>V\u0117jo energijos serijos cilindrai<\/strong><\/h1>\n<h1 style=\"text-align: center;\">\u00a0<img loading=\"lazy\" decoding=\"async\" class=\"alignnone size-full wp-image-17149\" src=\"https:\/\/www.hydraulic-cylinders.net\/wp-content\/uploads\/2025\/02\/wind_power_series_cylinders-1-removebg-preview.webp\" alt=\"\" width=\"644\" height=\"644\" srcset=\"https:\/\/www.hydraulic-cylinders.net\/wp-content\/uploads\/2025\/02\/wind_power_series_cylinders-1-removebg-preview.webp 644w, https:\/\/www.hydraulic-cylinders.net\/wp-content\/uploads\/2025\/02\/wind_power_series_cylinders-1-removebg-preview-480x480.webp 480w\" sizes=\"(min-width: 0px) and (max-width: 480px) 480px, (min-width: 481px) 644px, 100vw\" \/><\/h1>\n<p>The <strong>V\u0117jo energijos serijos cilindrai<\/strong> yra specialiai sukurti v\u0117jo energetikos sektoriui, u\u017etikrinantys patikim\u0105 ir efektyv\u0173 veikim\u0105 \u012fvairiose srityse. \u0160ie cilindrai atlieka gyvybi\u0161kai svarb\u0173 vaidmen\u012f valdant mechanizmus, kurie panaudoja v\u0117jo energij\u0105, \u017eymiai padidindami v\u0117jo turbin\u0173 efektyvum\u0105 ir veiksmingum\u0105. Pagaminti tiksliai ir pritaikyti atlaikyti pramon\u0117s grie\u017etas s\u0105lygas, jie atitinka grie\u017etus \u0161ios spar\u010diai augan\u010dios srities reikalavimus.<\/p>\n<p>\u201eWind Power\u201c serijos cilindrai, pasi\u017eymintys patvarumu, efektyvumu ir patogumu naudoti, i\u0161siskiria kaip patikimas pasirinkimas v\u0117jo energijos taikymams. D\u0117l didel\u0117s apkrovos ir atsparumo korozijai jie idealiai tinka sud\u0117tingoms v\u0117jo turbin\u0173 eksploatavimo aplinkoms. Laikydamiesi rekomenduojam\u0173 naudojimo ir prie\u017ei\u016bros praktik\u0173, operatoriai gali u\u017etikrinti, kad \u0161ie cilindrai daugel\u012f met\u0173 i\u0161laikys optimal\u0173 veikim\u0105. Investicijos \u012f \u0161iuos cilindrus ne tik pagerina v\u0117jo energijos sistem\u0173 patikimum\u0105, bet ir palaiko tvari\u0105 ateit\u012f.<\/p>\n<h2><strong>V\u0117jo energijos serijos cilindr\u0173 parametras:<\/strong><\/h2>\n<h2><img loading=\"lazy\" decoding=\"async\" class=\"alignnone size-full wp-image-17148\" style=\"color: #666666; font-size: 14px;\" src=\"https:\/\/www.hydraulic-cylinders.net\/wp-content\/uploads\/2025\/02\/wind-power-series-cylinders-2.webp\" alt=\"\" width=\"1394\" height=\"731\" srcset=\"https:\/\/www.hydraulic-cylinders.net\/wp-content\/uploads\/2025\/02\/wind-power-series-cylinders-2.webp 1394w, https:\/\/www.hydraulic-cylinders.net\/wp-content\/uploads\/2025\/02\/wind-power-series-cylinders-2-1280x671.webp 1280w, https:\/\/www.hydraulic-cylinders.net\/wp-content\/uploads\/2025\/02\/wind-power-series-cylinders-2-980x514.webp 980w, https:\/\/www.hydraulic-cylinders.net\/wp-content\/uploads\/2025\/02\/wind-power-series-cylinders-2-480x252.webp 480w\" sizes=\"(min-width: 0px) and (max-width: 480px) 480px, (min-width: 481px) and (max-width: 980px) 980px, (min-width: 981px) and (max-width: 1280px) 1280px, (min-width: 1281px) 1394px, 100vw\" \/><\/h2>\n<p>\u00b7 Cilindro re\u017eimas: HCYY11112028<br \/>\n\u00b7 Darbinis sl\u0117gis: 16 MPa<br \/>\n\u00b7 Maksimalus atlaikantis sl\u0117gis: 25 MPa<br \/>\n\u00b7 Cilindro vamzd\u017eio skersmuo: 100 mm<br \/>\n\u00b7 St\u016bmoklio koto skersmuo: 50 mm<br \/>\n\u00b7 Kai\u0161\u010dio skersmuo: 150 mm<br \/>\n\u00b7 Kelion\u0117s ilgis: 80 mm<br \/>\n\u00b7 Cilindro ilgis: 855 mm<br \/>\n\u00b7 Svoris: 140 kg<\/p>\n<h2><strong>Pagrindin\u0117s v\u0117jo j\u0117gaini\u0173 serijos cilindr\u0173 savyb\u0117s:<\/strong><\/h2>\n<h4><strong>Didel\u0117 keliamoji galia<\/strong><\/h4>\n<p>\u201eWind Power\u201c serijos cilindrai puikiai atlaiko dideles apkrovas, o tai labai svarbu sud\u0117tingose \u200b\u200bv\u0117jo energijos srityse. Tvirta j\u0173 konstrukcija u\u017etikrina, kad jie gali patikimai veikti sud\u0117tingomis s\u0105lygomis, tokiomis kaip stiprus v\u0117jas ar ekstremal\u016bs orai. \u0160i savyb\u0117 ne tik padidina v\u0117jo turbin\u0173 efektyvum\u0105, bet ir suteikia operatoriams pasitik\u0117jimo, \u017einant, kad j\u0173 \u012franga gali atlaikyti didel\u012f svor\u012f nepakenkdama saugumui ar na\u0161umui.<\/p>\n<h4><strong>Patvari konstrukcija<\/strong><\/h4>\n<p>Pagaminti i\u0161 auk\u0161\u010diausios kokyb\u0117s med\u017eiag\u0173, \u0161ie cilindrai yra sukurti taip, kad laikui b\u0117gant atlaikyt\u0173 nusid\u0117v\u0117jim\u0105. D\u0117l patvarios konstrukcijos juos reikia da\u017enai keisti, tod\u0117l tai ekonomi\u0161kas pasirinkimas ilgalaikiam naudojimui. Nesvarbu, ar jie veikiami at\u0161iauri\u0173 aplinkos s\u0105lyg\u0173, ar kasdienio naudojimo sunkum\u0173, cilindrai i\u0161laiko savo vientisum\u0105, u\u017etikrindami skland\u0173 ir efektyv\u0173 v\u0117jo energijos sistem\u0173 veikim\u0105.<\/p>\n<h4><strong>Atsparumas korozijai<\/strong><\/h4>\n<p>Padengti specialia danga, cilindrai yra atspar\u016bs r\u016bdijimui ir aplinkos poveikiui. \u0160is atsparumas korozijai yra ypa\u010d svarbus naudojant lauke, kur dr\u0117gm\u0117, druska ir kiti at\u0161iaur\u016bs elementai gali sukelti gedim\u0105. Apsaugodama cilindrus nuo korozijos, \u0161i savyb\u0117 ne tik pailgina j\u0173 tarnavimo laik\u0105, bet ir suma\u017eina prie\u017ei\u016bros pastangas, leisdama operatoriams sutelkti d\u0117mes\u012f \u012f maksimali\u0105 energijos gamyb\u0105.<\/p>\n<h4><strong>Tikslioji in\u017einerija<\/strong><\/h4>\n<p>Pagaminti pagal tikslias specifikacijas, \u201eWind Power\u201c serijos cilindrai garantuoja skland\u0173 suderinamum\u0105 su \u012fvairiais v\u0117jo turbin\u0173 modeliais. \u0160i tiksli in\u017einerija leid\u017eia lengvai juos montuoti ir integruoti \u012f esamas sistemas, taip suma\u017einant eksploatacini\u0173 problem\u0173 rizik\u0105. Naudodami \u0161iuos cilindrus, operatoriai gali b\u016bti ram\u016bs \u017einodami, kad naudoja komponentus, sukurtus optimaliai veikti j\u0173 konkre\u010diose turbin\u0173 sistemose.<\/p>\n<h4><strong>Lengvas montavimas<\/strong><\/h4>\n<p>Sukurti atsi\u017evelgiant \u012f naudotojo patogum\u0105, cilindrai u\u017etikrina greit\u0105 ir nesud\u0117ting\u0105 montavim\u0105. J\u0173 intuityvus dizainas suma\u017eina prastovas diegimo metu, tod\u0117l operatoriai gali greitai paleisti savo sistemas. Toks paprastas montavimas ne tik padidina veiklos efektyvum\u0105, bet ir leid\u017eia grei\u010diau reaguoti \u012f prie\u017ei\u016bros poreikius, u\u017etikrinant, kad v\u0117jo energijos sistemos visada i\u0161likt\u0173 produktyvios.<\/p>\n<p>Pabr\u0117\u017edami \u0161ias savybes, HCYY11112028 v\u0117jo energijos serijos cilindrai pasi\u017eymi i\u0161skirtiniu na\u0161umu, kuris atitinka kintan\u010dius v\u0117jo energijos sektoriaus poreikius.<\/p>\n<h2><strong>Kaip v\u0117jo j\u0117gaini\u0173 serijos cilindr\u0173 atsparumas korozijai pagerina j\u0173 veikim\u0105 lauko aplinkoje?<\/strong><\/h2>\n<p>\u017dinoma! \u0160tai \u012fdomesnis ir i\u0161samesnis tyrimas, kaip \u201eWind Power\u201c serijos cilindr\u0173 atsparumas korozijai pagerina j\u0173 veikim\u0105 lauko aplinkoje:<\/p>\n<h4><strong>1. Ilgaam\u017ei\u0161kumas<\/strong><\/h4>\n<p>Speciali cilindr\u0173 korozijai atspari danga veikia kaip patikimas barjeras nuo r\u016bd\u017ei\u0173 ir nusid\u0117v\u0117jimo. \u0160is apsauginis sluoksnis yra ypa\u010d vertingas aplinkoje, kurioje vyrauja dr\u0117gm\u0117, druskos purslai ir temperat\u016bros svyravimai. \u017dymiai pailginus cilindr\u0173 tarnavimo laik\u0105, operatoriai gali m\u0117gautis ramybe, \u017einodami, kad j\u0173 investicija atlaikys laiko i\u0161bandym\u0105, o tai leis ilgai ir nepertraukiamai dirbti lauke.<\/p>\n<h4><strong>2. Suma\u017einta prie\u017ei\u016bra<\/strong><\/h4>\n<p>Vienas i\u0161 i\u0161skirtini\u0173 atsparumo korozijai privalum\u0173 yra \u017eymiai suma\u017e\u0117j\u0119 prie\u017ei\u016bros reikalavimai. Kadangi cilindrai yra ma\u017eiau link\u0119 r\u016bdyti ir dilti, operatoriai gali skirti ma\u017eiau i\u0161tekli\u0173 \u2013 tiek laiko, tiek pinig\u0173 \u2013 prie\u017ei\u016brai. \u0160is efektyvumas rei\u0161kia, kad prie\u017ei\u016bros komandos gali sutelkti d\u0117mes\u012f \u012f kitus svarbius v\u0117jo turbin\u0173 veikimo aspektus, taip didindamos bendr\u0105 na\u0161um\u0105. D\u0117l to v\u0117jo energijos sistema gali veikti skland\u017eiau, maksimaliai padidindama energijos gamyb\u0105, nuolat nesijaudindama d\u0117l komponent\u0173 gedim\u0173.<\/p>\n<h4><strong>3. Nuolatinis na\u0161umas<\/strong><\/h4>\n<p>Laikui b\u0117gant korozija gali susilpninti med\u017eiagas, d\u0117l to gali atsirasti veikimo sutrikim\u0173, kurie gali sutrikdyti energijos gamyb\u0105. Nuo korozijos apsaugoti cilindrai i\u0161laiko savo konstrukcin\u012f vientisum\u0105 ir eksploatacinius standartus net ir sud\u0117tingiausiomis lauko s\u0105lygomis. \u0160is patikimumas u\u017etikrina efektyv\u0173 turbin\u0173 veikim\u0105, o tai rei\u0161kia optimali\u0105 energijos gamyb\u0105. Operatoriai gali tik\u0117tis nuoseklaus veikimo, kuris yra b\u016btinas norint patenkinti energijos poreikius ir pasiekti tvarumo tikslus.<\/p>\n<h4><strong>4. Saugumas<\/strong><\/h4>\n<p>Saugumas yra svarbiausias dalykas bet kurioje pramon\u0117s aplinkoje, o gedimo d\u0117l korozijos rizika yra problema, kurios negalima ignoruoti. Balionai padeda suma\u017einti \u0161i\u0105 rizik\u0105, i\u0161laikydami savo tvirtum\u0105 ir funkcionalum\u0105 at\u0161iauriomis s\u0105lygomis. U\u017ekirsdami keli\u0105 su korozija susijusiems gedimams, \u0161ie balionai prisideda prie saugesn\u0117s eksploatavimo aplinkos tiek darbuotojams, tiek \u012frangai. Toks d\u0117mesys saugumui skatina patikimumo ir pasitik\u0117jimo kult\u016br\u0105 v\u0117jo energetikos sektoriuje.<\/p>\n<h4><strong>5. Ekonomi\u0161kumas<\/strong><\/h4>\n<p>Investavimas \u012f korozijai atsparius balionus yra ne tik momentinis na\u0161umas, bet ir ilgalaikis finansinis taupumas. Balion\u0173 patvarumas ir suma\u017e\u0117j\u0119s prie\u017ei\u016bros poreikis ilgainiui leid\u017eia gerokai sutaupyti l\u0117\u0161\u0173. Operatoriai gali i\u0161vengti i\u0161laid\u0173, susijusi\u0173 su da\u017enu keitimu ir remontu, o tai leid\u017eia geriau paskirstyti biud\u017eeto i\u0161teklius. D\u0117l \u0161io ekonomi\u0161kumo \u0161ie balionai yra patrauklus pasirinkimas \u012fmon\u0117ms, norin\u010dioms optimizuoti savo veiklos biud\u017eet\u0105 ir kartu u\u017etikrinti patikim\u0105 energijos gamyb\u0105.<\/p>\n<p>Apibendrinant galima teigti, kad \u201eWind Power\u201c serijos cilindr\u0173 atsparumas korozijai yra daugiau nei tik savyb\u0117 \u2013 tai pagrindin\u0117 savyb\u0117, kuri padidina ilgaam\u017ei\u0161kum\u0105, suma\u017eina prie\u017ei\u016bros poreik\u012f, u\u017etikrina pastov\u0173 veikim\u0105, skatina saug\u0105 ir ekonomi\u0161kum\u0105. \u0160ie privalumai kartu prisideda prie efektyvesnio ir tvaresnio v\u0117jo energijos panaudojimo, tod\u0117l \u0161ie cilindrai yra nepakei\u010diamas pasirinkimas pramon\u0117je.<\/p>\n<h2><strong>\u0160akinio krautuvo cilindr\u0173 gamybos sritis:<\/strong><\/h2>\n<h2><img loading=\"lazy\" decoding=\"async\" class=\"alignnone size-full wp-image-16972\" src=\"https:\/\/www.hydraulic-cylinders.net\/wp-content\/uploads\/2025\/01\/hydraulic-cylinder-factory-1-scaled.webp\" alt=\"\" width=\"2016\" height=\"2560\" srcset=\"https:\/\/www.hydraulic-cylinders.net\/wp-content\/uploads\/2025\/01\/hydraulic-cylinder-factory-1-scaled.webp 2016w, https:\/\/www.hydraulic-cylinders.net\/wp-content\/uploads\/2025\/01\/hydraulic-cylinder-factory-1-1280x1625.webp 1280w, https:\/\/www.hydraulic-cylinders.net\/wp-content\/uploads\/2025\/01\/hydraulic-cylinder-factory-1-980x1244.webp 980w, https:\/\/www.hydraulic-cylinders.net\/wp-content\/uploads\/2025\/01\/hydraulic-cylinder-factory-1-480x610.webp 480w\" sizes=\"(min-width: 0px) and (max-width: 480px) 480px, (min-width: 481px) and (max-width: 980px) 980px, (min-width: 981px) and (max-width: 1280px) 1280px, (min-width: 1281px) 2016px, 100vw\" \/><\/h2>\n<p>Did\u017eiuojam\u0117s modernia nepriklausoma surinkimui skirta tyrim\u0173 ir pl\u0117tros platforma, u\u017etikrinan\u010dia auk\u0161\u010diausio lygio inovacijas ir kokyb\u0119 m\u016bs\u0173 gamybos procesuose. M\u016bs\u0173 \u0161akini\u0173 krautuv\u0173 cilindr\u0173 gamybos ceche yra keturios pusiau automatin\u0117s k\u0117limo cilindr\u0173 surinkimo linijos ir visi\u0161kai automatin\u0117 pakreipiam\u0173 cilindr\u0173 surinkimo linija, kurios kartu suprojektuotos taip, kad per metus pagamint\u0173 iki milijono vienet\u0173.<\/p>\n<p>Be to, m\u016bs\u0173 specializuotose cilindr\u0173 dirbtuv\u0117se \u012frengtos \u012fvairioms specifikacijoms pritaikytos pusiau automatin\u0117s valymo ir surinkimo sistemos, kuri\u0173 metinis gamybos paj\u0117gumas siekia 200 000 vienet\u0173. Mes naudojame \u017einom\u0105 CNC \u012frang\u0105, apdirbimo centrus ir specializuotus \u012frankius didelio tikslumo cilindr\u0173 apdirbimui. M\u016bs\u0173 \u012fmon\u0117je taip pat yra pa\u017eangios robotin\u0117s suvirinimo ma\u0161inos, automatin\u0117s valymo sistemos ir visi\u0161kai automatizuotos cilindr\u0173 surinkimo bei da\u017eymo linijos. Tur\u0117dami daugiau nei 300 pagrindini\u0173 \u012frangos vienet\u0173, optimizuojame i\u0161tekli\u0173 paskirstym\u0105 ir u\u017etikriname efektyv\u0173 j\u0173 panaudojim\u0105, laikydamiesi grie\u017et\u0173 tikslumo ir kokyb\u0117s standart\u0173.<\/p>\n<p>M\u016bs\u0173 mechaninio apdirbimo dirbtuv\u0117se yra pagal u\u017esakym\u0105 pagaminti tekinimo centrai su pakreipiamomis kreipian\u010diosiomis linijomis, mechaninio apdirbimo centrai, greitaeig\u0117s galandimo stakl\u0117s, suvirinimo robotai ir kita reikalinga \u012franga. \u0160i \u012franga leid\u017eia mums apdirbti cilindrinius vamzd\u017eius, kuri\u0173 maksimalus vidinis skersmuo yra 400 mm, o ilgis \u2013 iki 6 metr\u0173, o tai dar labiau padidina m\u016bs\u0173 gamybos paj\u0117gumus.<\/p>\n<h2><img loading=\"lazy\" decoding=\"async\" class=\"alignnone size-full wp-image-16973\" src=\"https:\/\/www.hydraulic-cylinders.net\/wp-content\/uploads\/2025\/01\/hydraulic-cylinder-factory-2-scaled.webp\" alt=\"\" width=\"2011\" height=\"2560\" srcset=\"https:\/\/www.hydraulic-cylinders.net\/wp-content\/uploads\/2025\/01\/hydraulic-cylinder-factory-2-scaled.webp 2011w, https:\/\/www.hydraulic-cylinders.net\/wp-content\/uploads\/2025\/01\/hydraulic-cylinder-factory-2-1280x1629.webp 1280w, https:\/\/www.hydraulic-cylinders.net\/wp-content\/uploads\/2025\/01\/hydraulic-cylinder-factory-2-980x1248.webp 980w, https:\/\/www.hydraulic-cylinders.net\/wp-content\/uploads\/2025\/01\/hydraulic-cylinder-factory-2-480x611.webp 480w\" sizes=\"(min-width: 0px) and (max-width: 480px) 480px, (min-width: 481px) and (max-width: 980px) 980px, (min-width: 981px) and (max-width: 1280px) 1280px, (min-width: 1281px) 2011px, 100vw\" \/><\/h2>\n<p>Mes valdome visi\u0161kai automatin\u0119 vandens pagrindo da\u017e\u0173 dengimo linij\u0105, specialiai sukurt\u0105 ma\u017eiems ir vidutinio dyd\u017eio balionams, su automatizuotais pakrovimo, i\u0161krovimo ir pur\u0161kimo robotais. \u0160i moderni sistema gali pasigirti 4000 vienet\u0173 per pamain\u0105 gamybos paj\u0117gumu. Be to, turime pusiau automatin\u0119 dideli\u0173 balion\u0173 da\u017eymo linij\u0105 su grandinine pavara, kurios projektinis paj\u0117gumas yra 60 d\u0117\u017ei\u0173 per pamain\u0105.<\/p>\n<p>Siekdami pagerinti gamini\u0173 na\u0161um\u0105 ir \u012ftvirtinti savo lyderyst\u0119 hidraulini\u0173 cilindr\u0173 pramon\u0117je, bendradarbiaujame su \u201eZJIMEE\u201c, kad \u012fkurtume i\u0161sami\u0105 hidraulini\u0173 cilindr\u0173, vo\u017etuv\u0173 ir siurbli\u0173 na\u0161umo laboratorij\u0105. \u0160ioje pa\u017eangioje laboratorijoje naudojami kompiuteriniai bandymai su elektrohidrauline technologija, leid\u017eian\u010dia i\u0161 anksto nustatyti bandymo s\u0105lygas, kurios pagerina tikslum\u0105 ir sistemos universalum\u0105. Automatizuotame duomen\u0173 rinkimo procese naudojami jutikliai, skirti surinkti i\u0161vesties duomenis, tokius kaip vidinis nuot\u0117kis ir apkrovos efektyvumas, kurie v\u0117liau apdorojami kompiuteriu ir konvertuojami \u012f standartinius vienetus (ml\/min%).<\/p>\n<p>Be to, siekdami u\u017etikrinti m\u016bs\u0173 hidraulini\u0173 sistem\u0173 saugum\u0105, diegiame pagrindini\u0173 veikimo parametr\u0173, \u012fskaitant alyvos temperat\u016br\u0105, skys\u010dio lyg\u012f ir filtro \u012frenginio b\u016bsen\u0105, steb\u0117jim\u0105. M\u016bs\u0173 hidraulini\u0173 cilindr\u0173 bandym\u0173 stendas gali \u012fvertinti \u201eapkrovos efektyvum\u0105\u201c ir \u201evidin\u012f nuot\u0117k\u012f\u201c tiksliais rodmenimis. Jame taip pat \u012frengtas groteli\u0173 liniuot\u0117s matavimo prietaisas, atitinkantis nacionalinius standartus, u\u017etikrinantis atitikt\u012f visiems hidraulini\u0173 cilindr\u0173 gamini\u0173 bandymo reikalavimams.<\/p>\n<p>&nbsp;<\/p>","protected":false},"excerpt":{"rendered":"<p>Wind Power Series Cylinders \u00a0 The Wind Power Series Cylinders are specifically engineered for the wind energy sector, delivering reliable and efficient performance across various applications. These cylinders play a vital role in controlling the mechanisms that harness wind energy, significantly enhancing the efficiency and effectiveness of wind turbines. Crafted with precision and built to [&hellip;]<\/p>","protected":false},"featured_media":17150,"comment_status":"open","ping_status":"closed","template":"","meta":{"_et_pb_use_builder":"","_et_pb_old_content":"","_et_gb_content_width":""},"product_brand":[],"product_cat":[1552,1513,1376],"product_tag":[],"class_list":{"0":"post-17147","1":"product","2":"type-product","3":"status-publish","4":"has-post-thumbnail","6":"product_cat-stainless-steel-hydraulic-cylinder","7":"product_cat-wind-turbine-hydraulic-cylinders","8":"product_cat-hydraulic-cylinder","10":"first","11":"instock","12":"shipping-taxable","13":"product-type-simple"},"amp_enabled":true,"_links":{"self":[{"href":"https:\/\/www.hydraulic-cylinders.net\/lt\/wp-json\/wp\/v2\/product\/17147","targetHints":{"allow":["GET"]}}],"collection":[{"href":"https:\/\/www.hydraulic-cylinders.net\/lt\/wp-json\/wp\/v2\/product"}],"about":[{"href":"https:\/\/www.hydraulic-cylinders.net\/lt\/wp-json\/wp\/v2\/types\/product"}],"replies":[{"embeddable":true,"href":"https:\/\/www.hydraulic-cylinders.net\/lt\/wp-json\/wp\/v2\/comments?post=17147"}],"wp:featuredmedia":[{"embeddable":true,"href":"https:\/\/www.hydraulic-cylinders.net\/lt\/wp-json\/wp\/v2\/media\/17150"}],"wp:attachment":[{"href":"https:\/\/www.hydraulic-cylinders.net\/lt\/wp-json\/wp\/v2\/media?parent=17147"}],"wp:term":[{"taxonomy":"product_brand","embeddable":true,"href":"https:\/\/www.hydraulic-cylinders.net\/lt\/wp-json\/wp\/v2\/product_brand?post=17147"},{"taxonomy":"product_cat","embeddable":true,"href":"https:\/\/www.hydraulic-cylinders.net\/lt\/wp-json\/wp\/v2\/product_cat?post=17147"},{"taxonomy":"product_tag","embeddable":true,"href":"https:\/\/www.hydraulic-cylinders.net\/lt\/wp-json\/wp\/v2\/product_tag?post=17147"}],"curies":[{"name":"wp","href":"https:\/\/api.w.org\/{rel}","templated":true}]}}