{"id":1721,"date":"2023-10-12T01:06:01","date_gmt":"2023-10-12T01:06:01","guid":{"rendered":"https:\/\/hydraulic-cylinders.net\/?post_type=product&#038;p=1721"},"modified":"2025-04-11T05:06:33","modified_gmt":"2025-04-11T05:06:33","slug":"electric-furnace-mast-cylinder","status":"publish","type":"product","link":"https:\/\/www.hydraulic-cylinders.net\/lt\/produktas\/electric-furnace-mast-cylinder\/","title":{"rendered":"Elektrin\u0117s krosnies stiebo cilindras"},"content":{"rendered":"<h1 style=\"text-align: center;\"><strong>Elektrin\u0117s krosnies stiebo cilindras<\/strong><\/h1>\n<p><img loading=\"lazy\" decoding=\"async\" class=\"aligncenter wp-image-1722\" src=\"https:\/\/hydraulic-cylinders.net\/wp-content\/uploads\/2023\/10\/mast-cylinder-1-2-300x300.webp\" alt=\"\" width=\"400\" height=\"400\" \/><\/p>\n<p>Elektrin\u0117s krosnies stiebo cilindras yra pa\u017eangus produktas, skirtas pramonini\u0173 krosni\u0173 na\u0161umui ir efektyvumui pagerinti. D\u0117l pa\u017eangi\u0173 funkcij\u0173 ir tvirtos konstrukcijos \u0161is cilindras u\u017etikrina tiksl\u0173 valdym\u0105 ir patikim\u0105 veikim\u0105 keliant ir nuleid\u017eiant krosnies stiebus.<\/p>\n<p>Elektrin\u0117s krosnies stiebo cilindras yra patikimas ir efektyvus sprendimas krosnies stiebams pakelti ir nuleisti pramonin\u0117je aplinkoje. Tvirta konstrukcija, didel\u0117 keliamoji galia, tikslus valdymas ir elektrinis valdymas u\u017etikrina geresn\u012f med\u017eiag\u0173 tvarkym\u0105, supaprastint\u0105 darbo eig\u0105 ir didesn\u012f na\u0161um\u0105. Optimal\u0173 na\u0161um\u0105 ir ilgaam\u017ei\u0161kum\u0105 galite u\u017etikrinti laikydamiesi rekomenduojam\u0173 naudojimo metod\u0173 ir prie\u017ei\u016bros praktikos. \u012etraukite elektrin\u0117s krosnies stiebo cilindr\u0105 \u012f savo pramonin\u0117s krosnies operacijas, kad patirtum\u0117te tikslaus valdymo ir efektyvaus stiebo reguliavimo privalumus.<\/p>\n<p>Elektrin\u0117s krosnies stiebo cilindro pagrindin\u0117s charakteristikos:<\/p>\n<ol>\n<li>Tvirta konstrukcija:<\/li>\n<\/ol>\n<ul>\n<li>Elektrin\u0117s krosnies stiebo cilindras pagamintas i\u0161 auk\u0161tos kokyb\u0117s med\u017eiag\u0173, u\u017etikrinan\u010di\u0173 patvarum\u0105 ir ilgaam\u017ei\u0161kum\u0105 net ir at\u0161iauriomis pramonin\u0117mis s\u0105lygomis.<\/li>\n<li>Tvirta konstrukcija leid\u017eia atlaikyti dideles apkrovas ir i\u0161laikyti optimal\u0173 na\u0161um\u0105 laikui b\u0117gant.<\/li>\n<\/ul>\n<ol start=\"2\">\n<li>Didel\u0117 keliamoji galia:<\/li>\n<\/ol>\n<ul>\n<li>\u0160is cilindras pasi\u017eymi didele keliam\u0105ja galia, tod\u0117l juo lengva pakelti ir nuleisti krosnies stiebus.<\/li>\n<li>\u012esp\u016bdinga keliamoji galia leid\u017eia efektyviai tvarkyti med\u017eiagas ir pagerina bendr\u0105 darbo eigos efektyvum\u0105.<\/li>\n<\/ul>\n<ol start=\"3\">\n<li>Tikslus valdymas:<\/li>\n<\/ol>\n<ul>\n<li>Elektrin\u0117s krosnies stiebo cilindras u\u017etikrina tiksl\u0173 pad\u0117ties valdym\u0105, leid\u017eiant\u012f tiksliai reguliuoti krosnies stiebo auk\u0161t\u012f.<\/li>\n<li>Pa\u017eangi valdymo sistema u\u017etikrina skland\u0173 ir kontroliuojam\u0105 jud\u0117jim\u0105, suma\u017eina klaid\u0173 skai\u010di\u0173 ir optimizuoja veiklos efektyvum\u0105.<\/li>\n<\/ul>\n<ol start=\"4\">\n<li>Elektrinis valdymas:<\/li>\n<\/ol>\n<ul>\n<li>\u0160is cilindras, veikiantis elektros energija, panaikina rankinio k\u0117limo ar sud\u0117ting\u0173 hidraulini\u0173 sistem\u0173 poreik\u012f.<\/li>\n<li>Elektrinis valdymas u\u017etikrina patogum\u0105, greit\u012f ir tiksl\u0173 valdym\u0105, supaprastindamas krosnies veikim\u0105 ir suma\u017eindamas prastovas.<\/li>\n<\/ul>\n<h2><strong>Elektrin\u0117s krosnies stiebo cilindro parametras:<\/strong><\/h2>\n<table border=\"1\" cellspacing=\"0\" cellpadding=\"0\">\n<tbody>\n<tr>\n<td>Produkto pavadinimas<\/td>\n<td>Elektrin\u0117s krosnies stiebo cilindras<\/td>\n<\/tr>\n<tr>\n<td>Skyl\u0117s skersmuo:<\/td>\n<td>300 mm<\/td>\n<\/tr>\n<tr>\n<td>Strypo skersmuo:<\/td>\n<td>230 mm<\/td>\n<\/tr>\n<tr>\n<td>Sl\u0117gis:<\/td>\n<td>14MPa<\/td>\n<\/tr>\n<tr>\n<td>Traukos j\u0117ga:<\/td>\n<td>Maksimali 581 kN<\/td>\n<\/tr>\n<tr>\n<td>Elektrin\u0117s krosnies stiebo cilindro pritaikymas:<\/td>\n<td>Elektrin\u0117 krosnis<\/td>\n<\/tr>\n<\/tbody>\n<\/table>\n<div><\/div>\n<div class=\"txtboxR\">\n<div class=\"txtboxL\">\n<div class=\"txtboxL\">\n<div class=\"txtboxL\">\n<div class=\"txtboxL\">\n<div class=\"txtboxL\">\n<div class=\"txtboxL\">Traukos j\u0117ga:<\/div>\n<div class=\"txtboxR\">Maksimalus sl\u0117gis 581 kN (gr\u0119\u017einio skersmuo: 300 mm \/ strypo skersmuo: 230 \/ sl\u0117gis 14 MPa)<\/div>\n<\/div>\n<\/div>\n<\/div>\n<\/div>\n<\/div>\n<\/div>\n<h2><strong>Elektrin\u0117 krosnis <\/strong><strong> Cilindr\u0173 gamykla:<\/strong><\/h2>\n<p><img loading=\"lazy\" decoding=\"async\" class=\"alignnone wp-image-1697 size-full\" src=\"https:\/\/hydraulic-cylinders.net\/wp-content\/uploads\/2023\/10\/filter-press-cylinder-1.webp\" alt=\"\" width=\"1418\" height=\"946\" srcset=\"https:\/\/hydraulic-cylinders.net\/wp-content\/uploads\/2023\/10\/filter-press-cylinder-1.webp 1418w, https:\/\/hydraulic-cylinders.net\/wp-content\/uploads\/2023\/10\/filter-press-cylinder-1-1280x854.webp 1280w, https:\/\/hydraulic-cylinders.net\/wp-content\/uploads\/2023\/10\/filter-press-cylinder-1-980x654.webp 980w, https:\/\/hydraulic-cylinders.net\/wp-content\/uploads\/2023\/10\/filter-press-cylinder-1-480x320.webp 480w\" sizes=\"(min-width: 0px) and (max-width: 480px) 480px, (min-width: 481px) and (max-width: 980px) 980px, (min-width: 981px) and (max-width: 1280px) 1280px, (min-width: 1281px) 1418px, 100vw\" \/><\/p>\n<h2><strong>Elektrin\u0117s krosnies stiebo cilindro naudojimo b\u016bdas<\/strong><strong>:<\/strong><\/h2>\n<ol>\n<li><strong>\u012erengimas:<\/strong><\/li>\n<\/ol>\n<ul>\n<li>Tvirtai pritvirtinkite elektrin\u0117s krosnies stiebo cilindr\u0105 prie krosnies konstrukcijos, laikydamiesi gamintojo nurodym\u0173.<\/li>\n<li>U\u017etikrinkite tinkam\u0105 i\u0161lygiavim\u0105 ir pritvirtinim\u0105, kad eksploatacijos metu b\u016bt\u0173 i\u0161laikytas stabilumas ir saugumas.<\/li>\n<\/ul>\n<ol start=\"2\">\n<li><strong>Elektros jungtis:<\/strong><\/li>\n<\/ol>\n<ul>\n<li>Prijunkite elektrin\u0117s krosnies stiebo cilindr\u0105 prie maitinimo \u0161altinio, laikydamiesi elektros kodeks\u0173 ir saugos taisykli\u0173.<\/li>\n<li>\u012esitikinkite, kad visos elektros jungtys yra tvirtos ir izoliuotos, kad i\u0161vengtum\u0117te pavoj\u0173 ar gedim\u0173.<\/li>\n<\/ul>\n<ol start=\"3\">\n<li><strong>K\u0117limas ir nuleidimas:<\/strong><\/li>\n<\/ol>\n<ul>\n<li>\u012ejunkite elektrin\u0117s krosnies stiebo cilindr\u0105 naudodami tam skirt\u0105 valdymo skydel\u012f arba stiebo valdymo jungikl\u012f.<\/li>\n<li>Cilindras skland\u017eiai ir tiksliai pakels arba nuleis krosnies stieb\u0105 pagal j\u016bs\u0173 poreikius.<\/li>\n<li>Atid\u017eiai steb\u0117kite k\u0117limo ir nuleidimo proces\u0105, kad tiksliai pasiektum\u0117te norim\u0105 auk\u0161t\u012f arba pad\u0117t\u012f.<\/li>\n<\/ul>\n<ol start=\"4\">\n<li><strong>Integracija su valdymo sistemomis:<\/strong><\/li>\n<\/ol>\n<ul>\n<li>Skland\u017eiai integruokite elektrin\u0117s krosnies stiebo cilindr\u0105 \u012f esamas krosnies valdymo sistemas, kad b\u016bt\u0173 u\u017etikrintas sinchronizuotas veikimas.<\/li>\n<li>D\u0117l tinkamo integravimo ir suderinamumo kreipkit\u0117s \u012f kvalifikuot\u0105 specialist\u0105 arba \u017er. gamintojo rekomendacijas.<\/li>\n<\/ul>\n<h2><strong>Kaip i\u0161leisti or\u0105 i\u0161 dvigubo veikimo hidraulinio cilindro?<\/strong><\/h2>\n<p>Dvigubo veikimo hidraulinio cilindro nuorinimas yra svarbi technin\u0117s prie\u017ei\u016bros proced\u016bra, skirta pa\u0161alinti or\u0105 i\u0161 sistemos ir u\u017etikrinti skland\u0173 bei efektyv\u0173 veikim\u0105. \u0160tai dvigubo veikimo hidraulinio cilindro nuorinimo veiksmai:<\/p>\n<ol>\n<li><strong>Paruo\u0161imas:<\/strong>\n<ul>\n<li>\u012esitikinkite, kad hidraulin\u0117 sistema yra i\u0161jungta ir sl\u0117gis i\u0161leistas.<\/li>\n<li>Kad apsisaugotum\u0117te nuo galimo hidraulinio skys\u010dio i\u0161siliejimo, d\u0117v\u0117kite tinkamas asmenines apsaugos priemones, tokias kaip pir\u0161tin\u0117s ir apsauginiai akiniai.<\/li>\n<\/ul>\n<\/li>\n<li><strong>Raskite kraujavimo ta\u0161kus:<\/strong>\n<ul>\n<li>Nustatykite hidraulinio cilindro i\u0161leidimo ta\u0161kus. Jie paprastai yra \u0161alia cilindro strypo galo ir dangtelio galo.<\/li>\n<li>Kai kurie hidrauliniai cilindrai turi specialias i\u0161leidimo angas, o kitiems gali reik\u0117ti atlaisvinti specialias jungtis, kad b\u016bt\u0173 i\u0161leistas oras.<\/li>\n<\/ul>\n<\/li>\n<li><strong>Cilindro pad\u0117tis:<\/strong>\n<ul>\n<li>Hidraulin\u012f cilindr\u0105 perkelkite \u012f visi\u0161kai \u012ftraukt\u0105 pad\u0117t\u012f, visi\u0161kai \u012ftraukdami stryp\u0105 \u012f cilindr\u0105.<\/li>\n<li>Tai u\u017etikrina, kad oro burbuliukai b\u016bt\u0173 nukreipti link i\u0161leidimo ta\u0161k\u0173, tod\u0117l juos lengviau pa\u0161alinti.<\/li>\n<\/ul>\n<\/li>\n<li><strong>Atlaisvinkite i\u0161leidimo jungtis:<\/strong>\n<ul>\n<li>Atlaisvinkite i\u0161leidimo jungtis arba angas tiek cilindro strypo gale, tiek dangtelio gale.<\/li>\n<li>Pirmiausia atlaisvinkite jungt\u012f ant strypo galo, o po to - jungt\u012f ant dangtelio galo.<\/li>\n<\/ul>\n<\/li>\n<li><strong>Taikyti hidraulin\u012f sl\u0117g\u012f:<\/strong>\n<ul>\n<li>\u012ejunkite hidraulin\u012f maitinimo blok\u0105 arba aktyvuokite hidraulin\u012f siurbl\u012f, kad sistemoje b\u016bt\u0173 sl\u0117gis.<\/li>\n<li>Palaipsniui didinkite hidraulin\u012f sl\u0117g\u012f iki tokio lygio, kad i\u0161 cilindro b\u016bt\u0173 i\u0161stumtas \u012fstrig\u0119s oras.<\/li>\n<\/ul>\n<\/li>\n<li><strong>I\u0161leiskite or\u0105:<\/strong>\n<ul>\n<li>Did\u0117jant hidrauliniam sl\u0117giui, i\u0161 i\u0161leidimo ang\u0173 arba jung\u010di\u0173 pradeda ver\u017etis oro burbuliukai.<\/li>\n<li>Leiskite hidrauliniam skys\u010diui laisvai tek\u0117ti, kol i\u0161 jo i\u0161eis visas oras.<\/li>\n<li>Svarbu u\u017etikrinti pastov\u0173 hidraulinio skys\u010dio sraut\u0105 be oro burbuliuk\u0173.<\/li>\n<\/ul>\n<\/li>\n<li><strong>Priver\u017ekite i\u0161leidimo jungtis:<\/strong>\n<ul>\n<li>Kai oras visi\u0161kai i\u0161leistas i\u0161 sistemos, tvirtai priver\u017ekite i\u0161leidimo jungtis arba angas.<\/li>\n<li>\u012esitikinkite, kad jie priver\u017eti pagal gamintojo rekomenduojamus sukimo momentus, kad i\u0161vengtum\u0117te nuot\u0117ki\u0173.<\/li>\n<\/ul>\n<\/li>\n<li><strong>Cilindro bandymas:<\/strong>\n<ul>\n<li>I\u0161junkite hidraulin\u012f maitinimo blok\u0105 arba deaktyvuokite hidraulin\u012f siurbl\u012f.<\/li>\n<li>Kad u\u017etikrintum\u0117te skland\u0173 veikim\u0105 be joki\u0173 su oru susijusi\u0173 problem\u0173, atlikite hidraulinio cilindro judesius visu jo judesio diapazonu.<\/li>\n<li>Atkreipkite d\u0117mes\u012f \u012f ne\u012fprastus garsus ar vibracijas, kurie gali rodyti tolesnes oro ar hidraulini\u0173 sistem\u0173 problemas.<\/li>\n<\/ul>\n<\/li>\n<li><strong>Patikrinkite, ar n\u0117ra nuot\u0117ki\u0173:<\/strong>\n<ul>\n<li>Patikrinkite i\u0161leidimo jungtis, hidraulines jungtis ir kitus komponentus, ar n\u0117ra koki\u0173 nors nuot\u0117kio po\u017eymi\u0173.<\/li>\n<li>Jei pasteb\u0117jote koki\u0173 nors nuot\u0117ki\u0173, nedelsdami juos pa\u0161alinkite priver\u017edami jungtis arba pakeisdami pa\u017eeistus komponentus.<\/li>\n<\/ul>\n<\/li>\n<\/ol>\n<h2><strong>Gamyklos paj\u0117gumai ir talpa:<\/strong><\/h2>\n<h3>(1) Surinkimas<\/h3>\n<p>Turime pirmos klas\u0117s nepriklausom\u0105 tyrim\u0173 ir pl\u0117tros surinkimo platform\u0105. Hidraulini\u0173 cilindr\u0173 gamybos ceche yra keturios pusiau automatin\u0117s k\u0117limo cilindr\u0173 surinkimo linijos ir viena automatin\u0117 pakreipimo cilindr\u0173 surinkimo linija, kuri\u0173 projektinis metinis gamybos paj\u0117gumas yra 1 milijonas vienet\u0173. Speciali\u0173j\u0173 cilindr\u0173 ceche \u012frengta \u012fvairi\u0173 specifikacij\u0173 pusiau automatin\u0117 valymo surinkimo sistema, kurios projektinis metinis gamybos paj\u0117gumas yra 200 000 vienet\u0173, ir garsi CNC apdirbimo \u012franga, apdirbimo centras, didelio tikslumo cilindr\u0173 apdirbimo speciali \u012franga, robotinis suvirinimo aparatas, automatinis valymo aparatas, automatinis cilindr\u0173 surinkimo aparatas ir automatin\u0117 da\u017eymo gamybos linija. Esama daugiau nei 300 rinkini\u0173 (komplekt\u0173) kritin\u0117 \u012franga. Optimalus \u012frangos i\u0161tekli\u0173 paskirstymas ir efektyvus naudojimas u\u017etikrina gamini\u0173 tikslumo reikalavimus ir auk\u0161tus gamini\u0173 kokyb\u0117s poreikius.<\/p>\n<p><img loading=\"lazy\" decoding=\"async\" class=\"alignnone wp-image-626\" src=\"https:\/\/hydraulic-cylinders.net\/wp-content\/uploads\/2023\/08\/hydraulic-cylinder-product-1-300x158.webp\" alt=\"\" width=\"495\" height=\"260\" srcset=\"https:\/\/hydraulic-cylinders.net\/wp-content\/uploads\/2023\/08\/hydraulic-cylinder-product-1-300x158.webp 495w, https:\/\/hydraulic-cylinders.net\/wp-content\/uploads\/2023\/08\/hydraulic-cylinder-product-1-480x252.webp 480w\" sizes=\"(min-width: 0px) and (max-width: 480px) 480px, (min-width: 481px) 495px, 100vw\" \/> <img loading=\"lazy\" decoding=\"async\" class=\"alignnone wp-image-627\" src=\"https:\/\/hydraulic-cylinders.net\/wp-content\/uploads\/2023\/08\/hydraulic-cylinder-product-2-300x189.webp\" alt=\"\" width=\"413\" height=\"260\" \/><\/p>\n<h3>(2) Apdirbimas<\/h3>\n<p>Mechaninio apdirbimo ceche \u012frengtas pritaikytas nuo\u017eulnaus b\u0117gio tekinimo centras, apdirbimo centras, greitaeigis galandimo stakl\u0117s, suvirinimo robotas ir kita susijusi \u012franga, galinti apdirbti cilindrinius vamzd\u017eius, kuri\u0173 maksimalus vidinis skersmuo yra 400 mm, o maksimalus ilgis \u2013 6 metrai.<\/p>\n<p><img loading=\"lazy\" decoding=\"async\" class=\"alignnone wp-image-628 size-large\" src=\"https:\/\/hydraulic-cylinders.net\/wp-content\/uploads\/2023\/08\/hydraulic-cylinder-product-3-1024x391.webp\" alt=\"\" width=\"1024\" height=\"391\" srcset=\"https:\/\/hydraulic-cylinders.net\/wp-content\/uploads\/2023\/08\/hydraulic-cylinder-product-3-980x374.webp 980w, https:\/\/hydraulic-cylinders.net\/wp-content\/uploads\/2023\/08\/hydraulic-cylinder-product-3-480x183.webp 480w\" sizes=\"(min-width: 0px) and (max-width: 480px) 480px, (min-width: 481px) and (max-width: 980px) 980px, (min-width: 981px) 1024px, 100vw\" \/><\/p>\n<h3>(3) Suvirinimas<\/h3>\n<p><img loading=\"lazy\" decoding=\"async\" class=\"alignnone wp-image-629 size-large\" src=\"https:\/\/hydraulic-cylinders.net\/wp-content\/uploads\/2023\/08\/hydraulic-cylinder-product-4-1024x510.webp\" alt=\"\" width=\"1024\" height=\"510\" srcset=\"https:\/\/hydraulic-cylinders.net\/wp-content\/uploads\/2023\/08\/hydraulic-cylinder-product-4-980x488.webp 980w, https:\/\/hydraulic-cylinders.net\/wp-content\/uploads\/2023\/08\/hydraulic-cylinder-product-4-480x239.webp 480w\" sizes=\"(min-width: 0px) and (max-width: 480px) 480px, (min-width: 481px) and (max-width: 980px) 980px, (min-width: 981px) 1024px, 100vw\" \/><\/p>\n<h3>(4) Da\u017eymas ir dengimas<\/h3>\n<p>Su ma\u017eomis ir vidutinio dyd\u017eio cilindrin\u0117mis automatin\u0117mis vandens pagrindo da\u017e\u0173 dengimo linijomis, siekiant automatinio robot\u0173 pakrovimo ir i\u0161krovimo bei automatinio pur\u0161kimo, projektinis paj\u0117gumas yra 4000 vienet\u0173 per pamain\u0105;<br \/>\nTaip pat turime pusiau automatin\u0119 dideli\u0173 cilindr\u0173 da\u017e\u0173 gamybos linij\u0105, varom\u0105 grandin\u0117s, kurios projektinis na\u0161umas yra 60 d\u0117\u017ei\u0173 per pamain\u0105.<\/p>\n<p><img loading=\"lazy\" decoding=\"async\" class=\"alignnone wp-image-630\" src=\"https:\/\/hydraulic-cylinders.net\/wp-content\/uploads\/2023\/08\/hydraulic-cylinder-product-5-300x213.webp\" alt=\"\" width=\"366\" height=\"260\" \/> <img loading=\"lazy\" decoding=\"async\" class=\"alignnone wp-image-631\" src=\"https:\/\/hydraulic-cylinders.net\/wp-content\/uploads\/2023\/08\/hydraulic-cylinder-product-6-300x225.webp\" alt=\"\" width=\"347\" height=\"260\" \/><\/p>\n<h3>(5) Testavimas<\/h3>\n<p>Turime auk\u0161\u010diausios klas\u0117s patikros patalpas ir bandym\u0173 stendus, kad u\u017etikrintume, jog baliono veikimas atitinka reikalavimus.<\/p>\n<p><img loading=\"lazy\" decoding=\"async\" class=\"alignnone wp-image-632\" src=\"https:\/\/hydraulic-cylinders.net\/wp-content\/uploads\/2023\/08\/hydraulic-cylinder-product-8-300x200.webp\" alt=\"\" width=\"389\" height=\"260\" \/><\/p>\n<p>&nbsp;<\/p>\n<p>&nbsp;<\/p>\n<p>Esame vienas geriausi\u0173 hidraulini\u0173 cilindr\u0173 gamintoj\u0173. Galime pasi\u016blyti i\u0161samius hidraulinius cilindrus. Taip pat teikiame atitinkamus <a href=\"https:\/\/hzpt.com\/agricultural-pto-gearbox\/\" target=\"_blank\" rel=\"noopener\">\u017eem\u0117s \u016bkio pavar\u0173 d\u0117\u017e\u0117s<\/a>Mes eksportuojame savo gaminius klientams visame pasaulyje ir peln\u0117me ger\u0105 reputacij\u0105 d\u0117l auk\u0161\u010diausios gamini\u0173 kokyb\u0117s ir aptarnavimo po pardavimo. Mes laukiame klient\u0173 \u0161alyje ir u\u017esienyje, norin\u010di\u0173 susisiekti su mumis der\u0117tis d\u0117l verslo, keistis informacija ir... <a href=\"https:\/\/www.hydraulic-cylinders.net\/lt\/contact-us\/\">bendradarbiauti su mumis<\/a>!<\/p>","protected":false},"excerpt":{"rendered":"<p>Electric Furnace Mast Cylinder The electric furnace mast cylinder is a cutting-edge product designed to enhance the performance and efficiency of industrial furnaces. With its advanced features and robust construction, this cylinder offers precise control and reliable operation for raising and lowering furnace masts. The electric furnace mast cylinder is a reliable and efficient solution [&hellip;]<\/p>","protected":false},"featured_media":1723,"comment_status":"open","ping_status":"closed","template":"","meta":{"_et_pb_use_builder":"","_et_pb_old_content":"","_et_gb_content_width":""},"product_brand":[],"product_cat":[1550,1524,1376],"product_tag":[1380],"class_list":{"0":"post-1721","1":"product","2":"type-product","3":"status-publish","4":"has-post-thumbnail","6":"product_cat-double-acting-hydraulic-cylinder","7":"product_cat-steel-mill-hydraulic-cylinders","8":"product_cat-hydraulic-cylinder","9":"product_tag-hydraulic-cylinder","11":"first","12":"instock","13":"shipping-taxable","14":"product-type-simple"},"amp_enabled":true,"_links":{"self":[{"href":"https:\/\/www.hydraulic-cylinders.net\/lt\/wp-json\/wp\/v2\/product\/1721","targetHints":{"allow":["GET"]}}],"collection":[{"href":"https:\/\/www.hydraulic-cylinders.net\/lt\/wp-json\/wp\/v2\/product"}],"about":[{"href":"https:\/\/www.hydraulic-cylinders.net\/lt\/wp-json\/wp\/v2\/types\/product"}],"replies":[{"embeddable":true,"href":"https:\/\/www.hydraulic-cylinders.net\/lt\/wp-json\/wp\/v2\/comments?post=1721"}],"wp:featuredmedia":[{"embeddable":true,"href":"https:\/\/www.hydraulic-cylinders.net\/lt\/wp-json\/wp\/v2\/media\/1723"}],"wp:attachment":[{"href":"https:\/\/www.hydraulic-cylinders.net\/lt\/wp-json\/wp\/v2\/media?parent=1721"}],"wp:term":[{"taxonomy":"product_brand","embeddable":true,"href":"https:\/\/www.hydraulic-cylinders.net\/lt\/wp-json\/wp\/v2\/product_brand?post=1721"},{"taxonomy":"product_cat","embeddable":true,"href":"https:\/\/www.hydraulic-cylinders.net\/lt\/wp-json\/wp\/v2\/product_cat?post=1721"},{"taxonomy":"product_tag","embeddable":true,"href":"https:\/\/www.hydraulic-cylinders.net\/lt\/wp-json\/wp\/v2\/product_tag?post=1721"}],"curies":[{"name":"wp","href":"https:\/\/api.w.org\/{rel}","templated":true}]}}