{"id":1724,"date":"2023-10-12T03:00:38","date_gmt":"2023-10-12T03:00:38","guid":{"rendered":"https:\/\/hydraulic-cylinders.net\/?post_type=product&#038;p=1724"},"modified":"2025-04-11T02:53:46","modified_gmt":"2025-04-11T02:53:46","slug":"equipment-roller-press-cement-cylinder","status":"publish","type":"product","link":"https:\/\/www.hydraulic-cylinders.net\/lt\/produktas\/equipment-roller-press-cement-cylinder\/","title":{"rendered":"\u012eranga Volelinis presas Cemento cilindras"},"content":{"rendered":"<h1 style=\"text-align: center;\"><strong>\u012eranga Volelinis presas Cemento cilindras<\/strong><\/h1>\n<p><img loading=\"lazy\" decoding=\"async\" class=\"aligncenter wp-image-1726\" src=\"https:\/\/hydraulic-cylinders.net\/wp-content\/uploads\/2023\/10\/roller-press-cylinder-1-300x300.webp\" alt=\"\" width=\"400\" height=\"400\" \/><\/p>\n<p>Cemento preso \u012frangos cilindrinis volelis yra gyvybi\u0161kai svarbus cemento gamybos komponentas, specialiai sukurtas siekiant padidinti gamybos \u012fmoni\u0173 efektyvum\u0105 ir na\u0161um\u0105. D\u0117l i\u0161skirtini\u0173 savybi\u0173 ir tvirtos konstrukcijos jis yra b\u016btinas efektyviam voleli\u0173 presavimo ma\u0161in\u0173 veikimui.<\/p>\n<p>D\u0117l didelio atsparumo sl\u0117giui, tikslios gamybos ir pa\u017eangios sandarinimo technologijos voleliu presuojamas cemento cilindras u\u017etikrina patikim\u0105 ir efektyv\u0173 veikim\u0105. Laikydamiesi rekomenduojam\u0173 naudojimo metod\u0173 ir prie\u017ei\u016bros praktikos, galite maksimaliai padidinti cilindro na\u0161um\u0105 ir ilgaam\u017ei\u0161kum\u0105. Tai ne tik padidina j\u016bs\u0173 cemento operacij\u0173 efektyvum\u0105, bet ir prisideda prie bendro produktyvumo bei pelningumo.<\/p>\n<h2><strong>Cemento \u012frangos ritininio preso cilindro parametras:<\/strong><\/h2>\n<table border=\"1\" cellspacing=\"0\" cellpadding=\"0\">\n<tbody>\n<tr>\n<td>Produkto pavadinimas<\/td>\n<td>\u012eranga Volelinis presas Cemento cilindras<\/td>\n<\/tr>\n<tr>\n<td>Savyb\u0117s:<\/td>\n<td>U\u017etikrinkite spaustuko galvut\u0117s vidurin\u0119 pad\u0117t\u012f<\/td>\n<\/tr>\n<tr>\n<td>Skyl\u0117s skersmuo:<\/td>\n<td>200 mm ~ 700 mm<\/td>\n<\/tr>\n<tr>\n<td>Strypo skersmuo:<\/td>\n<td>130 mm ~ 500 mm<br \/>\nSm\u016bgis: \u2264500 mm<\/td>\n<\/tr>\n<tr>\n<td>Traukos j\u0117ga:<\/td>\n<td>Maksimalus 5387KN<br \/>\n(Cilindro skersmuo 700 mm \/ sl\u0117gis 14 MPa)<\/td>\n<\/tr>\n<tr>\n<td>Cemento \u012frangos ritininio preso cilindro pritaikymas:<\/td>\n<td>Cemento \u012franga<\/td>\n<\/tr>\n<\/tbody>\n<\/table>\n<div><\/div>\n<div class=\"txtboxR\">\n<div class=\"txtboxL\">\n<div class=\"txtboxL\">\n<div class=\"txtboxL\">\n<div class=\"txtboxL\">\n<div class=\"txtboxL\">\n<div class=\"txtboxL\">\n<div class=\"youhangitem\">\n<div class=\"youhangitem3\">\n<div class=\"txtbox clearfix\">\n<div class=\"txtboxL\"><strong>Savyb\u0117s: <\/strong>U\u017etikrinkite traukos\/valdymo ried\u0117jimo tarp\u0105<\/div>\n<div class=\"txtboxL\"><strong>Specifikacija:<\/strong><\/div>\n<div class=\"txtboxR\"><strong>Skyl\u0117s skersmuo:<\/strong> 200 mm ~ 700 mm<br \/>\n<strong>Strypo skersmuo:<\/strong> 130 mm ~ 500 mm<br \/>\n<strong>Insultas:<\/strong> \u2264500 mm<\/div>\n<div class=\"txtboxL\"><strong>Traukos j\u0117ga: <\/strong>Maksimalus 5387KN<br \/>\n(Cilindro skersmuo 700 mm \/ sl\u0117gis 14 MPa)<\/div>\n<\/div>\n<\/div>\n<\/div>\n<\/div>\n<\/div>\n<\/div>\n<div><\/div>\n<div><strong style=\"color: #333333; font-size: 26px;\">Cemento \u012frangos volelio preso cilindro pagrindin\u0117s charakteristikos:<\/strong><\/div>\n<\/div>\n<\/div>\n<\/div>\n<\/div>\n<h3><strong>Tvirta konstrukcija<\/strong><\/h3>\n<p>\u012erangos volelinis cemento preso cilindras pagamintas i\u0161 auk\u0161tos kokyb\u0117s med\u017eiag\u0173, u\u017etikrinan\u010di\u0173 i\u0161skirtin\u012f patvarum\u0105 ir ilgaam\u017ei\u0161kum\u0105 net ir sud\u0117tingomis cemento gamykl\u0173 s\u0105lygomis. Tvirta konstrukcija leid\u017eia jam atlaikyti didelius krovinius ir i\u0161laikyti optimal\u0173 na\u0161um\u0105 nepertraukiamo darbo metu.<\/p>\n<h3><strong>Didelis atsparumas sl\u0117giui<\/strong><\/h3>\n<p>Specialiai sukurtas auk\u0161to sl\u0117gio darbams, \u0161is cilindras puikiai tinka intensyvioms cemento presavimo ma\u0161inoms b\u016bdingoms s\u0105lygoms. Jis efektyviai valdo dideles j\u0117gas, susidaran\u010dias malant ir trupinant \u017ealiavas, u\u017etikrindamas patikim\u0105 ir efektyv\u0173 veikim\u0105.<\/p>\n<h3><strong>Tikslioji gamyba<\/strong><\/h3>\n<p>Kiekvienas cemento gamybos \u012frangos volelinio preso cilindras yra kruop\u0161\u010diai pagamintas, siekiant tiksli\u0173 matmen\u0173 ir grie\u017et\u0173 tolerancij\u0173. Toks tikslumo lygis u\u017etikrina skland\u0173 ir tiksl\u0173 jud\u0117jim\u0105, \u017eymiai padidindamas volelinio preso ma\u0161inos na\u0161um\u0105 ir na\u0161um\u0105.<\/p>\n<h3><strong>Pa\u017eangi sandarinimo technologija<\/strong><\/h3>\n<p>\u0160is cilindras, pasi\u017eymintis pa\u017eangiausia sandarinimo technologija, efektyviai apsaugo nuo hidraulinio skys\u010dio nuot\u0117kio. Patikimas sandarinimo mechanizmas ne tik suma\u017eina prastovas, bet ir suma\u017eina prie\u017ei\u016bros i\u0161laidas, taip padidindamas bendr\u0105 cemento gamybos proceso efektyvum\u0105.<\/p>\n<h2><strong>Elektrin\u0117 krosnis <\/strong><strong> Cilindr\u0173 gamykla:<\/strong><\/h2>\n<p><img loading=\"lazy\" decoding=\"async\" class=\"alignnone wp-image-1697 size-full\" src=\"https:\/\/hydraulic-cylinders.net\/wp-content\/uploads\/2023\/10\/filter-press-cylinder-1.webp\" alt=\"\" width=\"1418\" height=\"946\" srcset=\"https:\/\/hydraulic-cylinders.net\/wp-content\/uploads\/2023\/10\/filter-press-cylinder-1.webp 1418w, https:\/\/hydraulic-cylinders.net\/wp-content\/uploads\/2023\/10\/filter-press-cylinder-1-1280x854.webp 1280w, https:\/\/hydraulic-cylinders.net\/wp-content\/uploads\/2023\/10\/filter-press-cylinder-1-980x654.webp 980w, https:\/\/hydraulic-cylinders.net\/wp-content\/uploads\/2023\/10\/filter-press-cylinder-1-480x320.webp 480w\" sizes=\"(min-width: 0px) and (max-width: 480px) 480px, (min-width: 481px) and (max-width: 980px) 980px, (min-width: 981px) and (max-width: 1280px) 1280px, (min-width: 1281px) 1418px, 100vw\" \/><\/p>\n<h2><strong>Cemento \u012frangos ritininio preso cilindro naudojimo b\u016bdas<\/strong><strong>:<\/strong><\/h2>\n<h3><strong>\u012erengimas<\/strong><\/h3>\n<p>Prad\u0117kite laikydamiesi gamintojo nurodym\u0173, kad saugiai sumontuotum\u0117te <strong>\u012frangos volelis presas cemento cilindras<\/strong> ant ritininio preso ma\u0161inos. \u012esitikinkite, kad jis tinkamai i\u0161lygintas ir pritvirtintas, kad b\u016bt\u0173 u\u017etikrintas stabilus ir saugus veikimas.<\/p>\n<h3><strong>Hidraulin\u0117 jungtis<\/strong><\/h3>\n<p>Toliau prijunkite cilindr\u0105 prie ritininio preso hidraulin\u0117s sistemos naudodami atitinkamas hidraulines jungtis ir \u017earnas. Svarbu patikrinti, ar visos jungtys yra tvirtos ir be nuot\u0117ki\u0173, kad b\u016bt\u0173 i\u0161laikytas sistemos vientisumas.<\/p>\n<h3><strong>Sistemos kalibravimas<\/strong><\/h3>\n<p><img loading=\"lazy\" decoding=\"async\" class=\"size-full wp-image-8207 aligncenter\" src=\"https:\/\/www.hydraulic-cylinders.net\/wp-content\/uploads\/2023\/10\/hydraulic-system.webp\" alt=\"\" width=\"800\" height=\"450\" srcset=\"https:\/\/www.hydraulic-cylinders.net\/wp-content\/uploads\/2023\/10\/hydraulic-system.webp 800w, https:\/\/www.hydraulic-cylinders.net\/wp-content\/uploads\/2023\/10\/hydraulic-system-480x270.webp 480w\" sizes=\"(min-width: 0px) and (max-width: 480px) 480px, (min-width: 481px) 800px, 100vw\" \/><\/p>\n<p>Hidraulin\u0117s sistemos kalibravimas u\u017etikrina optimal\u0173 veikim\u0105 nuo <strong>\u012frangos volelis presas cemento cilindras<\/strong>. Nor\u0117dami pasiekti norimus veikimo parametrus, reguliuokite sl\u0117gio nustatymus ir srauto greit\u012f pagal gamintojo rekomendacijas.<\/p>\n<h3><strong>Valdymas ir valdymas<\/strong><\/h3>\n<p>\u012ejunkite hidraulin\u0119 sistem\u0105, kad prad\u0117tum\u0117te naudoti ritininio preso ma\u0161in\u0105. <strong>\u012frangos volelis presas cemento cilindras<\/strong> s\u0105veikaus su presavimo voleliais, sukurdamas reikiam\u0105 j\u0117g\u0105, kad efektyviai susmulkint\u0173 ir susmulkint\u0173 \u017ealiavas. Naudokite valdymo skydel\u012f arba s\u0105saj\u0105, kad steb\u0117tum\u0117te ir reguliuotum\u0117te cilindro pad\u0117t\u012f, sl\u0117g\u012f ir greit\u012f, u\u017etikrindami tiksl\u0173 ir efektyv\u0173 veikim\u0105.<\/p>\n<h2 id=\"the-pasted-async\"><strong>Kaip \u012frangos voleli\u0173 presavimo cemento cilindrai pagerina cemento gamybos efektyvum\u0105?<\/strong><\/h2>\n<h3 id=\"the-pasted-async\"><strong>Patobulintas med\u017eiag\u0173 \u0161lifavimas<\/strong><\/h3>\n<p><strong>Auk\u0161to sl\u0117gio taikymas:<\/strong> Cilindrai daro didel\u012f sl\u0117g\u012f \u017ealiavoms, tod\u0117l dalel\u0117s susmulkinamos efektyviau nei \u012fprasti malimo metodai. D\u0117l \u0161io proceso gaunamas smulkesnis produktas, kuris pagerina galutinio cemento kokyb\u0119.<br \/>\n<strong>Patobulintas daleli\u0173 pasiskirstymas:<\/strong> \u0160lifavimo procesas sukuria tolygesn\u012f daleli\u0173 dyd\u017eio pasiskirstym\u0105, kuris yra labai svarbus norint pasiekti pastovias cemento savybes.<\/p>\n<h3><strong>Suma\u017eintas energijos suvartojimas<\/strong><\/h3>\n<p><strong>Ma\u017eesn\u0117s energijos s\u0105naudos:<\/strong> D\u0117l efektyvaus \u0161lifavimo \u0161ie cilindrai sunaudoja ma\u017eiau energijos, tod\u0117l suma\u017e\u0117ja eksploatavimo i\u0161laidos. Ilgalaikio gamybos proceso metu energijos sutaupymas gali b\u016bti didelis.<br \/>\n<strong>Ma\u017eesnis \u012frangos nusid\u0117v\u0117jimas:<\/strong> Efektyvus \u0161lifavimas suma\u017eina kit\u0173 gamybos linijos komponent\u0173 apkrov\u0105, tod\u0117l suma\u017e\u0117ja bendr\u0173 operacij\u0173 energijos poreikis.<\/p>\n<h3><strong>Nuolatinis veikimas<\/strong><\/h3>\n<p><strong>Tvirtas dizainas:<\/strong> \u012eranga, sukurta atlaikyti at\u0161iaurias s\u0105lygas, gali veikti nuolat be da\u017en\u0173 gedim\u0173. \u0160is ilgaam\u017ei\u0161kumas yra b\u016btinas norint i\u0161laikyti auk\u0161t\u0105 gamybos na\u0161um\u0105.<br \/>\n<strong>Suma\u017eintas prastovos laikas:<\/strong> D\u0117l retesnio technin\u0117s prie\u017ei\u016bros poreikio ir galimyb\u0117s veikti nepertraukiamai, gamybos prastovos gerokai suma\u017e\u0117ja, tod\u0117l na\u0161umas yra pastovesnis.<\/p>\n<h3><strong>Tikslus valdymas<\/strong><\/h3>\n<p><img loading=\"lazy\" decoding=\"async\" class=\"size-full wp-image-8213 aligncenter\" src=\"https:\/\/www.hydraulic-cylinders.net\/wp-content\/uploads\/2023\/10\/Hydraulic-Cylinder-for-Cement-Roller.webp\" alt=\"\" width=\"550\" height=\"550\" srcset=\"https:\/\/www.hydraulic-cylinders.net\/wp-content\/uploads\/2023\/10\/Hydraulic-Cylinder-for-Cement-Roller.webp 550w, https:\/\/www.hydraulic-cylinders.net\/wp-content\/uploads\/2023\/10\/Hydraulic-Cylinder-for-Cement-Roller-480x480.webp 480w\" sizes=\"(min-width: 0px) and (max-width: 480px) 480px, (min-width: 481px) 550px, 100vw\" \/><\/p>\n<p><strong>Individualus apdorojimas:<\/strong> Operatoriai gali reguliuoti tokius parametrus kaip sl\u0117gis ir srautas, kad jie atitikt\u0173 konkre\u010dias med\u017eiagas ir gamybos reikalavimus. \u0160is lankstumas padeda optimizuoti malimo proces\u0105 skirting\u0173 tip\u0173 cementui.<br \/>\n<strong>Kokyb\u0117s nuoseklumas:<\/strong> Tikslus malimo proceso valdymas u\u017etikrina, kad cemento kokyb\u0117 i\u0161likt\u0173 pastovi, o tai labai svarbu norint atitikti pramon\u0117s standartus ir klient\u0173 l\u016bkes\u010dius.<\/p>\n<h3><strong>Erdv\u0117s efektyvumas<\/strong><\/h3>\n<p><strong>Kompakti\u0161kas dizainas:<\/strong> Ma\u017eesnis voleli\u0173 presavimo cilindr\u0173 plotas, palyginti su tradiciniais mal\u016bnais, leid\u017eia efektyviau i\u0161naudoti erdv\u0119 gamybos patalpose. Tai gali pagerinti darbo eig\u0105 ir proces\u0173 integracij\u0105.<br \/>\n<strong>Lankst\u016bs i\u0161d\u0117stymai:<\/strong> J\u0173 konstrukcija leid\u017eia lanks\u010diai i\u0161d\u0117styti gamyklas, tod\u0117l gamintojai gali prisitaikyti prie kintan\u010di\u0173 gamybos poreiki\u0173 arba pl\u0117stis be dideli\u0173 strukt\u016brini\u0173 pakeitim\u0173.<\/p>\n<h3><strong>Aplinkosaugin\u0117 nauda<\/strong><\/h3>\n<p><strong>Ma\u017eesnis CO2 i\u0161metimas:<\/strong> Suvartodami ma\u017eiau energijos ir pagerindami malimo proceso efektyvum\u0105, \u012frangos volelinio preso cemento cilindrai prisideda prie ma\u017eesnio su cemento gamyba susijusio anglies dioksido i\u0161metimo.<br \/>\n<strong>I\u0161tekli\u0173 i\u0161saugojimas:<\/strong> Efektyvus perdirbimas rei\u0161kia ma\u017eiau \u017ealiav\u0173 atliek\u0173, o tai padeda palaikyti tvaresn\u0119 gamybos praktik\u0105.<\/p>\n<h3><strong>Integracija su \u0161iuolaikin\u0117mis technologijomis<\/strong><\/h3>\n<p><strong>Automatizavimas ir steb\u0117jimas:<\/strong> Daugelyje \u0161iuolaikini\u0173 ritinini\u0173 pres\u0173 sistem\u0173 yra pa\u017eangios steb\u0117jimo ir valdymo sistemos, leid\u017eian\u010dios analizuoti duomenis ir juos koreguoti realiuoju laiku. \u0160i integracija padidina veiklos efektyvum\u0105 ir geb\u0117jim\u0105 reaguoti \u012f gamybos poreikius.<br \/>\n<strong>Suderinamumas su kitomis technologijomis:<\/strong> \u0160iuos cilindrus galima lengvai integruoti \u012f esamas gamybos linijas, tod\u0117l galima atlikti atnaujinimus be visi\u0161ko sistemos kapitalinio remonto.<\/p>\n<h2><strong>Gamyklos paj\u0117gumai ir talpa:<\/strong><\/h2>\n<h3><strong>(1) Surinkimas<\/strong><\/h3>\n<p>M\u016bs\u0173 gamykla gali pasigirti auk\u0161\u010diausio lygio nepriklausoma tyrim\u0173 ir pl\u0117tros surinkimo platforma, skirta hidraulini\u0173 cilindr\u0173 gamybai. Mes valdome keturias pusiau automatines k\u0117limo cilindr\u0173 surinkimo linijas ir vien\u0105 visi\u0161kai automatin\u0119 pakreipiam\u0173 cilindr\u0173 surinkimo linij\u0105, kuri\u0173 \u012fsp\u016bdingas metinis gamybos paj\u0117gumas siekia 1 milijon\u0105 cilindr\u0173.<img loading=\"lazy\" decoding=\"async\" class=\"aligncenter wp-image-626\" src=\"https:\/\/hydraulic-cylinders.net\/wp-content\/uploads\/2023\/08\/hydraulic-cylinder-product-1-300x158.webp\" alt=\"\" width=\"500\" height=\"263\" srcset=\"https:\/\/hydraulic-cylinders.net\/wp-content\/uploads\/2023\/08\/hydraulic-cylinder-product-1-300x158.webp 500w, https:\/\/hydraulic-cylinders.net\/wp-content\/uploads\/2023\/08\/hydraulic-cylinder-product-1-480x252.webp 480w\" sizes=\"(min-width: 0px) and (max-width: 480px) 480px, (min-width: 481px) 500px, 100vw\" \/><\/p>\n<p>M\u016bs\u0173 specializuotose cilindr\u0173 dirbtuv\u0117se naudojame \u012fvairioms specifikacijoms pritaikyt\u0105 pusiau automatin\u0119 valymo surinkimo sistem\u0105, galin\u010di\u0105 per metus pagaminti 200 000 cilindr\u0173. M\u016bs\u0173 dirbtuv\u0117s apr\u016bpintos pa\u017eangia CNC apdirbimo \u012franga, apdirbimo centru, didelio tikslumo cilindr\u0173 apdirbimo \u012frankiais, robot\u0173 suvirinimo aparatais, automatin\u0117mis valymo sistemomis ir automatizuota cilindr\u0173 surinkimo linija. Be to, turime visi\u0161kai automatizuot\u0105 da\u017eymo gamybos linij\u0105.<\/p>\n<p>Tur\u0117dami daugiau nei 300 svarbiausi\u0173 \u012frangos vienet\u0173, optimalus i\u0161tekli\u0173 paskirstymas u\u017etikrina, kad atitiktume grie\u017etus klient\u0173 keliamus tikslumo ir kokyb\u0117s standartus. \u0160is \u012fsipareigojimas efektyvumui ir precizi\u0161kumui i\u0161kelia mus \u012f hidraulini\u0173 cilindr\u0173 pramon\u0117s lyderi\u0173 pozicijas.<\/p>\n<p><img loading=\"lazy\" decoding=\"async\" class=\"aligncenter wp-image-627\" src=\"https:\/\/hydraulic-cylinders.net\/wp-content\/uploads\/2023\/08\/hydraulic-cylinder-product-2-300x189.webp\" alt=\"\" width=\"500\" height=\"315\" srcset=\"https:\/\/hydraulic-cylinders.net\/wp-content\/uploads\/2023\/08\/hydraulic-cylinder-product-2-300x189.webp 500w, https:\/\/hydraulic-cylinders.net\/wp-content\/uploads\/2023\/08\/hydraulic-cylinder-product-2-480x302.webp 480w\" sizes=\"(min-width: 0px) and (max-width: 480px) 480px, (min-width: 481px) 500px, 100vw\" \/><\/p>\n<h3><strong>(2) Apdirbimas<\/strong><\/h3>\n<p>M\u016bs\u0173 mechaninio apdirbimo dirbtuv\u0117se \u012frengta moderni \u012franga, \u012fskaitant individualiai pritaikyt\u0105 pasvirusi\u0173 b\u0117gi\u0173 tekinimo centr\u0105, tikslaus mechaninio apdirbimo centr\u0105, greitaeig\u012f galandimo stakles ir pa\u017eangius suvirinimo robotus. \u0160i moderni \u012franga leid\u017eia mums efektyviai apdirbti cilindrinius vamzd\u017eius, kuri\u0173 maksimalus vidinis skersmuo yra 400 mm, o ilgis \u2013 iki 6 metr\u0173.<\/p>\n<p><img loading=\"lazy\" decoding=\"async\" class=\"wp-image-628 size-large aligncenter\" src=\"https:\/\/hydraulic-cylinders.net\/wp-content\/uploads\/2023\/08\/hydraulic-cylinder-product-3-1024x391.webp\" alt=\"\" width=\"1024\" height=\"391\" srcset=\"https:\/\/hydraulic-cylinders.net\/wp-content\/uploads\/2023\/08\/hydraulic-cylinder-product-3-980x374.webp 980w, https:\/\/hydraulic-cylinders.net\/wp-content\/uploads\/2023\/08\/hydraulic-cylinder-product-3-480x183.webp 480w\" sizes=\"(min-width: 0px) and (max-width: 480px) 480px, (min-width: 481px) and (max-width: 980px) 980px, (min-width: 981px) 1024px, 100vw\" \/><\/p>\n<p>Naudodami pa\u017eangiausias technologijas, u\u017etikriname auk\u0161tos kokyb\u0117s apdirbim\u0105, kuris atitinka \u012fvairius hidraulini\u0173 cilindr\u0173 gamybos poreikius.<\/p>\n<h3><strong>(3) Suvirinimas<\/strong><\/h3>\n<p><img loading=\"lazy\" decoding=\"async\" class=\"wp-image-629 size-large aligncenter\" src=\"https:\/\/hydraulic-cylinders.net\/wp-content\/uploads\/2023\/08\/hydraulic-cylinder-product-4-1024x510.webp\" alt=\"\" width=\"1024\" height=\"510\" srcset=\"https:\/\/hydraulic-cylinders.net\/wp-content\/uploads\/2023\/08\/hydraulic-cylinder-product-4-980x488.webp 980w, https:\/\/hydraulic-cylinders.net\/wp-content\/uploads\/2023\/08\/hydraulic-cylinder-product-4-480x239.webp 480w\" sizes=\"(min-width: 0px) and (max-width: 480px) 480px, (min-width: 481px) and (max-width: 980px) 980px, (min-width: 981px) 1024px, 100vw\" \/><\/p>\n<h3><strong>(4) Da\u017eymas ir dengimas<\/strong><\/h3>\n<p><img loading=\"lazy\" decoding=\"async\" class=\"wp-image-630 aligncenter\" src=\"https:\/\/hydraulic-cylinders.net\/wp-content\/uploads\/2023\/08\/hydraulic-cylinder-product-5-300x213.webp\" alt=\"\" width=\"500\" height=\"355\" \/><\/p>\n<p>M\u016bs\u0173 gamykloje \u012frengtos pa\u017eangios automatin\u0117s vandens pagrindo da\u017e\u0173 dengimo linijos, specialiai sukurtos ma\u017eiems ir vidutinio dyd\u017eio cilindrams. \u0160iose linijose naudojama robot\u0173 technologija efektyviam pakrovimui, i\u0161krovimui ir pur\u0161kimui, pasiekiant \u012fsp\u016bding\u0105 4000 vienet\u0173 per pamain\u0105 gamybos paj\u0117gum\u0105.<\/p>\n<p><img loading=\"lazy\" decoding=\"async\" class=\"wp-image-631 aligncenter\" src=\"https:\/\/hydraulic-cylinders.net\/wp-content\/uploads\/2023\/08\/hydraulic-cylinder-product-6-300x225.webp\" alt=\"\" width=\"500\" height=\"375\" srcset=\"https:\/\/hydraulic-cylinders.net\/wp-content\/uploads\/2023\/08\/hydraulic-cylinder-product-6-300x225.webp 500w, https:\/\/hydraulic-cylinders.net\/wp-content\/uploads\/2023\/08\/hydraulic-cylinder-product-6-480x360.webp 480w\" sizes=\"(min-width: 0px) and (max-width: 480px) 480px, (min-width: 481px) 500px, 100vw\" \/><\/p>\n<p>Be to, mes eksploatuojame pusiau automatin\u0119 dideli\u0173 cilindr\u0173 da\u017e\u0173 gamybos linij\u0105, varom\u0105 tvirta j\u0117gos grandine, kurios projektinis na\u0161umas yra 60 d\u0117\u017ei\u0173 per pamain\u0105. \u0160is automatizavimo ir efektyvumo derinys u\u017etikrina auk\u0161t\u0105 vis\u0173 m\u016bs\u0173 hidraulini\u0173 cilindr\u0173 apdailos kokyb\u0119.<\/p>\n<h3><strong>(5) Testavimas<\/strong><\/h3>\n<p>Turime auk\u0161\u010diausios klas\u0117s patikros patalpas ir bandym\u0173 stendus, kad u\u017etikrintume, jog baliono veikimas atitinka reikalavimus.<\/p>\n<p><img loading=\"lazy\" decoding=\"async\" class=\"wp-image-632 aligncenter\" src=\"https:\/\/hydraulic-cylinders.net\/wp-content\/uploads\/2023\/08\/hydraulic-cylinder-product-8-300x200.webp\" alt=\"\" width=\"389\" height=\"260\" \/><\/p>\n<p>Esame \u017einomas gamintojas, gaminantis <a href=\"https:\/\/hzpt.com\/mobile-machinery-hydraulic-cylinder\/\" target=\"_blank\" rel=\"noopener\">hidrauliniai cilindrai<\/a>, pripa\u017eintas vienu geriausi\u0173 pramon\u0117je. M\u016bs\u0173 platus gamini\u0173 asortimentas apima plat\u0173 hidraulini\u0173 cilindr\u0173 asortiment\u0105, pritaikyt\u0105 \u012fvairioms reikm\u0117ms. Be hidraulini\u0173 cilindr\u0173, mes taip pat tiekiame auk\u0161tos kokyb\u0117s \u017eem\u0117s \u016bkio pavar\u0173 d\u0117\u017ees, u\u017etikrindami, kad m\u016bs\u0173 klientai tur\u0117t\u0173 prieig\u0105 prie i\u0161sami\u0173 sprendim\u0173, atitinkan\u010di\u0173 j\u0173 technikos poreikius.<\/p>\n<p>Siekdami meistri\u0161kumo, s\u0117kmingai eksportuojame savo gaminius klientams visame pasaulyje, u\u017esitarnaudami tvirt\u0105 reputacij\u0105 d\u0117l auk\u0161\u010diausios gamini\u0173 kokyb\u0117s ir i\u0161skirtinio aptarnavimo po pardavimo. M\u016bs\u0173 atsidavimas klient\u0173 pasitenkinimui leido mums tapti patikimu partneriu tiek vidaus, tiek tarptautin\u0117se rinkose.<\/p>\n<h2><strong>Kod\u0117l verta rinktis mus?<\/strong><\/h2>\n<p><img loading=\"lazy\" decoding=\"async\" class=\"size-full wp-image-7201 aligncenter\" src=\"https:\/\/www.hydraulic-cylinders.net\/wp-content\/uploads\/2024\/09\/mining-dump-steering-cylinder-hydraulics-on-trucks-8.webp\" alt=\"\" width=\"1110\" height=\"735\" srcset=\"https:\/\/www.hydraulic-cylinders.net\/wp-content\/uploads\/2024\/09\/mining-dump-steering-cylinder-hydraulics-on-trucks-8.webp 1110w, https:\/\/www.hydraulic-cylinders.net\/wp-content\/uploads\/2024\/09\/mining-dump-steering-cylinder-hydraulics-on-trucks-8-980x649.webp 980w, https:\/\/www.hydraulic-cylinders.net\/wp-content\/uploads\/2024\/09\/mining-dump-steering-cylinder-hydraulics-on-trucks-8-480x318.webp 480w\" sizes=\"(min-width: 0px) and (max-width: 480px) 480px, (min-width: 481px) and (max-width: 980px) 980px, (min-width: 981px) 1110px, 100vw\" \/><\/p>\n<p><strong>Profesin\u0117 kompetencija:<\/strong> M\u016bs\u0173 komand\u0105 sudaro \u0161ios srities profesionalai, turintys didel\u0119 patirt\u012f ir \u017einias hidraulini\u0173 sistem\u0173 srityje, tod\u0117l u\u017etikriname auk\u0161\u010diausios klas\u0117s produkt\u0173 ir paslaug\u0173 tiekim\u0105.<\/p>\n<p><strong>Tarptautiniai sertifikatai:<\/strong> Laikom\u0117s grie\u017et\u0173 kokyb\u0117s standart\u0173 ir turime \u012fvairius tarptautinius sertifikatus, kurie rodo m\u016bs\u0173 \u012fsipareigojim\u0105 tiekti patikimus ir saugius hidraulinius sprendimus.<\/p>\n<p><strong>Individual\u016bs sprendimai:<\/strong> Suprantame, kad kiekvieno kliento poreikiai yra unikal\u016bs. Tod\u0117l si\u016blome individualiai pritaikytus hidraulinius cilindrus ir pavar\u0173 d\u0117\u017ees.<\/p>\n<p><strong>Pa\u017eangi gamybos \u012franga:<\/strong> M\u016bs\u0173 gamybos \u012frenginiai yra modern\u016bs ir juose naudojamos naujausios technologijos bei \u012franga, tod\u0117l galime efektyviai gaminti auk\u0161tos kokyb\u0117s produktus.<\/p>\n<p><strong>I\u0161sami garantija po pardavimo:<\/strong> M\u016bs\u0173 \u012fsipareigojimas klientams neapsiriboja vien pardavimu. Teikiame nuolatin\u0119 pagalb\u0105 ir prie\u017ei\u016bros paslaugas, kad u\u017etikrintume optimal\u0173 m\u016bs\u0173 gamini\u0173 veikim\u0105.<\/p>\n<p>Kvie\u010diame klientus i\u0161 viso pasaulio susisiekti su mumis d\u0117l verslo deryb\u0173, keitimosi informacija ir bendradarbiavimo galimybi\u0173. Kartu galime pasiekti didesn\u0117s s\u0117km\u0117s hidraulikos pramon\u0117je!<\/p>","protected":false},"excerpt":{"rendered":"<p>Equipment Roller Press Cement Cylinder The equipment roller press cement cylinder is a vital component in cement production, specifically designed to boost efficiency and productivity in manufacturing plants. Its exceptional characteristics and robust construction make it indispensable for effectively operating roller press machines. With its high-pressure resistance, precision manufacturing, and advanced sealing technology, the equipment [&hellip;]<\/p>","protected":false},"featured_media":1727,"comment_status":"open","ping_status":"closed","template":"","meta":{"_et_pb_use_builder":"","_et_pb_old_content":"","_et_gb_content_width":""},"product_brand":[],"product_cat":[1520,1549],"product_tag":[1380],"class_list":{"0":"post-1724","1":"product","2":"type-product","3":"status-publish","4":"has-post-thumbnail","6":"product_cat-concrete-equipment-hydraulic-cylinders","7":"product_cat-single-acting-hydraulic-cylinder","8":"product_tag-hydraulic-cylinder","10":"first","11":"instock","12":"shipping-taxable","13":"product-type-simple"},"amp_enabled":true,"_links":{"self":[{"href":"https:\/\/www.hydraulic-cylinders.net\/lt\/wp-json\/wp\/v2\/product\/1724","targetHints":{"allow":["GET"]}}],"collection":[{"href":"https:\/\/www.hydraulic-cylinders.net\/lt\/wp-json\/wp\/v2\/product"}],"about":[{"href":"https:\/\/www.hydraulic-cylinders.net\/lt\/wp-json\/wp\/v2\/types\/product"}],"replies":[{"embeddable":true,"href":"https:\/\/www.hydraulic-cylinders.net\/lt\/wp-json\/wp\/v2\/comments?post=1724"}],"wp:featuredmedia":[{"embeddable":true,"href":"https:\/\/www.hydraulic-cylinders.net\/lt\/wp-json\/wp\/v2\/media\/1727"}],"wp:attachment":[{"href":"https:\/\/www.hydraulic-cylinders.net\/lt\/wp-json\/wp\/v2\/media?parent=1724"}],"wp:term":[{"taxonomy":"product_brand","embeddable":true,"href":"https:\/\/www.hydraulic-cylinders.net\/lt\/wp-json\/wp\/v2\/product_brand?post=1724"},{"taxonomy":"product_cat","embeddable":true,"href":"https:\/\/www.hydraulic-cylinders.net\/lt\/wp-json\/wp\/v2\/product_cat?post=1724"},{"taxonomy":"product_tag","embeddable":true,"href":"https:\/\/www.hydraulic-cylinders.net\/lt\/wp-json\/wp\/v2\/product_tag?post=1724"}],"curies":[{"name":"wp","href":"https:\/\/api.w.org\/{rel}","templated":true}]}}