{"id":1728,"date":"2023-10-12T03:34:42","date_gmt":"2023-10-12T03:34:42","guid":{"rendered":"https:\/\/hydraulic-cylinders.net\/?post_type=product&#038;p=1728"},"modified":"2025-04-11T02:53:43","modified_gmt":"2025-04-11T02:53:43","slug":"cement-equipment-vertical-mill-cylinder","status":"publish","type":"product","link":"https:\/\/www.hydraulic-cylinders.net\/lt\/produktas\/cement-equipment-vertical-mill-cylinder\/","title":{"rendered":"Cemento \u012frangos vertikalus mal\u016bno cilindras"},"content":{"rendered":"<h1 style=\"text-align: center;\"><strong>Cemento \u012frangos vertikalus mal\u016bno cilindras<\/strong><\/h1>\n<p><img loading=\"lazy\" decoding=\"async\" class=\"aligncenter wp-image-1729\" src=\"https:\/\/hydraulic-cylinders.net\/wp-content\/uploads\/2023\/10\/vertical-mill-cylinder-1-300x300.webp\" alt=\"\" width=\"400\" height=\"400\" \/><\/p>\n<p>Cemento \u012frangos vertikalus mal\u016bno cilindras yra labai svarbus cemento gamybos proceso komponentas, skirtas pagerinti cemento gamykl\u0173 efektyvum\u0105 ir na\u0161um\u0105. \u0160is cilindras atlieka gyvybi\u0161kai svarb\u0173 vaidmen\u012f vertikaliuose voleliniuose mal\u016bnuose, kurie pla\u010diai naudojami \u017ealiavoms ir klinkeriui malti cemento pramon\u0117je.<\/p>\n<p>Cemento \u012frangos vertikalus mal\u016bno cilindras yra labai svarbus cemento gamybos komponentas, didinantis cemento gamykl\u0173 efektyvum\u0105 ir na\u0161um\u0105. \u0160is cilindras u\u017etikrina patikim\u0105 ir efektyv\u0173 veikim\u0105 d\u0117l tvirtos konstrukcijos, atsparumo auk\u0161tam sl\u0117giui, tikslaus apdirbimo ir pa\u017eangios sandarinimo technologijos. Laikydamiesi rekomenduojam\u0173 naudojimo metod\u0173 ir prie\u017ei\u016bros praktikos, galite maksimaliai padidinti cemento \u012frangos vertikalaus mal\u016bno cilindro na\u0161um\u0105 ir ilgaam\u017ei\u0161kum\u0105, galiausiai pagerindami cemento gamybos operacij\u0173 na\u0161um\u0105 ir pelningum\u0105.<\/p>\n<p>Cemento \u012frangos vertikalaus mal\u016bno cilindro pagrindin\u0117s charakteristikos:<\/p>\n<ol>\n<li>Tvirta konstrukcija:<\/li>\n<\/ol>\n<ul>\n<li>Pagaminta i\u0161 auk\u0161tos kokyb\u0117s med\u017eiag\u0173, u\u017etikrinan\u010di\u0173 ilgaam\u017ei\u0161kum\u0105 sud\u0117tingomis cemento gamykl\u0173 s\u0105lygomis.<\/li>\n<li>Jis atlaiko dideles apkrovas ir i\u0161laiko optimal\u0173 na\u0161um\u0105 \u0161lifavimo proceso metu.<\/li>\n<\/ul>\n<ol start=\"2\">\n<li>Didelis atsparumas sl\u0117giui:<\/li>\n<\/ol>\n<ul>\n<li>Specialiai sukurta atlaikyti auk\u0161t\u0105 sl\u0117g\u012f, da\u017eniausiai pasitaikant\u012f vertikaliuose vol\u0173 stakl\u0117se.<\/li>\n<li>Atlaiko dideles j\u0117gas, susidaran\u010dias malant \u017ealiavas ir klinker\u012f.<\/li>\n<\/ul>\n<ol start=\"3\">\n<li>Tikslus apdirbimas:<\/li>\n<\/ol>\n<ul>\n<li>Tiksliai apdirbamas, kad b\u016bt\u0173 u\u017etikrinti tiksl\u016bs matmenys ir grie\u017eti tolerancijos reikalavimai.<\/li>\n<li>U\u017etikrina skland\u0173 ir tiksl\u0173 jud\u0117jim\u0105, prisidedant prie bendro na\u0161umo ir na\u0161umo.<\/li>\n<\/ul>\n<ol start=\"4\">\n<li>Pa\u017eangi sandarinimo technologija:<\/li>\n<\/ol>\n<ul>\n<li>\u012erengta pa\u017eangi sandarinimo technologija, apsauganti nuo hidraulinio skys\u010dio nuot\u0117kio.<\/li>\n<li>Patikimas sandarinimas suma\u017eina prastovas, suma\u017eina prie\u017ei\u016bros i\u0161laidas ir padidina efektyvum\u0105.<\/li>\n<\/ul>\n<h2><strong>Cemento \u012frangos vertikalaus mal\u016bno cilindro parametras:<\/strong><\/h2>\n<table border=\"1\" cellspacing=\"0\" cellpadding=\"0\">\n<tbody>\n<tr>\n<td>Produkto pavadinimas<\/td>\n<td>Cemento \u012frangos vertikalus mal\u016bno cilindras<\/td>\n<\/tr>\n<tr>\n<td>Savyb\u0117s:<\/td>\n<td>U\u017etikrinkite spaustuko galvut\u0117s vidurin\u0119 pad\u0117t\u012f<\/td>\n<\/tr>\n<tr>\n<td>Skyl\u0117s skersmuo:<\/td>\n<td>200 mm ~ 700 mm<\/td>\n<\/tr>\n<tr>\n<td>Strypo skersmuo:<\/td>\n<td>130 mm ~ 500 mm<br \/>\nSm\u016bgis: \u2264500 mm<\/td>\n<\/tr>\n<tr>\n<td>Traukos j\u0117ga:<\/td>\n<td>Maksimalus 5387KN<br \/>\n(Cilindro skersmuo 700 mm \/ sl\u0117gis 14 MPa)<\/td>\n<\/tr>\n<tr>\n<td>Cemento \u012frangos vertikali\u0173 mal\u016bn\u0173 cilindr\u0173 pritaikymas:<\/td>\n<td>Cemento \u012franga<\/td>\n<\/tr>\n<\/tbody>\n<\/table>\n<div><\/div>\n<div>\n<div class=\"txtboxL\">Savyb\u0117s:<\/div>\n<div class=\"txtboxR\">U\u017etikrinkite \u012ftempim\u0105 \/ kontroliuokite tarp\u0105 tarp \u0161lifavimo voleli\u0173<\/div>\n<div class=\"txtboxL\">Specifikacija:<\/div>\n<div class=\"txtboxR\">Skyl\u0117s skersmuo: 260 mm ~ 540 mm<br \/>\nStrypo skersmuo: 130 mm ~ 265 mm<br \/>\nSm\u016bgis: \u22644000 mm<\/div>\n<div class=\"txtboxL\">Traukos j\u0117ga:<\/div>\n<div class=\"txtboxR\">Maksimaliai 2646 kN<br \/>\n(Cilindro skersmuo 540 mm \/ sl\u0117gis 21 MPa)<\/div>\n<\/div>\n<h2><strong>Elektrin\u0117 krosnis <\/strong><strong> Cilindr\u0173 gamykla:<\/strong><\/h2>\n<p><img loading=\"lazy\" decoding=\"async\" class=\"alignnone wp-image-1697 size-full\" src=\"https:\/\/hydraulic-cylinders.net\/wp-content\/uploads\/2023\/10\/filter-press-cylinder-1.webp\" alt=\"\" width=\"1418\" height=\"946\" srcset=\"https:\/\/hydraulic-cylinders.net\/wp-content\/uploads\/2023\/10\/filter-press-cylinder-1.webp 1418w, https:\/\/hydraulic-cylinders.net\/wp-content\/uploads\/2023\/10\/filter-press-cylinder-1-1280x854.webp 1280w, https:\/\/hydraulic-cylinders.net\/wp-content\/uploads\/2023\/10\/filter-press-cylinder-1-980x654.webp 980w, https:\/\/hydraulic-cylinders.net\/wp-content\/uploads\/2023\/10\/filter-press-cylinder-1-480x320.webp 480w\" sizes=\"(min-width: 0px) and (max-width: 480px) 480px, (min-width: 481px) and (max-width: 980px) 980px, (min-width: 981px) and (max-width: 1280px) 1280px, (min-width: 1281px) 1418px, 100vw\" \/><\/p>\n<h2><strong>Cemento \u012frangos vertikalaus mal\u016bno cilindro naudojimo metodas<\/strong><strong>:<\/strong><\/h2>\n<ol>\n<li><strong>\u012erengimas:<\/strong><\/li>\n<\/ol>\n<ul>\n<li>Laikykit\u0117s gamintojo nurodym\u0173, kaip saugiai sumontuoti ant vertikalios vol\u0173 mal\u016bno.<\/li>\n<li>U\u017etikrinkite tinkam\u0105 i\u0161lygiavim\u0105 ir pritvirtinim\u0105, kad veikimas b\u016bt\u0173 stabilus ir saugus.<\/li>\n<\/ul>\n<ol start=\"2\">\n<li><strong>Hidraulin\u0117 jungtis:<\/strong><\/li>\n<\/ol>\n<ul>\n<li>Prijunkite cilindr\u0105 prie hidraulin\u0117s sistemos naudodami atitinkamas jungtis ir \u017earnas.<\/li>\n<li>Patikrinkite tvirtas jungtis be joki\u0173 nuot\u0117ki\u0173.<\/li>\n<\/ul>\n<ol start=\"3\">\n<li><strong>Sistemos kalibravimas:<\/strong><\/li>\n<\/ol>\n<ul>\n<li>Hidraulin\u0117s sistemos kalibravimas optimizuoja cilindro veikim\u0105.<\/li>\n<li>Sl\u0117gio ir srauto nustatymus reguliuokite pagal gamintojo rekomendacijas.<\/li>\n<\/ul>\n<ol start=\"4\">\n<li><strong>Valdymas ir valdymas:<\/strong><\/li>\n<\/ol>\n<ul>\n<li>\u012ejunkite hidraulin\u0119 sistem\u0105, kad prad\u0117tum\u0117te vertikalaus volo mal\u016bno veikim\u0105.<\/li>\n<li>Cilindras s\u0105veikauja su \u0161lifavimo voleliais, sukurdamas reikiam\u0105 j\u0117g\u0105 \u0161lifavimui ir susmulkinimui.<\/li>\n<li>Steb\u0117kite ir reguliuokite cilindro pad\u0117t\u012f, sl\u0117g\u012f ir greit\u012f per valdymo skydel\u012f arba s\u0105saj\u0105.<\/li>\n<\/ul>\n<h2><strong>Kaip atnaujinti hidraulinius cilindrus?<\/strong><\/h2>\n<p>Hidraulini\u0173 cilindr\u0173 atnaujinimas gali pad\u0117ti atkurti j\u0173 funkcionalum\u0105 ir pailginti j\u0173 tarnavimo laik\u0105. \u010cia pateikiamas bendras hidraulini\u0173 cilindr\u0173 atnaujinimo vadovas:<\/p>\n<ol>\n<li><strong>Surinkite \u012frankius ir med\u017eiagas:<\/strong>\n<ul>\n<li>Apsaugin\u0117s pir\u0161tin\u0117s ir akiniai<\/li>\n<li>Ver\u017eliarak\u010diai ir lizdai<\/li>\n<li>\u012erankis lau\u017etuvui arba sandariklio nu\u0117mimui<\/li>\n<li>Guminis plaktukas arba plaktukas<\/li>\n<li>Cilindro remonto komplektas (\u012fskaitant sandariklius, O formos \u017eiedus ir kitus reikalingus komponentus)<\/li>\n<li>Hidraulinis skystis<\/li>\n<li>\u0160var\u016bs skudurai arba rank\u0161luos\u010diai<\/li>\n<\/ul>\n<\/li>\n<li><strong>Saugos priemon\u0117s:<\/strong>\n<ul>\n<li>Prie\u0161 prad\u0117dami remonto proces\u0105, \u012fsitikinkite, kad hidraulin\u0117je sistemoje n\u0117ra sl\u0117gio, o cilindras yra visi\u0161kai \u012ftrauktas.<\/li>\n<li>M\u016bv\u0117kite apsaugines pir\u0161tines ir akinius, kad apsisaugotum\u0117te nuo bet koki\u0173 galim\u0173 pavoj\u0173.<\/li>\n<\/ul>\n<\/li>\n<li><strong>Nuimkite cilindr\u0105:<\/strong>\n<ul>\n<li>Atjunkite hidraulines linijas nuo cilindro naudodami ver\u017eliarak\u010dius arba lizdus.<\/li>\n<li>Nor\u0117dami atsargiai nuimti st\u016bmokl\u012f arba liauk\u0105 nuo cilindro korpuso, naudokite lau\u017etuv\u0105 arba sandariklio \u0161alinimo \u012frank\u012f.<\/li>\n<li>Patikrinkite cilindro komponentus, ar n\u0117ra koki\u0173 nors pa\u017eeidim\u0173 ar susid\u0117v\u0117jimo po\u017eymi\u0173.<\/li>\n<\/ul>\n<\/li>\n<li><strong>I\u0161ardykite cilindr\u0105:<\/strong>\n<ul>\n<li>Atsargiai i\u0161ardykite cilindr\u0105, nuimdami tvirtinimo \u017eiedus arba var\u017etus, kurie laiko \u012fvairius komponentus kartu.<\/li>\n<li>Nor\u0117dami tiksliai surinkti, atkreipkite d\u0117mes\u012f \u012f komponent\u0173 tvark\u0105 ir i\u0161d\u0117stym\u0105.<\/li>\n<\/ul>\n<\/li>\n<li><strong>I\u0161valyti ir ap\u017ei\u016br\u0117ti:<\/strong>\n<ul>\n<li>Kruop\u0161\u010diai nuvalykite visus cilindro komponentus tinkamu tirpikliu, kad pa\u0161alintum\u0117te ne\u0161varumus, \u0161iuk\u0161les ir sen\u0105 hidraulin\u012f skyst\u012f.<\/li>\n<li>Patikrinkite komponentus, ar n\u0117ra koki\u0173 nors pa\u017eeidim\u0173, susid\u0117v\u0117jimo ar \u012fdubim\u0173 po\u017eymi\u0173. Pakeiskite visas pa\u017eeistas ar susid\u0117v\u0117jusias dalis.<\/li>\n<\/ul>\n<\/li>\n<li><strong>Pakeiskite sandariklius ir O formos \u017eiedus:<\/strong>\n<ul>\n<li>\u017di\u016br\u0117kite cilindro remonto rinkin\u012f ir nustatykite tinkamus sandariklius ir O \u017eiedus, kuriuos reikia pakeisti.<\/li>\n<li>\u012estatykite naujus sandariklius ir O \u017eiedus pagal gamintojo instrukcijas ir naudodami tinkam\u0105 tepimo priemon\u0119.<\/li>\n<\/ul>\n<\/li>\n<li><strong>Surinkite cilindr\u0105 i\u0161 naujo:<\/strong>\n<ul>\n<li>Prad\u0117kite cilindro surinkim\u0105 atsargiai \u012fd\u0117dami st\u016bmokl\u012f arba liauk\u0105 atgal \u012f cilindro korpus\u0105.<\/li>\n<li>Pritvirtinkite tvirtinimo \u017eiedus arba var\u017etus, kad pritvirtintum\u0117te komponentus.<\/li>\n<li>I\u0161montavimo metu laikykit\u0117s teisingos komponent\u0173 eil\u0117s tvarkos ir i\u0161d\u0117stymo, kaip nurodyta.<\/li>\n<\/ul>\n<\/li>\n<li><strong>Testavimas ir diegimas i\u0161 naujo:<\/strong>\n<ul>\n<li>Surinkus cilindr\u0105, rankiniu b\u016bdu patikrinkite jo jud\u0117jim\u0105, kad \u012fsitikintum\u0117te, jog jis veikia skland\u017eiai.<\/li>\n<li>Prijunkite hidraulines linijas ir \u012fsitikinkite, kad jos yra tinkamai priver\u017etos.<\/li>\n<li>Pripildykite hidraulin\u0119 sistem\u0105 rekomenduojamu hidrauliniu skys\u010diu.<\/li>\n<\/ul>\n<\/li>\n<li><strong>Patikrinkite, ar n\u0117ra nuot\u0117ki\u0173 ir ar veikia:<\/strong>\n<ul>\n<li>Paleiskite hidraulin\u0119 sistem\u0105 ir atid\u017eiai steb\u0117kite cilindr\u0105, ar n\u0117ra koki\u0173 nors nuot\u0117kio po\u017eymi\u0173.<\/li>\n<li>Steb\u0117kite cilindro veikim\u0105 ir u\u017etikrinkite, kad jis veikt\u0173 skland\u017eiai, be joki\u0173 problem\u0173.<\/li>\n<\/ul>\n<\/li>\n<\/ol>\n<h2><strong>Gamyklos paj\u0117gumai ir talpa:<\/strong><\/h2>\n<h3>(1) Surinkimas<\/h3>\n<p>Turime pirmos klas\u0117s nepriklausom\u0105 tyrim\u0173 ir pl\u0117tros surinkimo platform\u0105. Hidraulini\u0173 cilindr\u0173 gamybos ceche yra keturios pusiau automatin\u0117s k\u0117limo cilindr\u0173 surinkimo linijos ir viena automatin\u0117 pakreipimo cilindr\u0173 surinkimo linija, kuri\u0173 projektinis metinis gamybos paj\u0117gumas yra 1 milijonas vienet\u0173. Speciali\u0173j\u0173 cilindr\u0173 ceche \u012frengta \u012fvairi\u0173 specifikacij\u0173 pusiau automatin\u0117 valymo surinkimo sistema, kurios projektinis metinis gamybos paj\u0117gumas yra 200 000 vienet\u0173, ir garsi CNC apdirbimo \u012franga, apdirbimo centras, didelio tikslumo cilindr\u0173 apdirbimo speciali \u012franga, robotinis suvirinimo aparatas, automatinis valymo aparatas, automatinis cilindr\u0173 surinkimo aparatas ir automatin\u0117 da\u017eymo gamybos linija. Esama daugiau nei 300 rinkini\u0173 (komplekt\u0173) kritin\u0117 \u012franga. Optimalus \u012frangos i\u0161tekli\u0173 paskirstymas ir efektyvus naudojimas u\u017etikrina gamini\u0173 tikslumo reikalavimus ir auk\u0161tus gamini\u0173 kokyb\u0117s poreikius.<\/p>\n<p><img loading=\"lazy\" decoding=\"async\" class=\"alignnone wp-image-626\" src=\"https:\/\/hydraulic-cylinders.net\/wp-content\/uploads\/2023\/08\/hydraulic-cylinder-product-1-300x158.webp\" alt=\"\" width=\"495\" height=\"260\" srcset=\"https:\/\/hydraulic-cylinders.net\/wp-content\/uploads\/2023\/08\/hydraulic-cylinder-product-1-300x158.webp 495w, https:\/\/hydraulic-cylinders.net\/wp-content\/uploads\/2023\/08\/hydraulic-cylinder-product-1-480x252.webp 480w\" sizes=\"(min-width: 0px) and (max-width: 480px) 480px, (min-width: 481px) 495px, 100vw\" \/> <img loading=\"lazy\" decoding=\"async\" class=\"alignnone wp-image-627\" src=\"https:\/\/hydraulic-cylinders.net\/wp-content\/uploads\/2023\/08\/hydraulic-cylinder-product-2-300x189.webp\" alt=\"\" width=\"413\" height=\"260\" \/><\/p>\n<h3>(2) Apdirbimas<\/h3>\n<p>Mechaninio apdirbimo ceche \u012frengtas pritaikytas nuo\u017eulnaus b\u0117gio tekinimo centras, apdirbimo centras, greitaeigis galandimo stakl\u0117s, suvirinimo robotas ir kita susijusi \u012franga, galinti apdirbti cilindrinius vamzd\u017eius, kuri\u0173 maksimalus vidinis skersmuo yra 400 mm, o maksimalus ilgis \u2013 6 metrai.<\/p>\n<p><img loading=\"lazy\" decoding=\"async\" class=\"alignnone wp-image-628 size-large\" src=\"https:\/\/hydraulic-cylinders.net\/wp-content\/uploads\/2023\/08\/hydraulic-cylinder-product-3-1024x391.webp\" alt=\"\" width=\"1024\" height=\"391\" srcset=\"https:\/\/hydraulic-cylinders.net\/wp-content\/uploads\/2023\/08\/hydraulic-cylinder-product-3-980x374.webp 980w, https:\/\/hydraulic-cylinders.net\/wp-content\/uploads\/2023\/08\/hydraulic-cylinder-product-3-480x183.webp 480w\" sizes=\"(min-width: 0px) and (max-width: 480px) 480px, (min-width: 481px) and (max-width: 980px) 980px, (min-width: 981px) 1024px, 100vw\" \/><\/p>\n<h3>(3) Suvirinimas<\/h3>\n<p><img loading=\"lazy\" decoding=\"async\" class=\"alignnone wp-image-629 size-large\" src=\"https:\/\/hydraulic-cylinders.net\/wp-content\/uploads\/2023\/08\/hydraulic-cylinder-product-4-1024x510.webp\" alt=\"\" width=\"1024\" height=\"510\" srcset=\"https:\/\/hydraulic-cylinders.net\/wp-content\/uploads\/2023\/08\/hydraulic-cylinder-product-4-980x488.webp 980w, https:\/\/hydraulic-cylinders.net\/wp-content\/uploads\/2023\/08\/hydraulic-cylinder-product-4-480x239.webp 480w\" sizes=\"(min-width: 0px) and (max-width: 480px) 480px, (min-width: 481px) and (max-width: 980px) 980px, (min-width: 981px) 1024px, 100vw\" \/><\/p>\n<h3>(4) Da\u017eymas ir dengimas<\/h3>\n<p>Su ma\u017eomis ir vidutinio dyd\u017eio cilindrin\u0117mis automatin\u0117mis vandens pagrindo da\u017e\u0173 dengimo linijomis, siekiant automatinio robot\u0173 pakrovimo ir i\u0161krovimo bei automatinio pur\u0161kimo, projektinis paj\u0117gumas yra 4000 vienet\u0173 per pamain\u0105;<br \/>\nTaip pat turime pusiau automatin\u0119 dideli\u0173 cilindr\u0173 da\u017e\u0173 gamybos linij\u0105, varom\u0105 grandin\u0117s, kurios projektinis na\u0161umas yra 60 d\u0117\u017ei\u0173 per pamain\u0105.<\/p>\n<p><img loading=\"lazy\" decoding=\"async\" class=\"alignnone wp-image-630\" src=\"https:\/\/hydraulic-cylinders.net\/wp-content\/uploads\/2023\/08\/hydraulic-cylinder-product-5-300x213.webp\" alt=\"\" width=\"366\" height=\"260\" \/> <img loading=\"lazy\" decoding=\"async\" class=\"alignnone wp-image-631\" src=\"https:\/\/hydraulic-cylinders.net\/wp-content\/uploads\/2023\/08\/hydraulic-cylinder-product-6-300x225.webp\" alt=\"\" width=\"347\" height=\"260\" \/><\/p>\n<h3>(5) Testavimas<\/h3>\n<p>Turime auk\u0161\u010diausios klas\u0117s patikros patalpas ir bandym\u0173 stendus, kad u\u017etikrintume, jog baliono veikimas atitinka reikalavimus.<\/p>\n<p><img loading=\"lazy\" decoding=\"async\" class=\"alignnone wp-image-632\" src=\"https:\/\/hydraulic-cylinders.net\/wp-content\/uploads\/2023\/08\/hydraulic-cylinder-product-8-300x200.webp\" alt=\"\" width=\"389\" height=\"260\" \/><\/p>\n<p>&nbsp;<\/p>\n<p>&nbsp;<\/p>\n<p>Esame vienas geriausi\u0173 hidraulini\u0173 cilindr\u0173 gamintoj\u0173. Galime pasi\u016blyti i\u0161samius hidraulinius cilindrus. Taip pat teikiame atitinkamus <a href=\"https:\/\/hzpt.com\/agricultural-pto-gearbox\/\" target=\"_blank\" rel=\"noopener\">\u017eem\u0117s \u016bkio pavar\u0173 d\u0117\u017e\u0117s<\/a>Mes eksportuojame savo gaminius klientams visame pasaulyje ir peln\u0117me ger\u0105 reputacij\u0105 d\u0117l auk\u0161\u010diausios gamini\u0173 kokyb\u0117s ir aptarnavimo po pardavimo. Mes laukiame klient\u0173 \u0161alyje ir u\u017esienyje, norin\u010di\u0173 susisiekti su mumis der\u0117tis d\u0117l verslo, keistis informacija ir... <a href=\"https:\/\/www.hydraulic-cylinders.net\/lt\/contact-us\/\">bendradarbiauti su mumis<\/a>!<\/p>","protected":false},"excerpt":{"rendered":"<p>Cement Equipment Vertical Mill Cylinder The cement equipment vertical mill cylinder is a crucial component in the cement manufacturing process, designed to improve efficiency and productivity in cement plants. This cylinder plays a vital role in vertical roller mills, which are widely used for grinding raw materials and clinker in the cement industry. The cement [&hellip;]<\/p>","protected":false},"featured_media":1730,"comment_status":"open","ping_status":"closed","template":"","meta":{"_et_pb_use_builder":"","_et_pb_old_content":"","_et_gb_content_width":""},"product_brand":[],"product_cat":[1520,1549],"product_tag":[1380],"class_list":{"0":"post-1728","1":"product","2":"type-product","3":"status-publish","4":"has-post-thumbnail","6":"product_cat-concrete-equipment-hydraulic-cylinders","7":"product_cat-single-acting-hydraulic-cylinder","8":"product_tag-hydraulic-cylinder","10":"first","11":"instock","12":"shipping-taxable","13":"product-type-simple"},"amp_enabled":true,"_links":{"self":[{"href":"https:\/\/www.hydraulic-cylinders.net\/lt\/wp-json\/wp\/v2\/product\/1728","targetHints":{"allow":["GET"]}}],"collection":[{"href":"https:\/\/www.hydraulic-cylinders.net\/lt\/wp-json\/wp\/v2\/product"}],"about":[{"href":"https:\/\/www.hydraulic-cylinders.net\/lt\/wp-json\/wp\/v2\/types\/product"}],"replies":[{"embeddable":true,"href":"https:\/\/www.hydraulic-cylinders.net\/lt\/wp-json\/wp\/v2\/comments?post=1728"}],"wp:featuredmedia":[{"embeddable":true,"href":"https:\/\/www.hydraulic-cylinders.net\/lt\/wp-json\/wp\/v2\/media\/1730"}],"wp:attachment":[{"href":"https:\/\/www.hydraulic-cylinders.net\/lt\/wp-json\/wp\/v2\/media?parent=1728"}],"wp:term":[{"taxonomy":"product_brand","embeddable":true,"href":"https:\/\/www.hydraulic-cylinders.net\/lt\/wp-json\/wp\/v2\/product_brand?post=1728"},{"taxonomy":"product_cat","embeddable":true,"href":"https:\/\/www.hydraulic-cylinders.net\/lt\/wp-json\/wp\/v2\/product_cat?post=1728"},{"taxonomy":"product_tag","embeddable":true,"href":"https:\/\/www.hydraulic-cylinders.net\/lt\/wp-json\/wp\/v2\/product_tag?post=1728"}],"curies":[{"name":"wp","href":"https:\/\/api.w.org\/{rel}","templated":true}]}}