{"id":1731,"date":"2023-10-12T03:54:29","date_gmt":"2023-10-12T03:54:29","guid":{"rendered":"https:\/\/hydraulic-cylinders.net\/?post_type=product&#038;p=1731"},"modified":"2025-04-11T03:44:54","modified_gmt":"2025-04-11T03:44:54","slug":"cement-equipment-roll-over-cylinder","status":"publish","type":"product","link":"https:\/\/www.hydraulic-cylinders.net\/lt\/produktas\/cement-equipment-roll-over-cylinder\/","title":{"rendered":"Cemento \u012frangos apvertimo cilindras"},"content":{"rendered":"<h1 style=\"text-align: center;\"><strong>Cemento \u012frangos apvertimo cilindras<\/strong><\/h1>\n<p><img loading=\"lazy\" decoding=\"async\" class=\"aligncenter wp-image-1732\" src=\"https:\/\/hydraulic-cylinders.net\/wp-content\/uploads\/2023\/10\/roll-over-cylinder-1-300x300.webp\" alt=\"\" width=\"400\" height=\"400\" \/><\/p>\n<p>Cemento \u012frangos apvertimo cilindras yra esminis cemento gamykl\u0173 komponentas, skirtas padidinti saug\u0105 ir efektyvum\u0105 atliekant \u012fvairias med\u017eiag\u0173 tvarkymo operacijas. \u0160is specializuotas cilindras atlieka labai svarb\u0173 vaidmen\u012f tokioje \u012frangoje kaip cemento mai\u0161ykl\u0117s ir betonve\u017eiai, nes leid\u017eia kontroliuoti b\u016bgno apvertim\u0105 ir sukim\u0105si.<\/p>\n<p>Cemento \u012frangos apvertimo cilindras yra labai svarbus cemento gamyklose, nes padidina saug\u0105 ir efektyvum\u0105 med\u017eiag\u0173 tvarkymo operacij\u0173 metu. D\u0117l tvirtos konstrukcijos, tikslaus valdymo, saugos funkcij\u0173 ir kompakti\u0161ko dizaino \u0161is cilindras leid\u017eia kontroliuoti cemento mai\u0161ykli\u0173 ar betonve\u017ei\u0173 apvertim\u0105 ir sukim\u0105si. Laikydamiesi rekomenduojam\u0173 naudojimo metod\u0173 ir prie\u017ei\u016bros praktikos, galite maksimaliai padidinti cemento \u012frangos apvertimo cilindro na\u0161um\u0105 ir ilgaam\u017ei\u0161kum\u0105, galiausiai pagerindami cemento gamybos operacij\u0173 saug\u0105, na\u0161um\u0105 ir pelningum\u0105.<\/p>\n<p>Cemento \u012frangos apvertimo cilindro pagrindin\u0117s charakteristikos:<\/p>\n<ol>\n<li>Tvirta konstrukcija:<\/li>\n<\/ol>\n<ul>\n<li>Cemento \u012frangos apvertimo cilindras pagamintas i\u0161 auk\u0161tos kokyb\u0117s med\u017eiag\u0173, kad b\u016bt\u0173 patvarus ir patikimas sud\u0117tingomis cemento gamyklos s\u0105lygomis.<\/li>\n<li>Jis gali atlaikyti dideles apkrovas ir da\u017eno apvertimo bei sukimosi sunkumus nepakenkdamas na\u0161umui.<\/li>\n<\/ul>\n<ol start=\"2\">\n<li>Tikslus valdymas:<\/li>\n<\/ol>\n<ul>\n<li>\u0160is cilindras sukurtas taip, kad tiksliai valdyt\u0173 cemento mai\u0161ykli\u0173 ar betonve\u017ei\u0173 apvertim\u0105 ir sukim\u0105si.<\/li>\n<li>Tai leid\u017eia operatoriams i\u0161laikyti stabilum\u0105 ir tikslum\u0105 med\u017eiag\u0173 i\u0161krovimo metu, taip prisidedant prie efektyvaus darbo.<\/li>\n<\/ul>\n<ol start=\"3\">\n<li>Saugos funkcijos:<\/li>\n<\/ol>\n<ul>\n<li>Cemento \u012frangos apvertimo cilindre yra saugos funkcijos, tokios kaip integruoti fiksavimo mechanizmai arba apsauginiai vo\u017etuvai, kad b\u016bt\u0173 i\u0161vengta atsitiktinio apvirtimo ar pasisukimo.<\/li>\n<li>\u0160ios savyb\u0117s suteikia papildom\u0105 apsaug\u0105 operatoriams, \u012frangai ir aplinkiniams darbuotojams.<\/li>\n<\/ul>\n<ol start=\"4\">\n<li>Kompakti\u0161kas dizainas:<\/li>\n<\/ol>\n<ul>\n<li>Kompakti\u0161ka cilindro konstrukcija u\u017etikrina skland\u0173 integravim\u0105 \u012f esam\u0105 cemento \u012frang\u0105, suma\u017einant papildom\u0173 modifikacij\u0173 poreik\u012f.<\/li>\n<li>Tai optimizuoja erdv\u0117s panaudojim\u0105 ir leid\u017eia efektyviai dirbti u\u017edarose erdv\u0117se.<\/li>\n<\/ul>\n<h2><strong>Cemento \u012frangos apvirtimo cilindro parametras:<\/strong><\/h2>\n<table border=\"1\" cellspacing=\"0\" cellpadding=\"0\">\n<tbody>\n<tr>\n<td>Produkto pavadinimas<\/td>\n<td>Cemento \u012frangos apvertimo cilindras<\/td>\n<\/tr>\n<tr>\n<td>Savyb\u0117s:<\/td>\n<td>Varomojo volelio pak\u0117limas ir nuleidimas<\/td>\n<\/tr>\n<tr>\n<td>Skyl\u0117s skersmuo:<\/td>\n<td>180 mm ~ 320 mm<\/td>\n<\/tr>\n<tr>\n<td>Strypo skersmuo:<\/td>\n<td>110 mm ~ 170 mm<br \/>\nSm\u016bgis: \u22646000 mm<\/td>\n<\/tr>\n<tr>\n<td>Traukos j\u0117ga:<\/td>\n<td>Maksimaliai 1688 kN<br \/>\n(Cilindro skersmuo 320 mm \/ sl\u0117gis 21 MPa)<\/td>\n<\/tr>\n<tr>\n<td>Cemento \u012frangos apvertimo cilindro pritaikymas:<\/td>\n<td>Cemento \u012franga<\/td>\n<\/tr>\n<\/tbody>\n<\/table>\n<div><\/div>\n<div>\n<div class=\"txtboxL\">\n<div class=\"txtboxL\">Savyb\u0117s:<\/div>\n<div class=\"txtboxR\">Varomojo volelio pak\u0117limas ir nuleidimas<\/div>\n<div class=\"txtboxL\">Specifikacija:<\/div>\n<div class=\"txtboxR\">Skyl\u0117s skersmuo: 180 mm ~ 320 mm<br \/>\nStrypo skersmuo: 110 mm ~ 170 mm<br \/>\nSm\u016bgis: \u22646000 mm<\/div>\n<div class=\"txtboxL\">Traukos j\u0117ga:<\/div>\n<div class=\"txtboxR\">Maksimaliai 1688 kN<br \/>\n(Cilindro skersmuo 320 mm \/ sl\u0117gis 21 MPa)<\/div>\n<\/div>\n<\/div>\n<h2><strong>Cemento \u012franga <\/strong><strong>Cilindr\u0173 gamykla:<\/strong><\/h2>\n<p><img loading=\"lazy\" decoding=\"async\" class=\"alignnone wp-image-1734 size-full\" src=\"https:\/\/hydraulic-cylinders.net\/wp-content\/uploads\/2023\/10\/cement-equipment-cylinder-1.webp\" alt=\"\" width=\"1418\" height=\"946\" srcset=\"https:\/\/hydraulic-cylinders.net\/wp-content\/uploads\/2023\/10\/cement-equipment-cylinder-1.webp 1418w, https:\/\/hydraulic-cylinders.net\/wp-content\/uploads\/2023\/10\/cement-equipment-cylinder-1-1280x854.webp 1280w, https:\/\/hydraulic-cylinders.net\/wp-content\/uploads\/2023\/10\/cement-equipment-cylinder-1-980x654.webp 980w, https:\/\/hydraulic-cylinders.net\/wp-content\/uploads\/2023\/10\/cement-equipment-cylinder-1-480x320.webp 480w\" sizes=\"(min-width: 0px) and (max-width: 480px) 480px, (min-width: 481px) and (max-width: 980px) 980px, (min-width: 981px) and (max-width: 1280px) 1280px, (min-width: 1281px) 1418px, 100vw\" \/><\/p>\n<h2><strong>Cemento \u012frangos apvertimo cilindro naudojimo b\u016bdas<\/strong><strong>:<\/strong><\/h2>\n<ol>\n<li><strong>\u012erengimas:<\/strong><\/li>\n<\/ol>\n<ul>\n<li>Laikykit\u0117s gamintojo nurodym\u0173, kaip saugiai sumontuoti cemento \u012frangos apvertimo cilindr\u0105 ant cemento mai\u0161ykl\u0117s arba betonve\u017eio.<\/li>\n<li>U\u017etikrinkite tinkam\u0105 i\u0161lygiavim\u0105 ir pritvirtinim\u0105, kad veikimas b\u016bt\u0173 saugus ir patikimas.<\/li>\n<\/ul>\n<ol start=\"2\">\n<li><strong>Hidraulin\u0117 jungtis:<\/strong><\/li>\n<\/ol>\n<ul>\n<li>Prijunkite cilindr\u0105 prie \u012frangos hidraulin\u0117s sistemos, naudodami atitinkamas jungtis ir \u017earnas.<\/li>\n<li>Patikrinkite, ar visos hidraulin\u0117s jungtys yra tvirtos ir be nuot\u0117ki\u0173.<\/li>\n<\/ul>\n<ol start=\"3\">\n<li><strong>Valdymas ir valdymas:<\/strong><\/li>\n<\/ol>\n<ul>\n<li>\u012ejunkite hidraulin\u0119 sistem\u0105, kad aktyvuotum\u0117te cemento \u012frangos apvertimo cilindr\u0105.<\/li>\n<li>Cilindrui valdyti, b\u016bgno apvertimui ir sukimui kontroliuoti, naudokite valdymo skydel\u012f arba s\u0105saj\u0105.<\/li>\n<li>Laikykit\u0117s gamintojo nurodym\u0173 ir rekomenduojam\u0173 praktik\u0173, kad u\u017etikrintum\u0117te saug\u0173 ir efektyv\u0173 veikim\u0105.<\/li>\n<\/ul>\n<h2><strong>Kaip nuimti hidraulin\u0119 sankabos linij\u0105 nuo pagrindinio cilindro?<\/strong><\/h2>\n<p>Hidraulin\u0117s sankabos linijos nu\u0117mimas nuo pagrindinio cilindro reikalauja kruop\u0161tumo, kad neb\u016bt\u0173 pa\u017eeisti komponentai ir nesukelt\u0173 nuot\u0117ki\u0173. \u0160tai nuoseklus vadovas, kaip nuimti hidraulin\u0117s sankabos linij\u0105 nuo pagrindinio cilindro:<\/p>\n<ol>\n<li><strong>Surinkite reikiamus \u012frankius:<\/strong>\n<ul>\n<li>Apsaugin\u0117s pir\u0161tin\u0117s ir akiniai<\/li>\n<li>Ver\u017eliarak\u010diai arba vieliniai ver\u017eliarak\u010diai (tinkamo dyd\u017eio jungiamosioms detal\u0117ms)<\/li>\n<li>Paimkite keptuv\u0119 ar ind\u0105, kad surinktum\u0117te i\u0161siliejus\u012f skyst\u012f<\/li>\n<li>\u0160var\u016bs skudurai arba rank\u0161luos\u010diai<\/li>\n<\/ul>\n<\/li>\n<li><strong>U\u017etikrinkite saugos priemones:<\/strong>\n<ul>\n<li>D\u0117v\u0117kite apsaugines pir\u0161tines ir akinius, kad apsisaugotum\u0117te nuo bet koki\u0173 galim\u0173 pavoj\u0173.<\/li>\n<li>\u012esitikinkite, kad variklis i\u0161jungtas, o pavar\u0173 d\u0117\u017e\u0117 \u2013 stov\u0117jimo arba neutralioje pad\u0117tyje, o stov\u0117jimo stabdys \u012fjungtas.<\/li>\n<\/ul>\n<\/li>\n<li><strong>Raskite pagrindin\u012f cilindr\u0105:<\/strong>\n<ul>\n<li>Hidraulin\u0117s sankabos pagrindinis cilindras paprastai yra \u0161alia ugniasien\u0117s variklio skyriaus vairuotojo pus\u0117je.<\/li>\n<li>Nustatykite sankabos linij\u0105, kuri jungiasi prie pagrindinio cilindro. Abiejuose jos galuose bus jungtys.<\/li>\n<\/ul>\n<\/li>\n<li><strong>Pasiruo\u0161kite skys\u010di\u0173 nutek\u0117jimui:<\/strong>\n<ul>\n<li>Po pagrindiniu cilindru ir sankabos linija pad\u0117kite surinkimo ind\u0105 arba talpykl\u0105, kad surinktum\u0117te bet kok\u012f skyst\u012f, kuris gali i\u0161tek\u0117ti i\u0161\u0117mimo metu.<\/li>\n<li>Tur\u0117kite po ranka \u0161vari\u0173 skudur\u0173 ar rank\u0161luos\u010di\u0173, kad nuvalytum\u0117te i\u0161siliejusius skys\u010dius.<\/li>\n<\/ul>\n<\/li>\n<li><strong>Atlaisvinkite jungiam\u0105sias detales:<\/strong>\n<ul>\n<li>Nor\u0117dami atlaisvinti jungtis abiejuose sankabos linijos galuose, naudokite atitinkam\u0105 ver\u017eliarakt\u012f arba vielin\u012f ver\u017eliarakt\u012f.<\/li>\n<li>Pasukite ver\u017eliarakt\u012f prie\u0161 laikrod\u017eio rodykl\u0119, kad atlaisvintum\u0117te, ta\u010diau b\u016bkite atsarg\u016bs ir neperver\u017ekite jung\u010di\u0173, nes jos gali b\u016bti trapios.<\/li>\n<\/ul>\n<\/li>\n<li><strong>Pa\u0161alinkite eilut\u0119:<\/strong>\n<ul>\n<li>Atlaisvinus jungtis, atsargiai atsukite jas ranka, kol jos visi\u0161kai atsijungs nuo pagrindinio cilindro.<\/li>\n<li>B\u016bkite pasiruo\u0161\u0119, kad nuimant linij\u0105 ir jungiam\u0105sias detales, i\u0161 j\u0173 gali la\u0161\u0117ti lik\u0119s skystis.<\/li>\n<\/ul>\n<\/li>\n<li><strong>Patikrinkite linij\u0105 ir jungiam\u0105sias detales:<\/strong>\n<ul>\n<li>Patikrinkite sankabos linij\u0105 ir jungiam\u0105sias detales, ar n\u0117ra pa\u017eeidim\u0173, susid\u0117v\u0117jimo ar nuot\u0117kio po\u017eymi\u0173.<\/li>\n<li>Jei aptinkama koki\u0173 nors problem\u0173, prie\u0161 pakartotin\u012f montavim\u0105 rekomenduojama pakeisti linij\u0105 arba jungiam\u0105sias detales.<\/li>\n<\/ul>\n<\/li>\n<li><strong>U\u017esandarinkite pagrindin\u012f cilindr\u0105:<\/strong>\n<ul>\n<li>Kad \u012f pagrindin\u012f cilindr\u0105 nepatekt\u0173 oras ar \u0161iuk\u0161l\u0117s, u\u017edenkite atvir\u0105 ang\u0105 \u0161varia \u0161luoste arba dangteliu.<\/li>\n<\/ul>\n<\/li>\n<li><strong>Tinkamai i\u0161meskite skyst\u012f:<\/strong>\n<ul>\n<li>Surinkt\u0105 skyst\u012f utilizuokite pagal vietinius reikalavimus arba nune\u0161kite \u012f atitinkam\u0105 perdirbimo centr\u0105.<\/li>\n<\/ul>\n<\/li>\n<\/ol>\n<h2><strong>Gamyklos paj\u0117gumai ir talpa:<\/strong><\/h2>\n<h3>(1) Surinkimas<\/h3>\n<p>Turime pirmos klas\u0117s nepriklausom\u0105 tyrim\u0173 ir pl\u0117tros surinkimo platform\u0105. Hidraulini\u0173 cilindr\u0173 gamybos ceche yra keturios pusiau automatin\u0117s k\u0117limo cilindr\u0173 surinkimo linijos ir viena automatin\u0117 pakreipimo cilindr\u0173 surinkimo linija, kuri\u0173 projektinis metinis gamybos paj\u0117gumas yra 1 milijonas vienet\u0173. Speciali\u0173j\u0173 cilindr\u0173 ceche \u012frengta \u012fvairi\u0173 specifikacij\u0173 pusiau automatin\u0117 valymo surinkimo sistema, kurios projektinis metinis gamybos paj\u0117gumas yra 200 000 vienet\u0173, ir garsi CNC apdirbimo \u012franga, apdirbimo centras, didelio tikslumo cilindr\u0173 apdirbimo speciali \u012franga, robotinis suvirinimo aparatas, automatinis valymo aparatas, automatinis cilindr\u0173 surinkimo aparatas ir automatin\u0117 da\u017eymo gamybos linija. Esama daugiau nei 300 rinkini\u0173 (komplekt\u0173) kritin\u0117 \u012franga. Optimalus \u012frangos i\u0161tekli\u0173 paskirstymas ir efektyvus naudojimas u\u017etikrina gamini\u0173 tikslumo reikalavimus ir auk\u0161tus gamini\u0173 kokyb\u0117s poreikius.<\/p>\n<p><img loading=\"lazy\" decoding=\"async\" class=\"alignnone wp-image-626\" src=\"https:\/\/hydraulic-cylinders.net\/wp-content\/uploads\/2023\/08\/hydraulic-cylinder-product-1-300x158.webp\" alt=\"\" width=\"495\" height=\"260\" srcset=\"https:\/\/hydraulic-cylinders.net\/wp-content\/uploads\/2023\/08\/hydraulic-cylinder-product-1-300x158.webp 495w, https:\/\/hydraulic-cylinders.net\/wp-content\/uploads\/2023\/08\/hydraulic-cylinder-product-1-480x252.webp 480w\" sizes=\"(min-width: 0px) and (max-width: 480px) 480px, (min-width: 481px) 495px, 100vw\" \/> <img loading=\"lazy\" decoding=\"async\" class=\"alignnone wp-image-627\" src=\"https:\/\/hydraulic-cylinders.net\/wp-content\/uploads\/2023\/08\/hydraulic-cylinder-product-2-300x189.webp\" alt=\"\" width=\"413\" height=\"260\" \/><\/p>\n<h3>(2) Apdirbimas<\/h3>\n<p>Mechaninio apdirbimo ceche \u012frengtas pritaikytas nuo\u017eulnaus b\u0117gio tekinimo centras, apdirbimo centras, greitaeigis galandimo stakl\u0117s, suvirinimo robotas ir kita susijusi \u012franga, galinti apdirbti cilindrinius vamzd\u017eius, kuri\u0173 maksimalus vidinis skersmuo yra 400 mm, o maksimalus ilgis \u2013 6 metrai.<\/p>\n<p><img loading=\"lazy\" decoding=\"async\" class=\"alignnone wp-image-628 size-large\" src=\"https:\/\/hydraulic-cylinders.net\/wp-content\/uploads\/2023\/08\/hydraulic-cylinder-product-3-1024x391.webp\" alt=\"\" width=\"1024\" height=\"391\" srcset=\"https:\/\/hydraulic-cylinders.net\/wp-content\/uploads\/2023\/08\/hydraulic-cylinder-product-3-980x374.webp 980w, https:\/\/hydraulic-cylinders.net\/wp-content\/uploads\/2023\/08\/hydraulic-cylinder-product-3-480x183.webp 480w\" sizes=\"(min-width: 0px) and (max-width: 480px) 480px, (min-width: 481px) and (max-width: 980px) 980px, (min-width: 981px) 1024px, 100vw\" \/><\/p>\n<h3>(3) Suvirinimas<\/h3>\n<p><img loading=\"lazy\" decoding=\"async\" class=\"alignnone wp-image-629 size-large\" src=\"https:\/\/hydraulic-cylinders.net\/wp-content\/uploads\/2023\/08\/hydraulic-cylinder-product-4-1024x510.webp\" alt=\"\" width=\"1024\" height=\"510\" srcset=\"https:\/\/hydraulic-cylinders.net\/wp-content\/uploads\/2023\/08\/hydraulic-cylinder-product-4-980x488.webp 980w, https:\/\/hydraulic-cylinders.net\/wp-content\/uploads\/2023\/08\/hydraulic-cylinder-product-4-480x239.webp 480w\" sizes=\"(min-width: 0px) and (max-width: 480px) 480px, (min-width: 481px) and (max-width: 980px) 980px, (min-width: 981px) 1024px, 100vw\" \/><\/p>\n<h3>(4) Da\u017eymas ir dengimas<\/h3>\n<p>Su ma\u017eomis ir vidutinio dyd\u017eio cilindrin\u0117mis automatin\u0117mis vandens pagrindo da\u017e\u0173 dengimo linijomis, siekiant automatinio robot\u0173 pakrovimo ir i\u0161krovimo bei automatinio pur\u0161kimo, projektinis paj\u0117gumas yra 4000 vienet\u0173 per pamain\u0105;<br \/>\nTaip pat turime pusiau automatin\u0119 dideli\u0173 cilindr\u0173 da\u017e\u0173 gamybos linij\u0105, varom\u0105 grandin\u0117s, kurios projektinis na\u0161umas yra 60 d\u0117\u017ei\u0173 per pamain\u0105.<\/p>\n<p><img loading=\"lazy\" decoding=\"async\" class=\"alignnone wp-image-630\" src=\"https:\/\/hydraulic-cylinders.net\/wp-content\/uploads\/2023\/08\/hydraulic-cylinder-product-5-300x213.webp\" alt=\"\" width=\"366\" height=\"260\" \/> <img loading=\"lazy\" decoding=\"async\" class=\"alignnone wp-image-631\" src=\"https:\/\/hydraulic-cylinders.net\/wp-content\/uploads\/2023\/08\/hydraulic-cylinder-product-6-300x225.webp\" alt=\"\" width=\"347\" height=\"260\" \/><\/p>\n<h3>(5) Testavimas<\/h3>\n<p>Turime auk\u0161\u010diausios klas\u0117s patikros patalpas ir bandym\u0173 stendus, kad u\u017etikrintume, jog baliono veikimas atitinka reikalavimus.<\/p>\n<p><img loading=\"lazy\" decoding=\"async\" class=\"alignnone wp-image-632\" src=\"https:\/\/hydraulic-cylinders.net\/wp-content\/uploads\/2023\/08\/hydraulic-cylinder-product-8-300x200.webp\" alt=\"\" width=\"389\" height=\"260\" \/><\/p>\n<p>&nbsp;<\/p>\n<p>&nbsp;<\/p>\n<p>Esame vienas geriausi\u0173 hidraulini\u0173 cilindr\u0173 gamintoj\u0173. Galime pasi\u016blyti i\u0161samius hidraulinius cilindrus. Taip pat teikiame atitinkamus <a href=\"https:\/\/hzpt.com\/agricultural-pto-gearbox\/\" target=\"_blank\" rel=\"noopener\">\u017eem\u0117s \u016bkio pavar\u0173 d\u0117\u017e\u0117s<\/a>Mes eksportuojame savo gaminius klientams visame pasaulyje ir peln\u0117me ger\u0105 reputacij\u0105 d\u0117l auk\u0161\u010diausios gamini\u0173 kokyb\u0117s ir aptarnavimo po pardavimo. Mes laukiame klient\u0173 \u0161alyje ir u\u017esienyje, norin\u010di\u0173 susisiekti su mumis der\u0117tis d\u0117l verslo, keistis informacija ir... <a href=\"https:\/\/www.hydraulic-cylinders.net\/lt\/contact-us\/\">bendradarbiauti su mumis<\/a>!<\/p>","protected":false},"excerpt":{"rendered":"<p>Cement Equipment Roll Over Cylinder The cement equipment roll over cylinder is an essential component in cement plants, designed to enhance safety and efficiency during various material handling operations. This specialized cylinder plays a critical role in equipment such as cement mixers and concrete trucks, allowing for controlled tipping and rotation of the drum. The [&hellip;]<\/p>","protected":false},"featured_media":1733,"comment_status":"open","ping_status":"closed","template":"","meta":{"_et_pb_use_builder":"","_et_pb_old_content":"","_et_gb_content_width":""},"product_brand":[],"product_cat":[1520,1550],"product_tag":[1380],"class_list":{"0":"post-1731","1":"product","2":"type-product","3":"status-publish","4":"has-post-thumbnail","6":"product_cat-concrete-equipment-hydraulic-cylinders","7":"product_cat-double-acting-hydraulic-cylinder","8":"product_tag-hydraulic-cylinder","10":"first","11":"instock","12":"shipping-taxable","13":"product-type-simple"},"amp_enabled":true,"_links":{"self":[{"href":"https:\/\/www.hydraulic-cylinders.net\/lt\/wp-json\/wp\/v2\/product\/1731","targetHints":{"allow":["GET"]}}],"collection":[{"href":"https:\/\/www.hydraulic-cylinders.net\/lt\/wp-json\/wp\/v2\/product"}],"about":[{"href":"https:\/\/www.hydraulic-cylinders.net\/lt\/wp-json\/wp\/v2\/types\/product"}],"replies":[{"embeddable":true,"href":"https:\/\/www.hydraulic-cylinders.net\/lt\/wp-json\/wp\/v2\/comments?post=1731"}],"wp:featuredmedia":[{"embeddable":true,"href":"https:\/\/www.hydraulic-cylinders.net\/lt\/wp-json\/wp\/v2\/media\/1733"}],"wp:attachment":[{"href":"https:\/\/www.hydraulic-cylinders.net\/lt\/wp-json\/wp\/v2\/media?parent=1731"}],"wp:term":[{"taxonomy":"product_brand","embeddable":true,"href":"https:\/\/www.hydraulic-cylinders.net\/lt\/wp-json\/wp\/v2\/product_brand?post=1731"},{"taxonomy":"product_cat","embeddable":true,"href":"https:\/\/www.hydraulic-cylinders.net\/lt\/wp-json\/wp\/v2\/product_cat?post=1731"},{"taxonomy":"product_tag","embeddable":true,"href":"https:\/\/www.hydraulic-cylinders.net\/lt\/wp-json\/wp\/v2\/product_tag?post=1731"}],"curies":[{"name":"wp","href":"https:\/\/api.w.org\/{rel}","templated":true}]}}