{"id":17320,"date":"2025-03-06T08:23:45","date_gmt":"2025-03-06T08:23:45","guid":{"rendered":"https:\/\/www.hydraulic-cylinders.net\/?post_type=product&#038;p=17320"},"modified":"2025-04-11T05:27:14","modified_gmt":"2025-04-11T05:27:14","slug":"zg-series-hydraulic-cylinders-for-harvesting-machinery","status":"publish","type":"product","link":"https:\/\/www.hydraulic-cylinders.net\/lt\/produktas\/zg-series-hydraulic-cylinders-for-harvesting-machinery\/","title":{"rendered":"ZG serijos hidrauliniai cilindrai derliaus nu\u0117mimo ma\u0161inoms"},"content":{"rendered":"<h1 style=\"text-align: center;\"><strong>ZG serijos hidrauliniai cilindrai derliaus nu\u0117mimo ma\u0161inoms\u00a0<img loading=\"lazy\" decoding=\"async\" class=\"alignnone wp-image-17302\" src=\"https:\/\/www.hydraulic-cylinders.net\/wp-content\/uploads\/2025\/03\/Zg-And-Hsg-Series-Hydraulic-Cylinders-For-Harvesting-Machinery-2.webp\" alt=\"\" width=\"500\" height=\"500\" \/><br \/>\n<\/strong><\/h1>\n<p>ZG serijos hidrauliniai cilindrai yra specialiai sukurti derliaus nu\u0117mimo technikos efektyvumui ir na\u0161umui didinti. \u0160ie cilindrai atlieka gyvybi\u0161kai svarb\u0173 vaidmen\u012f \u012fvairiose \u017eem\u0117s \u016bkio srityse, u\u017etikrindami tiksl\u0173 valdym\u0105 ir galing\u0105 veikim\u0105, kuris yra b\u016btinas \u0161iuolaikiniam \u016bkininkavimui. D\u0117mesys patikimumui ir ilgaam\u017ei\u0161kumui u\u017etikrina, kad ZG serija atitikt\u0173 reiklius \u017eem\u0117s \u016bkio sektoriaus poreikius, u\u017etikrindama skland\u0173 ir efektyv\u0173 derliaus nu\u0117mimo ma\u0161in\u0173 veikim\u0105.<\/p>\n<p>ZG serijos hidrauliniai cilindrai derliaus nu\u0117mimo technikai si\u016blo patikim\u0105 ir efektyv\u0173 sprendim\u0105 \u0161iuolaikiniams \u017eem\u0117s \u016bkio poreikiams. D\u0117l didel\u0117s keliamosios galios, tvirtos konstrukcijos ir pa\u017eangios sandarinimo technologijos \u0161ie cilindrai pagerina derliaus nu\u0117mimo \u012frangos na\u0161um\u0105. Laikydamiesi rekomenduojamos naudojimo ir prie\u017ei\u016bros praktikos, operatoriai gali u\u017etikrinti, kad j\u0173 technika veikt\u0173 geriausiai, prisid\u0117dama prie s\u0117kmingo derliaus nu\u0117mimo ir didesnio na\u0161umo lauke. Investavimas \u012f ZG serijos hidraulinius cilindrus rei\u0161kia ilgaam\u017ei\u0161kumo, efektyvumo ir tikslumo pasirinkim\u0105 savo \u017eem\u0117s \u016bkio darbams.<\/p>\n<h2><strong>ZG serijos hidrauliniai cilindrai derliaus nu\u0117mimo ma\u0161inoms. Parametrai:<\/strong><\/h2>\n<h1 style=\"text-align: center;\"><strong><img loading=\"lazy\" decoding=\"async\" class=\"alignnone size-full wp-image-17300\" src=\"https:\/\/www.hydraulic-cylinders.net\/wp-content\/uploads\/2025\/03\/Zg-And-Hsg-Series-Hydraulic-Cylinders-For-Harvesting-Machinery-parameter.webp\" alt=\"\" width=\"2265\" height=\"607\" srcset=\"https:\/\/www.hydraulic-cylinders.net\/wp-content\/uploads\/2025\/03\/Zg-And-Hsg-Series-Hydraulic-Cylinders-For-Harvesting-Machinery-parameter.webp 2265w, https:\/\/www.hydraulic-cylinders.net\/wp-content\/uploads\/2025\/03\/Zg-And-Hsg-Series-Hydraulic-Cylinders-For-Harvesting-Machinery-parameter-1280x343.webp 1280w, https:\/\/www.hydraulic-cylinders.net\/wp-content\/uploads\/2025\/03\/Zg-And-Hsg-Series-Hydraulic-Cylinders-For-Harvesting-Machinery-parameter-980x263.webp 980w, https:\/\/www.hydraulic-cylinders.net\/wp-content\/uploads\/2025\/03\/Zg-And-Hsg-Series-Hydraulic-Cylinders-For-Harvesting-Machinery-parameter-480x129.webp 480w\" sizes=\"(min-width: 0px) and (max-width: 480px) 480px, (min-width: 481px) and (max-width: 980px) 980px, (min-width: 981px) and (max-width: 1280px) 1280px, (min-width: 1281px) 2265px, 100vw\" \/><\/strong><\/h1>\n<h2><strong>ZG serijos hidrauliniai cilindrai derliaus nu\u0117mimo ma\u0161inoms. Pagrindin\u0117s savyb\u0117s:<\/strong><\/h2>\n<h4><strong>Didel\u0117 keliamoji galia<\/strong><\/h4>\n<p>ZG serijos hidrauliniai cilindrai yra kruop\u0161\u010diai suprojektuoti taip, kad atlaikyt\u0173 didelius krovinius, tod\u0117l jie yra b\u016btini derliaus nu\u0117mimo technikai. D\u0117l \u0161ios \u012fsp\u016bdingos keliamosios galios operatoriai gali lengvai kelti ir manevruoti sunkius komponentus, o tai \u017eymiai padidina veiklos efektyvum\u0105. Tod\u0117l u\u017eduotis, kurioms anks\u010diau reik\u0117jo daug laiko ir pastang\u0173, dabar galima atlikti greitai ir efektyviai. Nesvarbu, ar dirbate su dideliais pas\u0117liais, ar su didele derliaus nu\u0117mimo \u012franga, \u0161ie cilindrai suteikia operatoriams galimyb\u0119 maksimaliai padidinti produktyvum\u0105 ir supaprastinti savo darbo eig\u0105.<\/p>\n<h4><strong>Tvirta konstrukcija<\/strong><\/h4>\n<p>Pagaminti i\u0161 auk\u0161tos kokyb\u0117s med\u017eiag\u0173, ZG serijos cilindrai pasi\u017eymi i\u0161skirtiniu patvarumu, leid\u017eian\u010diu jiems atlaikyti sud\u0117tingos \u017eem\u0117s \u016bkio aplinkos s\u0105lygas. Tvirta j\u0173 konstrukcija atspari nusid\u0117v\u0117jimui, u\u017etikrinant ilgaam\u017ei\u0161kum\u0105 net ir esant dideliam naudojimui. \u0160is atsparumas rei\u0161kia ma\u017eesn\u012f prie\u017ei\u016bros poreik\u012f, leid\u017eiant\u012f operatoriams sutelkti d\u0117mes\u012f \u012f savo darb\u0105, o ne \u012f da\u017en\u0105 remont\u0105. Investuodami \u012f \u0161iuos patvarius cilindrus, vartotojai gali tik\u0117tis ilgo savo derliaus nu\u0117mimo \u012frangos tarnavimo laiko, o tai galiausiai suma\u017eina eksploatavimo i\u0161laidas ir padidina patikimum\u0105 lauke.<\/p>\n<h4><strong>Tikslioji in\u017einerija<\/strong><\/h4>\n<p>Kiekvienas ZG serijos hidraulinis cilindras yra kruop\u0161\u010diai gaminamas, o pirmenyb\u0117 teikiama tikslumui. \u0160is d\u0117mesys detal\u0117ms lemia tikslius matmenis ir optimal\u0173 hidraulin\u012f na\u0161um\u0105, kurie yra labai svarb\u016bs efektyviam darbui. D\u0117l tikslios in\u017einerijos \u0161ie cilindrai u\u017etikrina sklandesnius judesius ir geresn\u0119 kontrol\u0119 derliaus nu\u0117mimo metu. Operatoriai gali u\u017etikrintai atlikti sud\u0117tingus manevrus, tod\u0117l derliaus nu\u0117mimo procesas yra ne tik efektyvesnis, bet ir veiksmingesnis. Toks tikslumo lygis padidina bendr\u0105 na\u0161um\u0105 ir u\u017etikrina, kad kiekviena u\u017eduotis b\u016bt\u0173 atliekama pagal auk\u0161\u010diausius standartus.<\/p>\n<h4><strong>Universalus suderinamumas<\/strong><\/h4>\n<p>ZG serijos cilindrai sukurti atsi\u017evelgiant \u012f universalum\u0105, tod\u0117l jie tinka \u012fvairiems derliaus nu\u0117mimo technikos modeliams. \u0160is suderinamumas leid\u017eia skland\u017eiai ir paprastai integruoti \u012f esam\u0105 \u012frang\u0105. Operatoriai vertina galimyb\u0119 \u0161iuos cilindrus naudoti \u012fvairiose \u017eem\u0117s \u016bkio srityse be dideli\u0173 modifikacij\u0173. \u0160is pritaikomumas ne tik supaprastina operacijas, bet ir pagerina bendr\u0105 derliaus nu\u0117mimo technikos funkcionalum\u0105, tod\u0117l ZG serija yra idealus pasirinkimas \u012fvairiems \u016bkininkavimo poreikiams.<\/p>\n<h4><strong>Pa\u017eangi sandarinimo technologija<\/strong><\/h4>\n<p>ZG serijos hidrauliniai cilindrai, apr\u016bpinti pa\u017eangiausia sandarinimo technologija, efektyviai suma\u017eina nuot\u0117kius ir hidraulinio skys\u010dio praradimo rizik\u0105. \u0160i novatori\u0161ka funkcija ne tik padidina efektyvum\u0105, bet ir \u017eymiai suma\u017eina prie\u017ei\u016bros i\u0161laidas. U\u017ekirsdami keli\u0105 nuot\u0117kiams, \u0161ie cilindrai u\u017etikrina, kad hidraulin\u0117 sistema veikt\u0173 maksimaliu na\u0161umu, leisdami operatoriams sutelkti d\u0117mes\u012f \u012f savo u\u017eduotis, nebla\u0161kydami d\u0117mesio d\u0117l galim\u0173 gedim\u0173. Pa\u017eangi sandarinimo technologija prisideda prie patikimesn\u0117s ir produktyvesn\u0117s darbo aplinkos, o tai galiausiai naudinga visai \u017eem\u0117s \u016bkio veiklai.<\/p>\n<p>ZG serijos hidrauliniai cilindrai i\u0161siskiria \u017eem\u0117s \u016bkio sektoriuje, derindami didel\u0119 keliam\u0105j\u0105 gali\u0105, tvirt\u0105 konstrukcij\u0105, tiksli\u0105 in\u017einerij\u0105, universal\u0173 suderinamum\u0105 ir pa\u017eangi\u0105 sandarinimo technologij\u0105. \u0160ios savyb\u0117s ne tik pagerina derliaus nu\u0117mimo technikos na\u0161um\u0105, bet ir prisideda prie efektyvesn\u0117s bei patikimesn\u0117s \u016bkininkavimo patirties. Pasirinkdami ZG serijos cilindrus, operatoriai apsir\u016bpina \u012frankiais, reikalingais s\u0117kmei \u0161iandieniniame sud\u0117tingame \u017eem\u0117s \u016bkio kra\u0161tovaizdyje.<\/p>\n<h2><strong>ZG serijos hidrauliniai cilindrai derliaus nu\u0117mimo ma\u0161inoms:<\/strong><\/h2>\n<h1 style=\"text-align: center;\"><strong><img loading=\"lazy\" decoding=\"async\" class=\"alignnone size-full wp-image-17301\" src=\"https:\/\/www.hydraulic-cylinders.net\/wp-content\/uploads\/2025\/03\/Zg-And-Hsg-Series-Hydraulic-Cylinders-For-Harvesting-Machinery-1.webp\" alt=\"\" width=\"2481\" height=\"685\" srcset=\"https:\/\/www.hydraulic-cylinders.net\/wp-content\/uploads\/2025\/03\/Zg-And-Hsg-Series-Hydraulic-Cylinders-For-Harvesting-Machinery-1.webp 2481w, https:\/\/www.hydraulic-cylinders.net\/wp-content\/uploads\/2025\/03\/Zg-And-Hsg-Series-Hydraulic-Cylinders-For-Harvesting-Machinery-1-1280x353.webp 1280w, https:\/\/www.hydraulic-cylinders.net\/wp-content\/uploads\/2025\/03\/Zg-And-Hsg-Series-Hydraulic-Cylinders-For-Harvesting-Machinery-1-980x271.webp 980w, https:\/\/www.hydraulic-cylinders.net\/wp-content\/uploads\/2025\/03\/Zg-And-Hsg-Series-Hydraulic-Cylinders-For-Harvesting-Machinery-1-480x133.webp 480w\" sizes=\"(min-width: 0px) and (max-width: 480px) 480px, (min-width: 481px) and (max-width: 980px) 980px, (min-width: 981px) and (max-width: 1280px) 1280px, (min-width: 1281px) 2481px, 100vw\" \/><\/strong><\/h1>\n<h2><strong>ZG serijos hidrauliniai cilindrai derliaus nu\u0117mimo ma\u0161inoms. Naudojimo b\u016bdas:<\/strong><\/h2>\n<p>HSG serijos hidraulini\u0173 cilindr\u0173 naudojimas yra paprastas procesas, tod\u0117l jie yra prieinami ir patog\u016bs naudoti statyb\u0173 srities operatoriams. \u010cia pateikiamas i\u0161samus veiksm\u0173 apra\u0161ymas:<\/p>\n<h4><strong>\u012erengimas<\/strong><\/h4>\n<p>HSG serijos hidraulini\u0173 cilindr\u0173 montavimas yra nesud\u0117tingas. Kiekvienas cilindras turi standartines jungtis, kurios leid\u017eia greitai ir saugiai sumontuoti j\u012f ant \u012fvairi\u0173 statybini\u0173 ma\u0161in\u0173. Operatoriai gali lengvai sulygiuoti ir pritvirtinti cilindrus, nereikalaudami speciali\u0173 \u012franki\u0173 ar i\u0161sami\u0173 mokym\u0173. Toks paprastas montavimas suma\u017eina prastovas, tod\u0117l ma\u0161inos gali greitai ir efektyviai gr\u012f\u017eti prie darbo.<\/p>\n<h4><strong>Hidraulin\u0117 jungtis<\/strong><\/h4>\n<p>\u012ediegus, kitas \u017eingsnis \u2013 prijungti hidraulines linijas prie cilindro. Svarbu u\u017etikrinti, kad hidraulinis skystis tek\u0117t\u0173 teisinga kryptimi, kad b\u016bt\u0173 pasiekti norimi judesiai. Ai\u0161kus \u017eenklinimas ir spalvomis koduotos jungtys supaprastina \u0161\u012f proces\u0105, leisdamos operatoriams u\u017etikrintai atlikti jungtis. Tinkama hidraulin\u0117 jungtis maksimaliai padidina na\u0161um\u0105, u\u017etikrindama skland\u0173 ir greit\u0105 cilindr\u0173 veikim\u0105, o tai yra labai svarbu norint tiksliai valdyti eksploatacijos metu.<\/p>\n<h4><strong>Operacija<\/strong><\/h4>\n<p>Tvirtai sumontavus ir prijungus HSG serijos hidraulinius cilindrus, operatoriai dabar gali perimti ma\u0161inos valdym\u0105. Naudodamiesi hidrauline sistema, jie gali atlikti \u012fvairius judesius \u2013 nuo \u200b\u200bsunki\u0173 krovini\u0173 k\u0117limo iki sud\u0117ting\u0173 manevr\u0173. Intuityv\u016bs valdikliai leid\u017eia tiksliai reguliuoti darb\u0105, tod\u0117l operatoriai gali atlikti u\u017eduotis tiksliai ir efektyviai. Nesvarbu, ar tai k\u0117limas, nuleidimas, ar pakreipimas, \u0161ie cilindrai u\u017etikrina reikiam\u0105 reagavim\u0105, kad b\u016bt\u0173 galima efektyviai \u012fveikti statybos darb\u0173 i\u0161\u0161\u016bkius.<\/p>\n<h4><strong>Steb\u0117jimas<\/strong><\/h4>\n<p>Norint u\u017etikrinti optimal\u0173 na\u0161um\u0105, labai svarbu reguliariai steb\u0117ti hidraulin\u0119 sistem\u0105. Operatoriai tur\u0117t\u0173 reguliariai tikrinti hidraulinio skys\u010dio lyg\u012f ir sl\u0117g\u012f. Toks proaktyvus po\u017ei\u016bris padeda nustatyti bet kokias galimas problemas, kol jos dar nepa\u016bm\u0117jo, u\u017etikrinant, kad technika veikt\u0173 maksimaliu efektyvumu. Stebint \u0161iuos parametrus, ne tik pailg\u0117ja hidraulini\u0173 cilindr\u0173 tarnavimo laikas, bet ir padid\u0117ja bendras saugumas darbo vietoje. Budr\u016bs operatoriai gali u\u017etikrinti, kad j\u0173 \u012franga visada b\u016bt\u0173 patikima ir paruo\u0161ta naudoti.<\/p>\n<p>HSG serijos hidrauliniai cilindrai yra patogi naudoti \u2013 nuo \u200b\u200bmontavimo iki eksploatavimo ir prie\u017ei\u016bros. Paprastas j\u0173 naudojimo b\u016bdas suteikia statybos specialistams galimyb\u0119 maksimaliai padidinti produktyvum\u0105 ir efektyvum\u0105, u\u017etikrinant, kad jie gali u\u017etikrintai imtis bet kokio projekto. Pasirinkdami HSG, operatoriai investuoja \u012f patikim\u0105 hidraulin\u012f sprendim\u0105, kuris supaprastina j\u0173 darbo eig\u0105 ir u\u017etikrina i\u0161skirtin\u012f na\u0161um\u0105.<\/p>\n<h2><strong>Bandymo \u012franga:<\/strong><\/h2>\n<p><strong><img loading=\"lazy\" decoding=\"async\" class=\"alignnone size-full wp-image-17293\" src=\"https:\/\/www.hydraulic-cylinders.net\/wp-content\/uploads\/2025\/03\/test-equipment.webp-2.webp\" alt=\"\" width=\"1932\" height=\"1741\" srcset=\"https:\/\/www.hydraulic-cylinders.net\/wp-content\/uploads\/2025\/03\/test-equipment.webp-2.webp 1932w, https:\/\/www.hydraulic-cylinders.net\/wp-content\/uploads\/2025\/03\/test-equipment.webp-2-1280x1153.webp 1280w, https:\/\/www.hydraulic-cylinders.net\/wp-content\/uploads\/2025\/03\/test-equipment.webp-2-980x883.webp 980w, https:\/\/www.hydraulic-cylinders.net\/wp-content\/uploads\/2025\/03\/test-equipment.webp-2-480x433.webp 480w\" sizes=\"(min-width: 0px) and (max-width: 480px) 480px, (min-width: 481px) and (max-width: 980px) 980px, (min-width: 981px) and (max-width: 1280px) 1280px, (min-width: 1281px) 1932px, 100vw\" \/><\/strong><\/p>\n<ul>\n<li>1: Druskos pur\u0161kimo bandymo kamera<\/li>\n<li>2: Chemin\u0117 analiz\u0117<\/li>\n<li>3: Tempimo bandymo ma\u0161ina<\/li>\n<li>4: Rokvelo kietumo matuoklis<\/li>\n<li>5: \u0160varos tikrinimo ma\u0161ina<\/li>\n<li>6: TH110 at\u0161okimo kietumo matuoklis<\/li>\n<li>7: Dangos storio matuoklis<\/li>\n<li>8: \u0160vytuokl\u0117s sm\u016bgio bandymas<\/li>\n<\/ul>\n<p><img loading=\"lazy\" decoding=\"async\" class=\"alignnone size-full wp-image-17292\" src=\"https:\/\/www.hydraulic-cylinders.net\/wp-content\/uploads\/2025\/03\/test-equipment.webp-1.webp\" alt=\"\" width=\"1600\" height=\"1216\" srcset=\"https:\/\/www.hydraulic-cylinders.net\/wp-content\/uploads\/2025\/03\/test-equipment.webp-1.webp 1600w, https:\/\/www.hydraulic-cylinders.net\/wp-content\/uploads\/2025\/03\/test-equipment.webp-1-1280x973.webp 1280w, https:\/\/www.hydraulic-cylinders.net\/wp-content\/uploads\/2025\/03\/test-equipment.webp-1-980x745.webp 980w, https:\/\/www.hydraulic-cylinders.net\/wp-content\/uploads\/2025\/03\/test-equipment.webp-1-480x365.webp 480w\" sizes=\"(min-width: 0px) and (max-width: 480px) 480px, (min-width: 481px) and (max-width: 980px) 980px, (min-width: 981px) and (max-width: 1280px) 1280px, (min-width: 1281px) 1600px, 100vw\" \/><\/p>\n<p>M\u016bs\u0173 \u012fmon\u0117 kokyb\u0119 laiko savo s\u0117km\u0117s pagrindu. Siekdami \u012fvykdyti \u0161\u012f \u012fsipareigojim\u0105, investavome \u012f pa\u017eangiausi\u0105 buitin\u0119 bandym\u0173 ir laboratorin\u0119 \u012frang\u0105, kuri\u0105 palaiko auk\u0161tos kvalifikacijos mokslo ir technologij\u0173 specialist\u0173 komanda.<\/p>\n<p>Taikome grie\u017et\u0105 kokyb\u0117s valdymo sistem\u0105, atitinkan\u010di\u0105 pramon\u0117s standartus, u\u017etikrindami, kad kiekviena m\u016bs\u0173 gaminama produkt\u0173 partija atitikt\u0173 auk\u0161\u010diausius kokyb\u0117s kriterijus. Standartizuodami savo veikl\u0105 ir nuolat steb\u0117dami procesus, u\u017etikriname, kad m\u016bs\u0173 klientai gaut\u0173 tik geriausi\u0105.<\/p>\n<p>\u0160is tvirtas atsidavimas kokybei ne tik didina m\u016bs\u0173 gamini\u0173 patikimum\u0105, bet ir kuria klient\u0173 pasitik\u0117jim\u0105 bei pasitenkinim\u0105. Tikime, kad teikdami pirmenyb\u0119 tobulumui kiekviename savo gamybos etape, prisidedame prie savo partneri\u0173 ir visos pramon\u0117s s\u0117km\u0117s. Kartu siekiame inovacij\u0173 ir kokyb\u0117s, kuri i\u0161likt\u0173 laikui b\u0117gant.<\/p>\n<h2><strong>Hidraulini\u0173 cilindr\u0173 gamybos vieta:<\/strong><\/h2>\n<p>M\u016bs\u0173 \u012fmon\u0117 yra pirmaujanti hidraulini\u0173 cilindr\u0173 gamintoja, kurios specializacija \u2013 nepriklausomi tyrimai, pl\u0117tra ir projektavimas. Tur\u0117dami moderniausi\u0105 gamykl\u0105, kurioje yra daugiau nei 170 bendr\u0173j\u0173 stakli\u0173, CNC stakli\u0173, apdirbimo centr\u0173, suvirinimo \u012frangos ir specializuot\u0173 bandym\u0173 bei tikrinimo \u012franki\u0173, esame gerai pasireng\u0119 patenkinti \u012fvairius pramon\u0117s poreikius.<\/p>\n<p>Per daugel\u012f met\u0173 kaupt\u0105 technologin\u0119 patirt\u012f ir tobulinant procesus suk\u016br\u0117me brand\u0173 gamybos proces\u0105, kuris skland\u017eiai integruoja mokslinius tyrimus ir pl\u0117tr\u0105 su gamyba. \u0160i integracija tapo m\u016bs\u0173 pagrindiniu konkurenciniu prana\u0161umu, leid\u017eian\u010diu mums projektuoti ir gaminti plat\u0173 hidraulini\u0173 cilindr\u0173 asortiment\u0105, pritaikyt\u0105 konkretiems klient\u0173 reikalavimams.<\/p>\n<p>M\u016bs\u0173 produktai pla\u010diai naudojami \u012fvairiuose sektoriuose, \u012fskaitant \u017eem\u0117s \u016bkio technik\u0105, statybos \u012frang\u0105, transporto priemones, keli\u0173 in\u017einerij\u0105 ir specializuot\u0105 technik\u0105. Mes did\u017eiuojam\u0117s gal\u0117dami remti daugyb\u0119 originalios \u012frangos gamintoj\u0173 (OEM), \u012fskaitant \u201eBonong Xingda\u201c, \u201eBojin Hummer\u201c, \u201eJilin Ruifeng\u201c, \u201eDebang Dawei\u201c, \u201eShandong Yineng Heavy Industry\u201c, \u201eTai'an Modern Heavy Industry\u201c ir \u201eShifeng Group\u201c.<\/p>\n<p><img loading=\"lazy\" decoding=\"async\" class=\"alignnone size-full wp-image-17290\" src=\"https:\/\/www.hydraulic-cylinders.net\/wp-content\/uploads\/2025\/03\/production-site-1.webp\" alt=\"\" width=\"1971\" height=\"2253\" srcset=\"https:\/\/www.hydraulic-cylinders.net\/wp-content\/uploads\/2025\/03\/production-site-1.webp 1971w, https:\/\/www.hydraulic-cylinders.net\/wp-content\/uploads\/2025\/03\/production-site-1-1280x1463.webp 1280w, https:\/\/www.hydraulic-cylinders.net\/wp-content\/uploads\/2025\/03\/production-site-1-980x1120.webp 980w, https:\/\/www.hydraulic-cylinders.net\/wp-content\/uploads\/2025\/03\/production-site-1-480x549.webp 480w\" sizes=\"(min-width: 0px) and (max-width: 480px) 480px, (min-width: 481px) and (max-width: 980px) 980px, (min-width: 981px) and (max-width: 1280px) 1280px, (min-width: 1281px) 1971px, 100vw\" \/><\/p>\n<p>Esame pasiry\u017e\u0119 teikti i\u0161skirtines paslaugas, taikydami grie\u017et\u0105 kokyb\u0117s politik\u0105, kurioje pirmenyb\u0117 teikiama nuolatin\u0117ms inovacijoms mokslini\u0173 tyrim\u0173 ir pl\u0117tros, valdymo, kokyb\u0117s kontrol\u0117s ir klient\u0173 aptarnavimo srityse. M\u016bs\u0173 \u012fsipareigojimas kokybei buvo \u012fvertintas ISO\/TS16949 sertifikatu, kuris u\u017etikrina, kad ne tik pateisiname, bet ir nuolat vir\u0161ijame klient\u0173 l\u016bkes\u010dius.<\/p>\n<p>\u017dvelgdami \u012f ateit\u012f, mes ir toliau tobulinsime savo technologijas ir pl\u0117sime savo galimybes, visada siekdami savo klientams tiekti auk\u0161\u010diausios kokyb\u0117s produktus ir paslaugas. Kartu kuriame meistri\u0161kumo palikim\u0105 hidraulini\u0173 cilindr\u0173 pramon\u0117je.<\/p>\n<p><strong>\u00a0<\/strong><\/p>","protected":false},"excerpt":{"rendered":"<p>ZG Series Hydraulic Cylinders For Harvesting Machinery\u00a0 The ZG Series Hydraulic Cylinders are specifically designed to enhance the efficiency and performance of harvesting machinery. These cylinders play a vital role in various agricultural applications, enabling precise control and powerful operation essential for modern farming. With a focus on reliability and durability, the ZG Series meets [&hellip;]<\/p>","protected":false},"featured_media":17312,"comment_status":"open","ping_status":"closed","template":"","meta":{"_et_pb_use_builder":"","_et_pb_old_content":"","_et_gb_content_width":""},"product_brand":[],"product_cat":[1550,1528,1376],"product_tag":[],"class_list":{"0":"post-17320","1":"product","2":"type-product","3":"status-publish","4":"has-post-thumbnail","6":"product_cat-double-acting-hydraulic-cylinder","7":"product_cat-harvesting-machinery-hydraulic-cylinders","8":"product_cat-hydraulic-cylinder","10":"first","11":"instock","12":"shipping-taxable","13":"product-type-simple"},"amp_enabled":true,"_links":{"self":[{"href":"https:\/\/www.hydraulic-cylinders.net\/lt\/wp-json\/wp\/v2\/product\/17320","targetHints":{"allow":["GET"]}}],"collection":[{"href":"https:\/\/www.hydraulic-cylinders.net\/lt\/wp-json\/wp\/v2\/product"}],"about":[{"href":"https:\/\/www.hydraulic-cylinders.net\/lt\/wp-json\/wp\/v2\/types\/product"}],"replies":[{"embeddable":true,"href":"https:\/\/www.hydraulic-cylinders.net\/lt\/wp-json\/wp\/v2\/comments?post=17320"}],"wp:featuredmedia":[{"embeddable":true,"href":"https:\/\/www.hydraulic-cylinders.net\/lt\/wp-json\/wp\/v2\/media\/17312"}],"wp:attachment":[{"href":"https:\/\/www.hydraulic-cylinders.net\/lt\/wp-json\/wp\/v2\/media?parent=17320"}],"wp:term":[{"taxonomy":"product_brand","embeddable":true,"href":"https:\/\/www.hydraulic-cylinders.net\/lt\/wp-json\/wp\/v2\/product_brand?post=17320"},{"taxonomy":"product_cat","embeddable":true,"href":"https:\/\/www.hydraulic-cylinders.net\/lt\/wp-json\/wp\/v2\/product_cat?post=17320"},{"taxonomy":"product_tag","embeddable":true,"href":"https:\/\/www.hydraulic-cylinders.net\/lt\/wp-json\/wp\/v2\/product_tag?post=17320"}],"curies":[{"name":"wp","href":"https:\/\/api.w.org\/{rel}","templated":true}]}}