{"id":17333,"date":"2025-03-07T07:52:56","date_gmt":"2025-03-07T07:52:56","guid":{"rendered":"https:\/\/www.hydraulic-cylinders.net\/?post_type=product&#038;p=17333"},"modified":"2025-04-11T03:04:59","modified_gmt":"2025-04-11T03:04:59","slug":"main-and-auxiliary-lifting-spring-cylinders-for-no-tillage-machines","status":"publish","type":"product","link":"https:\/\/www.hydraulic-cylinders.net\/lt\/produktas\/main-and-auxiliary-lifting-spring-cylinders-for-no-tillage-machines\/","title":{"rendered":"Pagrindiniai ir pagalbiniai k\u0117limo spyruokliniai cilindrai ma\u0161inoms be \u017eem\u0117s dirbimo"},"content":{"rendered":"<h1 style=\"text-align: center;\"><strong>Pagrindiniai ir pagalbiniai k\u0117limo spyruokliniai cilindrai ma\u0161inoms be \u017eem\u0117s dirbimo<br \/>\n<img loading=\"lazy\" decoding=\"async\" class=\"alignnone wp-image-17289\" src=\"https:\/\/www.hydraulic-cylinders.net\/wp-content\/uploads\/2025\/03\/main-and-auxiliary-lifting-spring-cylinder-1-1.webp\" alt=\"\" width=\"500\" height=\"500\" srcset=\"https:\/\/www.hydraulic-cylinders.net\/wp-content\/uploads\/2025\/03\/main-and-auxiliary-lifting-spring-cylinder-1-1.webp 500w, https:\/\/www.hydraulic-cylinders.net\/wp-content\/uploads\/2025\/03\/main-and-auxiliary-lifting-spring-cylinder-1-1-480x480.webp 480w\" sizes=\"(min-width: 0px) and (max-width: 480px) 480px, (min-width: 481px) 500px, 100vw\" \/><br \/>\n<\/strong><\/h1>\n<p>Pagrindiniai ir pagalbiniai k\u0117limo spyruokliniai cilindrai yra esminiai bearm\u0117s \u017eem\u0117s dirbimo ma\u0161in\u0173 komponentai, sumaniai suprojektuoti taip, kad padidint\u0173 funkcionalum\u0105 ir efektyvum\u0105. \u0160ie hidrauliniai cilindrai leid\u017eia tiksliai pakelti ir nuleisti \u012frang\u0105, u\u017etikrindami skland\u0173 veikim\u0105 atliekant svarbias \u017eem\u0117s \u016bkio u\u017eduotis. D\u0117l savo tvirtos konstrukcijos ir pa\u017eangios in\u017einerijos jie yra labai svarb\u016bs \u0161iuolaikiniame \u016bkininkavime, prisidedant prie geresnio dirvo\u017eemio valdymo ir didesnio pas\u0117li\u0173 derliaus.<\/p>\n<p>\u0160ie k\u0117limo spyruokliniai cilindrai yra neatsiejama efektyvaus bearmi\u0161ko lauko lauko ma\u0161in\u0173 veikimo dalis. \u012esp\u016bdinga j\u0173 keliamoji galia, patvari konstrukcija ir sklandus veikimas \u017eymiai padidina \u017eem\u0117s \u016bkio efektyvum\u0105. Kai \u016bkininkai laikosi tinkamos naudojimo ir prie\u017ei\u016bros praktikos, jie gali pasikliauti patikimu \u0161i\u0173 cilindr\u0173 veikimu, o tai padidina produktyvum\u0105 ir s\u0117kmingus \u016bkininkavimo rezultatus. Investicija \u012f auk\u0161tos kokyb\u0117s k\u0117limo spyruoklinius cilindrus yra protingas pasirinkimas bet kokiai \u012f ateit\u012f orientuotai \u017eem\u0117s \u016bkio veiklai.<\/p>\n<h2><strong>Pagrindiniai ir pagalbiniai k\u0117limo spyruokliniai cilindrai ma\u0161inoms be \u017eem\u0117s dirbimo. Ma\u0161in\u0173 parametrai:<\/strong><\/h2>\n<h1 style=\"text-align: center;\"><strong><img loading=\"lazy\" decoding=\"async\" class=\"alignnone size-full wp-image-17283\" src=\"https:\/\/www.hydraulic-cylinders.net\/wp-content\/uploads\/2025\/03\/hydraulic-cylinders-for-no-tillage-machines-parameter-1.webp\" alt=\"\" width=\"2237\" height=\"1271\" srcset=\"https:\/\/www.hydraulic-cylinders.net\/wp-content\/uploads\/2025\/03\/hydraulic-cylinders-for-no-tillage-machines-parameter-1.webp 2237w, https:\/\/www.hydraulic-cylinders.net\/wp-content\/uploads\/2025\/03\/hydraulic-cylinders-for-no-tillage-machines-parameter-1-1280x727.webp 1280w, https:\/\/www.hydraulic-cylinders.net\/wp-content\/uploads\/2025\/03\/hydraulic-cylinders-for-no-tillage-machines-parameter-1-980x557.webp 980w, https:\/\/www.hydraulic-cylinders.net\/wp-content\/uploads\/2025\/03\/hydraulic-cylinders-for-no-tillage-machines-parameter-1-480x273.webp 480w\" sizes=\"(min-width: 0px) and (max-width: 480px) 480px, (min-width: 481px) and (max-width: 980px) 980px, (min-width: 981px) and (max-width: 1280px) 1280px, (min-width: 1281px) 2237px, 100vw\" \/><\/strong><\/h1>\n<h2><strong>Pagrindini\u0173 ir pagalbini\u0173 k\u0117limo spyruoklini\u0173 cilindr\u0173, skirt\u0173 nearimo ma\u0161inoms, naudojimas:<\/strong><\/h2>\n<p><img loading=\"lazy\" decoding=\"async\" class=\"alignnone size-full wp-image-17282\" src=\"https:\/\/www.hydraulic-cylinders.net\/wp-content\/uploads\/2025\/03\/hydraulic-cylinders-for-no-tillage-machines-application-1.webp\" alt=\"\" width=\"2273\" height=\"976\" srcset=\"https:\/\/www.hydraulic-cylinders.net\/wp-content\/uploads\/2025\/03\/hydraulic-cylinders-for-no-tillage-machines-application-1.webp 2273w, https:\/\/www.hydraulic-cylinders.net\/wp-content\/uploads\/2025\/03\/hydraulic-cylinders-for-no-tillage-machines-application-1-1280x550.webp 1280w, https:\/\/www.hydraulic-cylinders.net\/wp-content\/uploads\/2025\/03\/hydraulic-cylinders-for-no-tillage-machines-application-1-980x421.webp 980w, https:\/\/www.hydraulic-cylinders.net\/wp-content\/uploads\/2025\/03\/hydraulic-cylinders-for-no-tillage-machines-application-1-480x206.webp 480w\" sizes=\"(min-width: 0px) and (max-width: 480px) 480px, (min-width: 481px) and (max-width: 980px) 980px, (min-width: 981px) and (max-width: 1280px) 1280px, (min-width: 1281px) 2273px, 100vw\" \/><\/p>\n<h2><strong>Pagrindini\u0173 ir pagalbini\u0173 k\u0117limo spyruoklini\u0173 cilindr\u0173, skirt\u0173 nearimo ma\u0161inoms, pagrindin\u0117s savyb\u0117s:<\/strong><\/h2>\n<h4><strong>I\u0161skirtin\u0117 keliamoji galia<\/strong><\/h4>\n<p>\u0160ie k\u0117limo spyruokliniai cilindrai yra sukurti taip, kad atlaikyt\u0173 didelius svorius ir u\u017etikrint\u0173 reikiam\u0105 j\u0117g\u0105 lengvai pakelti sunkius \u017eem\u0117s \u016bkio padargus. \u0160i \u012fsp\u016bdinga keliamoji galia leid\u017eia \u016bkininkams u\u017etikrintai atlikti sud\u0117tingas u\u017eduotis, didinant efektyvum\u0105 ir sudarant s\u0105lygas valdyti didesnius laukus bei sud\u0117tingesnes operacijas.<\/p>\n<h4><strong>Tvirtas universalumas<\/strong><\/h4>\n<p>\u0160ie cilindrai, sukurti taip, kad b\u016bt\u0173 suderinami su \u012fvairiomis bearm\u0117s s\u0117jos ma\u0161inomis, pasi\u017eymi i\u0161skirtiniu universalumu \u012fvairiems \u017eem\u0117s \u016bkio darbams. D\u0117l j\u0173 geb\u0117jimo skland\u017eiai integruotis su esama \u012franga \u016bkininkai gali atnaujinti savo technik\u0105 be dideli\u0173 modifikacij\u0173. \u0160is pritaikomumas skatina individualius sprendimus, atitinkan\u010dius konkre\u010dius veiklos poreikius, o tai galiausiai padidina bendr\u0105 na\u0161um\u0105.<\/p>\n<h4><strong>Sklandus ir efektyvus veikimas<\/strong><\/h4>\n<p>Pa\u017eangi \u0161i\u0173 cilindr\u0173 hidraulin\u0117 konstrukcija suma\u017eina trint\u012f, tod\u0117l k\u0117limo ir nuleidimo veiksmai atliekami skland\u017eiai ir kontroliuojamai. \u0160i savyb\u0117 ne tik padidina veiklos efektyvum\u0105, bet ir leid\u017eia \u016bkininkams atlikti savo u\u017eduotis tiksliau. Sklandus veikimas prisideda prie geresnio darbo eigos, geresnio dirvo\u017eemio valdymo ir optimalaus pas\u0117li\u0173 i\u0161d\u0117stymo.<\/p>\n<h4><strong>Patvari konstrukcija<\/strong><\/h4>\n<p>Pagaminti i\u0161 auk\u0161tos kokyb\u0117s med\u017eiag\u0173, \u0161ie k\u0117limo spyruokliniai cilindrai yra sukurti taip, kad atlaikyt\u0173 at\u0161iaurias \u016bkininkavimo s\u0105lygas. J\u0173 tvirta konstrukcija yra atspari nusid\u0117v\u0117jimui, u\u017etikrinant ilgalaik\u012f veikim\u0105 net ir sud\u0117tingomis s\u0105lygomis. \u0160is patvarumas suma\u017eina keitimo da\u017enum\u0105, tod\u0117l \u016bkininkai gali sutelkti d\u0117mes\u012f \u012f savo darb\u0105, o ne \u012f \u012frangos prie\u017ei\u016br\u0105.<\/p>\n<h4><strong>Paprastas montavimas<\/strong><\/h4>\n<p>\u0160ie k\u0117limo spyruokliniai cilindrai, sukurti atsi\u017evelgiant \u012f patogum\u0105 naudoti, yra lengvai montuojami, suma\u017einant prastovas \u012frengimo metu. \u016akininkai gali greitai ir efektyviai integruoti \u0161iuos cilindrus \u012f savo veikl\u0105 ir gr\u012f\u017eti prie darbo be v\u0117lavim\u0173. Toks paprastas montavimas padeda optimizuoti na\u0161um\u0105 nuo pat prad\u017ei\u0173.<\/p>\n<p>Pasirinkdami \u0161iuos didelio na\u0161umo k\u0117limo spyruoklinius cilindrus, \u016bkininkai gali gerokai patobulinti savo bearm\u0117s s\u0117jos ma\u0161inas, u\u017etikrindami patikim\u0105 veikim\u0105 ir geresn\u012f \u017eem\u0117s \u016bkio efektyvum\u0105. Investicijos \u012f kokybi\u0161kus komponentus lemia produktyvesn\u0119 ir s\u0117kmingesn\u0119 \u016bkininkavimo patirt\u012f, tiesdamos keli\u0105 \u0161viesesnei \u017eem\u0117s \u016bkio atei\u010diai.<\/p>\n<h2><strong>Pagrindiniai ir pagalbiniai k\u0117limo spyruokliniai cilindrai ma\u0161inoms be \u017eem\u0117s dirbimo. Taikomas modelis:<\/strong><\/h2>\n<h1 style=\"text-align: center;\"><strong><img loading=\"lazy\" decoding=\"async\" class=\"alignnone size-full wp-image-17284\" src=\"https:\/\/www.hydraulic-cylinders.net\/wp-content\/uploads\/2025\/03\/hydraulic-cylinders-for-no-tillage-machines-2.webp\" alt=\"\" width=\"2312\" height=\"600\" srcset=\"https:\/\/www.hydraulic-cylinders.net\/wp-content\/uploads\/2025\/03\/hydraulic-cylinders-for-no-tillage-machines-2.webp 2312w, https:\/\/www.hydraulic-cylinders.net\/wp-content\/uploads\/2025\/03\/hydraulic-cylinders-for-no-tillage-machines-2-1280x332.webp 1280w, https:\/\/www.hydraulic-cylinders.net\/wp-content\/uploads\/2025\/03\/hydraulic-cylinders-for-no-tillage-machines-2-980x254.webp 980w, https:\/\/www.hydraulic-cylinders.net\/wp-content\/uploads\/2025\/03\/hydraulic-cylinders-for-no-tillage-machines-2-480x125.webp 480w\" sizes=\"(min-width: 0px) and (max-width: 480px) 480px, (min-width: 481px) and (max-width: 980px) 980px, (min-width: 981px) and (max-width: 1280px) 1280px, (min-width: 1281px) 2312px, 100vw\" \/><\/strong><\/h1>\n<h2><strong>Pagrindini\u0173 ir pagalbini\u0173 k\u0117limo spyruoklini\u0173 cilindr\u0173, skirt\u0173 nearimo ma\u0161inoms, naudojimo b\u016bdas:<\/strong><\/h2>\n<p><img loading=\"lazy\" decoding=\"async\" class=\"aligncenter wp-image-1044961\" src=\"https:\/\/images.hzpt.com\/2025\/03\/main-and-auxiliary-lifting-spring-cylinder-installation-1.webp\" alt=\"\" width=\"500\" height=\"575\" \/><\/p>\n<p>Norint maksimaliai padidinti pagrindini\u0173 ir pagalbini\u0173 k\u0117limo spyruokli\u0173 cilindr\u0173 efektyvum\u0105, reikia atsi\u017evelgti \u012f \u0161iuos esminius veiksmus:<\/p>\n<h4><strong>1. \u012erengimas<\/strong><\/h4>\n<p>Prad\u0117kite montuodami k\u0117limo spyruoklinius cilindrus grie\u017etai laikydamiesi gamintojo nurodym\u0173. Tinkamas montavimas yra labai svarbus norint pasiekti optimal\u0173 na\u0161um\u0105. Neskub\u0117kite pritvirtinti vis\u0173 jung\u010di\u0173, kad i\u0161vengtum\u0117te nuot\u0117ki\u0173, kurie gali sukelti neefektyvum\u0105 ir galim\u0105 \u017eal\u0105. \u012esitikinkite, kad cilindrai yra teisingai sulygiuoti, kad jie gal\u0117t\u0173 skland\u017eiai veikti bearm\u0117je s\u0117jos ma\u0161inoje. Gerai sumontuotas cilindras ne tik pagerina funkcionalum\u0105, bet ir padidina bendr\u0105 \u012frangos saug\u0105.<\/p>\n<h4><strong>2. Hidraulin\u0117s sistemos ap\u017ei\u016bra<\/strong><\/h4>\n<p>Prie\u0161 prad\u0117dami bet kok\u012f darb\u0105, atlikite i\u0161sam\u0173 hidraulin\u0117s sistemos patikrinim\u0105. Patikrinkite hidraulinio skys\u010dio lyg\u012f, kad \u012fsitikintum\u0117te, jog jis atitinka rekomenduojam\u0105 diapazon\u0105, nes nepakankamas skys\u010dio kiekis gali sutrikdyti veikim\u0105 ir sukelti sistemos gedimus. Ap\u017ei\u016br\u0117kite \u017earnas ir jungiam\u0105sias detales, ar n\u0117ra susid\u0117v\u0117jimo, \u012ftr\u016bkim\u0173 ar nuot\u0117ki\u0173 po\u017eymi\u0173. Tinkamas hidraulinis sl\u0117gis yra b\u016btinas efektyviam k\u0117limui ir u\u017etikrina, kad ma\u0161ina veikt\u0173 geriausiai. Patartina reguliariai tikrinti, kad b\u016bt\u0173 galima anksti nustatyti galimas problemas.<\/p>\n<h4><strong>3. \u012esitraukimas<\/strong><\/h4>\n<p>\u012erengus ir patikrinus, \u012fjunkite hidraulin\u0119 sistem\u0105, kad pakeltum\u0117te arba nuleistum\u0117te bes\u0117lin\u0117s s\u0117jos ma\u0161inos komponentus. Valdymo svirtis naudokite atsargiai, kad judesiai b\u016bt\u0173 laipsni\u0161ki ir tiksl\u016bs. Toks kruop\u0161tus po\u017ei\u016bris leid\u017eia tiksliai reguliuoti pad\u0117t\u012f, atsi\u017evelgiant \u012f \u012fvairias lauko s\u0105lygas, pvz., reljefo ar pas\u0117li\u0173 auk\u0161\u010dio poky\u010dius. Sklandus hidraulin\u0117s sistemos \u012fjungimas ne tik padidina efektyvum\u0105, bet ir pagerina bendr\u0105 dirvo\u017eemio tvarkymo praktik\u0105.<\/p>\n<h4><strong>4. Veiklos steb\u0117jimas<\/strong><\/h4>\n<p>Eksploatacijos metu atid\u017eiai steb\u0117kite k\u0117limo cilindr\u0173 veikim\u0105. Reguliariai klausykit\u0117s, ar n\u0117ra ne\u012fprast\u0173 gars\u0173, toki\u0173 kaip girg\u017ed\u0117jimas ar per didelis triuk\u0161mas, ir steb\u0117kite, ar n\u0117ra pasiprie\u0161inimo po\u017eymi\u0173 k\u0117limo ir nuleidimo metu. \u0160ie indikatoriai gali rodyti prie\u017ei\u016bros poreik\u012f arba mechanines problemas. Ankstyvas problem\u0173 nustatymas leid\u017eia laiku atlikti remont\u0105, pad\u0117ti i\u0161vengti brangi\u0173 prastov\u0173 ir u\u017etikrinti, kad technika i\u0161likt\u0173 optimalioje darbin\u0117je b\u016bkl\u0117je. B\u016bdami budr\u016bs, \u016bkininkai gali prailginti savo k\u0117limo spyruokli\u0173 cilindr\u0173 tarnavimo laik\u0105 ir patikimum\u0105.<\/p>\n<p>Laikydamiesi \u0161i\u0173 veiksm\u0173, vartotojai gali u\u017etikrinti, kad pagrindiniai ir pagalbiniai k\u0117limo spyruokli\u0173 cilindrai veikt\u0173 efektyviai, o tai padidint\u0173 na\u0161um\u0105 ir pagerint\u0173 \u017eem\u0117s \u016bkio rezultatus.<\/p>\n<h2><strong>Bandymo \u012franga:<\/strong><\/h2>\n<p><strong><img loading=\"lazy\" decoding=\"async\" class=\"alignnone size-full wp-image-17293\" src=\"https:\/\/www.hydraulic-cylinders.net\/wp-content\/uploads\/2025\/03\/test-equipment.webp-2.webp\" alt=\"\" width=\"1932\" height=\"1741\" srcset=\"https:\/\/www.hydraulic-cylinders.net\/wp-content\/uploads\/2025\/03\/test-equipment.webp-2.webp 1932w, https:\/\/www.hydraulic-cylinders.net\/wp-content\/uploads\/2025\/03\/test-equipment.webp-2-1280x1153.webp 1280w, https:\/\/www.hydraulic-cylinders.net\/wp-content\/uploads\/2025\/03\/test-equipment.webp-2-980x883.webp 980w, https:\/\/www.hydraulic-cylinders.net\/wp-content\/uploads\/2025\/03\/test-equipment.webp-2-480x433.webp 480w\" sizes=\"(min-width: 0px) and (max-width: 480px) 480px, (min-width: 481px) and (max-width: 980px) 980px, (min-width: 981px) and (max-width: 1280px) 1280px, (min-width: 1281px) 1932px, 100vw\" \/><\/strong><\/p>\n<ul>\n<li>1: Druskos pur\u0161kimo bandymo kamera<\/li>\n<li>2: Chemin\u0117 analiz\u0117<\/li>\n<li>3: Tempimo bandymo ma\u0161ina<\/li>\n<li>4: Rokvelo kietumo matuoklis<\/li>\n<li>5: \u0160varos tikrinimo ma\u0161ina<\/li>\n<li>6: TH110 at\u0161okimo kietumo matuoklis<\/li>\n<li>7: Dangos storio matuoklis<\/li>\n<li>8: \u0160vytuokl\u0117s sm\u016bgio bandymas<\/li>\n<\/ul>\n<p><img loading=\"lazy\" decoding=\"async\" class=\"alignnone size-full wp-image-17292\" src=\"https:\/\/www.hydraulic-cylinders.net\/wp-content\/uploads\/2025\/03\/test-equipment.webp-1.webp\" alt=\"\" width=\"1600\" height=\"1216\" srcset=\"https:\/\/www.hydraulic-cylinders.net\/wp-content\/uploads\/2025\/03\/test-equipment.webp-1.webp 1600w, https:\/\/www.hydraulic-cylinders.net\/wp-content\/uploads\/2025\/03\/test-equipment.webp-1-1280x973.webp 1280w, https:\/\/www.hydraulic-cylinders.net\/wp-content\/uploads\/2025\/03\/test-equipment.webp-1-980x745.webp 980w, https:\/\/www.hydraulic-cylinders.net\/wp-content\/uploads\/2025\/03\/test-equipment.webp-1-480x365.webp 480w\" sizes=\"(min-width: 0px) and (max-width: 480px) 480px, (min-width: 481px) and (max-width: 980px) 980px, (min-width: 981px) and (max-width: 1280px) 1280px, (min-width: 1281px) 1600px, 100vw\" \/><\/p>\n<p>M\u016bs\u0173 \u012fmon\u0117 kokyb\u0119 laiko savo s\u0117km\u0117s pagrindu. Siekdami \u012fvykdyti \u0161\u012f \u012fsipareigojim\u0105, investavome \u012f pa\u017eangiausi\u0105 buitin\u0119 bandym\u0173 ir laboratorin\u0119 \u012frang\u0105, kuri\u0105 palaiko auk\u0161tos kvalifikacijos mokslo ir technologij\u0173 specialist\u0173 komanda.<\/p>\n<p>Taikome grie\u017et\u0105 kokyb\u0117s valdymo sistem\u0105, atitinkan\u010di\u0105 pramon\u0117s standartus, u\u017etikrindami, kad kiekviena m\u016bs\u0173 gaminama produkt\u0173 partija atitikt\u0173 auk\u0161\u010diausius kokyb\u0117s kriterijus. Standartizuodami savo veikl\u0105 ir nuolat steb\u0117dami procesus, u\u017etikriname, kad m\u016bs\u0173 klientai gaut\u0173 tik geriausi\u0105.<\/p>\n<p>\u0160is tvirtas atsidavimas kokybei ne tik didina m\u016bs\u0173 gamini\u0173 patikimum\u0105, bet ir kuria klient\u0173 pasitik\u0117jim\u0105 bei pasitenkinim\u0105. Tikime, kad teikdami pirmenyb\u0119 tobulumui kiekviename savo gamybos etape, prisidedame prie savo partneri\u0173 ir visos pramon\u0117s s\u0117km\u0117s. Kartu siekiame inovacij\u0173 ir kokyb\u0117s, kuri i\u0161likt\u0173 laikui b\u0117gant.<\/p>\n<h2><strong>Hidraulini\u0173 cilindr\u0173 gamybos vieta:<\/strong><\/h2>\n<p>M\u016bs\u0173 \u012fmon\u0117 yra pirmaujanti hidraulini\u0173 cilindr\u0173 gamintoja, kurios specializacija \u2013 nepriklausomi tyrimai, pl\u0117tra ir projektavimas. Tur\u0117dami moderniausi\u0105 gamykl\u0105, kurioje yra daugiau nei 170 bendr\u0173j\u0173 stakli\u0173, CNC stakli\u0173, apdirbimo centr\u0173, suvirinimo \u012frangos ir specializuot\u0173 bandym\u0173 bei tikrinimo \u012franki\u0173, esame gerai pasireng\u0119 patenkinti \u012fvairius pramon\u0117s poreikius.<\/p>\n<p>Per daugel\u012f met\u0173 kaupt\u0105 technologin\u0119 patirt\u012f ir tobulinant procesus suk\u016br\u0117me brand\u0173 gamybos proces\u0105, kuris skland\u017eiai integruoja mokslinius tyrimus ir pl\u0117tr\u0105 su gamyba. \u0160i integracija tapo m\u016bs\u0173 pagrindiniu konkurenciniu prana\u0161umu, leid\u017eian\u010diu mums projektuoti ir gaminti plat\u0173 hidraulini\u0173 cilindr\u0173 asortiment\u0105, pritaikyt\u0105 konkretiems klient\u0173 reikalavimams.<\/p>\n<p>M\u016bs\u0173 produktai pla\u010diai naudojami \u012fvairiuose sektoriuose, \u012fskaitant \u017eem\u0117s \u016bkio technik\u0105, statybos \u012frang\u0105, transporto priemones, keli\u0173 in\u017einerij\u0105 ir specializuot\u0105 technik\u0105. Mes did\u017eiuojam\u0117s gal\u0117dami remti daugyb\u0119 originalios \u012frangos gamintoj\u0173 (OEM), \u012fskaitant \u201eBonong Xingda\u201c, \u201eBojin Hummer\u201c, \u201eJilin Ruifeng\u201c, \u201eDebang Dawei\u201c, \u201eShandong Yineng Heavy Industry\u201c, \u201eTai'an Modern Heavy Industry\u201c ir \u201eShifeng Group\u201c.<\/p>\n<p><img loading=\"lazy\" decoding=\"async\" class=\"alignnone size-full wp-image-17290\" src=\"https:\/\/www.hydraulic-cylinders.net\/wp-content\/uploads\/2025\/03\/production-site-1.webp\" alt=\"\" width=\"1971\" height=\"2253\" srcset=\"https:\/\/www.hydraulic-cylinders.net\/wp-content\/uploads\/2025\/03\/production-site-1.webp 1971w, https:\/\/www.hydraulic-cylinders.net\/wp-content\/uploads\/2025\/03\/production-site-1-1280x1463.webp 1280w, https:\/\/www.hydraulic-cylinders.net\/wp-content\/uploads\/2025\/03\/production-site-1-980x1120.webp 980w, https:\/\/www.hydraulic-cylinders.net\/wp-content\/uploads\/2025\/03\/production-site-1-480x549.webp 480w\" sizes=\"(min-width: 0px) and (max-width: 480px) 480px, (min-width: 481px) and (max-width: 980px) 980px, (min-width: 981px) and (max-width: 1280px) 1280px, (min-width: 1281px) 1971px, 100vw\" \/><\/p>\n<p>Esame pasiry\u017e\u0119 teikti i\u0161skirtines paslaugas, taikydami grie\u017et\u0105 kokyb\u0117s politik\u0105, kurioje pirmenyb\u0117 teikiama nuolatin\u0117ms inovacijoms mokslini\u0173 tyrim\u0173 ir pl\u0117tros, valdymo, kokyb\u0117s kontrol\u0117s ir klient\u0173 aptarnavimo srityse. M\u016bs\u0173 \u012fsipareigojimas kokybei buvo \u012fvertintas ISO\/TS16949 sertifikatu, kuris u\u017etikrina, kad ne tik pateisiname, bet ir nuolat vir\u0161ijame klient\u0173 l\u016bkes\u010dius.<\/p>\n<p>\u017dvelgdami \u012f ateit\u012f, mes ir toliau tobulinsime savo technologijas ir pl\u0117sime savo galimybes, visada siekdami savo klientams tiekti auk\u0161\u010diausios kokyb\u0117s produktus ir paslaugas. Kartu kuriame meistri\u0161kumo palikim\u0105 hidraulini\u0173 cilindr\u0173 pramon\u0117je.<\/p>\n<p><strong>\u00a0<\/strong><\/p>","protected":false},"excerpt":{"rendered":"<p>Main And Auxiliary Lifting Spring Cylinders For No Tillage Machines Main and auxiliary lifting spring cylinders are essential components of no-tillage machines, skillfully designed to enhance both functionality and efficiency. These hydraulic cylinders enable precise lifting and lowering of equipment, ensuring seamless operation during critical agricultural tasks. With their robust construction and advanced engineering, they [&hellip;]<\/p>","protected":false},"featured_media":17335,"comment_status":"open","ping_status":"closed","template":"","meta":{"_et_pb_use_builder":"","_et_pb_old_content":"","_et_gb_content_width":""},"product_brand":[],"product_cat":[1530,1549,1376],"product_tag":[],"class_list":{"0":"post-17333","1":"product","2":"type-product","3":"status-publish","4":"has-post-thumbnail","6":"product_cat-no-tillage-machinery-hydraulic-cylinders","7":"product_cat-single-acting-hydraulic-cylinder","8":"product_cat-hydraulic-cylinder","10":"first","11":"instock","12":"shipping-taxable","13":"product-type-simple"},"amp_enabled":true,"_links":{"self":[{"href":"https:\/\/www.hydraulic-cylinders.net\/lt\/wp-json\/wp\/v2\/product\/17333","targetHints":{"allow":["GET"]}}],"collection":[{"href":"https:\/\/www.hydraulic-cylinders.net\/lt\/wp-json\/wp\/v2\/product"}],"about":[{"href":"https:\/\/www.hydraulic-cylinders.net\/lt\/wp-json\/wp\/v2\/types\/product"}],"replies":[{"embeddable":true,"href":"https:\/\/www.hydraulic-cylinders.net\/lt\/wp-json\/wp\/v2\/comments?post=17333"}],"wp:featuredmedia":[{"embeddable":true,"href":"https:\/\/www.hydraulic-cylinders.net\/lt\/wp-json\/wp\/v2\/media\/17335"}],"wp:attachment":[{"href":"https:\/\/www.hydraulic-cylinders.net\/lt\/wp-json\/wp\/v2\/media?parent=17333"}],"wp:term":[{"taxonomy":"product_brand","embeddable":true,"href":"https:\/\/www.hydraulic-cylinders.net\/lt\/wp-json\/wp\/v2\/product_brand?post=17333"},{"taxonomy":"product_cat","embeddable":true,"href":"https:\/\/www.hydraulic-cylinders.net\/lt\/wp-json\/wp\/v2\/product_cat?post=17333"},{"taxonomy":"product_tag","embeddable":true,"href":"https:\/\/www.hydraulic-cylinders.net\/lt\/wp-json\/wp\/v2\/product_tag?post=17333"}],"curies":[{"name":"wp","href":"https:\/\/api.w.org\/{rel}","templated":true}]}}