{"id":17336,"date":"2025-03-07T08:15:05","date_gmt":"2025-03-07T08:15:05","guid":{"rendered":"https:\/\/www.hydraulic-cylinders.net\/?post_type=product&#038;p=17336"},"modified":"2025-04-11T03:04:56","modified_gmt":"2025-04-11T03:04:56","slug":"unidirectional-scriber-cylinder-for-no-tillage-machines","status":"publish","type":"product","link":"https:\/\/www.hydraulic-cylinders.net\/lt\/produktas\/unidirectional-scriber-cylinder-for-no-tillage-machines\/","title":{"rendered":"Vienkryptis braukimo cilindras ma\u0161inoms be \u017eem\u0117s dirbimo"},"content":{"rendered":"<h1 style=\"text-align: center;\"><strong>Vienkryptis braukimo cilindras ma\u0161inoms be \u017eem\u0117s dirbimo<\/strong><\/h1>\n<h1 style=\"text-align: center;\"><strong><img loading=\"lazy\" decoding=\"async\" class=\"alignnone wp-image-17299\" src=\"https:\/\/www.hydraulic-cylinders.net\/wp-content\/uploads\/2025\/03\/unidirectional-scriber-cylinder-1.webp\" alt=\"\" width=\"500\" height=\"521\" srcset=\"https:\/\/www.hydraulic-cylinders.net\/wp-content\/uploads\/2025\/03\/unidirectional-scriber-cylinder-1.webp 500w, https:\/\/www.hydraulic-cylinders.net\/wp-content\/uploads\/2025\/03\/unidirectional-scriber-cylinder-1-480x500.webp 480w\" sizes=\"(min-width: 0px) and (max-width: 480px) 480px, (min-width: 481px) 500px, 100vw\" \/><br \/>\n<\/strong><\/h1>\n<p>Vienakryptis braukimo cilindras yra esminis komponentas, specialiai sukurtas bearm\u0117ms s\u0117jos ma\u0161inoms. \u0160is novatori\u0161kas \u012frankis \u017eymiai pagerina dirvo\u017eemio paruo\u0161imo ir s\u0117jos procesus, leisdamas \u016bkininkams efektyviau sudaryti optimalias s\u0117jos s\u0105lygas. Suma\u017eindamas dirvo\u017eemio ardym\u0105, vienakryptis braukimo cilindras atlieka labai svarb\u0173 vaidmen\u012f i\u0161saugant dirvo\u017eemio strukt\u016br\u0105 ir dr\u0117gm\u0117s lyg\u012f, kurie yra gyvybi\u0161kai svarb\u016bs sveikam augal\u0173 augimui skatinti. D\u0117l pa\u017eangios konstrukcijos ir funkcionalumo jis yra vertingas \u0161iuolaikin\u0117s \u017eem\u0117s \u016bkio praktikos elementas.<\/p>\n<p>Vienakryptis \u017eym\u0117jimo cilindras, nepakei\u010diamas \u012frankis dirbant be arimo, padidina dirvo\u017eemio tvarkymo tikslum\u0105 ir efektyvum\u0105. Tvirta konstrukcija u\u017etikrina ilgaam\u017ei\u0161kum\u0105, o paprastas montavimo procesas leid\u017eia greitai integruoti \u012f esam\u0105 technik\u0105. Suma\u017eindamas dirvo\u017eemio ardym\u0105, jis palaiko tvari\u0105 \u016bkininkavimo praktik\u0105 ir padeda \u016bkininkams pasiekti idealias s\u0117jos s\u0105lygas.<\/p>\n<p>Tinkamo naudojimo ir prie\u017ei\u016bros gairi\u0173 laikymasis u\u017etikrina patikim\u0105 veikim\u0105, o tai galiausiai lemia didesn\u012f pas\u0117li\u0173 derli\u0173 ir s\u0117kmingus \u016bkininkavimo rezultatus. Investuoti \u012f vienkrypt\u012f braukimo cilindr\u0105 yra i\u0161mintingas sprendimas bet kokiai \u017eem\u0117s \u016bkio operacijai, kuria siekiama padidinti produktyvum\u0105 ir veiklos efektyvum\u0105.<\/p>\n<h2><strong>Vienkryptis rai\u017eytuvo cilindras ma\u0161inoms be \u017eem\u0117s dirbimo parametro:<\/strong><\/h2>\n<h1 style=\"text-align: center;\"><strong><img loading=\"lazy\" decoding=\"async\" class=\"alignnone size-full wp-image-17283\" src=\"https:\/\/www.hydraulic-cylinders.net\/wp-content\/uploads\/2025\/03\/hydraulic-cylinders-for-no-tillage-machines-parameter-1.webp\" alt=\"\" width=\"2237\" height=\"1271\" srcset=\"https:\/\/www.hydraulic-cylinders.net\/wp-content\/uploads\/2025\/03\/hydraulic-cylinders-for-no-tillage-machines-parameter-1.webp 2237w, https:\/\/www.hydraulic-cylinders.net\/wp-content\/uploads\/2025\/03\/hydraulic-cylinders-for-no-tillage-machines-parameter-1-1280x727.webp 1280w, https:\/\/www.hydraulic-cylinders.net\/wp-content\/uploads\/2025\/03\/hydraulic-cylinders-for-no-tillage-machines-parameter-1-980x557.webp 980w, https:\/\/www.hydraulic-cylinders.net\/wp-content\/uploads\/2025\/03\/hydraulic-cylinders-for-no-tillage-machines-parameter-1-480x273.webp 480w\" sizes=\"(min-width: 0px) and (max-width: 480px) 480px, (min-width: 481px) and (max-width: 980px) 980px, (min-width: 981px) and (max-width: 1280px) 1280px, (min-width: 1281px) 2237px, 100vw\" \/><\/strong><\/h1>\n<h2><strong>Vienkryptis braukimo cilindras, skirtas nearimo ma\u0161inoms:<\/strong><\/h2>\n<p><img loading=\"lazy\" decoding=\"async\" class=\"alignnone size-full wp-image-17282\" src=\"https:\/\/www.hydraulic-cylinders.net\/wp-content\/uploads\/2025\/03\/hydraulic-cylinders-for-no-tillage-machines-application-1.webp\" alt=\"\" width=\"2273\" height=\"976\" srcset=\"https:\/\/www.hydraulic-cylinders.net\/wp-content\/uploads\/2025\/03\/hydraulic-cylinders-for-no-tillage-machines-application-1.webp 2273w, https:\/\/www.hydraulic-cylinders.net\/wp-content\/uploads\/2025\/03\/hydraulic-cylinders-for-no-tillage-machines-application-1-1280x550.webp 1280w, https:\/\/www.hydraulic-cylinders.net\/wp-content\/uploads\/2025\/03\/hydraulic-cylinders-for-no-tillage-machines-application-1-980x421.webp 980w, https:\/\/www.hydraulic-cylinders.net\/wp-content\/uploads\/2025\/03\/hydraulic-cylinders-for-no-tillage-machines-application-1-480x206.webp 480w\" sizes=\"(min-width: 0px) and (max-width: 480px) 480px, (min-width: 481px) and (max-width: 980px) 980px, (min-width: 981px) and (max-width: 1280px) 1280px, (min-width: 1281px) 2273px, 100vw\" \/><\/p>\n<h2><strong>Vienakryptis braukimo cilindras ma\u0161inoms be \u017eem\u0117s dirbimo Pagrindin\u0117s savyb\u0117s:<\/strong><\/h2>\n<h4><strong>Supaprastintas vienos krypties veikimas<\/strong><\/h4>\n<p>Vienakryptis \u017eymeklio cilindro dizainas palengvina efektyv\u0173 jud\u0117jim\u0105 viena kryptimi, tod\u0117l jis ypa\u010d efektyvus atliekant nesud\u0117tingus sodinimo ir dirvo\u017eemio tvarkymo darbus. \u0160is sutelktas valdymas supaprastina naudotojo patirt\u012f, leisdamas operatoriams sutelkti d\u0117mes\u012f \u012f nuosekli\u0173 ir tiksli\u0173 rezultat\u0173 siekim\u0105. Suma\u017eindami manevravimo sud\u0117tingum\u0105, \u016bkininkai gali padidinti produktyvum\u0105, palaikyti stabil\u0173 darbo eig\u0105 ir suma\u017einti eksploatacini\u0173 klaid\u0173 rizik\u0105.<\/p>\n<h4><strong>Tvirta ir patikima konstrukcija<\/strong><\/h4>\n<p>Pagamintas i\u0161 auk\u0161\u010diausios kokyb\u0117s med\u017eiag\u0173, vienkryptis \u017eym\u0117jimo cilindras yra sukurtas taip, kad atlaikyt\u0173 at\u0161iaurias \u017eem\u0117s \u016bkio aplinkos i\u0161\u0161\u016bkius. Tvirta konstrukcija yra atspari nusid\u0117v\u0117jimui ir ply\u0161imams, u\u017etikrinant patikim\u0105 veikim\u0105 vis\u0105 \u016bkininkavimo sezon\u0105. \u0160is patvarumas rei\u0161kia ma\u017eesn\u012f remonto ir keitimo poreik\u012f, tod\u0117l \u016bkininkai gali sutaupyti laiko ir pinig\u0173, m\u0117gaudamiesi patikimu \u012frankiu. Ilgaam\u017e\u0117 konstrukcija suteikia pasitik\u0117jimo, \u017einant, kad jis gali patenkinti kasdienius \u017eem\u0117s \u016bkio darb\u0173 poreikius.<\/p>\n<h4><strong>Patobulintas tikslumas ir kontrol\u0117<\/strong><\/h4>\n<p>Vienakryptis \u017eym\u0117jimo cilindras, apr\u016bpintas pa\u017eangia hidrauline sistema, u\u017etikrina i\u0161skirtin\u012f tikslum\u0105 valdant tiek gyl\u012f, tiek kamp\u0105. \u0160i galimyb\u0117 leid\u017eia operatoriams atlikti tikslius reguliavimus, pritaikytus konkre\u010dioms dirvo\u017eemio s\u0105lygoms ir pas\u0117li\u0173 poreikiams. Toks tikslumas yra gyvybi\u0161kai svarbus optimaliam s\u0117kl\u0173 \u012fterpimui, u\u017etikrinant, kad s\u0117klos b\u016bt\u0173 s\u0117jamos idealiame gylyje ir veiksmingai sudygt\u0173. Pager\u0117j\u0119s dirvo\u017eemio aeravimas d\u0117l tikslaus reguliavimo dar labiau skatina tvirt\u0105 pas\u0117li\u0173 vystym\u0105si, tod\u0117l augalai sveikesni ir padid\u0117ja derlius.<\/p>\n<h4><strong>Paprastas montavimas<\/strong><\/h4>\n<p>Sukurtas atsi\u017evelgiant \u012f naudotojo patogum\u0105, vienkryptis \u017eym\u0117jimo cilindras pasi\u017eymi paprastu \u012frengimo procesu. \u016akininkai gali j\u012f skland\u017eiai integruoti \u012f savo esamas besam\u0117s s\u0117jos ma\u0161inas, \u012fd\u0117dami minimali\u0173 pastang\u0173 ar technini\u0173 \u017eini\u0173. \u0160is patogus naudotojui aspektas \u017eymiai suma\u017eina prastovas, leisdamas greitai atnaujinti \u017eem\u0117s \u016bkio darbus be v\u0117lavim\u0173. Sutrumpindami \u012frengimo laik\u0105, \u016bkininkai gali sutelkti d\u0117mes\u012f \u012f produktyvumo didinim\u0105 ir prisitaikym\u0105 prie dinami\u0161k\u0173 \u016bkininkavimo grafik\u0173 reikalavim\u0173.<\/p>\n<h4><strong>Minimalus dirvo\u017eemio pa\u017eeidimas<\/strong><\/h4>\n<p>Novatori\u0161kas vienakryp\u010dio braukimo cilindro dizainas efektyviai suma\u017eina dirvo\u017eemio ardym\u0105 eksploatacijos metu. I\u0161saugodama esmin\u0119 dirvo\u017eemio strukt\u016br\u0105 ir dr\u0117gm\u0117s kiek\u012f, \u0161i savyb\u0117 skatina geresn\u012f \u0161akn\u0173 vystym\u0105si, o tai yra labai svarbu pas\u0117li\u0173 sveikatai. Be to, suma\u017eintas dirvo\u017eemio ardymas padeda i\u0161laikyti naudingus mikroorganizmus dirvo\u017eemyje, didindamas bendr\u0105 dirvo\u017eemio derlingum\u0105. Toks apgalvotas po\u017ei\u016bris \u012f dirvo\u017eemio tvarkym\u0105 palaiko tvari\u0105 \u016bkininkavimo praktik\u0105 ir gerina pas\u0117li\u0173 sveikat\u0105, tod\u0117l padid\u0117ja derlius ir ilgalaik\u0117 \u017eem\u0117s \u016bkio s\u0117km\u0117.<\/p>\n<p>Apibendrinant, vienkryptis \u017eym\u0117jimo cilindras i\u0161siskiria savo supaprastintu vienos krypties veikimu, tvirta konstrukcija, padidintu tikslumu, nesud\u0117tingu montavimu ir minimaliu dirvo\u017eemio ardymu. \u0160ios savyb\u0117s daro j\u012f ne\u012fkainojama priemone \u0161iuolaikin\u0117je \u017eem\u0117s \u016bkio praktikoje, suteikian\u010dia \u016bkininkams galimyb\u0119 efektyviai ir veiksmingai valdyti dirvo\u017eem\u012f, o tai galiausiai lemia sveikesnius pas\u0117lius ir didesn\u012f produktyvum\u0105.<\/p>\n<h2><strong>Vienkryptis braukimo cilindras ma\u0161inoms be \u017eem\u0117s dirbimo. Taikomas modelis:<\/strong><\/h2>\n<h1 style=\"text-align: center;\"><strong><img loading=\"lazy\" decoding=\"async\" class=\"alignnone size-full wp-image-17284\" src=\"https:\/\/www.hydraulic-cylinders.net\/wp-content\/uploads\/2025\/03\/hydraulic-cylinders-for-no-tillage-machines-2.webp\" alt=\"\" width=\"2312\" height=\"600\" srcset=\"https:\/\/www.hydraulic-cylinders.net\/wp-content\/uploads\/2025\/03\/hydraulic-cylinders-for-no-tillage-machines-2.webp 2312w, https:\/\/www.hydraulic-cylinders.net\/wp-content\/uploads\/2025\/03\/hydraulic-cylinders-for-no-tillage-machines-2-1280x332.webp 1280w, https:\/\/www.hydraulic-cylinders.net\/wp-content\/uploads\/2025\/03\/hydraulic-cylinders-for-no-tillage-machines-2-980x254.webp 980w, https:\/\/www.hydraulic-cylinders.net\/wp-content\/uploads\/2025\/03\/hydraulic-cylinders-for-no-tillage-machines-2-480x125.webp 480w\" sizes=\"(min-width: 0px) and (max-width: 480px) 480px, (min-width: 481px) and (max-width: 980px) 980px, (min-width: 981px) and (max-width: 1280px) 1280px, (min-width: 1281px) 2312px, 100vw\" \/><\/strong><\/h1>\n<h2><strong>Kaip vienkryptis \u017eym\u0117jimo cilindras pagerina dirvo\u017eemio sveikat\u0105 sodinimo metu?<\/strong><\/h2>\n<p>Vienakryptis \u017eym\u0117jimo cilindras gerina dirvo\u017eemio sveikat\u0105 s\u0117jos metu keliais pagrindiniais mechanizmais:<\/p>\n<h4><strong>Suma\u017eintas dirvo\u017eemio trikdymas<\/strong>:<\/h4>\n<p>Specialus cilindro dizainas suma\u017eina dirvo\u017eemio strukt\u016bros sutrikdym\u0105, i\u0161saugodamas nat\u016bral\u0173 dirvo\u017eemio sluoksni\u0173 i\u0161sid\u0117stym\u0105. \u0160is i\u0161saugojimas apsaugo nuo sutank\u0117jimo, tod\u0117l \u0161aknys gali lengviau prasiskverbti. I\u0161saugodamas \u0161i\u0173 sluoksni\u0173 vientisum\u0105, cilindras u\u017etikrina, kad dirvo\u017eemyje i\u0161likt\u0173 b\u016btinos maistin\u0117s med\u017eiagos ir dr\u0117gm\u0117, sukurdamas palankesn\u0119 aplink\u0105 augal\u0173 augimui.<\/p>\n<h4><strong>Dr\u0117gm\u0117s i\u0161laikymas<\/strong>:<\/h4>\n<p>Ribodamas dirvo\u017eemio trikdym\u0105, vienkryptis rai\u017eytuvo cilindras padeda i\u0161laikyti dr\u0117gm\u0117s lyg\u012f, kuris yra labai svarbus s\u0117kl\u0173 dygimui ir ankstyvam augal\u0173 vystymuisi. Tai ypa\u010d svarbu sausringomis s\u0105lygomis, kai dr\u0117gm\u0117s praradimas gali trukdyti pas\u0117liams \u012fsitvirtinti. Geb\u0117jimas i\u0161laikyti dr\u0117gm\u0119 ne tik palaiko pradin\u012f augim\u0105, bet ir padidina augalo atsparum\u0105 sausros stresui v\u0117lesniu vegetacijos laikotarpiu.<\/p>\n<h4><strong>Sustiprintas mikrob\u0173 aktyvumas<\/strong>:<\/h4>\n<p>Cilindro konstrukcija leid\u017eia klest\u0117ti dirvo\u017eemyje esantiems naudingiems mikroorganizmams, suma\u017einant j\u0173 buvein\u0117s sutrikdym\u0105. Sveikos mikrob\u0173 populiacijos atlieka gyvybi\u0161kai svarb\u0173 vaidmen\u012f skaidant organines med\u017eiagas, apdorojant maistines med\u017eiagas ir gerinant dirvo\u017eemio derlingum\u0105. Skatindamas stipri\u0105 mikrob\u0173 bendruomen\u0119, vienakryptis \u017eym\u0117jimo cilindras prisideda prie geresnio maistini\u0173 med\u017eiag\u0173 prieinamumo, o tai skatina stipresn\u012f ir sveikesn\u012f augal\u0173 augim\u0105.<\/p>\n<h4><strong>Skatina \u0161akn\u0173 vystym\u0105si<\/strong>:<\/h4>\n<p>Sukurdamas stabili\u0105 dirvo\u017eemio aplink\u0105, vienkryptis \u017eym\u0117jimo cilindras skatina geresn\u012f \u0161akn\u0173 augim\u0105 ir vystym\u0105si. Gilios ir pla\u010dios \u0161akn\u0173 sistemos yra b\u016btinos norint gauti vandens ir maistini\u0173 med\u017eiag\u0173, kurios yra labai svarbios augal\u0173 sveikatai. Geresnis \u0161akn\u0173 vystymasis taip pat pagerina augalo geb\u0117jim\u0105 atlaikyti aplinkos stres\u0105, pavyzd\u017eiui, sausr\u0105 ar maistini\u0173 med\u017eiag\u0173 tr\u016bkum\u0105, tod\u0117l derlius tampa tvirtesnis.<\/p>\n<h4><strong>Dirvo\u017eemio aeravimas<\/strong>:<\/h4>\n<p>Tikslus cilindro reguliavimas palengvina optimal\u0173 s\u0117kl\u0173 \u012fterpim\u0105 ir pagerina dirvo\u017eemio aeracij\u0105. Tinkamas aeravimas yra labai svarbus \u0161akn\u0173 kv\u0117pavimui ir bendrai dirvo\u017eemio ekosistemos sveikatai. Skatindamas geresn\u0119 oro cirkuliacij\u0105 dirvo\u017eemyje, vienkryptis \u017eym\u0117jimo cilindras palaiko sveik\u0105 \u0161akn\u0173 augim\u0105 ir sustiprina nauding\u0173 dirvo\u017eemio organizm\u0173 aktyvum\u0105, dar labiau prisid\u0117damas prie klestin\u010dios \u017eem\u0117s \u016bkio ekosistemos.<\/p>\n<p>Apibendrinant galima teigti, kad vienkryptis \u017eym\u0117jimo cilindras atlieka gyvybi\u0161kai svarb\u0173 vaidmen\u012f gerinant dirvo\u017eemio sveikat\u0105 sodinimo metu, nes suma\u017eina dirvo\u017eemio ardym\u0105, i\u0161laiko dr\u0117gm\u0119, skatina mikrob\u0173 aktyvum\u0105, skatina \u0161akn\u0173 vystym\u0105si ir gerina dirvo\u017eemio aeracij\u0105. \u0160ie bendri privalumai lemia sveikesn\u012f dirvo\u017eem\u012f, didesn\u012f pas\u0117li\u0173 derli\u0173 ir tvari\u0105 \u016bkininkavimo praktik\u0105.<\/p>\n<h2><strong>Bandymo \u012franga:<\/strong><\/h2>\n<p><strong><img loading=\"lazy\" decoding=\"async\" class=\"alignnone size-full wp-image-17293\" src=\"https:\/\/www.hydraulic-cylinders.net\/wp-content\/uploads\/2025\/03\/test-equipment.webp-2.webp\" alt=\"\" width=\"1932\" height=\"1741\" srcset=\"https:\/\/www.hydraulic-cylinders.net\/wp-content\/uploads\/2025\/03\/test-equipment.webp-2.webp 1932w, https:\/\/www.hydraulic-cylinders.net\/wp-content\/uploads\/2025\/03\/test-equipment.webp-2-1280x1153.webp 1280w, https:\/\/www.hydraulic-cylinders.net\/wp-content\/uploads\/2025\/03\/test-equipment.webp-2-980x883.webp 980w, https:\/\/www.hydraulic-cylinders.net\/wp-content\/uploads\/2025\/03\/test-equipment.webp-2-480x433.webp 480w\" sizes=\"(min-width: 0px) and (max-width: 480px) 480px, (min-width: 481px) and (max-width: 980px) 980px, (min-width: 981px) and (max-width: 1280px) 1280px, (min-width: 1281px) 1932px, 100vw\" \/><\/strong><\/p>\n<ul>\n<li>1: Druskos pur\u0161kimo bandymo kamera<\/li>\n<li>2: Chemin\u0117 analiz\u0117<\/li>\n<li>3: Tempimo bandymo ma\u0161ina<\/li>\n<li>4: Rokvelo kietumo matuoklis<\/li>\n<li>5: \u0160varos tikrinimo ma\u0161ina<\/li>\n<li>6: TH110 at\u0161okimo kietumo matuoklis<\/li>\n<li>7: Dangos storio matuoklis<\/li>\n<li>8: \u0160vytuokl\u0117s sm\u016bgio bandymas<\/li>\n<\/ul>\n<p><img loading=\"lazy\" decoding=\"async\" class=\"alignnone size-full wp-image-17292\" src=\"https:\/\/www.hydraulic-cylinders.net\/wp-content\/uploads\/2025\/03\/test-equipment.webp-1.webp\" alt=\"\" width=\"1600\" height=\"1216\" srcset=\"https:\/\/www.hydraulic-cylinders.net\/wp-content\/uploads\/2025\/03\/test-equipment.webp-1.webp 1600w, https:\/\/www.hydraulic-cylinders.net\/wp-content\/uploads\/2025\/03\/test-equipment.webp-1-1280x973.webp 1280w, https:\/\/www.hydraulic-cylinders.net\/wp-content\/uploads\/2025\/03\/test-equipment.webp-1-980x745.webp 980w, https:\/\/www.hydraulic-cylinders.net\/wp-content\/uploads\/2025\/03\/test-equipment.webp-1-480x365.webp 480w\" sizes=\"(min-width: 0px) and (max-width: 480px) 480px, (min-width: 481px) and (max-width: 980px) 980px, (min-width: 981px) and (max-width: 1280px) 1280px, (min-width: 1281px) 1600px, 100vw\" \/><\/p>\n<p>M\u016bs\u0173 \u012fmon\u0117 kokyb\u0119 laiko savo s\u0117km\u0117s pagrindu. Siekdami \u012fvykdyti \u0161\u012f \u012fsipareigojim\u0105, investavome \u012f pa\u017eangiausi\u0105 buitin\u0119 bandym\u0173 ir laboratorin\u0119 \u012frang\u0105, kuri\u0105 palaiko auk\u0161tos kvalifikacijos mokslo ir technologij\u0173 specialist\u0173 komanda.<\/p>\n<p>Taikome grie\u017et\u0105 kokyb\u0117s valdymo sistem\u0105, atitinkan\u010di\u0105 pramon\u0117s standartus, u\u017etikrindami, kad kiekviena m\u016bs\u0173 gaminama produkt\u0173 partija atitikt\u0173 auk\u0161\u010diausius kokyb\u0117s kriterijus. Standartizuodami savo veikl\u0105 ir nuolat steb\u0117dami procesus, u\u017etikriname, kad m\u016bs\u0173 klientai gaut\u0173 tik geriausi\u0105.<\/p>\n<p>\u0160is tvirtas atsidavimas kokybei ne tik didina m\u016bs\u0173 gamini\u0173 patikimum\u0105, bet ir kuria klient\u0173 pasitik\u0117jim\u0105 bei pasitenkinim\u0105. Tikime, kad teikdami pirmenyb\u0119 tobulumui kiekviename savo gamybos etape, prisidedame prie savo partneri\u0173 ir visos pramon\u0117s s\u0117km\u0117s. Kartu siekiame inovacij\u0173 ir kokyb\u0117s, kuri i\u0161likt\u0173 laikui b\u0117gant.<\/p>\n<h2><strong>Hidraulini\u0173 cilindr\u0173 gamybos vieta:<\/strong><\/h2>\n<p>M\u016bs\u0173 \u012fmon\u0117 yra pirmaujanti hidraulini\u0173 cilindr\u0173 gamintoja, kurios specializacija \u2013 nepriklausomi tyrimai, pl\u0117tra ir projektavimas. Tur\u0117dami moderniausi\u0105 gamykl\u0105, kurioje yra daugiau nei 170 bendr\u0173j\u0173 stakli\u0173, CNC stakli\u0173, apdirbimo centr\u0173, suvirinimo \u012frangos ir specializuot\u0173 bandym\u0173 bei tikrinimo \u012franki\u0173, esame gerai pasireng\u0119 patenkinti \u012fvairius pramon\u0117s poreikius.<\/p>\n<p>Per daugel\u012f met\u0173 kaupt\u0105 technologin\u0119 patirt\u012f ir tobulinant procesus suk\u016br\u0117me brand\u0173 gamybos proces\u0105, kuris skland\u017eiai integruoja mokslinius tyrimus ir pl\u0117tr\u0105 su gamyba. \u0160i integracija tapo m\u016bs\u0173 pagrindiniu konkurenciniu prana\u0161umu, leid\u017eian\u010diu mums projektuoti ir gaminti plat\u0173 hidraulini\u0173 cilindr\u0173 asortiment\u0105, pritaikyt\u0105 konkretiems klient\u0173 reikalavimams.<\/p>\n<p>M\u016bs\u0173 produktai pla\u010diai naudojami \u012fvairiuose sektoriuose, \u012fskaitant \u017eem\u0117s \u016bkio technik\u0105, statybos \u012frang\u0105, transporto priemones, keli\u0173 in\u017einerij\u0105 ir specializuot\u0105 technik\u0105. Mes did\u017eiuojam\u0117s gal\u0117dami remti daugyb\u0119 originalios \u012frangos gamintoj\u0173 (OEM), \u012fskaitant \u201eBonong Xingda\u201c, \u201eBojin Hummer\u201c, \u201eJilin Ruifeng\u201c, \u201eDebang Dawei\u201c, \u201eShandong Yineng Heavy Industry\u201c, \u201eTai'an Modern Heavy Industry\u201c ir \u201eShifeng Group\u201c.<\/p>\n<p><img loading=\"lazy\" decoding=\"async\" class=\"alignnone size-full wp-image-17290\" src=\"https:\/\/www.hydraulic-cylinders.net\/wp-content\/uploads\/2025\/03\/production-site-1.webp\" alt=\"\" width=\"1971\" height=\"2253\" srcset=\"https:\/\/www.hydraulic-cylinders.net\/wp-content\/uploads\/2025\/03\/production-site-1.webp 1971w, https:\/\/www.hydraulic-cylinders.net\/wp-content\/uploads\/2025\/03\/production-site-1-1280x1463.webp 1280w, https:\/\/www.hydraulic-cylinders.net\/wp-content\/uploads\/2025\/03\/production-site-1-980x1120.webp 980w, https:\/\/www.hydraulic-cylinders.net\/wp-content\/uploads\/2025\/03\/production-site-1-480x549.webp 480w\" sizes=\"(min-width: 0px) and (max-width: 480px) 480px, (min-width: 481px) and (max-width: 980px) 980px, (min-width: 981px) and (max-width: 1280px) 1280px, (min-width: 1281px) 1971px, 100vw\" \/><\/p>\n<p>Esame pasiry\u017e\u0119 teikti i\u0161skirtines paslaugas, taikydami grie\u017et\u0105 kokyb\u0117s politik\u0105, kurioje pirmenyb\u0117 teikiama nuolatin\u0117ms inovacijoms mokslini\u0173 tyrim\u0173 ir pl\u0117tros, valdymo, kokyb\u0117s kontrol\u0117s ir klient\u0173 aptarnavimo srityse. M\u016bs\u0173 \u012fsipareigojimas kokybei buvo \u012fvertintas ISO\/TS16949 sertifikatu, kuris u\u017etikrina, kad ne tik pateisiname, bet ir nuolat vir\u0161ijame klient\u0173 l\u016bkes\u010dius.<\/p>\n<p>\u017dvelgdami \u012f ateit\u012f, mes ir toliau tobulinsime savo technologijas ir pl\u0117sime savo galimybes, visada siekdami savo klientams tiekti auk\u0161\u010diausios kokyb\u0117s produktus ir paslaugas. Kartu kuriame meistri\u0161kumo palikim\u0105 hidraulini\u0173 cilindr\u0173 pramon\u0117je.<\/p>","protected":false},"excerpt":{"rendered":"<p>Unidirectional Scriber Cylinder For No Tillage Machines The Unidirectional Scriber Cylinder is an essential component specifically engineered for no-tillage machines. This innovative tool significantly improves soil preparation and planting processes, enabling farmers to create optimal planting conditions with greater efficiency. By minimizing soil disruption, the Unidirectional Scriber Cylinder plays a crucial role in preserving soil [&hellip;]<\/p>","protected":false},"featured_media":17311,"comment_status":"open","ping_status":"closed","template":"","meta":{"_et_pb_use_builder":"","_et_pb_old_content":"","_et_gb_content_width":""},"product_brand":[],"product_cat":[1530,1549,1376],"product_tag":[],"class_list":{"0":"post-17336","1":"product","2":"type-product","3":"status-publish","4":"has-post-thumbnail","6":"product_cat-no-tillage-machinery-hydraulic-cylinders","7":"product_cat-single-acting-hydraulic-cylinder","8":"product_cat-hydraulic-cylinder","10":"first","11":"instock","12":"shipping-taxable","13":"product-type-simple"},"amp_enabled":true,"_links":{"self":[{"href":"https:\/\/www.hydraulic-cylinders.net\/lt\/wp-json\/wp\/v2\/product\/17336","targetHints":{"allow":["GET"]}}],"collection":[{"href":"https:\/\/www.hydraulic-cylinders.net\/lt\/wp-json\/wp\/v2\/product"}],"about":[{"href":"https:\/\/www.hydraulic-cylinders.net\/lt\/wp-json\/wp\/v2\/types\/product"}],"replies":[{"embeddable":true,"href":"https:\/\/www.hydraulic-cylinders.net\/lt\/wp-json\/wp\/v2\/comments?post=17336"}],"wp:featuredmedia":[{"embeddable":true,"href":"https:\/\/www.hydraulic-cylinders.net\/lt\/wp-json\/wp\/v2\/media\/17311"}],"wp:attachment":[{"href":"https:\/\/www.hydraulic-cylinders.net\/lt\/wp-json\/wp\/v2\/media?parent=17336"}],"wp:term":[{"taxonomy":"product_brand","embeddable":true,"href":"https:\/\/www.hydraulic-cylinders.net\/lt\/wp-json\/wp\/v2\/product_brand?post=17336"},{"taxonomy":"product_cat","embeddable":true,"href":"https:\/\/www.hydraulic-cylinders.net\/lt\/wp-json\/wp\/v2\/product_cat?post=17336"},{"taxonomy":"product_tag","embeddable":true,"href":"https:\/\/www.hydraulic-cylinders.net\/lt\/wp-json\/wp\/v2\/product_tag?post=17336"}],"curies":[{"name":"wp","href":"https:\/\/api.w.org\/{rel}","templated":true}]}}