{"id":1739,"date":"2023-10-12T07:42:24","date_gmt":"2023-10-12T07:42:24","guid":{"rendered":"https:\/\/hydraulic-cylinders.net\/?post_type=product&#038;p=1739"},"modified":"2025-04-11T02:57:02","modified_gmt":"2025-04-11T02:57:02","slug":"injection-molding-machine-shooting-cylinder","status":"publish","type":"product","link":"https:\/\/www.hydraulic-cylinders.net\/lt\/produktas\/injection-molding-machine-shooting-cylinder\/","title":{"rendered":"\u012epur\u0161kimo liejimo ma\u0161inos \u0161audymo cilindras"},"content":{"rendered":"<h1 style=\"text-align: center;\"><strong>\u012epur\u0161kimo liejimo ma\u0161inos \u0161audymo cilindras<\/strong><\/h1>\n<p><img loading=\"lazy\" decoding=\"async\" class=\"aligncenter wp-image-1740\" src=\"https:\/\/hydraulic-cylinders.net\/wp-content\/uploads\/2023\/10\/shooting-cylinder-1-300x300.webp\" alt=\"\" width=\"400\" height=\"400\" \/><\/p>\n<p>\u012epur\u0161kimo liejimo ma\u0161inos \u0161audymo cilindras yra labai svarbus plastiko liejimo proces\u0173 komponentas, skirtas tikslumui, efektyvumui ir patikimumui padidinti. \u0160is specializuotas cilindras yra labai svarbus \u012fpur\u0161kimo faz\u0117je, kai i\u0161lydyta plastikin\u0117 med\u017eiaga \u012fpur\u0161kiama \u012f form\u0105, kad b\u016bt\u0173 suformuoti norimi produktai.<\/p>\n<p>Liejimo ma\u0161inos \u0161audymo cilindras yra b\u016btinas plastiko liejimo procese, nes leid\u017eia tiksliai ir efektyviai \u012fpurk\u0161ti i\u0161lydyt\u0105 plastik\u0105 \u012f formas. D\u0117l tvirtos konstrukcijos, tikslaus valdymo, greito veikimo ir didelio \u012fpur\u0161kimo sl\u0117gio \u0161is cilindras u\u017etikrina tiksl\u0173 ir kartojam\u0105 plastikini\u0173 komponent\u0173 liejim\u0105. Laikydamiesi rekomenduojam\u0173 naudojimo metod\u0173 ir prie\u017ei\u016bros praktikos, gamintojai gali maksimaliai padidinti liejimo ma\u0161inos \u0161audymo cilindro na\u0161um\u0105 ir ilgaam\u017ei\u0161kum\u0105, galiausiai pagerindami plastiko liejimo operacij\u0173 tikslum\u0105, efektyvum\u0105 ir kokyb\u0119.<\/p>\n<p>\u012epur\u0161kimo liejimo ma\u0161inos \u0161audymo cilindro pagrindin\u0117s charakteristikos:<\/p>\n<ol>\n<li>Tvirta konstrukcija:<\/li>\n<\/ol>\n<ul>\n<li>Liejimo ma\u0161inos \u0161audymo cilindras pasi\u017eymi tvirta konstrukcija, pagaminta i\u0161 auk\u0161tos kokyb\u0117s med\u017eiag\u0173, u\u017etikrinan\u010di\u0173 patvarum\u0105 ir ilgaam\u017ei\u0161kum\u0105 sud\u0117tingoje gamybos aplinkoje.<\/li>\n<li>Jis gali atlaikyti auk\u0161t\u0105 sl\u0117g\u012f ir pasikartojan\u010dius judesius, i\u0161laikydamas pastov\u0173 na\u0161um\u0105 per ilgus gamybos ciklus.<\/li>\n<\/ul>\n<ol start=\"2\">\n<li>Tikslus valdymas:<\/li>\n<\/ol>\n<ul>\n<li>\u0160is cilindras skirtas tiksliai valdyti \u012fpur\u0161kimo proces\u0105, leid\u017eiant tiksliai ir pakartotinai lieti plastikinius komponentus.<\/li>\n<li>Tai leid\u017eia tiksliai sureguliuoti \u012fpur\u0161kimo greit\u012f, sl\u0117g\u012f ir t\u016br\u012f, pagerinant detal\u0117s kokyb\u0119 ir suma\u017einant atliekas.<\/li>\n<\/ul>\n<ol start=\"3\">\n<li>Greitas ir efektyvus veikimas:<\/li>\n<\/ol>\n<ul>\n<li>Liejimo ma\u0161inos \u0161audymo cilindras palengvina greitus \u012fpur\u0161kimo ciklus, sutrumpindamas gamybos laik\u0105 ir padidindamas bendr\u0105 na\u0161um\u0105.<\/li>\n<li>Tai u\u017etikrina greit\u0105 ir tiksl\u0173 i\u0161lydyto plastiko tiekim\u0105 \u012f liejimo ertm\u0119, padidinant liejimo proceso efektyvum\u0105.<\/li>\n<\/ul>\n<ol start=\"4\">\n<li>Didelis \u012fpur\u0161kimo sl\u0117gis:<\/li>\n<\/ol>\n<ul>\n<li>\u0160is cilindras suprojektuotas taip, kad atlaikyt\u0173 ir tiekt\u0173 auk\u0161t\u0105 \u012fpur\u0161kimo sl\u0117g\u012f, reikaling\u0105 sud\u0117tingoms ir detalioms plastikin\u0117ms detal\u0117ms liejti.<\/li>\n<li>Tai u\u017etikrina nuosekl\u0173 ir vienod\u0105 sl\u0117gio taikym\u0105, tod\u0117l forma u\u017epildoma vienodai ir detal\u0117s kokyb\u0117 yra optimali.<\/li>\n<\/ul>\n<h2><strong>\u012epur\u0161kimo liejimo ma\u0161inos \u0161audymo cilindro parametras:<\/strong><\/h2>\n<table border=\"1\" cellspacing=\"0\" cellpadding=\"0\">\n<tbody>\n<tr>\n<td>Produkto pavadinimas<\/td>\n<td>\u012epur\u0161kimo liejimo ma\u0161inos \u0161audymo cilindras<\/td>\n<\/tr>\n<tr>\n<td>Savyb\u0117s:<\/td>\n<td>Vairuokite \u0161audymo stot\u012f, kad jud\u0117tum\u0117te<\/td>\n<\/tr>\n<tr>\n<td>Skyl\u0117s skersmuo:<\/td>\n<td>63 mm\uff5e140 mm<\/td>\n<\/tr>\n<tr>\n<td>Strypo skersmuo:<\/td>\n<td>36 mm ~ 90 mm<br \/>\nEiga \u22641500 mm<\/td>\n<\/tr>\n<tr>\n<td>Traukos j\u0117ga:<\/td>\n<td>Maksimali galia 384 kN<br \/>\n(Skersmuo: 140 mm \/ sl\u0117gis 25 MPa)<\/td>\n<\/tr>\n<tr>\n<td>Parai\u0161kos:<\/td>\n<td>\u012epur\u0161kimo liejimo ma\u0161ina<\/td>\n<\/tr>\n<\/tbody>\n<\/table>\n<div><\/div>\n<div>\n<div class=\"txtboxL\">\n<div class=\"txtboxL\">\n<div class=\"txtboxL\">\n<div class=\"txtboxL\">Savyb\u0117s:<\/div>\n<div class=\"txtboxR\">Vairuokite \u0161audymo stot\u012f, kad jud\u0117tum\u0117te<\/div>\n<div class=\"txtboxL\">Specifikacija:<\/div>\n<div class=\"txtboxR\">Skyl\u0117s skersmuo: 63 mm ~ 140 mm<br \/>\nStrypo skersmuo: 36 mm ~ 90 mm<br \/>\nEiga \u22641500 mm<\/div>\n<div class=\"txtboxL\">Traukos j\u0117ga:<\/div>\n<div class=\"txtboxR\">Maksimali galia 384 kN<br \/>\n(Skersmuo: 140 mm \/ sl\u0117gis 25 MPa)<\/div>\n<\/div>\n<\/div>\n<\/div>\n<\/div>\n<h2><strong>Cemento \u012franga <\/strong><strong>Cilindr\u0173 gamykla:<\/strong><\/h2>\n<p><img loading=\"lazy\" decoding=\"async\" class=\"alignnone wp-image-1734 size-full\" src=\"https:\/\/hydraulic-cylinders.net\/wp-content\/uploads\/2023\/10\/cement-equipment-cylinder-1.webp\" alt=\"\" width=\"1418\" height=\"946\" srcset=\"https:\/\/hydraulic-cylinders.net\/wp-content\/uploads\/2023\/10\/cement-equipment-cylinder-1.webp 1418w, https:\/\/hydraulic-cylinders.net\/wp-content\/uploads\/2023\/10\/cement-equipment-cylinder-1-1280x854.webp 1280w, https:\/\/hydraulic-cylinders.net\/wp-content\/uploads\/2023\/10\/cement-equipment-cylinder-1-980x654.webp 980w, https:\/\/hydraulic-cylinders.net\/wp-content\/uploads\/2023\/10\/cement-equipment-cylinder-1-480x320.webp 480w\" sizes=\"(min-width: 0px) and (max-width: 480px) 480px, (min-width: 481px) and (max-width: 980px) 980px, (min-width: 981px) and (max-width: 1280px) 1280px, (min-width: 1281px) 1418px, 100vw\" \/><\/p>\n<h2><strong>\u012epur\u0161kimo liejimo ma\u0161inos \u0161audymo cilindro naudojimo b\u016bdas<\/strong><strong>:<\/strong><\/h2>\n<ol>\n<li><strong>\u012erengimas:<\/strong><\/li>\n<\/ol>\n<ul>\n<li>Laikykit\u0117s gamintojo nurodym\u0173, kad liejimo ma\u0161inos \u0161audymo cilindras b\u016bt\u0173 tvirtai sumontuotas liejimo ma\u0161inoje.<\/li>\n<li>U\u017etikrinkite tinkam\u0105 sulygiavim\u0105 ir pritvirtinim\u0105 prie ma\u0161inos \u012fpur\u0161kimo \u012frenginio, kad \u012fpur\u0161kimo procesas vykt\u0173 skland\u017eiai.<\/li>\n<\/ul>\n<ol start=\"2\">\n<li><strong>\u012epur\u0161kimo parametr\u0173 reguliavimas:<\/strong><\/li>\n<\/ol>\n<ul>\n<li>Nor\u0117dami reguliuoti \u012fpur\u0161kimo parametrus, tokius kaip \u012fpur\u0161kimo greitis, sl\u0117gis ir t\u016bris, naudokite \u012frenginio valdymo skydel\u012f arba s\u0105saj\u0105.<\/li>\n<li>Konkre\u010dias gaires, kaip nustatyti tinkamus parametrus pagal pageidaujamas detal\u0117s specifikacijas ir med\u017eiagos savybes, rasite ma\u0161inos naudojimo vadove.<\/li>\n<\/ul>\n<ol start=\"3\">\n<li><strong>Med\u017eiagos paruo\u0161imas:<\/strong><\/li>\n<\/ol>\n<ul>\n<li>\u012ekaitinkite ir paruo\u0161kite plastikin\u0119 med\u017eiag\u0105, u\u017etikrindami, kad ji b\u016bt\u0173 i\u0161lydyta ir paruo\u0161ta injekcijai.<\/li>\n<li>\u012ed\u0117kite paruo\u0161t\u0105 med\u017eiag\u0105 \u012f ma\u0161inos bunker\u012f arba med\u017eiag\u0173 padavimo sistem\u0105, u\u017etikrindami nuolatin\u012f tiekim\u0105 \u012fpur\u0161kimo procesui.<\/li>\n<\/ul>\n<ol start=\"4\">\n<li><strong>Pel\u0117sio paruo\u0161imas:<\/strong><\/li>\n<\/ol>\n<ul>\n<li>\u012estatykite form\u0105 \u012f liejimo ma\u0161in\u0105, u\u017etikrindami tinkam\u0105 sulygiavim\u0105 ir tvirtinim\u0105.<\/li>\n<li>Prijunkite form\u0105 prie liejimo ma\u0161inos \u0161audymo cilindro antgalio, kad b\u016bt\u0173 galima tiksliai ir kontroliuojamai \u012fpur\u0161kti \u012f formos ertm\u0119.<\/li>\n<\/ul>\n<ol start=\"5\">\n<li><strong>\u012epur\u0161kimo procesas:<\/strong><\/li>\n<\/ol>\n<ul>\n<li>\u012ejunkite liejimo ma\u0161in\u0105, prad\u0117dami liejimo proces\u0105.<\/li>\n<li>Liejimo ma\u0161inos \u0161audymo cilindras greitai tiekia i\u0161lydyt\u0105 plastik\u0105 \u012f formos ertm\u0119, u\u017epildydamas j\u0105 tiksliai ir tolygiai.<\/li>\n<li>Po \u012fpur\u0161kimo leiskite plastikui pakankamai laiko atv\u0117sti ir sukiet\u0117ti, prie\u0161 atidarant form\u0105.<\/li>\n<\/ul>\n<h2><strong>Kaip i\u0161ardyti hidraulin\u012f cilindr\u0105?<\/strong><\/h2>\n<p>Hidraulinio cilindro i\u0161ardymas reikalauja kruop\u0161taus ir sistemingo i\u0161montavimo, siekiant u\u017etikrinti komponent\u0173 vientisum\u0105 ir saug\u0173 surinkim\u0105. \u010cia pateikiamas bendras \u017eingsnis po \u017eingsnio vadovas, kaip i\u0161ardyti hidraulin\u012f cilindr\u0105:<\/p>\n<ol>\n<li><strong>Saugos priemon\u0117s:<\/strong>\n<ul>\n<li>Prie\u0161 prad\u0117dami i\u0161ardymo proces\u0105, \u012fsitikinkite, kad hidraulin\u0117je sistemoje n\u0117ra sl\u0117gio ir ji i\u0161jungta. Tai pad\u0117s i\u0161vengti bet kokio nety\u010dinio jud\u0117jimo ar skys\u010dio i\u0161tek\u0117jimo.<\/li>\n<li>Kad apsisaugotum\u0117te nuo pavoj\u0173, d\u0117v\u0117kite tinkamas asmenines apsaugos priemones, tokias kaip pir\u0161tin\u0117s ir apsauginiai akiniai.<\/li>\n<\/ul>\n<\/li>\n<li><strong>Identifikuoti ir dokumentuoti:<\/strong>\n<ul>\n<li>Prie\u0161 i\u0161ardydami atkreipkite d\u0117mes\u012f \u012f cilindro orientacij\u0105, tvirtinimo detales ir kit\u0105 svarbi\u0105 informacij\u0105. Tai v\u0117liau palengvins surinkim\u0105.<\/li>\n<\/ul>\n<\/li>\n<li><strong>Pritvirtinkite cilindr\u0105:<\/strong>\n<ul>\n<li>I\u0161montavimo metu cilindrui stabiliai pritvirtinti naudokite tinkam\u0105 darbastal\u012f arba spaustuvus.<\/li>\n<\/ul>\n<\/li>\n<li><strong>I\u0161orini\u0173 komponent\u0173 pa\u0161alinimas:<\/strong>\n<ul>\n<li>Pirmiausia nuimkite visus prie cilindro pritvirtintus i\u0161orinius komponentus, tokius kaip tvirtinimo kron\u0161teinai, jungiamieji kai\u0161\u010diai arba tvirtinimo \u017eiedai.<\/li>\n<\/ul>\n<\/li>\n<li><strong>Hidraulinio skys\u010dio i\u0161leidimas:<\/strong>\n<ul>\n<li>Po cilindru pad\u0117kite tinkam\u0105 ind\u0105, kad surinktum\u0117te bet kok\u012f i\u0161tekant\u012f hidraulin\u012f skyst\u012f.<\/li>\n<li>Atlaisvinkite hidraulinio skys\u010dio rezervuaro kam\u0161t\u012f arba jungt\u012f, kad skystis gal\u0117t\u0173 visi\u0161kai i\u0161tek\u0117ti.<\/li>\n<\/ul>\n<\/li>\n<li><strong>Nuimkite cilindr\u0173 galinius dangtelius:<\/strong>\n<ul>\n<li>Suraskite cilindro galinius dangtelius. Jie paprastai yra prisukami arba sriegiami prie cilindro korpuso.<\/li>\n<li>Nor\u0117dami atsargiai nuimti galinius dangtelius, naudokite tinkamus \u012frankius, tokius kaip ver\u017eliarak\u010diai arba galvu\u010di\u0173 rinkiniai.<\/li>\n<li>Nuimdami kiekvien\u0105 galin\u012f dangtel\u012f, pasiruo\u0161kite bet kokiam likusiam hidrauliniam skys\u010diui ar sl\u0117gio i\u0161leidimui.<\/li>\n<\/ul>\n<\/li>\n<li><strong>I\u0161traukite st\u016bmokl\u012f:<\/strong>\n<ul>\n<li>Nu\u0117mus galinius dangtelius, st\u016bmoklis dabar tur\u0117t\u0173 b\u016bti pasiekiamas.<\/li>\n<li>\u0160velniai paspauskite vien\u0105 st\u016bmoklio koto gal\u0105, kad st\u016bmoklis prad\u0117t\u0173 stumti i\u0161 cilindro korpuso.<\/li>\n<li>L\u0117tai ir tolygiai i\u0161traukite st\u016bmokl\u012f i\u0161 cilindro korpuso, stengdamiesi nepa\u017eeisti joki\u0173 vidini\u0173 komponent\u0173 ar sandarikli\u0173.<\/li>\n<\/ul>\n<\/li>\n<li><strong>Ap\u017ei\u016br\u0117kite ir i\u0161valykite:<\/strong>\n<ul>\n<li>Atid\u017eiai patikrinkite visus i\u0161ardytus komponentus, ar n\u0117ra susid\u0117v\u0117jimo, pa\u017eeidim\u0173 ar u\u017eter\u0161imo po\u017eymi\u0173.<\/li>\n<li>Kiekvien\u0105 komponent\u0105 nuvalykite tinkamu valymo tirpikliu ir nep\u016bkuota \u0161luoste, kad pa\u0161alintum\u0117te ne\u0161varumus, \u0161iuk\u0161les ar hidraulinio skys\u010dio liku\u010dius.<\/li>\n<\/ul>\n<\/li>\n<li><strong>Pakeiskite sandariklius ir O formos \u017eiedus:<\/strong>\n<ul>\n<li>Jei kurie nors sandarikliai ar O \u017eiedai yra susid\u0117v\u0117j\u0119 ar pa\u017eeisti, rekomenduojama juos pakeisti naujais, kad b\u016bt\u0173 u\u017etikrintas tinkamas sandarumas ir i\u0161vengta b\u016bsim\u0173 nuot\u0117ki\u0173.<\/li>\n<\/ul>\n<\/li>\n<li><strong>Surinkimas:<\/strong><\/li>\n<\/ol>\n<ul>\n<li>Nor\u0117dami surinkti hidraulin\u012f cilindr\u0105, atlikite i\u0161ardymo veiksmus atvirk\u0161tine tvarka.<\/li>\n<li>Prie\u0161 surinkdami, sutepkite visus sandariklius ir O formos \u017eiedus hidrauliniu skys\u010diu arba suderinamu tepalu.<\/li>\n<li>\u012esitikinkite, kad visi komponentai yra tinkamai suderinti ir priver\u017eti pagal gamintojo specifikacijas.<\/li>\n<\/ul>\n<h2><strong>Gamyklos paj\u0117gumai ir talpa:<\/strong><\/h2>\n<h3>(1) Surinkimas<\/h3>\n<p>Turime pirmos klas\u0117s nepriklausom\u0105 tyrim\u0173 ir pl\u0117tros surinkimo platform\u0105. Hidraulini\u0173 cilindr\u0173 gamybos ceche yra keturios pusiau automatin\u0117s k\u0117limo cilindr\u0173 surinkimo linijos ir viena automatin\u0117 pakreipimo cilindr\u0173 surinkimo linija, kuri\u0173 projektinis metinis gamybos paj\u0117gumas yra 1 milijonas vienet\u0173. Speciali\u0173j\u0173 cilindr\u0173 ceche \u012frengta \u012fvairi\u0173 specifikacij\u0173 pusiau automatin\u0117 valymo surinkimo sistema, kurios projektinis metinis gamybos paj\u0117gumas yra 200 000 vienet\u0173, ir garsi CNC apdirbimo \u012franga, apdirbimo centras, didelio tikslumo cilindr\u0173 apdirbimo speciali \u012franga, robotinis suvirinimo aparatas, automatinis valymo aparatas, automatinis cilindr\u0173 surinkimo aparatas ir automatin\u0117 da\u017eymo gamybos linija. Esama daugiau nei 300 rinkini\u0173 (komplekt\u0173) kritin\u0117 \u012franga. Optimalus \u012frangos i\u0161tekli\u0173 paskirstymas ir efektyvus naudojimas u\u017etikrina gamini\u0173 tikslumo reikalavimus ir auk\u0161tus gamini\u0173 kokyb\u0117s poreikius.<\/p>\n<p><img loading=\"lazy\" decoding=\"async\" class=\"alignnone wp-image-626\" src=\"https:\/\/hydraulic-cylinders.net\/wp-content\/uploads\/2023\/08\/hydraulic-cylinder-product-1-300x158.webp\" alt=\"\" width=\"495\" height=\"260\" srcset=\"https:\/\/hydraulic-cylinders.net\/wp-content\/uploads\/2023\/08\/hydraulic-cylinder-product-1-300x158.webp 495w, https:\/\/hydraulic-cylinders.net\/wp-content\/uploads\/2023\/08\/hydraulic-cylinder-product-1-480x252.webp 480w\" sizes=\"(min-width: 0px) and (max-width: 480px) 480px, (min-width: 481px) 495px, 100vw\" \/> <img loading=\"lazy\" decoding=\"async\" class=\"alignnone wp-image-627\" src=\"https:\/\/hydraulic-cylinders.net\/wp-content\/uploads\/2023\/08\/hydraulic-cylinder-product-2-300x189.webp\" alt=\"\" width=\"413\" height=\"260\" \/><\/p>\n<h3>(2) Apdirbimas<\/h3>\n<p>Mechaninio apdirbimo ceche \u012frengtas pritaikytas nuo\u017eulnaus b\u0117gio tekinimo centras, apdirbimo centras, greitaeigis galandimo stakl\u0117s, suvirinimo robotas ir kita susijusi \u012franga, galinti apdirbti cilindrinius vamzd\u017eius, kuri\u0173 maksimalus vidinis skersmuo yra 400 mm, o maksimalus ilgis \u2013 6 metrai.<\/p>\n<p><img loading=\"lazy\" decoding=\"async\" class=\"alignnone wp-image-628 size-large\" src=\"https:\/\/hydraulic-cylinders.net\/wp-content\/uploads\/2023\/08\/hydraulic-cylinder-product-3-1024x391.webp\" alt=\"\" width=\"1024\" height=\"391\" srcset=\"https:\/\/hydraulic-cylinders.net\/wp-content\/uploads\/2023\/08\/hydraulic-cylinder-product-3-980x374.webp 980w, https:\/\/hydraulic-cylinders.net\/wp-content\/uploads\/2023\/08\/hydraulic-cylinder-product-3-480x183.webp 480w\" sizes=\"(min-width: 0px) and (max-width: 480px) 480px, (min-width: 481px) and (max-width: 980px) 980px, (min-width: 981px) 1024px, 100vw\" \/><\/p>\n<h3>(3) Suvirinimas<\/h3>\n<p><img loading=\"lazy\" decoding=\"async\" class=\"alignnone wp-image-629 size-large\" src=\"https:\/\/hydraulic-cylinders.net\/wp-content\/uploads\/2023\/08\/hydraulic-cylinder-product-4-1024x510.webp\" alt=\"\" width=\"1024\" height=\"510\" srcset=\"https:\/\/hydraulic-cylinders.net\/wp-content\/uploads\/2023\/08\/hydraulic-cylinder-product-4-980x488.webp 980w, https:\/\/hydraulic-cylinders.net\/wp-content\/uploads\/2023\/08\/hydraulic-cylinder-product-4-480x239.webp 480w\" sizes=\"(min-width: 0px) and (max-width: 480px) 480px, (min-width: 481px) and (max-width: 980px) 980px, (min-width: 981px) 1024px, 100vw\" \/><\/p>\n<h3>(4) Da\u017eymas ir dengimas<\/h3>\n<p>Su ma\u017eomis ir vidutinio dyd\u017eio cilindrin\u0117mis automatin\u0117mis vandens pagrindo da\u017e\u0173 dengimo linijomis, siekiant automatinio robot\u0173 pakrovimo ir i\u0161krovimo bei automatinio pur\u0161kimo, projektinis paj\u0117gumas yra 4000 vienet\u0173 per pamain\u0105;<br \/>\nTaip pat turime pusiau automatin\u0119 dideli\u0173 cilindr\u0173 da\u017e\u0173 gamybos linij\u0105, varom\u0105 grandin\u0117s, kurios projektinis na\u0161umas yra 60 d\u0117\u017ei\u0173 per pamain\u0105.<\/p>\n<p><img loading=\"lazy\" decoding=\"async\" class=\"alignnone wp-image-630\" src=\"https:\/\/hydraulic-cylinders.net\/wp-content\/uploads\/2023\/08\/hydraulic-cylinder-product-5-300x213.webp\" alt=\"\" width=\"366\" height=\"260\" \/> <img loading=\"lazy\" decoding=\"async\" class=\"alignnone wp-image-631\" src=\"https:\/\/hydraulic-cylinders.net\/wp-content\/uploads\/2023\/08\/hydraulic-cylinder-product-6-300x225.webp\" alt=\"\" width=\"347\" height=\"260\" \/><\/p>\n<h3>(5) Testavimas<\/h3>\n<p>Turime auk\u0161\u010diausios klas\u0117s patikros patalpas ir bandym\u0173 stendus, kad u\u017etikrintume, jog baliono veikimas atitinka reikalavimus.<\/p>\n<p><img loading=\"lazy\" decoding=\"async\" class=\"alignnone wp-image-632\" src=\"https:\/\/hydraulic-cylinders.net\/wp-content\/uploads\/2023\/08\/hydraulic-cylinder-product-8-300x200.webp\" alt=\"\" width=\"389\" height=\"260\" \/><\/p>\n<p>&nbsp;<\/p>\n<p>&nbsp;<\/p>\n<p>Esame vienas geriausi\u0173 hidraulini\u0173 cilindr\u0173 gamintoj\u0173. Galime pasi\u016blyti i\u0161samius hidraulinius cilindrus. Taip pat teikiame atitinkamus <a href=\"https:\/\/hzpt.com\/agricultural-pto-gearbox\/\" target=\"_blank\" rel=\"noopener\">\u017eem\u0117s \u016bkio pavar\u0173 d\u0117\u017e\u0117s<\/a>Mes eksportuojame savo gaminius klientams visame pasaulyje ir peln\u0117me ger\u0105 reputacij\u0105 d\u0117l auk\u0161\u010diausios gamini\u0173 kokyb\u0117s ir aptarnavimo po pardavimo. Mes laukiame klient\u0173 \u0161alyje ir u\u017esienyje, norin\u010di\u0173 susisiekti su mumis der\u0117tis d\u0117l verslo, keistis informacija ir... <a href=\"https:\/\/www.hydraulic-cylinders.net\/lt\/contact-us\/\">bendradarbiauti su mumis<\/a>!<\/p>","protected":false},"excerpt":{"rendered":"<p>Injection Molding Machine Shooting Cylinder The injection molding machine shooting cylinder is a crucial component in plastic injection molding processes and is designed to enhance precision, efficiency, and reliability. This specialized cylinder is pivotal in the injection phase, where molten plastic material is injected into a mold to form desired products. The injection molding machine [&hellip;]<\/p>","protected":false},"featured_media":1741,"comment_status":"open","ping_status":"closed","template":"","meta":{"_et_pb_use_builder":"","_et_pb_old_content":"","_et_gb_content_width":""},"product_brand":[],"product_cat":[1523,1549,1376],"product_tag":[1380],"class_list":{"0":"post-1739","1":"product","2":"type-product","3":"status-publish","4":"has-post-thumbnail","6":"product_cat-injection-molding-hydraulic-cylinders","7":"product_cat-single-acting-hydraulic-cylinder","8":"product_cat-hydraulic-cylinder","9":"product_tag-hydraulic-cylinder","11":"first","12":"instock","13":"shipping-taxable","14":"product-type-simple"},"amp_enabled":true,"_links":{"self":[{"href":"https:\/\/www.hydraulic-cylinders.net\/lt\/wp-json\/wp\/v2\/product\/1739","targetHints":{"allow":["GET"]}}],"collection":[{"href":"https:\/\/www.hydraulic-cylinders.net\/lt\/wp-json\/wp\/v2\/product"}],"about":[{"href":"https:\/\/www.hydraulic-cylinders.net\/lt\/wp-json\/wp\/v2\/types\/product"}],"replies":[{"embeddable":true,"href":"https:\/\/www.hydraulic-cylinders.net\/lt\/wp-json\/wp\/v2\/comments?post=1739"}],"wp:featuredmedia":[{"embeddable":true,"href":"https:\/\/www.hydraulic-cylinders.net\/lt\/wp-json\/wp\/v2\/media\/1741"}],"wp:attachment":[{"href":"https:\/\/www.hydraulic-cylinders.net\/lt\/wp-json\/wp\/v2\/media?parent=1739"}],"wp:term":[{"taxonomy":"product_brand","embeddable":true,"href":"https:\/\/www.hydraulic-cylinders.net\/lt\/wp-json\/wp\/v2\/product_brand?post=1739"},{"taxonomy":"product_cat","embeddable":true,"href":"https:\/\/www.hydraulic-cylinders.net\/lt\/wp-json\/wp\/v2\/product_cat?post=1739"},{"taxonomy":"product_tag","embeddable":true,"href":"https:\/\/www.hydraulic-cylinders.net\/lt\/wp-json\/wp\/v2\/product_tag?post=1739"}],"curies":[{"name":"wp","href":"https:\/\/api.w.org\/{rel}","templated":true}]}}