{"id":1742,"date":"2023-10-12T07:55:54","date_gmt":"2023-10-12T07:55:54","guid":{"rendered":"https:\/\/hydraulic-cylinders.net\/?post_type=product&#038;p=1742"},"modified":"2025-04-11T02:56:56","modified_gmt":"2025-04-11T02:56:56","slug":"injection-molding-machine-ejection-cylinder","status":"publish","type":"product","link":"https:\/\/www.hydraulic-cylinders.net\/lt\/produktas\/injection-molding-machine-ejection-cylinder\/","title":{"rendered":"\u012epur\u0161kimo liejimo ma\u0161inos i\u0161st\u016bmimo cilindras"},"content":{"rendered":"<h1 style=\"text-align: center;\"><strong>\u012epur\u0161kimo liejimo ma\u0161inos i\u0161st\u016bmimo cilindras<\/strong><\/h1>\n<p><img loading=\"lazy\" decoding=\"async\" class=\"wp-image-1744 aligncenter\" src=\"https:\/\/hydraulic-cylinders.net\/wp-content\/uploads\/2023\/10\/ejection-cylinder-1-300x300.webp\" alt=\"\" width=\"400\" height=\"400\" \/><\/p>\n<p>Liejimo ma\u0161inos i\u0161st\u016bmimo cilindras yra gyvybi\u0161kai svarbus plastiko liejimo proceso komponentas, skirtas pagerinti efektyvum\u0105 ir tikslum\u0105, palengvinant liejam\u0173 detali\u0173 i\u0161st\u016bmim\u0105 i\u0161 formos ertm\u0117s. \u0160is specializuotas cilindras atlieka lemiam\u0105 vaidmen\u012f paskutiniame liejimo ciklo etape, u\u017etikrindamas skland\u0173 ir efektyv\u0173 liejam\u0173 detali\u0173 i\u0161\u0117mim\u0105 i\u0161 formos.<\/p>\n<p>Liejimo ma\u0161inos i\u0161st\u016bmimo cilindras yra esminis plastiko liejimo proceso komponentas, leid\u017eiantis efektyviai ir tiksliai i\u0161stumti liejamas detales i\u0161 formos ertm\u0117s. \u0160is cilindras u\u017etikrina patikimus ir optimizuotus i\u0161st\u016bmimo procesus d\u0117l tvirtos konstrukcijos, tikslaus i\u0161st\u016bmimo valdymo, greito veikimo ir reguliuojamo eigos ilgio. Laikydamiesi rekomenduojam\u0173 naudojimo metod\u0173 ir prie\u017ei\u016bros praktikos, gamintojai gali maksimaliai padidinti liejimo ma\u0161inos i\u0161st\u016bmimo cilindro na\u0161um\u0105 ir ilgaam\u017ei\u0161kum\u0105, galiausiai pagerindami plastiko liejimo operacij\u0173 efektyvum\u0105, tikslum\u0105 ir bendr\u0105 kokyb\u0119.<\/p>\n<p>\u012epur\u0161kimo liejimo ma\u0161inos i\u0161st\u016bmimo cilindro pagrindin\u0117s charakteristikos:<\/p>\n<ol>\n<li>Tvirta konstrukcija:<\/li>\n<\/ol>\n<ul>\n<li>Liejimo ma\u0161inos i\u0161st\u016bmimo cilindras pagamintas i\u0161 auk\u0161tos kokyb\u0117s med\u017eiag\u0173, u\u017etikrinan\u010di\u0173 patvarum\u0105 ir ilgaam\u017ei\u0161kum\u0105 net ir sud\u0117tingomis gamybos s\u0105lygomis.<\/li>\n<li>Jis sukurtas atlaikyti dideles i\u0161metimo j\u0117gas ir pasikartojan\u010dius judesius, i\u0161laikant pastov\u0173 na\u0161um\u0105 ilg\u0105 laik\u0105 naudojant.<\/li>\n<\/ul>\n<ol start=\"2\">\n<li>Tikslus i\u0161metimo valdymas:<\/li>\n<\/ol>\n<ul>\n<li>\u0160is cilindras u\u017etikrina tiksl\u0173 i\u0161st\u016bmimo proceso valdym\u0105, leid\u017eiant\u012f tiksliai ir pakartotinai i\u0161mesti liejamas detales.<\/li>\n<li>Tai leid\u017eia pritaikyti i\u0161st\u016bmimo greit\u012f, j\u0117g\u0105 ir eigos ilg\u012f, u\u017etikrinant optimal\u0173 detal\u0117s pa\u0161alinim\u0105 nepa\u017eeid\u017eiant jos.<\/li>\n<\/ul>\n<ol start=\"3\">\n<li>Greitas ir efektyvus veikimas:<\/li>\n<\/ol>\n<ul>\n<li>Liejimo ma\u0161inos i\u0161st\u016bmimo cilindras palengvina greitus i\u0161st\u016bmimo ciklus, sutrumpindamas gamybos laik\u0105 ir padidindamas bendr\u0105 na\u0161um\u0105.<\/li>\n<li>Tai u\u017etikrina greit\u0105 ir patikim\u0105 liejam\u0173 detali\u0173 i\u0161st\u016bmim\u0105, suma\u017eina prastovas ir leid\u017eia grei\u010diau keisti liejimo cikl\u0105.<\/li>\n<\/ul>\n<ol start=\"4\">\n<li>Reguliuojamas sm\u016bgio ilgis:<\/li>\n<\/ol>\n<ul>\n<li>\u0160is cilindras pasi\u017eymi reguliuojamu eigos ilgiu, kad atitikt\u0173 liejimo form\u0173 dizain\u0105 ir detali\u0173 dyd\u017eius.<\/li>\n<li>Tai leid\u017eia lanks\u010diai i\u0161mesti detales, u\u017etikrinant, kad jos b\u016bt\u0173 i\u0161mestos tinkamu atstumu ir laisvumu nuo formos.<\/li>\n<\/ul>\n<h2><strong>\u012epur\u0161kimo liejimo ma\u0161inos i\u0161st\u016bmimo cilindro parametras:<\/strong><\/h2>\n<table border=\"1\" cellspacing=\"0\" cellpadding=\"0\">\n<tbody>\n<tr>\n<td>Produkto pavadinimas<\/td>\n<td>\u012epur\u0161kimo liejimo ma\u0161inos i\u0161st\u016bmimo cilindras<\/td>\n<\/tr>\n<tr>\n<td>Savyb\u0117s:<\/td>\n<td>I\u0161meskite formoje suformuot\u0105 gamin\u012f<\/td>\n<\/tr>\n<tr>\n<td>Skyl\u0117s skersmuo:<\/td>\n<td>\u00a090 mm ~ 220 mm<\/td>\n<\/tr>\n<tr>\n<td>Strypo skersmuo:<\/td>\n<td>50 mm\uff5e140 mm<br \/>\nEiga \u2264600 mm<\/td>\n<\/tr>\n<tr>\n<td>Traukos j\u0117ga:<\/td>\n<td>Maksimali galia 760 kN<br \/>\n(Skersmuo: 220 mm \/ sl\u0117gis 10 MPa)<\/td>\n<\/tr>\n<tr>\n<td>Parai\u0161kos:<\/td>\n<td>\u012epur\u0161kimo liejimo ma\u0161ina<\/td>\n<\/tr>\n<\/tbody>\n<\/table>\n<div><\/div>\n<div>\n<div class=\"txtboxL\">\n<div class=\"txtboxL\">\n<div class=\"txtboxL\">\n<div class=\"txtboxL\">\n<div class=\"txtboxL\">Savyb\u0117s:<\/div>\n<div class=\"txtboxR\">I\u0161meskite formoje suformuot\u0105 gamin\u012f<\/div>\n<div class=\"txtboxL\">Specifikacija:<\/div>\n<div class=\"txtboxR\">Skyl\u0117s skersmuo: 90 mm ~ 220 mm<br \/>\nStrypo skersmuo: 50 mm ~ 140 mm<br \/>\nEiga \u2264600 mm<\/div>\n<div class=\"txtboxL\">Traukos j\u0117ga:<\/div>\n<div class=\"txtboxR\">Maksimali galia 760 kN<br \/>\n(Skersmuo: 220 mm \/ sl\u0117gis 10 MPa)<\/div>\n<\/div>\n<\/div>\n<\/div>\n<\/div>\n<\/div>\n<h2><strong>Cemento \u012franga <\/strong><strong>Cilindr\u0173 gamykla:<\/strong><\/h2>\n<p><img loading=\"lazy\" decoding=\"async\" class=\"alignnone wp-image-1734 size-full\" src=\"https:\/\/hydraulic-cylinders.net\/wp-content\/uploads\/2023\/10\/cement-equipment-cylinder-1.webp\" alt=\"\" width=\"1418\" height=\"946\" srcset=\"https:\/\/hydraulic-cylinders.net\/wp-content\/uploads\/2023\/10\/cement-equipment-cylinder-1.webp 1418w, https:\/\/hydraulic-cylinders.net\/wp-content\/uploads\/2023\/10\/cement-equipment-cylinder-1-1280x854.webp 1280w, https:\/\/hydraulic-cylinders.net\/wp-content\/uploads\/2023\/10\/cement-equipment-cylinder-1-980x654.webp 980w, https:\/\/hydraulic-cylinders.net\/wp-content\/uploads\/2023\/10\/cement-equipment-cylinder-1-480x320.webp 480w\" sizes=\"(min-width: 0px) and (max-width: 480px) 480px, (min-width: 481px) and (max-width: 980px) 980px, (min-width: 981px) and (max-width: 1280px) 1280px, (min-width: 1281px) 1418px, 100vw\" \/><\/p>\n<h2><strong>\u012epur\u0161kimo liejimo ma\u0161inos i\u0161st\u016bmimo cilindro naudojimo metodas<\/strong><strong>:<\/strong><\/h2>\n<ol>\n<li><strong>\u012erengimas:<\/strong><\/li>\n<\/ol>\n<ul>\n<li>Laikykit\u0117s gamintojo nurodym\u0173, kad \u012fpur\u0161kimo formavimo ma\u0161inos i\u0161st\u016bmimo cilindr\u0105 tvirtai pritvirtintum\u0117te prie \u012fpur\u0161kimo formavimo ma\u0161inos.<\/li>\n<li>U\u017etikrinkite tinkam\u0105 i\u0161lyginim\u0105 ir pritvirtinim\u0105 prie ma\u0161inos i\u0161metimo \u012frenginio, kad i\u0161metimo procesas vykt\u0173 skland\u017eiai.<\/li>\n<\/ul>\n<ol start=\"2\">\n<li><strong>I\u0161st\u016bmimo parametr\u0173 reguliavimas:<\/strong><\/li>\n<\/ol>\n<ul>\n<li>Nor\u0117dami reguliuoti i\u0161metimo parametrus, tokius kaip greitis, j\u0117ga ir eigos ilgis, naudokite \u012frenginio valdymo skydel\u012f arba s\u0105saj\u0105.<\/li>\n<li>Konkre\u010dias gaires, kaip nustatyti tinkamus parametrus pagal detal\u0117s specifikacijas ir formos reikalavimus, rasite ma\u0161inos naudojimo vadove.<\/li>\n<\/ul>\n<ol start=\"3\">\n<li><strong>Pel\u0117sio paruo\u0161imas:<\/strong><\/li>\n<\/ol>\n<ul>\n<li>\u012estatykite form\u0105 \u012f liejimo ma\u0161in\u0105, u\u017etikrindami tinkam\u0105 sulygiavim\u0105 ir tvirtinim\u0105.<\/li>\n<li>Pritvirtinkite i\u0161st\u016bmimo komponentus, tokius kaip i\u0161st\u016bmimo kai\u0161\u010diai arba i\u0161st\u016bmimo plok\u0161t\u0117s, prie formos, u\u017etikrindami saug\u0173 ir patikim\u0105 i\u0161st\u016bmim\u0105.<\/li>\n<\/ul>\n<ol start=\"4\">\n<li><strong>I\u0161metimo procesas:<\/strong><\/li>\n<\/ol>\n<ul>\n<li>Prad\u0117kite i\u0161st\u016bmimo proces\u0105 \u012fjungdami liejimo ma\u0161in\u0105.<\/li>\n<li>Liejimo ma\u0161inos i\u0161st\u016bmimo cilindras greitai i\u0161ple\u010dia i\u0161st\u016bmimo komponentus, i\u0161stumdamas liejamas dalis i\u0161 formos ertm\u0117s.<\/li>\n<li>\u012esitikinkite, kad i\u0161st\u016bmimo eigos ilgis yra sureguliuotas taip, kad dalys b\u016bt\u0173 i\u0161stumtos su norimu atstumu ir nepa\u017eeid\u017eiant j\u0173.<\/li>\n<\/ul>\n<h2><strong>Kaip veikia hidraulinis cilindras?<\/strong><\/h2>\n<p>Hidraulinis cilindras yra mechaninis \u012ftaisas, kuris naudoja hidraulin\u012f skyst\u012f j\u0117gai generuoti ir linijiniam jud\u0117jimui palengvinti. Jis veikia perduodamas sl\u0117g\u012f per u\u017edar\u0105 skyst\u012f, kad b\u016bt\u0173 sukurtas mechaninis veikimas. \u0160tai supaprastintas hidraulinio cilindro veikimo paai\u0161kinimas:<\/p>\n<ol>\n<li><strong>Pagrindiniai komponentai:<\/strong>\n<ul>\n<li>Cilindro cilindras: Pagrindiniame hidraulinio cilindro korpuse yra st\u016bmoklis ir kiti vidiniai komponentai.<\/li>\n<li>St\u016bmoklis: Cilindrinis komponentas, padalijantis cilindro korpus\u0105 \u012f dvi kameras.<\/li>\n<li>St\u016bmoklio kotas: Prijungtas prie st\u016bmoklio, jis t\u0119siasi u\u017e cilindro korpuso rib\u0173 ir perduoda sukuriam\u0105 j\u0117g\u0105.<\/li>\n<li>Sandarikliai apsaugo nuo hidraulinio skys\u010dio nuot\u0117kio tarp st\u016bmoklio ir cilindro korpuso, u\u017etikrindami efektyv\u0173 veikim\u0105.<\/li>\n<\/ul>\n<\/li>\n<li><strong>Hidraulin\u0117 sistema:<\/strong>\n<ul>\n<li>Hidraulin\u0119 sistem\u0105 sudaro siurblys, valdymo vo\u017etuvai, hidraulinis skystis (da\u017eniausiai alyva) ir jungiamieji vamzd\u017eiai.<\/li>\n<li>Hidraulinis siurblys sl\u0117gina skyst\u012f, sukurdamas hidraulin\u0119 energij\u0105, kuri gali b\u016bti naudojama j\u0117gai generuoti.<\/li>\n<\/ul>\n<\/li>\n<li><strong>Dvi r\u016bmai:<\/strong>\n<ul>\n<li>Hidraulinis cilindras turi dvi kameras: strypo pus\u0119 (arba sl\u0117gio pus\u0119) ir prie\u0161ing\u0105 pus\u0119 (arba gr\u012f\u017etam\u0105j\u0105 pus\u0119).<\/li>\n<li>St\u016bmoklio pus\u0117 prijungta prie hidraulinio siurblio, o prie\u0161inga \u2013 prie rezervuaro arba gr\u012f\u017etamosios linijos.<\/li>\n<\/ul>\n<\/li>\n<li><strong>Operacija:<\/strong>\n<ul>\n<li>Kai hidraulinis skystis pumpuojamas \u012f strypo \u0161onin\u0119 kamer\u0105, jis spaud\u017eia st\u016bmokl\u012f, tod\u0117l \u0161is juda \u012f i\u0161or\u0119.<\/li>\n<li>St\u016bmokliui judant, jis stumia stryp\u0105, sukurdamas linijin\u0119 j\u0117g\u0105.<\/li>\n<li>Tuo pa\u010diu metu hidraulinis skystis i\u0161 prie\u0161ingos pus\u0117s kameros gr\u012f\u017eta \u012f rezervuar\u0105 arba per gr\u012f\u017etam\u0105j\u0105 linij\u0105.<\/li>\n<\/ul>\n<\/li>\n<li><strong>Krypties valdymas:<\/strong>\n<ul>\n<li>Hidraulinio cilindro jud\u0117jimo kryptis valdoma kryptiniais valdymo vo\u017etuvais.<\/li>\n<li>\u0160ie vo\u017etuvai reguliuoja hidraulinio skys\u010dio sraut\u0105 \u012f atitinkam\u0105 kamer\u0105, nustatydami st\u016bmoklio jud\u0117jimo krypt\u012f.<\/li>\n<\/ul>\n<\/li>\n<li><strong>J\u0117gos ir grei\u010dio valdymas:<\/strong>\n<ul>\n<li>Hidraulinio cilindro sukuriama j\u0117ga priklauso nuo hidraulinio sl\u0117gio ir st\u016bmoklio efektyvaus ploto.<\/li>\n<li>Reguliuojant hidraulin\u012f sl\u0117g\u012f, galima valdyti j\u0117gos i\u0161vest\u012f.<\/li>\n<li>Cilindro jud\u0117jimo greit\u012f galima reguliuoti kei\u010diant hidraulinio skys\u010dio sraut\u0105 \u012f cilindr\u0105 arba i\u0161 jo.<\/li>\n<\/ul>\n<\/li>\n<li><strong>Parai\u0161kos:<\/strong>\n<ul>\n<li>Hidrauliniai cilindrai naudojami \u012fvairiose srityse, kurioms reikalinga linijin\u0117 j\u0117ga ir jud\u0117jimas, pavyzd\u017eiui, statybin\u0117je \u012frangoje, med\u017eiag\u0173 tvarkymo ma\u0161inose, gamybos sistemose ir transporto priemon\u0117se.<\/li>\n<li>Jie da\u017eniausiai naudojami k\u0117limo, st\u016bmimo, traukimo, lenkimo ir pad\u0117ties nustatymo srityse.<\/li>\n<\/ul>\n<\/li>\n<\/ol>\n<h2><strong>Gamyklos paj\u0117gumai ir talpa:<\/strong><\/h2>\n<h3>(1) Surinkimas<\/h3>\n<p>Turime pirmos klas\u0117s nepriklausom\u0105 tyrim\u0173 ir pl\u0117tros surinkimo platform\u0105. Hidraulini\u0173 cilindr\u0173 gamybos ceche yra keturios pusiau automatin\u0117s k\u0117limo cilindr\u0173 surinkimo linijos ir viena automatin\u0117 pakreipimo cilindr\u0173 surinkimo linija, kuri\u0173 projektinis metinis gamybos paj\u0117gumas yra 1 milijonas vienet\u0173. Speciali\u0173j\u0173 cilindr\u0173 ceche \u012frengta \u012fvairi\u0173 specifikacij\u0173 pusiau automatin\u0117 valymo surinkimo sistema, kurios projektinis metinis gamybos paj\u0117gumas yra 200 000 vienet\u0173, ir garsi CNC apdirbimo \u012franga, apdirbimo centras, didelio tikslumo cilindr\u0173 apdirbimo speciali \u012franga, robotinis suvirinimo aparatas, automatinis valymo aparatas, automatinis cilindr\u0173 surinkimo aparatas ir automatin\u0117 da\u017eymo gamybos linija. Esama daugiau nei 300 rinkini\u0173 (komplekt\u0173) kritin\u0117 \u012franga. Optimalus \u012frangos i\u0161tekli\u0173 paskirstymas ir efektyvus naudojimas u\u017etikrina gamini\u0173 tikslumo reikalavimus ir auk\u0161tus gamini\u0173 kokyb\u0117s poreikius.<\/p>\n<p><img loading=\"lazy\" decoding=\"async\" class=\"alignnone wp-image-626\" src=\"https:\/\/hydraulic-cylinders.net\/wp-content\/uploads\/2023\/08\/hydraulic-cylinder-product-1-300x158.webp\" alt=\"\" width=\"495\" height=\"260\" srcset=\"https:\/\/hydraulic-cylinders.net\/wp-content\/uploads\/2023\/08\/hydraulic-cylinder-product-1-300x158.webp 495w, https:\/\/hydraulic-cylinders.net\/wp-content\/uploads\/2023\/08\/hydraulic-cylinder-product-1-480x252.webp 480w\" sizes=\"(min-width: 0px) and (max-width: 480px) 480px, (min-width: 481px) 495px, 100vw\" \/> <img loading=\"lazy\" decoding=\"async\" class=\"alignnone wp-image-627\" src=\"https:\/\/hydraulic-cylinders.net\/wp-content\/uploads\/2023\/08\/hydraulic-cylinder-product-2-300x189.webp\" alt=\"\" width=\"413\" height=\"260\" \/><\/p>\n<h3>(2) Apdirbimas<\/h3>\n<p>Mechaninio apdirbimo ceche \u012frengtas pritaikytas nuo\u017eulnaus b\u0117gio tekinimo centras, apdirbimo centras, greitaeigis galandimo stakl\u0117s, suvirinimo robotas ir kita susijusi \u012franga, galinti apdirbti cilindrinius vamzd\u017eius, kuri\u0173 maksimalus vidinis skersmuo yra 400 mm, o maksimalus ilgis \u2013 6 metrai.<\/p>\n<p><img loading=\"lazy\" decoding=\"async\" class=\"alignnone wp-image-628 size-large\" src=\"https:\/\/hydraulic-cylinders.net\/wp-content\/uploads\/2023\/08\/hydraulic-cylinder-product-3-1024x391.webp\" alt=\"\" width=\"1024\" height=\"391\" srcset=\"https:\/\/hydraulic-cylinders.net\/wp-content\/uploads\/2023\/08\/hydraulic-cylinder-product-3-980x374.webp 980w, https:\/\/hydraulic-cylinders.net\/wp-content\/uploads\/2023\/08\/hydraulic-cylinder-product-3-480x183.webp 480w\" sizes=\"(min-width: 0px) and (max-width: 480px) 480px, (min-width: 481px) and (max-width: 980px) 980px, (min-width: 981px) 1024px, 100vw\" \/><\/p>\n<h3>(3) Suvirinimas<\/h3>\n<p><img loading=\"lazy\" decoding=\"async\" class=\"alignnone wp-image-629 size-large\" src=\"https:\/\/hydraulic-cylinders.net\/wp-content\/uploads\/2023\/08\/hydraulic-cylinder-product-4-1024x510.webp\" alt=\"\" width=\"1024\" height=\"510\" srcset=\"https:\/\/hydraulic-cylinders.net\/wp-content\/uploads\/2023\/08\/hydraulic-cylinder-product-4-980x488.webp 980w, https:\/\/hydraulic-cylinders.net\/wp-content\/uploads\/2023\/08\/hydraulic-cylinder-product-4-480x239.webp 480w\" sizes=\"(min-width: 0px) and (max-width: 480px) 480px, (min-width: 481px) and (max-width: 980px) 980px, (min-width: 981px) 1024px, 100vw\" \/><\/p>\n<h3>(4) Da\u017eymas ir dengimas<\/h3>\n<p>Su ma\u017eomis ir vidutinio dyd\u017eio cilindrin\u0117mis automatin\u0117mis vandens pagrindo da\u017e\u0173 dengimo linijomis, siekiant automatinio robot\u0173 pakrovimo ir i\u0161krovimo bei automatinio pur\u0161kimo, projektinis paj\u0117gumas yra 4000 vienet\u0173 per pamain\u0105;<br \/>\nTaip pat turime pusiau automatin\u0119 dideli\u0173 cilindr\u0173 da\u017e\u0173 gamybos linij\u0105, varom\u0105 grandin\u0117s, kurios projektinis na\u0161umas yra 60 d\u0117\u017ei\u0173 per pamain\u0105.<\/p>\n<p><img loading=\"lazy\" decoding=\"async\" class=\"alignnone wp-image-630\" src=\"https:\/\/hydraulic-cylinders.net\/wp-content\/uploads\/2023\/08\/hydraulic-cylinder-product-5-300x213.webp\" alt=\"\" width=\"366\" height=\"260\" \/> <img loading=\"lazy\" decoding=\"async\" class=\"alignnone wp-image-631\" src=\"https:\/\/hydraulic-cylinders.net\/wp-content\/uploads\/2023\/08\/hydraulic-cylinder-product-6-300x225.webp\" alt=\"\" width=\"347\" height=\"260\" \/><\/p>\n<h3>(5) Testavimas<\/h3>\n<p>Turime auk\u0161\u010diausios klas\u0117s patikros patalpas ir bandym\u0173 stendus, kad u\u017etikrintume, jog baliono veikimas atitinka reikalavimus.<\/p>\n<p><img loading=\"lazy\" decoding=\"async\" class=\"alignnone wp-image-632\" src=\"https:\/\/hydraulic-cylinders.net\/wp-content\/uploads\/2023\/08\/hydraulic-cylinder-product-8-300x200.webp\" alt=\"\" width=\"389\" height=\"260\" \/><\/p>\n<p>&nbsp;<\/p>\n<p>&nbsp;<\/p>\n<p>Esame vienas geriausi\u0173 hidraulini\u0173 cilindr\u0173 gamintoj\u0173. Galime pasi\u016blyti i\u0161samius hidraulinius cilindrus. Taip pat teikiame atitinkamus <a href=\"https:\/\/hzpt.com\/agricultural-pto-gearbox\/\" target=\"_blank\" rel=\"noopener\">\u017eem\u0117s \u016bkio pavar\u0173 d\u0117\u017e\u0117s<\/a>Mes eksportuojame savo gaminius klientams visame pasaulyje ir peln\u0117me ger\u0105 reputacij\u0105 d\u0117l auk\u0161\u010diausios gamini\u0173 kokyb\u0117s ir aptarnavimo po pardavimo. Mes laukiame klient\u0173 \u0161alyje ir u\u017esienyje, norin\u010di\u0173 susisiekti su mumis der\u0117tis d\u0117l verslo, keistis informacija ir... <a href=\"https:\/\/www.hydraulic-cylinders.net\/lt\/contact-us\/\">bendradarbiauti su mumis<\/a>!<\/p>","protected":false},"excerpt":{"rendered":"<p>Injection Molding Machine Ejection Cylinder The injection molding machine ejection cylinder is a vital component in the plastic injection molding process, designed to improve efficiency and precision by facilitating the ejection of molded parts from the mold cavity. This specialized cylinder plays a crucial role in the final stage of the injection molding cycle, ensuring [&hellip;]<\/p>","protected":false},"featured_media":1745,"comment_status":"open","ping_status":"closed","template":"","meta":{"_et_pb_use_builder":"","_et_pb_old_content":"","_et_gb_content_width":""},"product_brand":[],"product_cat":[1523,1549,1376],"product_tag":[1380],"class_list":{"0":"post-1742","1":"product","2":"type-product","3":"status-publish","4":"has-post-thumbnail","6":"product_cat-injection-molding-hydraulic-cylinders","7":"product_cat-single-acting-hydraulic-cylinder","8":"product_cat-hydraulic-cylinder","9":"product_tag-hydraulic-cylinder","11":"first","12":"instock","13":"shipping-taxable","14":"product-type-simple"},"amp_enabled":true,"_links":{"self":[{"href":"https:\/\/www.hydraulic-cylinders.net\/lt\/wp-json\/wp\/v2\/product\/1742","targetHints":{"allow":["GET"]}}],"collection":[{"href":"https:\/\/www.hydraulic-cylinders.net\/lt\/wp-json\/wp\/v2\/product"}],"about":[{"href":"https:\/\/www.hydraulic-cylinders.net\/lt\/wp-json\/wp\/v2\/types\/product"}],"replies":[{"embeddable":true,"href":"https:\/\/www.hydraulic-cylinders.net\/lt\/wp-json\/wp\/v2\/comments?post=1742"}],"wp:featuredmedia":[{"embeddable":true,"href":"https:\/\/www.hydraulic-cylinders.net\/lt\/wp-json\/wp\/v2\/media\/1745"}],"wp:attachment":[{"href":"https:\/\/www.hydraulic-cylinders.net\/lt\/wp-json\/wp\/v2\/media?parent=1742"}],"wp:term":[{"taxonomy":"product_brand","embeddable":true,"href":"https:\/\/www.hydraulic-cylinders.net\/lt\/wp-json\/wp\/v2\/product_brand?post=1742"},{"taxonomy":"product_cat","embeddable":true,"href":"https:\/\/www.hydraulic-cylinders.net\/lt\/wp-json\/wp\/v2\/product_cat?post=1742"},{"taxonomy":"product_tag","embeddable":true,"href":"https:\/\/www.hydraulic-cylinders.net\/lt\/wp-json\/wp\/v2\/product_tag?post=1742"}],"curies":[{"name":"wp","href":"https:\/\/api.w.org\/{rel}","templated":true}]}}